{"id":39609,"date":"2025-04-09T06:41:47","date_gmt":"2025-04-09T12:41:47","guid":{"rendered":"https:\/\/www.mexicanguitarplayers.com\/tienda\/sin categor\u00eda\/fuente-akg-de-poder-mod-psu-4000\/"},"modified":"2026-04-10T04:21:07","modified_gmt":"2026-04-10T10:21:07","slug":"fuente-akg-de-poder-mod-psu-4000","status":"publish","type":"product","link":"https:\/\/www.mexicanguitarplayers.com\/en\/tienda\/accesorios\/varios\/fuente-akg-de-poder-mod-psu-4000\/","title":{"rendered":"FUENTE AKG DE PODER  MOD. PSU-4000"},"content":{"rendered":"<div style=\"text-align: justify\">\n<div>\n<h3>Grandes sistemas de alimentaci\u00f3n de AKG.<\/h3>\n<\/div>\n<div>Sistema de alimentaci\u00f3n para hasta 12 SR450, SR4000 o m\u00e1s receptores a trav\u00e9s de tres antenas PS4000W,  o tres cargadores CU4000. Tambi\u00e9n alimenta el concentrador de red amplificador de aud\u00edfonos  HPA4000Q. La fuente de alimentaci\u00f3n ser\u00e1 una fuente de alimentaci\u00f3n central con una case de metal, completando con un kit de montura en rack para utilizar con el sistema inal\u00e1mbrico WMS4000. La fuente de alimentaci\u00f3n central proporciona un interruptor on\/off, leds de status, jack de salida DC con seguros para alimentar hasta tres divisores PS4000W,  receptores 12 SE4000 o SR450 y un sistema de antena. Cada salida DC tambi\u00e9n ser\u00e1 capaz de alimentar un cargador CU4000, amplificador de aud\u00edfonos HPA4000 o un HUB4000Q Ethernet.<\/div>\n<div>\n<h4>Quick look<\/h4>\n<\/div>\n<ul style=\"margin: 0px 0px 0px 25px\">\n<li style=\"list-style-type: circle;margin: 5px\">Sistemas.<\/li>\n<li style=\"list-style-type: circle;margin: 5px\">Proporciona.<\/li>\n<li style=\"list-style-type: circle;margin: 5px\">Cargador.<\/li>\n<\/ul>\n<div>\n<div style=\"font-weight: bold\">Sistemas.<\/div>\n<div>\n<p>Sistema de alimentaci\u00f3n para hasta 12 SR450, SR4000 o m\u00e1s receptores a trav\u00e9s de tres antenas PS4000. Tambi\u00e9n alimenta el concentrador de red amplificador de aud\u00edfonos  HPA4000Q.<\/p>\n<\/div>\n<div style=\"font-weight: bold\">Proporciona.<\/div>\n<div>\n<p>Proporciona un interruptor On\/Off, leds de status, jack de salida DC con seguros.<\/p>\n<\/div>\n<div style=\"font-weight: bold\">Cargador.<\/div>\n<div>\n<p>Cada salida DC tambi\u00e9n ser\u00e1 capaz de alimentar un cargador CU4000.<\/p>\n<\/div>\n<\/div>\n<\/div>","protected":false},"excerpt":{"rendered":"<p>Fuente AKG. Modelo: PSU-4000. Sistema de alimentaci\u00f3n para hasta 12 SR450, SR4000 o m\u00e1s receptores a trav\u00e9s de tres antenas PS4000. Tambi\u00e9n alimenta el concentrador de red amplificador de aud\u00edfonos  HPA4000Q. Proporciona un interruptor On\/Off, leds de status, jack de salida DC con seguros. Cada salida DC tambi\u00e9n ser\u00e1 capaz de alimentar un cargador CU4000, amplificador de aud\u00edfonos HPA4000.&hellip; <a class=\"kt-excerpt-readmore more-link\" href=\"https:\/\/www.mexicanguitarplayers.com\/en\/tienda\/accesorios\/varios\/fuente-akg-de-poder-mod-psu-4000\/\">Read more<\/a><\/p>","protected":false},"featured_media":39608,"comment_status":"open","ping_status":"closed","template":"","meta":{"kt_blocks_editor_width":""},"pwb-brand":[528],"product_brand":[],"product_cat":[85,410,249],"product_tag":[],"class_list":{"0":"post-39609","1":"product","2":"type-product","3":"status-publish","4":"has-post-thumbnail","6":"pwb-brand-akg","7":"product_cat-accesorios","8":"product_cat-para-audio","9":"product_cat-varios","10":"product_shipping_class-0-5-kg","12":"first","13":"instock","14":"taxable","15":"shipping-taxable","16":"purchasable","17":"product-type-simple"},"yoast_head":"<!-- This site is optimized with the Yoast SEO plugin v27.5 - https:\/\/yoast.com\/product\/yoast-seo-wordpress\/ -->\n<title>FUENTE AKG DE PODER MOD. PSU-4000 - Mexican Guitar Players<\/title>\n<meta name=\"description\" content=\"Fuente AKG. Modelo: PSU-4000. Sistema de alimentaci\u00f3n para hasta 12 SR450, SR4000 o m\u00e1s receptores a trav\u00e9s de tres antenas PS4000. Tambi\u00e9n alimenta el concentrador de red amplificador de aud\u00edfonos HPA4000Q. Proporciona un interruptor On\/Off, leds de status, jack de salida DC con seguros. Cada salida DC tambi\u00e9n ser\u00e1 capaz de alimentar un cargador CU4000, amplificador de aud\u00edfonos HPA4000.\" \/>\n<meta name=\"robots\" content=\"index, follow, max-snippet:-1, max-image-preview:large, max-video-preview:-1\" \/>\n<link rel=\"canonical\" href=\"https:\/\/www.mexicanguitarplayers.com\/en\/tienda\/sin%20categor\u00eda\/fuente-akg-de-poder-mod-psu-4000\/\" \/>\n<meta property=\"og:locale\" content=\"en_US\" \/>\n<meta property=\"og:type\" content=\"article\" \/>\n<meta property=\"og:title\" content=\"FUENTE AKG DE PODER MOD. PSU-4000 - Mexican Guitar Players\" \/>\n<meta property=\"og:description\" content=\"Fuente AKG. Modelo: PSU-4000. Sistema de alimentaci\u00f3n para hasta 12 SR450, SR4000 o m\u00e1s receptores a trav\u00e9s de tres antenas PS4000. Tambi\u00e9n alimenta el concentrador de red amplificador de aud\u00edfonos HPA4000Q. Proporciona un interruptor On\/Off, leds de status, jack de salida DC con seguros. Cada salida DC tambi\u00e9n ser\u00e1 capaz de alimentar un cargador CU4000, amplificador de aud\u00edfonos HPA4000.\" \/>\n<meta property=\"og:url\" content=\"https:\/\/www.mexicanguitarplayers.com\/en\/tienda\/sin categor\u00eda\/fuente-akg-de-poder-mod-psu-4000\/\" \/>\n<meta property=\"og:site_name\" content=\"Mexican Guitar Players\" \/>\n<meta property=\"article:modified_time\" content=\"2026-04-10T10:21:07+00:00\" \/>\n<meta name=\"twitter:card\" content=\"summary_large_image\" \/>\n<meta name=\"twitter:label1\" content=\"Est. reading time\" \/>\n\t<meta name=\"twitter:data1\" content=\"1 minute\" \/>\n<script type=\"application\/ld+json\" class=\"yoast-schema-graph\">{\"@context\":\"https:\\\/\\\/schema.org\",\"@graph\":[{\"@type\":[\"WebPage\",\"ItemPage\"],\"@id\":\"https:\\\/\\\/www.mexicanguitarplayers.com\\\/tienda\\\/sin categor\u00eda\\\/fuente-akg-de-poder-mod-psu-4000\\\/\",\"url\":\"https:\\\/\\\/www.mexicanguitarplayers.com\\\/tienda\\\/sin categor\u00eda\\\/fuente-akg-de-poder-mod-psu-4000\\\/\",\"name\":\"FUENTE AKG DE PODER MOD. PSU-4000 - Mexican Guitar Players\",\"isPartOf\":{\"@id\":\"https:\\\/\\\/www.mexicanguitarplayers.com\\\/#website\"},\"primaryImageOfPage\":{\"@id\":\"https:\\\/\\\/www.mexicanguitarplayers.com\\\/tienda\\\/sin categor\u00eda\\\/fuente-akg-de-poder-mod-psu-4000\\\/#primaryimage\"},\"image\":{\"@id\":\"https:\\\/\\\/www.mexicanguitarplayers.com\\\/tienda\\\/sin categor\u00eda\\\/fuente-akg-de-poder-mod-psu-4000\\\/#primaryimage\"},\"thumbnailUrl\":\"https:\\\/\\\/www.mexicanguitarplayers.com\\\/wp-content\\\/uploads\\\/2025\\\/04\\\/VAAKGPSU4000.jpg\",\"datePublished\":\"2025-04-09T12:41:47+00:00\",\"dateModified\":\"2026-04-10T10:21:07+00:00\",\"description\":\"Fuente AKG. Modelo: PSU-4000. Sistema de alimentaci\u00f3n para hasta 12 SR450, SR4000 o m\u00e1s receptores a trav\u00e9s de tres antenas PS4000. Tambi\u00e9n alimenta el concentrador de red amplificador de aud\u00edfonos HPA4000Q. Proporciona un interruptor On\\\/Off, leds de status, jack de salida DC con seguros. Cada salida DC tambi\u00e9n ser\u00e1 capaz de alimentar un cargador CU4000, amplificador de aud\u00edfonos HPA4000.\",\"breadcrumb\":{\"@id\":\"https:\\\/\\\/www.mexicanguitarplayers.com\\\/tienda\\\/sin categor\u00eda\\\/fuente-akg-de-poder-mod-psu-4000\\\/#breadcrumb\"},\"inLanguage\":\"en-US\",\"potentialAction\":[{\"@type\":\"ReadAction\",\"target\":[\"https:\\\/\\\/www.mexicanguitarplayers.com\\\/tienda\\\/sin categor\u00eda\\\/fuente-akg-de-poder-mod-psu-4000\\\/\"]}]},{\"@type\":\"ImageObject\",\"inLanguage\":\"en-US\",\"@id\":\"https:\\\/\\\/www.mexicanguitarplayers.com\\\/tienda\\\/sin categor\u00eda\\\/fuente-akg-de-poder-mod-psu-4000\\\/#primaryimage\",\"url\":\"https:\\\/\\\/www.mexicanguitarplayers.com\\\/wp-content\\\/uploads\\\/2025\\\/04\\\/VAAKGPSU4000.jpg\",\"contentUrl\":\"https:\\\/\\\/www.mexicanguitarplayers.com\\\/wp-content\\\/uploads\\\/2025\\\/04\\\/VAAKGPSU4000.jpg\",\"width\":1200,\"height\":1200},{\"@type\":\"BreadcrumbList\",\"@id\":\"https:\\\/\\\/www.mexicanguitarplayers.com\\\/tienda\\\/sin categor\u00eda\\\/fuente-akg-de-poder-mod-psu-4000\\\/#breadcrumb\",\"itemListElement\":[{\"@type\":\"ListItem\",\"position\":1,\"name\":\"Portada\",\"item\":\"https:\\\/\\\/www.mexicanguitarplayers.com\\\/\"},{\"@type\":\"ListItem\",\"position\":2,\"name\":\"Tienda\",\"item\":\"https:\\\/\\\/www.mexicanguitarplayers.com\\\/tienda\\\/\"},{\"@type\":\"ListItem\",\"position\":3,\"name\":\"FUENTE AKG DE PODER MOD. PSU-4000\"}]},{\"@type\":\"WebSite\",\"@id\":\"https:\\\/\\\/www.mexicanguitarplayers.com\\\/#website\",\"url\":\"https:\\\/\\\/www.mexicanguitarplayers.com\\\/\",\"name\":\"Mexican Guitar Players\",\"description\":\"Website\",\"publisher\":{\"@id\":\"https:\\\/\\\/www.mexicanguitarplayers.com\\\/#organization\"},\"potentialAction\":[{\"@type\":\"SearchAction\",\"target\":{\"@type\":\"EntryPoint\",\"urlTemplate\":\"https:\\\/\\\/www.mexicanguitarplayers.com\\\/?s={search_term_string}\"},\"query-input\":{\"@type\":\"PropertyValueSpecification\",\"valueRequired\":true,\"valueName\":\"search_term_string\"}}],\"inLanguage\":\"en-US\"},{\"@type\":\"Organization\",\"@id\":\"https:\\\/\\\/www.mexicanguitarplayers.com\\\/#organization\",\"name\":\"Mexican Guitar Players\",\"url\":\"https:\\\/\\\/www.mexicanguitarplayers.com\\\/\",\"logo\":{\"@type\":\"ImageObject\",\"inLanguage\":\"en-US\",\"@id\":\"https:\\\/\\\/www.mexicanguitarplayers.com\\\/#\\\/schema\\\/logo\\\/image\\\/\",\"url\":\"\",\"contentUrl\":\"\",\"caption\":\"Mexican Guitar Players\"},\"image\":{\"@id\":\"https:\\\/\\\/www.mexicanguitarplayers.com\\\/#\\\/schema\\\/logo\\\/image\\\/\"}}]}<\/script>\n<!-- \/ Yoast SEO plugin. -->","yoast_head_json":{"title":"FUENTE AKG DE PODER MOD. PSU-4000 - Mexican Guitar Players","description":"Fuente AKG. Modelo: PSU-4000. Sistema de alimentaci\u00f3n para hasta 12 SR450, SR4000 o m\u00e1s receptores a trav\u00e9s de tres antenas PS4000. Tambi\u00e9n alimenta el concentrador de red amplificador de aud\u00edfonos HPA4000Q. Proporciona un interruptor On\/Off, leds de status, jack de salida DC con seguros. Cada salida DC tambi\u00e9n ser\u00e1 capaz de alimentar un cargador CU4000, amplificador de aud\u00edfonos HPA4000.","robots":{"index":"index","follow":"follow","max-snippet":"max-snippet:-1","max-image-preview":"max-image-preview:large","max-video-preview":"max-video-preview:-1"},"canonical":"https:\/\/www.mexicanguitarplayers.com\/en\/tienda\/sin categor\u00eda\/fuente-akg-de-poder-mod-psu-4000\/","og_locale":"en_US","og_type":"article","og_title":"FUENTE AKG DE PODER MOD. PSU-4000 - Mexican Guitar Players","og_description":"Fuente AKG. Modelo: PSU-4000. Sistema de alimentaci\u00f3n para hasta 12 SR450, SR4000 o m\u00e1s receptores a trav\u00e9s de tres antenas PS4000. Tambi\u00e9n alimenta el concentrador de red amplificador de aud\u00edfonos HPA4000Q. Proporciona un interruptor On\/Off, leds de status, jack de salida DC con seguros. Cada salida DC tambi\u00e9n ser\u00e1 capaz de alimentar un cargador CU4000, amplificador de aud\u00edfonos HPA4000.","og_url":"https:\/\/www.mexicanguitarplayers.com\/en\/tienda\/sin categor\u00eda\/fuente-akg-de-poder-mod-psu-4000\/","og_site_name":"Mexican Guitar Players","article_modified_time":"2026-04-10T10:21:07+00:00","twitter_card":"summary_large_image","twitter_misc":{"Est. reading time":"1 minute"},"schema":{"@context":"https:\/\/schema.org","@graph":[{"@type":["WebPage","ItemPage"],"@id":"https:\/\/www.mexicanguitarplayers.com\/tienda\/sin categor\u00eda\/fuente-akg-de-poder-mod-psu-4000\/","url":"https:\/\/www.mexicanguitarplayers.com\/tienda\/sin categor\u00eda\/fuente-akg-de-poder-mod-psu-4000\/","name":"FUENTE AKG DE PODER MOD. PSU-4000 - Mexican Guitar Players","isPartOf":{"@id":"https:\/\/www.mexicanguitarplayers.com\/#website"},"primaryImageOfPage":{"@id":"https:\/\/www.mexicanguitarplayers.com\/tienda\/sin categor\u00eda\/fuente-akg-de-poder-mod-psu-4000\/#primaryimage"},"image":{"@id":"https:\/\/www.mexicanguitarplayers.com\/tienda\/sin categor\u00eda\/fuente-akg-de-poder-mod-psu-4000\/#primaryimage"},"thumbnailUrl":"https:\/\/www.mexicanguitarplayers.com\/wp-content\/uploads\/2025\/04\/VAAKGPSU4000.jpg","datePublished":"2025-04-09T12:41:47+00:00","dateModified":"2026-04-10T10:21:07+00:00","description":"Fuente AKG. Modelo: PSU-4000. Sistema de alimentaci\u00f3n para hasta 12 SR450, SR4000 o m\u00e1s receptores a trav\u00e9s de tres antenas PS4000. Tambi\u00e9n alimenta el concentrador de red amplificador de aud\u00edfonos HPA4000Q. Proporciona un interruptor On\/Off, leds de status, jack de salida DC con seguros. Cada salida DC tambi\u00e9n ser\u00e1 capaz de alimentar un cargador CU4000, amplificador de aud\u00edfonos HPA4000.","breadcrumb":{"@id":"https:\/\/www.mexicanguitarplayers.com\/tienda\/sin categor\u00eda\/fuente-akg-de-poder-mod-psu-4000\/#breadcrumb"},"inLanguage":"en-US","potentialAction":[{"@type":"ReadAction","target":["https:\/\/www.mexicanguitarplayers.com\/tienda\/sin categor\u00eda\/fuente-akg-de-poder-mod-psu-4000\/"]}]},{"@type":"ImageObject","inLanguage":"en-US","@id":"https:\/\/www.mexicanguitarplayers.com\/tienda\/sin categor\u00eda\/fuente-akg-de-poder-mod-psu-4000\/#primaryimage","url":"https:\/\/www.mexicanguitarplayers.com\/wp-content\/uploads\/2025\/04\/VAAKGPSU4000.jpg","contentUrl":"https:\/\/www.mexicanguitarplayers.com\/wp-content\/uploads\/2025\/04\/VAAKGPSU4000.jpg","width":1200,"height":1200},{"@type":"BreadcrumbList","@id":"https:\/\/www.mexicanguitarplayers.com\/tienda\/sin categor\u00eda\/fuente-akg-de-poder-mod-psu-4000\/#breadcrumb","itemListElement":[{"@type":"ListItem","position":1,"name":"Portada","item":"https:\/\/www.mexicanguitarplayers.com\/"},{"@type":"ListItem","position":2,"name":"Tienda","item":"https:\/\/www.mexicanguitarplayers.com\/tienda\/"},{"@type":"ListItem","position":3,"name":"FUENTE AKG DE PODER MOD. PSU-4000"}]},{"@type":"WebSite","@id":"https:\/\/www.mexicanguitarplayers.com\/#website","url":"https:\/\/www.mexicanguitarplayers.com\/","name":"Mexican Guitar Players","description":"Website","publisher":{"@id":"https:\/\/www.mexicanguitarplayers.com\/#organization"},"potentialAction":[{"@type":"SearchAction","target":{"@type":"EntryPoint","urlTemplate":"https:\/\/www.mexicanguitarplayers.com\/?s={search_term_string}"},"query-input":{"@type":"PropertyValueSpecification","valueRequired":true,"valueName":"search_term_string"}}],"inLanguage":"en-US"},{"@type":"Organization","@id":"https:\/\/www.mexicanguitarplayers.com\/#organization","name":"Mexican Guitar Players","url":"https:\/\/www.mexicanguitarplayers.com\/","logo":{"@type":"ImageObject","inLanguage":"en-US","@id":"https:\/\/www.mexicanguitarplayers.com\/#\/schema\/logo\/image\/","url":"","contentUrl":"","caption":"Mexican Guitar Players"},"image":{"@id":"https:\/\/www.mexicanguitarplayers.com\/#\/schema\/logo\/image\/"}}]}},"brands":[{"id":528,"name":"AKG","slug":"akg"}],"_links":{"self":[{"href":"https:\/\/www.mexicanguitarplayers.com\/en\/wp-json\/wp\/v2\/product\/39609","targetHints":{"allow":["GET"]}}],"collection":[{"href":"https:\/\/www.mexicanguitarplayers.com\/en\/wp-json\/wp\/v2\/product"}],"about":[{"href":"https:\/\/www.mexicanguitarplayers.com\/en\/wp-json\/wp\/v2\/types\/product"}],"replies":[{"embeddable":true,"href":"https:\/\/www.mexicanguitarplayers.com\/en\/wp-json\/wp\/v2\/comments?post=39609"}],"wp:featuredmedia":[{"embeddable":true,"href":"https:\/\/www.mexicanguitarplayers.com\/en\/wp-json\/wp\/v2\/media\/39608"}],"wp:attachment":[{"href":"https:\/\/www.mexicanguitarplayers.com\/en\/wp-json\/wp\/v2\/media?parent=39609"}],"wp:term":[{"taxonomy":"pwb-brand","embeddable":true,"href":"https:\/\/www.mexicanguitarplayers.com\/en\/wp-json\/wp\/v2\/pwb-brand?post=39609"},{"taxonomy":"product_brand","embeddable":true,"href":"https:\/\/www.mexicanguitarplayers.com\/en\/wp-json\/wp\/v2\/product_brand?post=39609"},{"taxonomy":"product_cat","embeddable":true,"href":"https:\/\/www.mexicanguitarplayers.com\/en\/wp-json\/wp\/v2\/product_cat?post=39609"},{"taxonomy":"product_tag","embeddable":true,"href":"https:\/\/www.mexicanguitarplayers.com\/en\/wp-json\/wp\/v2\/product_tag?post=39609"}],"curies":[{"name":"wp","href":"https:\/\/api.w.org\/{rel}","templated":true}]}}