{"id":39614,"date":"2025-04-09T06:41:53","date_gmt":"2025-04-09T12:41:53","guid":{"rendered":"https:\/\/www.mexicanguitarplayers.com\/tienda\/sin categor\u00eda\/bocina-eighteen-sound-8-8mb400-8\/"},"modified":"2026-01-14T04:18:04","modified_gmt":"2026-01-14T10:18:04","slug":"bocina-eighteen-sound-8-8mb400-8","status":"publish","type":"product","link":"https:\/\/www.mexicanguitarplayers.com\/en\/tienda\/audio\/bafles-y-bocinas\/bocinas-y-componentes\/medios\/bocina-eighteen-sound-8-8mb400-8\/","title":{"rendered":"BOCINA EIGHTEEN SOUND  8  8MB400\/8"},"content":{"rendered":"<div style=\"text-align: justify\">\n<div>\n<h3>El perfecto control de tu sonido.<\/h3>\n<\/div>\n<div>El transductor 8MB400 mid-bass se ha desarrollado en respuesta a un requisito espec\u00edfico del mercado para un controlador mid-bass de 8&#8243; pulgadas (200 mm) que combina una excelente linealidad con una buena eficiencia y capacidades de manejo de potencia. Est\u00e1 dise\u00f1ado principalmente para su uso como driver mid-bass en gabinetes compactos reflex de 2 v\u00edas con un driver de compresi\u00f3n de 1&#8243; pulgadas o tweeter, pero como resultado de sus vers\u00e1tiles caracter\u00edsticas, tambi\u00e9n se puede utilizar en sistemas de m\u00faltiples v\u00edas. El cono de papel tratado curvil\u00edneo se forma utilizando una composici\u00f3n \u00fanica de pasta de madera dise\u00f1ada para lograr la mejor rigidez posible. Esto se realiza mediante un envolvente multiroll de poli algod\u00f3n para proporcionar una mayor excursi\u00f3n mientras se controlan los modos de separaci\u00f3n. La bobina m\u00f3vil de alambre de aluminio de 2&#8243; pulgadas (50 mm) emplea la misma tecnolog\u00eda de bobina Interleaved Sandwich (ISV). Est\u00e1 compuesto por un embobinador de fibra de vidrio de alta resistencia que lleva devanados en las superficies interior y exterior para lograr una bobina de masa equilibrada. Esto da lugar a un conjunto de motor extremadamente lineal que junto con el dise\u00f1o altamente avanzado de la estructura magn\u00e9tica, proporciona un alto factor de fuerza o BL. La bobina m\u00f3vil se enfr\u00eda incorporando v\u00edas a\u00e9reas entre la placa posterior del chasis y la placa superior magn\u00e9tica para canalizar el aire caliente lejos de la bobina m\u00f3vil y separarlo y disiparlo.  Las instalaciones internas de FEA\/CAD se han utilizado para optimizar la densidad de flujo y el factor BL dentro del espacio de aire. Debido a la creciente utilizaci\u00f3n de sistemas de sonido en eventos al aire libre, la capacidad del altavoz 8MB400 para funcionar en ambientes h\u00famedos es una caracter\u00edstica clave. Esto se ha logrado mediante un tratamiento de cono exclusivo que hace que el cono sea resistente a la humedad.<\/div>\n<div>\n<h4>Quick look<\/h4>\n<\/div>\n<ul style=\"margin: 0px 0px 0px 25px\">\n<li style=\"list-style-type: circle;margin: 5px\">Di\u00e1metro nominal.<\/li>\n<li style=\"list-style-type: circle;margin: 5px\">Nominal impedance.<\/li>\n<li style=\"list-style-type: circle;margin: 5px\">Power.<\/li>\n<li style=\"list-style-type: circle;margin: 5px\">Sensitivity.<\/li>\n<li style=\"list-style-type: circle;margin: 5px\">Rango de frecuencia.<\/li>\n<li style=\"list-style-type: circle;margin: 5px\">Compresi\u00f3n.<\/li>\n<li style=\"list-style-type: circle;margin: 5px\">Frecuencia m\u00e1xima recomendada.<\/li>\n<li style=\"list-style-type: circle;margin: 5px\">Volumen recomendado del gabinete.<\/li>\n<li style=\"list-style-type: circle;margin: 5px\">Excursi\u00f3n m\u00e1xima pico a pico.<\/li>\n<li style=\"list-style-type: circle;margin: 5px\">Di\u00e1metro de la bobina m\u00f3vil.<\/li>\n<li style=\"list-style-type: circle;margin: 5px\">Material de la bobina m\u00f3vil.<\/li>\n<li style=\"list-style-type: circle;margin: 5px\">Suspensi\u00f3n.<\/li>\n<li style=\"list-style-type: circle;margin: 5px\">Cono.<\/li>\n<li style=\"list-style-type: circle;margin: 5px\">FS (Frecuencia de resonancia).<\/li>\n<li style=\"list-style-type: circle;margin: 5px\">Resistencia DC.<\/li>\n<li style=\"list-style-type: circle;margin: 5px\">SD (Superficie efectiva).<\/li>\n<li style=\"list-style-type: circle;margin: 5px\">QMS (Factor de calidad mec\u00e1nica).<\/li>\n<li style=\"list-style-type: circle;margin: 5px\">QES (Factor de calidad el\u00e9ctrica).<\/li>\n<li style=\"list-style-type: circle;margin: 5px\">QTS (Factor de calidad total).<\/li>\n<li style=\"list-style-type: circle;margin: 5px\">VAS (Volumen de aire equivalente a CMS).<\/li>\n<li style=\"list-style-type: circle;margin: 5px\">MMS (Masa total del cono).<\/li>\n<li style=\"list-style-type: circle;margin: 5px\">Factor BL <\/li>\n<li style=\"list-style-type: circle;margin: 5px\">XMAX (Desplazamiento m\u00e1ximo).<\/li>\n<li style=\"list-style-type: circle;margin: 5px\">Inductancia de la bobina m\u00f3vil (Le @ 1kHz).<\/li>\n<li style=\"list-style-type: circle;margin: 5px\">Referencia de eficiencia 1W\/1m (espacio medio).<\/li>\n<li style=\"list-style-type: circle;margin: 5px\">Di\u00e1metro total.<\/li>\n<li style=\"list-style-type: circle;margin: 5px\">Numero de agujeros de montaje y tornillo.<\/li>\n<li style=\"list-style-type: circle;margin: 5px\">Di\u00e1metro de los agujeros de montaje.<\/li>\n<li style=\"list-style-type: circle;margin: 5px\">Di\u00e1metro del c\u00edrculo del perno.<\/li>\n<li style=\"list-style-type: circle;margin: 5px\">Corte de montaje frontal del bafle.<\/li>\n<li style=\"list-style-type: circle;margin: 5px\">Corte de montaje posterior del bafle.<\/li>\n<li style=\"list-style-type: circle;margin: 5px\">Profundidad total.<\/li>\n<li style=\"list-style-type: circle;margin: 5px\">Espesor de  brida y junta.<\/li>\n<li style=\"list-style-type: circle;margin: 5px\">Weight.<\/li>\n<\/ul>\n<div>\n<div style=\"font-weight: bold\">Di\u00e1metro nominal.<\/div>\n<div>\n<p>8\u201d pulgadas (200 mm).<\/p>\n<\/div>\n<div style=\"font-weight: bold\">Nominal impedance.<\/div>\n<div>\n<p>8 ohms.<\/p>\n<\/div>\n<div style=\"font-weight: bold\">Power.<\/div>\n<div>\n<p>AES: 280 W. Programa: 400 W. Pico: 800 W.<\/p>\n<\/div>\n<div style=\"font-weight: bold\">Sensitivity.<\/div>\n<div>\n<p>95 dB.<\/p>\n<\/div>\n<div style=\"font-weight: bold\">Rango de frecuencia.<\/div>\n<div>\n<p>55 &#8211; 5,200 Hz.<\/p>\n<\/div>\n<div style=\"font-weight: bold\">Compresi\u00f3n.<\/div>\n<div>\n<p>A -10 dB: 0.5 dB. A -3 dB: 1.4 dB. A potencia total: 2.3 dB.<\/p>\n<\/div>\n<div style=\"font-weight: bold\">Frecuencia m\u00e1xima recomendada.<\/div>\n<div>\n<p>3,000 Hz.<\/p>\n<\/div>\n<div style=\"font-weight: bold\">Volumen recomendado del gabinete.<\/div>\n<div>\n<p>10 &#8211; 40 lt. (0.35 &#8211; 1.41 pies c\u00fabicos).<\/p>\n<\/div>\n<div style=\"font-weight: bold\">Excursi\u00f3n m\u00e1xima pico a pico.<\/div>\n<div>\n<p>0.75\u201d pulgadas (19 mm).<\/p>\n<\/div>\n<div style=\"font-weight: bold\">Di\u00e1metro de la bobina m\u00f3vil.<\/div>\n<div>\n<p>2\u201d pulgadas (51 mm).<\/p>\n<\/div>\n<div style=\"font-weight: bold\">Material de la bobina m\u00f3vil.<\/div>\n<div>\n<p>Aluminio.<\/p>\n<\/div>\n<div style=\"font-weight: bold\">Suspensi\u00f3n.<\/div>\n<div>\n<p>Rollo-M, poli algod\u00f3n.<\/p>\n<\/div>\n<div style=\"font-weight: bold\">Cono.<\/div>\n<div>\n<p>Curvil\u00edneo, papel tratado.<\/p>\n<\/div>\n<div style=\"font-weight: bold\">FS (Frecuencia de resonancia).<\/div>\n<div>\n<p>64 Hz.<\/p>\n<\/div>\n<div style=\"font-weight: bold\">Resistencia DC.<\/div>\n<div>\n<p>5 ohms.<\/p>\n<\/div>\n<div style=\"font-weight: bold\">SD (Superficie efectiva).<\/div>\n<div>\n<p>0.0227 sq.mt. (35.19 sq.in.).<\/p>\n<\/div>\n<div style=\"font-weight: bold\">QMS (Factor de calidad mec\u00e1nica).<\/div>\n<div>\n<p>3.23.<\/p>\n<\/div>\n<div style=\"font-weight: bold\">QES (Factor de calidad el\u00e9ctrica).<\/div>\n<div>\n<p>0.43.<\/p>\n<\/div>\n<div style=\"font-weight: bold\">QTS (Factor de calidad total).<\/div>\n<div>\n<p>0.38.<\/p>\n<\/div>\n<div style=\"font-weight: bold\">VAS (Volumen de aire equivalente a CMS).<\/div>\n<div>\n<p>23.9 lt.<\/p>\n<\/div>\n<div style=\"font-weight: bold\">MMS (Masa total del cono).<\/div>\n<div>\n<p>18 gr.<\/p>\n<\/div>\n<div style=\"font-weight: bold\">Factor BL <\/div>\n<div>\n<p>9.3 Tm.<\/p>\n<\/div>\n<div style=\"font-weight: bold\">XMAX (Desplazamiento m\u00e1ximo).<\/div>\n<div>\n<p>\u00b1 5.8 mm (\u00b1 0.23\u201d pulgadas).<\/p>\n<\/div>\n<div style=\"font-weight: bold\">Inductancia de la bobina m\u00f3vil (Le @ 1kHz).<\/div>\n<div>\n<p>0.96 mH.<\/p>\n<\/div>\n<div style=\"font-weight: bold\">Referencia de eficiencia 1W\/1m (espacio medio).<\/div>\n<div>\n<p>93.7 dB.<\/p>\n<\/div>\n<div style=\"font-weight: bold\">Di\u00e1metro total.<\/div>\n<div>\n<p>8.27\u201d pulgadas (210 mm).<\/p>\n<\/div>\n<div style=\"font-weight: bold\">Numero de agujeros de montaje y tornillo.<\/div>\n<div>\n<p>6.<\/p>\n<\/div>\n<div style=\"font-weight: bold\">Di\u00e1metro de los agujeros de montaje.<\/div>\n<div>\n<p>0.23\u201d pulgadas (6 mm).<\/p>\n<\/div>\n<div style=\"font-weight: bold\">Di\u00e1metro del c\u00edrculo del perno.<\/div>\n<div>\n<p>7.68\u201d &#8211; 7.80\u201d pulgadas (195 &#8211; 198 mm).<\/p>\n<\/div>\n<div style=\"font-weight: bold\">Corte de montaje frontal del bafle.<\/div>\n<div>\n<p>\u00d8 7.32\u201d pulgadas (186 mm).<\/p>\n<\/div>\n<div style=\"font-weight: bold\">Corte de montaje posterior del bafle.<\/div>\n<div>\n<p>\u00d8 7.24\u201d pulgadas (184 mm).<\/p>\n<\/div>\n<div style=\"font-weight: bold\">Profundidad total.<\/div>\n<div>\n<p>3.92\u201d pulgadas (99.5 mm).<\/p>\n<\/div>\n<div style=\"font-weight: bold\">Espesor de  brida y junta.<\/div>\n<div>\n<p>0.57\u201d pulgadas (14.5 mm).<\/p>\n<\/div>\n<div style=\"font-weight: bold\">Weight.<\/div>\n<div>\n<p>3.6 kg.<\/p>\n<\/div>\n<\/div>\n<\/div>","protected":false},"excerpt":{"rendered":"<p>Bocina de 8\u201d pulgadas, im\u00e1n de ferrita, disipaci\u00f3n mejorada de calor a trav\u00e9s del dise\u00f1o \u00fanico de canasta, cono protegido contra el clima, ideal para sistemas compactos de dos v\u00edas y sistemas multi v\u00eda, impedancia: 8 ohms, potencia AES: 280 W, programa: 400 W, pico: 800 W, sensibilidad: 95 dB, rango de frecuencia: 55 &#8211; 5,200 Hz, bobina m\u00f3vil de aluminio de 2\u201d pulgadas (51 mm), peso: 3.6 kg.&hellip; <a class=\"kt-excerpt-readmore more-link\" href=\"https:\/\/www.mexicanguitarplayers.com\/en\/tienda\/audio\/bafles-y-bocinas\/bocinas-y-componentes\/medios\/bocina-eighteen-sound-8-8mb400-8\/\">Read more<\/a><\/p>","protected":false},"featured_media":39610,"comment_status":"open","ping_status":"closed","template":"","meta":{"kt_blocks_editor_width":""},"pwb-brand":[533],"product_brand":[],"product_cat":[213,221,474,534],"product_tag":[],"class_list":{"0":"post-39614","1":"product","2":"type-product","3":"status-publish","4":"has-post-thumbnail","6":"pwb-brand-eighteen-sound","7":"product_cat-audio","8":"product_cat-bafles-y-bocinas","9":"product_cat-bocinas-y-componentes","10":"product_cat-medios","11":"product_shipping_class-0-5-kg","13":"first","14":"instock","15":"taxable","16":"shipping-taxable","17":"purchasable","18":"product-type-simple"},"yoast_head":"<!-- This site is optimized with the Yoast SEO plugin v27.3 - https:\/\/yoast.com\/product\/yoast-seo-wordpress\/ -->\n<title>BOCINA EIGHTEEN SOUND 8 8MB400\/8 - Mexican Guitar Players<\/title>\n<meta name=\"description\" content=\"Bocina de 8\u201d pulgadas, im\u00e1n de ferrita, disipaci\u00f3n mejorada de calor a trav\u00e9s del dise\u00f1o \u00fanico de canasta, cono protegido contra el clima, ideal para sistemas compactos de dos v\u00edas y sistemas multi v\u00eda, impedancia: 8 ohms, potencia AES: 280 W, programa: 400 W, pico: 800 W, sensibilidad: 95 dB, rango de frecuencia: 55 - 5,200 Hz, bobina m\u00f3vil de aluminio de 2\u201d pulgadas (51 mm), peso: 3.6 kg.\" \/>\n<meta name=\"robots\" content=\"index, follow, max-snippet:-1, max-image-preview:large, max-video-preview:-1\" \/>\n<link rel=\"canonical\" href=\"https:\/\/www.mexicanguitarplayers.com\/en\/tienda\/sin%20categor\u00eda\/bocina-eighteen-sound-8-8mb400-8\/\" \/>\n<meta property=\"og:locale\" content=\"en_US\" \/>\n<meta property=\"og:type\" content=\"article\" \/>\n<meta property=\"og:title\" content=\"BOCINA EIGHTEEN SOUND 8 8MB400\/8 - Mexican Guitar Players\" \/>\n<meta property=\"og:description\" content=\"Bocina de 8\u201d pulgadas, im\u00e1n de ferrita, disipaci\u00f3n mejorada de calor a trav\u00e9s del dise\u00f1o \u00fanico de canasta, cono protegido contra el clima, ideal para sistemas compactos de dos v\u00edas y sistemas multi v\u00eda, impedancia: 8 ohms, potencia AES: 280 W, programa: 400 W, pico: 800 W, sensibilidad: 95 dB, rango de frecuencia: 55 - 5,200 Hz, bobina m\u00f3vil de aluminio de 2\u201d pulgadas (51 mm), peso: 3.6 kg.\" \/>\n<meta property=\"og:url\" content=\"https:\/\/www.mexicanguitarplayers.com\/en\/tienda\/sin categor\u00eda\/bocina-eighteen-sound-8-8mb400-8\/\" \/>\n<meta property=\"og:site_name\" content=\"Mexican Guitar Players\" \/>\n<meta property=\"article:modified_time\" content=\"2026-01-14T10:18:04+00:00\" \/>\n<meta name=\"twitter:card\" content=\"summary_large_image\" \/>\n<meta name=\"twitter:label1\" content=\"Est. reading time\" \/>\n\t<meta name=\"twitter:data1\" content=\"4 minutes\" \/>\n<script type=\"application\/ld+json\" class=\"yoast-schema-graph\">{\"@context\":\"https:\\\/\\\/schema.org\",\"@graph\":[{\"@type\":[\"WebPage\",\"ItemPage\"],\"@id\":\"https:\\\/\\\/www.mexicanguitarplayers.com\\\/tienda\\\/sin categor\u00eda\\\/bocina-eighteen-sound-8-8mb400-8\\\/\",\"url\":\"https:\\\/\\\/www.mexicanguitarplayers.com\\\/tienda\\\/sin categor\u00eda\\\/bocina-eighteen-sound-8-8mb400-8\\\/\",\"name\":\"BOCINA EIGHTEEN SOUND 8 8MB400\\\/8 - Mexican Guitar Players\",\"isPartOf\":{\"@id\":\"https:\\\/\\\/www.mexicanguitarplayers.com\\\/#website\"},\"primaryImageOfPage\":{\"@id\":\"https:\\\/\\\/www.mexicanguitarplayers.com\\\/tienda\\\/sin categor\u00eda\\\/bocina-eighteen-sound-8-8mb400-8\\\/#primaryimage\"},\"image\":{\"@id\":\"https:\\\/\\\/www.mexicanguitarplayers.com\\\/tienda\\\/sin categor\u00eda\\\/bocina-eighteen-sound-8-8mb400-8\\\/#primaryimage\"},\"thumbnailUrl\":\"https:\\\/\\\/www.mexicanguitarplayers.com\\\/wp-content\\\/uploads\\\/2025\\\/04\\\/IAEIG8MB4008.jpg\",\"datePublished\":\"2025-04-09T12:41:53+00:00\",\"dateModified\":\"2026-01-14T10:18:04+00:00\",\"description\":\"Bocina de 8\u201d pulgadas, im\u00e1n de ferrita, disipaci\u00f3n mejorada de calor a trav\u00e9s del dise\u00f1o \u00fanico de canasta, cono protegido contra el clima, ideal para sistemas compactos de dos v\u00edas y sistemas multi v\u00eda, impedancia: 8 ohms, potencia AES: 280 W, programa: 400 W, pico: 800 W, sensibilidad: 95 dB, rango de frecuencia: 55 - 5,200 Hz, bobina m\u00f3vil de aluminio de 2\u201d pulgadas (51 mm), peso: 3.6 kg.\",\"breadcrumb\":{\"@id\":\"https:\\\/\\\/www.mexicanguitarplayers.com\\\/tienda\\\/sin categor\u00eda\\\/bocina-eighteen-sound-8-8mb400-8\\\/#breadcrumb\"},\"inLanguage\":\"en-US\",\"potentialAction\":[{\"@type\":\"ReadAction\",\"target\":[\"https:\\\/\\\/www.mexicanguitarplayers.com\\\/tienda\\\/sin categor\u00eda\\\/bocina-eighteen-sound-8-8mb400-8\\\/\"]}]},{\"@type\":\"ImageObject\",\"inLanguage\":\"en-US\",\"@id\":\"https:\\\/\\\/www.mexicanguitarplayers.com\\\/tienda\\\/sin categor\u00eda\\\/bocina-eighteen-sound-8-8mb400-8\\\/#primaryimage\",\"url\":\"https:\\\/\\\/www.mexicanguitarplayers.com\\\/wp-content\\\/uploads\\\/2025\\\/04\\\/IAEIG8MB4008.jpg\",\"contentUrl\":\"https:\\\/\\\/www.mexicanguitarplayers.com\\\/wp-content\\\/uploads\\\/2025\\\/04\\\/IAEIG8MB4008.jpg\",\"width\":1200,\"height\":1200},{\"@type\":\"BreadcrumbList\",\"@id\":\"https:\\\/\\\/www.mexicanguitarplayers.com\\\/tienda\\\/sin categor\u00eda\\\/bocina-eighteen-sound-8-8mb400-8\\\/#breadcrumb\",\"itemListElement\":[{\"@type\":\"ListItem\",\"position\":1,\"name\":\"Portada\",\"item\":\"https:\\\/\\\/www.mexicanguitarplayers.com\\\/\"},{\"@type\":\"ListItem\",\"position\":2,\"name\":\"Tienda\",\"item\":\"https:\\\/\\\/www.mexicanguitarplayers.com\\\/tienda\\\/\"},{\"@type\":\"ListItem\",\"position\":3,\"name\":\"BOCINA EIGHTEEN SOUND 8 8MB400\\\/8\"}]},{\"@type\":\"WebSite\",\"@id\":\"https:\\\/\\\/www.mexicanguitarplayers.com\\\/#website\",\"url\":\"https:\\\/\\\/www.mexicanguitarplayers.com\\\/\",\"name\":\"Mexican Guitar Players\",\"description\":\"Website\",\"publisher\":{\"@id\":\"https:\\\/\\\/www.mexicanguitarplayers.com\\\/#organization\"},\"potentialAction\":[{\"@type\":\"SearchAction\",\"target\":{\"@type\":\"EntryPoint\",\"urlTemplate\":\"https:\\\/\\\/www.mexicanguitarplayers.com\\\/?s={search_term_string}\"},\"query-input\":{\"@type\":\"PropertyValueSpecification\",\"valueRequired\":true,\"valueName\":\"search_term_string\"}}],\"inLanguage\":\"en-US\"},{\"@type\":\"Organization\",\"@id\":\"https:\\\/\\\/www.mexicanguitarplayers.com\\\/#organization\",\"name\":\"Mexican Guitar Players\",\"url\":\"https:\\\/\\\/www.mexicanguitarplayers.com\\\/\",\"logo\":{\"@type\":\"ImageObject\",\"inLanguage\":\"en-US\",\"@id\":\"https:\\\/\\\/www.mexicanguitarplayers.com\\\/#\\\/schema\\\/logo\\\/image\\\/\",\"url\":\"\",\"contentUrl\":\"\",\"caption\":\"Mexican Guitar Players\"},\"image\":{\"@id\":\"https:\\\/\\\/www.mexicanguitarplayers.com\\\/#\\\/schema\\\/logo\\\/image\\\/\"}}]}<\/script>\n<!-- \/ Yoast SEO plugin. -->","yoast_head_json":{"title":"BOCINA EIGHTEEN SOUND 8 8MB400\/8 - Mexican Guitar Players","description":"Bocina de 8\u201d pulgadas, im\u00e1n de ferrita, disipaci\u00f3n mejorada de calor a trav\u00e9s del dise\u00f1o \u00fanico de canasta, cono protegido contra el clima, ideal para sistemas compactos de dos v\u00edas y sistemas multi v\u00eda, impedancia: 8 ohms, potencia AES: 280 W, programa: 400 W, pico: 800 W, sensibilidad: 95 dB, rango de frecuencia: 55 - 5,200 Hz, bobina m\u00f3vil de aluminio de 2\u201d pulgadas (51 mm), peso: 3.6 kg.","robots":{"index":"index","follow":"follow","max-snippet":"max-snippet:-1","max-image-preview":"max-image-preview:large","max-video-preview":"max-video-preview:-1"},"canonical":"https:\/\/www.mexicanguitarplayers.com\/en\/tienda\/sin categor\u00eda\/bocina-eighteen-sound-8-8mb400-8\/","og_locale":"en_US","og_type":"article","og_title":"BOCINA EIGHTEEN SOUND 8 8MB400\/8 - Mexican Guitar Players","og_description":"Bocina de 8\u201d pulgadas, im\u00e1n de ferrita, disipaci\u00f3n mejorada de calor a trav\u00e9s del dise\u00f1o \u00fanico de canasta, cono protegido contra el clima, ideal para sistemas compactos de dos v\u00edas y sistemas multi v\u00eda, impedancia: 8 ohms, potencia AES: 280 W, programa: 400 W, pico: 800 W, sensibilidad: 95 dB, rango de frecuencia: 55 - 5,200 Hz, bobina m\u00f3vil de aluminio de 2\u201d pulgadas (51 mm), peso: 3.6 kg.","og_url":"https:\/\/www.mexicanguitarplayers.com\/en\/tienda\/sin categor\u00eda\/bocina-eighteen-sound-8-8mb400-8\/","og_site_name":"Mexican Guitar Players","article_modified_time":"2026-01-14T10:18:04+00:00","twitter_card":"summary_large_image","twitter_misc":{"Est. reading time":"4 minutes"},"schema":{"@context":"https:\/\/schema.org","@graph":[{"@type":["WebPage","ItemPage"],"@id":"https:\/\/www.mexicanguitarplayers.com\/tienda\/sin categor\u00eda\/bocina-eighteen-sound-8-8mb400-8\/","url":"https:\/\/www.mexicanguitarplayers.com\/tienda\/sin categor\u00eda\/bocina-eighteen-sound-8-8mb400-8\/","name":"BOCINA EIGHTEEN SOUND 8 8MB400\/8 - Mexican Guitar Players","isPartOf":{"@id":"https:\/\/www.mexicanguitarplayers.com\/#website"},"primaryImageOfPage":{"@id":"https:\/\/www.mexicanguitarplayers.com\/tienda\/sin categor\u00eda\/bocina-eighteen-sound-8-8mb400-8\/#primaryimage"},"image":{"@id":"https:\/\/www.mexicanguitarplayers.com\/tienda\/sin categor\u00eda\/bocina-eighteen-sound-8-8mb400-8\/#primaryimage"},"thumbnailUrl":"https:\/\/www.mexicanguitarplayers.com\/wp-content\/uploads\/2025\/04\/IAEIG8MB4008.jpg","datePublished":"2025-04-09T12:41:53+00:00","dateModified":"2026-01-14T10:18:04+00:00","description":"Bocina de 8\u201d pulgadas, im\u00e1n de ferrita, disipaci\u00f3n mejorada de calor a trav\u00e9s del dise\u00f1o \u00fanico de canasta, cono protegido contra el clima, ideal para sistemas compactos de dos v\u00edas y sistemas multi v\u00eda, impedancia: 8 ohms, potencia AES: 280 W, programa: 400 W, pico: 800 W, sensibilidad: 95 dB, rango de frecuencia: 55 - 5,200 Hz, bobina m\u00f3vil de aluminio de 2\u201d pulgadas (51 mm), peso: 3.6 kg.","breadcrumb":{"@id":"https:\/\/www.mexicanguitarplayers.com\/tienda\/sin categor\u00eda\/bocina-eighteen-sound-8-8mb400-8\/#breadcrumb"},"inLanguage":"en-US","potentialAction":[{"@type":"ReadAction","target":["https:\/\/www.mexicanguitarplayers.com\/tienda\/sin categor\u00eda\/bocina-eighteen-sound-8-8mb400-8\/"]}]},{"@type":"ImageObject","inLanguage":"en-US","@id":"https:\/\/www.mexicanguitarplayers.com\/tienda\/sin categor\u00eda\/bocina-eighteen-sound-8-8mb400-8\/#primaryimage","url":"https:\/\/www.mexicanguitarplayers.com\/wp-content\/uploads\/2025\/04\/IAEIG8MB4008.jpg","contentUrl":"https:\/\/www.mexicanguitarplayers.com\/wp-content\/uploads\/2025\/04\/IAEIG8MB4008.jpg","width":1200,"height":1200},{"@type":"BreadcrumbList","@id":"https:\/\/www.mexicanguitarplayers.com\/tienda\/sin categor\u00eda\/bocina-eighteen-sound-8-8mb400-8\/#breadcrumb","itemListElement":[{"@type":"ListItem","position":1,"name":"Portada","item":"https:\/\/www.mexicanguitarplayers.com\/"},{"@type":"ListItem","position":2,"name":"Tienda","item":"https:\/\/www.mexicanguitarplayers.com\/tienda\/"},{"@type":"ListItem","position":3,"name":"BOCINA EIGHTEEN SOUND 8 8MB400\/8"}]},{"@type":"WebSite","@id":"https:\/\/www.mexicanguitarplayers.com\/#website","url":"https:\/\/www.mexicanguitarplayers.com\/","name":"Mexican Guitar Players","description":"Website","publisher":{"@id":"https:\/\/www.mexicanguitarplayers.com\/#organization"},"potentialAction":[{"@type":"SearchAction","target":{"@type":"EntryPoint","urlTemplate":"https:\/\/www.mexicanguitarplayers.com\/?s={search_term_string}"},"query-input":{"@type":"PropertyValueSpecification","valueRequired":true,"valueName":"search_term_string"}}],"inLanguage":"en-US"},{"@type":"Organization","@id":"https:\/\/www.mexicanguitarplayers.com\/#organization","name":"Mexican Guitar Players","url":"https:\/\/www.mexicanguitarplayers.com\/","logo":{"@type":"ImageObject","inLanguage":"en-US","@id":"https:\/\/www.mexicanguitarplayers.com\/#\/schema\/logo\/image\/","url":"","contentUrl":"","caption":"Mexican Guitar Players"},"image":{"@id":"https:\/\/www.mexicanguitarplayers.com\/#\/schema\/logo\/image\/"}}]}},"brands":[{"id":533,"name":"EIGHTEEN SOUND","slug":"eighteen-sound"}],"_links":{"self":[{"href":"https:\/\/www.mexicanguitarplayers.com\/en\/wp-json\/wp\/v2\/product\/39614","targetHints":{"allow":["GET"]}}],"collection":[{"href":"https:\/\/www.mexicanguitarplayers.com\/en\/wp-json\/wp\/v2\/product"}],"about":[{"href":"https:\/\/www.mexicanguitarplayers.com\/en\/wp-json\/wp\/v2\/types\/product"}],"replies":[{"embeddable":true,"href":"https:\/\/www.mexicanguitarplayers.com\/en\/wp-json\/wp\/v2\/comments?post=39614"}],"wp:featuredmedia":[{"embeddable":true,"href":"https:\/\/www.mexicanguitarplayers.com\/en\/wp-json\/wp\/v2\/media\/39610"}],"wp:attachment":[{"href":"https:\/\/www.mexicanguitarplayers.com\/en\/wp-json\/wp\/v2\/media?parent=39614"}],"wp:term":[{"taxonomy":"pwb-brand","embeddable":true,"href":"https:\/\/www.mexicanguitarplayers.com\/en\/wp-json\/wp\/v2\/pwb-brand?post=39614"},{"taxonomy":"product_brand","embeddable":true,"href":"https:\/\/www.mexicanguitarplayers.com\/en\/wp-json\/wp\/v2\/product_brand?post=39614"},{"taxonomy":"product_cat","embeddable":true,"href":"https:\/\/www.mexicanguitarplayers.com\/en\/wp-json\/wp\/v2\/product_cat?post=39614"},{"taxonomy":"product_tag","embeddable":true,"href":"https:\/\/www.mexicanguitarplayers.com\/en\/wp-json\/wp\/v2\/product_tag?post=39614"}],"curies":[{"name":"wp","href":"https:\/\/api.w.org\/{rel}","templated":true}]}}