{"id":39616,"date":"2025-04-09T06:41:55","date_gmt":"2025-04-09T12:41:55","guid":{"rendered":"https:\/\/www.mexicanguitarplayers.com\/tienda\/sin categor\u00eda\/bafle-proel-subwoofer-mod-sw118ha\/"},"modified":"2026-04-10T04:21:06","modified_gmt":"2026-04-10T10:21:06","slug":"bafle-proel-subwoofer-mod-sw118ha","status":"publish","type":"product","link":"https:\/\/www.mexicanguitarplayers.com\/en\/tienda\/audio\/bafles-y-bocinas\/bafles\/bafles-activos\/bafle-proel-subwoofer-mod-sw118ha\/","title":{"rendered":"BAFLE PROEL SUBWOOFER  MOD. SW118HA"},"content":{"rendered":"<div style=\"text-align: justify\">\n<div>\n<h3>Subwoofer de alta potencia para aplicaciones en vivo.<\/h3>\n<\/div>\n<div>SW es una gama de tres modelos de subgraves que se pueden combinar con todas las series de altavoces Proel como la serie NET y FLASH. Gracias a la variedad de tama\u00f1o, potencia y SPL, los subgraves SW son la soluci\u00f3n perfecta para la ampliaci\u00f3n en graves de cualquier caja ac\u00fastica full-range de las series mencionadas. Todos los modelos son en configuraci\u00f3n \u201cbandpass\u201d y recintos en madera contrachapada, asas de acero y ruedas robustas para un f\u00e1cil transporte. Con un driver Celestion de 18&#8243; de baja frecuencia, el bafle SW118HA de Proel es un dise\u00f1o activo capaz de suministrar hasta 1kW a trav\u00e9s de un rango de frecuencia de 34 Hz &#8211; 140 Hz. El gabinete se puede recorrer entre 80 Hz o 125 Hz, ofreciendo un SPL m\u00e1ximo de 131 dB a 1m, desde su base de amplificador digital para ofrecer una tecnolog\u00eda poderosa y avanzada. Proel describe  el SW118HA como una unidad comparativamente peque\u00f1a capaz de ofrecer una reproducci\u00f3n de sonido excepcional, gracias a la utilizaci\u00f3n del controlador Celestion que incorpora una bobina m\u00f3vil de 4&#8243; pulgadas. El SW118HA viene completo, con sus propias ruedas traseras de montaje, dise\u00f1adas para que el gabinete de madera de haya de 18 mm tenga una maniobrabilidad sencilla. Cuenta con un peso de 48.5 Kg. y un di\u00e1metro de 59.5 x 71.3 x 81 cm y un terminado con revestimiento anti rasgaduras.<\/div>\n<div>\n<h4>Quick look<\/h4>\n<\/div>\n<ul style=\"margin: 0px 0px 0px 25px\">\n<li style=\"list-style-type: circle;margin: 5px\">Tipo de sistema.<\/li>\n<li style=\"list-style-type: circle;margin: 5px\">Power.<\/li>\n<li style=\"list-style-type: circle;margin: 5px\">Frequency response.<\/li>\n<li style=\"list-style-type: circle;margin: 5px\">Salida m\u00e1xima.<\/li>\n<li style=\"list-style-type: circle;margin: 5px\">Frecuencia de crossover.<\/li>\n<li style=\"list-style-type: circle;margin: 5px\">Tickets.<\/li>\n<li style=\"list-style-type: circle;margin: 5px\">Departures.<\/li>\n<li style=\"list-style-type: circle;margin: 5px\">Construcci\u00f3n.<\/li>\n<li style=\"list-style-type: circle;margin: 5px\">Color del gabinete.<\/li>\n<li style=\"list-style-type: circle;margin: 5px\">Montaje en poste.<\/li>\n<li style=\"list-style-type: circle;margin: 5px\">Weight.<\/li>\n<li style=\"list-style-type: circle;margin: 5px\">Dimensions.<\/li>\n<li style=\"list-style-type: circle;margin: 5px\">Controls<\/li>\n<\/ul>\n<div>\n<div style=\"font-weight: bold\">Tipo de sistema.<\/div>\n<div>\n<p>Woofer de 18&#8243; pulgadas. <\/p>\n<\/div>\n<div style=\"font-weight: bold\">Power.<\/div>\n<div>\n<p>1000 watts RMS. <\/p>\n<\/div>\n<div style=\"font-weight: bold\">Frequency response.<\/div>\n<div>\n<p>34 Hz &#8211; 140 Hz.<\/p>\n<\/div>\n<div style=\"font-weight: bold\">Salida m\u00e1xima.<\/div>\n<div>\n<p>131 dB @ 1m.<\/p>\n<\/div>\n<div style=\"font-weight: bold\">Frecuencia de crossover.<\/div>\n<div>\n<p>80 Hz o 125 Hz.<\/p>\n<\/div>\n<div style=\"font-weight: bold\">Tickets.<\/div>\n<div>\n<p>2 x Neutrik Combo. <\/p>\n<\/div>\n<div style=\"font-weight: bold\">Departures.<\/div>\n<div>\n<p>2 x jack 1\/4&#8221;, 2 x XLR M. Peso: 48.5 Kg. <\/p>\n<\/div>\n<div style=\"font-weight: bold\">Construcci\u00f3n.<\/div>\n<div>\n<p>18 mm contrachapado de haya.<\/p>\n<\/div>\n<div style=\"font-weight: bold\">Color del gabinete.<\/div>\n<div>\n<p>Black.<\/p>\n<\/div>\n<div style=\"font-weight: bold\">Montaje en poste.<\/div>\n<div>\n<p>1 arriba.<\/p>\n<\/div>\n<div style=\"font-weight: bold\">Weight.<\/div>\n<div>\n<p>48.5 Kg.<\/p>\n<\/div>\n<div style=\"font-weight: bold\">Dimensions.<\/div>\n<div>\n<p>59.5 x 71.3 x 81 cm.<\/p>\n<\/div>\n<div style=\"font-weight: bold\">Controls<\/div>\n<div>\n<p>Nivel, GND lift, Frecuencia de filtro, Phase.<\/p>\n<\/div>\n<\/div>\n<div>\n<h4>Characteristics<\/h4>\n<\/div>\n<div>\n<ul style=\"margin: 0px 0px 0px 25px\">\n<li style=\"list-style-type: circle;margin: 5px\">Resistente a los ara\u00f1azos.<\/li>\n<\/ul>\n<\/div>\n<\/div>","protected":false},"excerpt":{"rendered":"<p>Subwoofer activo bandpass, woofer de 18&#8242; pulgadas, 4\u201d VC, potencia continua: 1000 watts, respuesta de frecuencia: 34 Hz &#8211; 140 Hz, frecuencia de crossover: 80 Hz o 125 Hz, conectores de entrada: 2 x Neutrik, conectores de salida combo: 2 x Neutrik XLR macho, conectores link: 2 x Neutrik XLR macho, gabinete de madera de haya de 18 mm, dimensiones: 59.5 x 71.3 x 81 cm, peso: 48.5 kg.&hellip; <a class=\"kt-excerpt-readmore more-link\" href=\"https:\/\/www.mexicanguitarplayers.com\/en\/tienda\/audio\/bafles-y-bocinas\/bafles\/bafles-activos\/bafle-proel-subwoofer-mod-sw118ha\/\">Read more<\/a><\/p>","protected":false},"featured_media":39615,"comment_status":"open","ping_status":"closed","template":"","meta":{"kt_blocks_editor_width":""},"pwb-brand":[252],"product_brand":[],"product_cat":[213,222,472,221],"product_tag":[],"class_list":{"0":"post-39616","1":"product","2":"type-product","3":"status-publish","4":"has-post-thumbnail","6":"pwb-brand-proel","7":"product_cat-audio","8":"product_cat-bafles","9":"product_cat-bafles-activos","10":"product_cat-bafles-y-bocinas","12":"first","13":"outofstock","14":"taxable","15":"shipping-taxable","16":"purchasable","17":"product-type-simple"},"yoast_head":"<!-- This site is optimized with the Yoast SEO plugin v27.5 - https:\/\/yoast.com\/product\/yoast-seo-wordpress\/ -->\n<title>BAFLE PROEL SUBWOOFER MOD. SW118HA - Mexican Guitar Players<\/title>\n<meta name=\"description\" content=\"Subwoofer activo bandpass, woofer de 18&#039; pulgadas, 4\u201d VC, potencia continua: 1000 watts, respuesta de frecuencia: 34 Hz - 140 Hz, frecuencia de crossover: 80 Hz o 125 Hz, conectores de entrada: 2 x Neutrik, conectores de salida combo: 2 x Neutrik XLR macho, conectores link: 2 x Neutrik XLR macho, gabinete de madera de haya de 18 mm, dimensiones: 59.5 x 71.3 x 81 cm, peso: 48.5 kg.\" \/>\n<meta name=\"robots\" content=\"index, follow, max-snippet:-1, max-image-preview:large, max-video-preview:-1\" \/>\n<link rel=\"canonical\" href=\"https:\/\/www.mexicanguitarplayers.com\/en\/tienda\/sin%20categor\u00eda\/bafle-proel-subwoofer-mod-sw118ha\/\" \/>\n<meta property=\"og:locale\" content=\"en_US\" \/>\n<meta property=\"og:type\" content=\"article\" \/>\n<meta property=\"og:title\" content=\"BAFLE PROEL SUBWOOFER MOD. SW118HA - Mexican Guitar Players\" \/>\n<meta property=\"og:description\" content=\"Subwoofer activo bandpass, woofer de 18&#039; pulgadas, 4\u201d VC, potencia continua: 1000 watts, respuesta de frecuencia: 34 Hz - 140 Hz, frecuencia de crossover: 80 Hz o 125 Hz, conectores de entrada: 2 x Neutrik, conectores de salida combo: 2 x Neutrik XLR macho, conectores link: 2 x Neutrik XLR macho, gabinete de madera de haya de 18 mm, dimensiones: 59.5 x 71.3 x 81 cm, peso: 48.5 kg.\" \/>\n<meta property=\"og:url\" content=\"https:\/\/www.mexicanguitarplayers.com\/en\/tienda\/sin categor\u00eda\/bafle-proel-subwoofer-mod-sw118ha\/\" \/>\n<meta property=\"og:site_name\" content=\"Mexican Guitar Players\" \/>\n<meta property=\"article:modified_time\" content=\"2026-04-10T10:21:06+00:00\" \/>\n<meta name=\"twitter:card\" content=\"summary_large_image\" \/>\n<meta name=\"twitter:label1\" content=\"Est. reading time\" \/>\n\t<meta name=\"twitter:data1\" content=\"2 minutes\" \/>\n<script type=\"application\/ld+json\" class=\"yoast-schema-graph\">{\"@context\":\"https:\\\/\\\/schema.org\",\"@graph\":[{\"@type\":[\"WebPage\",\"ItemPage\"],\"@id\":\"https:\\\/\\\/www.mexicanguitarplayers.com\\\/tienda\\\/sin categor\u00eda\\\/bafle-proel-subwoofer-mod-sw118ha\\\/\",\"url\":\"https:\\\/\\\/www.mexicanguitarplayers.com\\\/tienda\\\/sin categor\u00eda\\\/bafle-proel-subwoofer-mod-sw118ha\\\/\",\"name\":\"BAFLE PROEL SUBWOOFER MOD. SW118HA - Mexican Guitar Players\",\"isPartOf\":{\"@id\":\"https:\\\/\\\/www.mexicanguitarplayers.com\\\/#website\"},\"primaryImageOfPage\":{\"@id\":\"https:\\\/\\\/www.mexicanguitarplayers.com\\\/tienda\\\/sin categor\u00eda\\\/bafle-proel-subwoofer-mod-sw118ha\\\/#primaryimage\"},\"image\":{\"@id\":\"https:\\\/\\\/www.mexicanguitarplayers.com\\\/tienda\\\/sin categor\u00eda\\\/bafle-proel-subwoofer-mod-sw118ha\\\/#primaryimage\"},\"thumbnailUrl\":\"https:\\\/\\\/www.mexicanguitarplayers.com\\\/wp-content\\\/uploads\\\/2025\\\/04\\\/IAPRESW118HA.jpg\",\"datePublished\":\"2025-04-09T12:41:55+00:00\",\"dateModified\":\"2026-04-10T10:21:06+00:00\",\"description\":\"Subwoofer activo bandpass, woofer de 18' pulgadas, 4\u201d VC, potencia continua: 1000 watts, respuesta de frecuencia: 34 Hz - 140 Hz, frecuencia de crossover: 80 Hz o 125 Hz, conectores de entrada: 2 x Neutrik, conectores de salida combo: 2 x Neutrik XLR macho, conectores link: 2 x Neutrik XLR macho, gabinete de madera de haya de 18 mm, dimensiones: 59.5 x 71.3 x 81 cm, peso: 48.5 kg.\",\"breadcrumb\":{\"@id\":\"https:\\\/\\\/www.mexicanguitarplayers.com\\\/tienda\\\/sin categor\u00eda\\\/bafle-proel-subwoofer-mod-sw118ha\\\/#breadcrumb\"},\"inLanguage\":\"en-US\",\"potentialAction\":[{\"@type\":\"ReadAction\",\"target\":[\"https:\\\/\\\/www.mexicanguitarplayers.com\\\/tienda\\\/sin categor\u00eda\\\/bafle-proel-subwoofer-mod-sw118ha\\\/\"]}]},{\"@type\":\"ImageObject\",\"inLanguage\":\"en-US\",\"@id\":\"https:\\\/\\\/www.mexicanguitarplayers.com\\\/tienda\\\/sin categor\u00eda\\\/bafle-proel-subwoofer-mod-sw118ha\\\/#primaryimage\",\"url\":\"https:\\\/\\\/www.mexicanguitarplayers.com\\\/wp-content\\\/uploads\\\/2025\\\/04\\\/IAPRESW118HA.jpg\",\"contentUrl\":\"https:\\\/\\\/www.mexicanguitarplayers.com\\\/wp-content\\\/uploads\\\/2025\\\/04\\\/IAPRESW118HA.jpg\",\"width\":1200,\"height\":1200},{\"@type\":\"BreadcrumbList\",\"@id\":\"https:\\\/\\\/www.mexicanguitarplayers.com\\\/tienda\\\/sin categor\u00eda\\\/bafle-proel-subwoofer-mod-sw118ha\\\/#breadcrumb\",\"itemListElement\":[{\"@type\":\"ListItem\",\"position\":1,\"name\":\"Portada\",\"item\":\"https:\\\/\\\/www.mexicanguitarplayers.com\\\/\"},{\"@type\":\"ListItem\",\"position\":2,\"name\":\"Tienda\",\"item\":\"https:\\\/\\\/www.mexicanguitarplayers.com\\\/tienda\\\/\"},{\"@type\":\"ListItem\",\"position\":3,\"name\":\"BAFLE PROEL SUBWOOFER MOD. SW118HA\"}]},{\"@type\":\"WebSite\",\"@id\":\"https:\\\/\\\/www.mexicanguitarplayers.com\\\/#website\",\"url\":\"https:\\\/\\\/www.mexicanguitarplayers.com\\\/\",\"name\":\"Mexican Guitar Players\",\"description\":\"Website\",\"publisher\":{\"@id\":\"https:\\\/\\\/www.mexicanguitarplayers.com\\\/#organization\"},\"potentialAction\":[{\"@type\":\"SearchAction\",\"target\":{\"@type\":\"EntryPoint\",\"urlTemplate\":\"https:\\\/\\\/www.mexicanguitarplayers.com\\\/?s={search_term_string}\"},\"query-input\":{\"@type\":\"PropertyValueSpecification\",\"valueRequired\":true,\"valueName\":\"search_term_string\"}}],\"inLanguage\":\"en-US\"},{\"@type\":\"Organization\",\"@id\":\"https:\\\/\\\/www.mexicanguitarplayers.com\\\/#organization\",\"name\":\"Mexican Guitar Players\",\"url\":\"https:\\\/\\\/www.mexicanguitarplayers.com\\\/\",\"logo\":{\"@type\":\"ImageObject\",\"inLanguage\":\"en-US\",\"@id\":\"https:\\\/\\\/www.mexicanguitarplayers.com\\\/#\\\/schema\\\/logo\\\/image\\\/\",\"url\":\"\",\"contentUrl\":\"\",\"caption\":\"Mexican Guitar Players\"},\"image\":{\"@id\":\"https:\\\/\\\/www.mexicanguitarplayers.com\\\/#\\\/schema\\\/logo\\\/image\\\/\"}}]}<\/script>\n<!-- \/ Yoast SEO plugin. -->","yoast_head_json":{"title":"BAFLE PROEL SUBWOOFER MOD. SW118HA - Mexican Guitar Players","description":"Subwoofer activo bandpass, woofer de 18' pulgadas, 4\u201d VC, potencia continua: 1000 watts, respuesta de frecuencia: 34 Hz - 140 Hz, frecuencia de crossover: 80 Hz o 125 Hz, conectores de entrada: 2 x Neutrik, conectores de salida combo: 2 x Neutrik XLR macho, conectores link: 2 x Neutrik XLR macho, gabinete de madera de haya de 18 mm, dimensiones: 59.5 x 71.3 x 81 cm, peso: 48.5 kg.","robots":{"index":"index","follow":"follow","max-snippet":"max-snippet:-1","max-image-preview":"max-image-preview:large","max-video-preview":"max-video-preview:-1"},"canonical":"https:\/\/www.mexicanguitarplayers.com\/en\/tienda\/sin categor\u00eda\/bafle-proel-subwoofer-mod-sw118ha\/","og_locale":"en_US","og_type":"article","og_title":"BAFLE PROEL SUBWOOFER MOD. SW118HA - Mexican Guitar Players","og_description":"Subwoofer activo bandpass, woofer de 18' pulgadas, 4\u201d VC, potencia continua: 1000 watts, respuesta de frecuencia: 34 Hz - 140 Hz, frecuencia de crossover: 80 Hz o 125 Hz, conectores de entrada: 2 x Neutrik, conectores de salida combo: 2 x Neutrik XLR macho, conectores link: 2 x Neutrik XLR macho, gabinete de madera de haya de 18 mm, dimensiones: 59.5 x 71.3 x 81 cm, peso: 48.5 kg.","og_url":"https:\/\/www.mexicanguitarplayers.com\/en\/tienda\/sin categor\u00eda\/bafle-proel-subwoofer-mod-sw118ha\/","og_site_name":"Mexican Guitar Players","article_modified_time":"2026-04-10T10:21:06+00:00","twitter_card":"summary_large_image","twitter_misc":{"Est. reading time":"2 minutes"},"schema":{"@context":"https:\/\/schema.org","@graph":[{"@type":["WebPage","ItemPage"],"@id":"https:\/\/www.mexicanguitarplayers.com\/tienda\/sin categor\u00eda\/bafle-proel-subwoofer-mod-sw118ha\/","url":"https:\/\/www.mexicanguitarplayers.com\/tienda\/sin categor\u00eda\/bafle-proel-subwoofer-mod-sw118ha\/","name":"BAFLE PROEL SUBWOOFER MOD. SW118HA - Mexican Guitar Players","isPartOf":{"@id":"https:\/\/www.mexicanguitarplayers.com\/#website"},"primaryImageOfPage":{"@id":"https:\/\/www.mexicanguitarplayers.com\/tienda\/sin categor\u00eda\/bafle-proel-subwoofer-mod-sw118ha\/#primaryimage"},"image":{"@id":"https:\/\/www.mexicanguitarplayers.com\/tienda\/sin categor\u00eda\/bafle-proel-subwoofer-mod-sw118ha\/#primaryimage"},"thumbnailUrl":"https:\/\/www.mexicanguitarplayers.com\/wp-content\/uploads\/2025\/04\/IAPRESW118HA.jpg","datePublished":"2025-04-09T12:41:55+00:00","dateModified":"2026-04-10T10:21:06+00:00","description":"Subwoofer activo bandpass, woofer de 18' pulgadas, 4\u201d VC, potencia continua: 1000 watts, respuesta de frecuencia: 34 Hz - 140 Hz, frecuencia de crossover: 80 Hz o 125 Hz, conectores de entrada: 2 x Neutrik, conectores de salida combo: 2 x Neutrik XLR macho, conectores link: 2 x Neutrik XLR macho, gabinete de madera de haya de 18 mm, dimensiones: 59.5 x 71.3 x 81 cm, peso: 48.5 kg.","breadcrumb":{"@id":"https:\/\/www.mexicanguitarplayers.com\/tienda\/sin categor\u00eda\/bafle-proel-subwoofer-mod-sw118ha\/#breadcrumb"},"inLanguage":"en-US","potentialAction":[{"@type":"ReadAction","target":["https:\/\/www.mexicanguitarplayers.com\/tienda\/sin categor\u00eda\/bafle-proel-subwoofer-mod-sw118ha\/"]}]},{"@type":"ImageObject","inLanguage":"en-US","@id":"https:\/\/www.mexicanguitarplayers.com\/tienda\/sin categor\u00eda\/bafle-proel-subwoofer-mod-sw118ha\/#primaryimage","url":"https:\/\/www.mexicanguitarplayers.com\/wp-content\/uploads\/2025\/04\/IAPRESW118HA.jpg","contentUrl":"https:\/\/www.mexicanguitarplayers.com\/wp-content\/uploads\/2025\/04\/IAPRESW118HA.jpg","width":1200,"height":1200},{"@type":"BreadcrumbList","@id":"https:\/\/www.mexicanguitarplayers.com\/tienda\/sin categor\u00eda\/bafle-proel-subwoofer-mod-sw118ha\/#breadcrumb","itemListElement":[{"@type":"ListItem","position":1,"name":"Portada","item":"https:\/\/www.mexicanguitarplayers.com\/"},{"@type":"ListItem","position":2,"name":"Tienda","item":"https:\/\/www.mexicanguitarplayers.com\/tienda\/"},{"@type":"ListItem","position":3,"name":"BAFLE PROEL SUBWOOFER MOD. SW118HA"}]},{"@type":"WebSite","@id":"https:\/\/www.mexicanguitarplayers.com\/#website","url":"https:\/\/www.mexicanguitarplayers.com\/","name":"Mexican Guitar Players","description":"Website","publisher":{"@id":"https:\/\/www.mexicanguitarplayers.com\/#organization"},"potentialAction":[{"@type":"SearchAction","target":{"@type":"EntryPoint","urlTemplate":"https:\/\/www.mexicanguitarplayers.com\/?s={search_term_string}"},"query-input":{"@type":"PropertyValueSpecification","valueRequired":true,"valueName":"search_term_string"}}],"inLanguage":"en-US"},{"@type":"Organization","@id":"https:\/\/www.mexicanguitarplayers.com\/#organization","name":"Mexican Guitar Players","url":"https:\/\/www.mexicanguitarplayers.com\/","logo":{"@type":"ImageObject","inLanguage":"en-US","@id":"https:\/\/www.mexicanguitarplayers.com\/#\/schema\/logo\/image\/","url":"","contentUrl":"","caption":"Mexican Guitar Players"},"image":{"@id":"https:\/\/www.mexicanguitarplayers.com\/#\/schema\/logo\/image\/"}}]}},"brands":[{"id":252,"name":"PROEL","slug":"proel"}],"_links":{"self":[{"href":"https:\/\/www.mexicanguitarplayers.com\/en\/wp-json\/wp\/v2\/product\/39616","targetHints":{"allow":["GET"]}}],"collection":[{"href":"https:\/\/www.mexicanguitarplayers.com\/en\/wp-json\/wp\/v2\/product"}],"about":[{"href":"https:\/\/www.mexicanguitarplayers.com\/en\/wp-json\/wp\/v2\/types\/product"}],"replies":[{"embeddable":true,"href":"https:\/\/www.mexicanguitarplayers.com\/en\/wp-json\/wp\/v2\/comments?post=39616"}],"wp:featuredmedia":[{"embeddable":true,"href":"https:\/\/www.mexicanguitarplayers.com\/en\/wp-json\/wp\/v2\/media\/39615"}],"wp:attachment":[{"href":"https:\/\/www.mexicanguitarplayers.com\/en\/wp-json\/wp\/v2\/media?parent=39616"}],"wp:term":[{"taxonomy":"pwb-brand","embeddable":true,"href":"https:\/\/www.mexicanguitarplayers.com\/en\/wp-json\/wp\/v2\/pwb-brand?post=39616"},{"taxonomy":"product_brand","embeddable":true,"href":"https:\/\/www.mexicanguitarplayers.com\/en\/wp-json\/wp\/v2\/product_brand?post=39616"},{"taxonomy":"product_cat","embeddable":true,"href":"https:\/\/www.mexicanguitarplayers.com\/en\/wp-json\/wp\/v2\/product_cat?post=39616"},{"taxonomy":"product_tag","embeddable":true,"href":"https:\/\/www.mexicanguitarplayers.com\/en\/wp-json\/wp\/v2\/product_tag?post=39616"}],"curies":[{"name":"wp","href":"https:\/\/api.w.org\/{rel}","templated":true}]}}