{"id":39633,"date":"2025-04-09T06:42:53","date_gmt":"2025-04-09T12:42:53","guid":{"rendered":"https:\/\/www.mexicanguitarplayers.com\/tienda\/sin categor\u00eda\/bafle-behringer-p-pa-mod-b215xl\/"},"modified":"2026-04-10T04:21:04","modified_gmt":"2026-04-10T10:21:04","slug":"bafle-behringer-p-pa-mod-b215xl","status":"publish","type":"product","link":"https:\/\/www.mexicanguitarplayers.com\/en\/tienda\/audio\/bafles-y-bocinas\/bafles\/bafles-pasivos\/bafle-behringer-p-pa-mod-b215xl\/","title":{"rendered":"BAFLE BEHRINGER P\/PA MOD. B215XL"},"content":{"rendered":"<div style=\"text-align: justify\">\n<div>\n<h3>Poder y fidelidad a bajo costo.<\/h3>\n<\/div>\n<div>Los bafles EUROLIVE B215XL son exactamente lo que esperas de Behringer, una capacidad m\u00e1xima de potencia de 1000 watts y dem\u00e1s caracter\u00edsticas que lo hacen absolutamente m\u00e1s asequible. Y gracias a su potente driver de compresi\u00f3n de alta frecuencia de diafragma de titanio de 1.75&#8243; pulgadas y su woofer de larga excursi\u00f3n de 15&#8243; pulgadas, adem\u00e1s de circuitos integrados de protecci\u00f3n contra sobrecargas, llegan listos para usarse, con tan s\u00f3lo sacarlos de su caja. Estos altavoces profesionales est\u00e1n destinados a convertirse en leyendas por derecho propio, junto con los otros modelos de EUROLIVE, que han hecho de Behringer el l\u00edder mundial en altavoces. Transductores personalizados. Nuestros transductores est\u00e1s espec\u00edficamente dise\u00f1ados para cada aplicaci\u00f3n, esto es lo que nos diferencia de la competencia. Cuando compras un altavoz de Behringer, puedes estar seguro de que los transductores en su interior han sido dise\u00f1ados para funcionar perfectamente en conjunto con todos los dem\u00e1s elementos, para ofrecer resultados verdaderamente profesionales. Los sistemas de altavoces B215XL ofrecen cantidades masivas graves, con medios articulados y agudos cristalinos.<\/div>\n<div>\n<h4>Quick look<\/h4>\n<\/div>\n<ul style=\"margin: 0px 0px 0px 25px\">\n<li style=\"list-style-type: circle;margin: 5px\">System Specifications.<\/li>\n<li style=\"list-style-type: circle;margin: 5px\">Rango de frecuencia,<\/li>\n<li style=\"list-style-type: circle;margin: 5px\">Manejo de potencia.<\/li>\n<li style=\"list-style-type: circle;margin: 5px\">Impedance.<\/li>\n<li style=\"list-style-type: circle;margin: 5px\">Sensitivity.<\/li>\n<li style=\"list-style-type: circle;margin: 5px\">Dispersi\u00f3n.<\/li>\n<li style=\"list-style-type: circle;margin: 5px\">Frecuencia de crossover.<\/li>\n<li style=\"list-style-type: circle;margin: 5px\">Dimensions.<\/li>\n<li style=\"list-style-type: circle;margin: 5px\">Weight.<\/li>\n<\/ul>\n<div>\n<div style=\"font-weight: bold\">System Specifications.<\/div>\n<div>\n<p>Woofer de alto rendimiento: 15&#8243; pulgadas (381 mm). Driver de compresi\u00f3n de alta frecuencia: 1.75&#8243; pulgadas (44 mm).<\/p>\n<\/div>\n<div style=\"font-weight: bold\">Rango de frecuencia,<\/div>\n<div>\n<p>55 Hz a 20 kHz.<\/p>\n<\/div>\n<div style=\"font-weight: bold\">Manejo de potencia.<\/div>\n<div>\n<p>Continuo: 250 watts. Pico: 1000 watts.<\/p>\n<\/div>\n<div style=\"font-weight: bold\">Impedance.<\/div>\n<div>\n<p>8 ohms.<\/p>\n<\/div>\n<div style=\"font-weight: bold\">Sensitivity.<\/div>\n<div>\n<p>96 dB (espacio completo).<\/p>\n<\/div>\n<div style=\"font-weight: bold\">Dispersi\u00f3n.<\/div>\n<div>\n<p>70\u00ba x 40\u00ba.<\/p>\n<\/div>\n<div style=\"font-weight: bold\">Frecuencia de crossover.<\/div>\n<div>\n<p>2 kHz.<\/p>\n<\/div>\n<div style=\"font-weight: bold\">Dimensions.<\/div>\n<div>\n<p>695 x 440 x 335 mm.<\/p>\n<\/div>\n<div style=\"font-weight: bold\">Weight.<\/div>\n<div>\n<p>17.6 kg.<\/p>\n<\/div>\n<\/div>\n<\/div>","protected":false},"excerpt":{"rendered":"<p>Bafle pasivo de 2 v\u00edas con potencia de 250 watts continuos y 1000 watts pico, woofer de 15\u201d pulgadas y driver de compresi\u00f3n de titanio de 1.75\u201d pulgadas, ideal para refuerzo sonoro para aplicaciones en vivo y reproducci\u00f3n, sistema ultra compacto y ligero que ofrece un sonido excelente incluso a niveles extremos de presi\u00f3n ac\u00fastica, graves incre\u00edblemente profundos y gran potencia ac\u00fastica, excepcional reproducci\u00f3n de agudos, trompeta exponencial de gran formato de dispersi\u00f3n ultra amplia, circuito de protecci\u00f3n contra sobrecargas que garantiza una \u00f3ptima protecci\u00f3n del driver HF, dise\u00f1o de carcasa trapezoidal que permite diferentes posiciones: montaje en poste con polo de 35 mm e inclinado en el costado para usarse como monitor de piso, asas ergon\u00f3micas para un f\u00e1cil transporte y configuraci\u00f3n, 2 conectores profesionales de altavoz m\u00e1s conectores jack de 1\/4\u201d, dimensiones: 695 x 440 x 335 mm, peso: 17.6 kg.&hellip; <a class=\"kt-excerpt-readmore more-link\" href=\"https:\/\/www.mexicanguitarplayers.com\/en\/tienda\/audio\/bafles-y-bocinas\/bafles\/bafles-pasivos\/bafle-behringer-p-pa-mod-b215xl\/\">Read more<\/a><\/p>","protected":false},"featured_media":39629,"comment_status":"open","ping_status":"closed","template":"","meta":{"kt_blocks_editor_width":""},"pwb-brand":[171],"product_brand":[],"product_cat":[213,222,223,221],"product_tag":[],"class_list":{"0":"post-39633","1":"product","2":"type-product","3":"status-publish","4":"has-post-thumbnail","6":"pwb-brand-behringer","7":"product_cat-audio","8":"product_cat-bafles","9":"product_cat-bafles-pasivos","10":"product_cat-bafles-y-bocinas","11":"product_shipping_class-15-20-kg","13":"first","14":"outofstock","15":"taxable","16":"shipping-taxable","17":"purchasable","18":"product-type-simple"},"yoast_head":"<!-- This site is optimized with the Yoast SEO plugin v27.5 - https:\/\/yoast.com\/product\/yoast-seo-wordpress\/ -->\n<title>BAFLE BEHRINGER P\/PA MOD. B215XL - Mexican Guitar Players<\/title>\n<meta name=\"description\" content=\"Bafle pasivo de 2 v\u00edas con potencia de 250 watts continuos y 1000 watts pico, woofer de 15\u201d pulgadas y driver de compresi\u00f3n de titanio de 1.75\u201d pulgadas, ideal para refuerzo sonoro para aplicaciones en vivo y reproducci\u00f3n, sistema ultra compacto y ligero que ofrece un sonido excelente incluso a niveles extremos de presi\u00f3n ac\u00fastica, graves incre\u00edblemente profundos y gran potencia ac\u00fastica, excepcional reproducci\u00f3n de agudos, trompeta exponencial de gran formato de dispersi\u00f3n ultra amplia, circuito de protecci\u00f3n contra sobrecargas que garantiza una \u00f3ptima protecci\u00f3n del driver HF, dise\u00f1o de carcasa trapezoidal que permite diferentes posiciones: montaje en poste con polo de 35 mm e inclinado en el costado para usarse como monitor de piso, asas ergon\u00f3micas para un f\u00e1cil transporte y configuraci\u00f3n, 2 conectores profesionales de altavoz m\u00e1s conectores jack de 1\/4\u201d, dimensiones: 695 x 440 x 335 mm, peso: 17.6 kg.\" \/>\n<meta name=\"robots\" content=\"index, follow, max-snippet:-1, max-image-preview:large, max-video-preview:-1\" \/>\n<link rel=\"canonical\" href=\"https:\/\/www.mexicanguitarplayers.com\/en\/tienda\/sin%20categor\u00eda\/bafle-behringer-p-pa-mod-b215xl\/\" \/>\n<meta property=\"og:locale\" content=\"en_US\" \/>\n<meta property=\"og:type\" content=\"article\" \/>\n<meta property=\"og:title\" content=\"BAFLE BEHRINGER P\/PA MOD. B215XL - Mexican Guitar Players\" \/>\n<meta property=\"og:description\" content=\"Bafle pasivo de 2 v\u00edas con potencia de 250 watts continuos y 1000 watts pico, woofer de 15\u201d pulgadas y driver de compresi\u00f3n de titanio de 1.75\u201d pulgadas, ideal para refuerzo sonoro para aplicaciones en vivo y reproducci\u00f3n, sistema ultra compacto y ligero que ofrece un sonido excelente incluso a niveles extremos de presi\u00f3n ac\u00fastica, graves incre\u00edblemente profundos y gran potencia ac\u00fastica, excepcional reproducci\u00f3n de agudos, trompeta exponencial de gran formato de dispersi\u00f3n ultra amplia, circuito de protecci\u00f3n contra sobrecargas que garantiza una \u00f3ptima protecci\u00f3n del driver HF, dise\u00f1o de carcasa trapezoidal que permite diferentes posiciones: montaje en poste con polo de 35 mm e inclinado en el costado para usarse como monitor de piso, asas ergon\u00f3micas para un f\u00e1cil transporte y configuraci\u00f3n, 2 conectores profesionales de altavoz m\u00e1s conectores jack de 1\/4\u201d, dimensiones: 695 x 440 x 335 mm, peso: 17.6 kg.\" \/>\n<meta property=\"og:url\" content=\"https:\/\/www.mexicanguitarplayers.com\/en\/tienda\/sin categor\u00eda\/bafle-behringer-p-pa-mod-b215xl\/\" \/>\n<meta property=\"og:site_name\" content=\"Mexican Guitar Players\" \/>\n<meta property=\"article:modified_time\" content=\"2026-04-10T10:21:04+00:00\" \/>\n<meta name=\"twitter:card\" content=\"summary_large_image\" \/>\n<meta name=\"twitter:label1\" content=\"Est. reading time\" \/>\n\t<meta name=\"twitter:data1\" content=\"1 minute\" \/>\n<script type=\"application\/ld+json\" class=\"yoast-schema-graph\">{\"@context\":\"https:\\\/\\\/schema.org\",\"@graph\":[{\"@type\":[\"WebPage\",\"ItemPage\"],\"@id\":\"https:\\\/\\\/www.mexicanguitarplayers.com\\\/tienda\\\/sin categor\u00eda\\\/bafle-behringer-p-pa-mod-b215xl\\\/\",\"url\":\"https:\\\/\\\/www.mexicanguitarplayers.com\\\/tienda\\\/sin categor\u00eda\\\/bafle-behringer-p-pa-mod-b215xl\\\/\",\"name\":\"BAFLE BEHRINGER P\\\/PA MOD. B215XL - Mexican Guitar Players\",\"isPartOf\":{\"@id\":\"https:\\\/\\\/www.mexicanguitarplayers.com\\\/#website\"},\"primaryImageOfPage\":{\"@id\":\"https:\\\/\\\/www.mexicanguitarplayers.com\\\/tienda\\\/sin categor\u00eda\\\/bafle-behringer-p-pa-mod-b215xl\\\/#primaryimage\"},\"image\":{\"@id\":\"https:\\\/\\\/www.mexicanguitarplayers.com\\\/tienda\\\/sin categor\u00eda\\\/bafle-behringer-p-pa-mod-b215xl\\\/#primaryimage\"},\"thumbnailUrl\":\"https:\\\/\\\/www.mexicanguitarplayers.com\\\/wp-content\\\/uploads\\\/2025\\\/04\\\/IABEHB215XL.jpg\",\"datePublished\":\"2025-04-09T12:42:53+00:00\",\"dateModified\":\"2026-04-10T10:21:04+00:00\",\"description\":\"Bafle pasivo de 2 v\u00edas con potencia de 250 watts continuos y 1000 watts pico, woofer de 15\u201d pulgadas y driver de compresi\u00f3n de titanio de 1.75\u201d pulgadas, ideal para refuerzo sonoro para aplicaciones en vivo y reproducci\u00f3n, sistema ultra compacto y ligero que ofrece un sonido excelente incluso a niveles extremos de presi\u00f3n ac\u00fastica, graves incre\u00edblemente profundos y gran potencia ac\u00fastica, excepcional reproducci\u00f3n de agudos, trompeta exponencial de gran formato de dispersi\u00f3n ultra amplia, circuito de protecci\u00f3n contra sobrecargas que garantiza una \u00f3ptima protecci\u00f3n del driver HF, dise\u00f1o de carcasa trapezoidal que permite diferentes posiciones: montaje en poste con polo de 35 mm e inclinado en el costado para usarse como monitor de piso, asas ergon\u00f3micas para un f\u00e1cil transporte y configuraci\u00f3n, 2 conectores profesionales de altavoz m\u00e1s conectores jack de 1\\\/4\u201d, dimensiones: 695 x 440 x 335 mm, peso: 17.6 kg.\",\"breadcrumb\":{\"@id\":\"https:\\\/\\\/www.mexicanguitarplayers.com\\\/tienda\\\/sin categor\u00eda\\\/bafle-behringer-p-pa-mod-b215xl\\\/#breadcrumb\"},\"inLanguage\":\"en-US\",\"potentialAction\":[{\"@type\":\"ReadAction\",\"target\":[\"https:\\\/\\\/www.mexicanguitarplayers.com\\\/tienda\\\/sin categor\u00eda\\\/bafle-behringer-p-pa-mod-b215xl\\\/\"]}]},{\"@type\":\"ImageObject\",\"inLanguage\":\"en-US\",\"@id\":\"https:\\\/\\\/www.mexicanguitarplayers.com\\\/tienda\\\/sin categor\u00eda\\\/bafle-behringer-p-pa-mod-b215xl\\\/#primaryimage\",\"url\":\"https:\\\/\\\/www.mexicanguitarplayers.com\\\/wp-content\\\/uploads\\\/2025\\\/04\\\/IABEHB215XL.jpg\",\"contentUrl\":\"https:\\\/\\\/www.mexicanguitarplayers.com\\\/wp-content\\\/uploads\\\/2025\\\/04\\\/IABEHB215XL.jpg\",\"width\":1200,\"height\":1200},{\"@type\":\"BreadcrumbList\",\"@id\":\"https:\\\/\\\/www.mexicanguitarplayers.com\\\/tienda\\\/sin categor\u00eda\\\/bafle-behringer-p-pa-mod-b215xl\\\/#breadcrumb\",\"itemListElement\":[{\"@type\":\"ListItem\",\"position\":1,\"name\":\"Portada\",\"item\":\"https:\\\/\\\/www.mexicanguitarplayers.com\\\/\"},{\"@type\":\"ListItem\",\"position\":2,\"name\":\"Tienda\",\"item\":\"https:\\\/\\\/www.mexicanguitarplayers.com\\\/tienda\\\/\"},{\"@type\":\"ListItem\",\"position\":3,\"name\":\"BAFLE BEHRINGER P\\\/PA MOD. B215XL\"}]},{\"@type\":\"WebSite\",\"@id\":\"https:\\\/\\\/www.mexicanguitarplayers.com\\\/#website\",\"url\":\"https:\\\/\\\/www.mexicanguitarplayers.com\\\/\",\"name\":\"Mexican Guitar Players\",\"description\":\"Website\",\"publisher\":{\"@id\":\"https:\\\/\\\/www.mexicanguitarplayers.com\\\/#organization\"},\"potentialAction\":[{\"@type\":\"SearchAction\",\"target\":{\"@type\":\"EntryPoint\",\"urlTemplate\":\"https:\\\/\\\/www.mexicanguitarplayers.com\\\/?s={search_term_string}\"},\"query-input\":{\"@type\":\"PropertyValueSpecification\",\"valueRequired\":true,\"valueName\":\"search_term_string\"}}],\"inLanguage\":\"en-US\"},{\"@type\":\"Organization\",\"@id\":\"https:\\\/\\\/www.mexicanguitarplayers.com\\\/#organization\",\"name\":\"Mexican Guitar Players\",\"url\":\"https:\\\/\\\/www.mexicanguitarplayers.com\\\/\",\"logo\":{\"@type\":\"ImageObject\",\"inLanguage\":\"en-US\",\"@id\":\"https:\\\/\\\/www.mexicanguitarplayers.com\\\/#\\\/schema\\\/logo\\\/image\\\/\",\"url\":\"\",\"contentUrl\":\"\",\"caption\":\"Mexican Guitar Players\"},\"image\":{\"@id\":\"https:\\\/\\\/www.mexicanguitarplayers.com\\\/#\\\/schema\\\/logo\\\/image\\\/\"}}]}<\/script>\n<!-- \/ Yoast SEO plugin. -->","yoast_head_json":{"title":"BAFLE BEHRINGER P\/PA MOD. B215XL - Mexican Guitar Players","description":"Bafle pasivo de 2 v\u00edas con potencia de 250 watts continuos y 1000 watts pico, woofer de 15\u201d pulgadas y driver de compresi\u00f3n de titanio de 1.75\u201d pulgadas, ideal para refuerzo sonoro para aplicaciones en vivo y reproducci\u00f3n, sistema ultra compacto y ligero que ofrece un sonido excelente incluso a niveles extremos de presi\u00f3n ac\u00fastica, graves incre\u00edblemente profundos y gran potencia ac\u00fastica, excepcional reproducci\u00f3n de agudos, trompeta exponencial de gran formato de dispersi\u00f3n ultra amplia, circuito de protecci\u00f3n contra sobrecargas que garantiza una \u00f3ptima protecci\u00f3n del driver HF, dise\u00f1o de carcasa trapezoidal que permite diferentes posiciones: montaje en poste con polo de 35 mm e inclinado en el costado para usarse como monitor de piso, asas ergon\u00f3micas para un f\u00e1cil transporte y configuraci\u00f3n, 2 conectores profesionales de altavoz m\u00e1s conectores jack de 1\/4\u201d, dimensiones: 695 x 440 x 335 mm, peso: 17.6 kg.","robots":{"index":"index","follow":"follow","max-snippet":"max-snippet:-1","max-image-preview":"max-image-preview:large","max-video-preview":"max-video-preview:-1"},"canonical":"https:\/\/www.mexicanguitarplayers.com\/en\/tienda\/sin categor\u00eda\/bafle-behringer-p-pa-mod-b215xl\/","og_locale":"en_US","og_type":"article","og_title":"BAFLE BEHRINGER P\/PA MOD. B215XL - Mexican Guitar Players","og_description":"Bafle pasivo de 2 v\u00edas con potencia de 250 watts continuos y 1000 watts pico, woofer de 15\u201d pulgadas y driver de compresi\u00f3n de titanio de 1.75\u201d pulgadas, ideal para refuerzo sonoro para aplicaciones en vivo y reproducci\u00f3n, sistema ultra compacto y ligero que ofrece un sonido excelente incluso a niveles extremos de presi\u00f3n ac\u00fastica, graves incre\u00edblemente profundos y gran potencia ac\u00fastica, excepcional reproducci\u00f3n de agudos, trompeta exponencial de gran formato de dispersi\u00f3n ultra amplia, circuito de protecci\u00f3n contra sobrecargas que garantiza una \u00f3ptima protecci\u00f3n del driver HF, dise\u00f1o de carcasa trapezoidal que permite diferentes posiciones: montaje en poste con polo de 35 mm e inclinado en el costado para usarse como monitor de piso, asas ergon\u00f3micas para un f\u00e1cil transporte y configuraci\u00f3n, 2 conectores profesionales de altavoz m\u00e1s conectores jack de 1\/4\u201d, dimensiones: 695 x 440 x 335 mm, peso: 17.6 kg.","og_url":"https:\/\/www.mexicanguitarplayers.com\/en\/tienda\/sin categor\u00eda\/bafle-behringer-p-pa-mod-b215xl\/","og_site_name":"Mexican Guitar Players","article_modified_time":"2026-04-10T10:21:04+00:00","twitter_card":"summary_large_image","twitter_misc":{"Est. reading time":"1 minute"},"schema":{"@context":"https:\/\/schema.org","@graph":[{"@type":["WebPage","ItemPage"],"@id":"https:\/\/www.mexicanguitarplayers.com\/tienda\/sin categor\u00eda\/bafle-behringer-p-pa-mod-b215xl\/","url":"https:\/\/www.mexicanguitarplayers.com\/tienda\/sin categor\u00eda\/bafle-behringer-p-pa-mod-b215xl\/","name":"BAFLE BEHRINGER P\/PA MOD. B215XL - Mexican Guitar Players","isPartOf":{"@id":"https:\/\/www.mexicanguitarplayers.com\/#website"},"primaryImageOfPage":{"@id":"https:\/\/www.mexicanguitarplayers.com\/tienda\/sin categor\u00eda\/bafle-behringer-p-pa-mod-b215xl\/#primaryimage"},"image":{"@id":"https:\/\/www.mexicanguitarplayers.com\/tienda\/sin categor\u00eda\/bafle-behringer-p-pa-mod-b215xl\/#primaryimage"},"thumbnailUrl":"https:\/\/www.mexicanguitarplayers.com\/wp-content\/uploads\/2025\/04\/IABEHB215XL.jpg","datePublished":"2025-04-09T12:42:53+00:00","dateModified":"2026-04-10T10:21:04+00:00","description":"Bafle pasivo de 2 v\u00edas con potencia de 250 watts continuos y 1000 watts pico, woofer de 15\u201d pulgadas y driver de compresi\u00f3n de titanio de 1.75\u201d pulgadas, ideal para refuerzo sonoro para aplicaciones en vivo y reproducci\u00f3n, sistema ultra compacto y ligero que ofrece un sonido excelente incluso a niveles extremos de presi\u00f3n ac\u00fastica, graves incre\u00edblemente profundos y gran potencia ac\u00fastica, excepcional reproducci\u00f3n de agudos, trompeta exponencial de gran formato de dispersi\u00f3n ultra amplia, circuito de protecci\u00f3n contra sobrecargas que garantiza una \u00f3ptima protecci\u00f3n del driver HF, dise\u00f1o de carcasa trapezoidal que permite diferentes posiciones: montaje en poste con polo de 35 mm e inclinado en el costado para usarse como monitor de piso, asas ergon\u00f3micas para un f\u00e1cil transporte y configuraci\u00f3n, 2 conectores profesionales de altavoz m\u00e1s conectores jack de 1\/4\u201d, dimensiones: 695 x 440 x 335 mm, peso: 17.6 kg.","breadcrumb":{"@id":"https:\/\/www.mexicanguitarplayers.com\/tienda\/sin categor\u00eda\/bafle-behringer-p-pa-mod-b215xl\/#breadcrumb"},"inLanguage":"en-US","potentialAction":[{"@type":"ReadAction","target":["https:\/\/www.mexicanguitarplayers.com\/tienda\/sin categor\u00eda\/bafle-behringer-p-pa-mod-b215xl\/"]}]},{"@type":"ImageObject","inLanguage":"en-US","@id":"https:\/\/www.mexicanguitarplayers.com\/tienda\/sin categor\u00eda\/bafle-behringer-p-pa-mod-b215xl\/#primaryimage","url":"https:\/\/www.mexicanguitarplayers.com\/wp-content\/uploads\/2025\/04\/IABEHB215XL.jpg","contentUrl":"https:\/\/www.mexicanguitarplayers.com\/wp-content\/uploads\/2025\/04\/IABEHB215XL.jpg","width":1200,"height":1200},{"@type":"BreadcrumbList","@id":"https:\/\/www.mexicanguitarplayers.com\/tienda\/sin categor\u00eda\/bafle-behringer-p-pa-mod-b215xl\/#breadcrumb","itemListElement":[{"@type":"ListItem","position":1,"name":"Portada","item":"https:\/\/www.mexicanguitarplayers.com\/"},{"@type":"ListItem","position":2,"name":"Tienda","item":"https:\/\/www.mexicanguitarplayers.com\/tienda\/"},{"@type":"ListItem","position":3,"name":"BAFLE BEHRINGER P\/PA MOD. B215XL"}]},{"@type":"WebSite","@id":"https:\/\/www.mexicanguitarplayers.com\/#website","url":"https:\/\/www.mexicanguitarplayers.com\/","name":"Mexican Guitar Players","description":"Website","publisher":{"@id":"https:\/\/www.mexicanguitarplayers.com\/#organization"},"potentialAction":[{"@type":"SearchAction","target":{"@type":"EntryPoint","urlTemplate":"https:\/\/www.mexicanguitarplayers.com\/?s={search_term_string}"},"query-input":{"@type":"PropertyValueSpecification","valueRequired":true,"valueName":"search_term_string"}}],"inLanguage":"en-US"},{"@type":"Organization","@id":"https:\/\/www.mexicanguitarplayers.com\/#organization","name":"Mexican Guitar Players","url":"https:\/\/www.mexicanguitarplayers.com\/","logo":{"@type":"ImageObject","inLanguage":"en-US","@id":"https:\/\/www.mexicanguitarplayers.com\/#\/schema\/logo\/image\/","url":"","contentUrl":"","caption":"Mexican Guitar Players"},"image":{"@id":"https:\/\/www.mexicanguitarplayers.com\/#\/schema\/logo\/image\/"}}]}},"brands":[{"id":171,"name":"BEHRINGER","slug":"behringer"}],"_links":{"self":[{"href":"https:\/\/www.mexicanguitarplayers.com\/en\/wp-json\/wp\/v2\/product\/39633","targetHints":{"allow":["GET"]}}],"collection":[{"href":"https:\/\/www.mexicanguitarplayers.com\/en\/wp-json\/wp\/v2\/product"}],"about":[{"href":"https:\/\/www.mexicanguitarplayers.com\/en\/wp-json\/wp\/v2\/types\/product"}],"replies":[{"embeddable":true,"href":"https:\/\/www.mexicanguitarplayers.com\/en\/wp-json\/wp\/v2\/comments?post=39633"}],"wp:featuredmedia":[{"embeddable":true,"href":"https:\/\/www.mexicanguitarplayers.com\/en\/wp-json\/wp\/v2\/media\/39629"}],"wp:attachment":[{"href":"https:\/\/www.mexicanguitarplayers.com\/en\/wp-json\/wp\/v2\/media?parent=39633"}],"wp:term":[{"taxonomy":"pwb-brand","embeddable":true,"href":"https:\/\/www.mexicanguitarplayers.com\/en\/wp-json\/wp\/v2\/pwb-brand?post=39633"},{"taxonomy":"product_brand","embeddable":true,"href":"https:\/\/www.mexicanguitarplayers.com\/en\/wp-json\/wp\/v2\/product_brand?post=39633"},{"taxonomy":"product_cat","embeddable":true,"href":"https:\/\/www.mexicanguitarplayers.com\/en\/wp-json\/wp\/v2\/product_cat?post=39633"},{"taxonomy":"product_tag","embeddable":true,"href":"https:\/\/www.mexicanguitarplayers.com\/en\/wp-json\/wp\/v2\/product_tag?post=39633"}],"curies":[{"name":"wp","href":"https:\/\/api.w.org\/{rel}","templated":true}]}}