{"id":39649,"date":"2025-04-09T06:43:28","date_gmt":"2025-04-09T12:43:28","guid":{"rendered":"https:\/\/www.mexicanguitarplayers.com\/tienda\/sin categor\u00eda\/bafle-behringer-c-poder-mod-b207mp3\/"},"modified":"2026-04-10T04:21:03","modified_gmt":"2026-04-10T10:21:03","slug":"bafle-behringer-c-poder-mod-b207mp3","status":"publish","type":"product","link":"https:\/\/www.mexicanguitarplayers.com\/en\/tienda\/audio\/bafles-y-bocinas\/bafles\/bafles-activos\/bafle-behringer-c-poder-mod-b207mp3\/","title":{"rendered":"BAFLE BEHRINGER C\/PODER MOD. B207MP3"},"content":{"rendered":"<div style=\"text-align: justify\">\n<div>\n<h3>El secreto del incre\u00edble sonido del B207MP3.<\/h3>\n<\/div>\n<div>Tomamos las cosas que la gente ya amaba de nuestro sistema de altavoces B205D y le dimos un extra, un altavoz m\u00e1s grande y un reproductor MP3 incorporado para que puedas sonar tus canciones favoritas desde una memoria USB. Adem\u00e1s, nuestro nuevo sistema EUROLIVE B207MP3 es tan ligero que puedes montarlo sobre un stand de micr\u00f3fono y apuntarlo directamente hacia tus o\u00eddos, lo que te permitir\u00e1 escuchar como nunca antes. Pero no dejes que este peque\u00f1o te enga\u00f1e, el B207MP3 cuenta con camiones de sonido de alta calidad, m\u00e1s que suficiente para servir como un sistema de PA para tus conciertos \u00edntimos y reuniones y viene lleno de caracter\u00edsticas que simplemente te har\u00e1n estallar. El secreto del incre\u00edble sonido del B207MP3. Gracias a nuestra revolucionaria tecnolog\u00eda de amplificador Clase D y fuentes de alimentaci\u00f3n de conmutaci\u00f3n interna, el B207MP3 suena muy bien y pesan considerablemente menos que la mayor\u00eda de los altavoces activos de la competencia. Ofrecen los 150 watts de potencia m\u00e1s limpios y punzantes que hayas escuchado jam\u00e1s en un altavoz compacto y puedes conectar otros sistemas de altavoces activos a trav\u00e9s de su pr\u00e1ctico conector THRU. Su mezcladora integrada de 4 canales acepta entradas XLR, TRS y RCA, adem\u00e1s el canal 2 dispone de una entrada conmutable para instrumento. Un ecualizador de 3 bandas (Low\/Mid\/High) proporciona un control tonal simple pero efectivo. Pon el sonido donde quieras. Las limitaciones de espacio a menudo hacen imposible colocar monitores de cu\u00f1a de tama\u00f1o completo donde pueden hacer lo mejor y los monitores pasivos requieren muchos amplificadores externos y equipo de procesamiento para funcionar correctamente, si no sabes realmente lo que est\u00e1s haciendo, puedes da\u00f1ar los monitores pasivos aplicando ya sea mucha o muy poca potencia para ellos. Con el B207MP3 hemos eliminado todas las conjeturas, dando a cada altavoz su propio amplificador de Clase D de 150 watts espec\u00edficamente dise\u00f1ado como el compa\u00f1ero perfecto para el driver de neodimio de 6.5&#8243; pulgadas.<\/div>\n<div>\n<h4>Quick look<\/h4>\n<\/div>\n<ul style=\"margin: 0px 0px 0px 25px\">\n<li style=\"list-style-type: circle;margin: 5px\">Amplifier.<\/li>\n<li style=\"list-style-type: circle;margin: 5px\">Speaker.<\/li>\n<li style=\"list-style-type: circle;margin: 5px\">Audio inputs.<\/li>\n<li style=\"list-style-type: circle;margin: 5px\">Datos de sistema del altavoz.<\/li>\n<li style=\"list-style-type: circle;margin: 5px\">Equalizer<\/li>\n<li style=\"list-style-type: circle;margin: 5px\">Power supply.<\/li>\n<li style=\"list-style-type: circle;margin: 5px\">Dimensions.<\/li>\n<li style=\"list-style-type: circle;margin: 5px\">Weight.<\/li>\n<\/ul>\n<div>\n<div style=\"font-weight: bold\">Amplifier.<\/div>\n<div>\n<p>Potencia m\u00e1xima de salida: 150 watts a 6 ohms.Tipo: Clase D.Limitador: \u00d3ptico.Ecualizador din\u00e1mico: Controlado por procesador.<\/p>\n<\/div>\n<div style=\"font-weight: bold\">Speaker.<\/div>\n<div>\n<p>Dimensiones: 6.5\u201d pulgadas (156 mm).<\/p>\n<\/div>\n<div style=\"font-weight: bold\">Audio inputs.<\/div>\n<div>\n<p>Reproductor MP3: USB Tipo A.Sistema de archivos: FAT16, FAT32.Formato: MP3.Bit Rates: 32 &#8211; 320 kbps, VBR.Sample Rates: 8 kHz, 16 kHz, 32 kHz, 11.025 kHz, 22.05 kHz, 44.1 kHz, 12 kHz, 24 kHz, 48 kHz.Canal 1: XLR \/ \u00bc TRS Combo Jacks.Sensibilidad: -40 dBu a +4 dBu.Impedancia de entrada: 20 kohms.Canal 2: XLR \/ \u00bc TRS Combo Jacks.Sensibilidad: -40 dBu a +4 dBu.Impedancia de entrada: 20 kohms \/  1 mohm conmutable.Canal 3: XLR \/ \u00bc TRS Combo Jacks.Sensibilidad: -40 dBu a +4 dBu.Impedancia de entrada: 20 kohms.Canal 4: RCA.Sensibilidad: -10 dBu a +4 dBu.Impedancia de entrada: 10 kohms.Phantom Power.Canales 1, 2 y 3: +48 Volts, conmutable.Control de nivel de canal.Trim de entrada: Infinito a +30 dB.Nivel de entrada m\u00e1ximo: +22 dBu.Link.Conector XLR, Mic\/Line conmutable.Entrada main: XLR \/ \u00bc TRS Combo Jack.<\/p>\n<\/div>\n<div style=\"font-weight: bold\">Datos de sistema del altavoz.<\/div>\n<div>\n<p>Respuesta de frecuencia: 60 Hz a 18 kHz (-10 dB).90 Hz a 12 kHz (-3 dB).SPL m\u00e1ximo: 116 DB SPL @ 1 m.<\/p>\n<\/div>\n<div style=\"font-weight: bold\">Equalizer<\/div>\n<div>\n<p>HIGH: &gt;12 kHz \/ \u00b115 dB.MID: 2.5 kHz \/ \u00b115 dB.LOW: &lt;100 Hz \/ \u00b115 dB.<\/p>\n<\/div>\n<div style=\"font-weight: bold\">Power supply.<\/div>\n<div>\n<p>120V~, 60 Hz (T 3.15 A H 250 V).Consumo m\u00e1ximo de energ\u00eda: 180 watts.Conexi\u00f3n de red: Recept\u00e1culo IEC est\u00e1ndar.<\/p>\n<\/div>\n<div style=\"font-weight: bold\">Dimensions.<\/div>\n<div>\n<p>254 x 356 x 218 mm.<\/p>\n<\/div>\n<div style=\"font-weight: bold\">Weight.<\/div>\n<div>\n<p>5.1 kg.<\/p>\n<\/div>\n<\/div>\n<\/div>","protected":false},"excerpt":{"rendered":"<p>Bafle activo de la serie EUROLIVE, altavoz de gama completa de 6.5\u201d pulgadas, ideal para PA, monitoreo de voces y teclados, multimedia, conferencias de prensa yestudio de grabaci\u00f3n casero, cuenta con reproductor MP3 de alto rendimiento para reproducir archivos a trav\u00e9s de una memoria USB, amplificador con tecnolog\u00eda Clase D que ofrece enorme potencia, incre\u00edble rendimiento s\u00f3nico y un pero s\u00faperligero, mezcladora de 4 canales de ruido ultra bajo con ecualizador de 3 bandas,3 preamps de micr\u00f3fono \u201dinvisibles\u201d con potencia phantom para micr\u00f3fonos de condensador y una entrada lista para instrumento (no requiere DI), entrada est\u00e9reodedicada para teclados, MP3, CD, etc., conector XLR &#8216;through&#8221; con switch mic\/line para linkear m\u00e1s altavoces B207MP3, sistema de integraci\u00f3n para uso con standde micr\u00f3fono con boom, limitador integrado para el control definitivo del sistema y la protecci\u00f3n del altavoz, fuente de alimentaci\u00f3n conmutada interna para audio sin ruidos, respuesta transitoria superior y muy bajo consumo de energ\u00eda, gabinete resistente a los impactos, dimensiones: 254 x 356 x 218 mm, peso: 5.1 kg.&hellip; <a class=\"kt-excerpt-readmore more-link\" href=\"https:\/\/www.mexicanguitarplayers.com\/en\/tienda\/audio\/bafles-y-bocinas\/bafles\/bafles-activos\/bafle-behringer-c-poder-mod-b207mp3\/\">Read more<\/a><\/p>","protected":false},"featured_media":39648,"comment_status":"open","ping_status":"closed","template":"","meta":{"kt_blocks_editor_width":""},"pwb-brand":[171],"product_brand":[],"product_cat":[213,222,472,221],"product_tag":[],"class_list":{"0":"post-39649","1":"product","2":"type-product","3":"status-publish","4":"has-post-thumbnail","6":"pwb-brand-behringer","7":"product_cat-audio","8":"product_cat-bafles","9":"product_cat-bafles-activos","10":"product_cat-bafles-y-bocinas","11":"product_shipping_class-5-10-kg","13":"first","14":"outofstock","15":"taxable","16":"shipping-taxable","17":"purchasable","18":"product-type-simple"},"yoast_head":"<!-- This site is optimized with the Yoast SEO plugin v27.5 - https:\/\/yoast.com\/product\/yoast-seo-wordpress\/ -->\n<title>BAFLE BEHRINGER C\/PODER MOD. B207MP3 - Mexican Guitar Players<\/title>\n<meta name=\"description\" content=\"Bafle activo de la serie EUROLIVE, altavoz de gama completa de 6.5\u201d pulgadas, ideal para PA, monitoreo de voces y teclados, multimedia, conferencias de prensa yestudio de grabaci\u00f3n casero, cuenta con reproductor MP3 de alto rendimiento para reproducir archivos a trav\u00e9s de una memoria USB, amplificador con tecnolog\u00eda Clase D que ofrece enorme potencia, incre\u00edble rendimiento s\u00f3nico y un pero s\u00faperligero, mezcladora de 4 canales de ruido ultra bajo con ecualizador de 3 bandas,3 preamps de micr\u00f3fono \u201dinvisibles\u201d con potencia phantom para micr\u00f3fonos de condensador y una entrada lista para instrumento (no requiere DI), entrada est\u00e9reodedicada para teclados, MP3, CD, etc., conector XLR &#039;through&#039;&#039; con switch mic\/line para linkear m\u00e1s altavoces B207MP3, sistema de integraci\u00f3n para uso con standde micr\u00f3fono con boom, limitador integrado para el control definitivo del sistema y la protecci\u00f3n del altavoz, fuente de alimentaci\u00f3n conmutada interna para audio sin ruidos, respuesta transitoria superior y muy bajo consumo de energ\u00eda, gabinete resistente a los impactos, dimensiones: 254 x 356 x 218 mm, peso: 5.1 kg.\" \/>\n<meta name=\"robots\" content=\"index, follow, max-snippet:-1, max-image-preview:large, max-video-preview:-1\" \/>\n<link rel=\"canonical\" href=\"https:\/\/www.mexicanguitarplayers.com\/en\/tienda\/sin%20categor\u00eda\/bafle-behringer-c-poder-mod-b207mp3\/\" \/>\n<meta property=\"og:locale\" content=\"en_US\" \/>\n<meta property=\"og:type\" content=\"article\" \/>\n<meta property=\"og:title\" content=\"BAFLE BEHRINGER C\/PODER MOD. B207MP3 - Mexican Guitar Players\" \/>\n<meta property=\"og:description\" content=\"Bafle activo de la serie EUROLIVE, altavoz de gama completa de 6.5\u201d pulgadas, ideal para PA, monitoreo de voces y teclados, multimedia, conferencias de prensa yestudio de grabaci\u00f3n casero, cuenta con reproductor MP3 de alto rendimiento para reproducir archivos a trav\u00e9s de una memoria USB, amplificador con tecnolog\u00eda Clase D que ofrece enorme potencia, incre\u00edble rendimiento s\u00f3nico y un pero s\u00faperligero, mezcladora de 4 canales de ruido ultra bajo con ecualizador de 3 bandas,3 preamps de micr\u00f3fono \u201dinvisibles\u201d con potencia phantom para micr\u00f3fonos de condensador y una entrada lista para instrumento (no requiere DI), entrada est\u00e9reodedicada para teclados, MP3, CD, etc., conector XLR &#039;through&#039;&#039; con switch mic\/line para linkear m\u00e1s altavoces B207MP3, sistema de integraci\u00f3n para uso con standde micr\u00f3fono con boom, limitador integrado para el control definitivo del sistema y la protecci\u00f3n del altavoz, fuente de alimentaci\u00f3n conmutada interna para audio sin ruidos, respuesta transitoria superior y muy bajo consumo de energ\u00eda, gabinete resistente a los impactos, dimensiones: 254 x 356 x 218 mm, peso: 5.1 kg.\" \/>\n<meta property=\"og:url\" content=\"https:\/\/www.mexicanguitarplayers.com\/en\/tienda\/sin categor\u00eda\/bafle-behringer-c-poder-mod-b207mp3\/\" \/>\n<meta property=\"og:site_name\" content=\"Mexican Guitar Players\" \/>\n<meta property=\"article:modified_time\" content=\"2026-04-10T10:21:03+00:00\" \/>\n<meta name=\"twitter:card\" content=\"summary_large_image\" \/>\n<meta name=\"twitter:label1\" content=\"Est. reading time\" \/>\n\t<meta name=\"twitter:data1\" content=\"3 minutes\" \/>\n<script type=\"application\/ld+json\" class=\"yoast-schema-graph\">{\"@context\":\"https:\\\/\\\/schema.org\",\"@graph\":[{\"@type\":[\"WebPage\",\"ItemPage\"],\"@id\":\"https:\\\/\\\/www.mexicanguitarplayers.com\\\/tienda\\\/sin categor\u00eda\\\/bafle-behringer-c-poder-mod-b207mp3\\\/\",\"url\":\"https:\\\/\\\/www.mexicanguitarplayers.com\\\/tienda\\\/sin categor\u00eda\\\/bafle-behringer-c-poder-mod-b207mp3\\\/\",\"name\":\"BAFLE BEHRINGER C\\\/PODER MOD. B207MP3 - Mexican Guitar Players\",\"isPartOf\":{\"@id\":\"https:\\\/\\\/www.mexicanguitarplayers.com\\\/#website\"},\"primaryImageOfPage\":{\"@id\":\"https:\\\/\\\/www.mexicanguitarplayers.com\\\/tienda\\\/sin categor\u00eda\\\/bafle-behringer-c-poder-mod-b207mp3\\\/#primaryimage\"},\"image\":{\"@id\":\"https:\\\/\\\/www.mexicanguitarplayers.com\\\/tienda\\\/sin categor\u00eda\\\/bafle-behringer-c-poder-mod-b207mp3\\\/#primaryimage\"},\"thumbnailUrl\":\"https:\\\/\\\/www.mexicanguitarplayers.com\\\/wp-content\\\/uploads\\\/2025\\\/04\\\/IABEHB207MP3.jpg\",\"datePublished\":\"2025-04-09T12:43:28+00:00\",\"dateModified\":\"2026-04-10T10:21:03+00:00\",\"description\":\"Bafle activo de la serie EUROLIVE, altavoz de gama completa de 6.5\u201d pulgadas, ideal para PA, monitoreo de voces y teclados, multimedia, conferencias de prensa yestudio de grabaci\u00f3n casero, cuenta con reproductor MP3 de alto rendimiento para reproducir archivos a trav\u00e9s de una memoria USB, amplificador con tecnolog\u00eda Clase D que ofrece enorme potencia, incre\u00edble rendimiento s\u00f3nico y un pero s\u00faperligero, mezcladora de 4 canales de ruido ultra bajo con ecualizador de 3 bandas,3 preamps de micr\u00f3fono \u201dinvisibles\u201d con potencia phantom para micr\u00f3fonos de condensador y una entrada lista para instrumento (no requiere DI), entrada est\u00e9reodedicada para teclados, MP3, CD, etc., conector XLR 'through'' con switch mic\\\/line para linkear m\u00e1s altavoces B207MP3, sistema de integraci\u00f3n para uso con standde micr\u00f3fono con boom, limitador integrado para el control definitivo del sistema y la protecci\u00f3n del altavoz, fuente de alimentaci\u00f3n conmutada interna para audio sin ruidos, respuesta transitoria superior y muy bajo consumo de energ\u00eda, gabinete resistente a los impactos, dimensiones: 254 x 356 x 218 mm, peso: 5.1 kg.\",\"breadcrumb\":{\"@id\":\"https:\\\/\\\/www.mexicanguitarplayers.com\\\/tienda\\\/sin categor\u00eda\\\/bafle-behringer-c-poder-mod-b207mp3\\\/#breadcrumb\"},\"inLanguage\":\"en-US\",\"potentialAction\":[{\"@type\":\"ReadAction\",\"target\":[\"https:\\\/\\\/www.mexicanguitarplayers.com\\\/tienda\\\/sin categor\u00eda\\\/bafle-behringer-c-poder-mod-b207mp3\\\/\"]}]},{\"@type\":\"ImageObject\",\"inLanguage\":\"en-US\",\"@id\":\"https:\\\/\\\/www.mexicanguitarplayers.com\\\/tienda\\\/sin categor\u00eda\\\/bafle-behringer-c-poder-mod-b207mp3\\\/#primaryimage\",\"url\":\"https:\\\/\\\/www.mexicanguitarplayers.com\\\/wp-content\\\/uploads\\\/2025\\\/04\\\/IABEHB207MP3.jpg\",\"contentUrl\":\"https:\\\/\\\/www.mexicanguitarplayers.com\\\/wp-content\\\/uploads\\\/2025\\\/04\\\/IABEHB207MP3.jpg\",\"width\":1200,\"height\":1200},{\"@type\":\"BreadcrumbList\",\"@id\":\"https:\\\/\\\/www.mexicanguitarplayers.com\\\/tienda\\\/sin categor\u00eda\\\/bafle-behringer-c-poder-mod-b207mp3\\\/#breadcrumb\",\"itemListElement\":[{\"@type\":\"ListItem\",\"position\":1,\"name\":\"Portada\",\"item\":\"https:\\\/\\\/www.mexicanguitarplayers.com\\\/\"},{\"@type\":\"ListItem\",\"position\":2,\"name\":\"Tienda\",\"item\":\"https:\\\/\\\/www.mexicanguitarplayers.com\\\/tienda\\\/\"},{\"@type\":\"ListItem\",\"position\":3,\"name\":\"BAFLE BEHRINGER C\\\/PODER MOD. B207MP3\"}]},{\"@type\":\"WebSite\",\"@id\":\"https:\\\/\\\/www.mexicanguitarplayers.com\\\/#website\",\"url\":\"https:\\\/\\\/www.mexicanguitarplayers.com\\\/\",\"name\":\"Mexican Guitar Players\",\"description\":\"Website\",\"publisher\":{\"@id\":\"https:\\\/\\\/www.mexicanguitarplayers.com\\\/#organization\"},\"potentialAction\":[{\"@type\":\"SearchAction\",\"target\":{\"@type\":\"EntryPoint\",\"urlTemplate\":\"https:\\\/\\\/www.mexicanguitarplayers.com\\\/?s={search_term_string}\"},\"query-input\":{\"@type\":\"PropertyValueSpecification\",\"valueRequired\":true,\"valueName\":\"search_term_string\"}}],\"inLanguage\":\"en-US\"},{\"@type\":\"Organization\",\"@id\":\"https:\\\/\\\/www.mexicanguitarplayers.com\\\/#organization\",\"name\":\"Mexican Guitar Players\",\"url\":\"https:\\\/\\\/www.mexicanguitarplayers.com\\\/\",\"logo\":{\"@type\":\"ImageObject\",\"inLanguage\":\"en-US\",\"@id\":\"https:\\\/\\\/www.mexicanguitarplayers.com\\\/#\\\/schema\\\/logo\\\/image\\\/\",\"url\":\"\",\"contentUrl\":\"\",\"caption\":\"Mexican Guitar Players\"},\"image\":{\"@id\":\"https:\\\/\\\/www.mexicanguitarplayers.com\\\/#\\\/schema\\\/logo\\\/image\\\/\"}}]}<\/script>\n<!-- \/ Yoast SEO plugin. -->","yoast_head_json":{"title":"BAFLE BEHRINGER C\/PODER MOD. B207MP3 - Mexican Guitar Players","description":"Bafle activo de la serie EUROLIVE, altavoz de gama completa de 6.5\u201d pulgadas, ideal para PA, monitoreo de voces y teclados, multimedia, conferencias de prensa yestudio de grabaci\u00f3n casero, cuenta con reproductor MP3 de alto rendimiento para reproducir archivos a trav\u00e9s de una memoria USB, amplificador con tecnolog\u00eda Clase D que ofrece enorme potencia, incre\u00edble rendimiento s\u00f3nico y un pero s\u00faperligero, mezcladora de 4 canales de ruido ultra bajo con ecualizador de 3 bandas,3 preamps de micr\u00f3fono \u201dinvisibles\u201d con potencia phantom para micr\u00f3fonos de condensador y una entrada lista para instrumento (no requiere DI), entrada est\u00e9reodedicada para teclados, MP3, CD, etc., conector XLR 'through'' con switch mic\/line para linkear m\u00e1s altavoces B207MP3, sistema de integraci\u00f3n para uso con standde micr\u00f3fono con boom, limitador integrado para el control definitivo del sistema y la protecci\u00f3n del altavoz, fuente de alimentaci\u00f3n conmutada interna para audio sin ruidos, respuesta transitoria superior y muy bajo consumo de energ\u00eda, gabinete resistente a los impactos, dimensiones: 254 x 356 x 218 mm, peso: 5.1 kg.","robots":{"index":"index","follow":"follow","max-snippet":"max-snippet:-1","max-image-preview":"max-image-preview:large","max-video-preview":"max-video-preview:-1"},"canonical":"https:\/\/www.mexicanguitarplayers.com\/en\/tienda\/sin categor\u00eda\/bafle-behringer-c-poder-mod-b207mp3\/","og_locale":"en_US","og_type":"article","og_title":"BAFLE BEHRINGER C\/PODER MOD. B207MP3 - Mexican Guitar Players","og_description":"Bafle activo de la serie EUROLIVE, altavoz de gama completa de 6.5\u201d pulgadas, ideal para PA, monitoreo de voces y teclados, multimedia, conferencias de prensa yestudio de grabaci\u00f3n casero, cuenta con reproductor MP3 de alto rendimiento para reproducir archivos a trav\u00e9s de una memoria USB, amplificador con tecnolog\u00eda Clase D que ofrece enorme potencia, incre\u00edble rendimiento s\u00f3nico y un pero s\u00faperligero, mezcladora de 4 canales de ruido ultra bajo con ecualizador de 3 bandas,3 preamps de micr\u00f3fono \u201dinvisibles\u201d con potencia phantom para micr\u00f3fonos de condensador y una entrada lista para instrumento (no requiere DI), entrada est\u00e9reodedicada para teclados, MP3, CD, etc., conector XLR 'through'' con switch mic\/line para linkear m\u00e1s altavoces B207MP3, sistema de integraci\u00f3n para uso con standde micr\u00f3fono con boom, limitador integrado para el control definitivo del sistema y la protecci\u00f3n del altavoz, fuente de alimentaci\u00f3n conmutada interna para audio sin ruidos, respuesta transitoria superior y muy bajo consumo de energ\u00eda, gabinete resistente a los impactos, dimensiones: 254 x 356 x 218 mm, peso: 5.1 kg.","og_url":"https:\/\/www.mexicanguitarplayers.com\/en\/tienda\/sin categor\u00eda\/bafle-behringer-c-poder-mod-b207mp3\/","og_site_name":"Mexican Guitar Players","article_modified_time":"2026-04-10T10:21:03+00:00","twitter_card":"summary_large_image","twitter_misc":{"Est. reading time":"3 minutes"},"schema":{"@context":"https:\/\/schema.org","@graph":[{"@type":["WebPage","ItemPage"],"@id":"https:\/\/www.mexicanguitarplayers.com\/tienda\/sin categor\u00eda\/bafle-behringer-c-poder-mod-b207mp3\/","url":"https:\/\/www.mexicanguitarplayers.com\/tienda\/sin categor\u00eda\/bafle-behringer-c-poder-mod-b207mp3\/","name":"BAFLE BEHRINGER C\/PODER MOD. B207MP3 - Mexican Guitar Players","isPartOf":{"@id":"https:\/\/www.mexicanguitarplayers.com\/#website"},"primaryImageOfPage":{"@id":"https:\/\/www.mexicanguitarplayers.com\/tienda\/sin categor\u00eda\/bafle-behringer-c-poder-mod-b207mp3\/#primaryimage"},"image":{"@id":"https:\/\/www.mexicanguitarplayers.com\/tienda\/sin categor\u00eda\/bafle-behringer-c-poder-mod-b207mp3\/#primaryimage"},"thumbnailUrl":"https:\/\/www.mexicanguitarplayers.com\/wp-content\/uploads\/2025\/04\/IABEHB207MP3.jpg","datePublished":"2025-04-09T12:43:28+00:00","dateModified":"2026-04-10T10:21:03+00:00","description":"Bafle activo de la serie EUROLIVE, altavoz de gama completa de 6.5\u201d pulgadas, ideal para PA, monitoreo de voces y teclados, multimedia, conferencias de prensa yestudio de grabaci\u00f3n casero, cuenta con reproductor MP3 de alto rendimiento para reproducir archivos a trav\u00e9s de una memoria USB, amplificador con tecnolog\u00eda Clase D que ofrece enorme potencia, incre\u00edble rendimiento s\u00f3nico y un pero s\u00faperligero, mezcladora de 4 canales de ruido ultra bajo con ecualizador de 3 bandas,3 preamps de micr\u00f3fono \u201dinvisibles\u201d con potencia phantom para micr\u00f3fonos de condensador y una entrada lista para instrumento (no requiere DI), entrada est\u00e9reodedicada para teclados, MP3, CD, etc., conector XLR 'through'' con switch mic\/line para linkear m\u00e1s altavoces B207MP3, sistema de integraci\u00f3n para uso con standde micr\u00f3fono con boom, limitador integrado para el control definitivo del sistema y la protecci\u00f3n del altavoz, fuente de alimentaci\u00f3n conmutada interna para audio sin ruidos, respuesta transitoria superior y muy bajo consumo de energ\u00eda, gabinete resistente a los impactos, dimensiones: 254 x 356 x 218 mm, peso: 5.1 kg.","breadcrumb":{"@id":"https:\/\/www.mexicanguitarplayers.com\/tienda\/sin categor\u00eda\/bafle-behringer-c-poder-mod-b207mp3\/#breadcrumb"},"inLanguage":"en-US","potentialAction":[{"@type":"ReadAction","target":["https:\/\/www.mexicanguitarplayers.com\/tienda\/sin categor\u00eda\/bafle-behringer-c-poder-mod-b207mp3\/"]}]},{"@type":"ImageObject","inLanguage":"en-US","@id":"https:\/\/www.mexicanguitarplayers.com\/tienda\/sin categor\u00eda\/bafle-behringer-c-poder-mod-b207mp3\/#primaryimage","url":"https:\/\/www.mexicanguitarplayers.com\/wp-content\/uploads\/2025\/04\/IABEHB207MP3.jpg","contentUrl":"https:\/\/www.mexicanguitarplayers.com\/wp-content\/uploads\/2025\/04\/IABEHB207MP3.jpg","width":1200,"height":1200},{"@type":"BreadcrumbList","@id":"https:\/\/www.mexicanguitarplayers.com\/tienda\/sin categor\u00eda\/bafle-behringer-c-poder-mod-b207mp3\/#breadcrumb","itemListElement":[{"@type":"ListItem","position":1,"name":"Portada","item":"https:\/\/www.mexicanguitarplayers.com\/"},{"@type":"ListItem","position":2,"name":"Tienda","item":"https:\/\/www.mexicanguitarplayers.com\/tienda\/"},{"@type":"ListItem","position":3,"name":"BAFLE BEHRINGER C\/PODER MOD. B207MP3"}]},{"@type":"WebSite","@id":"https:\/\/www.mexicanguitarplayers.com\/#website","url":"https:\/\/www.mexicanguitarplayers.com\/","name":"Mexican Guitar Players","description":"Website","publisher":{"@id":"https:\/\/www.mexicanguitarplayers.com\/#organization"},"potentialAction":[{"@type":"SearchAction","target":{"@type":"EntryPoint","urlTemplate":"https:\/\/www.mexicanguitarplayers.com\/?s={search_term_string}"},"query-input":{"@type":"PropertyValueSpecification","valueRequired":true,"valueName":"search_term_string"}}],"inLanguage":"en-US"},{"@type":"Organization","@id":"https:\/\/www.mexicanguitarplayers.com\/#organization","name":"Mexican Guitar Players","url":"https:\/\/www.mexicanguitarplayers.com\/","logo":{"@type":"ImageObject","inLanguage":"en-US","@id":"https:\/\/www.mexicanguitarplayers.com\/#\/schema\/logo\/image\/","url":"","contentUrl":"","caption":"Mexican Guitar Players"},"image":{"@id":"https:\/\/www.mexicanguitarplayers.com\/#\/schema\/logo\/image\/"}}]}},"brands":[{"id":171,"name":"BEHRINGER","slug":"behringer"}],"_links":{"self":[{"href":"https:\/\/www.mexicanguitarplayers.com\/en\/wp-json\/wp\/v2\/product\/39649","targetHints":{"allow":["GET"]}}],"collection":[{"href":"https:\/\/www.mexicanguitarplayers.com\/en\/wp-json\/wp\/v2\/product"}],"about":[{"href":"https:\/\/www.mexicanguitarplayers.com\/en\/wp-json\/wp\/v2\/types\/product"}],"replies":[{"embeddable":true,"href":"https:\/\/www.mexicanguitarplayers.com\/en\/wp-json\/wp\/v2\/comments?post=39649"}],"wp:featuredmedia":[{"embeddable":true,"href":"https:\/\/www.mexicanguitarplayers.com\/en\/wp-json\/wp\/v2\/media\/39648"}],"wp:attachment":[{"href":"https:\/\/www.mexicanguitarplayers.com\/en\/wp-json\/wp\/v2\/media?parent=39649"}],"wp:term":[{"taxonomy":"pwb-brand","embeddable":true,"href":"https:\/\/www.mexicanguitarplayers.com\/en\/wp-json\/wp\/v2\/pwb-brand?post=39649"},{"taxonomy":"product_brand","embeddable":true,"href":"https:\/\/www.mexicanguitarplayers.com\/en\/wp-json\/wp\/v2\/product_brand?post=39649"},{"taxonomy":"product_cat","embeddable":true,"href":"https:\/\/www.mexicanguitarplayers.com\/en\/wp-json\/wp\/v2\/product_cat?post=39649"},{"taxonomy":"product_tag","embeddable":true,"href":"https:\/\/www.mexicanguitarplayers.com\/en\/wp-json\/wp\/v2\/product_tag?post=39649"}],"curies":[{"name":"wp","href":"https:\/\/api.w.org\/{rel}","templated":true}]}}