{"id":39719,"date":"2025-04-09T06:45:12","date_gmt":"2025-04-09T12:45:12","guid":{"rendered":"https:\/\/www.mexicanguitarplayers.com\/tienda\/sin categor\u00eda\/combo-blackstar-p-guitarra-artist-30\/"},"modified":"2026-04-10T04:20:57","modified_gmt":"2026-04-10T10:20:57","slug":"combo-blackstar-p-guitarra-artist-30","status":"publish","type":"product","link":"https:\/\/www.mexicanguitarplayers.com\/en\/tienda\/cuerdas\/combos\/combos-para-guitarra\/combo-blackstar-p-guitarra-artist-30\/","title":{"rendered":"COMBO BLACKSTAR P\/GUITARRA ARTIST 30"},"content":{"rendered":"<div style=\"text-align: justify\">\n<div>\n<h3>El nuevo cl\u00e1sico.<\/h3>\n<\/div>\n<div>En el coraz\u00f3n del Artist-30 se encuentra un dise\u00f1o \u00fanico de amplificador de potencia que aprovecha las cualidades tonales del venerado bulbo 6L6. Al optimizar cuidadosamente los par\u00e1metros clave del amplificador de potencia Artist-30, el equipo de dise\u00f1o de Blackstar ha creado un amplificador que tiene la din\u00e1mica excepcional normalmente asociada a un dise\u00f1o de bulbo 6L6 USA, mientras a\u00f1ade el timbre y el brillo de un cl\u00e1sico amplificador brit\u00e1nico Clase A. Los dos canales del Artist-30 ofrecen la paleta m\u00e1s amplia posible de tonos cl\u00e1sicos y cada canal se puede configurar como un canal limpio o un canal de overdrive cl\u00e1sico. Con el \u00e9nfasis en la simplicidad y la pureza s\u00f3nica, cada caracter\u00edstica se ha refinado para permitir al m\u00fasico m\u00e1s libertad al formar su propio sonido. Caracter\u00edsticas profesionales como footswitch, reverb, volumen master y loop de efectos aumentan  la experiencia sonora, haciendo que este producto est\u00e9 completamente equipado para los exigentes requisitos actuales de rendimiento. Al igual que todos los productos Blackstar, la fiabilidad es primordial y el Artist-30 ha estado sujeto a innumerables horas de pruebas de resistencia tanto en el laboratorio como en vivo, lo que significa que puedes confiar en este amplificador noche tras noche en los entornos de concierto m\u00e1s exigentes.<\/div>\n<div>\n<h4>Quick look<\/h4>\n<\/div>\n<ul style=\"margin: 0px 0px 0px 25px\">\n<li style=\"list-style-type: circle;margin: 5px\">Dos canales.<\/li>\n<li style=\"list-style-type: circle;margin: 5px\">ISF control.<\/li>\n<li style=\"list-style-type: circle;margin: 5px\">Digital reverb.<\/li>\n<li style=\"list-style-type: circle;margin: 5px\">Salida emulada de altavoz.<\/li>\n<li style=\"list-style-type: circle;margin: 5px\">Effects loop.<\/li>\n<li style=\"list-style-type: circle;margin: 5px\">Footswitch FS-8.<\/li>\n<\/ul>\n<div>\n<div style=\"font-weight: bold\">Dos canales.<\/div>\n<div>\n<p>Canal 1: A un volumen de canal bajo, el amplificador estar\u00e1 completamente limpio. Aumentar la cantidad de volumen ver\u00e1s que el amplificador comenzar\u00e1 a romper en una respuesta de overdrive suave natural. El control de tono permite el ajuste del balance entre frecuencias agudas y graves dentro del sonido. En configuraciones graves (sentido contrario a las agujas del reloj), el sonido ser\u00e1 m\u00e1s c\u00e1lido y m\u00e1s oscuro en car\u00e1cter. Como el control de tono vaya girando en el sentido de las agujas del reloj, el sonido se volver\u00e1 m\u00e1s brillante. Canal 2: El canal 2 se puede ajustar entre una respuesta de overdrive limpio y medio, ajustando el control de ganancia. Ajustes graves (en sentido contrario a las agujas del reloj), proporcionar\u00e1n un sonido limpio. A medida que se incrementa el control de ganancia en el sentido de las agujas del reloj, el sonido ser\u00e1 m\u00e1s rico arm\u00f3nicamente hasta que se logre una respuesta de overdrive cl\u00e1sico.<\/p>\n<\/div>\n<div style=\"font-weight: bold\">ISF control.<\/div>\n<div>\n<p>El control ISF trabaja junto con el control de tono. Te permite elegir el sonido que est\u00e1s buscando. Totalmente CCW  es un sonido m\u00e1s americano con graves apretados y medios m\u00e1s agresivos. Totalmente CW es un sonido brit\u00e1nico muy caracter\u00edstico m\u00e1s le\u00f1oso y menos agresivo<\/p>\n<\/div>\n<div style=\"font-weight: bold\">Digital reverb.<\/div>\n<div>\n<p>El control de reverb ajusta el nivel general de efecto reverb. Con el control completamente a la izquierda no habr\u00e1 reverberaci\u00f3n. Girando el control en sentido contrario aumentar\u00e1 la cantidad de reverb.<\/p>\n<\/div>\n<div style=\"font-weight: bold\">Salida emulada de altavoz.<\/div>\n<div>\n<p>El dise\u00f1o de salida emulada establece un nuevo punto de referencia para la grabaci\u00f3n en directo. Este dise\u00f1o sin compromisos hace muy f\u00e1cil grabar tus sonidos. Tambi\u00e9n puedes usarlo para mandar una l\u00ednea de salida al PA.<\/p>\n<\/div>\n<div style=\"font-weight: bold\">Effects loop.<\/div>\n<div>\n<p>El amplificador cuenta con loop de efectos para permitirte conectar pedales de efectos u otro equipo profesional, utilizando las conexiones de retorno y env\u00edo. El switch de nivel de loop de efectos establece el loop de efectos a +4dBV\/-10dBV,  lo que te permite utilizarlo con equipo profesional (ajuste +4 dBV) o con efectos de guitarra, como pedales de efectos (ajuste -10 dBV).<\/p>\n<\/div>\n<div style=\"font-weight: bold\">Footswitch FS-8.<\/div>\n<div>\n<p>El pedal de 2 v\u00edas que incluye este amplificador te permite cambiar entre los canales 1 y 2 y activar o desactivar el reverb.<\/p>\n<\/div>\n<\/div>\n<\/div>","protected":false},"excerpt":{"rendered":"<p>Combo para guitarra, 2 canales, potencia: 30 watts, un altavoz Celestion de 12\u201dpulgadas, EQ de 3 bandas, 2 bulbos 6L6 de potencia y 2 bulbos ECC83 de preamp, tecnolog\u00eda ISF (Infinite Shape Feature), reverb, loop de efectos, dimensiones: 690 x 540 x 260 mm, peso: 22.5 kg, pedal footswitch  FS-8.&hellip; <a class=\"kt-excerpt-readmore more-link\" href=\"https:\/\/www.mexicanguitarplayers.com\/en\/tienda\/cuerdas\/combos\/combos-para-guitarra\/combo-blackstar-p-guitarra-artist-30\/\">Read more<\/a><\/p>","protected":false},"featured_media":39715,"comment_status":"open","ping_status":"closed","template":"","meta":{"kt_blocks_editor_width":""},"pwb-brand":[172],"product_brand":[],"product_cat":[236,237,224],"product_tag":[],"class_list":{"0":"post-39719","1":"product","2":"type-product","3":"status-publish","4":"has-post-thumbnail","6":"pwb-brand-blackstar","7":"product_cat-combos","8":"product_cat-combos-para-guitarra","9":"product_cat-cuerdas","10":"product_shipping_class-25-30-kg","12":"first","13":"outofstock","14":"taxable","15":"shipping-taxable","16":"purchasable","17":"product-type-simple"},"yoast_head":"<!-- This site is optimized with the Yoast SEO plugin v27.6 - https:\/\/yoast.com\/product\/yoast-seo-wordpress\/ -->\n<title>COMBO BLACKSTAR P\/GUITARRA ARTIST 30 - Mexican Guitar Players<\/title>\n<meta name=\"description\" content=\"Combo para guitarra, 2 canales, potencia: 30 watts, un altavoz Celestion de 12\u201dpulgadas, EQ de 3 bandas, 2 bulbos 6L6 de potencia y 2 bulbos ECC83 de preamp, tecnolog\u00eda ISF (Infinite Shape Feature), reverb, loop de efectos, dimensiones: 690 x 540 x 260 mm, peso: 22.5 kg, pedal footswitch FS-8.\" \/>\n<meta name=\"robots\" content=\"index, follow, max-snippet:-1, max-image-preview:large, max-video-preview:-1\" \/>\n<link rel=\"canonical\" href=\"https:\/\/www.mexicanguitarplayers.com\/en\/tienda\/sin%20categor\u00eda\/combo-blackstar-p-guitarra-artist-30\/\" \/>\n<meta property=\"og:locale\" content=\"en_US\" \/>\n<meta property=\"og:type\" content=\"article\" \/>\n<meta property=\"og:title\" content=\"COMBO BLACKSTAR P\/GUITARRA ARTIST 30 - Mexican Guitar Players\" \/>\n<meta property=\"og:description\" content=\"Combo para guitarra, 2 canales, potencia: 30 watts, un altavoz Celestion de 12\u201dpulgadas, EQ de 3 bandas, 2 bulbos 6L6 de potencia y 2 bulbos ECC83 de preamp, tecnolog\u00eda ISF (Infinite Shape Feature), reverb, loop de efectos, dimensiones: 690 x 540 x 260 mm, peso: 22.5 kg, pedal footswitch FS-8.\" \/>\n<meta property=\"og:url\" content=\"https:\/\/www.mexicanguitarplayers.com\/en\/tienda\/sin categor\u00eda\/combo-blackstar-p-guitarra-artist-30\/\" \/>\n<meta property=\"og:site_name\" content=\"Mexican Guitar Players\" \/>\n<meta property=\"article:modified_time\" content=\"2026-04-10T10:20:57+00:00\" \/>\n<meta name=\"twitter:card\" content=\"summary_large_image\" \/>\n<meta name=\"twitter:label1\" content=\"Est. reading time\" \/>\n\t<meta name=\"twitter:data1\" content=\"3 minutes\" \/>\n<script type=\"application\/ld+json\" class=\"yoast-schema-graph\">{\"@context\":\"https:\\\/\\\/schema.org\",\"@graph\":[{\"@type\":[\"WebPage\",\"ItemPage\"],\"@id\":\"https:\\\/\\\/www.mexicanguitarplayers.com\\\/tienda\\\/sin categor\u00eda\\\/combo-blackstar-p-guitarra-artist-30\\\/\",\"url\":\"https:\\\/\\\/www.mexicanguitarplayers.com\\\/tienda\\\/sin categor\u00eda\\\/combo-blackstar-p-guitarra-artist-30\\\/\",\"name\":\"COMBO BLACKSTAR P\\\/GUITARRA ARTIST 30 - Mexican Guitar Players\",\"isPartOf\":{\"@id\":\"https:\\\/\\\/www.mexicanguitarplayers.com\\\/#website\"},\"primaryImageOfPage\":{\"@id\":\"https:\\\/\\\/www.mexicanguitarplayers.com\\\/tienda\\\/sin categor\u00eda\\\/combo-blackstar-p-guitarra-artist-30\\\/#primaryimage\"},\"image\":{\"@id\":\"https:\\\/\\\/www.mexicanguitarplayers.com\\\/tienda\\\/sin categor\u00eda\\\/combo-blackstar-p-guitarra-artist-30\\\/#primaryimage\"},\"thumbnailUrl\":\"https:\\\/\\\/www.mexicanguitarplayers.com\\\/wp-content\\\/uploads\\\/2025\\\/04\\\/ICBLSARTIST30.jpg\",\"datePublished\":\"2025-04-09T12:45:12+00:00\",\"dateModified\":\"2026-04-10T10:20:57+00:00\",\"description\":\"Combo para guitarra, 2 canales, potencia: 30 watts, un altavoz Celestion de 12\u201dpulgadas, EQ de 3 bandas, 2 bulbos 6L6 de potencia y 2 bulbos ECC83 de preamp, tecnolog\u00eda ISF (Infinite Shape Feature), reverb, loop de efectos, dimensiones: 690 x 540 x 260 mm, peso: 22.5 kg, pedal footswitch FS-8.\",\"breadcrumb\":{\"@id\":\"https:\\\/\\\/www.mexicanguitarplayers.com\\\/tienda\\\/sin categor\u00eda\\\/combo-blackstar-p-guitarra-artist-30\\\/#breadcrumb\"},\"inLanguage\":\"en-US\",\"potentialAction\":[{\"@type\":\"ReadAction\",\"target\":[\"https:\\\/\\\/www.mexicanguitarplayers.com\\\/tienda\\\/sin categor\u00eda\\\/combo-blackstar-p-guitarra-artist-30\\\/\"]}]},{\"@type\":\"ImageObject\",\"inLanguage\":\"en-US\",\"@id\":\"https:\\\/\\\/www.mexicanguitarplayers.com\\\/tienda\\\/sin categor\u00eda\\\/combo-blackstar-p-guitarra-artist-30\\\/#primaryimage\",\"url\":\"https:\\\/\\\/www.mexicanguitarplayers.com\\\/wp-content\\\/uploads\\\/2025\\\/04\\\/ICBLSARTIST30.jpg\",\"contentUrl\":\"https:\\\/\\\/www.mexicanguitarplayers.com\\\/wp-content\\\/uploads\\\/2025\\\/04\\\/ICBLSARTIST30.jpg\",\"width\":1200,\"height\":1200},{\"@type\":\"BreadcrumbList\",\"@id\":\"https:\\\/\\\/www.mexicanguitarplayers.com\\\/tienda\\\/sin categor\u00eda\\\/combo-blackstar-p-guitarra-artist-30\\\/#breadcrumb\",\"itemListElement\":[{\"@type\":\"ListItem\",\"position\":1,\"name\":\"Portada\",\"item\":\"https:\\\/\\\/www.mexicanguitarplayers.com\\\/\"},{\"@type\":\"ListItem\",\"position\":2,\"name\":\"Tienda\",\"item\":\"https:\\\/\\\/www.mexicanguitarplayers.com\\\/tienda\\\/\"},{\"@type\":\"ListItem\",\"position\":3,\"name\":\"COMBO BLACKSTAR P\\\/GUITARRA ARTIST 30\"}]},{\"@type\":\"WebSite\",\"@id\":\"https:\\\/\\\/www.mexicanguitarplayers.com\\\/#website\",\"url\":\"https:\\\/\\\/www.mexicanguitarplayers.com\\\/\",\"name\":\"Mexican Guitar Players\",\"description\":\"Website\",\"publisher\":{\"@id\":\"https:\\\/\\\/www.mexicanguitarplayers.com\\\/#organization\"},\"potentialAction\":[{\"@type\":\"SearchAction\",\"target\":{\"@type\":\"EntryPoint\",\"urlTemplate\":\"https:\\\/\\\/www.mexicanguitarplayers.com\\\/?s={search_term_string}\"},\"query-input\":{\"@type\":\"PropertyValueSpecification\",\"valueRequired\":true,\"valueName\":\"search_term_string\"}}],\"inLanguage\":\"en-US\"},{\"@type\":\"Organization\",\"@id\":\"https:\\\/\\\/www.mexicanguitarplayers.com\\\/#organization\",\"name\":\"Mexican Guitar Players\",\"url\":\"https:\\\/\\\/www.mexicanguitarplayers.com\\\/\",\"logo\":{\"@type\":\"ImageObject\",\"inLanguage\":\"en-US\",\"@id\":\"https:\\\/\\\/www.mexicanguitarplayers.com\\\/#\\\/schema\\\/logo\\\/image\\\/\",\"url\":\"\",\"contentUrl\":\"\",\"caption\":\"Mexican Guitar Players\"},\"image\":{\"@id\":\"https:\\\/\\\/www.mexicanguitarplayers.com\\\/#\\\/schema\\\/logo\\\/image\\\/\"}}]}<\/script>\n<!-- \/ Yoast SEO plugin. -->","yoast_head_json":{"title":"COMBO BLACKSTAR P\/GUITARRA ARTIST 30 - Mexican Guitar Players","description":"Combo para guitarra, 2 canales, potencia: 30 watts, un altavoz Celestion de 12\u201dpulgadas, EQ de 3 bandas, 2 bulbos 6L6 de potencia y 2 bulbos ECC83 de preamp, tecnolog\u00eda ISF (Infinite Shape Feature), reverb, loop de efectos, dimensiones: 690 x 540 x 260 mm, peso: 22.5 kg, pedal footswitch FS-8.","robots":{"index":"index","follow":"follow","max-snippet":"max-snippet:-1","max-image-preview":"max-image-preview:large","max-video-preview":"max-video-preview:-1"},"canonical":"https:\/\/www.mexicanguitarplayers.com\/en\/tienda\/sin categor\u00eda\/combo-blackstar-p-guitarra-artist-30\/","og_locale":"en_US","og_type":"article","og_title":"COMBO BLACKSTAR P\/GUITARRA ARTIST 30 - Mexican Guitar Players","og_description":"Combo para guitarra, 2 canales, potencia: 30 watts, un altavoz Celestion de 12\u201dpulgadas, EQ de 3 bandas, 2 bulbos 6L6 de potencia y 2 bulbos ECC83 de preamp, tecnolog\u00eda ISF (Infinite Shape Feature), reverb, loop de efectos, dimensiones: 690 x 540 x 260 mm, peso: 22.5 kg, pedal footswitch FS-8.","og_url":"https:\/\/www.mexicanguitarplayers.com\/en\/tienda\/sin categor\u00eda\/combo-blackstar-p-guitarra-artist-30\/","og_site_name":"Mexican Guitar Players","article_modified_time":"2026-04-10T10:20:57+00:00","twitter_card":"summary_large_image","twitter_misc":{"Est. reading time":"3 minutes"},"schema":{"@context":"https:\/\/schema.org","@graph":[{"@type":["WebPage","ItemPage"],"@id":"https:\/\/www.mexicanguitarplayers.com\/tienda\/sin categor\u00eda\/combo-blackstar-p-guitarra-artist-30\/","url":"https:\/\/www.mexicanguitarplayers.com\/tienda\/sin categor\u00eda\/combo-blackstar-p-guitarra-artist-30\/","name":"COMBO BLACKSTAR P\/GUITARRA ARTIST 30 - Mexican Guitar Players","isPartOf":{"@id":"https:\/\/www.mexicanguitarplayers.com\/#website"},"primaryImageOfPage":{"@id":"https:\/\/www.mexicanguitarplayers.com\/tienda\/sin categor\u00eda\/combo-blackstar-p-guitarra-artist-30\/#primaryimage"},"image":{"@id":"https:\/\/www.mexicanguitarplayers.com\/tienda\/sin categor\u00eda\/combo-blackstar-p-guitarra-artist-30\/#primaryimage"},"thumbnailUrl":"https:\/\/www.mexicanguitarplayers.com\/wp-content\/uploads\/2025\/04\/ICBLSARTIST30.jpg","datePublished":"2025-04-09T12:45:12+00:00","dateModified":"2026-04-10T10:20:57+00:00","description":"Combo para guitarra, 2 canales, potencia: 30 watts, un altavoz Celestion de 12\u201dpulgadas, EQ de 3 bandas, 2 bulbos 6L6 de potencia y 2 bulbos ECC83 de preamp, tecnolog\u00eda ISF (Infinite Shape Feature), reverb, loop de efectos, dimensiones: 690 x 540 x 260 mm, peso: 22.5 kg, pedal footswitch FS-8.","breadcrumb":{"@id":"https:\/\/www.mexicanguitarplayers.com\/tienda\/sin categor\u00eda\/combo-blackstar-p-guitarra-artist-30\/#breadcrumb"},"inLanguage":"en-US","potentialAction":[{"@type":"ReadAction","target":["https:\/\/www.mexicanguitarplayers.com\/tienda\/sin categor\u00eda\/combo-blackstar-p-guitarra-artist-30\/"]}]},{"@type":"ImageObject","inLanguage":"en-US","@id":"https:\/\/www.mexicanguitarplayers.com\/tienda\/sin categor\u00eda\/combo-blackstar-p-guitarra-artist-30\/#primaryimage","url":"https:\/\/www.mexicanguitarplayers.com\/wp-content\/uploads\/2025\/04\/ICBLSARTIST30.jpg","contentUrl":"https:\/\/www.mexicanguitarplayers.com\/wp-content\/uploads\/2025\/04\/ICBLSARTIST30.jpg","width":1200,"height":1200},{"@type":"BreadcrumbList","@id":"https:\/\/www.mexicanguitarplayers.com\/tienda\/sin categor\u00eda\/combo-blackstar-p-guitarra-artist-30\/#breadcrumb","itemListElement":[{"@type":"ListItem","position":1,"name":"Portada","item":"https:\/\/www.mexicanguitarplayers.com\/"},{"@type":"ListItem","position":2,"name":"Tienda","item":"https:\/\/www.mexicanguitarplayers.com\/tienda\/"},{"@type":"ListItem","position":3,"name":"COMBO BLACKSTAR P\/GUITARRA ARTIST 30"}]},{"@type":"WebSite","@id":"https:\/\/www.mexicanguitarplayers.com\/#website","url":"https:\/\/www.mexicanguitarplayers.com\/","name":"Mexican Guitar Players","description":"Website","publisher":{"@id":"https:\/\/www.mexicanguitarplayers.com\/#organization"},"potentialAction":[{"@type":"SearchAction","target":{"@type":"EntryPoint","urlTemplate":"https:\/\/www.mexicanguitarplayers.com\/?s={search_term_string}"},"query-input":{"@type":"PropertyValueSpecification","valueRequired":true,"valueName":"search_term_string"}}],"inLanguage":"en-US"},{"@type":"Organization","@id":"https:\/\/www.mexicanguitarplayers.com\/#organization","name":"Mexican Guitar Players","url":"https:\/\/www.mexicanguitarplayers.com\/","logo":{"@type":"ImageObject","inLanguage":"en-US","@id":"https:\/\/www.mexicanguitarplayers.com\/#\/schema\/logo\/image\/","url":"","contentUrl":"","caption":"Mexican Guitar Players"},"image":{"@id":"https:\/\/www.mexicanguitarplayers.com\/#\/schema\/logo\/image\/"}}]}},"brands":[{"id":172,"name":"BLACKSTAR","slug":"blackstar"}],"_links":{"self":[{"href":"https:\/\/www.mexicanguitarplayers.com\/en\/wp-json\/wp\/v2\/product\/39719","targetHints":{"allow":["GET"]}}],"collection":[{"href":"https:\/\/www.mexicanguitarplayers.com\/en\/wp-json\/wp\/v2\/product"}],"about":[{"href":"https:\/\/www.mexicanguitarplayers.com\/en\/wp-json\/wp\/v2\/types\/product"}],"replies":[{"embeddable":true,"href":"https:\/\/www.mexicanguitarplayers.com\/en\/wp-json\/wp\/v2\/comments?post=39719"}],"wp:featuredmedia":[{"embeddable":true,"href":"https:\/\/www.mexicanguitarplayers.com\/en\/wp-json\/wp\/v2\/media\/39715"}],"wp:attachment":[{"href":"https:\/\/www.mexicanguitarplayers.com\/en\/wp-json\/wp\/v2\/media?parent=39719"}],"wp:term":[{"taxonomy":"pwb-brand","embeddable":true,"href":"https:\/\/www.mexicanguitarplayers.com\/en\/wp-json\/wp\/v2\/pwb-brand?post=39719"},{"taxonomy":"product_brand","embeddable":true,"href":"https:\/\/www.mexicanguitarplayers.com\/en\/wp-json\/wp\/v2\/product_brand?post=39719"},{"taxonomy":"product_cat","embeddable":true,"href":"https:\/\/www.mexicanguitarplayers.com\/en\/wp-json\/wp\/v2\/product_cat?post=39719"},{"taxonomy":"product_tag","embeddable":true,"href":"https:\/\/www.mexicanguitarplayers.com\/en\/wp-json\/wp\/v2\/product_tag?post=39719"}],"curies":[{"name":"wp","href":"https:\/\/api.w.org\/{rel}","templated":true}]}}