{"id":39723,"date":"2025-04-09T06:45:17","date_gmt":"2025-04-09T12:45:17","guid":{"rendered":"https:\/\/www.mexicanguitarplayers.com\/tienda\/sin categor\u00eda\/amplificador-ashdown-p-bajo-origin-al\/"},"modified":"2026-04-10T04:20:56","modified_gmt":"2026-04-10T10:20:56","slug":"amplificador-ashdown-p-bajo-origin-al","status":"publish","type":"product","link":"https:\/\/www.mexicanguitarplayers.com\/en\/tienda\/cuerdas\/amplificadores-cuerdas\/amps-para-bajo\/amplificador-ashdown-p-bajo-origin-al\/","title":{"rendered":"AMPLIFICADOR ASHDOWN P\/BAJO ORIGIN-AL"},"content":{"rendered":"<div style=\"text-align: justify\">\n<div>\n<h3>El amplificador perfecto.<\/h3>\n<\/div>\n<div>El OriginAL de Ashdown, afianza los fundamentos clave de todo lo que hace un gran amplificador de graves. Este cabezal de amplificador de bajo liviano, port\u00e1til y desmontable lleva a Ashdown al origen de su tono. Comenzando desde arriba, un switch activo\/pasivo determinar si el amplificador  est\u00e1 siendo usado con un instrumento de salida alta o baja y establece una ruta de se\u00f1al clara al control de entrada. Desde aqu\u00ed, el m\u00fasico puede ajustar su nivel de entrada usando el medidor VU de Ashdown, que ocupa un honrado lugar al centro del amplificador. Ecualizador simple pero poderoso. Con la se\u00f1al en su nivel \u00f3ptimo, puedes acceder a un conjunto definido de caracter\u00edsticas dise\u00f1adas para mejorar tu tono. El OriginAL cuenta con ecualizador probado de 5 bandas, que controla tanto tus graves, medios y agudos tradicionales con lo-mid y hi-mid c\u00f3modamente a cada lado del control medio variable. El control adicional Shape esculpe a\u00fan m\u00e1s tu tono, elevando las frecuencias que realmente cuentan, como una cara sonriente en un ecualizador gr\u00e1fico. Totalmente conectado. El control de salida regula el volumen de salida del amplificador y complementa las funciones en el panel frontal con una salida DI, as\u00ed como un env\u00edo y retorno FX independiente, lo que permite al amplificador ajustar una ruta clara de se\u00f1al sin interrupciones. Crea la plataforma perfecta. En la parte posterior de esta condensada unidad se encuentra una salida de aud\u00edfonos, que dobla este cabezal, ideal tanto para conciertos como para ensayo en casa. 2 salidas jack de altavoz con una carga m\u00ednima de 4 ohms, proporciona opciones flexibles de asociaci\u00f3n con la gama existente de gabinetes de bajos de Ashdown. Listo para las giras. El OriginAL es un robusto y peque\u00f1o obus que utiliza pintura anti ara\u00f1azos sobre su chasis de acero y aleaci\u00f3n. Manteniendo un peso agradable pero pr\u00e1ctico, con perillas de control de alta calidad, el amplificador OriginAL est\u00e1 dise\u00f1ado para durar toda la vida. Viene equipado con protecci\u00f3n de voltaje y un ventilador de temperatura adaptativa controlada para el uso en las giras o en el estudio.<\/div>\n<div>\n<h4>Quick look<\/h4>\n<\/div>\n<ul style=\"margin: 0px 0px 0px 25px\">\n<li style=\"list-style-type: circle;margin: 5px\">EQ.<\/li>\n<li style=\"list-style-type: circle;margin: 5px\">Signal to noise ratio.<\/li>\n<li style=\"list-style-type: circle;margin: 5px\">Impedance.<\/li>\n<li style=\"list-style-type: circle;margin: 5px\">DI output.<\/li>\n<li style=\"list-style-type: circle;margin: 5px\">Line input.<\/li>\n<li style=\"list-style-type: circle;margin: 5px\">Entrada de instrumento, baja.<\/li>\n<li style=\"list-style-type: circle;margin: 5px\">Entrada de instrumento, alta.<\/li>\n<li style=\"list-style-type: circle;margin: 5px\">Salidas de altavoz.<\/li>\n<li style=\"list-style-type: circle;margin: 5px\">Requerimientos de energ\u00eda.<\/li>\n<li style=\"list-style-type: circle;margin: 5px\">Output power.<\/li>\n<li style=\"list-style-type: circle;margin: 5px\">Env\u00edo de efectos.<\/li>\n<li style=\"list-style-type: circle;margin: 5px\">Retorno de efectos.<\/li>\n<li style=\"list-style-type: circle;margin: 5px\">Dimensions.<\/li>\n<li style=\"list-style-type: circle;margin: 5px\">Weight.<\/li>\n<\/ul>\n<div>\n<div style=\"font-weight: bold\">EQ.<\/div>\n<div>\n<p>Bass +\/-15dB @ 100Hz. Lo Mid +\/-15dB @ 220Hz. Middle +\/-15dB @ 660Hz. Hi Mid +\/-15dB @ 1.6kHz. Treble +\/-15dB @ 7kHz.<\/p>\n<\/div>\n<div style=\"font-weight: bold\">Signal to noise ratio.<\/div>\n<div>\n<p>Mejor que 80 dB (EQ flat).<\/p>\n<\/div>\n<div style=\"font-weight: bold\">Impedance.<\/div>\n<div>\n<p>M\u00ednimo 4 ohms.<\/p>\n<\/div>\n<div style=\"font-weight: bold\">DI output.<\/div>\n<div>\n<p>600 ohms balanceado \/ nivel nominal -20 dBu.<\/p>\n<\/div>\n<div style=\"font-weight: bold\">Line input.<\/div>\n<div>\n<p>Impedancia 10 kilo-ohms, rango de entrada 300mV &#8211; 40V p-p.<\/p>\n<\/div>\n<div style=\"font-weight: bold\">Entrada de instrumento, baja.<\/div>\n<div>\n<p>Impedancia \u2013 1 mili-ohm, rango de entrada 150mv  10v p \u2013 p.<\/p>\n<\/div>\n<div style=\"font-weight: bold\">Entrada de instrumento, alta.<\/div>\n<div>\n<p>Impedancia 3.9 mili-ohms, rango de entrada 150mV &#8211; 20mV p-p.<\/p>\n<\/div>\n<div style=\"font-weight: bold\">Salidas de altavoz.<\/div>\n<div>\n<p>2 x Jack.<\/p>\n<\/div>\n<div style=\"font-weight: bold\">Requerimientos de energ\u00eda.<\/div>\n<div>\n<p>115 &#8211; 230 V.<\/p>\n<\/div>\n<div style=\"font-weight: bold\">Output power.<\/div>\n<div>\n<p>300 watts.<\/p>\n<\/div>\n<div style=\"font-weight: bold\">Env\u00edo de efectos.<\/div>\n<div>\n<p>Impedancia 22 kilo-ohms \/ nivel nominal 0 dBu.<\/p>\n<\/div>\n<div style=\"font-weight: bold\">Retorno de efectos.<\/div>\n<div>\n<p>Impedancia 22 kilo-ohms \/ nivel nominal 0 dBu.<\/p>\n<\/div>\n<div style=\"font-weight: bold\">Dimensions.<\/div>\n<div>\n<p>78 x 225 x 182 mm.<\/p>\n<\/div>\n<div style=\"font-weight: bold\">Weight.<\/div>\n<div>\n<p>2.4 kg.<\/p>\n<\/div>\n<\/div>\n<\/div>","protected":false},"excerpt":{"rendered":"<p>Amplificador de estado s\u00f3lido para bajo, potencia de salida: 300 watts, un canal, ecualizador de 5 bandas, 2 salidas de altavoz de 1\/4\u201d, 1 salida XLR DI, 1 salida de aud\u00edfonos, loop de efectos, impedancia de carga m\u00ednima de 4 ohms, dimensiones: 78 x 225 x 182 mm, peso: 2.4 kg.&hellip; <a class=\"kt-excerpt-readmore more-link\" href=\"https:\/\/www.mexicanguitarplayers.com\/en\/tienda\/cuerdas\/amplificadores-cuerdas\/amps-para-bajo\/amplificador-ashdown-p-bajo-origin-al\/\">Read more<\/a><\/p>","protected":false},"featured_media":39720,"comment_status":"open","ping_status":"closed","template":"","meta":{"kt_blocks_editor_width":""},"pwb-brand":[257],"product_brand":[],"product_cat":[219,254,224],"product_tag":[],"class_list":{"0":"post-39723","1":"product","2":"type-product","3":"status-publish","4":"has-post-thumbnail","6":"pwb-brand-ashdown","7":"product_cat-amplificadores-audio","8":"product_cat-amps-para-bajo","9":"product_cat-cuerdas","10":"product_shipping_class-0-5-kg","12":"first","13":"outofstock","14":"taxable","15":"shipping-taxable","16":"purchasable","17":"product-type-simple"},"yoast_head":"<!-- This site is optimized with the Yoast SEO plugin v27.6 - https:\/\/yoast.com\/product\/yoast-seo-wordpress\/ -->\n<title>AMPLIFICADOR ASHDOWN P\/BAJO ORIGIN-AL - Mexican Guitar Players<\/title>\n<meta name=\"description\" content=\"Amplificador de estado s\u00f3lido para bajo, potencia de salida: 300 watts, un canal, ecualizador de 5 bandas, 2 salidas de altavoz de 1\/4\u201d, 1 salida XLR DI, 1 salida de aud\u00edfonos, loop de efectos, impedancia de carga m\u00ednima de 4 ohms, dimensiones: 78 x 225 x 182 mm, peso: 2.4 kg.\" \/>\n<meta name=\"robots\" content=\"index, follow, max-snippet:-1, max-image-preview:large, max-video-preview:-1\" \/>\n<link rel=\"canonical\" href=\"https:\/\/www.mexicanguitarplayers.com\/en\/tienda\/sin%20categor\u00eda\/amplificador-ashdown-p-bajo-origin-al\/\" \/>\n<meta property=\"og:locale\" content=\"en_US\" \/>\n<meta property=\"og:type\" content=\"article\" \/>\n<meta property=\"og:title\" content=\"AMPLIFICADOR ASHDOWN P\/BAJO ORIGIN-AL - Mexican Guitar Players\" \/>\n<meta property=\"og:description\" content=\"Amplificador de estado s\u00f3lido para bajo, potencia de salida: 300 watts, un canal, ecualizador de 5 bandas, 2 salidas de altavoz de 1\/4\u201d, 1 salida XLR DI, 1 salida de aud\u00edfonos, loop de efectos, impedancia de carga m\u00ednima de 4 ohms, dimensiones: 78 x 225 x 182 mm, peso: 2.4 kg.\" \/>\n<meta property=\"og:url\" content=\"https:\/\/www.mexicanguitarplayers.com\/en\/tienda\/sin categor\u00eda\/amplificador-ashdown-p-bajo-origin-al\/\" \/>\n<meta property=\"og:site_name\" content=\"Mexican Guitar Players\" \/>\n<meta property=\"article:modified_time\" content=\"2026-04-10T10:20:56+00:00\" \/>\n<meta name=\"twitter:card\" content=\"summary_large_image\" \/>\n<meta name=\"twitter:label1\" content=\"Est. reading time\" \/>\n\t<meta name=\"twitter:data1\" content=\"3 minutes\" \/>\n<script type=\"application\/ld+json\" class=\"yoast-schema-graph\">{\"@context\":\"https:\\\/\\\/schema.org\",\"@graph\":[{\"@type\":[\"WebPage\",\"ItemPage\"],\"@id\":\"https:\\\/\\\/www.mexicanguitarplayers.com\\\/tienda\\\/sin categor\u00eda\\\/amplificador-ashdown-p-bajo-origin-al\\\/\",\"url\":\"https:\\\/\\\/www.mexicanguitarplayers.com\\\/tienda\\\/sin categor\u00eda\\\/amplificador-ashdown-p-bajo-origin-al\\\/\",\"name\":\"AMPLIFICADOR ASHDOWN P\\\/BAJO ORIGIN-AL - Mexican Guitar Players\",\"isPartOf\":{\"@id\":\"https:\\\/\\\/www.mexicanguitarplayers.com\\\/#website\"},\"primaryImageOfPage\":{\"@id\":\"https:\\\/\\\/www.mexicanguitarplayers.com\\\/tienda\\\/sin categor\u00eda\\\/amplificador-ashdown-p-bajo-origin-al\\\/#primaryimage\"},\"image\":{\"@id\":\"https:\\\/\\\/www.mexicanguitarplayers.com\\\/tienda\\\/sin categor\u00eda\\\/amplificador-ashdown-p-bajo-origin-al\\\/#primaryimage\"},\"thumbnailUrl\":\"https:\\\/\\\/www.mexicanguitarplayers.com\\\/wp-content\\\/uploads\\\/2025\\\/04\\\/ICASOORIGINAL.jpg\",\"datePublished\":\"2025-04-09T12:45:17+00:00\",\"dateModified\":\"2026-04-10T10:20:56+00:00\",\"description\":\"Amplificador de estado s\u00f3lido para bajo, potencia de salida: 300 watts, un canal, ecualizador de 5 bandas, 2 salidas de altavoz de 1\\\/4\u201d, 1 salida XLR DI, 1 salida de aud\u00edfonos, loop de efectos, impedancia de carga m\u00ednima de 4 ohms, dimensiones: 78 x 225 x 182 mm, peso: 2.4 kg.\",\"breadcrumb\":{\"@id\":\"https:\\\/\\\/www.mexicanguitarplayers.com\\\/tienda\\\/sin categor\u00eda\\\/amplificador-ashdown-p-bajo-origin-al\\\/#breadcrumb\"},\"inLanguage\":\"en-US\",\"potentialAction\":[{\"@type\":\"ReadAction\",\"target\":[\"https:\\\/\\\/www.mexicanguitarplayers.com\\\/tienda\\\/sin categor\u00eda\\\/amplificador-ashdown-p-bajo-origin-al\\\/\"]}]},{\"@type\":\"ImageObject\",\"inLanguage\":\"en-US\",\"@id\":\"https:\\\/\\\/www.mexicanguitarplayers.com\\\/tienda\\\/sin categor\u00eda\\\/amplificador-ashdown-p-bajo-origin-al\\\/#primaryimage\",\"url\":\"https:\\\/\\\/www.mexicanguitarplayers.com\\\/wp-content\\\/uploads\\\/2025\\\/04\\\/ICASOORIGINAL.jpg\",\"contentUrl\":\"https:\\\/\\\/www.mexicanguitarplayers.com\\\/wp-content\\\/uploads\\\/2025\\\/04\\\/ICASOORIGINAL.jpg\",\"width\":1600,\"height\":800},{\"@type\":\"BreadcrumbList\",\"@id\":\"https:\\\/\\\/www.mexicanguitarplayers.com\\\/tienda\\\/sin categor\u00eda\\\/amplificador-ashdown-p-bajo-origin-al\\\/#breadcrumb\",\"itemListElement\":[{\"@type\":\"ListItem\",\"position\":1,\"name\":\"Portada\",\"item\":\"https:\\\/\\\/www.mexicanguitarplayers.com\\\/\"},{\"@type\":\"ListItem\",\"position\":2,\"name\":\"Tienda\",\"item\":\"https:\\\/\\\/www.mexicanguitarplayers.com\\\/tienda\\\/\"},{\"@type\":\"ListItem\",\"position\":3,\"name\":\"AMPLIFICADOR ASHDOWN P\\\/BAJO ORIGIN-AL\"}]},{\"@type\":\"WebSite\",\"@id\":\"https:\\\/\\\/www.mexicanguitarplayers.com\\\/#website\",\"url\":\"https:\\\/\\\/www.mexicanguitarplayers.com\\\/\",\"name\":\"Mexican Guitar Players\",\"description\":\"Website\",\"publisher\":{\"@id\":\"https:\\\/\\\/www.mexicanguitarplayers.com\\\/#organization\"},\"potentialAction\":[{\"@type\":\"SearchAction\",\"target\":{\"@type\":\"EntryPoint\",\"urlTemplate\":\"https:\\\/\\\/www.mexicanguitarplayers.com\\\/?s={search_term_string}\"},\"query-input\":{\"@type\":\"PropertyValueSpecification\",\"valueRequired\":true,\"valueName\":\"search_term_string\"}}],\"inLanguage\":\"en-US\"},{\"@type\":\"Organization\",\"@id\":\"https:\\\/\\\/www.mexicanguitarplayers.com\\\/#organization\",\"name\":\"Mexican Guitar Players\",\"url\":\"https:\\\/\\\/www.mexicanguitarplayers.com\\\/\",\"logo\":{\"@type\":\"ImageObject\",\"inLanguage\":\"en-US\",\"@id\":\"https:\\\/\\\/www.mexicanguitarplayers.com\\\/#\\\/schema\\\/logo\\\/image\\\/\",\"url\":\"\",\"contentUrl\":\"\",\"caption\":\"Mexican Guitar Players\"},\"image\":{\"@id\":\"https:\\\/\\\/www.mexicanguitarplayers.com\\\/#\\\/schema\\\/logo\\\/image\\\/\"}}]}<\/script>\n<!-- \/ Yoast SEO plugin. -->","yoast_head_json":{"title":"AMPLIFICADOR ASHDOWN P\/BAJO ORIGIN-AL - Mexican Guitar Players","description":"Amplificador de estado s\u00f3lido para bajo, potencia de salida: 300 watts, un canal, ecualizador de 5 bandas, 2 salidas de altavoz de 1\/4\u201d, 1 salida XLR DI, 1 salida de aud\u00edfonos, loop de efectos, impedancia de carga m\u00ednima de 4 ohms, dimensiones: 78 x 225 x 182 mm, peso: 2.4 kg.","robots":{"index":"index","follow":"follow","max-snippet":"max-snippet:-1","max-image-preview":"max-image-preview:large","max-video-preview":"max-video-preview:-1"},"canonical":"https:\/\/www.mexicanguitarplayers.com\/en\/tienda\/sin categor\u00eda\/amplificador-ashdown-p-bajo-origin-al\/","og_locale":"en_US","og_type":"article","og_title":"AMPLIFICADOR ASHDOWN P\/BAJO ORIGIN-AL - Mexican Guitar Players","og_description":"Amplificador de estado s\u00f3lido para bajo, potencia de salida: 300 watts, un canal, ecualizador de 5 bandas, 2 salidas de altavoz de 1\/4\u201d, 1 salida XLR DI, 1 salida de aud\u00edfonos, loop de efectos, impedancia de carga m\u00ednima de 4 ohms, dimensiones: 78 x 225 x 182 mm, peso: 2.4 kg.","og_url":"https:\/\/www.mexicanguitarplayers.com\/en\/tienda\/sin categor\u00eda\/amplificador-ashdown-p-bajo-origin-al\/","og_site_name":"Mexican Guitar Players","article_modified_time":"2026-04-10T10:20:56+00:00","twitter_card":"summary_large_image","twitter_misc":{"Est. reading time":"3 minutes"},"schema":{"@context":"https:\/\/schema.org","@graph":[{"@type":["WebPage","ItemPage"],"@id":"https:\/\/www.mexicanguitarplayers.com\/tienda\/sin categor\u00eda\/amplificador-ashdown-p-bajo-origin-al\/","url":"https:\/\/www.mexicanguitarplayers.com\/tienda\/sin categor\u00eda\/amplificador-ashdown-p-bajo-origin-al\/","name":"AMPLIFICADOR ASHDOWN P\/BAJO ORIGIN-AL - Mexican Guitar Players","isPartOf":{"@id":"https:\/\/www.mexicanguitarplayers.com\/#website"},"primaryImageOfPage":{"@id":"https:\/\/www.mexicanguitarplayers.com\/tienda\/sin categor\u00eda\/amplificador-ashdown-p-bajo-origin-al\/#primaryimage"},"image":{"@id":"https:\/\/www.mexicanguitarplayers.com\/tienda\/sin categor\u00eda\/amplificador-ashdown-p-bajo-origin-al\/#primaryimage"},"thumbnailUrl":"https:\/\/www.mexicanguitarplayers.com\/wp-content\/uploads\/2025\/04\/ICASOORIGINAL.jpg","datePublished":"2025-04-09T12:45:17+00:00","dateModified":"2026-04-10T10:20:56+00:00","description":"Amplificador de estado s\u00f3lido para bajo, potencia de salida: 300 watts, un canal, ecualizador de 5 bandas, 2 salidas de altavoz de 1\/4\u201d, 1 salida XLR DI, 1 salida de aud\u00edfonos, loop de efectos, impedancia de carga m\u00ednima de 4 ohms, dimensiones: 78 x 225 x 182 mm, peso: 2.4 kg.","breadcrumb":{"@id":"https:\/\/www.mexicanguitarplayers.com\/tienda\/sin categor\u00eda\/amplificador-ashdown-p-bajo-origin-al\/#breadcrumb"},"inLanguage":"en-US","potentialAction":[{"@type":"ReadAction","target":["https:\/\/www.mexicanguitarplayers.com\/tienda\/sin categor\u00eda\/amplificador-ashdown-p-bajo-origin-al\/"]}]},{"@type":"ImageObject","inLanguage":"en-US","@id":"https:\/\/www.mexicanguitarplayers.com\/tienda\/sin categor\u00eda\/amplificador-ashdown-p-bajo-origin-al\/#primaryimage","url":"https:\/\/www.mexicanguitarplayers.com\/wp-content\/uploads\/2025\/04\/ICASOORIGINAL.jpg","contentUrl":"https:\/\/www.mexicanguitarplayers.com\/wp-content\/uploads\/2025\/04\/ICASOORIGINAL.jpg","width":1600,"height":800},{"@type":"BreadcrumbList","@id":"https:\/\/www.mexicanguitarplayers.com\/tienda\/sin categor\u00eda\/amplificador-ashdown-p-bajo-origin-al\/#breadcrumb","itemListElement":[{"@type":"ListItem","position":1,"name":"Portada","item":"https:\/\/www.mexicanguitarplayers.com\/"},{"@type":"ListItem","position":2,"name":"Tienda","item":"https:\/\/www.mexicanguitarplayers.com\/tienda\/"},{"@type":"ListItem","position":3,"name":"AMPLIFICADOR ASHDOWN P\/BAJO ORIGIN-AL"}]},{"@type":"WebSite","@id":"https:\/\/www.mexicanguitarplayers.com\/#website","url":"https:\/\/www.mexicanguitarplayers.com\/","name":"Mexican Guitar Players","description":"Website","publisher":{"@id":"https:\/\/www.mexicanguitarplayers.com\/#organization"},"potentialAction":[{"@type":"SearchAction","target":{"@type":"EntryPoint","urlTemplate":"https:\/\/www.mexicanguitarplayers.com\/?s={search_term_string}"},"query-input":{"@type":"PropertyValueSpecification","valueRequired":true,"valueName":"search_term_string"}}],"inLanguage":"en-US"},{"@type":"Organization","@id":"https:\/\/www.mexicanguitarplayers.com\/#organization","name":"Mexican Guitar Players","url":"https:\/\/www.mexicanguitarplayers.com\/","logo":{"@type":"ImageObject","inLanguage":"en-US","@id":"https:\/\/www.mexicanguitarplayers.com\/#\/schema\/logo\/image\/","url":"","contentUrl":"","caption":"Mexican Guitar Players"},"image":{"@id":"https:\/\/www.mexicanguitarplayers.com\/#\/schema\/logo\/image\/"}}]}},"brands":[{"id":257,"name":"ASHDOWN","slug":"ashdown"}],"_links":{"self":[{"href":"https:\/\/www.mexicanguitarplayers.com\/en\/wp-json\/wp\/v2\/product\/39723","targetHints":{"allow":["GET"]}}],"collection":[{"href":"https:\/\/www.mexicanguitarplayers.com\/en\/wp-json\/wp\/v2\/product"}],"about":[{"href":"https:\/\/www.mexicanguitarplayers.com\/en\/wp-json\/wp\/v2\/types\/product"}],"replies":[{"embeddable":true,"href":"https:\/\/www.mexicanguitarplayers.com\/en\/wp-json\/wp\/v2\/comments?post=39723"}],"wp:featuredmedia":[{"embeddable":true,"href":"https:\/\/www.mexicanguitarplayers.com\/en\/wp-json\/wp\/v2\/media\/39720"}],"wp:attachment":[{"href":"https:\/\/www.mexicanguitarplayers.com\/en\/wp-json\/wp\/v2\/media?parent=39723"}],"wp:term":[{"taxonomy":"pwb-brand","embeddable":true,"href":"https:\/\/www.mexicanguitarplayers.com\/en\/wp-json\/wp\/v2\/pwb-brand?post=39723"},{"taxonomy":"product_brand","embeddable":true,"href":"https:\/\/www.mexicanguitarplayers.com\/en\/wp-json\/wp\/v2\/product_brand?post=39723"},{"taxonomy":"product_cat","embeddable":true,"href":"https:\/\/www.mexicanguitarplayers.com\/en\/wp-json\/wp\/v2\/product_cat?post=39723"},{"taxonomy":"product_tag","embeddable":true,"href":"https:\/\/www.mexicanguitarplayers.com\/en\/wp-json\/wp\/v2\/product_tag?post=39723"}],"curies":[{"name":"wp","href":"https:\/\/api.w.org\/{rel}","templated":true}]}}