{"id":39726,"date":"2025-04-09T06:45:20","date_gmt":"2025-04-09T12:45:20","guid":{"rendered":"https:\/\/www.mexicanguitarplayers.com\/tienda\/sin categor\u00eda\/microfono-behringer-mod-xm1800s-juego\/"},"modified":"2026-04-10T04:20:56","modified_gmt":"2026-04-10T10:20:56","slug":"microfono-behringer-mod-xm1800s-juego","status":"publish","type":"product","link":"https:\/\/www.mexicanguitarplayers.com\/en\/tienda\/audio\/microfonia\/microfonos-alambricos\/de-mano\/microfono-behringer-mod-xm1800s-juego\/","title":{"rendered":"MICROFONO BEHRINGER MOD. XM1800S (JUEGO)"},"content":{"rendered":"<div style=\"text-align: justify\">\n<div>\n<h3>No te quedes sin micr\u00f3fonos.<\/h3>\n<\/div>\n<div>Pocas cosas son m\u00e1s esenciales para la grabaci\u00f3n o el rendimiento en vivo que los micr\u00f3fonos din\u00e1micos. Pregunta a cualquier ingeniero de audio y te dir\u00e1 que mantengas tantos en la mano c\u00f3mo te sea posible. Behringer ha empaquetado un conjunto de 3 micr\u00f3fonos din\u00e1micos XM1800s de gran sonido en una caja resistente a los impactos con adaptadores de soporte y clips de micr\u00f3fono para que est\u00e9 listo para capturar tu sonido en una resoluci\u00f3n brillante. \u00bfQu\u00e9 es un micr\u00f3fono din\u00e1mico? Los micr\u00f3fonos din\u00e1micos tienen varias ventajas que los hacen ideales para aplicaciones en vivo o para grabar instrumentos amplificados. Son robustos, resistentes a la humeada y pueden lograr una alta ganancia antes de la retroalimentaci\u00f3n. El patr\u00f3n de captaci\u00f3n cardioide de estos micr\u00f3fonos est\u00e1 dise\u00f1ado para capturar la se\u00f1al fuente, como un amplificador de guitarra o un vocalista, mientras evita el sonido fuera del eje. \u00bfPor qu\u00e9 el XM1800S? Si echas un vistazo al escenario en cualquier club, probablemente ver\u00e1s al menos 3 micr\u00f3fonos din\u00e1micos para los vocalistas y a\u00fan m\u00e1s para los tambores y los amplificadores. Este pr\u00e1ctico paquete pone tres micr\u00f3fonos de gran sonido a tu inmediata disposici\u00f3n. Los micr\u00f3fonos XM1800S proporcionan un sonido s\u00faper limpio con una distorsi\u00f3n m\u00ednima, una ligera elevaci\u00f3n de presencia en el rango medio cr\u00edtico y un interruptor On\/Off para breaks en el show. <\/div>\n<div>\n<h4>Quick look<\/h4>\n<\/div>\n<ul style=\"margin: 0px 0px 0px 25px\">\n<li style=\"list-style-type: circle;margin: 5px\">Principio convertidor.<\/li>\n<li style=\"list-style-type: circle;margin: 5px\">Respuesta de frecuencia,<\/li>\n<li style=\"list-style-type: circle;margin: 5px\">Caracter\u00edstica direccional.<\/li>\n<li style=\"list-style-type: circle;margin: 5px\">Impedance.<\/li>\n<li style=\"list-style-type: circle;margin: 5px\">Sensitivity.<\/li>\n<li style=\"list-style-type: circle;margin: 5px\">Connector<\/li>\n<li style=\"list-style-type: circle;margin: 5px\">Dimensions.<\/li>\n<li style=\"list-style-type: circle;margin: 5px\">Weight.<\/li>\n<\/ul>\n<div>\n<div style=\"font-weight: bold\">Principio convertidor.<\/div>\n<div>\n<p>Din\u00e1mico.<\/p>\n<\/div>\n<div style=\"font-weight: bold\">Respuesta de frecuencia,<\/div>\n<div>\n<p>80 Hz &#8211; 15 kHz.<\/p>\n<\/div>\n<div style=\"font-weight: bold\">Caracter\u00edstica direccional.<\/div>\n<div>\n<p>Super cardioide.<\/p>\n<\/div>\n<div style=\"font-weight: bold\">Impedance.<\/div>\n<div>\n<p>600 ohms.<\/p>\n<\/div>\n<div style=\"font-weight: bold\">Sensitivity.<\/div>\n<div>\n<p>-52 dBV (0 dBV = 1 V\/Pa); 2,5 mV\/Pa.<\/p>\n<\/div>\n<div style=\"font-weight: bold\">Connector<\/div>\n<div>\n<p>XLR sim\u00e9trico.<\/p>\n<\/div>\n<div style=\"font-weight: bold\">Dimensions.<\/div>\n<div>\n<p>57.5 x 117.5 x 175 mm.<\/p>\n<\/div>\n<div style=\"font-weight: bold\">Weight.<\/div>\n<div>\n<p>270 g.<\/p>\n<\/div>\n<\/div>\n<\/div>","protected":false},"excerpt":{"rendered":"<p>Set de 3 micr\u00f3fonos cardioides para voz e instrumento, interruptor On\/Off para silenciar durante las pausas, respuesta de frecuencia ultra ancha para un sonido brillante y transparente, salida de se\u00f1al extremadamente alta, caracter\u00edstica cardioide que minimiza el ruido de fondo y la retroalimentaci\u00f3n, filtro integrado de viento esf\u00e9rico y ruido pop, incluye adaptador de soporte de micr\u00f3fono y estuche de transporte resistente a golpes, dimensiones: 57.5 x 117.5 x 175 mm, peso:270 g.&hellip; <a class=\"kt-excerpt-readmore more-link\" href=\"https:\/\/www.mexicanguitarplayers.com\/en\/tienda\/audio\/microfonia\/microfonos-alambricos\/de-mano\/microfono-behringer-mod-xm1800s-juego\/\">Read more<\/a><\/p>","protected":false},"featured_media":39724,"comment_status":"open","ping_status":"closed","template":"","meta":{"kt_blocks_editor_width":""},"pwb-brand":[171],"product_brand":[],"product_cat":[213,218,214,215],"product_tag":[],"class_list":{"0":"post-39726","1":"product","2":"type-product","3":"status-publish","4":"has-post-thumbnail","6":"pwb-brand-behringer","7":"product_cat-audio","8":"product_cat-de-mano","9":"product_cat-microfonia","10":"product_cat-microfonos-alambricos","11":"product_shipping_class-0-5-kg","13":"first","14":"outofstock","15":"taxable","16":"shipping-taxable","17":"purchasable","18":"product-type-simple"},"yoast_head":"<!-- This site is optimized with the Yoast SEO plugin v27.6 - https:\/\/yoast.com\/product\/yoast-seo-wordpress\/ -->\n<title>MICROFONO BEHRINGER MOD. XM1800S (JUEGO) - Mexican Guitar Players<\/title>\n<meta name=\"description\" content=\"Set de 3 micr\u00f3fonos cardioides para voz e instrumento, interruptor On\/Off para silenciar durante las pausas, respuesta de frecuencia ultra ancha para un sonido brillante y transparente, salida de se\u00f1al extremadamente alta, caracter\u00edstica cardioide que minimiza el ruido de fondo y la retroalimentaci\u00f3n, filtro integrado de viento esf\u00e9rico y ruido pop, incluye adaptador de soporte de micr\u00f3fono y estuche de transporte resistente a golpes, dimensiones: 57.5 x 117.5 x 175 mm, peso:270 g.\" \/>\n<meta name=\"robots\" content=\"index, follow, max-snippet:-1, max-image-preview:large, max-video-preview:-1\" \/>\n<link rel=\"canonical\" href=\"https:\/\/www.mexicanguitarplayers.com\/en\/tienda\/sin%20categor\u00eda\/microfono-behringer-mod-xm1800s-juego\/\" \/>\n<meta property=\"og:locale\" content=\"en_US\" \/>\n<meta property=\"og:type\" content=\"article\" \/>\n<meta property=\"og:title\" content=\"MICROFONO BEHRINGER MOD. XM1800S (JUEGO) - Mexican Guitar Players\" \/>\n<meta property=\"og:description\" content=\"Set de 3 micr\u00f3fonos cardioides para voz e instrumento, interruptor On\/Off para silenciar durante las pausas, respuesta de frecuencia ultra ancha para un sonido brillante y transparente, salida de se\u00f1al extremadamente alta, caracter\u00edstica cardioide que minimiza el ruido de fondo y la retroalimentaci\u00f3n, filtro integrado de viento esf\u00e9rico y ruido pop, incluye adaptador de soporte de micr\u00f3fono y estuche de transporte resistente a golpes, dimensiones: 57.5 x 117.5 x 175 mm, peso:270 g.\" \/>\n<meta property=\"og:url\" content=\"https:\/\/www.mexicanguitarplayers.com\/en\/tienda\/sin categor\u00eda\/microfono-behringer-mod-xm1800s-juego\/\" \/>\n<meta property=\"og:site_name\" content=\"Mexican Guitar Players\" \/>\n<meta property=\"article:modified_time\" content=\"2026-04-10T10:20:56+00:00\" \/>\n<meta name=\"twitter:card\" content=\"summary_large_image\" \/>\n<meta name=\"twitter:label1\" content=\"Est. reading time\" \/>\n\t<meta name=\"twitter:data1\" content=\"2 minutes\" \/>\n<script type=\"application\/ld+json\" class=\"yoast-schema-graph\">{\"@context\":\"https:\\\/\\\/schema.org\",\"@graph\":[{\"@type\":[\"WebPage\",\"ItemPage\"],\"@id\":\"https:\\\/\\\/www.mexicanguitarplayers.com\\\/tienda\\\/sin categor\u00eda\\\/microfono-behringer-mod-xm1800s-juego\\\/\",\"url\":\"https:\\\/\\\/www.mexicanguitarplayers.com\\\/tienda\\\/sin categor\u00eda\\\/microfono-behringer-mod-xm1800s-juego\\\/\",\"name\":\"MICROFONO BEHRINGER MOD. XM1800S (JUEGO) - Mexican Guitar Players\",\"isPartOf\":{\"@id\":\"https:\\\/\\\/www.mexicanguitarplayers.com\\\/#website\"},\"primaryImageOfPage\":{\"@id\":\"https:\\\/\\\/www.mexicanguitarplayers.com\\\/tienda\\\/sin categor\u00eda\\\/microfono-behringer-mod-xm1800s-juego\\\/#primaryimage\"},\"image\":{\"@id\":\"https:\\\/\\\/www.mexicanguitarplayers.com\\\/tienda\\\/sin categor\u00eda\\\/microfono-behringer-mod-xm1800s-juego\\\/#primaryimage\"},\"thumbnailUrl\":\"https:\\\/\\\/www.mexicanguitarplayers.com\\\/wp-content\\\/uploads\\\/2025\\\/04\\\/IABEHXM1800S.jpg\",\"datePublished\":\"2025-04-09T12:45:20+00:00\",\"dateModified\":\"2026-04-10T10:20:56+00:00\",\"description\":\"Set de 3 micr\u00f3fonos cardioides para voz e instrumento, interruptor On\\\/Off para silenciar durante las pausas, respuesta de frecuencia ultra ancha para un sonido brillante y transparente, salida de se\u00f1al extremadamente alta, caracter\u00edstica cardioide que minimiza el ruido de fondo y la retroalimentaci\u00f3n, filtro integrado de viento esf\u00e9rico y ruido pop, incluye adaptador de soporte de micr\u00f3fono y estuche de transporte resistente a golpes, dimensiones: 57.5 x 117.5 x 175 mm, peso:270 g.\",\"breadcrumb\":{\"@id\":\"https:\\\/\\\/www.mexicanguitarplayers.com\\\/tienda\\\/sin categor\u00eda\\\/microfono-behringer-mod-xm1800s-juego\\\/#breadcrumb\"},\"inLanguage\":\"en-US\",\"potentialAction\":[{\"@type\":\"ReadAction\",\"target\":[\"https:\\\/\\\/www.mexicanguitarplayers.com\\\/tienda\\\/sin categor\u00eda\\\/microfono-behringer-mod-xm1800s-juego\\\/\"]}]},{\"@type\":\"ImageObject\",\"inLanguage\":\"en-US\",\"@id\":\"https:\\\/\\\/www.mexicanguitarplayers.com\\\/tienda\\\/sin categor\u00eda\\\/microfono-behringer-mod-xm1800s-juego\\\/#primaryimage\",\"url\":\"https:\\\/\\\/www.mexicanguitarplayers.com\\\/wp-content\\\/uploads\\\/2025\\\/04\\\/IABEHXM1800S.jpg\",\"contentUrl\":\"https:\\\/\\\/www.mexicanguitarplayers.com\\\/wp-content\\\/uploads\\\/2025\\\/04\\\/IABEHXM1800S.jpg\",\"width\":1200,\"height\":1200},{\"@type\":\"BreadcrumbList\",\"@id\":\"https:\\\/\\\/www.mexicanguitarplayers.com\\\/tienda\\\/sin categor\u00eda\\\/microfono-behringer-mod-xm1800s-juego\\\/#breadcrumb\",\"itemListElement\":[{\"@type\":\"ListItem\",\"position\":1,\"name\":\"Portada\",\"item\":\"https:\\\/\\\/www.mexicanguitarplayers.com\\\/\"},{\"@type\":\"ListItem\",\"position\":2,\"name\":\"Tienda\",\"item\":\"https:\\\/\\\/www.mexicanguitarplayers.com\\\/tienda\\\/\"},{\"@type\":\"ListItem\",\"position\":3,\"name\":\"MICROFONO BEHRINGER MOD. XM1800S (JUEGO)\"}]},{\"@type\":\"WebSite\",\"@id\":\"https:\\\/\\\/www.mexicanguitarplayers.com\\\/#website\",\"url\":\"https:\\\/\\\/www.mexicanguitarplayers.com\\\/\",\"name\":\"Mexican Guitar Players\",\"description\":\"Website\",\"publisher\":{\"@id\":\"https:\\\/\\\/www.mexicanguitarplayers.com\\\/#organization\"},\"potentialAction\":[{\"@type\":\"SearchAction\",\"target\":{\"@type\":\"EntryPoint\",\"urlTemplate\":\"https:\\\/\\\/www.mexicanguitarplayers.com\\\/?s={search_term_string}\"},\"query-input\":{\"@type\":\"PropertyValueSpecification\",\"valueRequired\":true,\"valueName\":\"search_term_string\"}}],\"inLanguage\":\"en-US\"},{\"@type\":\"Organization\",\"@id\":\"https:\\\/\\\/www.mexicanguitarplayers.com\\\/#organization\",\"name\":\"Mexican Guitar Players\",\"url\":\"https:\\\/\\\/www.mexicanguitarplayers.com\\\/\",\"logo\":{\"@type\":\"ImageObject\",\"inLanguage\":\"en-US\",\"@id\":\"https:\\\/\\\/www.mexicanguitarplayers.com\\\/#\\\/schema\\\/logo\\\/image\\\/\",\"url\":\"\",\"contentUrl\":\"\",\"caption\":\"Mexican Guitar Players\"},\"image\":{\"@id\":\"https:\\\/\\\/www.mexicanguitarplayers.com\\\/#\\\/schema\\\/logo\\\/image\\\/\"}}]}<\/script>\n<!-- \/ Yoast SEO plugin. -->","yoast_head_json":{"title":"MICROFONO BEHRINGER MOD. XM1800S (JUEGO) - Mexican Guitar Players","description":"Set de 3 micr\u00f3fonos cardioides para voz e instrumento, interruptor On\/Off para silenciar durante las pausas, respuesta de frecuencia ultra ancha para un sonido brillante y transparente, salida de se\u00f1al extremadamente alta, caracter\u00edstica cardioide que minimiza el ruido de fondo y la retroalimentaci\u00f3n, filtro integrado de viento esf\u00e9rico y ruido pop, incluye adaptador de soporte de micr\u00f3fono y estuche de transporte resistente a golpes, dimensiones: 57.5 x 117.5 x 175 mm, peso:270 g.","robots":{"index":"index","follow":"follow","max-snippet":"max-snippet:-1","max-image-preview":"max-image-preview:large","max-video-preview":"max-video-preview:-1"},"canonical":"https:\/\/www.mexicanguitarplayers.com\/en\/tienda\/sin categor\u00eda\/microfono-behringer-mod-xm1800s-juego\/","og_locale":"en_US","og_type":"article","og_title":"MICROFONO BEHRINGER MOD. XM1800S (JUEGO) - Mexican Guitar Players","og_description":"Set de 3 micr\u00f3fonos cardioides para voz e instrumento, interruptor On\/Off para silenciar durante las pausas, respuesta de frecuencia ultra ancha para un sonido brillante y transparente, salida de se\u00f1al extremadamente alta, caracter\u00edstica cardioide que minimiza el ruido de fondo y la retroalimentaci\u00f3n, filtro integrado de viento esf\u00e9rico y ruido pop, incluye adaptador de soporte de micr\u00f3fono y estuche de transporte resistente a golpes, dimensiones: 57.5 x 117.5 x 175 mm, peso:270 g.","og_url":"https:\/\/www.mexicanguitarplayers.com\/en\/tienda\/sin categor\u00eda\/microfono-behringer-mod-xm1800s-juego\/","og_site_name":"Mexican Guitar Players","article_modified_time":"2026-04-10T10:20:56+00:00","twitter_card":"summary_large_image","twitter_misc":{"Est. reading time":"2 minutes"},"schema":{"@context":"https:\/\/schema.org","@graph":[{"@type":["WebPage","ItemPage"],"@id":"https:\/\/www.mexicanguitarplayers.com\/tienda\/sin categor\u00eda\/microfono-behringer-mod-xm1800s-juego\/","url":"https:\/\/www.mexicanguitarplayers.com\/tienda\/sin categor\u00eda\/microfono-behringer-mod-xm1800s-juego\/","name":"MICROFONO BEHRINGER MOD. XM1800S (JUEGO) - Mexican Guitar Players","isPartOf":{"@id":"https:\/\/www.mexicanguitarplayers.com\/#website"},"primaryImageOfPage":{"@id":"https:\/\/www.mexicanguitarplayers.com\/tienda\/sin categor\u00eda\/microfono-behringer-mod-xm1800s-juego\/#primaryimage"},"image":{"@id":"https:\/\/www.mexicanguitarplayers.com\/tienda\/sin categor\u00eda\/microfono-behringer-mod-xm1800s-juego\/#primaryimage"},"thumbnailUrl":"https:\/\/www.mexicanguitarplayers.com\/wp-content\/uploads\/2025\/04\/IABEHXM1800S.jpg","datePublished":"2025-04-09T12:45:20+00:00","dateModified":"2026-04-10T10:20:56+00:00","description":"Set de 3 micr\u00f3fonos cardioides para voz e instrumento, interruptor On\/Off para silenciar durante las pausas, respuesta de frecuencia ultra ancha para un sonido brillante y transparente, salida de se\u00f1al extremadamente alta, caracter\u00edstica cardioide que minimiza el ruido de fondo y la retroalimentaci\u00f3n, filtro integrado de viento esf\u00e9rico y ruido pop, incluye adaptador de soporte de micr\u00f3fono y estuche de transporte resistente a golpes, dimensiones: 57.5 x 117.5 x 175 mm, peso:270 g.","breadcrumb":{"@id":"https:\/\/www.mexicanguitarplayers.com\/tienda\/sin categor\u00eda\/microfono-behringer-mod-xm1800s-juego\/#breadcrumb"},"inLanguage":"en-US","potentialAction":[{"@type":"ReadAction","target":["https:\/\/www.mexicanguitarplayers.com\/tienda\/sin categor\u00eda\/microfono-behringer-mod-xm1800s-juego\/"]}]},{"@type":"ImageObject","inLanguage":"en-US","@id":"https:\/\/www.mexicanguitarplayers.com\/tienda\/sin categor\u00eda\/microfono-behringer-mod-xm1800s-juego\/#primaryimage","url":"https:\/\/www.mexicanguitarplayers.com\/wp-content\/uploads\/2025\/04\/IABEHXM1800S.jpg","contentUrl":"https:\/\/www.mexicanguitarplayers.com\/wp-content\/uploads\/2025\/04\/IABEHXM1800S.jpg","width":1200,"height":1200},{"@type":"BreadcrumbList","@id":"https:\/\/www.mexicanguitarplayers.com\/tienda\/sin categor\u00eda\/microfono-behringer-mod-xm1800s-juego\/#breadcrumb","itemListElement":[{"@type":"ListItem","position":1,"name":"Portada","item":"https:\/\/www.mexicanguitarplayers.com\/"},{"@type":"ListItem","position":2,"name":"Tienda","item":"https:\/\/www.mexicanguitarplayers.com\/tienda\/"},{"@type":"ListItem","position":3,"name":"MICROFONO BEHRINGER MOD. XM1800S (JUEGO)"}]},{"@type":"WebSite","@id":"https:\/\/www.mexicanguitarplayers.com\/#website","url":"https:\/\/www.mexicanguitarplayers.com\/","name":"Mexican Guitar Players","description":"Website","publisher":{"@id":"https:\/\/www.mexicanguitarplayers.com\/#organization"},"potentialAction":[{"@type":"SearchAction","target":{"@type":"EntryPoint","urlTemplate":"https:\/\/www.mexicanguitarplayers.com\/?s={search_term_string}"},"query-input":{"@type":"PropertyValueSpecification","valueRequired":true,"valueName":"search_term_string"}}],"inLanguage":"en-US"},{"@type":"Organization","@id":"https:\/\/www.mexicanguitarplayers.com\/#organization","name":"Mexican Guitar Players","url":"https:\/\/www.mexicanguitarplayers.com\/","logo":{"@type":"ImageObject","inLanguage":"en-US","@id":"https:\/\/www.mexicanguitarplayers.com\/#\/schema\/logo\/image\/","url":"","contentUrl":"","caption":"Mexican Guitar Players"},"image":{"@id":"https:\/\/www.mexicanguitarplayers.com\/#\/schema\/logo\/image\/"}}]}},"brands":[{"id":171,"name":"BEHRINGER","slug":"behringer"}],"_links":{"self":[{"href":"https:\/\/www.mexicanguitarplayers.com\/en\/wp-json\/wp\/v2\/product\/39726","targetHints":{"allow":["GET"]}}],"collection":[{"href":"https:\/\/www.mexicanguitarplayers.com\/en\/wp-json\/wp\/v2\/product"}],"about":[{"href":"https:\/\/www.mexicanguitarplayers.com\/en\/wp-json\/wp\/v2\/types\/product"}],"replies":[{"embeddable":true,"href":"https:\/\/www.mexicanguitarplayers.com\/en\/wp-json\/wp\/v2\/comments?post=39726"}],"wp:featuredmedia":[{"embeddable":true,"href":"https:\/\/www.mexicanguitarplayers.com\/en\/wp-json\/wp\/v2\/media\/39724"}],"wp:attachment":[{"href":"https:\/\/www.mexicanguitarplayers.com\/en\/wp-json\/wp\/v2\/media?parent=39726"}],"wp:term":[{"taxonomy":"pwb-brand","embeddable":true,"href":"https:\/\/www.mexicanguitarplayers.com\/en\/wp-json\/wp\/v2\/pwb-brand?post=39726"},{"taxonomy":"product_brand","embeddable":true,"href":"https:\/\/www.mexicanguitarplayers.com\/en\/wp-json\/wp\/v2\/product_brand?post=39726"},{"taxonomy":"product_cat","embeddable":true,"href":"https:\/\/www.mexicanguitarplayers.com\/en\/wp-json\/wp\/v2\/product_cat?post=39726"},{"taxonomy":"product_tag","embeddable":true,"href":"https:\/\/www.mexicanguitarplayers.com\/en\/wp-json\/wp\/v2\/product_tag?post=39726"}],"curies":[{"name":"wp","href":"https:\/\/api.w.org\/{rel}","templated":true}]}}