{"id":39747,"date":"2025-04-09T06:45:48","date_gmt":"2025-04-09T12:45:48","guid":{"rendered":"https:\/\/www.mexicanguitarplayers.com\/tienda\/sin categor\u00eda\/ecualizador-a-r-t-mod-hq-231\/"},"modified":"2026-04-10T04:20:53","modified_gmt":"2026-04-10T10:20:53","slug":"ecualizador-a-r-t-mod-hq-231","status":"publish","type":"product","link":"https:\/\/www.mexicanguitarplayers.com\/en\/tienda\/audio\/procesadores\/procesador-de-frecuencia\/ecualizador-a-r-t-mod-hq-231\/","title":{"rendered":"ECUALIZADOR A.R.T. MOD. HQ-231"},"content":{"rendered":"<div style=\"text-align: justify\">\n<div>\n<h3>La mejor forma de dar forma a tu sonido.<\/h3>\n<\/div>\n<div>El ecualizador gr\u00e1fico dual HQ231 de 31 bandas, es perfecto para cualquier aplicaci\u00f3n de sonido en vivo en donde hay mucho potencial de alta retroalimentaci\u00f3n, incluyendo mezclas de monitor, gabinetes side-fill o situaciones de mezclas FOH. Este ecualizador cuenta con FDC patentado (circuito de detecci\u00f3n de retroalimentaci\u00f3n) con circuiter\u00eda Q constante capaz de entregar una precisi\u00f3n de frecuencia central del 3%. Funciones profesionales como medidor de nivel LED, slider de rango seleccionable de 6 dB o 12 dB, entrada activa balanceada y desbalanceada y conectores de salida, filtros RFI, filtros variables independientes de paso alto (low cut) y de paso bajo (high cut), entrada variable de control de nivel, switch bypass pasivo, indicador de nivel de clip, switch ground-lift y switch de l\u00ednea de voltaje seleccionable, lo hacen ideal para cualquier aplicaci\u00f3n profesional o sistema de touring. Circuito de detecci\u00f3n de retroalimentaci\u00f3n (FDC). El circuito de detecci\u00f3n de retroalimentaci\u00f3n FDC, dise\u00f1ado y desarrollado por ART Engineering, ilumina instant\u00e1neamente un LED en el fader correspondiente en el ecualizador con la se\u00f1al sostenida m\u00e1s grande. Los indicadores LED pueden mostrar inmediatamente qu\u00e9 bandas corresponden a la frecuencia de retroalimentaci\u00f3n, lo que permite al ingeniero de sonido reducir la ganancia  en esa banda para matar r\u00e1pidamente la retroalimentaci\u00f3n al tiempo que mantiene un m\u00ednimo impacto en el sonido del material del programa en vivo. EL FDC act\u00faa tambi\u00e9n como un simple visor de espectro mientras el concierto contin\u00faa, mostrando en d\u00f3nde est\u00e1n las \u00e1reas \u201chot\u201d. Durante la configuraci\u00f3n y el Soundcheck, el FDC puede ser usado para ayudar las resonancias de la sala y el sistema de sonido. Al aumentar la ganancia hasta la retroalimentaci\u00f3n, es f\u00e1cil identificar aquellas frecuencias que probablemente sean un problema. Reduciendo la ganancia en aquellas bandas ayuda a afinar el sistema de sonido y elimina las \u00e1reas problem\u00e1ticas antes de que el show comience. Esto tambi\u00e9n ayuda a aumentar el margen de ganancia antes de la retroalimentaci\u00f3n. Filtrado Q-Constante. El HQ231 cuenta con filtrado q-constante, lo que ayuda al FDC del HQ a trabajar con mayor eficacia mientras ofrece un rendimiento general superior del ecualizador. Q-Constante asegura que incluso al realizar ajustes radicales a una banda de frecuencia, las bandas adyacentes no se ver\u00e1n afectadas. Esto es particularmente cr\u00edtico en aplicaciones profesionales  que incluyen mezclas de monitor y control de la retroalimentaci\u00f3n. Conjunto de caracter\u00edsticas profesionales. Caracter\u00edsticas profesionales como faders deslizantes con rango boost o cut seleccionable de 6 dB o 12 dB asegura que el GQ231 pueda ser usado para una dar una formaci\u00f3n radical al sonido o tener un control preciso del sistema de sonido. Una conexi\u00f3n vers\u00e1til a cualquier sistema de audio en vivo o instalaci\u00f3n se puede hacer de forma sencilla usando las entradas y salidas XLR balanceado, TRS \u00bc\u201d o RCA desbalanceado inclu\u00edas en el panel trasero del HQ231. Filtros pasa altos y pasa bajo, medidor anal\u00f3gico de nivel, controles de nivel de entrada variable, indicadores de nivel de se\u00f1al clip, switch ground-lift, fuente de alimentaci\u00f3n interna y voltaje de l\u00ednea seleccionable completan las caracter\u00edsticas del ecualizador dual de 31 bandas HQ231.<\/div>\n<div>\n<h4>Quick look<\/h4>\n<\/div>\n<ul style=\"margin: 0px 0px 0px 25px\">\n<li style=\"list-style-type: circle;margin: 5px\">Tipo de filtro.<\/li>\n<li style=\"list-style-type: circle;margin: 5px\">Bandas de frecuencia.<\/li>\n<li style=\"list-style-type: circle;margin: 5px\">Frequency response.<\/li>\n<li style=\"list-style-type: circle;margin: 5px\">Indicadores.<\/li>\n<li style=\"list-style-type: circle;margin: 5px\">Input impedance.<\/li>\n<li style=\"list-style-type: circle;margin: 5px\">Conexiones de entrada y salida.<\/li>\n<li style=\"list-style-type: circle;margin: 5px\">Nivel de entrada m\u00e1ximo.<\/li>\n<li style=\"list-style-type: circle;margin: 5px\">Nivel de salida m\u00e1ximo.<\/li>\n<li style=\"list-style-type: circle;margin: 5px\">Energ\u00eda (conmutable).<\/li>\n<li style=\"list-style-type: circle;margin: 5px\">Rango.<\/li>\n<li style=\"list-style-type: circle;margin: 5px\">Distorsi\u00f3n arm\u00f3nica total (THD).<\/li>\n<li style=\"list-style-type: circle;margin: 5px\">Dimensions.<\/li>\n<li style=\"list-style-type: circle;margin: 5px\">Weight.<\/li>\n<\/ul>\n<div>\n<div style=\"font-weight: bold\">Tipo de filtro.<\/div>\n<div>\n<p>Q-Constante -3% precisi\u00f3n central.<\/p>\n<\/div>\n<div style=\"font-weight: bold\">Bandas de frecuencia.<\/div>\n<div>\n<p>2 x 31, 1\/3 octava, espaciado ISO.<\/p>\n<\/div>\n<div style=\"font-weight: bold\">Frequency response.<\/div>\n<div>\n<p>20 Hz &#8211; 20 kHz, \u00b10.5 dB.<\/p>\n<\/div>\n<div style=\"font-weight: bold\">Indicadores.<\/div>\n<div>\n<p>Salida de ruido: -94 dBm (sin ponderar).<\/p>\n<\/div>\n<div style=\"font-weight: bold\">Input impedance.<\/div>\n<div>\n<p>20 kilo-ohms, t\u00edpico.<\/p>\n<\/div>\n<div style=\"font-weight: bold\">Conexiones de entrada y salida.<\/div>\n<div>\n<p>XLR balanceado y TRS 2\/4\u201d activos, RCA desbalanceado.<\/p>\n<\/div>\n<div style=\"font-weight: bold\">Nivel de entrada m\u00e1ximo.<\/div>\n<div>\n<p>+22 dBm.<\/p>\n<\/div>\n<div style=\"font-weight: bold\">Nivel de salida m\u00e1ximo.<\/div>\n<div>\n<p>+22 dBm.<\/p>\n<\/div>\n<div style=\"font-weight: bold\">Energ\u00eda (conmutable).<\/div>\n<div>\n<p>95-125 VAC, 50\/60Hz, 190-250 VAC, 50Hz.<\/p>\n<\/div>\n<div style=\"font-weight: bold\">Rango.<\/div>\n<div>\n<p>\u00b16 dB o \u00b112 dB seleccionable.<\/p>\n<\/div>\n<div style=\"font-weight: bold\">Distorsi\u00f3n arm\u00f3nica total (THD).<\/div>\n<div>\n<p>.01% (20 Hz &#8211; 20 kHz + 10 dBu).<\/p>\n<\/div>\n<div style=\"font-weight: bold\">Dimensions.<\/div>\n<div>\n<p>190.5 x 482.6 x 88.9 mm.<\/p>\n<\/div>\n<div style=\"font-weight: bold\">Weight.<\/div>\n<div>\n<p>5.4 kg.<\/p>\n<\/div>\n<\/div>\n<\/div>","protected":false},"excerpt":{"rendered":"<p>Ecualizador gr\u00e1fico dual de 31 bandas, perfecto para cualquier aplicaci\u00f3n de sonido en vivo, circuito de detecci\u00f3n de retroalimentaci\u00f3n FDC, medidor VU de nivel de salida en cada canal, filtrado Q-Constante, filtros individuales de pasa altos y pasa bajos en cada canal, faders de banda de frecuencia con detecci\u00f3n central, controles independientes de nivel y bypass en cada canal, rel\u00e9 bypass (si se pierde la alimentaci\u00f3n, la se\u00f1al a\u00fan pasar\u00e1), controles de entrada variable, indicadores de nivel de se\u00f1al clip, switch ground-lift, fuente de alimentaci\u00f3n interna, voltaje de l\u00ednea seleccionable, dimensiones: 190.5 x 482.6 x 88.9 mm, peso: 5.4 kg.&hellip; <a class=\"kt-excerpt-readmore more-link\" href=\"https:\/\/www.mexicanguitarplayers.com\/en\/tienda\/audio\/procesadores\/procesador-de-frecuencia\/ecualizador-a-r-t-mod-hq-231\/\">Read more<\/a><\/p>","protected":false},"featured_media":39743,"comment_status":"open","ping_status":"closed","template":"","meta":{"kt_blocks_editor_width":""},"pwb-brand":[531],"product_brand":[],"product_cat":[213,495,493],"product_tag":[],"class_list":{"0":"post-39747","1":"product","2":"type-product","3":"status-publish","4":"has-post-thumbnail","6":"pwb-brand-a-r-t","7":"product_cat-audio","8":"product_cat-procesador-de-frecuencia","9":"product_cat-procesadores","10":"product_shipping_class-5-10-kg","12":"first","13":"outofstock","14":"taxable","15":"shipping-taxable","16":"purchasable","17":"product-type-simple"},"yoast_head":"<!-- This site is optimized with the Yoast SEO plugin v27.5 - https:\/\/yoast.com\/product\/yoast-seo-wordpress\/ -->\n<title>ECUALIZADOR A.R.T. MOD. HQ-231 - Mexican Guitar Players<\/title>\n<meta name=\"description\" content=\"Ecualizador gr\u00e1fico dual de 31 bandas, perfecto para cualquier aplicaci\u00f3n de sonido en vivo, circuito de detecci\u00f3n de retroalimentaci\u00f3n FDC, medidor VU de nivel de salida en cada canal, filtrado Q-Constante, filtros individuales de pasa altos y pasa bajos en cada canal, faders de banda de frecuencia con detecci\u00f3n central, controles independientes de nivel y bypass en cada canal, rel\u00e9 bypass (si se pierde la alimentaci\u00f3n, la se\u00f1al a\u00fan pasar\u00e1), controles de entrada variable, indicadores de nivel de se\u00f1al clip, switch ground-lift, fuente de alimentaci\u00f3n interna, voltaje de l\u00ednea seleccionable, dimensiones: 190.5 x 482.6 x 88.9 mm, peso: 5.4 kg.\" \/>\n<meta name=\"robots\" content=\"index, follow, max-snippet:-1, max-image-preview:large, max-video-preview:-1\" \/>\n<link rel=\"canonical\" href=\"https:\/\/www.mexicanguitarplayers.com\/en\/tienda\/sin%20categor\u00eda\/ecualizador-a-r-t-mod-hq-231\/\" \/>\n<meta property=\"og:locale\" content=\"en_US\" \/>\n<meta property=\"og:type\" content=\"article\" \/>\n<meta property=\"og:title\" content=\"ECUALIZADOR A.R.T. MOD. HQ-231 - Mexican Guitar Players\" \/>\n<meta property=\"og:description\" content=\"Ecualizador gr\u00e1fico dual de 31 bandas, perfecto para cualquier aplicaci\u00f3n de sonido en vivo, circuito de detecci\u00f3n de retroalimentaci\u00f3n FDC, medidor VU de nivel de salida en cada canal, filtrado Q-Constante, filtros individuales de pasa altos y pasa bajos en cada canal, faders de banda de frecuencia con detecci\u00f3n central, controles independientes de nivel y bypass en cada canal, rel\u00e9 bypass (si se pierde la alimentaci\u00f3n, la se\u00f1al a\u00fan pasar\u00e1), controles de entrada variable, indicadores de nivel de se\u00f1al clip, switch ground-lift, fuente de alimentaci\u00f3n interna, voltaje de l\u00ednea seleccionable, dimensiones: 190.5 x 482.6 x 88.9 mm, peso: 5.4 kg.\" \/>\n<meta property=\"og:url\" content=\"https:\/\/www.mexicanguitarplayers.com\/en\/tienda\/sin categor\u00eda\/ecualizador-a-r-t-mod-hq-231\/\" \/>\n<meta property=\"og:site_name\" content=\"Mexican Guitar Players\" \/>\n<meta property=\"article:modified_time\" content=\"2026-04-10T10:20:53+00:00\" \/>\n<meta name=\"twitter:card\" content=\"summary_large_image\" \/>\n<meta name=\"twitter:label1\" content=\"Est. reading time\" \/>\n\t<meta name=\"twitter:data1\" content=\"3 minutes\" \/>\n<script type=\"application\/ld+json\" class=\"yoast-schema-graph\">{\"@context\":\"https:\\\/\\\/schema.org\",\"@graph\":[{\"@type\":[\"WebPage\",\"ItemPage\"],\"@id\":\"https:\\\/\\\/www.mexicanguitarplayers.com\\\/tienda\\\/sin categor\u00eda\\\/ecualizador-a-r-t-mod-hq-231\\\/\",\"url\":\"https:\\\/\\\/www.mexicanguitarplayers.com\\\/tienda\\\/sin categor\u00eda\\\/ecualizador-a-r-t-mod-hq-231\\\/\",\"name\":\"ECUALIZADOR A.R.T. MOD. HQ-231 - Mexican Guitar Players\",\"isPartOf\":{\"@id\":\"https:\\\/\\\/www.mexicanguitarplayers.com\\\/#website\"},\"primaryImageOfPage\":{\"@id\":\"https:\\\/\\\/www.mexicanguitarplayers.com\\\/tienda\\\/sin categor\u00eda\\\/ecualizador-a-r-t-mod-hq-231\\\/#primaryimage\"},\"image\":{\"@id\":\"https:\\\/\\\/www.mexicanguitarplayers.com\\\/tienda\\\/sin categor\u00eda\\\/ecualizador-a-r-t-mod-hq-231\\\/#primaryimage\"},\"thumbnailUrl\":\"https:\\\/\\\/www.mexicanguitarplayers.com\\\/wp-content\\\/uploads\\\/2025\\\/04\\\/IAARTHQ231.jpg\",\"datePublished\":\"2025-04-09T12:45:48+00:00\",\"dateModified\":\"2026-04-10T10:20:53+00:00\",\"description\":\"Ecualizador gr\u00e1fico dual de 31 bandas, perfecto para cualquier aplicaci\u00f3n de sonido en vivo, circuito de detecci\u00f3n de retroalimentaci\u00f3n FDC, medidor VU de nivel de salida en cada canal, filtrado Q-Constante, filtros individuales de pasa altos y pasa bajos en cada canal, faders de banda de frecuencia con detecci\u00f3n central, controles independientes de nivel y bypass en cada canal, rel\u00e9 bypass (si se pierde la alimentaci\u00f3n, la se\u00f1al a\u00fan pasar\u00e1), controles de entrada variable, indicadores de nivel de se\u00f1al clip, switch ground-lift, fuente de alimentaci\u00f3n interna, voltaje de l\u00ednea seleccionable, dimensiones: 190.5 x 482.6 x 88.9 mm, peso: 5.4 kg.\",\"breadcrumb\":{\"@id\":\"https:\\\/\\\/www.mexicanguitarplayers.com\\\/tienda\\\/sin categor\u00eda\\\/ecualizador-a-r-t-mod-hq-231\\\/#breadcrumb\"},\"inLanguage\":\"en-US\",\"potentialAction\":[{\"@type\":\"ReadAction\",\"target\":[\"https:\\\/\\\/www.mexicanguitarplayers.com\\\/tienda\\\/sin categor\u00eda\\\/ecualizador-a-r-t-mod-hq-231\\\/\"]}]},{\"@type\":\"ImageObject\",\"inLanguage\":\"en-US\",\"@id\":\"https:\\\/\\\/www.mexicanguitarplayers.com\\\/tienda\\\/sin categor\u00eda\\\/ecualizador-a-r-t-mod-hq-231\\\/#primaryimage\",\"url\":\"https:\\\/\\\/www.mexicanguitarplayers.com\\\/wp-content\\\/uploads\\\/2025\\\/04\\\/IAARTHQ231.jpg\",\"contentUrl\":\"https:\\\/\\\/www.mexicanguitarplayers.com\\\/wp-content\\\/uploads\\\/2025\\\/04\\\/IAARTHQ231.jpg\",\"width\":1600,\"height\":800},{\"@type\":\"BreadcrumbList\",\"@id\":\"https:\\\/\\\/www.mexicanguitarplayers.com\\\/tienda\\\/sin categor\u00eda\\\/ecualizador-a-r-t-mod-hq-231\\\/#breadcrumb\",\"itemListElement\":[{\"@type\":\"ListItem\",\"position\":1,\"name\":\"Portada\",\"item\":\"https:\\\/\\\/www.mexicanguitarplayers.com\\\/\"},{\"@type\":\"ListItem\",\"position\":2,\"name\":\"Tienda\",\"item\":\"https:\\\/\\\/www.mexicanguitarplayers.com\\\/tienda\\\/\"},{\"@type\":\"ListItem\",\"position\":3,\"name\":\"ECUALIZADOR A.R.T. MOD. HQ-231\"}]},{\"@type\":\"WebSite\",\"@id\":\"https:\\\/\\\/www.mexicanguitarplayers.com\\\/#website\",\"url\":\"https:\\\/\\\/www.mexicanguitarplayers.com\\\/\",\"name\":\"Mexican Guitar Players\",\"description\":\"Website\",\"publisher\":{\"@id\":\"https:\\\/\\\/www.mexicanguitarplayers.com\\\/#organization\"},\"potentialAction\":[{\"@type\":\"SearchAction\",\"target\":{\"@type\":\"EntryPoint\",\"urlTemplate\":\"https:\\\/\\\/www.mexicanguitarplayers.com\\\/?s={search_term_string}\"},\"query-input\":{\"@type\":\"PropertyValueSpecification\",\"valueRequired\":true,\"valueName\":\"search_term_string\"}}],\"inLanguage\":\"en-US\"},{\"@type\":\"Organization\",\"@id\":\"https:\\\/\\\/www.mexicanguitarplayers.com\\\/#organization\",\"name\":\"Mexican Guitar Players\",\"url\":\"https:\\\/\\\/www.mexicanguitarplayers.com\\\/\",\"logo\":{\"@type\":\"ImageObject\",\"inLanguage\":\"en-US\",\"@id\":\"https:\\\/\\\/www.mexicanguitarplayers.com\\\/#\\\/schema\\\/logo\\\/image\\\/\",\"url\":\"\",\"contentUrl\":\"\",\"caption\":\"Mexican Guitar Players\"},\"image\":{\"@id\":\"https:\\\/\\\/www.mexicanguitarplayers.com\\\/#\\\/schema\\\/logo\\\/image\\\/\"}}]}<\/script>\n<!-- \/ Yoast SEO plugin. -->","yoast_head_json":{"title":"ECUALIZADOR A.R.T. MOD. HQ-231 - Mexican Guitar Players","description":"Ecualizador gr\u00e1fico dual de 31 bandas, perfecto para cualquier aplicaci\u00f3n de sonido en vivo, circuito de detecci\u00f3n de retroalimentaci\u00f3n FDC, medidor VU de nivel de salida en cada canal, filtrado Q-Constante, filtros individuales de pasa altos y pasa bajos en cada canal, faders de banda de frecuencia con detecci\u00f3n central, controles independientes de nivel y bypass en cada canal, rel\u00e9 bypass (si se pierde la alimentaci\u00f3n, la se\u00f1al a\u00fan pasar\u00e1), controles de entrada variable, indicadores de nivel de se\u00f1al clip, switch ground-lift, fuente de alimentaci\u00f3n interna, voltaje de l\u00ednea seleccionable, dimensiones: 190.5 x 482.6 x 88.9 mm, peso: 5.4 kg.","robots":{"index":"index","follow":"follow","max-snippet":"max-snippet:-1","max-image-preview":"max-image-preview:large","max-video-preview":"max-video-preview:-1"},"canonical":"https:\/\/www.mexicanguitarplayers.com\/en\/tienda\/sin categor\u00eda\/ecualizador-a-r-t-mod-hq-231\/","og_locale":"en_US","og_type":"article","og_title":"ECUALIZADOR A.R.T. MOD. HQ-231 - Mexican Guitar Players","og_description":"Ecualizador gr\u00e1fico dual de 31 bandas, perfecto para cualquier aplicaci\u00f3n de sonido en vivo, circuito de detecci\u00f3n de retroalimentaci\u00f3n FDC, medidor VU de nivel de salida en cada canal, filtrado Q-Constante, filtros individuales de pasa altos y pasa bajos en cada canal, faders de banda de frecuencia con detecci\u00f3n central, controles independientes de nivel y bypass en cada canal, rel\u00e9 bypass (si se pierde la alimentaci\u00f3n, la se\u00f1al a\u00fan pasar\u00e1), controles de entrada variable, indicadores de nivel de se\u00f1al clip, switch ground-lift, fuente de alimentaci\u00f3n interna, voltaje de l\u00ednea seleccionable, dimensiones: 190.5 x 482.6 x 88.9 mm, peso: 5.4 kg.","og_url":"https:\/\/www.mexicanguitarplayers.com\/en\/tienda\/sin categor\u00eda\/ecualizador-a-r-t-mod-hq-231\/","og_site_name":"Mexican Guitar Players","article_modified_time":"2026-04-10T10:20:53+00:00","twitter_card":"summary_large_image","twitter_misc":{"Est. reading time":"3 minutes"},"schema":{"@context":"https:\/\/schema.org","@graph":[{"@type":["WebPage","ItemPage"],"@id":"https:\/\/www.mexicanguitarplayers.com\/tienda\/sin categor\u00eda\/ecualizador-a-r-t-mod-hq-231\/","url":"https:\/\/www.mexicanguitarplayers.com\/tienda\/sin categor\u00eda\/ecualizador-a-r-t-mod-hq-231\/","name":"ECUALIZADOR A.R.T. MOD. HQ-231 - Mexican Guitar Players","isPartOf":{"@id":"https:\/\/www.mexicanguitarplayers.com\/#website"},"primaryImageOfPage":{"@id":"https:\/\/www.mexicanguitarplayers.com\/tienda\/sin categor\u00eda\/ecualizador-a-r-t-mod-hq-231\/#primaryimage"},"image":{"@id":"https:\/\/www.mexicanguitarplayers.com\/tienda\/sin categor\u00eda\/ecualizador-a-r-t-mod-hq-231\/#primaryimage"},"thumbnailUrl":"https:\/\/www.mexicanguitarplayers.com\/wp-content\/uploads\/2025\/04\/IAARTHQ231.jpg","datePublished":"2025-04-09T12:45:48+00:00","dateModified":"2026-04-10T10:20:53+00:00","description":"Ecualizador gr\u00e1fico dual de 31 bandas, perfecto para cualquier aplicaci\u00f3n de sonido en vivo, circuito de detecci\u00f3n de retroalimentaci\u00f3n FDC, medidor VU de nivel de salida en cada canal, filtrado Q-Constante, filtros individuales de pasa altos y pasa bajos en cada canal, faders de banda de frecuencia con detecci\u00f3n central, controles independientes de nivel y bypass en cada canal, rel\u00e9 bypass (si se pierde la alimentaci\u00f3n, la se\u00f1al a\u00fan pasar\u00e1), controles de entrada variable, indicadores de nivel de se\u00f1al clip, switch ground-lift, fuente de alimentaci\u00f3n interna, voltaje de l\u00ednea seleccionable, dimensiones: 190.5 x 482.6 x 88.9 mm, peso: 5.4 kg.","breadcrumb":{"@id":"https:\/\/www.mexicanguitarplayers.com\/tienda\/sin categor\u00eda\/ecualizador-a-r-t-mod-hq-231\/#breadcrumb"},"inLanguage":"en-US","potentialAction":[{"@type":"ReadAction","target":["https:\/\/www.mexicanguitarplayers.com\/tienda\/sin categor\u00eda\/ecualizador-a-r-t-mod-hq-231\/"]}]},{"@type":"ImageObject","inLanguage":"en-US","@id":"https:\/\/www.mexicanguitarplayers.com\/tienda\/sin categor\u00eda\/ecualizador-a-r-t-mod-hq-231\/#primaryimage","url":"https:\/\/www.mexicanguitarplayers.com\/wp-content\/uploads\/2025\/04\/IAARTHQ231.jpg","contentUrl":"https:\/\/www.mexicanguitarplayers.com\/wp-content\/uploads\/2025\/04\/IAARTHQ231.jpg","width":1600,"height":800},{"@type":"BreadcrumbList","@id":"https:\/\/www.mexicanguitarplayers.com\/tienda\/sin categor\u00eda\/ecualizador-a-r-t-mod-hq-231\/#breadcrumb","itemListElement":[{"@type":"ListItem","position":1,"name":"Portada","item":"https:\/\/www.mexicanguitarplayers.com\/"},{"@type":"ListItem","position":2,"name":"Tienda","item":"https:\/\/www.mexicanguitarplayers.com\/tienda\/"},{"@type":"ListItem","position":3,"name":"ECUALIZADOR A.R.T. MOD. HQ-231"}]},{"@type":"WebSite","@id":"https:\/\/www.mexicanguitarplayers.com\/#website","url":"https:\/\/www.mexicanguitarplayers.com\/","name":"Mexican Guitar Players","description":"Website","publisher":{"@id":"https:\/\/www.mexicanguitarplayers.com\/#organization"},"potentialAction":[{"@type":"SearchAction","target":{"@type":"EntryPoint","urlTemplate":"https:\/\/www.mexicanguitarplayers.com\/?s={search_term_string}"},"query-input":{"@type":"PropertyValueSpecification","valueRequired":true,"valueName":"search_term_string"}}],"inLanguage":"en-US"},{"@type":"Organization","@id":"https:\/\/www.mexicanguitarplayers.com\/#organization","name":"Mexican Guitar Players","url":"https:\/\/www.mexicanguitarplayers.com\/","logo":{"@type":"ImageObject","inLanguage":"en-US","@id":"https:\/\/www.mexicanguitarplayers.com\/#\/schema\/logo\/image\/","url":"","contentUrl":"","caption":"Mexican Guitar Players"},"image":{"@id":"https:\/\/www.mexicanguitarplayers.com\/#\/schema\/logo\/image\/"}}]}},"brands":[{"id":531,"name":"ART","slug":"a-r-t"}],"_links":{"self":[{"href":"https:\/\/www.mexicanguitarplayers.com\/en\/wp-json\/wp\/v2\/product\/39747","targetHints":{"allow":["GET"]}}],"collection":[{"href":"https:\/\/www.mexicanguitarplayers.com\/en\/wp-json\/wp\/v2\/product"}],"about":[{"href":"https:\/\/www.mexicanguitarplayers.com\/en\/wp-json\/wp\/v2\/types\/product"}],"replies":[{"embeddable":true,"href":"https:\/\/www.mexicanguitarplayers.com\/en\/wp-json\/wp\/v2\/comments?post=39747"}],"wp:featuredmedia":[{"embeddable":true,"href":"https:\/\/www.mexicanguitarplayers.com\/en\/wp-json\/wp\/v2\/media\/39743"}],"wp:attachment":[{"href":"https:\/\/www.mexicanguitarplayers.com\/en\/wp-json\/wp\/v2\/media?parent=39747"}],"wp:term":[{"taxonomy":"pwb-brand","embeddable":true,"href":"https:\/\/www.mexicanguitarplayers.com\/en\/wp-json\/wp\/v2\/pwb-brand?post=39747"},{"taxonomy":"product_brand","embeddable":true,"href":"https:\/\/www.mexicanguitarplayers.com\/en\/wp-json\/wp\/v2\/product_brand?post=39747"},{"taxonomy":"product_cat","embeddable":true,"href":"https:\/\/www.mexicanguitarplayers.com\/en\/wp-json\/wp\/v2\/product_cat?post=39747"},{"taxonomy":"product_tag","embeddable":true,"href":"https:\/\/www.mexicanguitarplayers.com\/en\/wp-json\/wp\/v2\/product_tag?post=39747"}],"curies":[{"name":"wp","href":"https:\/\/api.w.org\/{rel}","templated":true}]}}