{"id":39764,"date":"2025-04-09T06:46:16","date_gmt":"2025-04-09T12:46:16","guid":{"rendered":"https:\/\/www.mexicanguitarplayers.com\/tienda\/sin categor\u00eda\/guitarra-smithfire-electrica-es110-pack\/"},"modified":"2025-04-09T06:46:16","modified_gmt":"2025-04-09T12:46:16","slug":"guitarra-smithfire-electrica-es110-pack","status":"publish","type":"product","link":"https:\/\/www.mexicanguitarplayers.com\/en\/tienda\/cuerdas\/guitarras-cuerdas\/paquetes-guitarras-cuerdas\/paquetes-de-guitarra-electrica\/guitarra-smithfire-electrica-es110-pack\/","title":{"rendered":"GUITARRA SMITHFIRE ELECTRICA ES110 PACK"},"content":{"rendered":"<div style=\"text-align: justify\">\n<div>\n<h3>La combinaci\u00f3n perfecta: versatilidad y poder.<\/h3>\n<\/div>\n<div>Con la guitarra el\u00e9ctrica ES-110 pack de Smithfire estar\u00e1s totalmente completo, est\u00e1 dise\u00f1ada para practicar y tocar en vivo, es ideal para el estilo que tu prefieras, aunque con la guitarra  ES-110 pack podr\u00e1s ejecutar rock cl\u00e1sico y metal sin ning\u00fan problema ya que el equipamiento de sus pastillas te  permite tener una lectura de distorsi\u00f3n muy clara, fiel y potente. Su combo port\u00e1til te permitir\u00e1 llevar tu m\u00fasica a todas partes. Smithfire es una marca propia de Grupo Gonher misma que fue dise\u00f1ada y concebida para satisfacer las necesidades de los guitarristas tanto amateurs como profesionales al proporcionar paquetes que cumplen con los m\u00e1s rigurosos est\u00e1ndares de calidad conservando un precio competitivo y todo el soporte post-venta de Grupo Gohner.<\/div>\n<div>\n<h4>Quick look<\/h4>\n<\/div>\n<ul style=\"margin: 0px 0px 0px 25px\">\n<li style=\"list-style-type: circle;margin: 5px\">Cuerpo de basswood, brazo de maple y diapas\u00f3n  de rosewood.<\/li>\n<li style=\"list-style-type: circle;margin: 5px\">Combo de 15 w con distorsi\u00f3n y 3 pickups.<\/li>\n<li style=\"list-style-type: circle;margin: 5px\">Incluye.<\/li>\n<\/ul>\n<div>\n<div style=\"font-weight: bold\">Cuerpo de basswood, brazo de maple y diapas\u00f3n  de rosewood.<\/div>\n<div>\n<p>Tendr\u00e1s en tus manos una de las combinaciones en maderas m\u00e1s finas y duraderas que puede tener una guitarra, est\u00e1 comprobado por el estricto control de calidad de nuestra marca.<\/p>\n<\/div>\n<div style=\"font-weight: bold\">Combo de 15 w con distorsi\u00f3n y 3 pickups.<\/div>\n<div>\n<p>Tienes la combinaci\u00f3n perfecta entre tu combo y tus 3 pickups, ya que en ning\u00fan momento tendr\u00e1s saturaci\u00f3n cuando est\u00e9s usando la distorsi\u00f3n de tu combo, de igual manera obtendr\u00e1s un sonido claro y brilloso cuando tenga funcionando tu canal limpio.<\/p>\n<\/div>\n<div style=\"font-weight: bold\">Incluye.<\/div>\n<div>\n<p>Combo de 10 watts, funda, tahal\u00ed, cable, p\u00faas y afinador de silbato.<\/p>\n<\/div>\n<\/div>\n<\/div>","protected":false},"excerpt":{"rendered":"<p>Paquete de guitarra el\u00e9ctrica con cuerpo de basswood, brazo de maple y diapas\u00f3nde rosewood, 3 pickups 1 vol, 1 tono, 21 trastes, selector de 5 posiciones, palanca de tremolo, incluye combo de 10 watts, con distorsi\u00f3n, funda suave, tahali,silbato afinador, 3 plumillas y herramientas de ajuste.&hellip; <a class=\"kt-excerpt-readmore more-link\" href=\"https:\/\/www.mexicanguitarplayers.com\/en\/tienda\/cuerdas\/guitarras-cuerdas\/paquetes-guitarras-cuerdas\/paquetes-de-guitarra-electrica\/guitarra-smithfire-electrica-es110-pack\/\">Read more<\/a><\/p>","protected":false},"featured_media":39762,"comment_status":"open","ping_status":"closed","template":"","meta":{"kt_blocks_editor_width":""},"pwb-brand":[373],"product_brand":[],"product_cat":[224,312,437,371],"product_tag":[],"class_list":{"0":"post-39764","1":"product","2":"type-product","3":"status-publish","4":"has-post-thumbnail","6":"pwb-brand-smithfire","7":"product_cat-cuerdas","8":"product_cat-guitarras-cuerdas","9":"product_cat-paquetes-parches","10":"product_cat-paquetes-de-guitarra-electrica","11":"product_shipping_class-5-10-kg","13":"first","14":"outofstock","15":"taxable","16":"shipping-taxable","17":"purchasable","18":"product-type-simple"},"yoast_head":"<!-- This site is optimized with the Yoast SEO plugin v27.3 - https:\/\/yoast.com\/product\/yoast-seo-wordpress\/ -->\n<title>GUITARRA SMITHFIRE ELECTRICA ES110 PACK - Mexican Guitar Players<\/title>\n<meta name=\"description\" content=\"Paquete de guitarra el\u00e9ctrica con cuerpo de basswood, brazo de maple y diapas\u00f3nde rosewood, 3 pickups 1 vol, 1 tono, 21 trastes, selector de 5 posiciones, palanca de tremolo, incluye combo de 10 watts, con distorsi\u00f3n, funda suave, tahali,silbato afinador, 3 plumillas y herramientas de ajuste.\" \/>\n<meta name=\"robots\" content=\"index, follow, max-snippet:-1, max-image-preview:large, max-video-preview:-1\" \/>\n<link rel=\"canonical\" href=\"https:\/\/www.mexicanguitarplayers.com\/en\/tienda\/sin%20categor\u00eda\/guitarra-smithfire-electrica-es110-pack\/\" \/>\n<meta property=\"og:locale\" content=\"en_US\" \/>\n<meta property=\"og:type\" content=\"article\" \/>\n<meta property=\"og:title\" content=\"GUITARRA SMITHFIRE ELECTRICA ES110 PACK - Mexican Guitar Players\" \/>\n<meta property=\"og:description\" content=\"Paquete de guitarra el\u00e9ctrica con cuerpo de basswood, brazo de maple y diapas\u00f3nde rosewood, 3 pickups 1 vol, 1 tono, 21 trastes, selector de 5 posiciones, palanca de tremolo, incluye combo de 10 watts, con distorsi\u00f3n, funda suave, tahali,silbato afinador, 3 plumillas y herramientas de ajuste.\" \/>\n<meta property=\"og:url\" content=\"https:\/\/www.mexicanguitarplayers.com\/en\/tienda\/sin categor\u00eda\/guitarra-smithfire-electrica-es110-pack\/\" \/>\n<meta property=\"og:site_name\" content=\"Mexican Guitar Players\" \/>\n<meta name=\"twitter:card\" content=\"summary_large_image\" \/>\n<meta name=\"twitter:label1\" content=\"Est. reading time\" \/>\n\t<meta name=\"twitter:data1\" content=\"1 minute\" \/>\n<script type=\"application\/ld+json\" class=\"yoast-schema-graph\">{\"@context\":\"https:\\\/\\\/schema.org\",\"@graph\":[{\"@type\":[\"WebPage\",\"ItemPage\"],\"@id\":\"https:\\\/\\\/www.mexicanguitarplayers.com\\\/tienda\\\/sin categor\u00eda\\\/guitarra-smithfire-electrica-es110-pack\\\/\",\"url\":\"https:\\\/\\\/www.mexicanguitarplayers.com\\\/tienda\\\/sin categor\u00eda\\\/guitarra-smithfire-electrica-es110-pack\\\/\",\"name\":\"GUITARRA SMITHFIRE ELECTRICA ES110 PACK - Mexican Guitar Players\",\"isPartOf\":{\"@id\":\"https:\\\/\\\/www.mexicanguitarplayers.com\\\/#website\"},\"primaryImageOfPage\":{\"@id\":\"https:\\\/\\\/www.mexicanguitarplayers.com\\\/tienda\\\/sin categor\u00eda\\\/guitarra-smithfire-electrica-es110-pack\\\/#primaryimage\"},\"image\":{\"@id\":\"https:\\\/\\\/www.mexicanguitarplayers.com\\\/tienda\\\/sin categor\u00eda\\\/guitarra-smithfire-electrica-es110-pack\\\/#primaryimage\"},\"thumbnailUrl\":\"https:\\\/\\\/www.mexicanguitarplayers.com\\\/wp-content\\\/uploads\\\/2025\\\/04\\\/ISSMIES110PACK.jpg\",\"datePublished\":\"2025-04-09T12:46:16+00:00\",\"description\":\"Paquete de guitarra el\u00e9ctrica con cuerpo de basswood, brazo de maple y diapas\u00f3nde rosewood, 3 pickups 1 vol, 1 tono, 21 trastes, selector de 5 posiciones, palanca de tremolo, incluye combo de 10 watts, con distorsi\u00f3n, funda suave, tahali,silbato afinador, 3 plumillas y herramientas de ajuste.\",\"breadcrumb\":{\"@id\":\"https:\\\/\\\/www.mexicanguitarplayers.com\\\/tienda\\\/sin categor\u00eda\\\/guitarra-smithfire-electrica-es110-pack\\\/#breadcrumb\"},\"inLanguage\":\"en-US\",\"potentialAction\":[{\"@type\":\"ReadAction\",\"target\":[\"https:\\\/\\\/www.mexicanguitarplayers.com\\\/tienda\\\/sin categor\u00eda\\\/guitarra-smithfire-electrica-es110-pack\\\/\"]}]},{\"@type\":\"ImageObject\",\"inLanguage\":\"en-US\",\"@id\":\"https:\\\/\\\/www.mexicanguitarplayers.com\\\/tienda\\\/sin categor\u00eda\\\/guitarra-smithfire-electrica-es110-pack\\\/#primaryimage\",\"url\":\"https:\\\/\\\/www.mexicanguitarplayers.com\\\/wp-content\\\/uploads\\\/2025\\\/04\\\/ISSMIES110PACK.jpg\",\"contentUrl\":\"https:\\\/\\\/www.mexicanguitarplayers.com\\\/wp-content\\\/uploads\\\/2025\\\/04\\\/ISSMIES110PACK.jpg\",\"width\":1200,\"height\":1200},{\"@type\":\"BreadcrumbList\",\"@id\":\"https:\\\/\\\/www.mexicanguitarplayers.com\\\/tienda\\\/sin categor\u00eda\\\/guitarra-smithfire-electrica-es110-pack\\\/#breadcrumb\",\"itemListElement\":[{\"@type\":\"ListItem\",\"position\":1,\"name\":\"Portada\",\"item\":\"https:\\\/\\\/www.mexicanguitarplayers.com\\\/\"},{\"@type\":\"ListItem\",\"position\":2,\"name\":\"Tienda\",\"item\":\"https:\\\/\\\/www.mexicanguitarplayers.com\\\/tienda\\\/\"},{\"@type\":\"ListItem\",\"position\":3,\"name\":\"GUITARRA SMITHFIRE ELECTRICA ES110 PACK\"}]},{\"@type\":\"WebSite\",\"@id\":\"https:\\\/\\\/www.mexicanguitarplayers.com\\\/#website\",\"url\":\"https:\\\/\\\/www.mexicanguitarplayers.com\\\/\",\"name\":\"Mexican Guitar Players\",\"description\":\"Website\",\"publisher\":{\"@id\":\"https:\\\/\\\/www.mexicanguitarplayers.com\\\/#organization\"},\"potentialAction\":[{\"@type\":\"SearchAction\",\"target\":{\"@type\":\"EntryPoint\",\"urlTemplate\":\"https:\\\/\\\/www.mexicanguitarplayers.com\\\/?s={search_term_string}\"},\"query-input\":{\"@type\":\"PropertyValueSpecification\",\"valueRequired\":true,\"valueName\":\"search_term_string\"}}],\"inLanguage\":\"en-US\"},{\"@type\":\"Organization\",\"@id\":\"https:\\\/\\\/www.mexicanguitarplayers.com\\\/#organization\",\"name\":\"Mexican Guitar Players\",\"url\":\"https:\\\/\\\/www.mexicanguitarplayers.com\\\/\",\"logo\":{\"@type\":\"ImageObject\",\"inLanguage\":\"en-US\",\"@id\":\"https:\\\/\\\/www.mexicanguitarplayers.com\\\/#\\\/schema\\\/logo\\\/image\\\/\",\"url\":\"\",\"contentUrl\":\"\",\"caption\":\"Mexican Guitar Players\"},\"image\":{\"@id\":\"https:\\\/\\\/www.mexicanguitarplayers.com\\\/#\\\/schema\\\/logo\\\/image\\\/\"}}]}<\/script>\n<!-- \/ Yoast SEO plugin. -->","yoast_head_json":{"title":"GUITARRA SMITHFIRE ELECTRICA ES110 PACK - Mexican Guitar Players","description":"Paquete de guitarra el\u00e9ctrica con cuerpo de basswood, brazo de maple y diapas\u00f3nde rosewood, 3 pickups 1 vol, 1 tono, 21 trastes, selector de 5 posiciones, palanca de tremolo, incluye combo de 10 watts, con distorsi\u00f3n, funda suave, tahali,silbato afinador, 3 plumillas y herramientas de ajuste.","robots":{"index":"index","follow":"follow","max-snippet":"max-snippet:-1","max-image-preview":"max-image-preview:large","max-video-preview":"max-video-preview:-1"},"canonical":"https:\/\/www.mexicanguitarplayers.com\/en\/tienda\/sin categor\u00eda\/guitarra-smithfire-electrica-es110-pack\/","og_locale":"en_US","og_type":"article","og_title":"GUITARRA SMITHFIRE ELECTRICA ES110 PACK - Mexican Guitar Players","og_description":"Paquete de guitarra el\u00e9ctrica con cuerpo de basswood, brazo de maple y diapas\u00f3nde rosewood, 3 pickups 1 vol, 1 tono, 21 trastes, selector de 5 posiciones, palanca de tremolo, incluye combo de 10 watts, con distorsi\u00f3n, funda suave, tahali,silbato afinador, 3 plumillas y herramientas de ajuste.","og_url":"https:\/\/www.mexicanguitarplayers.com\/en\/tienda\/sin categor\u00eda\/guitarra-smithfire-electrica-es110-pack\/","og_site_name":"Mexican Guitar Players","twitter_card":"summary_large_image","twitter_misc":{"Est. reading time":"1 minute"},"schema":{"@context":"https:\/\/schema.org","@graph":[{"@type":["WebPage","ItemPage"],"@id":"https:\/\/www.mexicanguitarplayers.com\/tienda\/sin categor\u00eda\/guitarra-smithfire-electrica-es110-pack\/","url":"https:\/\/www.mexicanguitarplayers.com\/tienda\/sin categor\u00eda\/guitarra-smithfire-electrica-es110-pack\/","name":"GUITARRA SMITHFIRE ELECTRICA ES110 PACK - Mexican Guitar Players","isPartOf":{"@id":"https:\/\/www.mexicanguitarplayers.com\/#website"},"primaryImageOfPage":{"@id":"https:\/\/www.mexicanguitarplayers.com\/tienda\/sin categor\u00eda\/guitarra-smithfire-electrica-es110-pack\/#primaryimage"},"image":{"@id":"https:\/\/www.mexicanguitarplayers.com\/tienda\/sin categor\u00eda\/guitarra-smithfire-electrica-es110-pack\/#primaryimage"},"thumbnailUrl":"https:\/\/www.mexicanguitarplayers.com\/wp-content\/uploads\/2025\/04\/ISSMIES110PACK.jpg","datePublished":"2025-04-09T12:46:16+00:00","description":"Paquete de guitarra el\u00e9ctrica con cuerpo de basswood, brazo de maple y diapas\u00f3nde rosewood, 3 pickups 1 vol, 1 tono, 21 trastes, selector de 5 posiciones, palanca de tremolo, incluye combo de 10 watts, con distorsi\u00f3n, funda suave, tahali,silbato afinador, 3 plumillas y herramientas de ajuste.","breadcrumb":{"@id":"https:\/\/www.mexicanguitarplayers.com\/tienda\/sin categor\u00eda\/guitarra-smithfire-electrica-es110-pack\/#breadcrumb"},"inLanguage":"en-US","potentialAction":[{"@type":"ReadAction","target":["https:\/\/www.mexicanguitarplayers.com\/tienda\/sin categor\u00eda\/guitarra-smithfire-electrica-es110-pack\/"]}]},{"@type":"ImageObject","inLanguage":"en-US","@id":"https:\/\/www.mexicanguitarplayers.com\/tienda\/sin categor\u00eda\/guitarra-smithfire-electrica-es110-pack\/#primaryimage","url":"https:\/\/www.mexicanguitarplayers.com\/wp-content\/uploads\/2025\/04\/ISSMIES110PACK.jpg","contentUrl":"https:\/\/www.mexicanguitarplayers.com\/wp-content\/uploads\/2025\/04\/ISSMIES110PACK.jpg","width":1200,"height":1200},{"@type":"BreadcrumbList","@id":"https:\/\/www.mexicanguitarplayers.com\/tienda\/sin categor\u00eda\/guitarra-smithfire-electrica-es110-pack\/#breadcrumb","itemListElement":[{"@type":"ListItem","position":1,"name":"Portada","item":"https:\/\/www.mexicanguitarplayers.com\/"},{"@type":"ListItem","position":2,"name":"Tienda","item":"https:\/\/www.mexicanguitarplayers.com\/tienda\/"},{"@type":"ListItem","position":3,"name":"GUITARRA SMITHFIRE ELECTRICA ES110 PACK"}]},{"@type":"WebSite","@id":"https:\/\/www.mexicanguitarplayers.com\/#website","url":"https:\/\/www.mexicanguitarplayers.com\/","name":"Mexican Guitar Players","description":"Website","publisher":{"@id":"https:\/\/www.mexicanguitarplayers.com\/#organization"},"potentialAction":[{"@type":"SearchAction","target":{"@type":"EntryPoint","urlTemplate":"https:\/\/www.mexicanguitarplayers.com\/?s={search_term_string}"},"query-input":{"@type":"PropertyValueSpecification","valueRequired":true,"valueName":"search_term_string"}}],"inLanguage":"en-US"},{"@type":"Organization","@id":"https:\/\/www.mexicanguitarplayers.com\/#organization","name":"Mexican Guitar Players","url":"https:\/\/www.mexicanguitarplayers.com\/","logo":{"@type":"ImageObject","inLanguage":"en-US","@id":"https:\/\/www.mexicanguitarplayers.com\/#\/schema\/logo\/image\/","url":"","contentUrl":"","caption":"Mexican Guitar Players"},"image":{"@id":"https:\/\/www.mexicanguitarplayers.com\/#\/schema\/logo\/image\/"}}]}},"brands":[{"id":373,"name":"SMITHFIRE","slug":"smithfire"}],"_links":{"self":[{"href":"https:\/\/www.mexicanguitarplayers.com\/en\/wp-json\/wp\/v2\/product\/39764","targetHints":{"allow":["GET"]}}],"collection":[{"href":"https:\/\/www.mexicanguitarplayers.com\/en\/wp-json\/wp\/v2\/product"}],"about":[{"href":"https:\/\/www.mexicanguitarplayers.com\/en\/wp-json\/wp\/v2\/types\/product"}],"replies":[{"embeddable":true,"href":"https:\/\/www.mexicanguitarplayers.com\/en\/wp-json\/wp\/v2\/comments?post=39764"}],"wp:featuredmedia":[{"embeddable":true,"href":"https:\/\/www.mexicanguitarplayers.com\/en\/wp-json\/wp\/v2\/media\/39762"}],"wp:attachment":[{"href":"https:\/\/www.mexicanguitarplayers.com\/en\/wp-json\/wp\/v2\/media?parent=39764"}],"wp:term":[{"taxonomy":"pwb-brand","embeddable":true,"href":"https:\/\/www.mexicanguitarplayers.com\/en\/wp-json\/wp\/v2\/pwb-brand?post=39764"},{"taxonomy":"product_brand","embeddable":true,"href":"https:\/\/www.mexicanguitarplayers.com\/en\/wp-json\/wp\/v2\/product_brand?post=39764"},{"taxonomy":"product_cat","embeddable":true,"href":"https:\/\/www.mexicanguitarplayers.com\/en\/wp-json\/wp\/v2\/product_cat?post=39764"},{"taxonomy":"product_tag","embeddable":true,"href":"https:\/\/www.mexicanguitarplayers.com\/en\/wp-json\/wp\/v2\/product_tag?post=39764"}],"curies":[{"name":"wp","href":"https:\/\/api.w.org\/{rel}","templated":true}]}}