{"id":39804,"date":"2025-04-09T06:47:11","date_gmt":"2025-04-09T12:47:11","guid":{"rendered":"https:\/\/www.mexicanguitarplayers.com\/tienda\/sin categor\u00eda\/driver-eighteen-1-4-mod-nsd1460n\/"},"modified":"2025-04-30T16:15:09","modified_gmt":"2025-04-30T22:15:09","slug":"driver-eighteen-1-4-mod-nsd1460n","status":"publish","type":"product","link":"https:\/\/www.mexicanguitarplayers.com\/en\/tienda\/audio\/bafles-y-bocinas\/bocinas-y-componentes\/agudos\/driver-eighteen-1-4-mod-nsd1460n\/","title":{"rendered":"DRIVER EIGHTEEN 1.4  MOD. NSD1460N"},"content":{"rendered":"<div style=\"text-align: justify\">\n<div>\n<h3>Un gran sonido.<\/h3>\n<\/div>\n<div>NSD1460N es un driver de compresi\u00f3n de neodimio, dise\u00f1ado para aplicarse en sistemas de sonido de la mejor calidad. La c\u00fapula de nitruro de titanio (TiN) mejora la rigidez con beneficios directos en la respuesta de distorsi\u00f3n transitoria y de intermodulaci\u00f3n. Con su muy alto valor de m\u00f3dulo de elasticidad (6 veces m\u00e1s alto que el berilio), la capa de nitruro duplica la rigidez del diafragma, extendiendo el rango de frecuencia de movimiento del pist\u00f3n en un 25% y mostrando una disminuci\u00f3n de respuesta de frecuencia ideal sin resonancias espurias de alta gama. El diafragma de titanio se produce internamente en Eighteen Sound y se ha desarrollado para garantizar una respuesta transitoria incomparable; la forma de suspensi\u00f3n elipsoidal libre de nitruro se ha dise\u00f1ado para mantener una rigidez constante del titanio, asegurando una distorsi\u00f3n del tercer arm\u00f3nico inferior al 0.05% en todo rango de frecuencia de trabajo. El ensamblaje del diafragma se realiza uniendo el embobinador directamente al domo de titanio en su borde de doblez superior. En comparaci\u00f3n con una junta anterior recta habitual, este tipo de junta asegura una transferencia de energ\u00eda de frecuencia extendida para una linealidad de respuesta mejorada y una confiabilidad sin igual, lo que permite un mejor control del movimiento del domo en condiciones reales de trabajo. El embobinador de Nomex tratado, es adecuado para su uso en ambientes con mayor contenido de humedad, muestra un valor 30% m\u00e1s alto de alargamiento por tracci\u00f3n a una temperatura operativa de trabajo (200\u00b0 C) en comparaci\u00f3n con Kapton. Al usar con cuidado piezas elementales de neodimio, el flujo del conjunto de im\u00e1n alcanza los 19 KGauss en el entrehierro, reduce el efecto de inductancia y la distorsi\u00f3n. Los cuatro conductos de aire de la placa superior han sido dise\u00f1ados para actuar como una c\u00e1mara de carga para el diafragma implementando las cifras de distorsi\u00f3n y respuesta de banda media. Un anillo-O personalizado crea un selo herm\u00e9tico entre la placa y la cubierta que asegura la carga de la c\u00e1mara de aire. La excelente disipaci\u00f3n de calor y el intercambio t\u00e9rmico est\u00e1n garantizados por el contacto directo entre la estructura magn\u00e9tica y la cubierta de aluminio que proporciona un valor de compresi\u00f3n de potencia m\u00e1s bajo. Se aplica un recubrimiento especial a la estructura magn\u00e9tica, lo que hace que el NSD1460N sea resistente a los efectos corrosivos de las sales y la oxidaci\u00f3n.<\/div>\n<div>\n<h4>Quick look<\/h4>\n<\/div>\n<ul style=\"margin: 0px 0px 0px 25px\">\n<li style=\"list-style-type: circle;margin: 5px\">Di\u00e1metro de la garganta.<\/li>\n<li style=\"list-style-type: circle;margin: 5px\">Impedance.<\/li>\n<li style=\"list-style-type: circle;margin: 5px\">Resistencia DC.<\/li>\n<li style=\"list-style-type: circle;margin: 5px\">Impedancia m\u00ednima.<\/li>\n<li style=\"list-style-type: circle;margin: 5px\">Le (a 1 kHz).<\/li>\n<li style=\"list-style-type: circle;margin: 5px\">Power.<\/li>\n<li style=\"list-style-type: circle;margin: 5px\">Sensitivity.<\/li>\n<li style=\"list-style-type: circle;margin: 5px\">Rango de frecuencia.<\/li>\n<li style=\"list-style-type: circle;margin: 5px\">Frecuencia de crossover recomendada.<\/li>\n<li style=\"list-style-type: circle;margin: 5px\">Material del diafragma.<\/li>\n<li style=\"list-style-type: circle;margin: 5px\">Di\u00e1metro de la bobina de altavoz.<\/li>\n<li style=\"list-style-type: circle;margin: 5px\">Material de la bobina de altavoz.<\/li>\n<li style=\"list-style-type: circle;margin: 5px\">Material magn\u00e9tico.<\/li>\n<li style=\"list-style-type: circle;margin: 5px\">Densidad de flujo.<\/li>\n<li style=\"list-style-type: circle;margin: 5px\">Factor BL.<\/li>\n<li style=\"list-style-type: circle;margin: 5px\">Polaridad.<\/li>\n<li style=\"list-style-type: circle;margin: 5px\">Di\u00e1metro total.<\/li>\n<li style=\"list-style-type: circle;margin: 5px\">Profundidad total.<\/li>\n<li style=\"list-style-type: circle;margin: 5px\">Peso neto.<\/li>\n<\/ul>\n<div>\n<div style=\"font-weight: bold\">Di\u00e1metro de la garganta.<\/div>\n<div>\n<p>1.4&#8243; pulgadas (35.5 mm).<\/p>\n<\/div>\n<div style=\"font-weight: bold\">Impedance.<\/div>\n<div>\n<p>8 ohms.<\/p>\n<\/div>\n<div style=\"font-weight: bold\">Resistencia DC.<\/div>\n<div>\n<p>6.2 ohms.<\/p>\n<\/div>\n<div style=\"font-weight: bold\">Impedancia m\u00ednima.<\/div>\n<div>\n<p>8 ohms a 3500 Hz.<\/p>\n<\/div>\n<div style=\"font-weight: bold\">Le (a 1 kHz).<\/div>\n<div>\n<p>124 \u00b5H.<\/p>\n<\/div>\n<div style=\"font-weight: bold\">Power.<\/div>\n<div>\n<p>AES: 100 Watts por encima de los 1.2 kHz. PROGRAMA: 200 Watts por encima de los 1.2 kHz.<\/p>\n<\/div>\n<div style=\"font-weight: bold\">Sensitivity.<\/div>\n<div>\n<p>110 dB.<\/p>\n<\/div>\n<div style=\"font-weight: bold\">Rango de frecuencia.<\/div>\n<div>\n<p>500 Hz \u00f7 20 kHz.<\/p>\n<\/div>\n<div style=\"font-weight: bold\">Frecuencia de crossover recomendada.<\/div>\n<div>\n<p>Por encima de los 800 Hz (12 dB \/ octava).<\/p>\n<\/div>\n<div style=\"font-weight: bold\">Material del diafragma.<\/div>\n<div>\n<p>Titanio tratado.<\/p>\n<\/div>\n<div style=\"font-weight: bold\">Di\u00e1metro de la bobina de altavoz.<\/div>\n<div>\n<p>2.93&#8243; pulgadas (74.4 mm).<\/p>\n<\/div>\n<div style=\"font-weight: bold\">Material de la bobina de altavoz.<\/div>\n<div>\n<p>Borde de aluminio enrollado.<\/p>\n<\/div>\n<div style=\"font-weight: bold\">Material magn\u00e9tico.<\/div>\n<div>\n<p>Neodimio.<\/p>\n<\/div>\n<div style=\"font-weight: bold\">Densidad de flujo.<\/div>\n<div>\n<p>1.9 T.<\/p>\n<\/div>\n<div style=\"font-weight: bold\">Factor BL.<\/div>\n<div>\n<p>13.5 N\/A.<\/p>\n<\/div>\n<div style=\"font-weight: bold\">Polaridad.<\/div>\n<div>\n<p>Tensi\u00f3n positiva en el terminal rojo que da una presi\u00f3n positiva en la garganta.<\/p>\n<\/div>\n<div style=\"font-weight: bold\">Di\u00e1metro total.<\/div>\n<div>\n<p>5.22&#8243; pulgadas (132.5 mm).<\/p>\n<\/div>\n<div style=\"font-weight: bold\">Profundidad total.<\/div>\n<div>\n<p>2.5&#8243; pulgadas (62 mm).<\/p>\n<\/div>\n<div style=\"font-weight: bold\">Peso neto.<\/div>\n<div>\n<p>3.4 kg.<\/p>\n<\/div>\n<\/div>\n<\/div>","protected":false},"excerpt":{"rendered":"<p>Driver neo de compresi\u00f3n de alta frecuencia, garganta de salida de 1.4\u201d, sensibilidad: 110 dB, c\u00fapula recubierta de nitruro de titanio, poderosa tecnolog\u00eda de movimiento de pist\u00f3n verdadero (TPM), excelente intercambio de calor, impedancia: 8 ohms, potencia AES: 100W, potencia programa: 200W, rango de frecuencia: 500 Hz &#8211; 20 kHz, diafragma de titanio tratado con embobinador de borde de aluminio, bobina m\u00f3vil de 2.93\u201d, peso: 3.2 kg.&hellip; <a class=\"kt-excerpt-readmore more-link\" href=\"https:\/\/www.mexicanguitarplayers.com\/en\/tienda\/audio\/bafles-y-bocinas\/bocinas-y-componentes\/agudos\/driver-eighteen-1-4-mod-nsd1460n\/\">Read more<\/a><\/p>","protected":false},"featured_media":39800,"comment_status":"open","ping_status":"closed","template":"","meta":{"kt_blocks_editor_width":""},"pwb-brand":[533],"product_brand":[],"product_cat":[530,213,221,474],"product_tag":[],"class_list":{"0":"post-39804","1":"product","2":"type-product","3":"status-publish","4":"has-post-thumbnail","6":"pwb-brand-eighteen-sound","7":"product_cat-agudos","8":"product_cat-audio","9":"product_cat-bafles-y-bocinas","10":"product_cat-bocinas-y-componentes","11":"product_shipping_class-0-5-kg","13":"first","14":"outofstock","15":"taxable","16":"shipping-taxable","17":"purchasable","18":"product-type-simple"},"yoast_head":"<!-- This site is optimized with the Yoast SEO plugin v27.3 - https:\/\/yoast.com\/product\/yoast-seo-wordpress\/ -->\n<title>DRIVER EIGHTEEN 1.4 MOD. NSD1460N - Mexican Guitar Players<\/title>\n<meta name=\"description\" content=\"Driver neo de compresi\u00f3n de alta frecuencia, garganta de salida de 1.4\u201d, sensibilidad: 110 dB, c\u00fapula recubierta de nitruro de titanio, poderosa tecnolog\u00eda de movimiento de pist\u00f3n verdadero (TPM), excelente intercambio de calor, impedancia: 8 ohms, potencia AES: 100W, potencia programa: 200W, rango de frecuencia: 500 Hz - 20 kHz, diafragma de titanio tratado con embobinador de borde de aluminio, bobina m\u00f3vil de 2.93\u201d, peso: 3.2 kg.\" \/>\n<meta name=\"robots\" content=\"index, follow, max-snippet:-1, max-image-preview:large, max-video-preview:-1\" \/>\n<link rel=\"canonical\" href=\"https:\/\/www.mexicanguitarplayers.com\/en\/tienda\/sin%20categor\u00eda\/driver-eighteen-1-4-mod-nsd1460n\/\" \/>\n<meta property=\"og:locale\" content=\"en_US\" \/>\n<meta property=\"og:type\" content=\"article\" \/>\n<meta property=\"og:title\" content=\"DRIVER EIGHTEEN 1.4 MOD. NSD1460N - Mexican Guitar Players\" \/>\n<meta property=\"og:description\" content=\"Driver neo de compresi\u00f3n de alta frecuencia, garganta de salida de 1.4\u201d, sensibilidad: 110 dB, c\u00fapula recubierta de nitruro de titanio, poderosa tecnolog\u00eda de movimiento de pist\u00f3n verdadero (TPM), excelente intercambio de calor, impedancia: 8 ohms, potencia AES: 100W, potencia programa: 200W, rango de frecuencia: 500 Hz - 20 kHz, diafragma de titanio tratado con embobinador de borde de aluminio, bobina m\u00f3vil de 2.93\u201d, peso: 3.2 kg.\" \/>\n<meta property=\"og:url\" content=\"https:\/\/www.mexicanguitarplayers.com\/en\/tienda\/sin categor\u00eda\/driver-eighteen-1-4-mod-nsd1460n\/\" \/>\n<meta property=\"og:site_name\" content=\"Mexican Guitar Players\" \/>\n<meta property=\"article:modified_time\" content=\"2025-04-30T22:15:09+00:00\" \/>\n<meta name=\"twitter:card\" content=\"summary_large_image\" \/>\n<meta name=\"twitter:label1\" content=\"Est. reading time\" \/>\n\t<meta name=\"twitter:data1\" content=\"3 minutes\" \/>\n<script type=\"application\/ld+json\" class=\"yoast-schema-graph\">{\"@context\":\"https:\\\/\\\/schema.org\",\"@graph\":[{\"@type\":[\"WebPage\",\"ItemPage\"],\"@id\":\"https:\\\/\\\/www.mexicanguitarplayers.com\\\/tienda\\\/sin categor\u00eda\\\/driver-eighteen-1-4-mod-nsd1460n\\\/\",\"url\":\"https:\\\/\\\/www.mexicanguitarplayers.com\\\/tienda\\\/sin categor\u00eda\\\/driver-eighteen-1-4-mod-nsd1460n\\\/\",\"name\":\"DRIVER EIGHTEEN 1.4 MOD. NSD1460N - Mexican Guitar Players\",\"isPartOf\":{\"@id\":\"https:\\\/\\\/www.mexicanguitarplayers.com\\\/#website\"},\"primaryImageOfPage\":{\"@id\":\"https:\\\/\\\/www.mexicanguitarplayers.com\\\/tienda\\\/sin categor\u00eda\\\/driver-eighteen-1-4-mod-nsd1460n\\\/#primaryimage\"},\"image\":{\"@id\":\"https:\\\/\\\/www.mexicanguitarplayers.com\\\/tienda\\\/sin categor\u00eda\\\/driver-eighteen-1-4-mod-nsd1460n\\\/#primaryimage\"},\"thumbnailUrl\":\"https:\\\/\\\/www.mexicanguitarplayers.com\\\/wp-content\\\/uploads\\\/2025\\\/04\\\/IAEIGNSD1460N.jpg\",\"datePublished\":\"2025-04-09T12:47:11+00:00\",\"dateModified\":\"2025-04-30T22:15:09+00:00\",\"description\":\"Driver neo de compresi\u00f3n de alta frecuencia, garganta de salida de 1.4\u201d, sensibilidad: 110 dB, c\u00fapula recubierta de nitruro de titanio, poderosa tecnolog\u00eda de movimiento de pist\u00f3n verdadero (TPM), excelente intercambio de calor, impedancia: 8 ohms, potencia AES: 100W, potencia programa: 200W, rango de frecuencia: 500 Hz - 20 kHz, diafragma de titanio tratado con embobinador de borde de aluminio, bobina m\u00f3vil de 2.93\u201d, peso: 3.2 kg.\",\"breadcrumb\":{\"@id\":\"https:\\\/\\\/www.mexicanguitarplayers.com\\\/tienda\\\/sin categor\u00eda\\\/driver-eighteen-1-4-mod-nsd1460n\\\/#breadcrumb\"},\"inLanguage\":\"en-US\",\"potentialAction\":[{\"@type\":\"ReadAction\",\"target\":[\"https:\\\/\\\/www.mexicanguitarplayers.com\\\/tienda\\\/sin categor\u00eda\\\/driver-eighteen-1-4-mod-nsd1460n\\\/\"]}]},{\"@type\":\"ImageObject\",\"inLanguage\":\"en-US\",\"@id\":\"https:\\\/\\\/www.mexicanguitarplayers.com\\\/tienda\\\/sin categor\u00eda\\\/driver-eighteen-1-4-mod-nsd1460n\\\/#primaryimage\",\"url\":\"https:\\\/\\\/www.mexicanguitarplayers.com\\\/wp-content\\\/uploads\\\/2025\\\/04\\\/IAEIGNSD1460N.jpg\",\"contentUrl\":\"https:\\\/\\\/www.mexicanguitarplayers.com\\\/wp-content\\\/uploads\\\/2025\\\/04\\\/IAEIGNSD1460N.jpg\",\"width\":1200,\"height\":1200},{\"@type\":\"BreadcrumbList\",\"@id\":\"https:\\\/\\\/www.mexicanguitarplayers.com\\\/tienda\\\/sin categor\u00eda\\\/driver-eighteen-1-4-mod-nsd1460n\\\/#breadcrumb\",\"itemListElement\":[{\"@type\":\"ListItem\",\"position\":1,\"name\":\"Portada\",\"item\":\"https:\\\/\\\/www.mexicanguitarplayers.com\\\/\"},{\"@type\":\"ListItem\",\"position\":2,\"name\":\"Tienda\",\"item\":\"https:\\\/\\\/www.mexicanguitarplayers.com\\\/tienda\\\/\"},{\"@type\":\"ListItem\",\"position\":3,\"name\":\"DRIVER EIGHTEEN 1.4 MOD. NSD1460N\"}]},{\"@type\":\"WebSite\",\"@id\":\"https:\\\/\\\/www.mexicanguitarplayers.com\\\/#website\",\"url\":\"https:\\\/\\\/www.mexicanguitarplayers.com\\\/\",\"name\":\"Mexican Guitar Players\",\"description\":\"Website\",\"publisher\":{\"@id\":\"https:\\\/\\\/www.mexicanguitarplayers.com\\\/#organization\"},\"potentialAction\":[{\"@type\":\"SearchAction\",\"target\":{\"@type\":\"EntryPoint\",\"urlTemplate\":\"https:\\\/\\\/www.mexicanguitarplayers.com\\\/?s={search_term_string}\"},\"query-input\":{\"@type\":\"PropertyValueSpecification\",\"valueRequired\":true,\"valueName\":\"search_term_string\"}}],\"inLanguage\":\"en-US\"},{\"@type\":\"Organization\",\"@id\":\"https:\\\/\\\/www.mexicanguitarplayers.com\\\/#organization\",\"name\":\"Mexican Guitar Players\",\"url\":\"https:\\\/\\\/www.mexicanguitarplayers.com\\\/\",\"logo\":{\"@type\":\"ImageObject\",\"inLanguage\":\"en-US\",\"@id\":\"https:\\\/\\\/www.mexicanguitarplayers.com\\\/#\\\/schema\\\/logo\\\/image\\\/\",\"url\":\"\",\"contentUrl\":\"\",\"caption\":\"Mexican Guitar Players\"},\"image\":{\"@id\":\"https:\\\/\\\/www.mexicanguitarplayers.com\\\/#\\\/schema\\\/logo\\\/image\\\/\"}}]}<\/script>\n<!-- \/ Yoast SEO plugin. -->","yoast_head_json":{"title":"DRIVER EIGHTEEN 1.4 MOD. NSD1460N - Mexican Guitar Players","description":"Driver neo de compresi\u00f3n de alta frecuencia, garganta de salida de 1.4\u201d, sensibilidad: 110 dB, c\u00fapula recubierta de nitruro de titanio, poderosa tecnolog\u00eda de movimiento de pist\u00f3n verdadero (TPM), excelente intercambio de calor, impedancia: 8 ohms, potencia AES: 100W, potencia programa: 200W, rango de frecuencia: 500 Hz - 20 kHz, diafragma de titanio tratado con embobinador de borde de aluminio, bobina m\u00f3vil de 2.93\u201d, peso: 3.2 kg.","robots":{"index":"index","follow":"follow","max-snippet":"max-snippet:-1","max-image-preview":"max-image-preview:large","max-video-preview":"max-video-preview:-1"},"canonical":"https:\/\/www.mexicanguitarplayers.com\/en\/tienda\/sin categor\u00eda\/driver-eighteen-1-4-mod-nsd1460n\/","og_locale":"en_US","og_type":"article","og_title":"DRIVER EIGHTEEN 1.4 MOD. NSD1460N - Mexican Guitar Players","og_description":"Driver neo de compresi\u00f3n de alta frecuencia, garganta de salida de 1.4\u201d, sensibilidad: 110 dB, c\u00fapula recubierta de nitruro de titanio, poderosa tecnolog\u00eda de movimiento de pist\u00f3n verdadero (TPM), excelente intercambio de calor, impedancia: 8 ohms, potencia AES: 100W, potencia programa: 200W, rango de frecuencia: 500 Hz - 20 kHz, diafragma de titanio tratado con embobinador de borde de aluminio, bobina m\u00f3vil de 2.93\u201d, peso: 3.2 kg.","og_url":"https:\/\/www.mexicanguitarplayers.com\/en\/tienda\/sin categor\u00eda\/driver-eighteen-1-4-mod-nsd1460n\/","og_site_name":"Mexican Guitar Players","article_modified_time":"2025-04-30T22:15:09+00:00","twitter_card":"summary_large_image","twitter_misc":{"Est. reading time":"3 minutes"},"schema":{"@context":"https:\/\/schema.org","@graph":[{"@type":["WebPage","ItemPage"],"@id":"https:\/\/www.mexicanguitarplayers.com\/tienda\/sin categor\u00eda\/driver-eighteen-1-4-mod-nsd1460n\/","url":"https:\/\/www.mexicanguitarplayers.com\/tienda\/sin categor\u00eda\/driver-eighteen-1-4-mod-nsd1460n\/","name":"DRIVER EIGHTEEN 1.4 MOD. NSD1460N - Mexican Guitar Players","isPartOf":{"@id":"https:\/\/www.mexicanguitarplayers.com\/#website"},"primaryImageOfPage":{"@id":"https:\/\/www.mexicanguitarplayers.com\/tienda\/sin categor\u00eda\/driver-eighteen-1-4-mod-nsd1460n\/#primaryimage"},"image":{"@id":"https:\/\/www.mexicanguitarplayers.com\/tienda\/sin categor\u00eda\/driver-eighteen-1-4-mod-nsd1460n\/#primaryimage"},"thumbnailUrl":"https:\/\/www.mexicanguitarplayers.com\/wp-content\/uploads\/2025\/04\/IAEIGNSD1460N.jpg","datePublished":"2025-04-09T12:47:11+00:00","dateModified":"2025-04-30T22:15:09+00:00","description":"Driver neo de compresi\u00f3n de alta frecuencia, garganta de salida de 1.4\u201d, sensibilidad: 110 dB, c\u00fapula recubierta de nitruro de titanio, poderosa tecnolog\u00eda de movimiento de pist\u00f3n verdadero (TPM), excelente intercambio de calor, impedancia: 8 ohms, potencia AES: 100W, potencia programa: 200W, rango de frecuencia: 500 Hz - 20 kHz, diafragma de titanio tratado con embobinador de borde de aluminio, bobina m\u00f3vil de 2.93\u201d, peso: 3.2 kg.","breadcrumb":{"@id":"https:\/\/www.mexicanguitarplayers.com\/tienda\/sin categor\u00eda\/driver-eighteen-1-4-mod-nsd1460n\/#breadcrumb"},"inLanguage":"en-US","potentialAction":[{"@type":"ReadAction","target":["https:\/\/www.mexicanguitarplayers.com\/tienda\/sin categor\u00eda\/driver-eighteen-1-4-mod-nsd1460n\/"]}]},{"@type":"ImageObject","inLanguage":"en-US","@id":"https:\/\/www.mexicanguitarplayers.com\/tienda\/sin categor\u00eda\/driver-eighteen-1-4-mod-nsd1460n\/#primaryimage","url":"https:\/\/www.mexicanguitarplayers.com\/wp-content\/uploads\/2025\/04\/IAEIGNSD1460N.jpg","contentUrl":"https:\/\/www.mexicanguitarplayers.com\/wp-content\/uploads\/2025\/04\/IAEIGNSD1460N.jpg","width":1200,"height":1200},{"@type":"BreadcrumbList","@id":"https:\/\/www.mexicanguitarplayers.com\/tienda\/sin categor\u00eda\/driver-eighteen-1-4-mod-nsd1460n\/#breadcrumb","itemListElement":[{"@type":"ListItem","position":1,"name":"Portada","item":"https:\/\/www.mexicanguitarplayers.com\/"},{"@type":"ListItem","position":2,"name":"Tienda","item":"https:\/\/www.mexicanguitarplayers.com\/tienda\/"},{"@type":"ListItem","position":3,"name":"DRIVER EIGHTEEN 1.4 MOD. NSD1460N"}]},{"@type":"WebSite","@id":"https:\/\/www.mexicanguitarplayers.com\/#website","url":"https:\/\/www.mexicanguitarplayers.com\/","name":"Mexican Guitar Players","description":"Website","publisher":{"@id":"https:\/\/www.mexicanguitarplayers.com\/#organization"},"potentialAction":[{"@type":"SearchAction","target":{"@type":"EntryPoint","urlTemplate":"https:\/\/www.mexicanguitarplayers.com\/?s={search_term_string}"},"query-input":{"@type":"PropertyValueSpecification","valueRequired":true,"valueName":"search_term_string"}}],"inLanguage":"en-US"},{"@type":"Organization","@id":"https:\/\/www.mexicanguitarplayers.com\/#organization","name":"Mexican Guitar Players","url":"https:\/\/www.mexicanguitarplayers.com\/","logo":{"@type":"ImageObject","inLanguage":"en-US","@id":"https:\/\/www.mexicanguitarplayers.com\/#\/schema\/logo\/image\/","url":"","contentUrl":"","caption":"Mexican Guitar Players"},"image":{"@id":"https:\/\/www.mexicanguitarplayers.com\/#\/schema\/logo\/image\/"}}]}},"brands":[{"id":533,"name":"EIGHTEEN SOUND","slug":"eighteen-sound"}],"_links":{"self":[{"href":"https:\/\/www.mexicanguitarplayers.com\/en\/wp-json\/wp\/v2\/product\/39804","targetHints":{"allow":["GET"]}}],"collection":[{"href":"https:\/\/www.mexicanguitarplayers.com\/en\/wp-json\/wp\/v2\/product"}],"about":[{"href":"https:\/\/www.mexicanguitarplayers.com\/en\/wp-json\/wp\/v2\/types\/product"}],"replies":[{"embeddable":true,"href":"https:\/\/www.mexicanguitarplayers.com\/en\/wp-json\/wp\/v2\/comments?post=39804"}],"wp:featuredmedia":[{"embeddable":true,"href":"https:\/\/www.mexicanguitarplayers.com\/en\/wp-json\/wp\/v2\/media\/39800"}],"wp:attachment":[{"href":"https:\/\/www.mexicanguitarplayers.com\/en\/wp-json\/wp\/v2\/media?parent=39804"}],"wp:term":[{"taxonomy":"pwb-brand","embeddable":true,"href":"https:\/\/www.mexicanguitarplayers.com\/en\/wp-json\/wp\/v2\/pwb-brand?post=39804"},{"taxonomy":"product_brand","embeddable":true,"href":"https:\/\/www.mexicanguitarplayers.com\/en\/wp-json\/wp\/v2\/product_brand?post=39804"},{"taxonomy":"product_cat","embeddable":true,"href":"https:\/\/www.mexicanguitarplayers.com\/en\/wp-json\/wp\/v2\/product_cat?post=39804"},{"taxonomy":"product_tag","embeddable":true,"href":"https:\/\/www.mexicanguitarplayers.com\/en\/wp-json\/wp\/v2\/product_tag?post=39804"}],"curies":[{"name":"wp","href":"https:\/\/api.w.org\/{rel}","templated":true}]}}