{"id":39834,"date":"2025-04-09T06:47:53","date_gmt":"2025-04-09T12:47:53","guid":{"rendered":"https:\/\/www.mexicanguitarplayers.com\/tienda\/sin categor\u00eda\/audifonos-behringer-mod-hc-2000\/"},"modified":"2026-04-10T04:20:41","modified_gmt":"2026-04-10T10:20:41","slug":"audifonos-behringer-mod-hc-2000","status":"publish","type":"product","link":"https:\/\/www.mexicanguitarplayers.com\/en\/tienda\/audio\/audifonos\/audifono-alambrico\/audifonos-hifi\/audifonos-behringer-mod-hc-2000\/","title":{"rendered":"AUDIFONOS BEHRINGER    MOD. HC 2000"},"content":{"rendered":"<div style=\"text-align: justify\">\n<div>\n<h3>Deja que tu mente vuele.<\/h3>\n<\/div>\n<div>Ya sea que est\u00e9s mezclando una grabaci\u00f3n, monitoreando una l\u00ednea de bajo o simplemente descansando disfrutando de tu canci\u00f3n favorita, requieres unos aud\u00edfonos que brinden una amplia respuesta de frecuencia y un alto rango din\u00e1mico. Nuestros aud\u00edfonos HC 2000 proporcionan un rendimiento incre\u00edble de alta resoluci\u00f3n a un precio al alcance de cualquier presupuesto. Los aud\u00edfonos HC 2000 proporcionan todo lo que necesitas para escuchar con comodidad. Los auriculares con forma ovalada contienen c\u00e1psulas de alta resoluci\u00f3n que ofrecen todos los matices de tu sonido. Cuentan con una diadema ultra c\u00f3moda y un adaptador de 1\/4&#8243; para el conector de 1\/8&#8243;. Son compatibles con todo, desde tu smartphone hasta tu mezcladora de audio.<\/div>\n<div>\n<h4>Quick look<\/h4>\n<\/div>\n<ul style=\"margin: 0px 0px 0px 25px\">\n<li style=\"list-style-type: circle;margin: 5px\">Unidad de driver.<\/li>\n<li style=\"list-style-type: circle;margin: 5px\">Impedance.<\/li>\n<li style=\"list-style-type: circle;margin: 5px\">Sensitivity.<\/li>\n<li style=\"list-style-type: circle;margin: 5px\">Frequency response.<\/li>\n<li style=\"list-style-type: circle;margin: 5px\">Connector<\/li>\n<li style=\"list-style-type: circle;margin: 5px\">Cable.<\/li>\n<\/ul>\n<div>\n<div style=\"font-weight: bold\">Unidad de driver.<\/div>\n<div>\n<p>40 mm.<\/p>\n<\/div>\n<div style=\"font-weight: bold\">Impedance.<\/div>\n<div>\n<p>32 ohms.<\/p>\n<\/div>\n<div style=\"font-weight: bold\">Sensitivity.<\/div>\n<div>\n<p>98 dB (\u00b13 dB).<\/p>\n<\/div>\n<div style=\"font-weight: bold\">Frequency response.<\/div>\n<div>\n<p>20 Hz - 20 kHz.<\/p>\n<\/div>\n<div style=\"font-weight: bold\">Connector<\/div>\n<div>\n<p>Plug 3.5 mm est\u00e9reo con adaptador dorado para 6.3 mm.<\/p>\n<\/div>\n<div style=\"font-weight: bold\">Cable.<\/div>\n<div>\n<p>Cable curveado de 2.5 m.<\/p>\n<\/div>\n<\/div>\n<\/div>","protected":false},"excerpt":{"rendered":"<p>Aud\u00edfonos compactos para monitoreo en estudio, drivers din\u00e1micos de 40 mm que proporcionan una respuesta de frecuencia amplia (20 Hz &#8211; 20 kHz) ofreciendo graves completos y agudos detallados, la calidad excepcional de sonido combinada con la portabilidad te permite disfrutar de tu m\u00fasica mientras viajas, el dise\u00f1o cerrado garantiza un entorno de escucha constante como un aislamiento de sonido excepcional, dise\u00f1o compacto y plegable con c\u00f3modos auriculares acolchados y diadema ajustable, rendimiento optimizado para usar con una amplia gama de dispositivos de audio profesionales y de consumo, impedancia: 32 ohms, sensibilidad: 98 dB, plug est\u00e9reo de 3.5 mm con adaptador dorado para 6.3 mm, cable curveado de 2.5 m.&hellip; <a class=\"kt-excerpt-readmore more-link\" href=\"https:\/\/www.mexicanguitarplayers.com\/en\/tienda\/audio\/audifonos\/audifono-alambrico\/audifonos-hifi\/audifonos-behringer-mod-hc-2000\/\">Read more<\/a><\/p>","protected":false},"featured_media":39830,"comment_status":"open","ping_status":"closed","template":"","meta":{"kt_blocks_editor_width":""},"pwb-brand":[171],"product_brand":[],"product_cat":[506,505,516,213],"product_tag":[],"class_list":{"0":"post-39834","1":"product","2":"type-product","3":"status-publish","4":"has-post-thumbnail","6":"pwb-brand-behringer","7":"product_cat-audifono-alambrico","8":"product_cat-audifonos","9":"product_cat-audifonos-hifi","10":"product_cat-audio","11":"product_shipping_class-0-5-kg","13":"first","14":"outofstock","15":"taxable","16":"shipping-taxable","17":"purchasable","18":"product-type-simple"},"yoast_head":"<!-- This site is optimized with the Yoast SEO plugin v27.5 - https:\/\/yoast.com\/product\/yoast-seo-wordpress\/ -->\n<title>AUDIFONOS BEHRINGER  MOD. HC 2000 - Mexican Guitar Players<\/title>\n<meta name=\"description\" content=\"Aud\u00edfonos compactos para monitoreo en estudio, drivers din\u00e1micos de 40 mm que proporcionan una respuesta de frecuencia amplia (20 Hz - 20 kHz) ofreciendo graves completos y agudos detallados, la calidad excepcional de sonido combinada con la portabilidad te permite disfrutar de tu m\u00fasica mientras viajas, el dise\u00f1o cerrado garantiza un entorno de escucha constante como un aislamiento de sonido excepcional, dise\u00f1o compacto y plegable con c\u00f3modos auriculares acolchados y diadema ajustable, rendimiento optimizado para usar con una amplia gama de dispositivos de audio profesionales y de consumo, impedancia: 32 ohms, sensibilidad: 98 dB, plug est\u00e9reo de 3.5 mm con adaptador dorado para 6.3 mm, cable curveado de 2.5 m.\" \/>\n<meta name=\"robots\" content=\"index, follow, max-snippet:-1, max-image-preview:large, max-video-preview:-1\" \/>\n<link rel=\"canonical\" href=\"https:\/\/www.mexicanguitarplayers.com\/en\/tienda\/sin%20categor\u00eda\/audifonos-behringer-mod-hc-2000\/\" \/>\n<meta property=\"og:locale\" content=\"en_US\" \/>\n<meta property=\"og:type\" content=\"article\" \/>\n<meta property=\"og:title\" content=\"AUDIFONOS BEHRINGER  MOD. HC 2000 - Mexican Guitar Players\" \/>\n<meta property=\"og:description\" content=\"Aud\u00edfonos compactos para monitoreo en estudio, drivers din\u00e1micos de 40 mm que proporcionan una respuesta de frecuencia amplia (20 Hz - 20 kHz) ofreciendo graves completos y agudos detallados, la calidad excepcional de sonido combinada con la portabilidad te permite disfrutar de tu m\u00fasica mientras viajas, el dise\u00f1o cerrado garantiza un entorno de escucha constante como un aislamiento de sonido excepcional, dise\u00f1o compacto y plegable con c\u00f3modos auriculares acolchados y diadema ajustable, rendimiento optimizado para usar con una amplia gama de dispositivos de audio profesionales y de consumo, impedancia: 32 ohms, sensibilidad: 98 dB, plug est\u00e9reo de 3.5 mm con adaptador dorado para 6.3 mm, cable curveado de 2.5 m.\" \/>\n<meta property=\"og:url\" content=\"https:\/\/www.mexicanguitarplayers.com\/en\/tienda\/sin categor\u00eda\/audifonos-behringer-mod-hc-2000\/\" \/>\n<meta property=\"og:site_name\" content=\"Mexican Guitar Players\" \/>\n<meta property=\"article:modified_time\" content=\"2026-04-10T10:20:41+00:00\" \/>\n<meta name=\"twitter:card\" content=\"summary_large_image\" \/>\n<meta name=\"twitter:label1\" content=\"Est. reading time\" \/>\n\t<meta name=\"twitter:data1\" content=\"1 minute\" \/>\n<script type=\"application\/ld+json\" class=\"yoast-schema-graph\">{\"@context\":\"https:\\\/\\\/schema.org\",\"@graph\":[{\"@type\":[\"WebPage\",\"ItemPage\"],\"@id\":\"https:\\\/\\\/www.mexicanguitarplayers.com\\\/tienda\\\/sin categor\u00eda\\\/audifonos-behringer-mod-hc-2000\\\/\",\"url\":\"https:\\\/\\\/www.mexicanguitarplayers.com\\\/tienda\\\/sin categor\u00eda\\\/audifonos-behringer-mod-hc-2000\\\/\",\"name\":\"AUDIFONOS BEHRINGER MOD. HC 2000 - Mexican Guitar Players\",\"isPartOf\":{\"@id\":\"https:\\\/\\\/www.mexicanguitarplayers.com\\\/#website\"},\"primaryImageOfPage\":{\"@id\":\"https:\\\/\\\/www.mexicanguitarplayers.com\\\/tienda\\\/sin categor\u00eda\\\/audifonos-behringer-mod-hc-2000\\\/#primaryimage\"},\"image\":{\"@id\":\"https:\\\/\\\/www.mexicanguitarplayers.com\\\/tienda\\\/sin categor\u00eda\\\/audifonos-behringer-mod-hc-2000\\\/#primaryimage\"},\"thumbnailUrl\":\"https:\\\/\\\/www.mexicanguitarplayers.com\\\/wp-content\\\/uploads\\\/2025\\\/04\\\/VABEHHC2000.jpg\",\"datePublished\":\"2025-04-09T12:47:53+00:00\",\"dateModified\":\"2026-04-10T10:20:41+00:00\",\"description\":\"Aud\u00edfonos compactos para monitoreo en estudio, drivers din\u00e1micos de 40 mm que proporcionan una respuesta de frecuencia amplia (20 Hz - 20 kHz) ofreciendo graves completos y agudos detallados, la calidad excepcional de sonido combinada con la portabilidad te permite disfrutar de tu m\u00fasica mientras viajas, el dise\u00f1o cerrado garantiza un entorno de escucha constante como un aislamiento de sonido excepcional, dise\u00f1o compacto y plegable con c\u00f3modos auriculares acolchados y diadema ajustable, rendimiento optimizado para usar con una amplia gama de dispositivos de audio profesionales y de consumo, impedancia: 32 ohms, sensibilidad: 98 dB, plug est\u00e9reo de 3.5 mm con adaptador dorado para 6.3 mm, cable curveado de 2.5 m.\",\"breadcrumb\":{\"@id\":\"https:\\\/\\\/www.mexicanguitarplayers.com\\\/tienda\\\/sin categor\u00eda\\\/audifonos-behringer-mod-hc-2000\\\/#breadcrumb\"},\"inLanguage\":\"en-US\",\"potentialAction\":[{\"@type\":\"ReadAction\",\"target\":[\"https:\\\/\\\/www.mexicanguitarplayers.com\\\/tienda\\\/sin categor\u00eda\\\/audifonos-behringer-mod-hc-2000\\\/\"]}]},{\"@type\":\"ImageObject\",\"inLanguage\":\"en-US\",\"@id\":\"https:\\\/\\\/www.mexicanguitarplayers.com\\\/tienda\\\/sin categor\u00eda\\\/audifonos-behringer-mod-hc-2000\\\/#primaryimage\",\"url\":\"https:\\\/\\\/www.mexicanguitarplayers.com\\\/wp-content\\\/uploads\\\/2025\\\/04\\\/VABEHHC2000.jpg\",\"contentUrl\":\"https:\\\/\\\/www.mexicanguitarplayers.com\\\/wp-content\\\/uploads\\\/2025\\\/04\\\/VABEHHC2000.jpg\",\"width\":1200,\"height\":1200},{\"@type\":\"BreadcrumbList\",\"@id\":\"https:\\\/\\\/www.mexicanguitarplayers.com\\\/tienda\\\/sin categor\u00eda\\\/audifonos-behringer-mod-hc-2000\\\/#breadcrumb\",\"itemListElement\":[{\"@type\":\"ListItem\",\"position\":1,\"name\":\"Portada\",\"item\":\"https:\\\/\\\/www.mexicanguitarplayers.com\\\/\"},{\"@type\":\"ListItem\",\"position\":2,\"name\":\"Tienda\",\"item\":\"https:\\\/\\\/www.mexicanguitarplayers.com\\\/tienda\\\/\"},{\"@type\":\"ListItem\",\"position\":3,\"name\":\"AUDIFONOS BEHRINGER MOD. HC 2000\"}]},{\"@type\":\"WebSite\",\"@id\":\"https:\\\/\\\/www.mexicanguitarplayers.com\\\/#website\",\"url\":\"https:\\\/\\\/www.mexicanguitarplayers.com\\\/\",\"name\":\"Mexican Guitar Players\",\"description\":\"Website\",\"publisher\":{\"@id\":\"https:\\\/\\\/www.mexicanguitarplayers.com\\\/#organization\"},\"potentialAction\":[{\"@type\":\"SearchAction\",\"target\":{\"@type\":\"EntryPoint\",\"urlTemplate\":\"https:\\\/\\\/www.mexicanguitarplayers.com\\\/?s={search_term_string}\"},\"query-input\":{\"@type\":\"PropertyValueSpecification\",\"valueRequired\":true,\"valueName\":\"search_term_string\"}}],\"inLanguage\":\"en-US\"},{\"@type\":\"Organization\",\"@id\":\"https:\\\/\\\/www.mexicanguitarplayers.com\\\/#organization\",\"name\":\"Mexican Guitar Players\",\"url\":\"https:\\\/\\\/www.mexicanguitarplayers.com\\\/\",\"logo\":{\"@type\":\"ImageObject\",\"inLanguage\":\"en-US\",\"@id\":\"https:\\\/\\\/www.mexicanguitarplayers.com\\\/#\\\/schema\\\/logo\\\/image\\\/\",\"url\":\"\",\"contentUrl\":\"\",\"caption\":\"Mexican Guitar Players\"},\"image\":{\"@id\":\"https:\\\/\\\/www.mexicanguitarplayers.com\\\/#\\\/schema\\\/logo\\\/image\\\/\"}}]}<\/script>\n<!-- \/ Yoast SEO plugin. -->","yoast_head_json":{"title":"AUDIFONOS BEHRINGER  MOD. HC 2000 - Mexican Guitar Players","description":"Aud\u00edfonos compactos para monitoreo en estudio, drivers din\u00e1micos de 40 mm que proporcionan una respuesta de frecuencia amplia (20 Hz - 20 kHz) ofreciendo graves completos y agudos detallados, la calidad excepcional de sonido combinada con la portabilidad te permite disfrutar de tu m\u00fasica mientras viajas, el dise\u00f1o cerrado garantiza un entorno de escucha constante como un aislamiento de sonido excepcional, dise\u00f1o compacto y plegable con c\u00f3modos auriculares acolchados y diadema ajustable, rendimiento optimizado para usar con una amplia gama de dispositivos de audio profesionales y de consumo, impedancia: 32 ohms, sensibilidad: 98 dB, plug est\u00e9reo de 3.5 mm con adaptador dorado para 6.3 mm, cable curveado de 2.5 m.","robots":{"index":"index","follow":"follow","max-snippet":"max-snippet:-1","max-image-preview":"max-image-preview:large","max-video-preview":"max-video-preview:-1"},"canonical":"https:\/\/www.mexicanguitarplayers.com\/en\/tienda\/sin categor\u00eda\/audifonos-behringer-mod-hc-2000\/","og_locale":"en_US","og_type":"article","og_title":"AUDIFONOS BEHRINGER  MOD. HC 2000 - Mexican Guitar Players","og_description":"Aud\u00edfonos compactos para monitoreo en estudio, drivers din\u00e1micos de 40 mm que proporcionan una respuesta de frecuencia amplia (20 Hz - 20 kHz) ofreciendo graves completos y agudos detallados, la calidad excepcional de sonido combinada con la portabilidad te permite disfrutar de tu m\u00fasica mientras viajas, el dise\u00f1o cerrado garantiza un entorno de escucha constante como un aislamiento de sonido excepcional, dise\u00f1o compacto y plegable con c\u00f3modos auriculares acolchados y diadema ajustable, rendimiento optimizado para usar con una amplia gama de dispositivos de audio profesionales y de consumo, impedancia: 32 ohms, sensibilidad: 98 dB, plug est\u00e9reo de 3.5 mm con adaptador dorado para 6.3 mm, cable curveado de 2.5 m.","og_url":"https:\/\/www.mexicanguitarplayers.com\/en\/tienda\/sin categor\u00eda\/audifonos-behringer-mod-hc-2000\/","og_site_name":"Mexican Guitar Players","article_modified_time":"2026-04-10T10:20:41+00:00","twitter_card":"summary_large_image","twitter_misc":{"Est. reading time":"1 minute"},"schema":{"@context":"https:\/\/schema.org","@graph":[{"@type":["WebPage","ItemPage"],"@id":"https:\/\/www.mexicanguitarplayers.com\/tienda\/sin categor\u00eda\/audifonos-behringer-mod-hc-2000\/","url":"https:\/\/www.mexicanguitarplayers.com\/tienda\/sin categor\u00eda\/audifonos-behringer-mod-hc-2000\/","name":"AUDIFONOS BEHRINGER MOD. HC 2000 - Mexican Guitar Players","isPartOf":{"@id":"https:\/\/www.mexicanguitarplayers.com\/#website"},"primaryImageOfPage":{"@id":"https:\/\/www.mexicanguitarplayers.com\/tienda\/sin categor\u00eda\/audifonos-behringer-mod-hc-2000\/#primaryimage"},"image":{"@id":"https:\/\/www.mexicanguitarplayers.com\/tienda\/sin categor\u00eda\/audifonos-behringer-mod-hc-2000\/#primaryimage"},"thumbnailUrl":"https:\/\/www.mexicanguitarplayers.com\/wp-content\/uploads\/2025\/04\/VABEHHC2000.jpg","datePublished":"2025-04-09T12:47:53+00:00","dateModified":"2026-04-10T10:20:41+00:00","description":"Aud\u00edfonos compactos para monitoreo en estudio, drivers din\u00e1micos de 40 mm que proporcionan una respuesta de frecuencia amplia (20 Hz - 20 kHz) ofreciendo graves completos y agudos detallados, la calidad excepcional de sonido combinada con la portabilidad te permite disfrutar de tu m\u00fasica mientras viajas, el dise\u00f1o cerrado garantiza un entorno de escucha constante como un aislamiento de sonido excepcional, dise\u00f1o compacto y plegable con c\u00f3modos auriculares acolchados y diadema ajustable, rendimiento optimizado para usar con una amplia gama de dispositivos de audio profesionales y de consumo, impedancia: 32 ohms, sensibilidad: 98 dB, plug est\u00e9reo de 3.5 mm con adaptador dorado para 6.3 mm, cable curveado de 2.5 m.","breadcrumb":{"@id":"https:\/\/www.mexicanguitarplayers.com\/tienda\/sin categor\u00eda\/audifonos-behringer-mod-hc-2000\/#breadcrumb"},"inLanguage":"en-US","potentialAction":[{"@type":"ReadAction","target":["https:\/\/www.mexicanguitarplayers.com\/tienda\/sin categor\u00eda\/audifonos-behringer-mod-hc-2000\/"]}]},{"@type":"ImageObject","inLanguage":"en-US","@id":"https:\/\/www.mexicanguitarplayers.com\/tienda\/sin categor\u00eda\/audifonos-behringer-mod-hc-2000\/#primaryimage","url":"https:\/\/www.mexicanguitarplayers.com\/wp-content\/uploads\/2025\/04\/VABEHHC2000.jpg","contentUrl":"https:\/\/www.mexicanguitarplayers.com\/wp-content\/uploads\/2025\/04\/VABEHHC2000.jpg","width":1200,"height":1200},{"@type":"BreadcrumbList","@id":"https:\/\/www.mexicanguitarplayers.com\/tienda\/sin categor\u00eda\/audifonos-behringer-mod-hc-2000\/#breadcrumb","itemListElement":[{"@type":"ListItem","position":1,"name":"Portada","item":"https:\/\/www.mexicanguitarplayers.com\/"},{"@type":"ListItem","position":2,"name":"Tienda","item":"https:\/\/www.mexicanguitarplayers.com\/tienda\/"},{"@type":"ListItem","position":3,"name":"AUDIFONOS BEHRINGER MOD. HC 2000"}]},{"@type":"WebSite","@id":"https:\/\/www.mexicanguitarplayers.com\/#website","url":"https:\/\/www.mexicanguitarplayers.com\/","name":"Mexican Guitar Players","description":"Website","publisher":{"@id":"https:\/\/www.mexicanguitarplayers.com\/#organization"},"potentialAction":[{"@type":"SearchAction","target":{"@type":"EntryPoint","urlTemplate":"https:\/\/www.mexicanguitarplayers.com\/?s={search_term_string}"},"query-input":{"@type":"PropertyValueSpecification","valueRequired":true,"valueName":"search_term_string"}}],"inLanguage":"en-US"},{"@type":"Organization","@id":"https:\/\/www.mexicanguitarplayers.com\/#organization","name":"Mexican Guitar Players","url":"https:\/\/www.mexicanguitarplayers.com\/","logo":{"@type":"ImageObject","inLanguage":"en-US","@id":"https:\/\/www.mexicanguitarplayers.com\/#\/schema\/logo\/image\/","url":"","contentUrl":"","caption":"Mexican Guitar Players"},"image":{"@id":"https:\/\/www.mexicanguitarplayers.com\/#\/schema\/logo\/image\/"}}]}},"brands":[{"id":171,"name":"BEHRINGER","slug":"behringer"}],"_links":{"self":[{"href":"https:\/\/www.mexicanguitarplayers.com\/en\/wp-json\/wp\/v2\/product\/39834","targetHints":{"allow":["GET"]}}],"collection":[{"href":"https:\/\/www.mexicanguitarplayers.com\/en\/wp-json\/wp\/v2\/product"}],"about":[{"href":"https:\/\/www.mexicanguitarplayers.com\/en\/wp-json\/wp\/v2\/types\/product"}],"replies":[{"embeddable":true,"href":"https:\/\/www.mexicanguitarplayers.com\/en\/wp-json\/wp\/v2\/comments?post=39834"}],"wp:featuredmedia":[{"embeddable":true,"href":"https:\/\/www.mexicanguitarplayers.com\/en\/wp-json\/wp\/v2\/media\/39830"}],"wp:attachment":[{"href":"https:\/\/www.mexicanguitarplayers.com\/en\/wp-json\/wp\/v2\/media?parent=39834"}],"wp:term":[{"taxonomy":"pwb-brand","embeddable":true,"href":"https:\/\/www.mexicanguitarplayers.com\/en\/wp-json\/wp\/v2\/pwb-brand?post=39834"},{"taxonomy":"product_brand","embeddable":true,"href":"https:\/\/www.mexicanguitarplayers.com\/en\/wp-json\/wp\/v2\/product_brand?post=39834"},{"taxonomy":"product_cat","embeddable":true,"href":"https:\/\/www.mexicanguitarplayers.com\/en\/wp-json\/wp\/v2\/product_cat?post=39834"},{"taxonomy":"product_tag","embeddable":true,"href":"https:\/\/www.mexicanguitarplayers.com\/en\/wp-json\/wp\/v2\/product_tag?post=39834"}],"curies":[{"name":"wp","href":"https:\/\/api.w.org\/{rel}","templated":true}]}}