{"id":39860,"date":"2025-04-09T06:48:32","date_gmt":"2025-04-09T12:48:32","guid":{"rendered":"https:\/\/www.mexicanguitarplayers.com\/tienda\/sin categor\u00eda\/estuche-gator-p-microfono-gtsa-micw6\/"},"modified":"2026-05-01T07:17:51","modified_gmt":"2026-05-01T13:17:51","slug":"estuche-gator-p-microfono-gtsa-micw6","status":"publish","type":"product","link":"https:\/\/www.mexicanguitarplayers.com\/en\/tienda\/accesorios\/varios\/estuche-gator-p-microfono-gtsa-micw6\/","title":{"rendered":"ESTUCHE GATOR P\/MICROFONO GTSA-MICW6"},"content":{"rendered":"<div style=\"text-align: justify\">\n<div>\n<h3>El valor de tus micr\u00f3fonos.<\/h3>\n<\/div>\n<div>Dise\u00f1ado para micr\u00f3fonos, el GTSA-MICW6 de Gator es un estuche de viaje duradero y resistente con gotas de espuma para alojar hasta 6 micr\u00f3fonos inal\u00e1mbricos y adem\u00e1s espacio para almacenar una bater\u00eda. El estuche est\u00e1 fabricado con polietileno moldeado resistente y cuenta con un interior forrado de espuma protectora con la forma de los micr\u00f3fonos y la bater\u00eda. Cada agujero para micr\u00f3fono mide 10.25&#8243; de largo y 2.25&#8243; de profundidad. Cuenta tambi\u00e9n con pestillos de bloqueo TSA con platos de desv\u00edo de impacto y gatillo de liberaci\u00f3n rojo, mango moldeado por inyecci\u00f3n con empu\u00f1adura ergon\u00f3mica y herrajes con recubrimiento en polvo negro y cenefa continua.<\/div>\n<div>\n<h4>Quick look<\/h4>\n<\/div>\n<ul style=\"margin: 0px 0px 0px 25px\">\n<li style=\"list-style-type: circle;margin: 5px\">Longitud exterior.<\/li>\n<li style=\"list-style-type: circle;margin: 5px\">Ancho exterior.<\/li>\n<li style=\"list-style-type: circle;margin: 5px\">Altura exterior.<\/li>\n<li style=\"list-style-type: circle;margin: 5px\">Weight.<\/li>\n<\/ul>\n<div>\n<div style=\"font-weight: bold\">Longitud exterior.<\/div>\n<div>\n<p>18&#8243; pulgadas (457.2 mm).<\/p>\n<\/div>\n<div style=\"font-weight: bold\">Ancho exterior.<\/div>\n<div>\n<p>14&#8243; pulgadas (355.6 mm).<\/p>\n<\/div>\n<div style=\"font-weight: bold\">Altura exterior.<\/div>\n<div>\n<p>5.5&#8243; pulgadas (139.7 mm).<\/p>\n<\/div>\n<div style=\"font-weight: bold\">Weight.<\/div>\n<div>\n<p>3.9 kg.<\/p>\n<\/div>\n<\/div>\n<div>\n<h4>Characteristics<\/h4>\n<\/div>\n<div>\n<ul style=\"margin: 0px 0px 0px 25px\">\n<li style=\"list-style-type: circle;margin: 5px\">Capacidad para hasta 6 micr\u00f3fonos inal\u00e1mbricos con almacenamiento de bater\u00eda.<\/li>\n<li style=\"list-style-type: circle;margin: 5px\">Construcci\u00f3n de polietileno resistente.<\/li>\n<li style=\"list-style-type: circle;margin: 5px\">Interior forrado de espuma protectora con espacios dise\u00f1ados para ajustar bater\u00eda y micr\u00f3fonos.<\/li>\n<li style=\"list-style-type: circle;margin: 5px\">Cada espacio de micr\u00f3fono mide 10.25&#8243; de largo y 2.25&#8243; de profundidad.<\/li>\n<li style=\"list-style-type: circle;margin: 5px\">Pestillos de bloqueo TSA con platos de desv\u00edo de impacto y gatillo de liberaci\u00f3n rojo.<\/li>\n<li style=\"list-style-type: circle;margin: 5px\">Mango moldeado por inyecci\u00f3n con empu\u00f1adura ergon\u00f3mica.<\/li>\n<li style=\"list-style-type: circle;margin: 5px\">Herrajes con recubrimiento en polvo negro y cenefa continua.<\/li>\n<\/ul>\n<\/div>\n<\/div>","protected":false},"excerpt":{"rendered":"<p>Estuche para hasta 6 micr\u00f3fonos inal\u00e1mbricos y bater\u00eda, fabricado con resistente polietileno, interior forrado de espuma protectora con espacios dise\u00f1ados para ajustar la bater\u00eda y los micr\u00f3fonos, cada espacio de micr\u00f3fono mide 10.25\u201d de largo y 2.25\u201d de profundidad, pestillos de bloqueo TSA con platos de desv\u00edo de impacto y gatillo de liberaci\u00f3n rojo, mango moldeado por inyecci\u00f3n con empu\u00f1adura ergon\u00f3mica, herrajes con recubrimiento en polvo negro y cenefa continua, longitud exterior: 18\u201d pulgadas (457.2 mm), ancho exterior: 14\u201d pulgadas (355.6 mm), altura exterior: 5.5\u201d pulgadas (139.7 mm), peso: 3.9 kg.&hellip; <a class=\"kt-excerpt-readmore more-link\" href=\"https:\/\/www.mexicanguitarplayers.com\/en\/tienda\/accesorios\/varios\/estuche-gator-p-microfono-gtsa-micw6\/\">Read more<\/a><\/p>","protected":false},"featured_media":39848,"comment_status":"open","ping_status":"closed","template":"","meta":{"kt_blocks_editor_width":""},"pwb-brand":[572],"product_brand":[],"product_cat":[85,517,249],"product_tag":[],"class_list":{"0":"post-39860","1":"product","2":"type-product","3":"status-publish","4":"has-post-thumbnail","6":"pwb-brand-gator","7":"product_cat-accesorios","8":"product_cat-estuches-y-fundas","9":"product_cat-varios","10":"product_shipping_class-0-5-kg","12":"first","13":"instock","14":"taxable","15":"shipping-taxable","16":"purchasable","17":"product-type-simple"},"yoast_head":"<!-- This site is optimized with the Yoast SEO plugin v27.5 - https:\/\/yoast.com\/product\/yoast-seo-wordpress\/ -->\n<title>ESTUCHE GATOR P\/MICROFONO GTSA-MICW6 - Mexican Guitar Players<\/title>\n<meta name=\"description\" content=\"Estuche para hasta 6 micr\u00f3fonos inal\u00e1mbricos y bater\u00eda, fabricado con resistente polietileno, interior forrado de espuma protectora con espacios dise\u00f1ados para ajustar la bater\u00eda y los micr\u00f3fonos, cada espacio de micr\u00f3fono mide 10.25\u201d de largo y 2.25\u201d de profundidad, pestillos de bloqueo TSA con platos de desv\u00edo de impacto y gatillo de liberaci\u00f3n rojo, mango moldeado por inyecci\u00f3n con empu\u00f1adura ergon\u00f3mica, herrajes con recubrimiento en polvo negro y cenefa continua, longitud exterior: 18\u201d pulgadas (457.2 mm), ancho exterior: 14\u201d pulgadas (355.6 mm), altura exterior: 5.5\u201d pulgadas (139.7 mm), peso: 3.9 kg.\" \/>\n<meta name=\"robots\" content=\"index, follow, max-snippet:-1, max-image-preview:large, max-video-preview:-1\" \/>\n<link rel=\"canonical\" href=\"https:\/\/www.mexicanguitarplayers.com\/en\/tienda\/sin%20categor\u00eda\/estuche-gator-p-microfono-gtsa-micw6\/\" \/>\n<meta property=\"og:locale\" content=\"en_US\" \/>\n<meta property=\"og:type\" content=\"article\" \/>\n<meta property=\"og:title\" content=\"ESTUCHE GATOR P\/MICROFONO GTSA-MICW6 - Mexican Guitar Players\" \/>\n<meta property=\"og:description\" content=\"Estuche para hasta 6 micr\u00f3fonos inal\u00e1mbricos y bater\u00eda, fabricado con resistente polietileno, interior forrado de espuma protectora con espacios dise\u00f1ados para ajustar la bater\u00eda y los micr\u00f3fonos, cada espacio de micr\u00f3fono mide 10.25\u201d de largo y 2.25\u201d de profundidad, pestillos de bloqueo TSA con platos de desv\u00edo de impacto y gatillo de liberaci\u00f3n rojo, mango moldeado por inyecci\u00f3n con empu\u00f1adura ergon\u00f3mica, herrajes con recubrimiento en polvo negro y cenefa continua, longitud exterior: 18\u201d pulgadas (457.2 mm), ancho exterior: 14\u201d pulgadas (355.6 mm), altura exterior: 5.5\u201d pulgadas (139.7 mm), peso: 3.9 kg.\" \/>\n<meta property=\"og:url\" content=\"https:\/\/www.mexicanguitarplayers.com\/en\/tienda\/sin categor\u00eda\/estuche-gator-p-microfono-gtsa-micw6\/\" \/>\n<meta property=\"og:site_name\" content=\"Mexican Guitar Players\" \/>\n<meta property=\"article:modified_time\" content=\"2026-05-01T13:17:51+00:00\" \/>\n<meta name=\"twitter:card\" content=\"summary_large_image\" \/>\n<meta name=\"twitter:label1\" content=\"Est. reading time\" \/>\n\t<meta name=\"twitter:data1\" content=\"1 minute\" \/>\n<script type=\"application\/ld+json\" class=\"yoast-schema-graph\">{\"@context\":\"https:\\\/\\\/schema.org\",\"@graph\":[{\"@type\":[\"WebPage\",\"ItemPage\"],\"@id\":\"https:\\\/\\\/www.mexicanguitarplayers.com\\\/tienda\\\/sin categor\u00eda\\\/estuche-gator-p-microfono-gtsa-micw6\\\/\",\"url\":\"https:\\\/\\\/www.mexicanguitarplayers.com\\\/tienda\\\/sin categor\u00eda\\\/estuche-gator-p-microfono-gtsa-micw6\\\/\",\"name\":\"ESTUCHE GATOR P\\\/MICROFONO GTSA-MICW6 - Mexican Guitar Players\",\"isPartOf\":{\"@id\":\"https:\\\/\\\/www.mexicanguitarplayers.com\\\/#website\"},\"primaryImageOfPage\":{\"@id\":\"https:\\\/\\\/www.mexicanguitarplayers.com\\\/tienda\\\/sin categor\u00eda\\\/estuche-gator-p-microfono-gtsa-micw6\\\/#primaryimage\"},\"image\":{\"@id\":\"https:\\\/\\\/www.mexicanguitarplayers.com\\\/tienda\\\/sin categor\u00eda\\\/estuche-gator-p-microfono-gtsa-micw6\\\/#primaryimage\"},\"thumbnailUrl\":\"https:\\\/\\\/www.mexicanguitarplayers.com\\\/wp-content\\\/uploads\\\/2025\\\/04\\\/VAGATGTSAMICW6.jpg\",\"datePublished\":\"2025-04-09T12:48:32+00:00\",\"dateModified\":\"2026-05-01T13:17:51+00:00\",\"description\":\"Estuche para hasta 6 micr\u00f3fonos inal\u00e1mbricos y bater\u00eda, fabricado con resistente polietileno, interior forrado de espuma protectora con espacios dise\u00f1ados para ajustar la bater\u00eda y los micr\u00f3fonos, cada espacio de micr\u00f3fono mide 10.25\u201d de largo y 2.25\u201d de profundidad, pestillos de bloqueo TSA con platos de desv\u00edo de impacto y gatillo de liberaci\u00f3n rojo, mango moldeado por inyecci\u00f3n con empu\u00f1adura ergon\u00f3mica, herrajes con recubrimiento en polvo negro y cenefa continua, longitud exterior: 18\u201d pulgadas (457.2 mm), ancho exterior: 14\u201d pulgadas (355.6 mm), altura exterior: 5.5\u201d pulgadas (139.7 mm), peso: 3.9 kg.\",\"breadcrumb\":{\"@id\":\"https:\\\/\\\/www.mexicanguitarplayers.com\\\/tienda\\\/sin categor\u00eda\\\/estuche-gator-p-microfono-gtsa-micw6\\\/#breadcrumb\"},\"inLanguage\":\"en-US\",\"potentialAction\":[{\"@type\":\"ReadAction\",\"target\":[\"https:\\\/\\\/www.mexicanguitarplayers.com\\\/tienda\\\/sin categor\u00eda\\\/estuche-gator-p-microfono-gtsa-micw6\\\/\"]}]},{\"@type\":\"ImageObject\",\"inLanguage\":\"en-US\",\"@id\":\"https:\\\/\\\/www.mexicanguitarplayers.com\\\/tienda\\\/sin categor\u00eda\\\/estuche-gator-p-microfono-gtsa-micw6\\\/#primaryimage\",\"url\":\"https:\\\/\\\/www.mexicanguitarplayers.com\\\/wp-content\\\/uploads\\\/2025\\\/04\\\/VAGATGTSAMICW6.jpg\",\"contentUrl\":\"https:\\\/\\\/www.mexicanguitarplayers.com\\\/wp-content\\\/uploads\\\/2025\\\/04\\\/VAGATGTSAMICW6.jpg\",\"width\":1200,\"height\":1200},{\"@type\":\"BreadcrumbList\",\"@id\":\"https:\\\/\\\/www.mexicanguitarplayers.com\\\/tienda\\\/sin categor\u00eda\\\/estuche-gator-p-microfono-gtsa-micw6\\\/#breadcrumb\",\"itemListElement\":[{\"@type\":\"ListItem\",\"position\":1,\"name\":\"Portada\",\"item\":\"https:\\\/\\\/www.mexicanguitarplayers.com\\\/\"},{\"@type\":\"ListItem\",\"position\":2,\"name\":\"Tienda\",\"item\":\"https:\\\/\\\/www.mexicanguitarplayers.com\\\/tienda\\\/\"},{\"@type\":\"ListItem\",\"position\":3,\"name\":\"ESTUCHE GATOR P\\\/MICROFONO GTSA-MICW6\"}]},{\"@type\":\"WebSite\",\"@id\":\"https:\\\/\\\/www.mexicanguitarplayers.com\\\/#website\",\"url\":\"https:\\\/\\\/www.mexicanguitarplayers.com\\\/\",\"name\":\"Mexican Guitar Players\",\"description\":\"Website\",\"publisher\":{\"@id\":\"https:\\\/\\\/www.mexicanguitarplayers.com\\\/#organization\"},\"potentialAction\":[{\"@type\":\"SearchAction\",\"target\":{\"@type\":\"EntryPoint\",\"urlTemplate\":\"https:\\\/\\\/www.mexicanguitarplayers.com\\\/?s={search_term_string}\"},\"query-input\":{\"@type\":\"PropertyValueSpecification\",\"valueRequired\":true,\"valueName\":\"search_term_string\"}}],\"inLanguage\":\"en-US\"},{\"@type\":\"Organization\",\"@id\":\"https:\\\/\\\/www.mexicanguitarplayers.com\\\/#organization\",\"name\":\"Mexican Guitar Players\",\"url\":\"https:\\\/\\\/www.mexicanguitarplayers.com\\\/\",\"logo\":{\"@type\":\"ImageObject\",\"inLanguage\":\"en-US\",\"@id\":\"https:\\\/\\\/www.mexicanguitarplayers.com\\\/#\\\/schema\\\/logo\\\/image\\\/\",\"url\":\"\",\"contentUrl\":\"\",\"caption\":\"Mexican Guitar Players\"},\"image\":{\"@id\":\"https:\\\/\\\/www.mexicanguitarplayers.com\\\/#\\\/schema\\\/logo\\\/image\\\/\"}}]}<\/script>\n<!-- \/ Yoast SEO plugin. -->","yoast_head_json":{"title":"ESTUCHE GATOR P\/MICROFONO GTSA-MICW6 - Mexican Guitar Players","description":"Estuche para hasta 6 micr\u00f3fonos inal\u00e1mbricos y bater\u00eda, fabricado con resistente polietileno, interior forrado de espuma protectora con espacios dise\u00f1ados para ajustar la bater\u00eda y los micr\u00f3fonos, cada espacio de micr\u00f3fono mide 10.25\u201d de largo y 2.25\u201d de profundidad, pestillos de bloqueo TSA con platos de desv\u00edo de impacto y gatillo de liberaci\u00f3n rojo, mango moldeado por inyecci\u00f3n con empu\u00f1adura ergon\u00f3mica, herrajes con recubrimiento en polvo negro y cenefa continua, longitud exterior: 18\u201d pulgadas (457.2 mm), ancho exterior: 14\u201d pulgadas (355.6 mm), altura exterior: 5.5\u201d pulgadas (139.7 mm), peso: 3.9 kg.","robots":{"index":"index","follow":"follow","max-snippet":"max-snippet:-1","max-image-preview":"max-image-preview:large","max-video-preview":"max-video-preview:-1"},"canonical":"https:\/\/www.mexicanguitarplayers.com\/en\/tienda\/sin categor\u00eda\/estuche-gator-p-microfono-gtsa-micw6\/","og_locale":"en_US","og_type":"article","og_title":"ESTUCHE GATOR P\/MICROFONO GTSA-MICW6 - Mexican Guitar Players","og_description":"Estuche para hasta 6 micr\u00f3fonos inal\u00e1mbricos y bater\u00eda, fabricado con resistente polietileno, interior forrado de espuma protectora con espacios dise\u00f1ados para ajustar la bater\u00eda y los micr\u00f3fonos, cada espacio de micr\u00f3fono mide 10.25\u201d de largo y 2.25\u201d de profundidad, pestillos de bloqueo TSA con platos de desv\u00edo de impacto y gatillo de liberaci\u00f3n rojo, mango moldeado por inyecci\u00f3n con empu\u00f1adura ergon\u00f3mica, herrajes con recubrimiento en polvo negro y cenefa continua, longitud exterior: 18\u201d pulgadas (457.2 mm), ancho exterior: 14\u201d pulgadas (355.6 mm), altura exterior: 5.5\u201d pulgadas (139.7 mm), peso: 3.9 kg.","og_url":"https:\/\/www.mexicanguitarplayers.com\/en\/tienda\/sin categor\u00eda\/estuche-gator-p-microfono-gtsa-micw6\/","og_site_name":"Mexican Guitar Players","article_modified_time":"2026-05-01T13:17:51+00:00","twitter_card":"summary_large_image","twitter_misc":{"Est. reading time":"1 minute"},"schema":{"@context":"https:\/\/schema.org","@graph":[{"@type":["WebPage","ItemPage"],"@id":"https:\/\/www.mexicanguitarplayers.com\/tienda\/sin categor\u00eda\/estuche-gator-p-microfono-gtsa-micw6\/","url":"https:\/\/www.mexicanguitarplayers.com\/tienda\/sin categor\u00eda\/estuche-gator-p-microfono-gtsa-micw6\/","name":"ESTUCHE GATOR P\/MICROFONO GTSA-MICW6 - Mexican Guitar Players","isPartOf":{"@id":"https:\/\/www.mexicanguitarplayers.com\/#website"},"primaryImageOfPage":{"@id":"https:\/\/www.mexicanguitarplayers.com\/tienda\/sin categor\u00eda\/estuche-gator-p-microfono-gtsa-micw6\/#primaryimage"},"image":{"@id":"https:\/\/www.mexicanguitarplayers.com\/tienda\/sin categor\u00eda\/estuche-gator-p-microfono-gtsa-micw6\/#primaryimage"},"thumbnailUrl":"https:\/\/www.mexicanguitarplayers.com\/wp-content\/uploads\/2025\/04\/VAGATGTSAMICW6.jpg","datePublished":"2025-04-09T12:48:32+00:00","dateModified":"2026-05-01T13:17:51+00:00","description":"Estuche para hasta 6 micr\u00f3fonos inal\u00e1mbricos y bater\u00eda, fabricado con resistente polietileno, interior forrado de espuma protectora con espacios dise\u00f1ados para ajustar la bater\u00eda y los micr\u00f3fonos, cada espacio de micr\u00f3fono mide 10.25\u201d de largo y 2.25\u201d de profundidad, pestillos de bloqueo TSA con platos de desv\u00edo de impacto y gatillo de liberaci\u00f3n rojo, mango moldeado por inyecci\u00f3n con empu\u00f1adura ergon\u00f3mica, herrajes con recubrimiento en polvo negro y cenefa continua, longitud exterior: 18\u201d pulgadas (457.2 mm), ancho exterior: 14\u201d pulgadas (355.6 mm), altura exterior: 5.5\u201d pulgadas (139.7 mm), peso: 3.9 kg.","breadcrumb":{"@id":"https:\/\/www.mexicanguitarplayers.com\/tienda\/sin categor\u00eda\/estuche-gator-p-microfono-gtsa-micw6\/#breadcrumb"},"inLanguage":"en-US","potentialAction":[{"@type":"ReadAction","target":["https:\/\/www.mexicanguitarplayers.com\/tienda\/sin categor\u00eda\/estuche-gator-p-microfono-gtsa-micw6\/"]}]},{"@type":"ImageObject","inLanguage":"en-US","@id":"https:\/\/www.mexicanguitarplayers.com\/tienda\/sin categor\u00eda\/estuche-gator-p-microfono-gtsa-micw6\/#primaryimage","url":"https:\/\/www.mexicanguitarplayers.com\/wp-content\/uploads\/2025\/04\/VAGATGTSAMICW6.jpg","contentUrl":"https:\/\/www.mexicanguitarplayers.com\/wp-content\/uploads\/2025\/04\/VAGATGTSAMICW6.jpg","width":1200,"height":1200},{"@type":"BreadcrumbList","@id":"https:\/\/www.mexicanguitarplayers.com\/tienda\/sin categor\u00eda\/estuche-gator-p-microfono-gtsa-micw6\/#breadcrumb","itemListElement":[{"@type":"ListItem","position":1,"name":"Portada","item":"https:\/\/www.mexicanguitarplayers.com\/"},{"@type":"ListItem","position":2,"name":"Tienda","item":"https:\/\/www.mexicanguitarplayers.com\/tienda\/"},{"@type":"ListItem","position":3,"name":"ESTUCHE GATOR P\/MICROFONO GTSA-MICW6"}]},{"@type":"WebSite","@id":"https:\/\/www.mexicanguitarplayers.com\/#website","url":"https:\/\/www.mexicanguitarplayers.com\/","name":"Mexican Guitar Players","description":"Website","publisher":{"@id":"https:\/\/www.mexicanguitarplayers.com\/#organization"},"potentialAction":[{"@type":"SearchAction","target":{"@type":"EntryPoint","urlTemplate":"https:\/\/www.mexicanguitarplayers.com\/?s={search_term_string}"},"query-input":{"@type":"PropertyValueSpecification","valueRequired":true,"valueName":"search_term_string"}}],"inLanguage":"en-US"},{"@type":"Organization","@id":"https:\/\/www.mexicanguitarplayers.com\/#organization","name":"Mexican Guitar Players","url":"https:\/\/www.mexicanguitarplayers.com\/","logo":{"@type":"ImageObject","inLanguage":"en-US","@id":"https:\/\/www.mexicanguitarplayers.com\/#\/schema\/logo\/image\/","url":"","contentUrl":"","caption":"Mexican Guitar Players"},"image":{"@id":"https:\/\/www.mexicanguitarplayers.com\/#\/schema\/logo\/image\/"}}]}},"brands":[{"id":572,"name":"GATOR","slug":"gator"}],"_links":{"self":[{"href":"https:\/\/www.mexicanguitarplayers.com\/en\/wp-json\/wp\/v2\/product\/39860","targetHints":{"allow":["GET"]}}],"collection":[{"href":"https:\/\/www.mexicanguitarplayers.com\/en\/wp-json\/wp\/v2\/product"}],"about":[{"href":"https:\/\/www.mexicanguitarplayers.com\/en\/wp-json\/wp\/v2\/types\/product"}],"replies":[{"embeddable":true,"href":"https:\/\/www.mexicanguitarplayers.com\/en\/wp-json\/wp\/v2\/comments?post=39860"}],"wp:featuredmedia":[{"embeddable":true,"href":"https:\/\/www.mexicanguitarplayers.com\/en\/wp-json\/wp\/v2\/media\/39848"}],"wp:attachment":[{"href":"https:\/\/www.mexicanguitarplayers.com\/en\/wp-json\/wp\/v2\/media?parent=39860"}],"wp:term":[{"taxonomy":"pwb-brand","embeddable":true,"href":"https:\/\/www.mexicanguitarplayers.com\/en\/wp-json\/wp\/v2\/pwb-brand?post=39860"},{"taxonomy":"product_brand","embeddable":true,"href":"https:\/\/www.mexicanguitarplayers.com\/en\/wp-json\/wp\/v2\/product_brand?post=39860"},{"taxonomy":"product_cat","embeddable":true,"href":"https:\/\/www.mexicanguitarplayers.com\/en\/wp-json\/wp\/v2\/product_cat?post=39860"},{"taxonomy":"product_tag","embeddable":true,"href":"https:\/\/www.mexicanguitarplayers.com\/en\/wp-json\/wp\/v2\/product_tag?post=39860"}],"curies":[{"name":"wp","href":"https:\/\/api.w.org\/{rel}","templated":true}]}}