{"id":39870,"date":"2025-04-09T06:48:45","date_gmt":"2025-04-09T12:48:45","guid":{"rendered":"https:\/\/www.mexicanguitarplayers.com\/tienda\/sin categor\u00eda\/sistema-sennheiser-xsw-d-pres-base-set\/"},"modified":"2026-05-01T07:17:50","modified_gmt":"2026-05-01T13:17:50","slug":"sistema-sennheiser-xsw-d-pres-base-set","status":"publish","type":"product","link":"https:\/\/www.mexicanguitarplayers.com\/en\/tienda\/audio\/sistema-de-monitoreo-personal\/transmisores-y-receptores-sistema-de-monitoreo-personal\/sistema-sennheiser-xsw-d-pres-base-set\/","title":{"rendered":"SISTEMA SENNHEISER XSW-D PRES. BASE SET"},"content":{"rendered":"<div style=\"text-align: justify\">\n<div>\n<h3>Los mejores sistemas inal\u00e1mbricos.<\/h3>\n<\/div>\n<div>Sistema digital inal\u00e1mbrico \u201cbase\u201d para conferencia plug and play, f\u00e1cil de usar, s\u00f3lo enci\u00e9ndelo presionando un bot\u00f3n y se configura autom\u00e1ticamente, utiliza una transmisi\u00f3n digital en 2.4 GHz para trasmitir sin problemas las fuentes de audio. Esta elegante soluci\u00f3n hace que la conexi\u00f3n inal\u00e1mbrica sea m\u00e1s estable con una excelente calidad, rango de 75 metros en condiciones \u00f3ptimas, hasta 5 horas de duraci\u00f3n de la bater\u00eda con una sola carga, se puede cambiar entre m\u00faltiples transmisores vinculados a un mismo receptor, configura cualquier combinaci\u00f3n de transmisores y receptores, desactiva el sonido desde el transmisor o el receptor presionando un solo bot\u00f3n, incluye transmisor con conexi\u00f3n 3.5, receptor con conexi\u00f3n XLR macho.<\/div>\n<div>\n<h4>Quick look<\/h4>\n<\/div>\n<ul style=\"margin: 0px 0px 0px 25px\">\n<li style=\"list-style-type: circle;margin: 5px\">Dimensions.<\/li>\n<li style=\"list-style-type: circle;margin: 5px\">THD, distorsi\u00f3n arm\u00f3nica total.<\/li>\n<li style=\"list-style-type: circle;margin: 5px\">Tiempo de carga.<\/li>\n<li style=\"list-style-type: circle;margin: 5px\">Salida de audio.<\/li>\n<li style=\"list-style-type: circle;margin: 5px\">Rango de temperatura (en servicio).<\/li>\n<li style=\"list-style-type: circle;margin: 5px\">Signal to noise ratio.<\/li>\n<li style=\"list-style-type: circle;margin: 5px\">Tiempo de operaci\u00f3n.<\/li>\n<li style=\"list-style-type: circle;margin: 5px\">Modulaci\u00f3n.<\/li>\n<li style=\"list-style-type: circle;margin: 5px\">Especificaciones de la bater\u00eda.<\/li>\n<li style=\"list-style-type: circle;margin: 5px\">Capacidad.<\/li>\n<li style=\"list-style-type: circle;margin: 5px\">Codificador.<\/li>\n<li style=\"list-style-type: circle;margin: 5px\">Rango de frecuencias.<\/li>\n<li style=\"list-style-type: circle;margin: 5px\">Voltaje de entrada m\u00e1ximo.<\/li>\n<li style=\"list-style-type: circle;margin: 5px\">Potencia de transmisi\u00f3n.<\/li>\n<li style=\"list-style-type: circle;margin: 5px\">Voltaje.<\/li>\n<li style=\"list-style-type: circle;margin: 5px\">Humedad relativa del aire en funcionamiento.<\/li>\n<li style=\"list-style-type: circle;margin: 5px\">Latency<\/li>\n<li style=\"list-style-type: circle;margin: 5px\">Rango de temperatura.<\/li>\n<li style=\"list-style-type: circle;margin: 5px\">Respuesta de frecuencia de audio.<\/li>\n<\/ul>\n<div>\n<div style=\"font-weight: bold\">Dimensions.<\/div>\n<div>\n<p>XSW-D XLR MALE RX: Aprox. 109 x 24 x 28 mm. XSW-D MINI JACK RX: Aprox. 86 x 24 x 28 mm.<\/p>\n<\/div>\n<div style=\"font-weight: bold\">THD, distorsi\u00f3n arm\u00f3nica total.<\/div>\n<div>\n<p>&lt; 0.1 %.<\/p>\n<\/div>\n<div style=\"font-weight: bold\">Tiempo de carga.<\/div>\n<div>\n<p>T\u00edpico 3 horas.<\/p>\n<\/div>\n<div style=\"font-weight: bold\">Salida de audio.<\/div>\n<div>\n<p>M\u00e1ximo 12 dBu.<\/p>\n<\/div>\n<div style=\"font-weight: bold\">Rango de temperatura (en servicio).<\/div>\n<div>\n<p>-10\u00b0C a +55\u00b0C.<\/p>\n<\/div>\n<div style=\"font-weight: bold\">Signal to noise ratio.<\/div>\n<div>\n<p>= 106 dB.<\/p>\n<\/div>\n<div style=\"font-weight: bold\">Tiempo de operaci\u00f3n.<\/div>\n<div>\n<p>Hasta 5 horas.<\/p>\n<\/div>\n<div style=\"font-weight: bold\">Modulaci\u00f3n.<\/div>\n<div>\n<p>GFSK con TDMA.<\/p>\n<\/div>\n<div style=\"font-weight: bold\">Especificaciones de la bater\u00eda.<\/div>\n<div>\n<p>Li-Ion.<\/p>\n<\/div>\n<div style=\"font-weight: bold\">Capacidad.<\/div>\n<div>\n<p>850 mAh.<\/p>\n<\/div>\n<div style=\"font-weight: bold\">Codificador.<\/div>\n<div>\n<p>aptX\u00ae Live.<\/p>\n<\/div>\n<div style=\"font-weight: bold\">Rango de frecuencias.<\/div>\n<div>\n<p>2,400 &#8211; 2,483.5 MHz.<\/p>\n<\/div>\n<div style=\"font-weight: bold\">Voltaje de entrada m\u00e1ximo.<\/div>\n<div>\n<p>T\u00edpico 5.0 V.<\/p>\n<\/div>\n<div style=\"font-weight: bold\">Potencia de transmisi\u00f3n.<\/div>\n<div>\n<p>M\u00e1ximo 10 mW.<\/p>\n<\/div>\n<div style=\"font-weight: bold\">Voltaje.<\/div>\n<div>\n<p>3.7 V.<\/p>\n<\/div>\n<div style=\"font-weight: bold\">Humedad relativa del aire en funcionamiento.<\/div>\n<div>\n<p>95% (sin condensaci\u00f3n).<\/p>\n<\/div>\n<div style=\"font-weight: bold\">Latency<\/div>\n<div>\n<p>&lt; 4 ms.<\/p>\n<\/div>\n<div style=\"font-weight: bold\">Rango de temperatura.<\/div>\n<div>\n<p>0\u00b0C &#8211; 60\u00b0C.<\/p>\n<\/div>\n<div style=\"font-weight: bold\">Respuesta de frecuencia de audio.<\/div>\n<div>\n<p>Conector de 3.5 mm\/XLR: 80 &#8211; 18,000 Hz. Conector de 6.3 mm: 10 &#8211; 18,000 Hz.<\/p>\n<\/div>\n<\/div>\n<\/div>","protected":false},"excerpt":{"rendered":"<p>Sistema de microfon\u00eda inal\u00e1mbrica digital recargable para conferencia \u201cbase\u201d (no incluye micr\u00f3fono), conexi\u00f3n 3.5 mm en el transmisor y XLR macho en el receptor, una soluci\u00f3n simple y elegante para presentaciones din\u00e1micas, adaptador para cintur\u00f3n y cable cargador USB-A a USB&#8211;C transmisi\u00f3n digital en 2.4 GHz.&hellip; <a class=\"kt-excerpt-readmore more-link\" href=\"https:\/\/www.mexicanguitarplayers.com\/en\/tienda\/audio\/sistema-de-monitoreo-personal\/transmisores-y-receptores-sistema-de-monitoreo-personal\/sistema-sennheiser-xsw-d-pres-base-set\/\">Read more<\/a><\/p>","protected":false},"featured_media":39869,"comment_status":"open","ping_status":"closed","template":"","meta":{"kt_blocks_editor_width":""},"pwb-brand":[176],"product_brand":[],"product_cat":[213,214,231,245],"product_tag":[],"class_list":{"0":"post-39870","1":"product","2":"type-product","3":"status-publish","4":"has-post-thumbnail","6":"pwb-brand-sennheiser","7":"product_cat-audio","8":"product_cat-microfonia","9":"product_cat-microfonos-inalambricos","10":"product_cat-transmisores-y-receptores-sistema-de-monitoreo-personal","11":"product_shipping_class-0-5-kg","13":"first","14":"instock","15":"taxable","16":"shipping-taxable","17":"purchasable","18":"product-type-simple"},"yoast_head":"<!-- This site is optimized with the Yoast SEO plugin v27.6 - https:\/\/yoast.com\/product\/yoast-seo-wordpress\/ -->\n<title>SISTEMA SENNHEISER XSW-D PRES. BASE SET - Mexican Guitar Players<\/title>\n<meta name=\"description\" content=\"Sistema de microfon\u00eda inal\u00e1mbrica digital recargable para conferencia \u201cbase\u201d (no incluye micr\u00f3fono), conexi\u00f3n 3.5 mm en el transmisor y XLR macho en el receptor, una soluci\u00f3n simple y elegante para presentaciones din\u00e1micas, adaptador para cintur\u00f3n y cable cargador USB-A a USB--C transmisi\u00f3n digital en 2.4 GHz.\" \/>\n<meta name=\"robots\" content=\"index, follow, max-snippet:-1, max-image-preview:large, max-video-preview:-1\" \/>\n<link rel=\"canonical\" href=\"https:\/\/www.mexicanguitarplayers.com\/en\/tienda\/sin%20categor\u00eda\/sistema-sennheiser-xsw-d-pres-base-set\/\" \/>\n<meta property=\"og:locale\" content=\"en_US\" \/>\n<meta property=\"og:type\" content=\"article\" \/>\n<meta property=\"og:title\" content=\"SISTEMA SENNHEISER XSW-D PRES. BASE SET - Mexican Guitar Players\" \/>\n<meta property=\"og:description\" content=\"Sistema de microfon\u00eda inal\u00e1mbrica digital recargable para conferencia \u201cbase\u201d (no incluye micr\u00f3fono), conexi\u00f3n 3.5 mm en el transmisor y XLR macho en el receptor, una soluci\u00f3n simple y elegante para presentaciones din\u00e1micas, adaptador para cintur\u00f3n y cable cargador USB-A a USB--C transmisi\u00f3n digital en 2.4 GHz.\" \/>\n<meta property=\"og:url\" content=\"https:\/\/www.mexicanguitarplayers.com\/en\/tienda\/sin categor\u00eda\/sistema-sennheiser-xsw-d-pres-base-set\/\" \/>\n<meta property=\"og:site_name\" content=\"Mexican Guitar Players\" \/>\n<meta property=\"article:modified_time\" content=\"2026-05-01T13:17:50+00:00\" \/>\n<meta name=\"twitter:card\" content=\"summary_large_image\" \/>\n<meta name=\"twitter:label1\" content=\"Est. reading time\" \/>\n\t<meta name=\"twitter:data1\" content=\"2 minutes\" \/>\n<script type=\"application\/ld+json\" class=\"yoast-schema-graph\">{\"@context\":\"https:\\\/\\\/schema.org\",\"@graph\":[{\"@type\":[\"WebPage\",\"ItemPage\"],\"@id\":\"https:\\\/\\\/www.mexicanguitarplayers.com\\\/tienda\\\/sin categor\u00eda\\\/sistema-sennheiser-xsw-d-pres-base-set\\\/\",\"url\":\"https:\\\/\\\/www.mexicanguitarplayers.com\\\/tienda\\\/sin categor\u00eda\\\/sistema-sennheiser-xsw-d-pres-base-set\\\/\",\"name\":\"SISTEMA SENNHEISER XSW-D PRES. BASE SET - Mexican Guitar Players\",\"isPartOf\":{\"@id\":\"https:\\\/\\\/www.mexicanguitarplayers.com\\\/#website\"},\"primaryImageOfPage\":{\"@id\":\"https:\\\/\\\/www.mexicanguitarplayers.com\\\/tienda\\\/sin categor\u00eda\\\/sistema-sennheiser-xsw-d-pres-base-set\\\/#primaryimage\"},\"image\":{\"@id\":\"https:\\\/\\\/www.mexicanguitarplayers.com\\\/tienda\\\/sin categor\u00eda\\\/sistema-sennheiser-xsw-d-pres-base-set\\\/#primaryimage\"},\"thumbnailUrl\":\"https:\\\/\\\/www.mexicanguitarplayers.com\\\/wp-content\\\/uploads\\\/2025\\\/04\\\/IASENXSWDPRESB.jpg\",\"datePublished\":\"2025-04-09T12:48:45+00:00\",\"dateModified\":\"2026-05-01T13:17:50+00:00\",\"description\":\"Sistema de microfon\u00eda inal\u00e1mbrica digital recargable para conferencia \u201cbase\u201d (no incluye micr\u00f3fono), conexi\u00f3n 3.5 mm en el transmisor y XLR macho en el receptor, una soluci\u00f3n simple y elegante para presentaciones din\u00e1micas, adaptador para cintur\u00f3n y cable cargador USB-A a USB--C transmisi\u00f3n digital en 2.4 GHz.\",\"breadcrumb\":{\"@id\":\"https:\\\/\\\/www.mexicanguitarplayers.com\\\/tienda\\\/sin categor\u00eda\\\/sistema-sennheiser-xsw-d-pres-base-set\\\/#breadcrumb\"},\"inLanguage\":\"en-US\",\"potentialAction\":[{\"@type\":\"ReadAction\",\"target\":[\"https:\\\/\\\/www.mexicanguitarplayers.com\\\/tienda\\\/sin categor\u00eda\\\/sistema-sennheiser-xsw-d-pres-base-set\\\/\"]}]},{\"@type\":\"ImageObject\",\"inLanguage\":\"en-US\",\"@id\":\"https:\\\/\\\/www.mexicanguitarplayers.com\\\/tienda\\\/sin categor\u00eda\\\/sistema-sennheiser-xsw-d-pres-base-set\\\/#primaryimage\",\"url\":\"https:\\\/\\\/www.mexicanguitarplayers.com\\\/wp-content\\\/uploads\\\/2025\\\/04\\\/IASENXSWDPRESB.jpg\",\"contentUrl\":\"https:\\\/\\\/www.mexicanguitarplayers.com\\\/wp-content\\\/uploads\\\/2025\\\/04\\\/IASENXSWDPRESB.jpg\",\"width\":1200,\"height\":1200},{\"@type\":\"BreadcrumbList\",\"@id\":\"https:\\\/\\\/www.mexicanguitarplayers.com\\\/tienda\\\/sin categor\u00eda\\\/sistema-sennheiser-xsw-d-pres-base-set\\\/#breadcrumb\",\"itemListElement\":[{\"@type\":\"ListItem\",\"position\":1,\"name\":\"Portada\",\"item\":\"https:\\\/\\\/www.mexicanguitarplayers.com\\\/\"},{\"@type\":\"ListItem\",\"position\":2,\"name\":\"Tienda\",\"item\":\"https:\\\/\\\/www.mexicanguitarplayers.com\\\/tienda\\\/\"},{\"@type\":\"ListItem\",\"position\":3,\"name\":\"SISTEMA SENNHEISER XSW-D PRES. BASE SET\"}]},{\"@type\":\"WebSite\",\"@id\":\"https:\\\/\\\/www.mexicanguitarplayers.com\\\/#website\",\"url\":\"https:\\\/\\\/www.mexicanguitarplayers.com\\\/\",\"name\":\"Mexican Guitar Players\",\"description\":\"Website\",\"publisher\":{\"@id\":\"https:\\\/\\\/www.mexicanguitarplayers.com\\\/#organization\"},\"potentialAction\":[{\"@type\":\"SearchAction\",\"target\":{\"@type\":\"EntryPoint\",\"urlTemplate\":\"https:\\\/\\\/www.mexicanguitarplayers.com\\\/?s={search_term_string}\"},\"query-input\":{\"@type\":\"PropertyValueSpecification\",\"valueRequired\":true,\"valueName\":\"search_term_string\"}}],\"inLanguage\":\"en-US\"},{\"@type\":\"Organization\",\"@id\":\"https:\\\/\\\/www.mexicanguitarplayers.com\\\/#organization\",\"name\":\"Mexican Guitar Players\",\"url\":\"https:\\\/\\\/www.mexicanguitarplayers.com\\\/\",\"logo\":{\"@type\":\"ImageObject\",\"inLanguage\":\"en-US\",\"@id\":\"https:\\\/\\\/www.mexicanguitarplayers.com\\\/#\\\/schema\\\/logo\\\/image\\\/\",\"url\":\"\",\"contentUrl\":\"\",\"caption\":\"Mexican Guitar Players\"},\"image\":{\"@id\":\"https:\\\/\\\/www.mexicanguitarplayers.com\\\/#\\\/schema\\\/logo\\\/image\\\/\"}}]}<\/script>\n<!-- \/ Yoast SEO plugin. -->","yoast_head_json":{"title":"SISTEMA SENNHEISER XSW-D PRES. BASE SET - Mexican Guitar Players","description":"Sistema de microfon\u00eda inal\u00e1mbrica digital recargable para conferencia \u201cbase\u201d (no incluye micr\u00f3fono), conexi\u00f3n 3.5 mm en el transmisor y XLR macho en el receptor, una soluci\u00f3n simple y elegante para presentaciones din\u00e1micas, adaptador para cintur\u00f3n y cable cargador USB-A a USB--C transmisi\u00f3n digital en 2.4 GHz.","robots":{"index":"index","follow":"follow","max-snippet":"max-snippet:-1","max-image-preview":"max-image-preview:large","max-video-preview":"max-video-preview:-1"},"canonical":"https:\/\/www.mexicanguitarplayers.com\/en\/tienda\/sin categor\u00eda\/sistema-sennheiser-xsw-d-pres-base-set\/","og_locale":"en_US","og_type":"article","og_title":"SISTEMA SENNHEISER XSW-D PRES. BASE SET - Mexican Guitar Players","og_description":"Sistema de microfon\u00eda inal\u00e1mbrica digital recargable para conferencia \u201cbase\u201d (no incluye micr\u00f3fono), conexi\u00f3n 3.5 mm en el transmisor y XLR macho en el receptor, una soluci\u00f3n simple y elegante para presentaciones din\u00e1micas, adaptador para cintur\u00f3n y cable cargador USB-A a USB--C transmisi\u00f3n digital en 2.4 GHz.","og_url":"https:\/\/www.mexicanguitarplayers.com\/en\/tienda\/sin categor\u00eda\/sistema-sennheiser-xsw-d-pres-base-set\/","og_site_name":"Mexican Guitar Players","article_modified_time":"2026-05-01T13:17:50+00:00","twitter_card":"summary_large_image","twitter_misc":{"Est. reading time":"2 minutes"},"schema":{"@context":"https:\/\/schema.org","@graph":[{"@type":["WebPage","ItemPage"],"@id":"https:\/\/www.mexicanguitarplayers.com\/tienda\/sin categor\u00eda\/sistema-sennheiser-xsw-d-pres-base-set\/","url":"https:\/\/www.mexicanguitarplayers.com\/tienda\/sin categor\u00eda\/sistema-sennheiser-xsw-d-pres-base-set\/","name":"SISTEMA SENNHEISER XSW-D PRES. BASE SET - Mexican Guitar Players","isPartOf":{"@id":"https:\/\/www.mexicanguitarplayers.com\/#website"},"primaryImageOfPage":{"@id":"https:\/\/www.mexicanguitarplayers.com\/tienda\/sin categor\u00eda\/sistema-sennheiser-xsw-d-pres-base-set\/#primaryimage"},"image":{"@id":"https:\/\/www.mexicanguitarplayers.com\/tienda\/sin categor\u00eda\/sistema-sennheiser-xsw-d-pres-base-set\/#primaryimage"},"thumbnailUrl":"https:\/\/www.mexicanguitarplayers.com\/wp-content\/uploads\/2025\/04\/IASENXSWDPRESB.jpg","datePublished":"2025-04-09T12:48:45+00:00","dateModified":"2026-05-01T13:17:50+00:00","description":"Sistema de microfon\u00eda inal\u00e1mbrica digital recargable para conferencia \u201cbase\u201d (no incluye micr\u00f3fono), conexi\u00f3n 3.5 mm en el transmisor y XLR macho en el receptor, una soluci\u00f3n simple y elegante para presentaciones din\u00e1micas, adaptador para cintur\u00f3n y cable cargador USB-A a USB--C transmisi\u00f3n digital en 2.4 GHz.","breadcrumb":{"@id":"https:\/\/www.mexicanguitarplayers.com\/tienda\/sin categor\u00eda\/sistema-sennheiser-xsw-d-pres-base-set\/#breadcrumb"},"inLanguage":"en-US","potentialAction":[{"@type":"ReadAction","target":["https:\/\/www.mexicanguitarplayers.com\/tienda\/sin categor\u00eda\/sistema-sennheiser-xsw-d-pres-base-set\/"]}]},{"@type":"ImageObject","inLanguage":"en-US","@id":"https:\/\/www.mexicanguitarplayers.com\/tienda\/sin categor\u00eda\/sistema-sennheiser-xsw-d-pres-base-set\/#primaryimage","url":"https:\/\/www.mexicanguitarplayers.com\/wp-content\/uploads\/2025\/04\/IASENXSWDPRESB.jpg","contentUrl":"https:\/\/www.mexicanguitarplayers.com\/wp-content\/uploads\/2025\/04\/IASENXSWDPRESB.jpg","width":1200,"height":1200},{"@type":"BreadcrumbList","@id":"https:\/\/www.mexicanguitarplayers.com\/tienda\/sin categor\u00eda\/sistema-sennheiser-xsw-d-pres-base-set\/#breadcrumb","itemListElement":[{"@type":"ListItem","position":1,"name":"Portada","item":"https:\/\/www.mexicanguitarplayers.com\/"},{"@type":"ListItem","position":2,"name":"Tienda","item":"https:\/\/www.mexicanguitarplayers.com\/tienda\/"},{"@type":"ListItem","position":3,"name":"SISTEMA SENNHEISER XSW-D PRES. BASE SET"}]},{"@type":"WebSite","@id":"https:\/\/www.mexicanguitarplayers.com\/#website","url":"https:\/\/www.mexicanguitarplayers.com\/","name":"Mexican Guitar Players","description":"Website","publisher":{"@id":"https:\/\/www.mexicanguitarplayers.com\/#organization"},"potentialAction":[{"@type":"SearchAction","target":{"@type":"EntryPoint","urlTemplate":"https:\/\/www.mexicanguitarplayers.com\/?s={search_term_string}"},"query-input":{"@type":"PropertyValueSpecification","valueRequired":true,"valueName":"search_term_string"}}],"inLanguage":"en-US"},{"@type":"Organization","@id":"https:\/\/www.mexicanguitarplayers.com\/#organization","name":"Mexican Guitar Players","url":"https:\/\/www.mexicanguitarplayers.com\/","logo":{"@type":"ImageObject","inLanguage":"en-US","@id":"https:\/\/www.mexicanguitarplayers.com\/#\/schema\/logo\/image\/","url":"","contentUrl":"","caption":"Mexican Guitar Players"},"image":{"@id":"https:\/\/www.mexicanguitarplayers.com\/#\/schema\/logo\/image\/"}}]}},"brands":[{"id":176,"name":"SENNHEISER","slug":"sennheiser"}],"_links":{"self":[{"href":"https:\/\/www.mexicanguitarplayers.com\/en\/wp-json\/wp\/v2\/product\/39870","targetHints":{"allow":["GET"]}}],"collection":[{"href":"https:\/\/www.mexicanguitarplayers.com\/en\/wp-json\/wp\/v2\/product"}],"about":[{"href":"https:\/\/www.mexicanguitarplayers.com\/en\/wp-json\/wp\/v2\/types\/product"}],"replies":[{"embeddable":true,"href":"https:\/\/www.mexicanguitarplayers.com\/en\/wp-json\/wp\/v2\/comments?post=39870"}],"wp:featuredmedia":[{"embeddable":true,"href":"https:\/\/www.mexicanguitarplayers.com\/en\/wp-json\/wp\/v2\/media\/39869"}],"wp:attachment":[{"href":"https:\/\/www.mexicanguitarplayers.com\/en\/wp-json\/wp\/v2\/media?parent=39870"}],"wp:term":[{"taxonomy":"pwb-brand","embeddable":true,"href":"https:\/\/www.mexicanguitarplayers.com\/en\/wp-json\/wp\/v2\/pwb-brand?post=39870"},{"taxonomy":"product_brand","embeddable":true,"href":"https:\/\/www.mexicanguitarplayers.com\/en\/wp-json\/wp\/v2\/product_brand?post=39870"},{"taxonomy":"product_cat","embeddable":true,"href":"https:\/\/www.mexicanguitarplayers.com\/en\/wp-json\/wp\/v2\/product_cat?post=39870"},{"taxonomy":"product_tag","embeddable":true,"href":"https:\/\/www.mexicanguitarplayers.com\/en\/wp-json\/wp\/v2\/product_tag?post=39870"}],"curies":[{"name":"wp","href":"https:\/\/api.w.org\/{rel}","templated":true}]}}