{"id":39920,"date":"2025-04-09T06:51:24","date_gmt":"2025-04-09T12:51:24","guid":{"rendered":"https:\/\/www.mexicanguitarplayers.com\/tienda\/sin categor\u00eda\/combo-ashdown-p-bajo-mod-aaa-60-10t\/"},"modified":"2026-04-10T04:20:35","modified_gmt":"2026-04-10T10:20:35","slug":"combo-ashdown-p-bajo-mod-aaa-60-10t","status":"publish","type":"product","link":"https:\/\/www.mexicanguitarplayers.com\/en\/tienda\/cuerdas\/combos\/combos-para-bajo\/combo-ashdown-p-bajo-mod-aaa-60-10t\/","title":{"rendered":"COMBO ASHDOWN P\/BAJO MOD. AAA-60-10T"},"content":{"rendered":"<div style=\"text-align: justify\">\n<div>\n<h3>Gran sonido y claridad.<\/h3>\n<\/div>\n<div>El AAA EVO 60-10T de Ashdown es un peque\u00f1o combo ligero de 60 watts con un altavoz de 10&#8243; pulgadas. El 60-10T cuenta con entradas pasivas y activas y emulaci\u00f3n de bulbo overdrive as\u00ed como una salida XLR-DI y tweeter, haci\u00e9ndolo un combo muy pr\u00e1ctico para ensayos, peque\u00f1os conciertos y mucho m\u00e1s. El AAA EVO 60-10T tiene una opci\u00f3n de extensi\u00f3n de altavoz para transformar este peque\u00f1o amplificador de pr\u00e1ctica en un digno equipo de concierto. El AAA EVO 60-10T viene equipado con un control de nivel de mezcla auxiliar para la entrada de l\u00ednea y tambi\u00e9n se proporciona una salida de aud\u00edfonos para las sesiones nocturnas silenciosas. El AAA-60-10  ofrece un ecualizador simple de 3 bandas para afinar tu sonido y el socket AppTek y el cable proporcionados te permiten expandir tus capacidades tonales. Descarga la aplicaci\u00f3n ABM Pre de Ashdown (disponible a trav\u00e9s de Agile Partners Amp Kit) y cambia las incre\u00edbles caracter\u00edsticas que obtienes de la formidable gama ABM, incluyendo Sub Harmonics, Tube Drive, Compression y un completo ecualizador de 7 bandas, transformando este peque\u00f1o amplificador en toda una m\u00e1quina de sonido. M\u00e1s prominentemente, el rango AAA EVO de Ashdown ha sido actualizado con una gran cubierta Tolex premium de alta calidad con una elegante y distintiva parrilla de color rojo vintage. El rango AAA EVO de Ashdown mantiene una gran calidad y durabilidad pero utiliza una nueva construcci\u00f3n de capas ligeras para reducir el peso (pero no el sonido). Z\u00f3calo AppTek. El z\u00f3calo AppTek te permite conectar tu dispositivo simulador de amplificador en un iPhone o Ipad. Lo hemos desarrollado con Agile Partners Amp-Kit, por lo que podr\u00e1s usar un modelado preamp ABM y ABM-810 a trav\u00e9s de tu amplificador de pr\u00e1ctica y poder expandir con esto una serie de pedales disponibles. El mando giratorio App\/FX Mix en los modelos AAA-120 y AAA-300 te permite mezclar el nivel de FX o AppTek alimentado por el amplificador, funcionando como un control de mezcla h\u00fameda de se\u00f1al.<\/div>\n<div>\n<h4>Quick look<\/h4>\n<\/div>\n<ul style=\"margin: 0px 0px 0px 25px\">\n<li style=\"list-style-type: circle;margin: 5px\">Power.<\/li>\n<li style=\"list-style-type: circle;margin: 5px\">Speaker.<\/li>\n<li style=\"list-style-type: circle;margin: 5px\">Frequency response.<\/li>\n<li style=\"list-style-type: circle;margin: 5px\">Entrada de instrumento alta.<\/li>\n<li style=\"list-style-type: circle;margin: 5px\">Entrada de instrumento baja.<\/li>\n<li style=\"list-style-type: circle;margin: 5px\">Impedance.<\/li>\n<li style=\"list-style-type: circle;margin: 5px\">Equalizer<\/li>\n<li style=\"list-style-type: circle;margin: 5px\">Entrada AppTek.<\/li>\n<li style=\"list-style-type: circle;margin: 5px\">Dimensions.<\/li>\n<li style=\"list-style-type: circle;margin: 5px\">Weight.<\/li>\n<\/ul>\n<div>\n<div style=\"font-weight: bold\">Power.<\/div>\n<div>\n<p>60 watts.<\/p>\n<\/div>\n<div style=\"font-weight: bold\">Speaker.<\/div>\n<div>\n<p>Un altavoz de 10&#8243; pulgadas.<\/p>\n<\/div>\n<div style=\"font-weight: bold\">Frequency response.<\/div>\n<div>\n<p>-3 dB a 22 Hz y 25 kHz.<\/p>\n<\/div>\n<div style=\"font-weight: bold\">Entrada de instrumento alta.<\/div>\n<div>\n<p>Impedancia -3.9 mohms, rango de entrada: 150 mv a 20v p \u2013 p.<\/p>\n<\/div>\n<div style=\"font-weight: bold\">Entrada de instrumento baja.<\/div>\n<div>\n<p>Impedancia &#8211; 10 kohms, rango de entrada: 300 mv a 40v p \u2013 p.<\/p>\n<\/div>\n<div style=\"font-weight: bold\">Impedance.<\/div>\n<div>\n<p>8 ohms.<\/p>\n<\/div>\n<div style=\"font-weight: bold\">Equalizer<\/div>\n<div>\n<p>Bass, Hi-Mid, Lo-Mid, y Variable Mid Sweep.<\/p>\n<\/div>\n<div style=\"font-weight: bold\">Entrada AppTek.<\/div>\n<div>\n<p>Para conectar tu dispositivo simulador de amplificador en un iPhone o Ipad.<\/p>\n<\/div>\n<div style=\"font-weight: bold\">Dimensions.<\/div>\n<div>\n<p>418 x 406 x 325 mm.<\/p>\n<\/div>\n<div style=\"font-weight: bold\">Weight.<\/div>\n<div>\n<p>11 kg.<\/p>\n<\/div>\n<\/div>\n<div>\n<h4>Characteristics<\/h4>\n<\/div>\n<div>\n<ul style=\"margin: 0px 0px 0px 25px\">\n<li style=\"list-style-type: circle;margin: 5px\">Combo para bajo.<\/li>\n<li style=\"list-style-type: circle;margin: 5px\">Speaker output.<\/li>\n<li style=\"list-style-type: circle;margin: 5px\">Emulaci\u00f3n de bulbo overdrive.<\/li>\n<li style=\"list-style-type: circle;margin: 5px\">Entrada de l\u00ednea con control de mezcla.<\/li>\n<li style=\"list-style-type: circle;margin: 5px\">Salida DI XLR balanceada.<\/li>\n<\/ul>\n<\/div>\n<\/div>","protected":false},"excerpt":{"rendered":"<p>Combo para bajo, potencia de 60 watts, un altavoz de 10\u201d pulgadas, salida de altavoz, emulaci\u00f3n de bulbo overdrive, respuesta de frecuencia: -3 dB a 22 Hz y 25kHz, 2 entradas (alta y baja), controles: volumen, aux mix y drive, entrada de l\u00ednea con control de mezcla, salida DI XLR balanceada, impedancia: 8 ohms, ecualizador: Bass, Hi-Mid, Lo-Mid, entrada AppTek para conectar tu dispositivo simulador de amplificador en un iPhone o Ipad, dimensiones: 418 x 406 x 325 mm, peso: 11 kg.&hellip; <a class=\"kt-excerpt-readmore more-link\" href=\"https:\/\/www.mexicanguitarplayers.com\/en\/tienda\/cuerdas\/combos\/combos-para-bajo\/combo-ashdown-p-bajo-mod-aaa-60-10t\/\">Read more<\/a><\/p>","protected":false},"featured_media":39914,"comment_status":"open","ping_status":"closed","template":"","meta":{"kt_blocks_editor_width":""},"pwb-brand":[257],"product_brand":[],"product_cat":[236,255,224],"product_tag":[],"class_list":{"0":"post-39920","1":"product","2":"type-product","3":"status-publish","4":"has-post-thumbnail","6":"pwb-brand-ashdown","7":"product_cat-combos","8":"product_cat-combos-para-bajo","9":"product_cat-cuerdas","10":"product_shipping_class-10-15-kg","12":"first","13":"outofstock","14":"taxable","15":"shipping-taxable","16":"purchasable","17":"product-type-simple"},"yoast_head":"<!-- This site is optimized with the Yoast SEO plugin v27.6 - https:\/\/yoast.com\/product\/yoast-seo-wordpress\/ -->\n<title>COMBO ASHDOWN P\/BAJO MOD. AAA-60-10T - Mexican Guitar Players<\/title>\n<meta name=\"description\" content=\"Combo para bajo, potencia de 60 watts, un altavoz de 10\u201d pulgadas, salida de altavoz, emulaci\u00f3n de bulbo overdrive, respuesta de frecuencia: -3 dB a 22 Hz y 25kHz, 2 entradas (alta y baja), controles: volumen, aux mix y drive, entrada de l\u00ednea con control de mezcla, salida DI XLR balanceada, impedancia: 8 ohms, ecualizador: Bass, Hi-Mid, Lo-Mid, entrada AppTek para conectar tu dispositivo simulador de amplificador en un iPhone o Ipad, dimensiones: 418 x 406 x 325 mm, peso: 11 kg.\" \/>\n<meta name=\"robots\" content=\"index, follow, max-snippet:-1, max-image-preview:large, max-video-preview:-1\" \/>\n<link rel=\"canonical\" href=\"https:\/\/www.mexicanguitarplayers.com\/en\/tienda\/sin%20categor\u00eda\/combo-ashdown-p-bajo-mod-aaa-60-10t\/\" \/>\n<meta property=\"og:locale\" content=\"en_US\" \/>\n<meta property=\"og:type\" content=\"article\" \/>\n<meta property=\"og:title\" content=\"COMBO ASHDOWN P\/BAJO MOD. AAA-60-10T - Mexican Guitar Players\" \/>\n<meta property=\"og:description\" content=\"Combo para bajo, potencia de 60 watts, un altavoz de 10\u201d pulgadas, salida de altavoz, emulaci\u00f3n de bulbo overdrive, respuesta de frecuencia: -3 dB a 22 Hz y 25kHz, 2 entradas (alta y baja), controles: volumen, aux mix y drive, entrada de l\u00ednea con control de mezcla, salida DI XLR balanceada, impedancia: 8 ohms, ecualizador: Bass, Hi-Mid, Lo-Mid, entrada AppTek para conectar tu dispositivo simulador de amplificador en un iPhone o Ipad, dimensiones: 418 x 406 x 325 mm, peso: 11 kg.\" \/>\n<meta property=\"og:url\" content=\"https:\/\/www.mexicanguitarplayers.com\/en\/tienda\/sin categor\u00eda\/combo-ashdown-p-bajo-mod-aaa-60-10t\/\" \/>\n<meta property=\"og:site_name\" content=\"Mexican Guitar Players\" \/>\n<meta property=\"article:modified_time\" content=\"2026-04-10T10:20:35+00:00\" \/>\n<meta name=\"twitter:card\" content=\"summary_large_image\" \/>\n<meta name=\"twitter:label1\" content=\"Est. reading time\" \/>\n\t<meta name=\"twitter:data1\" content=\"2 minutes\" \/>\n<script type=\"application\/ld+json\" class=\"yoast-schema-graph\">{\"@context\":\"https:\\\/\\\/schema.org\",\"@graph\":[{\"@type\":[\"WebPage\",\"ItemPage\"],\"@id\":\"https:\\\/\\\/www.mexicanguitarplayers.com\\\/tienda\\\/sin categor\u00eda\\\/combo-ashdown-p-bajo-mod-aaa-60-10t\\\/\",\"url\":\"https:\\\/\\\/www.mexicanguitarplayers.com\\\/tienda\\\/sin categor\u00eda\\\/combo-ashdown-p-bajo-mod-aaa-60-10t\\\/\",\"name\":\"COMBO ASHDOWN P\\\/BAJO MOD. AAA-60-10T - Mexican Guitar Players\",\"isPartOf\":{\"@id\":\"https:\\\/\\\/www.mexicanguitarplayers.com\\\/#website\"},\"primaryImageOfPage\":{\"@id\":\"https:\\\/\\\/www.mexicanguitarplayers.com\\\/tienda\\\/sin categor\u00eda\\\/combo-ashdown-p-bajo-mod-aaa-60-10t\\\/#primaryimage\"},\"image\":{\"@id\":\"https:\\\/\\\/www.mexicanguitarplayers.com\\\/tienda\\\/sin categor\u00eda\\\/combo-ashdown-p-bajo-mod-aaa-60-10t\\\/#primaryimage\"},\"thumbnailUrl\":\"https:\\\/\\\/www.mexicanguitarplayers.com\\\/wp-content\\\/uploads\\\/2025\\\/04\\\/ICASOAAA6010T.jpg\",\"datePublished\":\"2025-04-09T12:51:24+00:00\",\"dateModified\":\"2026-04-10T10:20:35+00:00\",\"description\":\"Combo para bajo, potencia de 60 watts, un altavoz de 10\u201d pulgadas, salida de altavoz, emulaci\u00f3n de bulbo overdrive, respuesta de frecuencia: -3 dB a 22 Hz y 25kHz, 2 entradas (alta y baja), controles: volumen, aux mix y drive, entrada de l\u00ednea con control de mezcla, salida DI XLR balanceada, impedancia: 8 ohms, ecualizador: Bass, Hi-Mid, Lo-Mid, entrada AppTek para conectar tu dispositivo simulador de amplificador en un iPhone o Ipad, dimensiones: 418 x 406 x 325 mm, peso: 11 kg.\",\"breadcrumb\":{\"@id\":\"https:\\\/\\\/www.mexicanguitarplayers.com\\\/tienda\\\/sin categor\u00eda\\\/combo-ashdown-p-bajo-mod-aaa-60-10t\\\/#breadcrumb\"},\"inLanguage\":\"en-US\",\"potentialAction\":[{\"@type\":\"ReadAction\",\"target\":[\"https:\\\/\\\/www.mexicanguitarplayers.com\\\/tienda\\\/sin categor\u00eda\\\/combo-ashdown-p-bajo-mod-aaa-60-10t\\\/\"]}]},{\"@type\":\"ImageObject\",\"inLanguage\":\"en-US\",\"@id\":\"https:\\\/\\\/www.mexicanguitarplayers.com\\\/tienda\\\/sin categor\u00eda\\\/combo-ashdown-p-bajo-mod-aaa-60-10t\\\/#primaryimage\",\"url\":\"https:\\\/\\\/www.mexicanguitarplayers.com\\\/wp-content\\\/uploads\\\/2025\\\/04\\\/ICASOAAA6010T.jpg\",\"contentUrl\":\"https:\\\/\\\/www.mexicanguitarplayers.com\\\/wp-content\\\/uploads\\\/2025\\\/04\\\/ICASOAAA6010T.jpg\",\"width\":1200,\"height\":1200},{\"@type\":\"BreadcrumbList\",\"@id\":\"https:\\\/\\\/www.mexicanguitarplayers.com\\\/tienda\\\/sin categor\u00eda\\\/combo-ashdown-p-bajo-mod-aaa-60-10t\\\/#breadcrumb\",\"itemListElement\":[{\"@type\":\"ListItem\",\"position\":1,\"name\":\"Portada\",\"item\":\"https:\\\/\\\/www.mexicanguitarplayers.com\\\/\"},{\"@type\":\"ListItem\",\"position\":2,\"name\":\"Tienda\",\"item\":\"https:\\\/\\\/www.mexicanguitarplayers.com\\\/tienda\\\/\"},{\"@type\":\"ListItem\",\"position\":3,\"name\":\"COMBO ASHDOWN P\\\/BAJO MOD. AAA-60-10T\"}]},{\"@type\":\"WebSite\",\"@id\":\"https:\\\/\\\/www.mexicanguitarplayers.com\\\/#website\",\"url\":\"https:\\\/\\\/www.mexicanguitarplayers.com\\\/\",\"name\":\"Mexican Guitar Players\",\"description\":\"Website\",\"publisher\":{\"@id\":\"https:\\\/\\\/www.mexicanguitarplayers.com\\\/#organization\"},\"potentialAction\":[{\"@type\":\"SearchAction\",\"target\":{\"@type\":\"EntryPoint\",\"urlTemplate\":\"https:\\\/\\\/www.mexicanguitarplayers.com\\\/?s={search_term_string}\"},\"query-input\":{\"@type\":\"PropertyValueSpecification\",\"valueRequired\":true,\"valueName\":\"search_term_string\"}}],\"inLanguage\":\"en-US\"},{\"@type\":\"Organization\",\"@id\":\"https:\\\/\\\/www.mexicanguitarplayers.com\\\/#organization\",\"name\":\"Mexican Guitar Players\",\"url\":\"https:\\\/\\\/www.mexicanguitarplayers.com\\\/\",\"logo\":{\"@type\":\"ImageObject\",\"inLanguage\":\"en-US\",\"@id\":\"https:\\\/\\\/www.mexicanguitarplayers.com\\\/#\\\/schema\\\/logo\\\/image\\\/\",\"url\":\"\",\"contentUrl\":\"\",\"caption\":\"Mexican Guitar Players\"},\"image\":{\"@id\":\"https:\\\/\\\/www.mexicanguitarplayers.com\\\/#\\\/schema\\\/logo\\\/image\\\/\"}}]}<\/script>\n<!-- \/ Yoast SEO plugin. -->","yoast_head_json":{"title":"COMBO ASHDOWN P\/BAJO MOD. AAA-60-10T - Mexican Guitar Players","description":"Combo para bajo, potencia de 60 watts, un altavoz de 10\u201d pulgadas, salida de altavoz, emulaci\u00f3n de bulbo overdrive, respuesta de frecuencia: -3 dB a 22 Hz y 25kHz, 2 entradas (alta y baja), controles: volumen, aux mix y drive, entrada de l\u00ednea con control de mezcla, salida DI XLR balanceada, impedancia: 8 ohms, ecualizador: Bass, Hi-Mid, Lo-Mid, entrada AppTek para conectar tu dispositivo simulador de amplificador en un iPhone o Ipad, dimensiones: 418 x 406 x 325 mm, peso: 11 kg.","robots":{"index":"index","follow":"follow","max-snippet":"max-snippet:-1","max-image-preview":"max-image-preview:large","max-video-preview":"max-video-preview:-1"},"canonical":"https:\/\/www.mexicanguitarplayers.com\/en\/tienda\/sin categor\u00eda\/combo-ashdown-p-bajo-mod-aaa-60-10t\/","og_locale":"en_US","og_type":"article","og_title":"COMBO ASHDOWN P\/BAJO MOD. AAA-60-10T - Mexican Guitar Players","og_description":"Combo para bajo, potencia de 60 watts, un altavoz de 10\u201d pulgadas, salida de altavoz, emulaci\u00f3n de bulbo overdrive, respuesta de frecuencia: -3 dB a 22 Hz y 25kHz, 2 entradas (alta y baja), controles: volumen, aux mix y drive, entrada de l\u00ednea con control de mezcla, salida DI XLR balanceada, impedancia: 8 ohms, ecualizador: Bass, Hi-Mid, Lo-Mid, entrada AppTek para conectar tu dispositivo simulador de amplificador en un iPhone o Ipad, dimensiones: 418 x 406 x 325 mm, peso: 11 kg.","og_url":"https:\/\/www.mexicanguitarplayers.com\/en\/tienda\/sin categor\u00eda\/combo-ashdown-p-bajo-mod-aaa-60-10t\/","og_site_name":"Mexican Guitar Players","article_modified_time":"2026-04-10T10:20:35+00:00","twitter_card":"summary_large_image","twitter_misc":{"Est. reading time":"2 minutes"},"schema":{"@context":"https:\/\/schema.org","@graph":[{"@type":["WebPage","ItemPage"],"@id":"https:\/\/www.mexicanguitarplayers.com\/tienda\/sin categor\u00eda\/combo-ashdown-p-bajo-mod-aaa-60-10t\/","url":"https:\/\/www.mexicanguitarplayers.com\/tienda\/sin categor\u00eda\/combo-ashdown-p-bajo-mod-aaa-60-10t\/","name":"COMBO ASHDOWN P\/BAJO MOD. AAA-60-10T - Mexican Guitar Players","isPartOf":{"@id":"https:\/\/www.mexicanguitarplayers.com\/#website"},"primaryImageOfPage":{"@id":"https:\/\/www.mexicanguitarplayers.com\/tienda\/sin categor\u00eda\/combo-ashdown-p-bajo-mod-aaa-60-10t\/#primaryimage"},"image":{"@id":"https:\/\/www.mexicanguitarplayers.com\/tienda\/sin categor\u00eda\/combo-ashdown-p-bajo-mod-aaa-60-10t\/#primaryimage"},"thumbnailUrl":"https:\/\/www.mexicanguitarplayers.com\/wp-content\/uploads\/2025\/04\/ICASOAAA6010T.jpg","datePublished":"2025-04-09T12:51:24+00:00","dateModified":"2026-04-10T10:20:35+00:00","description":"Combo para bajo, potencia de 60 watts, un altavoz de 10\u201d pulgadas, salida de altavoz, emulaci\u00f3n de bulbo overdrive, respuesta de frecuencia: -3 dB a 22 Hz y 25kHz, 2 entradas (alta y baja), controles: volumen, aux mix y drive, entrada de l\u00ednea con control de mezcla, salida DI XLR balanceada, impedancia: 8 ohms, ecualizador: Bass, Hi-Mid, Lo-Mid, entrada AppTek para conectar tu dispositivo simulador de amplificador en un iPhone o Ipad, dimensiones: 418 x 406 x 325 mm, peso: 11 kg.","breadcrumb":{"@id":"https:\/\/www.mexicanguitarplayers.com\/tienda\/sin categor\u00eda\/combo-ashdown-p-bajo-mod-aaa-60-10t\/#breadcrumb"},"inLanguage":"en-US","potentialAction":[{"@type":"ReadAction","target":["https:\/\/www.mexicanguitarplayers.com\/tienda\/sin categor\u00eda\/combo-ashdown-p-bajo-mod-aaa-60-10t\/"]}]},{"@type":"ImageObject","inLanguage":"en-US","@id":"https:\/\/www.mexicanguitarplayers.com\/tienda\/sin categor\u00eda\/combo-ashdown-p-bajo-mod-aaa-60-10t\/#primaryimage","url":"https:\/\/www.mexicanguitarplayers.com\/wp-content\/uploads\/2025\/04\/ICASOAAA6010T.jpg","contentUrl":"https:\/\/www.mexicanguitarplayers.com\/wp-content\/uploads\/2025\/04\/ICASOAAA6010T.jpg","width":1200,"height":1200},{"@type":"BreadcrumbList","@id":"https:\/\/www.mexicanguitarplayers.com\/tienda\/sin categor\u00eda\/combo-ashdown-p-bajo-mod-aaa-60-10t\/#breadcrumb","itemListElement":[{"@type":"ListItem","position":1,"name":"Portada","item":"https:\/\/www.mexicanguitarplayers.com\/"},{"@type":"ListItem","position":2,"name":"Tienda","item":"https:\/\/www.mexicanguitarplayers.com\/tienda\/"},{"@type":"ListItem","position":3,"name":"COMBO ASHDOWN P\/BAJO MOD. AAA-60-10T"}]},{"@type":"WebSite","@id":"https:\/\/www.mexicanguitarplayers.com\/#website","url":"https:\/\/www.mexicanguitarplayers.com\/","name":"Mexican Guitar Players","description":"Website","publisher":{"@id":"https:\/\/www.mexicanguitarplayers.com\/#organization"},"potentialAction":[{"@type":"SearchAction","target":{"@type":"EntryPoint","urlTemplate":"https:\/\/www.mexicanguitarplayers.com\/?s={search_term_string}"},"query-input":{"@type":"PropertyValueSpecification","valueRequired":true,"valueName":"search_term_string"}}],"inLanguage":"en-US"},{"@type":"Organization","@id":"https:\/\/www.mexicanguitarplayers.com\/#organization","name":"Mexican Guitar Players","url":"https:\/\/www.mexicanguitarplayers.com\/","logo":{"@type":"ImageObject","inLanguage":"en-US","@id":"https:\/\/www.mexicanguitarplayers.com\/#\/schema\/logo\/image\/","url":"","contentUrl":"","caption":"Mexican Guitar Players"},"image":{"@id":"https:\/\/www.mexicanguitarplayers.com\/#\/schema\/logo\/image\/"}}]}},"brands":[{"id":257,"name":"ASHDOWN","slug":"ashdown"}],"_links":{"self":[{"href":"https:\/\/www.mexicanguitarplayers.com\/en\/wp-json\/wp\/v2\/product\/39920","targetHints":{"allow":["GET"]}}],"collection":[{"href":"https:\/\/www.mexicanguitarplayers.com\/en\/wp-json\/wp\/v2\/product"}],"about":[{"href":"https:\/\/www.mexicanguitarplayers.com\/en\/wp-json\/wp\/v2\/types\/product"}],"replies":[{"embeddable":true,"href":"https:\/\/www.mexicanguitarplayers.com\/en\/wp-json\/wp\/v2\/comments?post=39920"}],"wp:featuredmedia":[{"embeddable":true,"href":"https:\/\/www.mexicanguitarplayers.com\/en\/wp-json\/wp\/v2\/media\/39914"}],"wp:attachment":[{"href":"https:\/\/www.mexicanguitarplayers.com\/en\/wp-json\/wp\/v2\/media?parent=39920"}],"wp:term":[{"taxonomy":"pwb-brand","embeddable":true,"href":"https:\/\/www.mexicanguitarplayers.com\/en\/wp-json\/wp\/v2\/pwb-brand?post=39920"},{"taxonomy":"product_brand","embeddable":true,"href":"https:\/\/www.mexicanguitarplayers.com\/en\/wp-json\/wp\/v2\/product_brand?post=39920"},{"taxonomy":"product_cat","embeddable":true,"href":"https:\/\/www.mexicanguitarplayers.com\/en\/wp-json\/wp\/v2\/product_cat?post=39920"},{"taxonomy":"product_tag","embeddable":true,"href":"https:\/\/www.mexicanguitarplayers.com\/en\/wp-json\/wp\/v2\/product_tag?post=39920"}],"curies":[{"name":"wp","href":"https:\/\/api.w.org\/{rel}","templated":true}]}}