{"id":39971,"date":"2025-04-09T06:52:35","date_gmt":"2025-04-09T12:52:35","guid":{"rendered":"https:\/\/www.mexicanguitarplayers.com\/tienda\/sin categor\u00eda\/funda-gator-p-bafle-gpa-tote15\/"},"modified":"2026-05-01T07:17:47","modified_gmt":"2026-05-01T13:17:47","slug":"funda-gator-p-bafle-gpa-tote15","status":"publish","type":"product","link":"https:\/\/www.mexicanguitarplayers.com\/en\/tienda\/accesorios\/estuches-y-fundas\/para-bafle\/funda-gator-p-bafle-gpa-tote15\/","title":{"rendered":"FUNDA GATOR P\/BAFLE GPA-TOTE15"},"content":{"rendered":"<div style=\"text-align: justify\">\n<div>\n<h3>Transporte sencillo para tus altavoces compactos.<\/h3>\n<\/div>\n<div>Esta funda de Gator para altavoz hace que transportar tu bafle de 15&#8243; pulgadas sea lo m\u00e1s sencillo del mundo. Est\u00e1 fabricada con poli\u00e9ster duradero y resistente al agua, en el interior est\u00e1 forrado con un suave acolchado para proteger tu altavoz. Un cierre abre la parte superior y facilita la carga y descarga del altavoz en la funda. Cuenta tambi\u00e9n con asas y correas dobles reforzadas que ayudan a distribuidor uniformemente el pedo. Esta funda se ajusta perfectamente a los altavoces QSC K15, Turbosound iQ15 y Yamaha DXR15, entre otros.<\/div>\n<div>\n<h4>Quick look<\/h4>\n<\/div>\n<ul style=\"margin: 0px 0px 0px 25px\">\n<li style=\"list-style-type: circle;margin: 5px\">Dimensiones interiores.<\/li>\n<li style=\"list-style-type: circle;margin: 5px\">Dimensiones exteriores.<\/li>\n<li style=\"list-style-type: circle;margin: 5px\">Weight.<\/li>\n<\/ul>\n<div>\n<div style=\"font-weight: bold\">Dimensiones interiores.<\/div>\n<div>\n<p>Longitud interior: 28.5&#8243; (723.9 mm). Ancho interior: 18.5&#8243; (469.9 mm). Altura interior: 16&#8243; (406.4 mm).<\/p>\n<\/div>\n<div style=\"font-weight: bold\">Dimensiones exteriores.<\/div>\n<div>\n<p>Longitud exterior: 29&#8243; (736.6 mm). Ancho exterior: 19&#8243; (482.6 mm). Altura exterior: 16.5&#8243; (419.1 mm).<\/p>\n<\/div>\n<div style=\"font-weight: bold\">Weight.<\/div>\n<div>\n<p>1.9 kg.<\/p>\n<\/div>\n<\/div>\n<div>\n<h4>Characteristics<\/h4>\n<\/div>\n<div>\n<ul style=\"margin: 0px 0px 0px 25px\">\n<li style=\"list-style-type: circle;margin: 5px\">Funda para altavoz de 15&#8243; pulgadas.<\/li>\n<li style=\"list-style-type: circle;margin: 5px\">Fabricado con poli\u00e9ster resistente al agua.<\/li>\n<li style=\"list-style-type: circle;margin: 5px\">Interior acolchado protector.<\/li>\n<li style=\"list-style-type: circle;margin: 5px\">Construcci\u00f3n resistente de doble cierre.<\/li>\n<li style=\"list-style-type: circle;margin: 5px\">Correas y manijas dobles reforzadas.<\/li>\n<li style=\"list-style-type: circle;margin: 5px\">Gran bolsillo exterior para accesorios.<\/li>\n<li style=\"list-style-type: circle;margin: 5px\">Adam Audio <\/li>\n<li style=\"list-style-type: circle;margin: 5px\">Alto Professional <\/li>\n<li style=\"list-style-type: circle;margin: 5px\">American Audio <\/li>\n<li style=\"list-style-type: circle;margin: 5px\">Behringer <\/li>\n<li style=\"list-style-type: circle;margin: 5px\">Carvin <\/li>\n<li style=\"list-style-type: circle;margin: 5px\">Cerwin-Vega <\/li>\n<li style=\"list-style-type: circle;margin: 5px\">Community <\/li>\n<li style=\"list-style-type: circle;margin: 5px\">dB Technologies <\/li>\n<li style=\"list-style-type: circle;margin: 5px\">Electro-Voice <\/li>\n<li style=\"list-style-type: circle;margin: 5px\">FBT <\/li>\n<li style=\"list-style-type: circle;margin: 5px\">Gemini <\/li>\n<li style=\"list-style-type: circle;margin: 5px\">JBL <\/li>\n<li style=\"list-style-type: circle;margin: 5px\">Kempton <\/li>\n<li style=\"list-style-type: circle;margin: 5px\">Mackie <\/li>\n<li style=\"list-style-type: circle;margin: 5px\">Nady <\/li>\n<li style=\"list-style-type: circle;margin: 5px\">Presonus <\/li>\n<li style=\"list-style-type: circle;margin: 5px\">QSC <\/li>\n<li style=\"list-style-type: circle;margin: 5px\">RCF <\/li>\n<li style=\"list-style-type: circle;margin: 5px\">Samson <\/li>\n<li style=\"list-style-type: circle;margin: 5px\">Studiomaster <\/li>\n<li style=\"list-style-type: circle;margin: 5px\">Turbosound <\/li>\n<li style=\"list-style-type: circle;margin: 5px\">Yamaha <\/li>\n<li style=\"list-style-type: circle;margin: 5px\">Yorkville <\/li>\n<\/ul>\n<\/div>\n<\/div>","protected":false},"excerpt":{"rendered":"<p>Funda para altavoz de 15\u201d pulgadas, dise\u00f1o liviano para adaptarse a los gabinetes de altavoz m\u00e1s populares en el mercado, incluyendo QSC K15, Turbosound iQ15 y Yamaha DRX15, construcci\u00f3n resistente de poli\u00e9ster resistente al agua, interior acolchado protector de 360 grados con forro suave, construcci\u00f3n resistente de doble cierre que abre la parte superior de la bolsa para facilitar la carga y descarga, las correas y manijas dobles reforzadas de envoltura segura distribuyen el peso del altavoz y reducen el desgaste de la funda, gran bolsillo exterior para guardar cables y accesorios.&hellip; <a class=\"kt-excerpt-readmore more-link\" href=\"https:\/\/www.mexicanguitarplayers.com\/en\/tienda\/accesorios\/estuches-y-fundas\/para-bafle\/funda-gator-p-bafle-gpa-tote15\/\">Read more<\/a><\/p>","protected":false},"featured_media":39963,"comment_status":"open","ping_status":"closed","template":"","meta":{"kt_blocks_editor_width":""},"pwb-brand":[572],"product_brand":[],"product_cat":[85,517,519],"product_tag":[],"class_list":{"0":"post-39971","1":"product","2":"type-product","3":"status-publish","4":"has-post-thumbnail","6":"pwb-brand-gator","7":"product_cat-accesorios","8":"product_cat-estuches-y-fundas","9":"product_cat-para-bafle","10":"product_shipping_class-0-5-kg","12":"first","13":"instock","14":"taxable","15":"shipping-taxable","16":"purchasable","17":"product-type-simple"},"yoast_head":"<!-- This site is optimized with the Yoast SEO plugin v27.5 - https:\/\/yoast.com\/product\/yoast-seo-wordpress\/ -->\n<title>FUNDA GATOR P\/BAFLE GPA-TOTE15 - Mexican Guitar Players<\/title>\n<meta name=\"description\" content=\"Funda para altavoz de 15\u201d pulgadas, dise\u00f1o liviano para adaptarse a los gabinetes de altavoz m\u00e1s populares en el mercado, incluyendo QSC K15, Turbosound iQ15 y Yamaha DRX15, construcci\u00f3n resistente de poli\u00e9ster resistente al agua, interior acolchado protector de 360 grados con forro suave, construcci\u00f3n resistente de doble cierre que abre la parte superior de la bolsa para facilitar la carga y descarga, las correas y manijas dobles reforzadas de envoltura segura distribuyen el peso del altavoz y reducen el desgaste de la funda, gran bolsillo exterior para guardar cables y accesorios.\" \/>\n<meta name=\"robots\" content=\"index, follow, max-snippet:-1, max-image-preview:large, max-video-preview:-1\" \/>\n<link rel=\"canonical\" href=\"https:\/\/www.mexicanguitarplayers.com\/en\/tienda\/sin%20categor\u00eda\/funda-gator-p-bafle-gpa-tote15\/\" \/>\n<meta property=\"og:locale\" content=\"en_US\" \/>\n<meta property=\"og:type\" content=\"article\" \/>\n<meta property=\"og:title\" content=\"FUNDA GATOR P\/BAFLE GPA-TOTE15 - Mexican Guitar Players\" \/>\n<meta property=\"og:description\" content=\"Funda para altavoz de 15\u201d pulgadas, dise\u00f1o liviano para adaptarse a los gabinetes de altavoz m\u00e1s populares en el mercado, incluyendo QSC K15, Turbosound iQ15 y Yamaha DRX15, construcci\u00f3n resistente de poli\u00e9ster resistente al agua, interior acolchado protector de 360 grados con forro suave, construcci\u00f3n resistente de doble cierre que abre la parte superior de la bolsa para facilitar la carga y descarga, las correas y manijas dobles reforzadas de envoltura segura distribuyen el peso del altavoz y reducen el desgaste de la funda, gran bolsillo exterior para guardar cables y accesorios.\" \/>\n<meta property=\"og:url\" content=\"https:\/\/www.mexicanguitarplayers.com\/en\/tienda\/sin categor\u00eda\/funda-gator-p-bafle-gpa-tote15\/\" \/>\n<meta property=\"og:site_name\" content=\"Mexican Guitar Players\" \/>\n<meta property=\"article:modified_time\" content=\"2026-05-01T13:17:47+00:00\" \/>\n<meta name=\"twitter:card\" content=\"summary_large_image\" \/>\n<meta name=\"twitter:label1\" content=\"Est. reading time\" \/>\n\t<meta name=\"twitter:data1\" content=\"1 minute\" \/>\n<script type=\"application\/ld+json\" class=\"yoast-schema-graph\">{\"@context\":\"https:\\\/\\\/schema.org\",\"@graph\":[{\"@type\":[\"WebPage\",\"ItemPage\"],\"@id\":\"https:\\\/\\\/www.mexicanguitarplayers.com\\\/tienda\\\/sin categor\u00eda\\\/funda-gator-p-bafle-gpa-tote15\\\/\",\"url\":\"https:\\\/\\\/www.mexicanguitarplayers.com\\\/tienda\\\/sin categor\u00eda\\\/funda-gator-p-bafle-gpa-tote15\\\/\",\"name\":\"FUNDA GATOR P\\\/BAFLE GPA-TOTE15 - Mexican Guitar Players\",\"isPartOf\":{\"@id\":\"https:\\\/\\\/www.mexicanguitarplayers.com\\\/#website\"},\"primaryImageOfPage\":{\"@id\":\"https:\\\/\\\/www.mexicanguitarplayers.com\\\/tienda\\\/sin categor\u00eda\\\/funda-gator-p-bafle-gpa-tote15\\\/#primaryimage\"},\"image\":{\"@id\":\"https:\\\/\\\/www.mexicanguitarplayers.com\\\/tienda\\\/sin categor\u00eda\\\/funda-gator-p-bafle-gpa-tote15\\\/#primaryimage\"},\"thumbnailUrl\":\"https:\\\/\\\/www.mexicanguitarplayers.com\\\/wp-content\\\/uploads\\\/2025\\\/04\\\/VAGATGPATOTE15.jpg\",\"datePublished\":\"2025-04-09T12:52:35+00:00\",\"dateModified\":\"2026-05-01T13:17:47+00:00\",\"description\":\"Funda para altavoz de 15\u201d pulgadas, dise\u00f1o liviano para adaptarse a los gabinetes de altavoz m\u00e1s populares en el mercado, incluyendo QSC K15, Turbosound iQ15 y Yamaha DRX15, construcci\u00f3n resistente de poli\u00e9ster resistente al agua, interior acolchado protector de 360 grados con forro suave, construcci\u00f3n resistente de doble cierre que abre la parte superior de la bolsa para facilitar la carga y descarga, las correas y manijas dobles reforzadas de envoltura segura distribuyen el peso del altavoz y reducen el desgaste de la funda, gran bolsillo exterior para guardar cables y accesorios.\",\"breadcrumb\":{\"@id\":\"https:\\\/\\\/www.mexicanguitarplayers.com\\\/tienda\\\/sin categor\u00eda\\\/funda-gator-p-bafle-gpa-tote15\\\/#breadcrumb\"},\"inLanguage\":\"en-US\",\"potentialAction\":[{\"@type\":\"ReadAction\",\"target\":[\"https:\\\/\\\/www.mexicanguitarplayers.com\\\/tienda\\\/sin categor\u00eda\\\/funda-gator-p-bafle-gpa-tote15\\\/\"]}]},{\"@type\":\"ImageObject\",\"inLanguage\":\"en-US\",\"@id\":\"https:\\\/\\\/www.mexicanguitarplayers.com\\\/tienda\\\/sin categor\u00eda\\\/funda-gator-p-bafle-gpa-tote15\\\/#primaryimage\",\"url\":\"https:\\\/\\\/www.mexicanguitarplayers.com\\\/wp-content\\\/uploads\\\/2025\\\/04\\\/VAGATGPATOTE15.jpg\",\"contentUrl\":\"https:\\\/\\\/www.mexicanguitarplayers.com\\\/wp-content\\\/uploads\\\/2025\\\/04\\\/VAGATGPATOTE15.jpg\",\"width\":1200,\"height\":1200},{\"@type\":\"BreadcrumbList\",\"@id\":\"https:\\\/\\\/www.mexicanguitarplayers.com\\\/tienda\\\/sin categor\u00eda\\\/funda-gator-p-bafle-gpa-tote15\\\/#breadcrumb\",\"itemListElement\":[{\"@type\":\"ListItem\",\"position\":1,\"name\":\"Portada\",\"item\":\"https:\\\/\\\/www.mexicanguitarplayers.com\\\/\"},{\"@type\":\"ListItem\",\"position\":2,\"name\":\"Tienda\",\"item\":\"https:\\\/\\\/www.mexicanguitarplayers.com\\\/tienda\\\/\"},{\"@type\":\"ListItem\",\"position\":3,\"name\":\"FUNDA GATOR P\\\/BAFLE GPA-TOTE15\"}]},{\"@type\":\"WebSite\",\"@id\":\"https:\\\/\\\/www.mexicanguitarplayers.com\\\/#website\",\"url\":\"https:\\\/\\\/www.mexicanguitarplayers.com\\\/\",\"name\":\"Mexican Guitar Players\",\"description\":\"Website\",\"publisher\":{\"@id\":\"https:\\\/\\\/www.mexicanguitarplayers.com\\\/#organization\"},\"potentialAction\":[{\"@type\":\"SearchAction\",\"target\":{\"@type\":\"EntryPoint\",\"urlTemplate\":\"https:\\\/\\\/www.mexicanguitarplayers.com\\\/?s={search_term_string}\"},\"query-input\":{\"@type\":\"PropertyValueSpecification\",\"valueRequired\":true,\"valueName\":\"search_term_string\"}}],\"inLanguage\":\"en-US\"},{\"@type\":\"Organization\",\"@id\":\"https:\\\/\\\/www.mexicanguitarplayers.com\\\/#organization\",\"name\":\"Mexican Guitar Players\",\"url\":\"https:\\\/\\\/www.mexicanguitarplayers.com\\\/\",\"logo\":{\"@type\":\"ImageObject\",\"inLanguage\":\"en-US\",\"@id\":\"https:\\\/\\\/www.mexicanguitarplayers.com\\\/#\\\/schema\\\/logo\\\/image\\\/\",\"url\":\"\",\"contentUrl\":\"\",\"caption\":\"Mexican Guitar Players\"},\"image\":{\"@id\":\"https:\\\/\\\/www.mexicanguitarplayers.com\\\/#\\\/schema\\\/logo\\\/image\\\/\"}}]}<\/script>\n<!-- \/ Yoast SEO plugin. -->","yoast_head_json":{"title":"FUNDA GATOR P\/BAFLE GPA-TOTE15 - Mexican Guitar Players","description":"Funda para altavoz de 15\u201d pulgadas, dise\u00f1o liviano para adaptarse a los gabinetes de altavoz m\u00e1s populares en el mercado, incluyendo QSC K15, Turbosound iQ15 y Yamaha DRX15, construcci\u00f3n resistente de poli\u00e9ster resistente al agua, interior acolchado protector de 360 grados con forro suave, construcci\u00f3n resistente de doble cierre que abre la parte superior de la bolsa para facilitar la carga y descarga, las correas y manijas dobles reforzadas de envoltura segura distribuyen el peso del altavoz y reducen el desgaste de la funda, gran bolsillo exterior para guardar cables y accesorios.","robots":{"index":"index","follow":"follow","max-snippet":"max-snippet:-1","max-image-preview":"max-image-preview:large","max-video-preview":"max-video-preview:-1"},"canonical":"https:\/\/www.mexicanguitarplayers.com\/en\/tienda\/sin categor\u00eda\/funda-gator-p-bafle-gpa-tote15\/","og_locale":"en_US","og_type":"article","og_title":"FUNDA GATOR P\/BAFLE GPA-TOTE15 - Mexican Guitar Players","og_description":"Funda para altavoz de 15\u201d pulgadas, dise\u00f1o liviano para adaptarse a los gabinetes de altavoz m\u00e1s populares en el mercado, incluyendo QSC K15, Turbosound iQ15 y Yamaha DRX15, construcci\u00f3n resistente de poli\u00e9ster resistente al agua, interior acolchado protector de 360 grados con forro suave, construcci\u00f3n resistente de doble cierre que abre la parte superior de la bolsa para facilitar la carga y descarga, las correas y manijas dobles reforzadas de envoltura segura distribuyen el peso del altavoz y reducen el desgaste de la funda, gran bolsillo exterior para guardar cables y accesorios.","og_url":"https:\/\/www.mexicanguitarplayers.com\/en\/tienda\/sin categor\u00eda\/funda-gator-p-bafle-gpa-tote15\/","og_site_name":"Mexican Guitar Players","article_modified_time":"2026-05-01T13:17:47+00:00","twitter_card":"summary_large_image","twitter_misc":{"Est. reading time":"1 minute"},"schema":{"@context":"https:\/\/schema.org","@graph":[{"@type":["WebPage","ItemPage"],"@id":"https:\/\/www.mexicanguitarplayers.com\/tienda\/sin categor\u00eda\/funda-gator-p-bafle-gpa-tote15\/","url":"https:\/\/www.mexicanguitarplayers.com\/tienda\/sin categor\u00eda\/funda-gator-p-bafle-gpa-tote15\/","name":"FUNDA GATOR P\/BAFLE GPA-TOTE15 - Mexican Guitar Players","isPartOf":{"@id":"https:\/\/www.mexicanguitarplayers.com\/#website"},"primaryImageOfPage":{"@id":"https:\/\/www.mexicanguitarplayers.com\/tienda\/sin categor\u00eda\/funda-gator-p-bafle-gpa-tote15\/#primaryimage"},"image":{"@id":"https:\/\/www.mexicanguitarplayers.com\/tienda\/sin categor\u00eda\/funda-gator-p-bafle-gpa-tote15\/#primaryimage"},"thumbnailUrl":"https:\/\/www.mexicanguitarplayers.com\/wp-content\/uploads\/2025\/04\/VAGATGPATOTE15.jpg","datePublished":"2025-04-09T12:52:35+00:00","dateModified":"2026-05-01T13:17:47+00:00","description":"Funda para altavoz de 15\u201d pulgadas, dise\u00f1o liviano para adaptarse a los gabinetes de altavoz m\u00e1s populares en el mercado, incluyendo QSC K15, Turbosound iQ15 y Yamaha DRX15, construcci\u00f3n resistente de poli\u00e9ster resistente al agua, interior acolchado protector de 360 grados con forro suave, construcci\u00f3n resistente de doble cierre que abre la parte superior de la bolsa para facilitar la carga y descarga, las correas y manijas dobles reforzadas de envoltura segura distribuyen el peso del altavoz y reducen el desgaste de la funda, gran bolsillo exterior para guardar cables y accesorios.","breadcrumb":{"@id":"https:\/\/www.mexicanguitarplayers.com\/tienda\/sin categor\u00eda\/funda-gator-p-bafle-gpa-tote15\/#breadcrumb"},"inLanguage":"en-US","potentialAction":[{"@type":"ReadAction","target":["https:\/\/www.mexicanguitarplayers.com\/tienda\/sin categor\u00eda\/funda-gator-p-bafle-gpa-tote15\/"]}]},{"@type":"ImageObject","inLanguage":"en-US","@id":"https:\/\/www.mexicanguitarplayers.com\/tienda\/sin categor\u00eda\/funda-gator-p-bafle-gpa-tote15\/#primaryimage","url":"https:\/\/www.mexicanguitarplayers.com\/wp-content\/uploads\/2025\/04\/VAGATGPATOTE15.jpg","contentUrl":"https:\/\/www.mexicanguitarplayers.com\/wp-content\/uploads\/2025\/04\/VAGATGPATOTE15.jpg","width":1200,"height":1200},{"@type":"BreadcrumbList","@id":"https:\/\/www.mexicanguitarplayers.com\/tienda\/sin categor\u00eda\/funda-gator-p-bafle-gpa-tote15\/#breadcrumb","itemListElement":[{"@type":"ListItem","position":1,"name":"Portada","item":"https:\/\/www.mexicanguitarplayers.com\/"},{"@type":"ListItem","position":2,"name":"Tienda","item":"https:\/\/www.mexicanguitarplayers.com\/tienda\/"},{"@type":"ListItem","position":3,"name":"FUNDA GATOR P\/BAFLE GPA-TOTE15"}]},{"@type":"WebSite","@id":"https:\/\/www.mexicanguitarplayers.com\/#website","url":"https:\/\/www.mexicanguitarplayers.com\/","name":"Mexican Guitar Players","description":"Website","publisher":{"@id":"https:\/\/www.mexicanguitarplayers.com\/#organization"},"potentialAction":[{"@type":"SearchAction","target":{"@type":"EntryPoint","urlTemplate":"https:\/\/www.mexicanguitarplayers.com\/?s={search_term_string}"},"query-input":{"@type":"PropertyValueSpecification","valueRequired":true,"valueName":"search_term_string"}}],"inLanguage":"en-US"},{"@type":"Organization","@id":"https:\/\/www.mexicanguitarplayers.com\/#organization","name":"Mexican Guitar Players","url":"https:\/\/www.mexicanguitarplayers.com\/","logo":{"@type":"ImageObject","inLanguage":"en-US","@id":"https:\/\/www.mexicanguitarplayers.com\/#\/schema\/logo\/image\/","url":"","contentUrl":"","caption":"Mexican Guitar Players"},"image":{"@id":"https:\/\/www.mexicanguitarplayers.com\/#\/schema\/logo\/image\/"}}]}},"brands":[{"id":572,"name":"GATOR","slug":"gator"}],"_links":{"self":[{"href":"https:\/\/www.mexicanguitarplayers.com\/en\/wp-json\/wp\/v2\/product\/39971","targetHints":{"allow":["GET"]}}],"collection":[{"href":"https:\/\/www.mexicanguitarplayers.com\/en\/wp-json\/wp\/v2\/product"}],"about":[{"href":"https:\/\/www.mexicanguitarplayers.com\/en\/wp-json\/wp\/v2\/types\/product"}],"replies":[{"embeddable":true,"href":"https:\/\/www.mexicanguitarplayers.com\/en\/wp-json\/wp\/v2\/comments?post=39971"}],"wp:featuredmedia":[{"embeddable":true,"href":"https:\/\/www.mexicanguitarplayers.com\/en\/wp-json\/wp\/v2\/media\/39963"}],"wp:attachment":[{"href":"https:\/\/www.mexicanguitarplayers.com\/en\/wp-json\/wp\/v2\/media?parent=39971"}],"wp:term":[{"taxonomy":"pwb-brand","embeddable":true,"href":"https:\/\/www.mexicanguitarplayers.com\/en\/wp-json\/wp\/v2\/pwb-brand?post=39971"},{"taxonomy":"product_brand","embeddable":true,"href":"https:\/\/www.mexicanguitarplayers.com\/en\/wp-json\/wp\/v2\/product_brand?post=39971"},{"taxonomy":"product_cat","embeddable":true,"href":"https:\/\/www.mexicanguitarplayers.com\/en\/wp-json\/wp\/v2\/product_cat?post=39971"},{"taxonomy":"product_tag","embeddable":true,"href":"https:\/\/www.mexicanguitarplayers.com\/en\/wp-json\/wp\/v2\/product_tag?post=39971"}],"curies":[{"name":"wp","href":"https:\/\/api.w.org\/{rel}","templated":true}]}}