{"id":39977,"date":"2025-04-09T06:52:43","date_gmt":"2025-04-09T12:52:43","guid":{"rendered":"https:\/\/www.mexicanguitarplayers.com\/tienda\/sin categor\u00eda\/sintetizador-behringer-mod-td-3-tg\/"},"modified":"2026-05-05T16:15:07","modified_gmt":"2026-05-05T22:15:07","slug":"sintetizador-behringer-mod-td-3-tg","status":"publish","type":"product","link":"https:\/\/www.mexicanguitarplayers.com\/en\/tienda\/teclas\/sintetizador-y-controlador\/sintetizador\/sintetizador-behringer-mod-td-3-tg\/","title":{"rendered":"SINTETIZADOR BEHRINGER MOD. TD-3-TG"},"content":{"rendered":"<div style=\"text-align: justify\">\n<div>\n<h3>SINTETIZADOR BEHRINGER MOD. TD-3-TG<\/h3>\n<\/div>\n<div>El TD-3-TG, producido \u00fanicamente desde 1981 hasta 1984, fue un tremendo fracaso comercial como reemplazo del bajo el\u00e9ctrico. Sin embargo, pronto encontr\u00f3 su lugar como uno de los sintetizadores m\u00e1s queridos para lo que se conoci\u00f3 como M\u00fasica Electr\u00f3nica de Baile (EDM). Un homenaje ultra asequible y fiel al ic\u00f3nico sintetizador que dio origen a la m\u00fasica house, adem\u00e1s de un circuito de distorsi\u00f3n completamente nuevo, el TD-3-TG te permite conjurar virtualmente cualquier sonido con incre\u00edble destreza y facilidad. Con su ruta de se\u00f1al anal\u00f3gica pura, secuenciador de 16 pasos y aut\u00e9nticos filtros VCO, VCF y VCA, el TD-3-TG seguramente se convertir\u00e1 en uno de tus sintetizadores favoritos.<\/div>\n<div>\n<h4>Characteristics<\/h4>\n<\/div>\n<div>\n<ul style=\"margin: 0px 0px 0px 25px\">\n<li style=\"list-style-type: circle;margin: 5px\">Arquitectura del sintetizador<\/li>\n<li style=\"list-style-type: circle;margin: 5px\">Connectivity<\/li>\n<li style=\"list-style-type: circle;margin: 5px\">Sistemas operativos compatibles<\/li>\n<li style=\"list-style-type: circle;margin: 5px\">Entradas y Salidas (TS 3,5 mm) <\/li>\n<li style=\"list-style-type: circle;margin: 5px\">requerimientos de energ\u00eda<\/li>\n<li style=\"list-style-type: circle;margin: 5px\">Ambiental<\/li>\n<li style=\"list-style-type: circle;margin: 5px\">Physical<\/li>\n<li style=\"list-style-type: circle;margin: 5px\">Weight<\/li>\n<\/ul>\n<\/div>\n<\/div>","protected":false},"excerpt":{"rendered":"<p>El sintetizador de l\u00ednea de bajo TD-3-TG es un impresionante instrumento con circuiter\u00eda anal\u00f3gica genuina para crear sonidos de bajo y ritmo. Ofrece una reproducci\u00f3n aut\u00e9ntica de la circuiter\u00eda original con transistores emparejados y una ruta de se\u00f1al puramente anal\u00f3gica basada en los legendarios dise\u00f1os de VCO, VCF y VCA. Con un VCO de formas de onda diente de sierra y cuadrada, junto con un sorprendente filtro resonante de paso bajo de 4 polos con controles completos, este sintetizador permite una creatividad ilimitada. Adem\u00e1s, cuenta con un secuenciador de 16 pasos f\u00e1cil de usar, un arpegiador vers\u00e1til y un circuito de distorsi\u00f3n inspirado en el DS-1 para a\u00f1adir car\u00e1cter \u00fanico a tus sonidos. La funci\u00f3n de cadena polif\u00f3nica de 16 voces y una amplia gama de controles y switches te brindan acceso directo y en tiempo real a todos los par\u00e1metros importantes. La implementaci\u00f3n de MIDI y USB con selecci\u00f3n de canal MIDI y prioridad de voz a\u00f1ade a\u00fan m\u00e1s versatilidad a este excepcional sintetizador.&hellip; <a class=\"kt-excerpt-readmore more-link\" href=\"https:\/\/www.mexicanguitarplayers.com\/en\/tienda\/teclas\/sintetizador-y-controlador\/sintetizador\/sintetizador-behringer-mod-td-3-tg\/\">Read more<\/a><\/p>","protected":false},"featured_media":39972,"comment_status":"open","ping_status":"closed","template":"","meta":{"kt_blocks_editor_width":""},"pwb-brand":[171],"product_brand":[],"product_cat":[393,386,376],"product_tag":[],"class_list":{"0":"post-39977","1":"product","2":"type-product","3":"status-publish","4":"has-post-thumbnail","6":"pwb-brand-behringer","7":"product_cat-sintetizador","8":"product_cat-sintetizador-y-controlador","9":"product_cat-teclas","10":"product_shipping_class-0-5-kg","12":"first","13":"outofstock","14":"taxable","15":"shipping-taxable","16":"purchasable","17":"product-type-simple"},"yoast_head":"<!-- This site is optimized with the Yoast SEO plugin v27.5 - https:\/\/yoast.com\/product\/yoast-seo-wordpress\/ -->\n<title>SINTETIZADOR BEHRINGER MOD. TD-3-TG - Mexican Guitar Players<\/title>\n<meta name=\"description\" content=\"El sintetizador de l\u00ednea de bajo TD-3-TG es un impresionante instrumento con circuiter\u00eda anal\u00f3gica genuina para crear sonidos de bajo y ritmo. Ofrece una reproducci\u00f3n aut\u00e9ntica de la circuiter\u00eda original con transistores emparejados y una ruta de se\u00f1al puramente anal\u00f3gica basada en los legendarios dise\u00f1os de VCO, VCF y VCA. Con un VCO de formas de onda diente de sierra y cuadrada, junto con un sorprendente filtro resonante de paso bajo de 4 polos con controles completos, este sintetizador permite una creatividad ilimitada. Adem\u00e1s, cuenta con un secuenciador de 16 pasos f\u00e1cil de usar, un arpegiador vers\u00e1til y un circuito de distorsi\u00f3n inspirado en el DS-1 para a\u00f1adir car\u00e1cter \u00fanico a tus sonidos. La funci\u00f3n de cadena polif\u00f3nica de 16 voces y una amplia gama de controles y switches te brindan acceso directo y en tiempo real a todos los par\u00e1metros importantes. La implementaci\u00f3n de MIDI y USB con selecci\u00f3n de canal MIDI y prioridad de voz a\u00f1ade a\u00fan m\u00e1s versatilidad a este excepcional sintetizador.\" \/>\n<meta name=\"robots\" content=\"index, follow, max-snippet:-1, max-image-preview:large, max-video-preview:-1\" \/>\n<link rel=\"canonical\" href=\"https:\/\/www.mexicanguitarplayers.com\/en\/tienda\/sin%20categor\u00eda\/sintetizador-behringer-mod-td-3-tg\/\" \/>\n<meta property=\"og:locale\" content=\"en_US\" \/>\n<meta property=\"og:type\" content=\"article\" \/>\n<meta property=\"og:title\" content=\"SINTETIZADOR BEHRINGER MOD. TD-3-TG - Mexican Guitar Players\" \/>\n<meta property=\"og:description\" content=\"El sintetizador de l\u00ednea de bajo TD-3-TG es un impresionante instrumento con circuiter\u00eda anal\u00f3gica genuina para crear sonidos de bajo y ritmo. Ofrece una reproducci\u00f3n aut\u00e9ntica de la circuiter\u00eda original con transistores emparejados y una ruta de se\u00f1al puramente anal\u00f3gica basada en los legendarios dise\u00f1os de VCO, VCF y VCA. Con un VCO de formas de onda diente de sierra y cuadrada, junto con un sorprendente filtro resonante de paso bajo de 4 polos con controles completos, este sintetizador permite una creatividad ilimitada. Adem\u00e1s, cuenta con un secuenciador de 16 pasos f\u00e1cil de usar, un arpegiador vers\u00e1til y un circuito de distorsi\u00f3n inspirado en el DS-1 para a\u00f1adir car\u00e1cter \u00fanico a tus sonidos. La funci\u00f3n de cadena polif\u00f3nica de 16 voces y una amplia gama de controles y switches te brindan acceso directo y en tiempo real a todos los par\u00e1metros importantes. La implementaci\u00f3n de MIDI y USB con selecci\u00f3n de canal MIDI y prioridad de voz a\u00f1ade a\u00fan m\u00e1s versatilidad a este excepcional sintetizador.\" \/>\n<meta property=\"og:url\" content=\"https:\/\/www.mexicanguitarplayers.com\/en\/tienda\/sin categor\u00eda\/sintetizador-behringer-mod-td-3-tg\/\" \/>\n<meta property=\"og:site_name\" content=\"Mexican Guitar Players\" \/>\n<meta property=\"article:modified_time\" content=\"2026-05-05T22:15:07+00:00\" \/>\n<meta name=\"twitter:card\" content=\"summary_large_image\" \/>\n<meta name=\"twitter:label1\" content=\"Est. reading time\" \/>\n\t<meta name=\"twitter:data1\" content=\"1 minute\" \/>\n<script type=\"application\/ld+json\" class=\"yoast-schema-graph\">{\"@context\":\"https:\\\/\\\/schema.org\",\"@graph\":[{\"@type\":[\"WebPage\",\"ItemPage\"],\"@id\":\"https:\\\/\\\/www.mexicanguitarplayers.com\\\/tienda\\\/sin categor\u00eda\\\/sintetizador-behringer-mod-td-3-tg\\\/\",\"url\":\"https:\\\/\\\/www.mexicanguitarplayers.com\\\/tienda\\\/sin categor\u00eda\\\/sintetizador-behringer-mod-td-3-tg\\\/\",\"name\":\"SINTETIZADOR BEHRINGER MOD. TD-3-TG - Mexican Guitar Players\",\"isPartOf\":{\"@id\":\"https:\\\/\\\/www.mexicanguitarplayers.com\\\/#website\"},\"primaryImageOfPage\":{\"@id\":\"https:\\\/\\\/www.mexicanguitarplayers.com\\\/tienda\\\/sin categor\u00eda\\\/sintetizador-behringer-mod-td-3-tg\\\/#primaryimage\"},\"image\":{\"@id\":\"https:\\\/\\\/www.mexicanguitarplayers.com\\\/tienda\\\/sin categor\u00eda\\\/sintetizador-behringer-mod-td-3-tg\\\/#primaryimage\"},\"thumbnailUrl\":\"https:\\\/\\\/www.mexicanguitarplayers.com\\\/wp-content\\\/uploads\\\/2025\\\/04\\\/ITBEHTD3TG.jpg\",\"datePublished\":\"2025-04-09T12:52:43+00:00\",\"dateModified\":\"2026-05-05T22:15:07+00:00\",\"description\":\"El sintetizador de l\u00ednea de bajo TD-3-TG es un impresionante instrumento con circuiter\u00eda anal\u00f3gica genuina para crear sonidos de bajo y ritmo. Ofrece una reproducci\u00f3n aut\u00e9ntica de la circuiter\u00eda original con transistores emparejados y una ruta de se\u00f1al puramente anal\u00f3gica basada en los legendarios dise\u00f1os de VCO, VCF y VCA. Con un VCO de formas de onda diente de sierra y cuadrada, junto con un sorprendente filtro resonante de paso bajo de 4 polos con controles completos, este sintetizador permite una creatividad ilimitada. Adem\u00e1s, cuenta con un secuenciador de 16 pasos f\u00e1cil de usar, un arpegiador vers\u00e1til y un circuito de distorsi\u00f3n inspirado en el DS-1 para a\u00f1adir car\u00e1cter \u00fanico a tus sonidos. La funci\u00f3n de cadena polif\u00f3nica de 16 voces y una amplia gama de controles y switches te brindan acceso directo y en tiempo real a todos los par\u00e1metros importantes. La implementaci\u00f3n de MIDI y USB con selecci\u00f3n de canal MIDI y prioridad de voz a\u00f1ade a\u00fan m\u00e1s versatilidad a este excepcional sintetizador.\",\"breadcrumb\":{\"@id\":\"https:\\\/\\\/www.mexicanguitarplayers.com\\\/tienda\\\/sin categor\u00eda\\\/sintetizador-behringer-mod-td-3-tg\\\/#breadcrumb\"},\"inLanguage\":\"en-US\",\"potentialAction\":[{\"@type\":\"ReadAction\",\"target\":[\"https:\\\/\\\/www.mexicanguitarplayers.com\\\/tienda\\\/sin categor\u00eda\\\/sintetizador-behringer-mod-td-3-tg\\\/\"]}]},{\"@type\":\"ImageObject\",\"inLanguage\":\"en-US\",\"@id\":\"https:\\\/\\\/www.mexicanguitarplayers.com\\\/tienda\\\/sin categor\u00eda\\\/sintetizador-behringer-mod-td-3-tg\\\/#primaryimage\",\"url\":\"https:\\\/\\\/www.mexicanguitarplayers.com\\\/wp-content\\\/uploads\\\/2025\\\/04\\\/ITBEHTD3TG.jpg\",\"contentUrl\":\"https:\\\/\\\/www.mexicanguitarplayers.com\\\/wp-content\\\/uploads\\\/2025\\\/04\\\/ITBEHTD3TG.jpg\",\"width\":1600,\"height\":800},{\"@type\":\"BreadcrumbList\",\"@id\":\"https:\\\/\\\/www.mexicanguitarplayers.com\\\/tienda\\\/sin categor\u00eda\\\/sintetizador-behringer-mod-td-3-tg\\\/#breadcrumb\",\"itemListElement\":[{\"@type\":\"ListItem\",\"position\":1,\"name\":\"Portada\",\"item\":\"https:\\\/\\\/www.mexicanguitarplayers.com\\\/\"},{\"@type\":\"ListItem\",\"position\":2,\"name\":\"Tienda\",\"item\":\"https:\\\/\\\/www.mexicanguitarplayers.com\\\/tienda\\\/\"},{\"@type\":\"ListItem\",\"position\":3,\"name\":\"SINTETIZADOR BEHRINGER MOD. TD-3-TG\"}]},{\"@type\":\"WebSite\",\"@id\":\"https:\\\/\\\/www.mexicanguitarplayers.com\\\/#website\",\"url\":\"https:\\\/\\\/www.mexicanguitarplayers.com\\\/\",\"name\":\"Mexican Guitar Players\",\"description\":\"Website\",\"publisher\":{\"@id\":\"https:\\\/\\\/www.mexicanguitarplayers.com\\\/#organization\"},\"potentialAction\":[{\"@type\":\"SearchAction\",\"target\":{\"@type\":\"EntryPoint\",\"urlTemplate\":\"https:\\\/\\\/www.mexicanguitarplayers.com\\\/?s={search_term_string}\"},\"query-input\":{\"@type\":\"PropertyValueSpecification\",\"valueRequired\":true,\"valueName\":\"search_term_string\"}}],\"inLanguage\":\"en-US\"},{\"@type\":\"Organization\",\"@id\":\"https:\\\/\\\/www.mexicanguitarplayers.com\\\/#organization\",\"name\":\"Mexican Guitar Players\",\"url\":\"https:\\\/\\\/www.mexicanguitarplayers.com\\\/\",\"logo\":{\"@type\":\"ImageObject\",\"inLanguage\":\"en-US\",\"@id\":\"https:\\\/\\\/www.mexicanguitarplayers.com\\\/#\\\/schema\\\/logo\\\/image\\\/\",\"url\":\"\",\"contentUrl\":\"\",\"caption\":\"Mexican Guitar Players\"},\"image\":{\"@id\":\"https:\\\/\\\/www.mexicanguitarplayers.com\\\/#\\\/schema\\\/logo\\\/image\\\/\"}}]}<\/script>\n<!-- \/ Yoast SEO plugin. -->","yoast_head_json":{"title":"SINTETIZADOR BEHRINGER MOD. TD-3-TG - Mexican Guitar Players","description":"El sintetizador de l\u00ednea de bajo TD-3-TG es un impresionante instrumento con circuiter\u00eda anal\u00f3gica genuina para crear sonidos de bajo y ritmo. Ofrece una reproducci\u00f3n aut\u00e9ntica de la circuiter\u00eda original con transistores emparejados y una ruta de se\u00f1al puramente anal\u00f3gica basada en los legendarios dise\u00f1os de VCO, VCF y VCA. Con un VCO de formas de onda diente de sierra y cuadrada, junto con un sorprendente filtro resonante de paso bajo de 4 polos con controles completos, este sintetizador permite una creatividad ilimitada. Adem\u00e1s, cuenta con un secuenciador de 16 pasos f\u00e1cil de usar, un arpegiador vers\u00e1til y un circuito de distorsi\u00f3n inspirado en el DS-1 para a\u00f1adir car\u00e1cter \u00fanico a tus sonidos. La funci\u00f3n de cadena polif\u00f3nica de 16 voces y una amplia gama de controles y switches te brindan acceso directo y en tiempo real a todos los par\u00e1metros importantes. La implementaci\u00f3n de MIDI y USB con selecci\u00f3n de canal MIDI y prioridad de voz a\u00f1ade a\u00fan m\u00e1s versatilidad a este excepcional sintetizador.","robots":{"index":"index","follow":"follow","max-snippet":"max-snippet:-1","max-image-preview":"max-image-preview:large","max-video-preview":"max-video-preview:-1"},"canonical":"https:\/\/www.mexicanguitarplayers.com\/en\/tienda\/sin categor\u00eda\/sintetizador-behringer-mod-td-3-tg\/","og_locale":"en_US","og_type":"article","og_title":"SINTETIZADOR BEHRINGER MOD. TD-3-TG - Mexican Guitar Players","og_description":"El sintetizador de l\u00ednea de bajo TD-3-TG es un impresionante instrumento con circuiter\u00eda anal\u00f3gica genuina para crear sonidos de bajo y ritmo. Ofrece una reproducci\u00f3n aut\u00e9ntica de la circuiter\u00eda original con transistores emparejados y una ruta de se\u00f1al puramente anal\u00f3gica basada en los legendarios dise\u00f1os de VCO, VCF y VCA. Con un VCO de formas de onda diente de sierra y cuadrada, junto con un sorprendente filtro resonante de paso bajo de 4 polos con controles completos, este sintetizador permite una creatividad ilimitada. Adem\u00e1s, cuenta con un secuenciador de 16 pasos f\u00e1cil de usar, un arpegiador vers\u00e1til y un circuito de distorsi\u00f3n inspirado en el DS-1 para a\u00f1adir car\u00e1cter \u00fanico a tus sonidos. La funci\u00f3n de cadena polif\u00f3nica de 16 voces y una amplia gama de controles y switches te brindan acceso directo y en tiempo real a todos los par\u00e1metros importantes. La implementaci\u00f3n de MIDI y USB con selecci\u00f3n de canal MIDI y prioridad de voz a\u00f1ade a\u00fan m\u00e1s versatilidad a este excepcional sintetizador.","og_url":"https:\/\/www.mexicanguitarplayers.com\/en\/tienda\/sin categor\u00eda\/sintetizador-behringer-mod-td-3-tg\/","og_site_name":"Mexican Guitar Players","article_modified_time":"2026-05-05T22:15:07+00:00","twitter_card":"summary_large_image","twitter_misc":{"Est. reading time":"1 minute"},"schema":{"@context":"https:\/\/schema.org","@graph":[{"@type":["WebPage","ItemPage"],"@id":"https:\/\/www.mexicanguitarplayers.com\/tienda\/sin categor\u00eda\/sintetizador-behringer-mod-td-3-tg\/","url":"https:\/\/www.mexicanguitarplayers.com\/tienda\/sin categor\u00eda\/sintetizador-behringer-mod-td-3-tg\/","name":"SINTETIZADOR BEHRINGER MOD. TD-3-TG - Mexican Guitar Players","isPartOf":{"@id":"https:\/\/www.mexicanguitarplayers.com\/#website"},"primaryImageOfPage":{"@id":"https:\/\/www.mexicanguitarplayers.com\/tienda\/sin categor\u00eda\/sintetizador-behringer-mod-td-3-tg\/#primaryimage"},"image":{"@id":"https:\/\/www.mexicanguitarplayers.com\/tienda\/sin categor\u00eda\/sintetizador-behringer-mod-td-3-tg\/#primaryimage"},"thumbnailUrl":"https:\/\/www.mexicanguitarplayers.com\/wp-content\/uploads\/2025\/04\/ITBEHTD3TG.jpg","datePublished":"2025-04-09T12:52:43+00:00","dateModified":"2026-05-05T22:15:07+00:00","description":"El sintetizador de l\u00ednea de bajo TD-3-TG es un impresionante instrumento con circuiter\u00eda anal\u00f3gica genuina para crear sonidos de bajo y ritmo. Ofrece una reproducci\u00f3n aut\u00e9ntica de la circuiter\u00eda original con transistores emparejados y una ruta de se\u00f1al puramente anal\u00f3gica basada en los legendarios dise\u00f1os de VCO, VCF y VCA. Con un VCO de formas de onda diente de sierra y cuadrada, junto con un sorprendente filtro resonante de paso bajo de 4 polos con controles completos, este sintetizador permite una creatividad ilimitada. Adem\u00e1s, cuenta con un secuenciador de 16 pasos f\u00e1cil de usar, un arpegiador vers\u00e1til y un circuito de distorsi\u00f3n inspirado en el DS-1 para a\u00f1adir car\u00e1cter \u00fanico a tus sonidos. La funci\u00f3n de cadena polif\u00f3nica de 16 voces y una amplia gama de controles y switches te brindan acceso directo y en tiempo real a todos los par\u00e1metros importantes. La implementaci\u00f3n de MIDI y USB con selecci\u00f3n de canal MIDI y prioridad de voz a\u00f1ade a\u00fan m\u00e1s versatilidad a este excepcional sintetizador.","breadcrumb":{"@id":"https:\/\/www.mexicanguitarplayers.com\/tienda\/sin categor\u00eda\/sintetizador-behringer-mod-td-3-tg\/#breadcrumb"},"inLanguage":"en-US","potentialAction":[{"@type":"ReadAction","target":["https:\/\/www.mexicanguitarplayers.com\/tienda\/sin categor\u00eda\/sintetizador-behringer-mod-td-3-tg\/"]}]},{"@type":"ImageObject","inLanguage":"en-US","@id":"https:\/\/www.mexicanguitarplayers.com\/tienda\/sin categor\u00eda\/sintetizador-behringer-mod-td-3-tg\/#primaryimage","url":"https:\/\/www.mexicanguitarplayers.com\/wp-content\/uploads\/2025\/04\/ITBEHTD3TG.jpg","contentUrl":"https:\/\/www.mexicanguitarplayers.com\/wp-content\/uploads\/2025\/04\/ITBEHTD3TG.jpg","width":1600,"height":800},{"@type":"BreadcrumbList","@id":"https:\/\/www.mexicanguitarplayers.com\/tienda\/sin categor\u00eda\/sintetizador-behringer-mod-td-3-tg\/#breadcrumb","itemListElement":[{"@type":"ListItem","position":1,"name":"Portada","item":"https:\/\/www.mexicanguitarplayers.com\/"},{"@type":"ListItem","position":2,"name":"Tienda","item":"https:\/\/www.mexicanguitarplayers.com\/tienda\/"},{"@type":"ListItem","position":3,"name":"SINTETIZADOR BEHRINGER MOD. TD-3-TG"}]},{"@type":"WebSite","@id":"https:\/\/www.mexicanguitarplayers.com\/#website","url":"https:\/\/www.mexicanguitarplayers.com\/","name":"Mexican Guitar Players","description":"Website","publisher":{"@id":"https:\/\/www.mexicanguitarplayers.com\/#organization"},"potentialAction":[{"@type":"SearchAction","target":{"@type":"EntryPoint","urlTemplate":"https:\/\/www.mexicanguitarplayers.com\/?s={search_term_string}"},"query-input":{"@type":"PropertyValueSpecification","valueRequired":true,"valueName":"search_term_string"}}],"inLanguage":"en-US"},{"@type":"Organization","@id":"https:\/\/www.mexicanguitarplayers.com\/#organization","name":"Mexican Guitar Players","url":"https:\/\/www.mexicanguitarplayers.com\/","logo":{"@type":"ImageObject","inLanguage":"en-US","@id":"https:\/\/www.mexicanguitarplayers.com\/#\/schema\/logo\/image\/","url":"","contentUrl":"","caption":"Mexican Guitar Players"},"image":{"@id":"https:\/\/www.mexicanguitarplayers.com\/#\/schema\/logo\/image\/"}}]}},"brands":[{"id":171,"name":"BEHRINGER","slug":"behringer"}],"_links":{"self":[{"href":"https:\/\/www.mexicanguitarplayers.com\/en\/wp-json\/wp\/v2\/product\/39977","targetHints":{"allow":["GET"]}}],"collection":[{"href":"https:\/\/www.mexicanguitarplayers.com\/en\/wp-json\/wp\/v2\/product"}],"about":[{"href":"https:\/\/www.mexicanguitarplayers.com\/en\/wp-json\/wp\/v2\/types\/product"}],"replies":[{"embeddable":true,"href":"https:\/\/www.mexicanguitarplayers.com\/en\/wp-json\/wp\/v2\/comments?post=39977"}],"wp:featuredmedia":[{"embeddable":true,"href":"https:\/\/www.mexicanguitarplayers.com\/en\/wp-json\/wp\/v2\/media\/39972"}],"wp:attachment":[{"href":"https:\/\/www.mexicanguitarplayers.com\/en\/wp-json\/wp\/v2\/media?parent=39977"}],"wp:term":[{"taxonomy":"pwb-brand","embeddable":true,"href":"https:\/\/www.mexicanguitarplayers.com\/en\/wp-json\/wp\/v2\/pwb-brand?post=39977"},{"taxonomy":"product_brand","embeddable":true,"href":"https:\/\/www.mexicanguitarplayers.com\/en\/wp-json\/wp\/v2\/product_brand?post=39977"},{"taxonomy":"product_cat","embeddable":true,"href":"https:\/\/www.mexicanguitarplayers.com\/en\/wp-json\/wp\/v2\/product_cat?post=39977"},{"taxonomy":"product_tag","embeddable":true,"href":"https:\/\/www.mexicanguitarplayers.com\/en\/wp-json\/wp\/v2\/product_tag?post=39977"}],"curies":[{"name":"wp","href":"https:\/\/api.w.org\/{rel}","templated":true}]}}