{"id":40000,"date":"2025-04-09T06:53:14","date_gmt":"2025-04-09T12:53:14","guid":{"rendered":"https:\/\/www.mexicanguitarplayers.com\/tienda\/sin categor\u00eda\/microfono-sennheiser-inalamb-xsw2-835\/"},"modified":"2026-04-23T10:15:04","modified_gmt":"2026-04-23T16:15:04","slug":"microfono-sennheiser-inalamb-xsw2-835","status":"publish","type":"product","link":"https:\/\/www.mexicanguitarplayers.com\/en\/tienda\/audio\/sistema-de-monitoreo-personal\/transmisores-y-receptores-sistema-de-monitoreo-personal\/microfono-sennheiser-inalamb-xsw2-835\/","title":{"rendered":"MICROFONO SENNHEISER INALAMB. XSW2-835"},"content":{"rendered":"<div style=\"text-align: justify\">\n<div>\n<h3>Alza la voz.<\/h3>\n<\/div>\n<div>Alta flexibilidad para quienes quieren dar el siguiente pas\u00f3, XSW2 cumple tus exigencias al ofrecer una pantalla LCD intuitiva y hasta 12 sistemas simult\u00e1neos en una banda UHF. Adem\u00e1s, soporta las condiciones m\u00e1s duras durante las presentaciones en vivo gracias a su chasis de metal; El set para vocales es un sistema inal\u00e1mbrico f\u00e1cil de usar para cantantes o presentadores el transmisor de mano (SKM-XSW) cuenta con las renombradas c\u00e1psulas de micr\u00f3fono serie evolution e835 (din\u00e1mico, cardioide) para capturar cada detalle. El receptor (EM-XSW2) cuenta con antenas externas y tecnolog\u00eda True Diversity, incluye el kit de montaje rack2 y bolsa de viaje. Rango A (548-572 MHz) B (614-638 MHz).<\/div>\n<div>\n<h4>Quick look<\/h4>\n<\/div>\n<ul style=\"margin: 0px 0px 0px 25px\">\n<li style=\"list-style-type: circle;margin: 5px\">Receptores.<\/li>\n<li style=\"list-style-type: circle;margin: 5px\">System.<\/li>\n<li style=\"list-style-type: circle;margin: 5px\">Micr\u00f3fono.<\/li>\n<\/ul>\n<div>\n<div style=\"font-weight: bold\">Receptores.<\/div>\n<div>\n<p>Dimensiones: 200 x 42 x 127 mm, micr\u00f3fono: aprox. 260 x 50 mm. Peso aprox. 680 g. Fuente de poder: 12 V DC nom. \/ 300 mA. Armaz\u00f3n metal, micr\u00f3fono: acrilonitrilo butadieno estireno (ABS) resistente. Respuesta de frecuencia BF de 50 a 16,000 Hz (-3 dB).<\/p>\n<\/div>\n<div style=\"font-weight: bold\">System.<\/div>\n<div>\n<p>Tipo: Condensador. Respuesta de frecuencia: 50 a 16,000 Hz (-3 dB). THD, distorsi\u00f3n arm\u00f3nica total: = 0.9%. Patr\u00f3n de captaci\u00f3n: Cardioide. Relaci\u00f3n se\u00f1al-ruido: = 103 dBA. Potencia de salida de RF: 10 mW. Ancho de banda de conmutaci\u00f3n hasta 24 MHz. Tiempo de operaci\u00f3n aproximado: 10 horas. Modulaci\u00f3n banda ancha FM. Voltaje de salida: Conector de 1\/4\u201c (6.3 mm) (desbalanceado): +6 dBu, conector XLR (balanceado): +12 dBu. Frecuencia: 8 bancos de frecuencia, cada uno con hasta 12 canales preestablecidos de f\u00e1brica  Rango de frecuencias A (548-572 MHz) B (614-638 MHz). Sensibilidad &lt; 3 \u00b5V a 52 dB(A)rms S\/N. Silenciador conmutable de 3 dB\u00b5V a 28 dB\u00b5V (v\u00eda Pilot Tone). Sincronizaci\u00f3n 2.4 GHz, Baja energ\u00eda OQPSK (s\u00f3lo activa durante la sincronizaci\u00f3n). Line 20 dB, conmutable. Sensibilidad de entrada 1.5 mV \/ Pa. Rango de ajuste del transmisor: De 0 a -30 dB, ajustable en pasos de 10 dB. Rango de ajuste de audio: 40 dB, ajustable en pasos de 5 dB. Rango de temperatura de funcionamiento: De 0\u00b0C a +40\u00b0C. Rango de temperatura de almacenamiento: De -20\u00b0C a +70\u00b0C. Principio del receptor: Superheterodino de doble conversi\u00f3n. Principio Diversity: True Diversity.<\/p>\n<\/div>\n<div style=\"font-weight: bold\">Micr\u00f3fono.<\/div>\n<div>\n<p>Peso: 245 g. Fuente de poder: 2 bater\u00edas tama\u00f1o AA, 1.5 V. Respuesta de frecuencia BF 80-14,000 Hz.<\/p>\n<\/div>\n<\/div>\n<\/div>","protected":false},"excerpt":{"rendered":"<p>Sistema de microfon\u00eda inal\u00e1mbrica para voz con transmisor de mano y capsula e835 (din\u00e1mico, cardioide), receptor con chasis de metal y antenas externas con tecnolog\u00eda True Diversity, gesti\u00f3n y escaneo de frecuencias libres, f\u00e1cil sincronizaci\u00f3n, incluye kit de montaje a rack. Rango A (548-572 MHz) B (614-638 MHz).&hellip; <a class=\"kt-excerpt-readmore more-link\" href=\"https:\/\/www.mexicanguitarplayers.com\/en\/tienda\/audio\/sistema-de-monitoreo-personal\/transmisores-y-receptores-sistema-de-monitoreo-personal\/microfono-sennheiser-inalamb-xsw2-835\/\">Read more<\/a><\/p>","protected":false},"featured_media":39999,"comment_status":"open","ping_status":"closed","template":"","meta":{"kt_blocks_editor_width":""},"pwb-brand":[176],"product_brand":[],"product_cat":[213,214,231,245],"product_tag":[],"class_list":{"0":"post-40000","1":"product","2":"type-product","3":"status-publish","4":"has-post-thumbnail","6":"pwb-brand-sennheiser","7":"product_cat-audio","8":"product_cat-microfonia","9":"product_cat-microfonos-inalambricos","10":"product_cat-transmisores-y-receptores-sistema-de-monitoreo-personal","11":"product_shipping_class-0-5-kg","13":"first","14":"outofstock","15":"taxable","16":"shipping-taxable","17":"purchasable","18":"product-type-simple"},"yoast_head":"<!-- This site is optimized with the Yoast SEO plugin v27.6 - https:\/\/yoast.com\/product\/yoast-seo-wordpress\/ -->\n<title>MICROFONO SENNHEISER INALAMB. XSW2-835 - Mexican Guitar Players<\/title>\n<meta name=\"description\" content=\"Sistema de microfon\u00eda inal\u00e1mbrica para voz con transmisor de mano y capsula e835 (din\u00e1mico, cardioide), receptor con chasis de metal y antenas externas con tecnolog\u00eda True Diversity, gesti\u00f3n y escaneo de frecuencias libres, f\u00e1cil sincronizaci\u00f3n, incluye kit de montaje a rack. Rango A (548-572 MHz) B (614-638 MHz).\" \/>\n<meta name=\"robots\" content=\"index, follow, max-snippet:-1, max-image-preview:large, max-video-preview:-1\" \/>\n<link rel=\"canonical\" href=\"https:\/\/www.mexicanguitarplayers.com\/en\/tienda\/sin%20categor\u00eda\/microfono-sennheiser-inalamb-xsw2-835\/\" \/>\n<meta property=\"og:locale\" content=\"en_US\" \/>\n<meta property=\"og:type\" content=\"article\" \/>\n<meta property=\"og:title\" content=\"MICROFONO SENNHEISER INALAMB. XSW2-835 - Mexican Guitar Players\" \/>\n<meta property=\"og:description\" content=\"Sistema de microfon\u00eda inal\u00e1mbrica para voz con transmisor de mano y capsula e835 (din\u00e1mico, cardioide), receptor con chasis de metal y antenas externas con tecnolog\u00eda True Diversity, gesti\u00f3n y escaneo de frecuencias libres, f\u00e1cil sincronizaci\u00f3n, incluye kit de montaje a rack. Rango A (548-572 MHz) B (614-638 MHz).\" \/>\n<meta property=\"og:url\" content=\"https:\/\/www.mexicanguitarplayers.com\/en\/tienda\/sin categor\u00eda\/microfono-sennheiser-inalamb-xsw2-835\/\" \/>\n<meta property=\"og:site_name\" content=\"Mexican Guitar Players\" \/>\n<meta property=\"article:modified_time\" content=\"2026-04-23T16:15:04+00:00\" \/>\n<meta name=\"twitter:card\" content=\"summary_large_image\" \/>\n<meta name=\"twitter:label1\" content=\"Est. reading time\" \/>\n\t<meta name=\"twitter:data1\" content=\"2 minutes\" \/>\n<script type=\"application\/ld+json\" class=\"yoast-schema-graph\">{\"@context\":\"https:\\\/\\\/schema.org\",\"@graph\":[{\"@type\":[\"WebPage\",\"ItemPage\"],\"@id\":\"https:\\\/\\\/www.mexicanguitarplayers.com\\\/tienda\\\/sin categor\u00eda\\\/microfono-sennheiser-inalamb-xsw2-835\\\/\",\"url\":\"https:\\\/\\\/www.mexicanguitarplayers.com\\\/tienda\\\/sin categor\u00eda\\\/microfono-sennheiser-inalamb-xsw2-835\\\/\",\"name\":\"MICROFONO SENNHEISER INALAMB. XSW2-835 - Mexican Guitar Players\",\"isPartOf\":{\"@id\":\"https:\\\/\\\/www.mexicanguitarplayers.com\\\/#website\"},\"primaryImageOfPage\":{\"@id\":\"https:\\\/\\\/www.mexicanguitarplayers.com\\\/tienda\\\/sin categor\u00eda\\\/microfono-sennheiser-inalamb-xsw2-835\\\/#primaryimage\"},\"image\":{\"@id\":\"https:\\\/\\\/www.mexicanguitarplayers.com\\\/tienda\\\/sin categor\u00eda\\\/microfono-sennheiser-inalamb-xsw2-835\\\/#primaryimage\"},\"thumbnailUrl\":\"https:\\\/\\\/www.mexicanguitarplayers.com\\\/wp-content\\\/uploads\\\/2025\\\/04\\\/IASENXSW2835.jpg\",\"datePublished\":\"2025-04-09T12:53:14+00:00\",\"dateModified\":\"2026-04-23T16:15:04+00:00\",\"description\":\"Sistema de microfon\u00eda inal\u00e1mbrica para voz con transmisor de mano y capsula e835 (din\u00e1mico, cardioide), receptor con chasis de metal y antenas externas con tecnolog\u00eda True Diversity, gesti\u00f3n y escaneo de frecuencias libres, f\u00e1cil sincronizaci\u00f3n, incluye kit de montaje a rack. Rango A (548-572 MHz) B (614-638 MHz).\",\"breadcrumb\":{\"@id\":\"https:\\\/\\\/www.mexicanguitarplayers.com\\\/tienda\\\/sin categor\u00eda\\\/microfono-sennheiser-inalamb-xsw2-835\\\/#breadcrumb\"},\"inLanguage\":\"en-US\",\"potentialAction\":[{\"@type\":\"ReadAction\",\"target\":[\"https:\\\/\\\/www.mexicanguitarplayers.com\\\/tienda\\\/sin categor\u00eda\\\/microfono-sennheiser-inalamb-xsw2-835\\\/\"]}]},{\"@type\":\"ImageObject\",\"inLanguage\":\"en-US\",\"@id\":\"https:\\\/\\\/www.mexicanguitarplayers.com\\\/tienda\\\/sin categor\u00eda\\\/microfono-sennheiser-inalamb-xsw2-835\\\/#primaryimage\",\"url\":\"https:\\\/\\\/www.mexicanguitarplayers.com\\\/wp-content\\\/uploads\\\/2025\\\/04\\\/IASENXSW2835.jpg\",\"contentUrl\":\"https:\\\/\\\/www.mexicanguitarplayers.com\\\/wp-content\\\/uploads\\\/2025\\\/04\\\/IASENXSW2835.jpg\",\"width\":1200,\"height\":1200},{\"@type\":\"BreadcrumbList\",\"@id\":\"https:\\\/\\\/www.mexicanguitarplayers.com\\\/tienda\\\/sin categor\u00eda\\\/microfono-sennheiser-inalamb-xsw2-835\\\/#breadcrumb\",\"itemListElement\":[{\"@type\":\"ListItem\",\"position\":1,\"name\":\"Portada\",\"item\":\"https:\\\/\\\/www.mexicanguitarplayers.com\\\/\"},{\"@type\":\"ListItem\",\"position\":2,\"name\":\"Tienda\",\"item\":\"https:\\\/\\\/www.mexicanguitarplayers.com\\\/tienda\\\/\"},{\"@type\":\"ListItem\",\"position\":3,\"name\":\"MICROFONO SENNHEISER INALAMB. XSW2-835\"}]},{\"@type\":\"WebSite\",\"@id\":\"https:\\\/\\\/www.mexicanguitarplayers.com\\\/#website\",\"url\":\"https:\\\/\\\/www.mexicanguitarplayers.com\\\/\",\"name\":\"Mexican Guitar Players\",\"description\":\"Website\",\"publisher\":{\"@id\":\"https:\\\/\\\/www.mexicanguitarplayers.com\\\/#organization\"},\"potentialAction\":[{\"@type\":\"SearchAction\",\"target\":{\"@type\":\"EntryPoint\",\"urlTemplate\":\"https:\\\/\\\/www.mexicanguitarplayers.com\\\/?s={search_term_string}\"},\"query-input\":{\"@type\":\"PropertyValueSpecification\",\"valueRequired\":true,\"valueName\":\"search_term_string\"}}],\"inLanguage\":\"en-US\"},{\"@type\":\"Organization\",\"@id\":\"https:\\\/\\\/www.mexicanguitarplayers.com\\\/#organization\",\"name\":\"Mexican Guitar Players\",\"url\":\"https:\\\/\\\/www.mexicanguitarplayers.com\\\/\",\"logo\":{\"@type\":\"ImageObject\",\"inLanguage\":\"en-US\",\"@id\":\"https:\\\/\\\/www.mexicanguitarplayers.com\\\/#\\\/schema\\\/logo\\\/image\\\/\",\"url\":\"\",\"contentUrl\":\"\",\"caption\":\"Mexican Guitar Players\"},\"image\":{\"@id\":\"https:\\\/\\\/www.mexicanguitarplayers.com\\\/#\\\/schema\\\/logo\\\/image\\\/\"}}]}<\/script>\n<!-- \/ Yoast SEO plugin. -->","yoast_head_json":{"title":"MICROFONO SENNHEISER INALAMB. XSW2-835 - Mexican Guitar Players","description":"Sistema de microfon\u00eda inal\u00e1mbrica para voz con transmisor de mano y capsula e835 (din\u00e1mico, cardioide), receptor con chasis de metal y antenas externas con tecnolog\u00eda True Diversity, gesti\u00f3n y escaneo de frecuencias libres, f\u00e1cil sincronizaci\u00f3n, incluye kit de montaje a rack. Rango A (548-572 MHz) B (614-638 MHz).","robots":{"index":"index","follow":"follow","max-snippet":"max-snippet:-1","max-image-preview":"max-image-preview:large","max-video-preview":"max-video-preview:-1"},"canonical":"https:\/\/www.mexicanguitarplayers.com\/en\/tienda\/sin categor\u00eda\/microfono-sennheiser-inalamb-xsw2-835\/","og_locale":"en_US","og_type":"article","og_title":"MICROFONO SENNHEISER INALAMB. XSW2-835 - Mexican Guitar Players","og_description":"Sistema de microfon\u00eda inal\u00e1mbrica para voz con transmisor de mano y capsula e835 (din\u00e1mico, cardioide), receptor con chasis de metal y antenas externas con tecnolog\u00eda True Diversity, gesti\u00f3n y escaneo de frecuencias libres, f\u00e1cil sincronizaci\u00f3n, incluye kit de montaje a rack. Rango A (548-572 MHz) B (614-638 MHz).","og_url":"https:\/\/www.mexicanguitarplayers.com\/en\/tienda\/sin categor\u00eda\/microfono-sennheiser-inalamb-xsw2-835\/","og_site_name":"Mexican Guitar Players","article_modified_time":"2026-04-23T16:15:04+00:00","twitter_card":"summary_large_image","twitter_misc":{"Est. reading time":"2 minutes"},"schema":{"@context":"https:\/\/schema.org","@graph":[{"@type":["WebPage","ItemPage"],"@id":"https:\/\/www.mexicanguitarplayers.com\/tienda\/sin categor\u00eda\/microfono-sennheiser-inalamb-xsw2-835\/","url":"https:\/\/www.mexicanguitarplayers.com\/tienda\/sin categor\u00eda\/microfono-sennheiser-inalamb-xsw2-835\/","name":"MICROFONO SENNHEISER INALAMB. XSW2-835 - Mexican Guitar Players","isPartOf":{"@id":"https:\/\/www.mexicanguitarplayers.com\/#website"},"primaryImageOfPage":{"@id":"https:\/\/www.mexicanguitarplayers.com\/tienda\/sin categor\u00eda\/microfono-sennheiser-inalamb-xsw2-835\/#primaryimage"},"image":{"@id":"https:\/\/www.mexicanguitarplayers.com\/tienda\/sin categor\u00eda\/microfono-sennheiser-inalamb-xsw2-835\/#primaryimage"},"thumbnailUrl":"https:\/\/www.mexicanguitarplayers.com\/wp-content\/uploads\/2025\/04\/IASENXSW2835.jpg","datePublished":"2025-04-09T12:53:14+00:00","dateModified":"2026-04-23T16:15:04+00:00","description":"Sistema de microfon\u00eda inal\u00e1mbrica para voz con transmisor de mano y capsula e835 (din\u00e1mico, cardioide), receptor con chasis de metal y antenas externas con tecnolog\u00eda True Diversity, gesti\u00f3n y escaneo de frecuencias libres, f\u00e1cil sincronizaci\u00f3n, incluye kit de montaje a rack. Rango A (548-572 MHz) B (614-638 MHz).","breadcrumb":{"@id":"https:\/\/www.mexicanguitarplayers.com\/tienda\/sin categor\u00eda\/microfono-sennheiser-inalamb-xsw2-835\/#breadcrumb"},"inLanguage":"en-US","potentialAction":[{"@type":"ReadAction","target":["https:\/\/www.mexicanguitarplayers.com\/tienda\/sin categor\u00eda\/microfono-sennheiser-inalamb-xsw2-835\/"]}]},{"@type":"ImageObject","inLanguage":"en-US","@id":"https:\/\/www.mexicanguitarplayers.com\/tienda\/sin categor\u00eda\/microfono-sennheiser-inalamb-xsw2-835\/#primaryimage","url":"https:\/\/www.mexicanguitarplayers.com\/wp-content\/uploads\/2025\/04\/IASENXSW2835.jpg","contentUrl":"https:\/\/www.mexicanguitarplayers.com\/wp-content\/uploads\/2025\/04\/IASENXSW2835.jpg","width":1200,"height":1200},{"@type":"BreadcrumbList","@id":"https:\/\/www.mexicanguitarplayers.com\/tienda\/sin categor\u00eda\/microfono-sennheiser-inalamb-xsw2-835\/#breadcrumb","itemListElement":[{"@type":"ListItem","position":1,"name":"Portada","item":"https:\/\/www.mexicanguitarplayers.com\/"},{"@type":"ListItem","position":2,"name":"Tienda","item":"https:\/\/www.mexicanguitarplayers.com\/tienda\/"},{"@type":"ListItem","position":3,"name":"MICROFONO SENNHEISER INALAMB. XSW2-835"}]},{"@type":"WebSite","@id":"https:\/\/www.mexicanguitarplayers.com\/#website","url":"https:\/\/www.mexicanguitarplayers.com\/","name":"Mexican Guitar Players","description":"Website","publisher":{"@id":"https:\/\/www.mexicanguitarplayers.com\/#organization"},"potentialAction":[{"@type":"SearchAction","target":{"@type":"EntryPoint","urlTemplate":"https:\/\/www.mexicanguitarplayers.com\/?s={search_term_string}"},"query-input":{"@type":"PropertyValueSpecification","valueRequired":true,"valueName":"search_term_string"}}],"inLanguage":"en-US"},{"@type":"Organization","@id":"https:\/\/www.mexicanguitarplayers.com\/#organization","name":"Mexican Guitar Players","url":"https:\/\/www.mexicanguitarplayers.com\/","logo":{"@type":"ImageObject","inLanguage":"en-US","@id":"https:\/\/www.mexicanguitarplayers.com\/#\/schema\/logo\/image\/","url":"","contentUrl":"","caption":"Mexican Guitar Players"},"image":{"@id":"https:\/\/www.mexicanguitarplayers.com\/#\/schema\/logo\/image\/"}}]}},"brands":[{"id":176,"name":"SENNHEISER","slug":"sennheiser"}],"_links":{"self":[{"href":"https:\/\/www.mexicanguitarplayers.com\/en\/wp-json\/wp\/v2\/product\/40000","targetHints":{"allow":["GET"]}}],"collection":[{"href":"https:\/\/www.mexicanguitarplayers.com\/en\/wp-json\/wp\/v2\/product"}],"about":[{"href":"https:\/\/www.mexicanguitarplayers.com\/en\/wp-json\/wp\/v2\/types\/product"}],"replies":[{"embeddable":true,"href":"https:\/\/www.mexicanguitarplayers.com\/en\/wp-json\/wp\/v2\/comments?post=40000"}],"wp:featuredmedia":[{"embeddable":true,"href":"https:\/\/www.mexicanguitarplayers.com\/en\/wp-json\/wp\/v2\/media\/39999"}],"wp:attachment":[{"href":"https:\/\/www.mexicanguitarplayers.com\/en\/wp-json\/wp\/v2\/media?parent=40000"}],"wp:term":[{"taxonomy":"pwb-brand","embeddable":true,"href":"https:\/\/www.mexicanguitarplayers.com\/en\/wp-json\/wp\/v2\/pwb-brand?post=40000"},{"taxonomy":"product_brand","embeddable":true,"href":"https:\/\/www.mexicanguitarplayers.com\/en\/wp-json\/wp\/v2\/product_brand?post=40000"},{"taxonomy":"product_cat","embeddable":true,"href":"https:\/\/www.mexicanguitarplayers.com\/en\/wp-json\/wp\/v2\/product_cat?post=40000"},{"taxonomy":"product_tag","embeddable":true,"href":"https:\/\/www.mexicanguitarplayers.com\/en\/wp-json\/wp\/v2\/product_tag?post=40000"}],"curies":[{"name":"wp","href":"https:\/\/api.w.org\/{rel}","templated":true}]}}