{"id":40020,"date":"2025-04-09T06:53:47","date_gmt":"2025-04-09T12:53:47","guid":{"rendered":"https:\/\/www.mexicanguitarplayers.com\/tienda\/sin categor\u00eda\/guitarra-washburn-electrica-pxs10edlxtbm\/"},"modified":"2026-04-10T04:20:28","modified_gmt":"2026-04-10T10:20:28","slug":"guitarra-washburn-electrica-pxs10edlxtbm","status":"publish","type":"product","link":"https:\/\/www.mexicanguitarplayers.com\/en\/tienda\/cuerdas\/guitarras-cuerdas\/electricas\/guitarras-electricas-solidas\/guitarra-washburn-electrica-pxs10edlxtbm\/","title":{"rendered":"GUITARRA WASHBURN ELECTRICA PXS10EDLXTBM"},"content":{"rendered":"<div style=\"text-align: justify\">\n<div>\n<h3>Parallaxe, innovaci\u00f3n y perfecci\u00f3n.<\/h3>\n<\/div>\n<div>Parallaxe es la nueva l\u00ednea de guitarras de rock y metal m\u00e1s avanzada, que incluye caracter\u00edsticas que los m\u00fasicos han pedido desde hace mucho tiempo tanto para estudio como para shows en vivo. Consta de tres series con un total de 16 modelos diferentes de 6, 7 y 8 cuerdas. Las series PXM y PXS con doble cutway y la serie PXL con dise\u00f1o single cutway. Sus principales caracter\u00edsticas incluyen Stephen\u2019s Extended Cutaway, para un acceso sin problemas a los trastes m\u00e1s agudos, puente Floyd Rose original, bloque \u201coversized\u201d de 36 mm para mayor sustain y resonancia, clavijeros Grover 18:1, pastillas Seymour Duncan o EMG USA, selectores push\/pull serie\/paralelo, sistema Buzz Feiten, trastes super jumbo, y puente full contact. En general eliminan la necesidad de hacerle modificaciones a tu guitarra con accesorios de terceros. Washburn fabrica guitarras el\u00e9ctricas, guitarras ac\u00fasticas, bajos el\u00e9ctricos, bajos ac\u00fasticos, banjos, mandolinas, guitarras de viaje, y amplificadores. Washburn ha ido ganando reconocimiento en los \u00faltimos a\u00f1os, especialmente en el metal extremo, el hardcore punk y las escenas post-rock. Ha fabricado y dise\u00f1ado guitarras el\u00e9ctricas, ac\u00fasticas y bajos, siendo la marca favorita de guitarristas como Dimebag Darrell, Scott Ian, Jennifer Batten, Nuno Bettencourt, Stu Hamm, Paul Stanley y muchos m\u00e1s.<\/div>\n<div>\n<h4>Quick look<\/h4>\n<\/div>\n<ul style=\"margin: 0px 0px 0px 25px\">\n<li style=\"list-style-type: circle;margin: 5px\">Cuerpo de caoba.<\/li>\n<\/ul>\n<div>\n<div style=\"font-weight: bold\">Cuerpo de caoba.<\/div>\n<div>\n<p>Excelente madera por sus propiedades ac\u00fasticas.<\/p>\n<\/div>\n<\/div>\n<div>\n<h4>Characteristics<\/h4>\n<\/div>\n<div>\n<ul style=\"margin: 0px 0px 0px 25px\">\n<li style=\"list-style-type: circle;margin: 5px\">Forma del cuerpo: PXS Doble Cutway.<\/li>\n<li style=\"list-style-type: circle;margin: 5px\">Brazo de maple.<\/li>\n<li style=\"list-style-type: circle;margin: 5px\">Ebony fingerboard.<\/li>\n<li style=\"list-style-type: circle;margin: 5px\">24 frets.<\/li>\n<li style=\"list-style-type: circle;margin: 5px\">Peque\u00f1os puntos con incrustaciones Parallaxe en traste 12.<\/li>\n<li style=\"list-style-type: circle;margin: 5px\">Cejuela de grafito de 43 mm.<\/li>\n<li style=\"list-style-type: circle;margin: 5px\">Scale: 25.5.<\/li>\n<li style=\"list-style-type: circle;margin: 5px\">Pastillas EMG 85\/81.<\/li>\n<li style=\"list-style-type: circle;margin: 5px\">Configuraci\u00f3n de pastillas: 2 humbuckers.<\/li>\n<li style=\"list-style-type: circle;margin: 5px\">Controles: 1 volumen \/ 1 tono.<\/li>\n<li style=\"list-style-type: circle;margin: 5px\">Selector de 3 v\u00edas.<\/li>\n<li style=\"list-style-type: circle;margin: 5px\">Puente Tune-o-matic.<\/li>\n<li style=\"list-style-type: circle;margin: 5px\">Maquinaria Locking Grover Exclusive 18:1 Negro.<\/li>\n<li style=\"list-style-type: circle;margin: 5px\">Color Flame Trans Black.<\/li>\n<li style=\"list-style-type: circle;margin: 5px\">Terminado mate.<\/li>\n<li style=\"list-style-type: circle;margin: 5px\">Cuerdas D&#8217;addario EXL 120 light gauge.<\/li>\n<\/ul>\n<\/div>\n<\/div>","protected":false},"excerpt":{"rendered":"<p>Guitarra el\u00e9ctrica de la serie Parallaxe, PXS Doble Cutway, cuerpo de caoba, brazo de maple, diapas\u00f3n de \u00e9bano, 24 trastes, peque\u00f1os puntos con incrustaciones Parallaxe en traste 12, cejuela de grafito de 43 mm, escala: 25.5, pastillas EMG85\/81, 2 humbuckers, 1 volumen \/ 1 tono, selector de 3 v\u00edas, puente Tune-o-matic, maquinaria Locking Grover Exclusive 18:1 Negro, color Flame Trans Black, terminado mate, cuerdas D&#8217;addario EXL 120 light gauge.&hellip; <a class=\"kt-excerpt-readmore more-link\" href=\"https:\/\/www.mexicanguitarplayers.com\/en\/tienda\/cuerdas\/guitarras-cuerdas\/electricas\/guitarras-electricas-solidas\/guitarra-washburn-electrica-pxs10edlxtbm\/\">Read more<\/a><\/p>","protected":false},"featured_media":40018,"comment_status":"open","ping_status":"closed","template":"","meta":{"kt_blocks_editor_width":""},"pwb-brand":[178],"product_brand":[],"product_cat":[224,313,312,314],"product_tag":[],"class_list":{"0":"post-40020","1":"product","2":"type-product","3":"status-publish","4":"has-post-thumbnail","6":"pwb-brand-washburn","7":"product_cat-cuerdas","8":"product_cat-electricas","9":"product_cat-guitarras-cuerdas","10":"product_cat-guitarras-electricas-solidas","11":"product_shipping_class-0-5-kg","13":"first","14":"outofstock","15":"taxable","16":"shipping-taxable","17":"purchasable","18":"product-type-simple"},"yoast_head":"<!-- This site is optimized with the Yoast SEO plugin v27.6 - https:\/\/yoast.com\/product\/yoast-seo-wordpress\/ -->\n<title>GUITARRA WASHBURN ELECTRICA PXS10EDLXTBM - Mexican Guitar Players<\/title>\n<meta name=\"description\" content=\"Guitarra el\u00e9ctrica de la serie Parallaxe, PXS Doble Cutway, cuerpo de caoba, brazo de maple, diapas\u00f3n de \u00e9bano, 24 trastes, peque\u00f1os puntos con incrustaciones Parallaxe en traste 12, cejuela de grafito de 43 mm, escala: 25.5, pastillas EMG85\/81, 2 humbuckers, 1 volumen \/ 1 tono, selector de 3 v\u00edas, puente Tune-o-matic, maquinaria Locking Grover Exclusive 18:1 Negro, color Flame Trans Black, terminado mate, cuerdas D&#039;addario EXL 120 light gauge.\" \/>\n<meta name=\"robots\" content=\"index, follow, max-snippet:-1, max-image-preview:large, max-video-preview:-1\" \/>\n<link rel=\"canonical\" href=\"https:\/\/www.mexicanguitarplayers.com\/en\/tienda\/sin%20categor\u00eda\/guitarra-washburn-electrica-pxs10edlxtbm\/\" \/>\n<meta property=\"og:locale\" content=\"en_US\" \/>\n<meta property=\"og:type\" content=\"article\" \/>\n<meta property=\"og:title\" content=\"GUITARRA WASHBURN ELECTRICA PXS10EDLXTBM - Mexican Guitar Players\" \/>\n<meta property=\"og:description\" content=\"Guitarra el\u00e9ctrica de la serie Parallaxe, PXS Doble Cutway, cuerpo de caoba, brazo de maple, diapas\u00f3n de \u00e9bano, 24 trastes, peque\u00f1os puntos con incrustaciones Parallaxe en traste 12, cejuela de grafito de 43 mm, escala: 25.5, pastillas EMG85\/81, 2 humbuckers, 1 volumen \/ 1 tono, selector de 3 v\u00edas, puente Tune-o-matic, maquinaria Locking Grover Exclusive 18:1 Negro, color Flame Trans Black, terminado mate, cuerdas D&#039;addario EXL 120 light gauge.\" \/>\n<meta property=\"og:url\" content=\"https:\/\/www.mexicanguitarplayers.com\/en\/tienda\/sin categor\u00eda\/guitarra-washburn-electrica-pxs10edlxtbm\/\" \/>\n<meta property=\"og:site_name\" content=\"Mexican Guitar Players\" \/>\n<meta property=\"article:modified_time\" content=\"2026-04-10T10:20:28+00:00\" \/>\n<meta name=\"twitter:card\" content=\"summary_large_image\" \/>\n<meta name=\"twitter:label1\" content=\"Est. reading time\" \/>\n\t<meta name=\"twitter:data1\" content=\"1 minute\" \/>\n<script type=\"application\/ld+json\" class=\"yoast-schema-graph\">{\"@context\":\"https:\\\/\\\/schema.org\",\"@graph\":[{\"@type\":[\"WebPage\",\"ItemPage\"],\"@id\":\"https:\\\/\\\/www.mexicanguitarplayers.com\\\/tienda\\\/sin categor\u00eda\\\/guitarra-washburn-electrica-pxs10edlxtbm\\\/\",\"url\":\"https:\\\/\\\/www.mexicanguitarplayers.com\\\/tienda\\\/sin categor\u00eda\\\/guitarra-washburn-electrica-pxs10edlxtbm\\\/\",\"name\":\"GUITARRA WASHBURN ELECTRICA PXS10EDLXTBM - Mexican Guitar Players\",\"isPartOf\":{\"@id\":\"https:\\\/\\\/www.mexicanguitarplayers.com\\\/#website\"},\"primaryImageOfPage\":{\"@id\":\"https:\\\/\\\/www.mexicanguitarplayers.com\\\/tienda\\\/sin categor\u00eda\\\/guitarra-washburn-electrica-pxs10edlxtbm\\\/#primaryimage\"},\"image\":{\"@id\":\"https:\\\/\\\/www.mexicanguitarplayers.com\\\/tienda\\\/sin categor\u00eda\\\/guitarra-washburn-electrica-pxs10edlxtbm\\\/#primaryimage\"},\"thumbnailUrl\":\"https:\\\/\\\/www.mexicanguitarplayers.com\\\/wp-content\\\/uploads\\\/2025\\\/04\\\/ISWASPXS10EDLX.jpg\",\"datePublished\":\"2025-04-09T12:53:47+00:00\",\"dateModified\":\"2026-04-10T10:20:28+00:00\",\"description\":\"Guitarra el\u00e9ctrica de la serie Parallaxe, PXS Doble Cutway, cuerpo de caoba, brazo de maple, diapas\u00f3n de \u00e9bano, 24 trastes, peque\u00f1os puntos con incrustaciones Parallaxe en traste 12, cejuela de grafito de 43 mm, escala: 25.5, pastillas EMG85\\\/81, 2 humbuckers, 1 volumen \\\/ 1 tono, selector de 3 v\u00edas, puente Tune-o-matic, maquinaria Locking Grover Exclusive 18:1 Negro, color Flame Trans Black, terminado mate, cuerdas D'addario EXL 120 light gauge.\",\"breadcrumb\":{\"@id\":\"https:\\\/\\\/www.mexicanguitarplayers.com\\\/tienda\\\/sin categor\u00eda\\\/guitarra-washburn-electrica-pxs10edlxtbm\\\/#breadcrumb\"},\"inLanguage\":\"en-US\",\"potentialAction\":[{\"@type\":\"ReadAction\",\"target\":[\"https:\\\/\\\/www.mexicanguitarplayers.com\\\/tienda\\\/sin categor\u00eda\\\/guitarra-washburn-electrica-pxs10edlxtbm\\\/\"]}]},{\"@type\":\"ImageObject\",\"inLanguage\":\"en-US\",\"@id\":\"https:\\\/\\\/www.mexicanguitarplayers.com\\\/tienda\\\/sin categor\u00eda\\\/guitarra-washburn-electrica-pxs10edlxtbm\\\/#primaryimage\",\"url\":\"https:\\\/\\\/www.mexicanguitarplayers.com\\\/wp-content\\\/uploads\\\/2025\\\/04\\\/ISWASPXS10EDLX.jpg\",\"contentUrl\":\"https:\\\/\\\/www.mexicanguitarplayers.com\\\/wp-content\\\/uploads\\\/2025\\\/04\\\/ISWASPXS10EDLX.jpg\",\"width\":800,\"height\":1600},{\"@type\":\"BreadcrumbList\",\"@id\":\"https:\\\/\\\/www.mexicanguitarplayers.com\\\/tienda\\\/sin categor\u00eda\\\/guitarra-washburn-electrica-pxs10edlxtbm\\\/#breadcrumb\",\"itemListElement\":[{\"@type\":\"ListItem\",\"position\":1,\"name\":\"Portada\",\"item\":\"https:\\\/\\\/www.mexicanguitarplayers.com\\\/\"},{\"@type\":\"ListItem\",\"position\":2,\"name\":\"Tienda\",\"item\":\"https:\\\/\\\/www.mexicanguitarplayers.com\\\/tienda\\\/\"},{\"@type\":\"ListItem\",\"position\":3,\"name\":\"GUITARRA WASHBURN ELECTRICA PXS10EDLXTBM\"}]},{\"@type\":\"WebSite\",\"@id\":\"https:\\\/\\\/www.mexicanguitarplayers.com\\\/#website\",\"url\":\"https:\\\/\\\/www.mexicanguitarplayers.com\\\/\",\"name\":\"Mexican Guitar Players\",\"description\":\"Website\",\"publisher\":{\"@id\":\"https:\\\/\\\/www.mexicanguitarplayers.com\\\/#organization\"},\"potentialAction\":[{\"@type\":\"SearchAction\",\"target\":{\"@type\":\"EntryPoint\",\"urlTemplate\":\"https:\\\/\\\/www.mexicanguitarplayers.com\\\/?s={search_term_string}\"},\"query-input\":{\"@type\":\"PropertyValueSpecification\",\"valueRequired\":true,\"valueName\":\"search_term_string\"}}],\"inLanguage\":\"en-US\"},{\"@type\":\"Organization\",\"@id\":\"https:\\\/\\\/www.mexicanguitarplayers.com\\\/#organization\",\"name\":\"Mexican Guitar Players\",\"url\":\"https:\\\/\\\/www.mexicanguitarplayers.com\\\/\",\"logo\":{\"@type\":\"ImageObject\",\"inLanguage\":\"en-US\",\"@id\":\"https:\\\/\\\/www.mexicanguitarplayers.com\\\/#\\\/schema\\\/logo\\\/image\\\/\",\"url\":\"\",\"contentUrl\":\"\",\"caption\":\"Mexican Guitar Players\"},\"image\":{\"@id\":\"https:\\\/\\\/www.mexicanguitarplayers.com\\\/#\\\/schema\\\/logo\\\/image\\\/\"}}]}<\/script>\n<!-- \/ Yoast SEO plugin. -->","yoast_head_json":{"title":"GUITARRA WASHBURN ELECTRICA PXS10EDLXTBM - Mexican Guitar Players","description":"Guitarra el\u00e9ctrica de la serie Parallaxe, PXS Doble Cutway, cuerpo de caoba, brazo de maple, diapas\u00f3n de \u00e9bano, 24 trastes, peque\u00f1os puntos con incrustaciones Parallaxe en traste 12, cejuela de grafito de 43 mm, escala: 25.5, pastillas EMG85\/81, 2 humbuckers, 1 volumen \/ 1 tono, selector de 3 v\u00edas, puente Tune-o-matic, maquinaria Locking Grover Exclusive 18:1 Negro, color Flame Trans Black, terminado mate, cuerdas D'addario EXL 120 light gauge.","robots":{"index":"index","follow":"follow","max-snippet":"max-snippet:-1","max-image-preview":"max-image-preview:large","max-video-preview":"max-video-preview:-1"},"canonical":"https:\/\/www.mexicanguitarplayers.com\/en\/tienda\/sin categor\u00eda\/guitarra-washburn-electrica-pxs10edlxtbm\/","og_locale":"en_US","og_type":"article","og_title":"GUITARRA WASHBURN ELECTRICA PXS10EDLXTBM - Mexican Guitar Players","og_description":"Guitarra el\u00e9ctrica de la serie Parallaxe, PXS Doble Cutway, cuerpo de caoba, brazo de maple, diapas\u00f3n de \u00e9bano, 24 trastes, peque\u00f1os puntos con incrustaciones Parallaxe en traste 12, cejuela de grafito de 43 mm, escala: 25.5, pastillas EMG85\/81, 2 humbuckers, 1 volumen \/ 1 tono, selector de 3 v\u00edas, puente Tune-o-matic, maquinaria Locking Grover Exclusive 18:1 Negro, color Flame Trans Black, terminado mate, cuerdas D'addario EXL 120 light gauge.","og_url":"https:\/\/www.mexicanguitarplayers.com\/en\/tienda\/sin categor\u00eda\/guitarra-washburn-electrica-pxs10edlxtbm\/","og_site_name":"Mexican Guitar Players","article_modified_time":"2026-04-10T10:20:28+00:00","twitter_card":"summary_large_image","twitter_misc":{"Est. reading time":"1 minute"},"schema":{"@context":"https:\/\/schema.org","@graph":[{"@type":["WebPage","ItemPage"],"@id":"https:\/\/www.mexicanguitarplayers.com\/tienda\/sin categor\u00eda\/guitarra-washburn-electrica-pxs10edlxtbm\/","url":"https:\/\/www.mexicanguitarplayers.com\/tienda\/sin categor\u00eda\/guitarra-washburn-electrica-pxs10edlxtbm\/","name":"GUITARRA WASHBURN ELECTRICA PXS10EDLXTBM - Mexican Guitar Players","isPartOf":{"@id":"https:\/\/www.mexicanguitarplayers.com\/#website"},"primaryImageOfPage":{"@id":"https:\/\/www.mexicanguitarplayers.com\/tienda\/sin categor\u00eda\/guitarra-washburn-electrica-pxs10edlxtbm\/#primaryimage"},"image":{"@id":"https:\/\/www.mexicanguitarplayers.com\/tienda\/sin categor\u00eda\/guitarra-washburn-electrica-pxs10edlxtbm\/#primaryimage"},"thumbnailUrl":"https:\/\/www.mexicanguitarplayers.com\/wp-content\/uploads\/2025\/04\/ISWASPXS10EDLX.jpg","datePublished":"2025-04-09T12:53:47+00:00","dateModified":"2026-04-10T10:20:28+00:00","description":"Guitarra el\u00e9ctrica de la serie Parallaxe, PXS Doble Cutway, cuerpo de caoba, brazo de maple, diapas\u00f3n de \u00e9bano, 24 trastes, peque\u00f1os puntos con incrustaciones Parallaxe en traste 12, cejuela de grafito de 43 mm, escala: 25.5, pastillas EMG85\/81, 2 humbuckers, 1 volumen \/ 1 tono, selector de 3 v\u00edas, puente Tune-o-matic, maquinaria Locking Grover Exclusive 18:1 Negro, color Flame Trans Black, terminado mate, cuerdas D'addario EXL 120 light gauge.","breadcrumb":{"@id":"https:\/\/www.mexicanguitarplayers.com\/tienda\/sin categor\u00eda\/guitarra-washburn-electrica-pxs10edlxtbm\/#breadcrumb"},"inLanguage":"en-US","potentialAction":[{"@type":"ReadAction","target":["https:\/\/www.mexicanguitarplayers.com\/tienda\/sin categor\u00eda\/guitarra-washburn-electrica-pxs10edlxtbm\/"]}]},{"@type":"ImageObject","inLanguage":"en-US","@id":"https:\/\/www.mexicanguitarplayers.com\/tienda\/sin categor\u00eda\/guitarra-washburn-electrica-pxs10edlxtbm\/#primaryimage","url":"https:\/\/www.mexicanguitarplayers.com\/wp-content\/uploads\/2025\/04\/ISWASPXS10EDLX.jpg","contentUrl":"https:\/\/www.mexicanguitarplayers.com\/wp-content\/uploads\/2025\/04\/ISWASPXS10EDLX.jpg","width":800,"height":1600},{"@type":"BreadcrumbList","@id":"https:\/\/www.mexicanguitarplayers.com\/tienda\/sin categor\u00eda\/guitarra-washburn-electrica-pxs10edlxtbm\/#breadcrumb","itemListElement":[{"@type":"ListItem","position":1,"name":"Portada","item":"https:\/\/www.mexicanguitarplayers.com\/"},{"@type":"ListItem","position":2,"name":"Tienda","item":"https:\/\/www.mexicanguitarplayers.com\/tienda\/"},{"@type":"ListItem","position":3,"name":"GUITARRA WASHBURN ELECTRICA PXS10EDLXTBM"}]},{"@type":"WebSite","@id":"https:\/\/www.mexicanguitarplayers.com\/#website","url":"https:\/\/www.mexicanguitarplayers.com\/","name":"Mexican Guitar Players","description":"Website","publisher":{"@id":"https:\/\/www.mexicanguitarplayers.com\/#organization"},"potentialAction":[{"@type":"SearchAction","target":{"@type":"EntryPoint","urlTemplate":"https:\/\/www.mexicanguitarplayers.com\/?s={search_term_string}"},"query-input":{"@type":"PropertyValueSpecification","valueRequired":true,"valueName":"search_term_string"}}],"inLanguage":"en-US"},{"@type":"Organization","@id":"https:\/\/www.mexicanguitarplayers.com\/#organization","name":"Mexican Guitar Players","url":"https:\/\/www.mexicanguitarplayers.com\/","logo":{"@type":"ImageObject","inLanguage":"en-US","@id":"https:\/\/www.mexicanguitarplayers.com\/#\/schema\/logo\/image\/","url":"","contentUrl":"","caption":"Mexican Guitar Players"},"image":{"@id":"https:\/\/www.mexicanguitarplayers.com\/#\/schema\/logo\/image\/"}}]}},"brands":[{"id":178,"name":"WASHBURN","slug":"washburn"}],"_links":{"self":[{"href":"https:\/\/www.mexicanguitarplayers.com\/en\/wp-json\/wp\/v2\/product\/40020","targetHints":{"allow":["GET"]}}],"collection":[{"href":"https:\/\/www.mexicanguitarplayers.com\/en\/wp-json\/wp\/v2\/product"}],"about":[{"href":"https:\/\/www.mexicanguitarplayers.com\/en\/wp-json\/wp\/v2\/types\/product"}],"replies":[{"embeddable":true,"href":"https:\/\/www.mexicanguitarplayers.com\/en\/wp-json\/wp\/v2\/comments?post=40020"}],"wp:featuredmedia":[{"embeddable":true,"href":"https:\/\/www.mexicanguitarplayers.com\/en\/wp-json\/wp\/v2\/media\/40018"}],"wp:attachment":[{"href":"https:\/\/www.mexicanguitarplayers.com\/en\/wp-json\/wp\/v2\/media?parent=40020"}],"wp:term":[{"taxonomy":"pwb-brand","embeddable":true,"href":"https:\/\/www.mexicanguitarplayers.com\/en\/wp-json\/wp\/v2\/pwb-brand?post=40020"},{"taxonomy":"product_brand","embeddable":true,"href":"https:\/\/www.mexicanguitarplayers.com\/en\/wp-json\/wp\/v2\/product_brand?post=40020"},{"taxonomy":"product_cat","embeddable":true,"href":"https:\/\/www.mexicanguitarplayers.com\/en\/wp-json\/wp\/v2\/product_cat?post=40020"},{"taxonomy":"product_tag","embeddable":true,"href":"https:\/\/www.mexicanguitarplayers.com\/en\/wp-json\/wp\/v2\/product_tag?post=40020"}],"curies":[{"name":"wp","href":"https:\/\/api.w.org\/{rel}","templated":true}]}}