{"id":40030,"date":"2025-04-09T06:53:59","date_gmt":"2025-04-09T12:53:59","guid":{"rendered":"https:\/\/www.mexicanguitarplayers.com\/tienda\/sin categor\u00eda\/ukelele-flight-soprano-mod-dus410-qa-qa\/"},"modified":"2026-05-01T07:17:45","modified_gmt":"2026-05-01T13:17:45","slug":"ukelele-flight-soprano-mod-dus410-qa-qa","status":"publish","type":"product","link":"https:\/\/www.mexicanguitarplayers.com\/en\/tienda\/cuerdas\/folkloricos-y-regionales\/ukelele-flight-soprano-mod-dus410-qa-qa\/","title":{"rendered":"UKELELE FLIGHT SOPRANO MOD. DUS410 QA\/QA"},"content":{"rendered":"<div style=\"text-align: justify\">\n<div>\n<h3>El sonido del cielo.<\/h3>\n<\/div>\n<div>A pesar de que sus impresionantes granos pueden parecerse a las arenas arremolinadas del Sahara, el sonido suave y aterciopelado de nuestro uke de fresno acolchada es todo menos seco.<\/div>\n<div>\n<h4>Quick look<\/h4>\n<\/div>\n<ul style=\"margin: 0px 0px 0px 25px\">\n<li style=\"list-style-type: circle;margin: 5px\">\u00bfListo para un giro?<\/li>\n<li style=\"list-style-type: circle;margin: 5px\">Vamos a tocar.<\/li>\n<li style=\"list-style-type: circle;margin: 5px\">Tono perfecto.<\/li>\n<li style=\"list-style-type: circle;margin: 5px\">Todo comienza con la cabeza.<\/li>\n<li style=\"list-style-type: circle;margin: 5px\">Excelente protecci\u00f3n para tu uke.<\/li>\n<li style=\"list-style-type: circle;margin: 5px\">Libro instruccional.<\/li>\n<\/ul>\n<div>\n<div style=\"font-weight: bold\">\u00bfListo para un giro?<\/div>\n<div>\n<p>El fresno es ligero, bonito y tiene tonos muy agradables. En particular, se valora por su buen sustain, tonos graves firmes y agudos brillantes.<\/p>\n<\/div>\n<div style=\"font-weight: bold\">Vamos a tocar.<\/div>\n<div>\n<p>Diapas\u00f3n de palo de rosa y brazo de okoume. El brazo y el diapas\u00f3n del GUT350 SP\/SAP est\u00e1n hechos de okoume africano y palo de rosa. Es una gran combinaci\u00f3n que garantiza una afinaci\u00f3n estable a trav\u00e9s de todo el diapas\u00f3n, es suave para tus manos y se ve muy bien.<\/p>\n<\/div>\n<div style=\"font-weight: bold\">Tono perfecto.<\/div>\n<div>\n<p>Cejuela de hueso y puente de palo de rosa. La cejuela puede ser un componente peque\u00f1o, pero determina el tono del sonido. La cejuela y la montura del GUT350 SP\/SAP est\u00e1n hechas de hueso (no de pl\u00e1stico). S\u00f3lo uno de los detalles que hacen que este ukelele sea realmente especial.<\/p>\n<\/div>\n<div style=\"font-weight: bold\">Todo comienza con la cabeza.<\/div>\n<div>\n<p>Hermoso y f\u00e1cil de afinar. El dise\u00f1o del cabezal es una parte integral de nuestra identidad. Todos los ukeleles Flight cuentan con un cabezal dise\u00f1ado cuidadosamente equipado con afinadores engranados que siempre te mantendr\u00e1n afinado.<\/p>\n<\/div>\n<div style=\"font-weight: bold\">Excelente protecci\u00f3n para tu uke.<\/div>\n<div>\n<p>Ligero y elegante, pero que ofrece una excelente protecci\u00f3n para tu ukelele, las fundas de Flight se han vuelto legendarias  con una colgando de tu hombro definitivamente har\u00e1 que todos volteen a verte.<\/p>\n<\/div>\n<div style=\"font-weight: bold\">Libro instruccional.<\/div>\n<div>\n<p>Aprende con estilo. Tambi\u00e9n hemos dise\u00f1ado una linda gu\u00eda de 8 p\u00e1ginas para ayudarte en el camino hacia la futura fama del ukelele. Est\u00e1 repleto de toda la informaci\u00f3n necesaria para un comienzo r\u00e1pido, incluyendo diagramas de acordes, patrones de rasgueo y progresiones de acordes para tus primeros ejercicios.<\/p>\n<\/div>\n<\/div>\n<\/div>","protected":false},"excerpt":{"rendered":"<p>Ukelele soprano, 12 trastes, tapa, aros y fondo de fresno acolchado, puente de nogal, brazo de okoume africano, diapas\u00f3n de nogal, cejuela y montura de hueso, marcadores de posici\u00f3n en los trastes 5, 7 y 10, espalda arqueada, maquinaria cromada, roseta con incrustaciones de maple, marcadores de puntos, incluye funda.&hellip; <a class=\"kt-excerpt-readmore more-link\" href=\"https:\/\/www.mexicanguitarplayers.com\/en\/tienda\/cuerdas\/folkloricos-y-regionales\/ukelele-flight-soprano-mod-dus410-qa-qa\/\">Read more<\/a><\/p>","protected":false},"featured_media":40027,"comment_status":"open","ping_status":"closed","template":"","meta":{"kt_blocks_editor_width":""},"pwb-brand":[322],"product_brand":[],"product_cat":[224,320],"product_tag":[],"class_list":{"0":"post-40030","1":"product","2":"type-product","3":"status-publish","4":"has-post-thumbnail","6":"pwb-brand-flight","7":"product_cat-cuerdas","8":"product_cat-folkloricos-y-regionales","9":"product_shipping_class-0-5-kg","11":"first","12":"instock","13":"taxable","14":"shipping-taxable","15":"purchasable","16":"product-type-simple"},"yoast_head":"<!-- This site is optimized with the Yoast SEO plugin v27.6 - https:\/\/yoast.com\/product\/yoast-seo-wordpress\/ -->\n<title>UKELELE FLIGHT SOPRANO MOD. DUS410 QA\/QA - Mexican Guitar Players<\/title>\n<meta name=\"description\" content=\"Ukelele soprano, 12 trastes, tapa, aros y fondo de fresno acolchado, puente de nogal, brazo de okoume africano, diapas\u00f3n de nogal, cejuela y montura de hueso, marcadores de posici\u00f3n en los trastes 5, 7 y 10, espalda arqueada, maquinaria cromada, roseta con incrustaciones de maple, marcadores de puntos, incluye funda.\" \/>\n<meta name=\"robots\" content=\"index, follow, max-snippet:-1, max-image-preview:large, max-video-preview:-1\" \/>\n<link rel=\"canonical\" href=\"https:\/\/www.mexicanguitarplayers.com\/en\/tienda\/sin%20categor\u00eda\/ukelele-flight-soprano-mod-dus410-qa-qa\/\" \/>\n<meta property=\"og:locale\" content=\"en_US\" \/>\n<meta property=\"og:type\" content=\"article\" \/>\n<meta property=\"og:title\" content=\"UKELELE FLIGHT SOPRANO MOD. DUS410 QA\/QA - Mexican Guitar Players\" \/>\n<meta property=\"og:description\" content=\"Ukelele soprano, 12 trastes, tapa, aros y fondo de fresno acolchado, puente de nogal, brazo de okoume africano, diapas\u00f3n de nogal, cejuela y montura de hueso, marcadores de posici\u00f3n en los trastes 5, 7 y 10, espalda arqueada, maquinaria cromada, roseta con incrustaciones de maple, marcadores de puntos, incluye funda.\" \/>\n<meta property=\"og:url\" content=\"https:\/\/www.mexicanguitarplayers.com\/en\/tienda\/sin categor\u00eda\/ukelele-flight-soprano-mod-dus410-qa-qa\/\" \/>\n<meta property=\"og:site_name\" content=\"Mexican Guitar Players\" \/>\n<meta property=\"article:modified_time\" content=\"2026-05-01T13:17:45+00:00\" \/>\n<meta name=\"twitter:card\" content=\"summary_large_image\" \/>\n<meta name=\"twitter:label1\" content=\"Est. reading time\" \/>\n\t<meta name=\"twitter:data1\" content=\"2 minutes\" \/>\n<script type=\"application\/ld+json\" class=\"yoast-schema-graph\">{\"@context\":\"https:\\\/\\\/schema.org\",\"@graph\":[{\"@type\":[\"WebPage\",\"ItemPage\"],\"@id\":\"https:\\\/\\\/www.mexicanguitarplayers.com\\\/tienda\\\/sin categor\u00eda\\\/ukelele-flight-soprano-mod-dus410-qa-qa\\\/\",\"url\":\"https:\\\/\\\/www.mexicanguitarplayers.com\\\/tienda\\\/sin categor\u00eda\\\/ukelele-flight-soprano-mod-dus410-qa-qa\\\/\",\"name\":\"UKELELE FLIGHT SOPRANO MOD. DUS410 QA\\\/QA - Mexican Guitar Players\",\"isPartOf\":{\"@id\":\"https:\\\/\\\/www.mexicanguitarplayers.com\\\/#website\"},\"primaryImageOfPage\":{\"@id\":\"https:\\\/\\\/www.mexicanguitarplayers.com\\\/tienda\\\/sin categor\u00eda\\\/ukelele-flight-soprano-mod-dus410-qa-qa\\\/#primaryimage\"},\"image\":{\"@id\":\"https:\\\/\\\/www.mexicanguitarplayers.com\\\/tienda\\\/sin categor\u00eda\\\/ukelele-flight-soprano-mod-dus410-qa-qa\\\/#primaryimage\"},\"thumbnailUrl\":\"https:\\\/\\\/www.mexicanguitarplayers.com\\\/wp-content\\\/uploads\\\/2025\\\/04\\\/ISFLIDUS410QAQ.jpg\",\"datePublished\":\"2025-04-09T12:53:59+00:00\",\"dateModified\":\"2026-05-01T13:17:45+00:00\",\"description\":\"Ukelele soprano, 12 trastes, tapa, aros y fondo de fresno acolchado, puente de nogal, brazo de okoume africano, diapas\u00f3n de nogal, cejuela y montura de hueso, marcadores de posici\u00f3n en los trastes 5, 7 y 10, espalda arqueada, maquinaria cromada, roseta con incrustaciones de maple, marcadores de puntos, incluye funda.\",\"breadcrumb\":{\"@id\":\"https:\\\/\\\/www.mexicanguitarplayers.com\\\/tienda\\\/sin categor\u00eda\\\/ukelele-flight-soprano-mod-dus410-qa-qa\\\/#breadcrumb\"},\"inLanguage\":\"en-US\",\"potentialAction\":[{\"@type\":\"ReadAction\",\"target\":[\"https:\\\/\\\/www.mexicanguitarplayers.com\\\/tienda\\\/sin categor\u00eda\\\/ukelele-flight-soprano-mod-dus410-qa-qa\\\/\"]}]},{\"@type\":\"ImageObject\",\"inLanguage\":\"en-US\",\"@id\":\"https:\\\/\\\/www.mexicanguitarplayers.com\\\/tienda\\\/sin categor\u00eda\\\/ukelele-flight-soprano-mod-dus410-qa-qa\\\/#primaryimage\",\"url\":\"https:\\\/\\\/www.mexicanguitarplayers.com\\\/wp-content\\\/uploads\\\/2025\\\/04\\\/ISFLIDUS410QAQ.jpg\",\"contentUrl\":\"https:\\\/\\\/www.mexicanguitarplayers.com\\\/wp-content\\\/uploads\\\/2025\\\/04\\\/ISFLIDUS410QAQ.jpg\",\"width\":1200,\"height\":1200},{\"@type\":\"BreadcrumbList\",\"@id\":\"https:\\\/\\\/www.mexicanguitarplayers.com\\\/tienda\\\/sin categor\u00eda\\\/ukelele-flight-soprano-mod-dus410-qa-qa\\\/#breadcrumb\",\"itemListElement\":[{\"@type\":\"ListItem\",\"position\":1,\"name\":\"Portada\",\"item\":\"https:\\\/\\\/www.mexicanguitarplayers.com\\\/\"},{\"@type\":\"ListItem\",\"position\":2,\"name\":\"Tienda\",\"item\":\"https:\\\/\\\/www.mexicanguitarplayers.com\\\/tienda\\\/\"},{\"@type\":\"ListItem\",\"position\":3,\"name\":\"UKELELE FLIGHT SOPRANO MOD. DUS410 QA\\\/QA\"}]},{\"@type\":\"WebSite\",\"@id\":\"https:\\\/\\\/www.mexicanguitarplayers.com\\\/#website\",\"url\":\"https:\\\/\\\/www.mexicanguitarplayers.com\\\/\",\"name\":\"Mexican Guitar Players\",\"description\":\"Website\",\"publisher\":{\"@id\":\"https:\\\/\\\/www.mexicanguitarplayers.com\\\/#organization\"},\"potentialAction\":[{\"@type\":\"SearchAction\",\"target\":{\"@type\":\"EntryPoint\",\"urlTemplate\":\"https:\\\/\\\/www.mexicanguitarplayers.com\\\/?s={search_term_string}\"},\"query-input\":{\"@type\":\"PropertyValueSpecification\",\"valueRequired\":true,\"valueName\":\"search_term_string\"}}],\"inLanguage\":\"en-US\"},{\"@type\":\"Organization\",\"@id\":\"https:\\\/\\\/www.mexicanguitarplayers.com\\\/#organization\",\"name\":\"Mexican Guitar Players\",\"url\":\"https:\\\/\\\/www.mexicanguitarplayers.com\\\/\",\"logo\":{\"@type\":\"ImageObject\",\"inLanguage\":\"en-US\",\"@id\":\"https:\\\/\\\/www.mexicanguitarplayers.com\\\/#\\\/schema\\\/logo\\\/image\\\/\",\"url\":\"\",\"contentUrl\":\"\",\"caption\":\"Mexican Guitar Players\"},\"image\":{\"@id\":\"https:\\\/\\\/www.mexicanguitarplayers.com\\\/#\\\/schema\\\/logo\\\/image\\\/\"}}]}<\/script>\n<!-- \/ Yoast SEO plugin. -->","yoast_head_json":{"title":"UKELELE FLIGHT SOPRANO MOD. DUS410 QA\/QA - Mexican Guitar Players","description":"Ukelele soprano, 12 trastes, tapa, aros y fondo de fresno acolchado, puente de nogal, brazo de okoume africano, diapas\u00f3n de nogal, cejuela y montura de hueso, marcadores de posici\u00f3n en los trastes 5, 7 y 10, espalda arqueada, maquinaria cromada, roseta con incrustaciones de maple, marcadores de puntos, incluye funda.","robots":{"index":"index","follow":"follow","max-snippet":"max-snippet:-1","max-image-preview":"max-image-preview:large","max-video-preview":"max-video-preview:-1"},"canonical":"https:\/\/www.mexicanguitarplayers.com\/en\/tienda\/sin categor\u00eda\/ukelele-flight-soprano-mod-dus410-qa-qa\/","og_locale":"en_US","og_type":"article","og_title":"UKELELE FLIGHT SOPRANO MOD. DUS410 QA\/QA - Mexican Guitar Players","og_description":"Ukelele soprano, 12 trastes, tapa, aros y fondo de fresno acolchado, puente de nogal, brazo de okoume africano, diapas\u00f3n de nogal, cejuela y montura de hueso, marcadores de posici\u00f3n en los trastes 5, 7 y 10, espalda arqueada, maquinaria cromada, roseta con incrustaciones de maple, marcadores de puntos, incluye funda.","og_url":"https:\/\/www.mexicanguitarplayers.com\/en\/tienda\/sin categor\u00eda\/ukelele-flight-soprano-mod-dus410-qa-qa\/","og_site_name":"Mexican Guitar Players","article_modified_time":"2026-05-01T13:17:45+00:00","twitter_card":"summary_large_image","twitter_misc":{"Est. reading time":"2 minutes"},"schema":{"@context":"https:\/\/schema.org","@graph":[{"@type":["WebPage","ItemPage"],"@id":"https:\/\/www.mexicanguitarplayers.com\/tienda\/sin categor\u00eda\/ukelele-flight-soprano-mod-dus410-qa-qa\/","url":"https:\/\/www.mexicanguitarplayers.com\/tienda\/sin categor\u00eda\/ukelele-flight-soprano-mod-dus410-qa-qa\/","name":"UKELELE FLIGHT SOPRANO MOD. DUS410 QA\/QA - Mexican Guitar Players","isPartOf":{"@id":"https:\/\/www.mexicanguitarplayers.com\/#website"},"primaryImageOfPage":{"@id":"https:\/\/www.mexicanguitarplayers.com\/tienda\/sin categor\u00eda\/ukelele-flight-soprano-mod-dus410-qa-qa\/#primaryimage"},"image":{"@id":"https:\/\/www.mexicanguitarplayers.com\/tienda\/sin categor\u00eda\/ukelele-flight-soprano-mod-dus410-qa-qa\/#primaryimage"},"thumbnailUrl":"https:\/\/www.mexicanguitarplayers.com\/wp-content\/uploads\/2025\/04\/ISFLIDUS410QAQ.jpg","datePublished":"2025-04-09T12:53:59+00:00","dateModified":"2026-05-01T13:17:45+00:00","description":"Ukelele soprano, 12 trastes, tapa, aros y fondo de fresno acolchado, puente de nogal, brazo de okoume africano, diapas\u00f3n de nogal, cejuela y montura de hueso, marcadores de posici\u00f3n en los trastes 5, 7 y 10, espalda arqueada, maquinaria cromada, roseta con incrustaciones de maple, marcadores de puntos, incluye funda.","breadcrumb":{"@id":"https:\/\/www.mexicanguitarplayers.com\/tienda\/sin categor\u00eda\/ukelele-flight-soprano-mod-dus410-qa-qa\/#breadcrumb"},"inLanguage":"en-US","potentialAction":[{"@type":"ReadAction","target":["https:\/\/www.mexicanguitarplayers.com\/tienda\/sin categor\u00eda\/ukelele-flight-soprano-mod-dus410-qa-qa\/"]}]},{"@type":"ImageObject","inLanguage":"en-US","@id":"https:\/\/www.mexicanguitarplayers.com\/tienda\/sin categor\u00eda\/ukelele-flight-soprano-mod-dus410-qa-qa\/#primaryimage","url":"https:\/\/www.mexicanguitarplayers.com\/wp-content\/uploads\/2025\/04\/ISFLIDUS410QAQ.jpg","contentUrl":"https:\/\/www.mexicanguitarplayers.com\/wp-content\/uploads\/2025\/04\/ISFLIDUS410QAQ.jpg","width":1200,"height":1200},{"@type":"BreadcrumbList","@id":"https:\/\/www.mexicanguitarplayers.com\/tienda\/sin categor\u00eda\/ukelele-flight-soprano-mod-dus410-qa-qa\/#breadcrumb","itemListElement":[{"@type":"ListItem","position":1,"name":"Portada","item":"https:\/\/www.mexicanguitarplayers.com\/"},{"@type":"ListItem","position":2,"name":"Tienda","item":"https:\/\/www.mexicanguitarplayers.com\/tienda\/"},{"@type":"ListItem","position":3,"name":"UKELELE FLIGHT SOPRANO MOD. DUS410 QA\/QA"}]},{"@type":"WebSite","@id":"https:\/\/www.mexicanguitarplayers.com\/#website","url":"https:\/\/www.mexicanguitarplayers.com\/","name":"Mexican Guitar Players","description":"Website","publisher":{"@id":"https:\/\/www.mexicanguitarplayers.com\/#organization"},"potentialAction":[{"@type":"SearchAction","target":{"@type":"EntryPoint","urlTemplate":"https:\/\/www.mexicanguitarplayers.com\/?s={search_term_string}"},"query-input":{"@type":"PropertyValueSpecification","valueRequired":true,"valueName":"search_term_string"}}],"inLanguage":"en-US"},{"@type":"Organization","@id":"https:\/\/www.mexicanguitarplayers.com\/#organization","name":"Mexican Guitar Players","url":"https:\/\/www.mexicanguitarplayers.com\/","logo":{"@type":"ImageObject","inLanguage":"en-US","@id":"https:\/\/www.mexicanguitarplayers.com\/#\/schema\/logo\/image\/","url":"","contentUrl":"","caption":"Mexican Guitar Players"},"image":{"@id":"https:\/\/www.mexicanguitarplayers.com\/#\/schema\/logo\/image\/"}}]}},"brands":[{"id":322,"name":"FLIGHT","slug":"flight"}],"_links":{"self":[{"href":"https:\/\/www.mexicanguitarplayers.com\/en\/wp-json\/wp\/v2\/product\/40030","targetHints":{"allow":["GET"]}}],"collection":[{"href":"https:\/\/www.mexicanguitarplayers.com\/en\/wp-json\/wp\/v2\/product"}],"about":[{"href":"https:\/\/www.mexicanguitarplayers.com\/en\/wp-json\/wp\/v2\/types\/product"}],"replies":[{"embeddable":true,"href":"https:\/\/www.mexicanguitarplayers.com\/en\/wp-json\/wp\/v2\/comments?post=40030"}],"wp:featuredmedia":[{"embeddable":true,"href":"https:\/\/www.mexicanguitarplayers.com\/en\/wp-json\/wp\/v2\/media\/40027"}],"wp:attachment":[{"href":"https:\/\/www.mexicanguitarplayers.com\/en\/wp-json\/wp\/v2\/media?parent=40030"}],"wp:term":[{"taxonomy":"pwb-brand","embeddable":true,"href":"https:\/\/www.mexicanguitarplayers.com\/en\/wp-json\/wp\/v2\/pwb-brand?post=40030"},{"taxonomy":"product_brand","embeddable":true,"href":"https:\/\/www.mexicanguitarplayers.com\/en\/wp-json\/wp\/v2\/product_brand?post=40030"},{"taxonomy":"product_cat","embeddable":true,"href":"https:\/\/www.mexicanguitarplayers.com\/en\/wp-json\/wp\/v2\/product_cat?post=40030"},{"taxonomy":"product_tag","embeddable":true,"href":"https:\/\/www.mexicanguitarplayers.com\/en\/wp-json\/wp\/v2\/product_tag?post=40030"}],"curies":[{"name":"wp","href":"https:\/\/api.w.org\/{rel}","templated":true}]}}