{"id":40036,"date":"2025-04-09T06:54:07","date_gmt":"2025-04-09T12:54:07","guid":{"rendered":"https:\/\/www.mexicanguitarplayers.com\/tienda\/sin categor\u00eda\/bocina-eighteen-sound-12-12mb700-8\/"},"modified":"2026-03-30T13:15:04","modified_gmt":"2026-03-30T19:15:04","slug":"bocina-eighteen-sound-12-12mb700-8","status":"publish","type":"product","link":"https:\/\/www.mexicanguitarplayers.com\/en\/tienda\/audio\/bafles-y-bocinas\/bocinas-y-componentes\/medios\/bocina-eighteen-sound-12-12mb700-8\/","title":{"rendered":"BOCINA EIGHTEEN SOUND 12  12MB700\/8"},"content":{"rendered":"<div style=\"text-align: justify\">\n<div>\n<h3>El perfecto control de tu sonido.<\/h3>\n<\/div>\n<div>El 12MB700 es un driver midbass de sensibilidad muy alta (101.5 dB 1W\/1m) con capacidades de manejo de alta potencia. El 12MB700 se puede usar como driver de graves\/medios en recintos reflex compactos de 2 v\u00edas o como un controlador dedicado de rango medio de radiaci\u00f3n directa o horn, en giras m\u00faltiples y sistemas de instalaci\u00f3n fija en conciertos y arenas. Su cono de papel curvil\u00edneo hecho de una pulpa de madera especial de alta resistencia, ha sido dise\u00f1ado para lograr la mejor linealidad posible dentro de su rango de frecuencia previsto y para controlar las resonancias en modo campana alrededor de la circunferencia del cono. El cono se transporta mediante una suspensi\u00f3n multirrollo formada por un material similar al lino, que es m\u00e1s resistente al envejecimiento y la fatiga que los materiales tradicionales. La bobina m\u00f3vil de vanguardia de 75 mm de di\u00e1metro es similar a la de nuestros modelos de gama alta de 15\u201d y 18\u201d pulgadas pero est\u00e1 enrollada con alambre de aluminio. Emplea nuestra tecnolog\u00eda de bobina m\u00f3vil intercalada (ISV, por sus siglas en ingl\u00e9s) en la que un embobinador de fibra de vidrio de alta resistencia transporta bobinas tanto en la superficie exterior como en la interna para lograr una bobina de masa equilibrada. Esto resulta en un ensamble de motor extremadamente lineal con una tendencia reducida para el comportamiento exc\u00e9ntrico cuando se maneja con fuerza. Las excelentes capacidades de rendimiento de este altavoz est\u00e1n mejoradas a\u00fan m\u00e1s por los anillos demodulantes dobles (DDR) dise\u00f1ados para reducir dr\u00e1sticamente la intermodulaci\u00f3n y la distorsi\u00f3n arm\u00f3nica y mejorar la respuesta transitoria. La estructura magn\u00e9tica se ha optimizado utilizando el recurso FEA CAD, maximizando la densidad de flujo en la brecha de la bobina de voz. El enfriamiento de la bobina m\u00f3vil se ha logrado mediante la incorporaci\u00f3n de v\u00edas de aire entre la placa posterior del chasis y la placa superior del im\u00e1n, lo que permite que el aire caliente de la bobina de voz y la brecha se canalicen y se disipen por la canasta del chasis. Debido al uso cada vez mayor de sistemas de audio de alta potencia en eventos al aire libre o en entornos marinos, la capacidad de funcionar correctamente en condiciones clim\u00e1ticas adversas es una caracter\u00edstica clave en la filosof\u00eda de Eighteen Sound. Por lo tanto, se ha aplicado un tratamiento exclusivo al cono que le confiere propiedades repelentes al agua. Adem\u00e1s, se ha aplicado otro tratamiento especial a las placas superior y posterior, lo que hace que el transductor sea mucho m\u00e1s resistente a los efectos corrosivos de las sales y la oxidaci\u00f3n.<\/div>\n<div>\n<h4>Quick look<\/h4>\n<\/div>\n<ul style=\"margin: 0px 0px 0px 25px\">\n<li style=\"list-style-type: circle;margin: 5px\">Di\u00e1metro nominal.<\/li>\n<li style=\"list-style-type: circle;margin: 5px\">Nominal impedance.<\/li>\n<li style=\"list-style-type: circle;margin: 5px\">Power.<\/li>\n<li style=\"list-style-type: circle;margin: 5px\">Sensitivity.<\/li>\n<li style=\"list-style-type: circle;margin: 5px\">Rango de frecuencia.<\/li>\n<li style=\"list-style-type: circle;margin: 5px\">Compresi\u00f3n.<\/li>\n<li style=\"list-style-type: circle;margin: 5px\">Frecuencia m\u00e1xima recomendada.<\/li>\n<li style=\"list-style-type: circle;margin: 5px\">Volumen recomendado del gabinete.<\/li>\n<li style=\"list-style-type: circle;margin: 5px\">Impedancia m\u00ednima.<\/li>\n<li style=\"list-style-type: circle;margin: 5px\">Excursi\u00f3n m\u00e1xima pico a pico.<\/li>\n<li style=\"list-style-type: circle;margin: 5px\">Di\u00e1metro de la bobina m\u00f3vil.<\/li>\n<li style=\"list-style-type: circle;margin: 5px\">Material de la bobina m\u00f3vil.<\/li>\n<li style=\"list-style-type: circle;margin: 5px\">Suspensi\u00f3n.<\/li>\n<li style=\"list-style-type: circle;margin: 5px\">Cono.<\/li>\n<li style=\"list-style-type: circle;margin: 5px\">FS (Frecuencia de resonancia).<\/li>\n<li style=\"list-style-type: circle;margin: 5px\">Resistencia DC.<\/li>\n<li style=\"list-style-type: circle;margin: 5px\">SD (Superficie efectiva).<\/li>\n<li style=\"list-style-type: circle;margin: 5px\">QMS (Factor de calidad mec\u00e1nica).<\/li>\n<li style=\"list-style-type: circle;margin: 5px\">QES (Factor de calidad el\u00e9ctrica).<\/li>\n<li style=\"list-style-type: circle;margin: 5px\">QTS (Factor de calidad total).<\/li>\n<li style=\"list-style-type: circle;margin: 5px\">VAS (Volumen de aire equivalente a CMS).<\/li>\n<li style=\"list-style-type: circle;margin: 5px\">MMS (Masa total del cono).<\/li>\n<li style=\"list-style-type: circle;margin: 5px\">Factor BL <\/li>\n<li style=\"list-style-type: circle;margin: 5px\">XMAX (Desplazamiento m\u00e1ximo).<\/li>\n<li style=\"list-style-type: circle;margin: 5px\">Inductancia de la bobina m\u00f3vil (Le @ 1kHz).<\/li>\n<li style=\"list-style-type: circle;margin: 5px\">Referencia de eficiencia 1W\/1m (espacio medio).<\/li>\n<li style=\"list-style-type: circle;margin: 5px\">Di\u00e1metro total.<\/li>\n<li style=\"list-style-type: circle;margin: 5px\">Numero de agujeros de montaje y tornillo.<\/li>\n<li style=\"list-style-type: circle;margin: 5px\">Di\u00e1metro de los agujeros de montaje.<\/li>\n<li style=\"list-style-type: circle;margin: 5px\">Di\u00e1metro del c\u00edrculo del perno.<\/li>\n<li style=\"list-style-type: circle;margin: 5px\">Corte de montaje frontal del bafle.<\/li>\n<li style=\"list-style-type: circle;margin: 5px\">Corte de montaje posterior del bafle.<\/li>\n<li style=\"list-style-type: circle;margin: 5px\">Profundidad total.<\/li>\n<li style=\"list-style-type: circle;margin: 5px\">Espesor de  brida y junta.<\/li>\n<li style=\"list-style-type: circle;margin: 5px\">Weight.<\/li>\n<\/ul>\n<div>\n<div style=\"font-weight: bold\">Di\u00e1metro nominal.<\/div>\n<div>\n<p>12\u201d pulgadas (300 mm).<\/p>\n<\/div>\n<div style=\"font-weight: bold\">Nominal impedance.<\/div>\n<div>\n<p>8 ohms.<\/p>\n<\/div>\n<div style=\"font-weight: bold\">Power.<\/div>\n<div>\n<p>AES: 450 W. Programa: 600 W. Pico: 1,200 W.<\/p>\n<\/div>\n<div style=\"font-weight: bold\">Sensitivity.<\/div>\n<div>\n<p>101.5 dB.<\/p>\n<\/div>\n<div style=\"font-weight: bold\">Rango de frecuencia.<\/div>\n<div>\n<p>60 &#8211; 5,000 Hz.<\/p>\n<\/div>\n<div style=\"font-weight: bold\">Compresi\u00f3n.<\/div>\n<div>\n<p>A -10 dB: 0.4 dB. A -3 dB: 1.5 dB. A potencia total: 2.8 dB.<\/p>\n<\/div>\n<div style=\"font-weight: bold\">Frecuencia m\u00e1xima recomendada.<\/div>\n<div>\n<p>4,000 Hz.<\/p>\n<\/div>\n<div style=\"font-weight: bold\">Volumen recomendado del gabinete.<\/div>\n<div>\n<p>10 &#8211; 80 lt. (0.3 \u2013 2.83 pies c\u00fabicos).<\/p>\n<\/div>\n<div style=\"font-weight: bold\">Impedancia m\u00ednima.<\/div>\n<div>\n<p>5.7 ohms a 25\u00b0C.<\/p>\n<\/div>\n<div style=\"font-weight: bold\">Excursi\u00f3n m\u00e1xima pico a pico.<\/div>\n<div>\n<p>0.87\u201d pulgadas (22 mm).<\/p>\n<\/div>\n<div style=\"font-weight: bold\">Di\u00e1metro de la bobina m\u00f3vil.<\/div>\n<div>\n<p>3\u201d pulgadas (75 mm).<\/p>\n<\/div>\n<div style=\"font-weight: bold\">Material de la bobina m\u00f3vil.<\/div>\n<div>\n<p>Aluminio.<\/p>\n<\/div>\n<div style=\"font-weight: bold\">Suspensi\u00f3n.<\/div>\n<div>\n<p>Rollo-M, poli algod\u00f3n.<\/p>\n<\/div>\n<div style=\"font-weight: bold\">Cono.<\/div>\n<div>\n<p>Curvil\u00edneo, papel.<\/p>\n<\/div>\n<div style=\"font-weight: bold\">FS (Frecuencia de resonancia).<\/div>\n<div>\n<p>49 Hz.<\/p>\n<\/div>\n<div style=\"font-weight: bold\">Resistencia DC.<\/div>\n<div>\n<p>5 ohms.<\/p>\n<\/div>\n<div style=\"font-weight: bold\">SD (Superficie efectiva).<\/div>\n<div>\n<p>0.0531 sq.mt. (82.31 sq.in.).<\/p>\n<\/div>\n<div style=\"font-weight: bold\">QMS (Factor de calidad mec\u00e1nica).<\/div>\n<div>\n<p>4.7.<\/p>\n<\/div>\n<div style=\"font-weight: bold\">QES (Factor de calidad el\u00e9ctrica).<\/div>\n<div>\n<p>0.2.<\/p>\n<\/div>\n<div style=\"font-weight: bold\">QTS (Factor de calidad total).<\/div>\n<div>\n<p>0.19.<\/p>\n<\/div>\n<div style=\"font-weight: bold\">VAS (Volumen de aire equivalente a CMS).<\/div>\n<div>\n<p>101 lt. (3.57 pies c\u00fabicos).<\/p>\n<\/div>\n<div style=\"font-weight: bold\">MMS (Masa total del cono).<\/div>\n<div>\n<p>41 gr.<\/p>\n<\/div>\n<div style=\"font-weight: bold\">Factor BL <\/div>\n<div>\n<p>17.8 Tm.<\/p>\n<\/div>\n<div style=\"font-weight: bold\">XMAX (Desplazamiento m\u00e1ximo).<\/div>\n<div>\n<p>\u00b1 4.5 mm (\u00b1 0.18\u201d pulgadas).<\/p>\n<\/div>\n<div style=\"font-weight: bold\">Inductancia de la bobina m\u00f3vil (Le @ 1kHz).<\/div>\n<div>\n<p>0.9 mH.<\/p>\n<\/div>\n<div style=\"font-weight: bold\">Referencia de eficiencia 1W\/1m (espacio medio).<\/div>\n<div>\n<p>99.6 dB.<\/p>\n<\/div>\n<div style=\"font-weight: bold\">Di\u00e1metro total.<\/div>\n<div>\n<p>12.4\u201d pulgadas (315 mm).<\/p>\n<\/div>\n<div style=\"font-weight: bold\">Numero de agujeros de montaje y tornillo.<\/div>\n<div>\n<p>8.<\/p>\n<\/div>\n<div style=\"font-weight: bold\">Di\u00e1metro de los agujeros de montaje.<\/div>\n<div>\n<p>0.28\u201d pulgadas (7.15 mm).<\/p>\n<\/div>\n<div style=\"font-weight: bold\">Di\u00e1metro del c\u00edrculo del perno.<\/div>\n<div>\n<p>11.65 &#8211; 11.8\u201d pulgadas (296 &#8211; 300 mm).<\/p>\n<\/div>\n<div style=\"font-weight: bold\">Corte de montaje frontal del bafle.<\/div>\n<div>\n<p>\u00d8 11.1\u201d pulgadas (282 mm).<\/p>\n<\/div>\n<div style=\"font-weight: bold\">Corte de montaje posterior del bafle.<\/div>\n<div>\n<p>\u00d8 11.1\u201d pulgadas (282 mm).<\/p>\n<\/div>\n<div style=\"font-weight: bold\">Profundidad total.<\/div>\n<div>\n<p>5.82\u201d pulgadas (147.5 mm).<\/p>\n<\/div>\n<div style=\"font-weight: bold\">Espesor de  brida y junta.<\/div>\n<div>\n<p>0.65\u201d pulgadas (16.5 mm).<\/p>\n<\/div>\n<div style=\"font-weight: bold\">Weight.<\/div>\n<div>\n<p>8 kg.<\/p>\n<\/div>\n<\/div>\n<\/div>","protected":false},"excerpt":{"rendered":"<p>Bocina de 12\u201d pulgadas, im\u00e1n de ferrita, doble anillo demodulador (DDR) para una menor distorsi\u00f3n, disipaci\u00f3n mejorada de calor a trav\u00e9s del dise\u00f1o \u00fanico de la canasta, conos y platos protegidos contra la intemperie para uso en exteriores, ideal para sistemas compactos de dos v\u00edas y multi v\u00eda, impedancia: 8 ohms, potencia AES: 450 W, programa: 600 W, pico: 1,200 W, sensibilidad: 101.5 dB, rango de frecuencia: 60 &#8211; 5,000 Hz, bobina m\u00f3vil de aluminio de 3\u201d pulgadas (75 mm), peso: 8 kg.&hellip; <a class=\"kt-excerpt-readmore more-link\" href=\"https:\/\/www.mexicanguitarplayers.com\/en\/tienda\/audio\/bafles-y-bocinas\/bocinas-y-componentes\/medios\/bocina-eighteen-sound-12-12mb700-8\/\">Read more<\/a><\/p>","protected":false},"featured_media":40031,"comment_status":"open","ping_status":"closed","template":"","meta":{"kt_blocks_editor_width":""},"pwb-brand":[533],"product_brand":[],"product_cat":[213,221,474,534],"product_tag":[],"class_list":{"0":"post-40036","1":"product","2":"type-product","3":"status-publish","4":"has-post-thumbnail","6":"pwb-brand-eighteen-sound","7":"product_cat-audio","8":"product_cat-bafles-y-bocinas","9":"product_cat-bocinas-y-componentes","10":"product_cat-medios","11":"product_shipping_class-5-10-kg","13":"first","14":"outofstock","15":"taxable","16":"shipping-taxable","17":"purchasable","18":"product-type-simple"},"yoast_head":"<!-- This site is optimized with the Yoast SEO plugin v27.3 - https:\/\/yoast.com\/product\/yoast-seo-wordpress\/ -->\n<title>BOCINA EIGHTEEN SOUND 12 12MB700\/8 - Mexican Guitar Players<\/title>\n<meta name=\"description\" content=\"Bocina de 12\u201d pulgadas, im\u00e1n de ferrita, doble anillo demodulador (DDR) para una menor distorsi\u00f3n, disipaci\u00f3n mejorada de calor a trav\u00e9s del dise\u00f1o \u00fanico de la canasta, conos y platos protegidos contra la intemperie para uso en exteriores, ideal para sistemas compactos de dos v\u00edas y multi v\u00eda, impedancia: 8 ohms, potencia AES: 450 W, programa: 600 W, pico: 1,200 W, sensibilidad: 101.5 dB, rango de frecuencia: 60 - 5,000 Hz, bobina m\u00f3vil de aluminio de 3\u201d pulgadas (75 mm), peso: 8 kg.\" \/>\n<meta name=\"robots\" content=\"index, follow, max-snippet:-1, max-image-preview:large, max-video-preview:-1\" \/>\n<link rel=\"canonical\" href=\"https:\/\/www.mexicanguitarplayers.com\/en\/tienda\/sin%20categor\u00eda\/bocina-eighteen-sound-12-12mb700-8\/\" \/>\n<meta property=\"og:locale\" content=\"en_US\" \/>\n<meta property=\"og:type\" content=\"article\" \/>\n<meta property=\"og:title\" content=\"BOCINA EIGHTEEN SOUND 12 12MB700\/8 - Mexican Guitar Players\" \/>\n<meta property=\"og:description\" content=\"Bocina de 12\u201d pulgadas, im\u00e1n de ferrita, doble anillo demodulador (DDR) para una menor distorsi\u00f3n, disipaci\u00f3n mejorada de calor a trav\u00e9s del dise\u00f1o \u00fanico de la canasta, conos y platos protegidos contra la intemperie para uso en exteriores, ideal para sistemas compactos de dos v\u00edas y multi v\u00eda, impedancia: 8 ohms, potencia AES: 450 W, programa: 600 W, pico: 1,200 W, sensibilidad: 101.5 dB, rango de frecuencia: 60 - 5,000 Hz, bobina m\u00f3vil de aluminio de 3\u201d pulgadas (75 mm), peso: 8 kg.\" \/>\n<meta property=\"og:url\" content=\"https:\/\/www.mexicanguitarplayers.com\/en\/tienda\/sin categor\u00eda\/bocina-eighteen-sound-12-12mb700-8\/\" \/>\n<meta property=\"og:site_name\" content=\"Mexican Guitar Players\" \/>\n<meta property=\"article:modified_time\" content=\"2026-03-30T19:15:04+00:00\" \/>\n<meta name=\"twitter:card\" content=\"summary_large_image\" \/>\n<meta name=\"twitter:label1\" content=\"Est. reading time\" \/>\n\t<meta name=\"twitter:data1\" content=\"4 minutes\" \/>\n<script type=\"application\/ld+json\" class=\"yoast-schema-graph\">{\"@context\":\"https:\\\/\\\/schema.org\",\"@graph\":[{\"@type\":[\"WebPage\",\"ItemPage\"],\"@id\":\"https:\\\/\\\/www.mexicanguitarplayers.com\\\/tienda\\\/sin categor\u00eda\\\/bocina-eighteen-sound-12-12mb700-8\\\/\",\"url\":\"https:\\\/\\\/www.mexicanguitarplayers.com\\\/tienda\\\/sin categor\u00eda\\\/bocina-eighteen-sound-12-12mb700-8\\\/\",\"name\":\"BOCINA EIGHTEEN SOUND 12 12MB700\\\/8 - Mexican Guitar Players\",\"isPartOf\":{\"@id\":\"https:\\\/\\\/www.mexicanguitarplayers.com\\\/#website\"},\"primaryImageOfPage\":{\"@id\":\"https:\\\/\\\/www.mexicanguitarplayers.com\\\/tienda\\\/sin categor\u00eda\\\/bocina-eighteen-sound-12-12mb700-8\\\/#primaryimage\"},\"image\":{\"@id\":\"https:\\\/\\\/www.mexicanguitarplayers.com\\\/tienda\\\/sin categor\u00eda\\\/bocina-eighteen-sound-12-12mb700-8\\\/#primaryimage\"},\"thumbnailUrl\":\"https:\\\/\\\/www.mexicanguitarplayers.com\\\/wp-content\\\/uploads\\\/2025\\\/04\\\/IAEIG12MB7008.jpg\",\"datePublished\":\"2025-04-09T12:54:07+00:00\",\"dateModified\":\"2026-03-30T19:15:04+00:00\",\"description\":\"Bocina de 12\u201d pulgadas, im\u00e1n de ferrita, doble anillo demodulador (DDR) para una menor distorsi\u00f3n, disipaci\u00f3n mejorada de calor a trav\u00e9s del dise\u00f1o \u00fanico de la canasta, conos y platos protegidos contra la intemperie para uso en exteriores, ideal para sistemas compactos de dos v\u00edas y multi v\u00eda, impedancia: 8 ohms, potencia AES: 450 W, programa: 600 W, pico: 1,200 W, sensibilidad: 101.5 dB, rango de frecuencia: 60 - 5,000 Hz, bobina m\u00f3vil de aluminio de 3\u201d pulgadas (75 mm), peso: 8 kg.\",\"breadcrumb\":{\"@id\":\"https:\\\/\\\/www.mexicanguitarplayers.com\\\/tienda\\\/sin categor\u00eda\\\/bocina-eighteen-sound-12-12mb700-8\\\/#breadcrumb\"},\"inLanguage\":\"en-US\",\"potentialAction\":[{\"@type\":\"ReadAction\",\"target\":[\"https:\\\/\\\/www.mexicanguitarplayers.com\\\/tienda\\\/sin categor\u00eda\\\/bocina-eighteen-sound-12-12mb700-8\\\/\"]}]},{\"@type\":\"ImageObject\",\"inLanguage\":\"en-US\",\"@id\":\"https:\\\/\\\/www.mexicanguitarplayers.com\\\/tienda\\\/sin categor\u00eda\\\/bocina-eighteen-sound-12-12mb700-8\\\/#primaryimage\",\"url\":\"https:\\\/\\\/www.mexicanguitarplayers.com\\\/wp-content\\\/uploads\\\/2025\\\/04\\\/IAEIG12MB7008.jpg\",\"contentUrl\":\"https:\\\/\\\/www.mexicanguitarplayers.com\\\/wp-content\\\/uploads\\\/2025\\\/04\\\/IAEIG12MB7008.jpg\",\"width\":1200,\"height\":1200},{\"@type\":\"BreadcrumbList\",\"@id\":\"https:\\\/\\\/www.mexicanguitarplayers.com\\\/tienda\\\/sin categor\u00eda\\\/bocina-eighteen-sound-12-12mb700-8\\\/#breadcrumb\",\"itemListElement\":[{\"@type\":\"ListItem\",\"position\":1,\"name\":\"Portada\",\"item\":\"https:\\\/\\\/www.mexicanguitarplayers.com\\\/\"},{\"@type\":\"ListItem\",\"position\":2,\"name\":\"Tienda\",\"item\":\"https:\\\/\\\/www.mexicanguitarplayers.com\\\/tienda\\\/\"},{\"@type\":\"ListItem\",\"position\":3,\"name\":\"BOCINA EIGHTEEN SOUND 12 12MB700\\\/8\"}]},{\"@type\":\"WebSite\",\"@id\":\"https:\\\/\\\/www.mexicanguitarplayers.com\\\/#website\",\"url\":\"https:\\\/\\\/www.mexicanguitarplayers.com\\\/\",\"name\":\"Mexican Guitar Players\",\"description\":\"Website\",\"publisher\":{\"@id\":\"https:\\\/\\\/www.mexicanguitarplayers.com\\\/#organization\"},\"potentialAction\":[{\"@type\":\"SearchAction\",\"target\":{\"@type\":\"EntryPoint\",\"urlTemplate\":\"https:\\\/\\\/www.mexicanguitarplayers.com\\\/?s={search_term_string}\"},\"query-input\":{\"@type\":\"PropertyValueSpecification\",\"valueRequired\":true,\"valueName\":\"search_term_string\"}}],\"inLanguage\":\"en-US\"},{\"@type\":\"Organization\",\"@id\":\"https:\\\/\\\/www.mexicanguitarplayers.com\\\/#organization\",\"name\":\"Mexican Guitar Players\",\"url\":\"https:\\\/\\\/www.mexicanguitarplayers.com\\\/\",\"logo\":{\"@type\":\"ImageObject\",\"inLanguage\":\"en-US\",\"@id\":\"https:\\\/\\\/www.mexicanguitarplayers.com\\\/#\\\/schema\\\/logo\\\/image\\\/\",\"url\":\"\",\"contentUrl\":\"\",\"caption\":\"Mexican Guitar Players\"},\"image\":{\"@id\":\"https:\\\/\\\/www.mexicanguitarplayers.com\\\/#\\\/schema\\\/logo\\\/image\\\/\"}}]}<\/script>\n<!-- \/ Yoast SEO plugin. -->","yoast_head_json":{"title":"BOCINA EIGHTEEN SOUND 12 12MB700\/8 - Mexican Guitar Players","description":"Bocina de 12\u201d pulgadas, im\u00e1n de ferrita, doble anillo demodulador (DDR) para una menor distorsi\u00f3n, disipaci\u00f3n mejorada de calor a trav\u00e9s del dise\u00f1o \u00fanico de la canasta, conos y platos protegidos contra la intemperie para uso en exteriores, ideal para sistemas compactos de dos v\u00edas y multi v\u00eda, impedancia: 8 ohms, potencia AES: 450 W, programa: 600 W, pico: 1,200 W, sensibilidad: 101.5 dB, rango de frecuencia: 60 - 5,000 Hz, bobina m\u00f3vil de aluminio de 3\u201d pulgadas (75 mm), peso: 8 kg.","robots":{"index":"index","follow":"follow","max-snippet":"max-snippet:-1","max-image-preview":"max-image-preview:large","max-video-preview":"max-video-preview:-1"},"canonical":"https:\/\/www.mexicanguitarplayers.com\/en\/tienda\/sin categor\u00eda\/bocina-eighteen-sound-12-12mb700-8\/","og_locale":"en_US","og_type":"article","og_title":"BOCINA EIGHTEEN SOUND 12 12MB700\/8 - Mexican Guitar Players","og_description":"Bocina de 12\u201d pulgadas, im\u00e1n de ferrita, doble anillo demodulador (DDR) para una menor distorsi\u00f3n, disipaci\u00f3n mejorada de calor a trav\u00e9s del dise\u00f1o \u00fanico de la canasta, conos y platos protegidos contra la intemperie para uso en exteriores, ideal para sistemas compactos de dos v\u00edas y multi v\u00eda, impedancia: 8 ohms, potencia AES: 450 W, programa: 600 W, pico: 1,200 W, sensibilidad: 101.5 dB, rango de frecuencia: 60 - 5,000 Hz, bobina m\u00f3vil de aluminio de 3\u201d pulgadas (75 mm), peso: 8 kg.","og_url":"https:\/\/www.mexicanguitarplayers.com\/en\/tienda\/sin categor\u00eda\/bocina-eighteen-sound-12-12mb700-8\/","og_site_name":"Mexican Guitar Players","article_modified_time":"2026-03-30T19:15:04+00:00","twitter_card":"summary_large_image","twitter_misc":{"Est. reading time":"4 minutes"},"schema":{"@context":"https:\/\/schema.org","@graph":[{"@type":["WebPage","ItemPage"],"@id":"https:\/\/www.mexicanguitarplayers.com\/tienda\/sin categor\u00eda\/bocina-eighteen-sound-12-12mb700-8\/","url":"https:\/\/www.mexicanguitarplayers.com\/tienda\/sin categor\u00eda\/bocina-eighteen-sound-12-12mb700-8\/","name":"BOCINA EIGHTEEN SOUND 12 12MB700\/8 - Mexican Guitar Players","isPartOf":{"@id":"https:\/\/www.mexicanguitarplayers.com\/#website"},"primaryImageOfPage":{"@id":"https:\/\/www.mexicanguitarplayers.com\/tienda\/sin categor\u00eda\/bocina-eighteen-sound-12-12mb700-8\/#primaryimage"},"image":{"@id":"https:\/\/www.mexicanguitarplayers.com\/tienda\/sin categor\u00eda\/bocina-eighteen-sound-12-12mb700-8\/#primaryimage"},"thumbnailUrl":"https:\/\/www.mexicanguitarplayers.com\/wp-content\/uploads\/2025\/04\/IAEIG12MB7008.jpg","datePublished":"2025-04-09T12:54:07+00:00","dateModified":"2026-03-30T19:15:04+00:00","description":"Bocina de 12\u201d pulgadas, im\u00e1n de ferrita, doble anillo demodulador (DDR) para una menor distorsi\u00f3n, disipaci\u00f3n mejorada de calor a trav\u00e9s del dise\u00f1o \u00fanico de la canasta, conos y platos protegidos contra la intemperie para uso en exteriores, ideal para sistemas compactos de dos v\u00edas y multi v\u00eda, impedancia: 8 ohms, potencia AES: 450 W, programa: 600 W, pico: 1,200 W, sensibilidad: 101.5 dB, rango de frecuencia: 60 - 5,000 Hz, bobina m\u00f3vil de aluminio de 3\u201d pulgadas (75 mm), peso: 8 kg.","breadcrumb":{"@id":"https:\/\/www.mexicanguitarplayers.com\/tienda\/sin categor\u00eda\/bocina-eighteen-sound-12-12mb700-8\/#breadcrumb"},"inLanguage":"en-US","potentialAction":[{"@type":"ReadAction","target":["https:\/\/www.mexicanguitarplayers.com\/tienda\/sin categor\u00eda\/bocina-eighteen-sound-12-12mb700-8\/"]}]},{"@type":"ImageObject","inLanguage":"en-US","@id":"https:\/\/www.mexicanguitarplayers.com\/tienda\/sin categor\u00eda\/bocina-eighteen-sound-12-12mb700-8\/#primaryimage","url":"https:\/\/www.mexicanguitarplayers.com\/wp-content\/uploads\/2025\/04\/IAEIG12MB7008.jpg","contentUrl":"https:\/\/www.mexicanguitarplayers.com\/wp-content\/uploads\/2025\/04\/IAEIG12MB7008.jpg","width":1200,"height":1200},{"@type":"BreadcrumbList","@id":"https:\/\/www.mexicanguitarplayers.com\/tienda\/sin categor\u00eda\/bocina-eighteen-sound-12-12mb700-8\/#breadcrumb","itemListElement":[{"@type":"ListItem","position":1,"name":"Portada","item":"https:\/\/www.mexicanguitarplayers.com\/"},{"@type":"ListItem","position":2,"name":"Tienda","item":"https:\/\/www.mexicanguitarplayers.com\/tienda\/"},{"@type":"ListItem","position":3,"name":"BOCINA EIGHTEEN SOUND 12 12MB700\/8"}]},{"@type":"WebSite","@id":"https:\/\/www.mexicanguitarplayers.com\/#website","url":"https:\/\/www.mexicanguitarplayers.com\/","name":"Mexican Guitar Players","description":"Website","publisher":{"@id":"https:\/\/www.mexicanguitarplayers.com\/#organization"},"potentialAction":[{"@type":"SearchAction","target":{"@type":"EntryPoint","urlTemplate":"https:\/\/www.mexicanguitarplayers.com\/?s={search_term_string}"},"query-input":{"@type":"PropertyValueSpecification","valueRequired":true,"valueName":"search_term_string"}}],"inLanguage":"en-US"},{"@type":"Organization","@id":"https:\/\/www.mexicanguitarplayers.com\/#organization","name":"Mexican Guitar Players","url":"https:\/\/www.mexicanguitarplayers.com\/","logo":{"@type":"ImageObject","inLanguage":"en-US","@id":"https:\/\/www.mexicanguitarplayers.com\/#\/schema\/logo\/image\/","url":"","contentUrl":"","caption":"Mexican Guitar Players"},"image":{"@id":"https:\/\/www.mexicanguitarplayers.com\/#\/schema\/logo\/image\/"}}]}},"brands":[{"id":533,"name":"EIGHTEEN SOUND","slug":"eighteen-sound"}],"_links":{"self":[{"href":"https:\/\/www.mexicanguitarplayers.com\/en\/wp-json\/wp\/v2\/product\/40036","targetHints":{"allow":["GET"]}}],"collection":[{"href":"https:\/\/www.mexicanguitarplayers.com\/en\/wp-json\/wp\/v2\/product"}],"about":[{"href":"https:\/\/www.mexicanguitarplayers.com\/en\/wp-json\/wp\/v2\/types\/product"}],"replies":[{"embeddable":true,"href":"https:\/\/www.mexicanguitarplayers.com\/en\/wp-json\/wp\/v2\/comments?post=40036"}],"wp:featuredmedia":[{"embeddable":true,"href":"https:\/\/www.mexicanguitarplayers.com\/en\/wp-json\/wp\/v2\/media\/40031"}],"wp:attachment":[{"href":"https:\/\/www.mexicanguitarplayers.com\/en\/wp-json\/wp\/v2\/media?parent=40036"}],"wp:term":[{"taxonomy":"pwb-brand","embeddable":true,"href":"https:\/\/www.mexicanguitarplayers.com\/en\/wp-json\/wp\/v2\/pwb-brand?post=40036"},{"taxonomy":"product_brand","embeddable":true,"href":"https:\/\/www.mexicanguitarplayers.com\/en\/wp-json\/wp\/v2\/product_brand?post=40036"},{"taxonomy":"product_cat","embeddable":true,"href":"https:\/\/www.mexicanguitarplayers.com\/en\/wp-json\/wp\/v2\/product_cat?post=40036"},{"taxonomy":"product_tag","embeddable":true,"href":"https:\/\/www.mexicanguitarplayers.com\/en\/wp-json\/wp\/v2\/product_tag?post=40036"}],"curies":[{"name":"wp","href":"https:\/\/api.w.org\/{rel}","templated":true}]}}