{"id":40046,"date":"2025-04-09T06:54:20","date_gmt":"2025-04-09T12:54:20","guid":{"rendered":"https:\/\/www.mexicanguitarplayers.com\/tienda\/sin categor\u00eda\/microfono-proel-inalambrico-wm202dm\/"},"modified":"2025-04-09T06:54:20","modified_gmt":"2025-04-09T12:54:20","slug":"microfono-proel-inalambrico-wm202dm","status":"publish","type":"product","link":"https:\/\/www.mexicanguitarplayers.com\/en\/tienda\/audio\/microfonia\/microfonos-inalambricos\/microfono-proel-inalambrico-wm202dm\/","title":{"rendered":"MICROFONO PROEL INALAMBRICO  WM202DM"},"content":{"rendered":"<div style=\"text-align: justify\">\n<div>\n<h3>C\u00f3modo y f\u00e1cil de usar.<\/h3>\n<\/div>\n<div>Los micr\u00f3fonos Proel est\u00e1n dise\u00f1ados para ser c\u00f3modos, f\u00e1ciles de usar y con una calidad de sonido superior, el modelo WM202M tiene todas estas caracter\u00edsticas. Una excelente opci\u00f3n para aplicaciones como teatro, performance, y cualquier show o conferencia. <\/div>\n<div>\n<h4>Quick look<\/h4>\n<\/div>\n<ul style=\"margin: 0px 0px 0px 25px\">\n<li style=\"list-style-type: circle;margin: 5px\">Separaci\u00f3n de canales.<\/li>\n<li style=\"list-style-type: circle;margin: 5px\">Rango de frecuencia.<\/li>\n<li style=\"list-style-type: circle;margin: 5px\">Alcance.<\/li>\n<li style=\"list-style-type: circle;margin: 5px\">Frequency response.<\/li>\n<li style=\"list-style-type: circle;margin: 5px\">Signal to noise ratio.<\/li>\n<li style=\"list-style-type: circle;margin: 5px\">Modulaci\u00f3n.<\/li>\n<li style=\"list-style-type: circle;margin: 5px\">Rango din\u00e1mico.<\/li>\n<li style=\"list-style-type: circle;margin: 5px\">Tono transmisor de frecuencia de c\u00f3digo.<\/li>\n<li style=\"list-style-type: circle;margin: 5px\">Potencia de salida RF (ERP).<\/li>\n<li style=\"list-style-type: circle;margin: 5px\">Autonom\u00eda de la bater\u00eda<\/li>\n<li style=\"list-style-type: circle;margin: 5px\">Peso del transmisor.<\/li>\n<li style=\"list-style-type: circle;margin: 5px\">Micr\u00f3fono.<\/li>\n<li style=\"list-style-type: circle;margin: 5px\">Polar pattern.<\/li>\n<li style=\"list-style-type: circle;margin: 5px\">Consumo de corriente.<\/li>\n<\/ul>\n<div>\n<div style=\"font-weight: bold\">Separaci\u00f3n de canales.<\/div>\n<div>\n<p>200 kHz.<\/p>\n<\/div>\n<div style=\"font-weight: bold\">Rango de frecuencia.<\/div>\n<div>\n<p>863 &#8211; 865 MHz.<\/p>\n<\/div>\n<div style=\"font-weight: bold\">Alcance.<\/div>\n<div>\n<p>Hasta 30 metros.<\/p>\n<\/div>\n<div style=\"font-weight: bold\">Frequency response.<\/div>\n<div>\n<p>50 Hz &#8211; 15 kHz.<\/p>\n<\/div>\n<div style=\"font-weight: bold\">Signal to noise ratio.<\/div>\n<div>\n<p>-105 dB.<\/p>\n<\/div>\n<div style=\"font-weight: bold\">Modulaci\u00f3n.<\/div>\n<div>\n<p>FM3.<\/p>\n<\/div>\n<div style=\"font-weight: bold\">Rango din\u00e1mico.<\/div>\n<div>\n<p>100 dB.<\/p>\n<\/div>\n<div style=\"font-weight: bold\">Tono transmisor de frecuencia de c\u00f3digo.<\/div>\n<div>\n<p>30 kHz.<\/p>\n<\/div>\n<div style=\"font-weight: bold\">Potencia de salida RF (ERP).<\/div>\n<div>\n<p>10 mW.<\/p>\n<\/div>\n<div style=\"font-weight: bold\">Autonom\u00eda de la bater\u00eda<\/div>\n<div>\n<p>De 6 a 8 horas,<\/p>\n<\/div>\n<div style=\"font-weight: bold\">Peso del transmisor.<\/div>\n<div>\n<p>0.23 Kg.<\/p>\n<\/div>\n<div style=\"font-weight: bold\">Micr\u00f3fono.<\/div>\n<div>\n<p>De mano.<\/p>\n<\/div>\n<div style=\"font-weight: bold\">Polar pattern.<\/div>\n<div>\n<p>Cardioid.<\/p>\n<\/div>\n<div style=\"font-weight: bold\">Consumo de corriente.<\/div>\n<div>\n<p>160 mA.<\/p>\n<\/div>\n<\/div>\n<div>\n<h4>Characteristics<\/h4>\n<\/div>\n<div>\n<ul style=\"margin: 0px 0px 0px 25px\">\n<li style=\"list-style-type: circle;margin: 5px\">Sistema de microfon\u00eda inal\u00e1mbrica de canal dual UHF.<\/li>\n<li style=\"list-style-type: circle;margin: 5px\">Receptor de escritorio de bajo perfil con dos antenas plegables.<\/li>\n<li style=\"list-style-type: circle;margin: 5px\">Hasta 4 sistemas utilizables en la misma ubicaci\u00f3n.<\/li>\n<li style=\"list-style-type: circle;margin: 5px\">Estuche de transportaci\u00f3n de ABS.<\/li>\n<\/ul>\n<\/div>\n<\/div>","protected":false},"excerpt":{"rendered":"<p>Micr\u00f3fono inal\u00e1mbrico Proel. Modelo: WM202DM. Sistema de canal dual UHF. Rango de frecuencia: 863 &#8211; 865 MHz. Alcance: Hasta 30 metros. Respuesta de frecuencia:50 Hz &#8211; 15 kHz. Relaci\u00f3n se\u00f1al a ruido: -105 dB. Receptor de escritorio de bajoperfil con dos antenas plegables. Hasta 4 sistemas utilizables en la misma ubicaci\u00f3n. Estuche de transportaci\u00f3n de ABS. Separaci\u00f3n de canales: 200 kHz. Modulaci\u00f3n: FM3. Rango din\u00e1mico: 100 dB. Micr\u00f3fono cardioide.&hellip; <a class=\"kt-excerpt-readmore more-link\" href=\"https:\/\/www.mexicanguitarplayers.com\/en\/tienda\/audio\/microfonia\/microfonos-inalambricos\/microfono-proel-inalambrico-wm202dm\/\">Read more<\/a><\/p>","protected":false},"featured_media":40045,"comment_status":"open","ping_status":"closed","template":"","meta":{"kt_blocks_editor_width":""},"pwb-brand":[252],"product_brand":[],"product_cat":[213,214,231],"product_tag":[],"class_list":{"0":"post-40046","1":"product","2":"type-product","3":"status-publish","4":"has-post-thumbnail","6":"pwb-brand-proel","7":"product_cat-audio","8":"product_cat-microfonia","9":"product_cat-microfonos-inalambricos","10":"product_shipping_class-0-5-kg","12":"first","13":"outofstock","14":"taxable","15":"shipping-taxable","16":"purchasable","17":"product-type-simple"},"yoast_head":"<!-- This site is optimized with the Yoast SEO plugin v27.3 - https:\/\/yoast.com\/product\/yoast-seo-wordpress\/ -->\n<title>MICROFONO PROEL INALAMBRICO WM202DM - Mexican Guitar Players<\/title>\n<meta name=\"description\" content=\"Micr\u00f3fono inal\u00e1mbrico Proel. Modelo: WM202DM. Sistema de canal dual UHF. Rango de frecuencia: 863 - 865 MHz. Alcance: Hasta 30 metros. Respuesta de frecuencia:50 Hz - 15 kHz. Relaci\u00f3n se\u00f1al a ruido: -105 dB. Receptor de escritorio de bajoperfil con dos antenas plegables. Hasta 4 sistemas utilizables en la misma ubicaci\u00f3n. Estuche de transportaci\u00f3n de ABS. Separaci\u00f3n de canales: 200 kHz. Modulaci\u00f3n: FM3. Rango din\u00e1mico: 100 dB. Micr\u00f3fono cardioide.\" \/>\n<meta name=\"robots\" content=\"index, follow, max-snippet:-1, max-image-preview:large, max-video-preview:-1\" \/>\n<link rel=\"canonical\" href=\"https:\/\/www.mexicanguitarplayers.com\/en\/tienda\/sin%20categor\u00eda\/microfono-proel-inalambrico-wm202dm\/\" \/>\n<meta property=\"og:locale\" content=\"en_US\" \/>\n<meta property=\"og:type\" content=\"article\" \/>\n<meta property=\"og:title\" content=\"MICROFONO PROEL INALAMBRICO WM202DM - Mexican Guitar Players\" \/>\n<meta property=\"og:description\" content=\"Micr\u00f3fono inal\u00e1mbrico Proel. Modelo: WM202DM. Sistema de canal dual UHF. Rango de frecuencia: 863 - 865 MHz. Alcance: Hasta 30 metros. Respuesta de frecuencia:50 Hz - 15 kHz. Relaci\u00f3n se\u00f1al a ruido: -105 dB. Receptor de escritorio de bajoperfil con dos antenas plegables. Hasta 4 sistemas utilizables en la misma ubicaci\u00f3n. Estuche de transportaci\u00f3n de ABS. Separaci\u00f3n de canales: 200 kHz. Modulaci\u00f3n: FM3. Rango din\u00e1mico: 100 dB. Micr\u00f3fono cardioide.\" \/>\n<meta property=\"og:url\" content=\"https:\/\/www.mexicanguitarplayers.com\/en\/tienda\/sin categor\u00eda\/microfono-proel-inalambrico-wm202dm\/\" \/>\n<meta property=\"og:site_name\" content=\"Mexican Guitar Players\" \/>\n<meta name=\"twitter:card\" content=\"summary_large_image\" \/>\n<meta name=\"twitter:label1\" content=\"Est. reading time\" \/>\n\t<meta name=\"twitter:data1\" content=\"1 minute\" \/>\n<script type=\"application\/ld+json\" class=\"yoast-schema-graph\">{\"@context\":\"https:\\\/\\\/schema.org\",\"@graph\":[{\"@type\":[\"WebPage\",\"ItemPage\"],\"@id\":\"https:\\\/\\\/www.mexicanguitarplayers.com\\\/tienda\\\/sin categor\u00eda\\\/microfono-proel-inalambrico-wm202dm\\\/\",\"url\":\"https:\\\/\\\/www.mexicanguitarplayers.com\\\/tienda\\\/sin categor\u00eda\\\/microfono-proel-inalambrico-wm202dm\\\/\",\"name\":\"MICROFONO PROEL INALAMBRICO WM202DM - Mexican Guitar Players\",\"isPartOf\":{\"@id\":\"https:\\\/\\\/www.mexicanguitarplayers.com\\\/#website\"},\"primaryImageOfPage\":{\"@id\":\"https:\\\/\\\/www.mexicanguitarplayers.com\\\/tienda\\\/sin categor\u00eda\\\/microfono-proel-inalambrico-wm202dm\\\/#primaryimage\"},\"image\":{\"@id\":\"https:\\\/\\\/www.mexicanguitarplayers.com\\\/tienda\\\/sin categor\u00eda\\\/microfono-proel-inalambrico-wm202dm\\\/#primaryimage\"},\"thumbnailUrl\":\"https:\\\/\\\/www.mexicanguitarplayers.com\\\/wp-content\\\/uploads\\\/2025\\\/04\\\/IAPREWM202DM.jpg\",\"datePublished\":\"2025-04-09T12:54:20+00:00\",\"description\":\"Micr\u00f3fono inal\u00e1mbrico Proel. Modelo: WM202DM. Sistema de canal dual UHF. Rango de frecuencia: 863 - 865 MHz. Alcance: Hasta 30 metros. Respuesta de frecuencia:50 Hz - 15 kHz. Relaci\u00f3n se\u00f1al a ruido: -105 dB. Receptor de escritorio de bajoperfil con dos antenas plegables. Hasta 4 sistemas utilizables en la misma ubicaci\u00f3n. Estuche de transportaci\u00f3n de ABS. Separaci\u00f3n de canales: 200 kHz. Modulaci\u00f3n: FM3. Rango din\u00e1mico: 100 dB. Micr\u00f3fono cardioide.\",\"breadcrumb\":{\"@id\":\"https:\\\/\\\/www.mexicanguitarplayers.com\\\/tienda\\\/sin categor\u00eda\\\/microfono-proel-inalambrico-wm202dm\\\/#breadcrumb\"},\"inLanguage\":\"en-US\",\"potentialAction\":[{\"@type\":\"ReadAction\",\"target\":[\"https:\\\/\\\/www.mexicanguitarplayers.com\\\/tienda\\\/sin categor\u00eda\\\/microfono-proel-inalambrico-wm202dm\\\/\"]}]},{\"@type\":\"ImageObject\",\"inLanguage\":\"en-US\",\"@id\":\"https:\\\/\\\/www.mexicanguitarplayers.com\\\/tienda\\\/sin categor\u00eda\\\/microfono-proel-inalambrico-wm202dm\\\/#primaryimage\",\"url\":\"https:\\\/\\\/www.mexicanguitarplayers.com\\\/wp-content\\\/uploads\\\/2025\\\/04\\\/IAPREWM202DM.jpg\",\"contentUrl\":\"https:\\\/\\\/www.mexicanguitarplayers.com\\\/wp-content\\\/uploads\\\/2025\\\/04\\\/IAPREWM202DM.jpg\",\"width\":1200,\"height\":1200},{\"@type\":\"BreadcrumbList\",\"@id\":\"https:\\\/\\\/www.mexicanguitarplayers.com\\\/tienda\\\/sin categor\u00eda\\\/microfono-proel-inalambrico-wm202dm\\\/#breadcrumb\",\"itemListElement\":[{\"@type\":\"ListItem\",\"position\":1,\"name\":\"Portada\",\"item\":\"https:\\\/\\\/www.mexicanguitarplayers.com\\\/\"},{\"@type\":\"ListItem\",\"position\":2,\"name\":\"Tienda\",\"item\":\"https:\\\/\\\/www.mexicanguitarplayers.com\\\/tienda\\\/\"},{\"@type\":\"ListItem\",\"position\":3,\"name\":\"MICROFONO PROEL INALAMBRICO WM202DM\"}]},{\"@type\":\"WebSite\",\"@id\":\"https:\\\/\\\/www.mexicanguitarplayers.com\\\/#website\",\"url\":\"https:\\\/\\\/www.mexicanguitarplayers.com\\\/\",\"name\":\"Mexican Guitar Players\",\"description\":\"Website\",\"publisher\":{\"@id\":\"https:\\\/\\\/www.mexicanguitarplayers.com\\\/#organization\"},\"potentialAction\":[{\"@type\":\"SearchAction\",\"target\":{\"@type\":\"EntryPoint\",\"urlTemplate\":\"https:\\\/\\\/www.mexicanguitarplayers.com\\\/?s={search_term_string}\"},\"query-input\":{\"@type\":\"PropertyValueSpecification\",\"valueRequired\":true,\"valueName\":\"search_term_string\"}}],\"inLanguage\":\"en-US\"},{\"@type\":\"Organization\",\"@id\":\"https:\\\/\\\/www.mexicanguitarplayers.com\\\/#organization\",\"name\":\"Mexican Guitar Players\",\"url\":\"https:\\\/\\\/www.mexicanguitarplayers.com\\\/\",\"logo\":{\"@type\":\"ImageObject\",\"inLanguage\":\"en-US\",\"@id\":\"https:\\\/\\\/www.mexicanguitarplayers.com\\\/#\\\/schema\\\/logo\\\/image\\\/\",\"url\":\"\",\"contentUrl\":\"\",\"caption\":\"Mexican Guitar Players\"},\"image\":{\"@id\":\"https:\\\/\\\/www.mexicanguitarplayers.com\\\/#\\\/schema\\\/logo\\\/image\\\/\"}}]}<\/script>\n<!-- \/ Yoast SEO plugin. -->","yoast_head_json":{"title":"MICROFONO PROEL INALAMBRICO WM202DM - Mexican Guitar Players","description":"Micr\u00f3fono inal\u00e1mbrico Proel. Modelo: WM202DM. Sistema de canal dual UHF. Rango de frecuencia: 863 - 865 MHz. Alcance: Hasta 30 metros. Respuesta de frecuencia:50 Hz - 15 kHz. Relaci\u00f3n se\u00f1al a ruido: -105 dB. Receptor de escritorio de bajoperfil con dos antenas plegables. Hasta 4 sistemas utilizables en la misma ubicaci\u00f3n. Estuche de transportaci\u00f3n de ABS. Separaci\u00f3n de canales: 200 kHz. Modulaci\u00f3n: FM3. Rango din\u00e1mico: 100 dB. Micr\u00f3fono cardioide.","robots":{"index":"index","follow":"follow","max-snippet":"max-snippet:-1","max-image-preview":"max-image-preview:large","max-video-preview":"max-video-preview:-1"},"canonical":"https:\/\/www.mexicanguitarplayers.com\/en\/tienda\/sin categor\u00eda\/microfono-proel-inalambrico-wm202dm\/","og_locale":"en_US","og_type":"article","og_title":"MICROFONO PROEL INALAMBRICO WM202DM - Mexican Guitar Players","og_description":"Micr\u00f3fono inal\u00e1mbrico Proel. Modelo: WM202DM. Sistema de canal dual UHF. Rango de frecuencia: 863 - 865 MHz. Alcance: Hasta 30 metros. Respuesta de frecuencia:50 Hz - 15 kHz. Relaci\u00f3n se\u00f1al a ruido: -105 dB. Receptor de escritorio de bajoperfil con dos antenas plegables. Hasta 4 sistemas utilizables en la misma ubicaci\u00f3n. Estuche de transportaci\u00f3n de ABS. Separaci\u00f3n de canales: 200 kHz. Modulaci\u00f3n: FM3. Rango din\u00e1mico: 100 dB. Micr\u00f3fono cardioide.","og_url":"https:\/\/www.mexicanguitarplayers.com\/en\/tienda\/sin categor\u00eda\/microfono-proel-inalambrico-wm202dm\/","og_site_name":"Mexican Guitar Players","twitter_card":"summary_large_image","twitter_misc":{"Est. reading time":"1 minute"},"schema":{"@context":"https:\/\/schema.org","@graph":[{"@type":["WebPage","ItemPage"],"@id":"https:\/\/www.mexicanguitarplayers.com\/tienda\/sin categor\u00eda\/microfono-proel-inalambrico-wm202dm\/","url":"https:\/\/www.mexicanguitarplayers.com\/tienda\/sin categor\u00eda\/microfono-proel-inalambrico-wm202dm\/","name":"MICROFONO PROEL INALAMBRICO WM202DM - Mexican Guitar Players","isPartOf":{"@id":"https:\/\/www.mexicanguitarplayers.com\/#website"},"primaryImageOfPage":{"@id":"https:\/\/www.mexicanguitarplayers.com\/tienda\/sin categor\u00eda\/microfono-proel-inalambrico-wm202dm\/#primaryimage"},"image":{"@id":"https:\/\/www.mexicanguitarplayers.com\/tienda\/sin categor\u00eda\/microfono-proel-inalambrico-wm202dm\/#primaryimage"},"thumbnailUrl":"https:\/\/www.mexicanguitarplayers.com\/wp-content\/uploads\/2025\/04\/IAPREWM202DM.jpg","datePublished":"2025-04-09T12:54:20+00:00","description":"Micr\u00f3fono inal\u00e1mbrico Proel. Modelo: WM202DM. Sistema de canal dual UHF. Rango de frecuencia: 863 - 865 MHz. Alcance: Hasta 30 metros. Respuesta de frecuencia:50 Hz - 15 kHz. Relaci\u00f3n se\u00f1al a ruido: -105 dB. Receptor de escritorio de bajoperfil con dos antenas plegables. Hasta 4 sistemas utilizables en la misma ubicaci\u00f3n. Estuche de transportaci\u00f3n de ABS. Separaci\u00f3n de canales: 200 kHz. Modulaci\u00f3n: FM3. Rango din\u00e1mico: 100 dB. Micr\u00f3fono cardioide.","breadcrumb":{"@id":"https:\/\/www.mexicanguitarplayers.com\/tienda\/sin categor\u00eda\/microfono-proel-inalambrico-wm202dm\/#breadcrumb"},"inLanguage":"en-US","potentialAction":[{"@type":"ReadAction","target":["https:\/\/www.mexicanguitarplayers.com\/tienda\/sin categor\u00eda\/microfono-proel-inalambrico-wm202dm\/"]}]},{"@type":"ImageObject","inLanguage":"en-US","@id":"https:\/\/www.mexicanguitarplayers.com\/tienda\/sin categor\u00eda\/microfono-proel-inalambrico-wm202dm\/#primaryimage","url":"https:\/\/www.mexicanguitarplayers.com\/wp-content\/uploads\/2025\/04\/IAPREWM202DM.jpg","contentUrl":"https:\/\/www.mexicanguitarplayers.com\/wp-content\/uploads\/2025\/04\/IAPREWM202DM.jpg","width":1200,"height":1200},{"@type":"BreadcrumbList","@id":"https:\/\/www.mexicanguitarplayers.com\/tienda\/sin categor\u00eda\/microfono-proel-inalambrico-wm202dm\/#breadcrumb","itemListElement":[{"@type":"ListItem","position":1,"name":"Portada","item":"https:\/\/www.mexicanguitarplayers.com\/"},{"@type":"ListItem","position":2,"name":"Tienda","item":"https:\/\/www.mexicanguitarplayers.com\/tienda\/"},{"@type":"ListItem","position":3,"name":"MICROFONO PROEL INALAMBRICO WM202DM"}]},{"@type":"WebSite","@id":"https:\/\/www.mexicanguitarplayers.com\/#website","url":"https:\/\/www.mexicanguitarplayers.com\/","name":"Mexican Guitar Players","description":"Website","publisher":{"@id":"https:\/\/www.mexicanguitarplayers.com\/#organization"},"potentialAction":[{"@type":"SearchAction","target":{"@type":"EntryPoint","urlTemplate":"https:\/\/www.mexicanguitarplayers.com\/?s={search_term_string}"},"query-input":{"@type":"PropertyValueSpecification","valueRequired":true,"valueName":"search_term_string"}}],"inLanguage":"en-US"},{"@type":"Organization","@id":"https:\/\/www.mexicanguitarplayers.com\/#organization","name":"Mexican Guitar Players","url":"https:\/\/www.mexicanguitarplayers.com\/","logo":{"@type":"ImageObject","inLanguage":"en-US","@id":"https:\/\/www.mexicanguitarplayers.com\/#\/schema\/logo\/image\/","url":"","contentUrl":"","caption":"Mexican Guitar Players"},"image":{"@id":"https:\/\/www.mexicanguitarplayers.com\/#\/schema\/logo\/image\/"}}]}},"brands":[{"id":252,"name":"PROEL","slug":"proel"}],"_links":{"self":[{"href":"https:\/\/www.mexicanguitarplayers.com\/en\/wp-json\/wp\/v2\/product\/40046","targetHints":{"allow":["GET"]}}],"collection":[{"href":"https:\/\/www.mexicanguitarplayers.com\/en\/wp-json\/wp\/v2\/product"}],"about":[{"href":"https:\/\/www.mexicanguitarplayers.com\/en\/wp-json\/wp\/v2\/types\/product"}],"replies":[{"embeddable":true,"href":"https:\/\/www.mexicanguitarplayers.com\/en\/wp-json\/wp\/v2\/comments?post=40046"}],"wp:featuredmedia":[{"embeddable":true,"href":"https:\/\/www.mexicanguitarplayers.com\/en\/wp-json\/wp\/v2\/media\/40045"}],"wp:attachment":[{"href":"https:\/\/www.mexicanguitarplayers.com\/en\/wp-json\/wp\/v2\/media?parent=40046"}],"wp:term":[{"taxonomy":"pwb-brand","embeddable":true,"href":"https:\/\/www.mexicanguitarplayers.com\/en\/wp-json\/wp\/v2\/pwb-brand?post=40046"},{"taxonomy":"product_brand","embeddable":true,"href":"https:\/\/www.mexicanguitarplayers.com\/en\/wp-json\/wp\/v2\/product_brand?post=40046"},{"taxonomy":"product_cat","embeddable":true,"href":"https:\/\/www.mexicanguitarplayers.com\/en\/wp-json\/wp\/v2\/product_cat?post=40046"},{"taxonomy":"product_tag","embeddable":true,"href":"https:\/\/www.mexicanguitarplayers.com\/en\/wp-json\/wp\/v2\/product_tag?post=40046"}],"curies":[{"name":"wp","href":"https:\/\/api.w.org\/{rel}","templated":true}]}}