{"id":40051,"date":"2025-04-09T06:54:27","date_gmt":"2025-04-09T12:54:27","guid":{"rendered":"https:\/\/www.mexicanguitarplayers.com\/tienda\/sin categor\u00eda\/bafle-behringer-p-pa-mod-vp1520\/"},"modified":"2026-04-10T04:20:24","modified_gmt":"2026-04-10T10:20:24","slug":"bafle-behringer-p-pa-mod-vp1520","status":"publish","type":"product","link":"https:\/\/www.mexicanguitarplayers.com\/en\/tienda\/audio\/bafles-y-bocinas\/bafles\/bafles-pasivos\/bafle-behringer-p-pa-mod-vp1520\/","title":{"rendered":"BAFLE BEHRINGER P\/PA MOD. VP1520"},"content":{"rendered":"<div style=\"text-align: justify\">\n<div>\n<h3>Poder y fidelidad a tu audio con bajo precio.<\/h3>\n<\/div>\n<div>El altavoz EUROLIVE VP1520 es exactamente lo que esperas de Behringer: 1000 watts de potencia con grandes caracter\u00edsticas y absolutamente m\u00e1s asequible. Y gracias a su extremadamente poderoso conductor de baja frecuencia de 15&#8243; pulgadas y a su driver de diafragma de titanio de 1.75&#8243; pulgadas, el VP1520 est\u00e1 listo para usarse simplemente sac\u00e1ndolo de su caja. El VP1520 est\u00e1 destinado a convertirse en una leyenda por derecho propio, junto con otros modelos que han hecho de Behringer el l\u00edder mundial en altavoces. Nuestros transductores personalizados LF y HF est\u00e1n dise\u00f1ados espec\u00edficamente para cada aplicaci\u00f3n, es lo que nos distingue de la competencia. Cuando compras un altavoz Behringer, puedes estar seguro de que los transductores en el interior han sido dise\u00f1ados para resultados verdaderamente profesionales. El EUROLIVE VP1520 ofrece cantidades masivas de graves con medios articulados, medios detallados  y agudos cristalinos.<\/div>\n<div>\n<h4>Quick look<\/h4>\n<\/div>\n<ul style=\"margin: 0px 0px 0px 25px\">\n<li style=\"list-style-type: circle;margin: 5px\">Kind.<\/li>\n<li style=\"list-style-type: circle;margin: 5px\">Power.<\/li>\n<li style=\"list-style-type: circle;margin: 5px\">Frequency response.<\/li>\n<li style=\"list-style-type: circle;margin: 5px\">Impedance.<\/li>\n<li style=\"list-style-type: circle;margin: 5px\">Nivel de presi\u00f3n sonora (SPL).<\/li>\n<li style=\"list-style-type: circle;margin: 5px\">Dispersi\u00f3n.<\/li>\n<li style=\"list-style-type: circle;margin: 5px\">Frecuencia de crossover.<\/li>\n<li style=\"list-style-type: circle;margin: 5px\">Anclajes.<\/li>\n<li style=\"list-style-type: circle;margin: 5px\">Componentes.<\/li>\n<li style=\"list-style-type: circle;margin: 5px\">Dimensions.<\/li>\n<li style=\"list-style-type: circle;margin: 5px\">Weight.<\/li>\n<\/ul>\n<div>\n<div style=\"font-weight: bold\">Kind.<\/div>\n<div>\n<p>Altavoz de 2 v\u00edas de rango completo.<\/p>\n<\/div>\n<div style=\"font-weight: bold\">Power.<\/div>\n<div>\n<p>Continua: 250 watts. Pico: 1000 watts.<\/p>\n<\/div>\n<div style=\"font-weight: bold\">Frequency response.<\/div>\n<div>\n<p>45 Hz &#8211; 20 kHz.<\/p>\n<\/div>\n<div style=\"font-weight: bold\">Impedance.<\/div>\n<div>\n<p>8 ohms.<\/p>\n<\/div>\n<div style=\"font-weight: bold\">Nivel de presi\u00f3n sonora (SPL).<\/div>\n<div>\n<p>94 dB (espacio completo, 1W@1m).<\/p>\n<\/div>\n<div style=\"font-weight: bold\">Dispersi\u00f3n.<\/div>\n<div>\n<p>70\u00ba x 50\u00ba.<\/p>\n<\/div>\n<div style=\"font-weight: bold\">Frecuencia de crossover.<\/div>\n<div>\n<p>2.5 kHz.<\/p>\n<\/div>\n<div style=\"font-weight: bold\">Anclajes.<\/div>\n<div>\n<p>Asa ergon\u00f3mica y adaptador de soporte integrado.<\/p>\n<\/div>\n<div style=\"font-weight: bold\">Componentes.<\/div>\n<div>\n<p>Graves: Woofer de 15&#8243; pulgadas. Agudos: Driver de compresi\u00f3n de 1.75&#8243; con diafragma de titanio.<\/p>\n<\/div>\n<div style=\"font-weight: bold\">Dimensions.<\/div>\n<div>\n<p>455 x 685 x 465 mm.<\/p>\n<\/div>\n<div style=\"font-weight: bold\">Weight.<\/div>\n<div>\n<p>22.6 kg.<\/p>\n<\/div>\n<\/div>\n<\/div>","protected":false},"excerpt":{"rendered":"<p>Bafle pasivo profesional de 15\u201d pulgadas de larga excursi\u00f3n y driver de compresi\u00f3n de 1.75\u201d con diafragma de titanio, potencia: continua: 250 watts, pico: 1,000 watts, calidad de sonido excepcional con amplio ancho de banda de frecuencia y rango din\u00e1mico, graves incre\u00edblemente profundos y potencia ac\u00fastica, excelente reproducci\u00f3n de alta frecuencia, dise\u00f1o de trompeta patentado para una dispersi\u00f3n ultra ancha de sonido, circuito de protecci\u00f3n contra sobrecargas que garantiza una \u00f3ptima protecci\u00f3n de driver HF, gabinete trapezoidal para una f\u00e1cil disposici\u00f3n y precisi\u00f3n s\u00f3nica, adaptador para tr\u00edpode y soporte, rejilla de acero resistente para una \u00f3ptima protecci\u00f3n de los altavoces, 2 conectores profesionales de altavoz m\u00e1s conectores jack de 1\/4\u201d, dimensiones: 455 x 685 x 465 mm, peso: 22.6 kg.&hellip; <a class=\"kt-excerpt-readmore more-link\" href=\"https:\/\/www.mexicanguitarplayers.com\/en\/tienda\/audio\/bafles-y-bocinas\/bafles\/bafles-pasivos\/bafle-behringer-p-pa-mod-vp1520\/\">Read more<\/a><\/p>","protected":false},"featured_media":40047,"comment_status":"open","ping_status":"closed","template":"","meta":{"kt_blocks_editor_width":""},"pwb-brand":[171],"product_brand":[],"product_cat":[213,222,223,221],"product_tag":[],"class_list":{"0":"post-40051","1":"product","2":"type-product","3":"status-publish","4":"has-post-thumbnail","6":"pwb-brand-behringer","7":"product_cat-audio","8":"product_cat-bafles","9":"product_cat-bafles-pasivos","10":"product_cat-bafles-y-bocinas","11":"product_shipping_class-25-30-kg","13":"first","14":"outofstock","15":"taxable","16":"shipping-taxable","17":"purchasable","18":"product-type-simple"},"yoast_head":"<!-- This site is optimized with the Yoast SEO plugin v27.5 - https:\/\/yoast.com\/product\/yoast-seo-wordpress\/ -->\n<title>BAFLE BEHRINGER P\/PA MOD. VP1520 - Mexican Guitar Players<\/title>\n<meta name=\"description\" content=\"Bafle pasivo profesional de 15\u201d pulgadas de larga excursi\u00f3n y driver de compresi\u00f3n de 1.75\u201d con diafragma de titanio, potencia: continua: 250 watts, pico: 1,000 watts, calidad de sonido excepcional con amplio ancho de banda de frecuencia y rango din\u00e1mico, graves incre\u00edblemente profundos y potencia ac\u00fastica, excelente reproducci\u00f3n de alta frecuencia, dise\u00f1o de trompeta patentado para una dispersi\u00f3n ultra ancha de sonido, circuito de protecci\u00f3n contra sobrecargas que garantiza una \u00f3ptima protecci\u00f3n de driver HF, gabinete trapezoidal para una f\u00e1cil disposici\u00f3n y precisi\u00f3n s\u00f3nica, adaptador para tr\u00edpode y soporte, rejilla de acero resistente para una \u00f3ptima protecci\u00f3n de los altavoces, 2 conectores profesionales de altavoz m\u00e1s conectores jack de 1\/4\u201d, dimensiones: 455 x 685 x 465 mm, peso: 22.6 kg.\" \/>\n<meta name=\"robots\" content=\"index, follow, max-snippet:-1, max-image-preview:large, max-video-preview:-1\" \/>\n<link rel=\"canonical\" href=\"https:\/\/www.mexicanguitarplayers.com\/en\/tienda\/sin%20categor\u00eda\/bafle-behringer-p-pa-mod-vp1520\/\" \/>\n<meta property=\"og:locale\" content=\"en_US\" \/>\n<meta property=\"og:type\" content=\"article\" \/>\n<meta property=\"og:title\" content=\"BAFLE BEHRINGER P\/PA MOD. VP1520 - Mexican Guitar Players\" \/>\n<meta property=\"og:description\" content=\"Bafle pasivo profesional de 15\u201d pulgadas de larga excursi\u00f3n y driver de compresi\u00f3n de 1.75\u201d con diafragma de titanio, potencia: continua: 250 watts, pico: 1,000 watts, calidad de sonido excepcional con amplio ancho de banda de frecuencia y rango din\u00e1mico, graves incre\u00edblemente profundos y potencia ac\u00fastica, excelente reproducci\u00f3n de alta frecuencia, dise\u00f1o de trompeta patentado para una dispersi\u00f3n ultra ancha de sonido, circuito de protecci\u00f3n contra sobrecargas que garantiza una \u00f3ptima protecci\u00f3n de driver HF, gabinete trapezoidal para una f\u00e1cil disposici\u00f3n y precisi\u00f3n s\u00f3nica, adaptador para tr\u00edpode y soporte, rejilla de acero resistente para una \u00f3ptima protecci\u00f3n de los altavoces, 2 conectores profesionales de altavoz m\u00e1s conectores jack de 1\/4\u201d, dimensiones: 455 x 685 x 465 mm, peso: 22.6 kg.\" \/>\n<meta property=\"og:url\" content=\"https:\/\/www.mexicanguitarplayers.com\/en\/tienda\/sin categor\u00eda\/bafle-behringer-p-pa-mod-vp1520\/\" \/>\n<meta property=\"og:site_name\" content=\"Mexican Guitar Players\" \/>\n<meta property=\"article:modified_time\" content=\"2026-04-10T10:20:24+00:00\" \/>\n<meta name=\"twitter:card\" content=\"summary_large_image\" \/>\n<meta name=\"twitter:label1\" content=\"Est. reading time\" \/>\n\t<meta name=\"twitter:data1\" content=\"1 minute\" \/>\n<script type=\"application\/ld+json\" class=\"yoast-schema-graph\">{\"@context\":\"https:\\\/\\\/schema.org\",\"@graph\":[{\"@type\":[\"WebPage\",\"ItemPage\"],\"@id\":\"https:\\\/\\\/www.mexicanguitarplayers.com\\\/tienda\\\/sin categor\u00eda\\\/bafle-behringer-p-pa-mod-vp1520\\\/\",\"url\":\"https:\\\/\\\/www.mexicanguitarplayers.com\\\/tienda\\\/sin categor\u00eda\\\/bafle-behringer-p-pa-mod-vp1520\\\/\",\"name\":\"BAFLE BEHRINGER P\\\/PA MOD. VP1520 - Mexican Guitar Players\",\"isPartOf\":{\"@id\":\"https:\\\/\\\/www.mexicanguitarplayers.com\\\/#website\"},\"primaryImageOfPage\":{\"@id\":\"https:\\\/\\\/www.mexicanguitarplayers.com\\\/tienda\\\/sin categor\u00eda\\\/bafle-behringer-p-pa-mod-vp1520\\\/#primaryimage\"},\"image\":{\"@id\":\"https:\\\/\\\/www.mexicanguitarplayers.com\\\/tienda\\\/sin categor\u00eda\\\/bafle-behringer-p-pa-mod-vp1520\\\/#primaryimage\"},\"thumbnailUrl\":\"https:\\\/\\\/www.mexicanguitarplayers.com\\\/wp-content\\\/uploads\\\/2025\\\/04\\\/IABEHVP1520.jpg\",\"datePublished\":\"2025-04-09T12:54:27+00:00\",\"dateModified\":\"2026-04-10T10:20:24+00:00\",\"description\":\"Bafle pasivo profesional de 15\u201d pulgadas de larga excursi\u00f3n y driver de compresi\u00f3n de 1.75\u201d con diafragma de titanio, potencia: continua: 250 watts, pico: 1,000 watts, calidad de sonido excepcional con amplio ancho de banda de frecuencia y rango din\u00e1mico, graves incre\u00edblemente profundos y potencia ac\u00fastica, excelente reproducci\u00f3n de alta frecuencia, dise\u00f1o de trompeta patentado para una dispersi\u00f3n ultra ancha de sonido, circuito de protecci\u00f3n contra sobrecargas que garantiza una \u00f3ptima protecci\u00f3n de driver HF, gabinete trapezoidal para una f\u00e1cil disposici\u00f3n y precisi\u00f3n s\u00f3nica, adaptador para tr\u00edpode y soporte, rejilla de acero resistente para una \u00f3ptima protecci\u00f3n de los altavoces, 2 conectores profesionales de altavoz m\u00e1s conectores jack de 1\\\/4\u201d, dimensiones: 455 x 685 x 465 mm, peso: 22.6 kg.\",\"breadcrumb\":{\"@id\":\"https:\\\/\\\/www.mexicanguitarplayers.com\\\/tienda\\\/sin categor\u00eda\\\/bafle-behringer-p-pa-mod-vp1520\\\/#breadcrumb\"},\"inLanguage\":\"en-US\",\"potentialAction\":[{\"@type\":\"ReadAction\",\"target\":[\"https:\\\/\\\/www.mexicanguitarplayers.com\\\/tienda\\\/sin categor\u00eda\\\/bafle-behringer-p-pa-mod-vp1520\\\/\"]}]},{\"@type\":\"ImageObject\",\"inLanguage\":\"en-US\",\"@id\":\"https:\\\/\\\/www.mexicanguitarplayers.com\\\/tienda\\\/sin categor\u00eda\\\/bafle-behringer-p-pa-mod-vp1520\\\/#primaryimage\",\"url\":\"https:\\\/\\\/www.mexicanguitarplayers.com\\\/wp-content\\\/uploads\\\/2025\\\/04\\\/IABEHVP1520.jpg\",\"contentUrl\":\"https:\\\/\\\/www.mexicanguitarplayers.com\\\/wp-content\\\/uploads\\\/2025\\\/04\\\/IABEHVP1520.jpg\",\"width\":800,\"height\":1600},{\"@type\":\"BreadcrumbList\",\"@id\":\"https:\\\/\\\/www.mexicanguitarplayers.com\\\/tienda\\\/sin categor\u00eda\\\/bafle-behringer-p-pa-mod-vp1520\\\/#breadcrumb\",\"itemListElement\":[{\"@type\":\"ListItem\",\"position\":1,\"name\":\"Portada\",\"item\":\"https:\\\/\\\/www.mexicanguitarplayers.com\\\/\"},{\"@type\":\"ListItem\",\"position\":2,\"name\":\"Tienda\",\"item\":\"https:\\\/\\\/www.mexicanguitarplayers.com\\\/tienda\\\/\"},{\"@type\":\"ListItem\",\"position\":3,\"name\":\"BAFLE BEHRINGER P\\\/PA MOD. VP1520\"}]},{\"@type\":\"WebSite\",\"@id\":\"https:\\\/\\\/www.mexicanguitarplayers.com\\\/#website\",\"url\":\"https:\\\/\\\/www.mexicanguitarplayers.com\\\/\",\"name\":\"Mexican Guitar Players\",\"description\":\"Website\",\"publisher\":{\"@id\":\"https:\\\/\\\/www.mexicanguitarplayers.com\\\/#organization\"},\"potentialAction\":[{\"@type\":\"SearchAction\",\"target\":{\"@type\":\"EntryPoint\",\"urlTemplate\":\"https:\\\/\\\/www.mexicanguitarplayers.com\\\/?s={search_term_string}\"},\"query-input\":{\"@type\":\"PropertyValueSpecification\",\"valueRequired\":true,\"valueName\":\"search_term_string\"}}],\"inLanguage\":\"en-US\"},{\"@type\":\"Organization\",\"@id\":\"https:\\\/\\\/www.mexicanguitarplayers.com\\\/#organization\",\"name\":\"Mexican Guitar Players\",\"url\":\"https:\\\/\\\/www.mexicanguitarplayers.com\\\/\",\"logo\":{\"@type\":\"ImageObject\",\"inLanguage\":\"en-US\",\"@id\":\"https:\\\/\\\/www.mexicanguitarplayers.com\\\/#\\\/schema\\\/logo\\\/image\\\/\",\"url\":\"\",\"contentUrl\":\"\",\"caption\":\"Mexican Guitar Players\"},\"image\":{\"@id\":\"https:\\\/\\\/www.mexicanguitarplayers.com\\\/#\\\/schema\\\/logo\\\/image\\\/\"}}]}<\/script>\n<!-- \/ Yoast SEO plugin. -->","yoast_head_json":{"title":"BAFLE BEHRINGER P\/PA MOD. VP1520 - Mexican Guitar Players","description":"Bafle pasivo profesional de 15\u201d pulgadas de larga excursi\u00f3n y driver de compresi\u00f3n de 1.75\u201d con diafragma de titanio, potencia: continua: 250 watts, pico: 1,000 watts, calidad de sonido excepcional con amplio ancho de banda de frecuencia y rango din\u00e1mico, graves incre\u00edblemente profundos y potencia ac\u00fastica, excelente reproducci\u00f3n de alta frecuencia, dise\u00f1o de trompeta patentado para una dispersi\u00f3n ultra ancha de sonido, circuito de protecci\u00f3n contra sobrecargas que garantiza una \u00f3ptima protecci\u00f3n de driver HF, gabinete trapezoidal para una f\u00e1cil disposici\u00f3n y precisi\u00f3n s\u00f3nica, adaptador para tr\u00edpode y soporte, rejilla de acero resistente para una \u00f3ptima protecci\u00f3n de los altavoces, 2 conectores profesionales de altavoz m\u00e1s conectores jack de 1\/4\u201d, dimensiones: 455 x 685 x 465 mm, peso: 22.6 kg.","robots":{"index":"index","follow":"follow","max-snippet":"max-snippet:-1","max-image-preview":"max-image-preview:large","max-video-preview":"max-video-preview:-1"},"canonical":"https:\/\/www.mexicanguitarplayers.com\/en\/tienda\/sin categor\u00eda\/bafle-behringer-p-pa-mod-vp1520\/","og_locale":"en_US","og_type":"article","og_title":"BAFLE BEHRINGER P\/PA MOD. VP1520 - Mexican Guitar Players","og_description":"Bafle pasivo profesional de 15\u201d pulgadas de larga excursi\u00f3n y driver de compresi\u00f3n de 1.75\u201d con diafragma de titanio, potencia: continua: 250 watts, pico: 1,000 watts, calidad de sonido excepcional con amplio ancho de banda de frecuencia y rango din\u00e1mico, graves incre\u00edblemente profundos y potencia ac\u00fastica, excelente reproducci\u00f3n de alta frecuencia, dise\u00f1o de trompeta patentado para una dispersi\u00f3n ultra ancha de sonido, circuito de protecci\u00f3n contra sobrecargas que garantiza una \u00f3ptima protecci\u00f3n de driver HF, gabinete trapezoidal para una f\u00e1cil disposici\u00f3n y precisi\u00f3n s\u00f3nica, adaptador para tr\u00edpode y soporte, rejilla de acero resistente para una \u00f3ptima protecci\u00f3n de los altavoces, 2 conectores profesionales de altavoz m\u00e1s conectores jack de 1\/4\u201d, dimensiones: 455 x 685 x 465 mm, peso: 22.6 kg.","og_url":"https:\/\/www.mexicanguitarplayers.com\/en\/tienda\/sin categor\u00eda\/bafle-behringer-p-pa-mod-vp1520\/","og_site_name":"Mexican Guitar Players","article_modified_time":"2026-04-10T10:20:24+00:00","twitter_card":"summary_large_image","twitter_misc":{"Est. reading time":"1 minute"},"schema":{"@context":"https:\/\/schema.org","@graph":[{"@type":["WebPage","ItemPage"],"@id":"https:\/\/www.mexicanguitarplayers.com\/tienda\/sin categor\u00eda\/bafle-behringer-p-pa-mod-vp1520\/","url":"https:\/\/www.mexicanguitarplayers.com\/tienda\/sin categor\u00eda\/bafle-behringer-p-pa-mod-vp1520\/","name":"BAFLE BEHRINGER P\/PA MOD. VP1520 - Mexican Guitar Players","isPartOf":{"@id":"https:\/\/www.mexicanguitarplayers.com\/#website"},"primaryImageOfPage":{"@id":"https:\/\/www.mexicanguitarplayers.com\/tienda\/sin categor\u00eda\/bafle-behringer-p-pa-mod-vp1520\/#primaryimage"},"image":{"@id":"https:\/\/www.mexicanguitarplayers.com\/tienda\/sin categor\u00eda\/bafle-behringer-p-pa-mod-vp1520\/#primaryimage"},"thumbnailUrl":"https:\/\/www.mexicanguitarplayers.com\/wp-content\/uploads\/2025\/04\/IABEHVP1520.jpg","datePublished":"2025-04-09T12:54:27+00:00","dateModified":"2026-04-10T10:20:24+00:00","description":"Bafle pasivo profesional de 15\u201d pulgadas de larga excursi\u00f3n y driver de compresi\u00f3n de 1.75\u201d con diafragma de titanio, potencia: continua: 250 watts, pico: 1,000 watts, calidad de sonido excepcional con amplio ancho de banda de frecuencia y rango din\u00e1mico, graves incre\u00edblemente profundos y potencia ac\u00fastica, excelente reproducci\u00f3n de alta frecuencia, dise\u00f1o de trompeta patentado para una dispersi\u00f3n ultra ancha de sonido, circuito de protecci\u00f3n contra sobrecargas que garantiza una \u00f3ptima protecci\u00f3n de driver HF, gabinete trapezoidal para una f\u00e1cil disposici\u00f3n y precisi\u00f3n s\u00f3nica, adaptador para tr\u00edpode y soporte, rejilla de acero resistente para una \u00f3ptima protecci\u00f3n de los altavoces, 2 conectores profesionales de altavoz m\u00e1s conectores jack de 1\/4\u201d, dimensiones: 455 x 685 x 465 mm, peso: 22.6 kg.","breadcrumb":{"@id":"https:\/\/www.mexicanguitarplayers.com\/tienda\/sin categor\u00eda\/bafle-behringer-p-pa-mod-vp1520\/#breadcrumb"},"inLanguage":"en-US","potentialAction":[{"@type":"ReadAction","target":["https:\/\/www.mexicanguitarplayers.com\/tienda\/sin categor\u00eda\/bafle-behringer-p-pa-mod-vp1520\/"]}]},{"@type":"ImageObject","inLanguage":"en-US","@id":"https:\/\/www.mexicanguitarplayers.com\/tienda\/sin categor\u00eda\/bafle-behringer-p-pa-mod-vp1520\/#primaryimage","url":"https:\/\/www.mexicanguitarplayers.com\/wp-content\/uploads\/2025\/04\/IABEHVP1520.jpg","contentUrl":"https:\/\/www.mexicanguitarplayers.com\/wp-content\/uploads\/2025\/04\/IABEHVP1520.jpg","width":800,"height":1600},{"@type":"BreadcrumbList","@id":"https:\/\/www.mexicanguitarplayers.com\/tienda\/sin categor\u00eda\/bafle-behringer-p-pa-mod-vp1520\/#breadcrumb","itemListElement":[{"@type":"ListItem","position":1,"name":"Portada","item":"https:\/\/www.mexicanguitarplayers.com\/"},{"@type":"ListItem","position":2,"name":"Tienda","item":"https:\/\/www.mexicanguitarplayers.com\/tienda\/"},{"@type":"ListItem","position":3,"name":"BAFLE BEHRINGER P\/PA MOD. VP1520"}]},{"@type":"WebSite","@id":"https:\/\/www.mexicanguitarplayers.com\/#website","url":"https:\/\/www.mexicanguitarplayers.com\/","name":"Mexican Guitar Players","description":"Website","publisher":{"@id":"https:\/\/www.mexicanguitarplayers.com\/#organization"},"potentialAction":[{"@type":"SearchAction","target":{"@type":"EntryPoint","urlTemplate":"https:\/\/www.mexicanguitarplayers.com\/?s={search_term_string}"},"query-input":{"@type":"PropertyValueSpecification","valueRequired":true,"valueName":"search_term_string"}}],"inLanguage":"en-US"},{"@type":"Organization","@id":"https:\/\/www.mexicanguitarplayers.com\/#organization","name":"Mexican Guitar Players","url":"https:\/\/www.mexicanguitarplayers.com\/","logo":{"@type":"ImageObject","inLanguage":"en-US","@id":"https:\/\/www.mexicanguitarplayers.com\/#\/schema\/logo\/image\/","url":"","contentUrl":"","caption":"Mexican Guitar Players"},"image":{"@id":"https:\/\/www.mexicanguitarplayers.com\/#\/schema\/logo\/image\/"}}]}},"brands":[{"id":171,"name":"BEHRINGER","slug":"behringer"}],"_links":{"self":[{"href":"https:\/\/www.mexicanguitarplayers.com\/en\/wp-json\/wp\/v2\/product\/40051","targetHints":{"allow":["GET"]}}],"collection":[{"href":"https:\/\/www.mexicanguitarplayers.com\/en\/wp-json\/wp\/v2\/product"}],"about":[{"href":"https:\/\/www.mexicanguitarplayers.com\/en\/wp-json\/wp\/v2\/types\/product"}],"replies":[{"embeddable":true,"href":"https:\/\/www.mexicanguitarplayers.com\/en\/wp-json\/wp\/v2\/comments?post=40051"}],"wp:featuredmedia":[{"embeddable":true,"href":"https:\/\/www.mexicanguitarplayers.com\/en\/wp-json\/wp\/v2\/media\/40047"}],"wp:attachment":[{"href":"https:\/\/www.mexicanguitarplayers.com\/en\/wp-json\/wp\/v2\/media?parent=40051"}],"wp:term":[{"taxonomy":"pwb-brand","embeddable":true,"href":"https:\/\/www.mexicanguitarplayers.com\/en\/wp-json\/wp\/v2\/pwb-brand?post=40051"},{"taxonomy":"product_brand","embeddable":true,"href":"https:\/\/www.mexicanguitarplayers.com\/en\/wp-json\/wp\/v2\/product_brand?post=40051"},{"taxonomy":"product_cat","embeddable":true,"href":"https:\/\/www.mexicanguitarplayers.com\/en\/wp-json\/wp\/v2\/product_cat?post=40051"},{"taxonomy":"product_tag","embeddable":true,"href":"https:\/\/www.mexicanguitarplayers.com\/en\/wp-json\/wp\/v2\/product_tag?post=40051"}],"curies":[{"name":"wp","href":"https:\/\/api.w.org\/{rel}","templated":true}]}}