{"id":40054,"date":"2025-04-09T06:54:30","date_gmt":"2025-04-09T12:54:30","guid":{"rendered":"https:\/\/www.mexicanguitarplayers.com\/tienda\/sin categor\u00eda\/pedal-hotone-mod-sds-2-whip\/"},"modified":"2026-04-10T04:20:24","modified_gmt":"2026-04-10T10:20:24","slug":"pedal-hotone-mod-sds-2-whip","status":"publish","type":"product","link":"https:\/\/www.mexicanguitarplayers.com\/en\/tienda\/cuerdas\/efectos\/efectos-individuales\/pedal-hotone-mod-sds-2-whip\/","title":{"rendered":"PEDAL HOTONE   MOD. SDS-2 WHIP"},"content":{"rendered":"<div style=\"text-align: justify\">\n<div>\n<h3>Sonidos agresivo con actitud metalera.<\/h3>\n<\/div>\n<div>El pedal WHIP Metal es una distorsi\u00f3n que ofrece un sonido agresivo y pesado, buscado por todos los que desean predicar la actitud metalera. Este pedal puede ser peque\u00f1o pero proporcionar\u00e1 un sonido grande, sucio y ego\u00edsta a tu guitarra. Los shredders apreciar\u00e1n el bot\u00f3n EDGE que ofrece un boost adicional a la m\u00e1xima potencia. Distorsi\u00f3n Heavy-Metalera con un singular sonido de rango medio, este pedal se adapta a diversos estilos. El bot\u00f3n EDGE ofrece un sonido m\u00e1s agresivo de alta frecuencia. \u00a1METAAAAAAAL! Hotone Audio es una compa\u00f1\u00eda motivada por el desarrollo y la innovaci\u00f3n tecnol\u00f3gica, considera la excelencia y la calidad como una ventaja competitiva y se esfuerza por ofrecer a cada cliente una gran experiencia sensacional. Su lema es &#8220;Dise\u00f1o de Inspiraci\u00f3n&#8221;, cada producto nace de una lluvia de ideas, lo que es y lo que se puede hacer posible, uno de los valores fundamentales para desafiar los l\u00edmites del dise\u00f1o. Hotone fabrica productos de alta calidad, port\u00e1tiles, resistentes y duraderos para que cualquier m\u00fasico, ya sea aficionado o profesional pueda disfrutar e inspirarse por probar cosas nuevas sin comprometer el sonido.<\/div>\n<div>\n<h4>Characteristics<\/h4>\n<\/div>\n<div>\n<ul style=\"margin: 0px 0px 0px 25px\">\n<li style=\"list-style-type: circle;margin: 5px\">Footswitch True Bypass.<\/li>\n<li style=\"list-style-type: circle;margin: 5px\">Cubierta exterior de aleaci\u00f3n de zinc.<\/li>\n<li style=\"list-style-type: circle;margin: 5px\">Perilla superior transparente y 2 perillas noctilucentes peque\u00f1as.<\/li>\n<li style=\"list-style-type: circle;margin: 5px\">Luces LED.<\/li>\n<li style=\"list-style-type: circle;margin: 5px\">Consumo de energ\u00eda: 22 mA.<\/li>\n<li style=\"list-style-type: circle;margin: 5px\">Dimensiones: 74 x 44 x 44 mm.<\/li>\n<li style=\"list-style-type: circle;margin: 5px\">Peso: 190 g.<\/li>\n<\/ul>\n<\/div>\n<\/div>","protected":false},"excerpt":{"rendered":"<p>Pedal de distorsi\u00f3n Heavy Metal que ofrece un sonido agresivo y pesado, bot\u00f3n EDGE que ofrece un boost adicional a la m\u00e1xima potencia, Footswitch True Bypass, cubierta exterior de aleaci\u00f3n de zinc, perilla superior transparente y 2 perillasnoctilucentes peque\u00f1as, luces LED, consumo de energ\u00eda: 22 mA, dimensiones: 74 x44 x 44 mm, peso: 190 g.&hellip; <a class=\"kt-excerpt-readmore more-link\" href=\"https:\/\/www.mexicanguitarplayers.com\/en\/tienda\/cuerdas\/efectos\/efectos-individuales\/pedal-hotone-mod-sds-2-whip\/\">Read more<\/a><\/p>","protected":false},"featured_media":40052,"comment_status":"open","ping_status":"closed","template":"","meta":{"kt_blocks_editor_width":""},"pwb-brand":[183],"product_brand":[],"product_cat":[224,241,504],"product_tag":[],"class_list":{"0":"post-40054","1":"product","2":"type-product","3":"status-publish","4":"has-post-thumbnail","6":"pwb-brand-hotone","7":"product_cat-cuerdas","8":"product_cat-efectos","9":"product_cat-efectos-individuales","10":"product_shipping_class-0-5-kg","12":"first","13":"outofstock","14":"taxable","15":"shipping-taxable","16":"purchasable","17":"product-type-simple"},"yoast_head":"<!-- This site is optimized with the Yoast SEO plugin v27.5 - https:\/\/yoast.com\/product\/yoast-seo-wordpress\/ -->\n<title>PEDAL HOTONE  MOD. SDS-2 WHIP - Mexican Guitar Players<\/title>\n<meta name=\"description\" content=\"Pedal de distorsi\u00f3n Heavy Metal que ofrece un sonido agresivo y pesado, bot\u00f3n EDGE que ofrece un boost adicional a la m\u00e1xima potencia, Footswitch True Bypass, cubierta exterior de aleaci\u00f3n de zinc, perilla superior transparente y 2 perillasnoctilucentes peque\u00f1as, luces LED, consumo de energ\u00eda: 22 mA, dimensiones: 74 x44 x 44 mm, peso: 190 g.\" \/>\n<meta name=\"robots\" content=\"index, follow, max-snippet:-1, max-image-preview:large, max-video-preview:-1\" \/>\n<link rel=\"canonical\" href=\"https:\/\/www.mexicanguitarplayers.com\/en\/tienda\/sin%20categor\u00eda\/pedal-hotone-mod-sds-2-whip\/\" \/>\n<meta property=\"og:locale\" content=\"en_US\" \/>\n<meta property=\"og:type\" content=\"article\" \/>\n<meta property=\"og:title\" content=\"PEDAL HOTONE  MOD. SDS-2 WHIP - Mexican Guitar Players\" \/>\n<meta property=\"og:description\" content=\"Pedal de distorsi\u00f3n Heavy Metal que ofrece un sonido agresivo y pesado, bot\u00f3n EDGE que ofrece un boost adicional a la m\u00e1xima potencia, Footswitch True Bypass, cubierta exterior de aleaci\u00f3n de zinc, perilla superior transparente y 2 perillasnoctilucentes peque\u00f1as, luces LED, consumo de energ\u00eda: 22 mA, dimensiones: 74 x44 x 44 mm, peso: 190 g.\" \/>\n<meta property=\"og:url\" content=\"https:\/\/www.mexicanguitarplayers.com\/en\/tienda\/sin categor\u00eda\/pedal-hotone-mod-sds-2-whip\/\" \/>\n<meta property=\"og:site_name\" content=\"Mexican Guitar Players\" \/>\n<meta property=\"article:modified_time\" content=\"2026-04-10T10:20:24+00:00\" \/>\n<meta name=\"twitter:card\" content=\"summary_large_image\" \/>\n<meta name=\"twitter:label1\" content=\"Est. reading time\" \/>\n\t<meta name=\"twitter:data1\" content=\"1 minute\" \/>\n<script type=\"application\/ld+json\" class=\"yoast-schema-graph\">{\"@context\":\"https:\\\/\\\/schema.org\",\"@graph\":[{\"@type\":[\"WebPage\",\"ItemPage\"],\"@id\":\"https:\\\/\\\/www.mexicanguitarplayers.com\\\/tienda\\\/sin categor\u00eda\\\/pedal-hotone-mod-sds-2-whip\\\/\",\"url\":\"https:\\\/\\\/www.mexicanguitarplayers.com\\\/tienda\\\/sin categor\u00eda\\\/pedal-hotone-mod-sds-2-whip\\\/\",\"name\":\"PEDAL HOTONE MOD. SDS-2 WHIP - Mexican Guitar Players\",\"isPartOf\":{\"@id\":\"https:\\\/\\\/www.mexicanguitarplayers.com\\\/#website\"},\"primaryImageOfPage\":{\"@id\":\"https:\\\/\\\/www.mexicanguitarplayers.com\\\/tienda\\\/sin categor\u00eda\\\/pedal-hotone-mod-sds-2-whip\\\/#primaryimage\"},\"image\":{\"@id\":\"https:\\\/\\\/www.mexicanguitarplayers.com\\\/tienda\\\/sin categor\u00eda\\\/pedal-hotone-mod-sds-2-whip\\\/#primaryimage\"},\"thumbnailUrl\":\"https:\\\/\\\/www.mexicanguitarplayers.com\\\/wp-content\\\/uploads\\\/2025\\\/04\\\/VAHOTSDS2.jpg\",\"datePublished\":\"2025-04-09T12:54:30+00:00\",\"dateModified\":\"2026-04-10T10:20:24+00:00\",\"description\":\"Pedal de distorsi\u00f3n Heavy Metal que ofrece un sonido agresivo y pesado, bot\u00f3n EDGE que ofrece un boost adicional a la m\u00e1xima potencia, Footswitch True Bypass, cubierta exterior de aleaci\u00f3n de zinc, perilla superior transparente y 2 perillasnoctilucentes peque\u00f1as, luces LED, consumo de energ\u00eda: 22 mA, dimensiones: 74 x44 x 44 mm, peso: 190 g.\",\"breadcrumb\":{\"@id\":\"https:\\\/\\\/www.mexicanguitarplayers.com\\\/tienda\\\/sin categor\u00eda\\\/pedal-hotone-mod-sds-2-whip\\\/#breadcrumb\"},\"inLanguage\":\"en-US\",\"potentialAction\":[{\"@type\":\"ReadAction\",\"target\":[\"https:\\\/\\\/www.mexicanguitarplayers.com\\\/tienda\\\/sin categor\u00eda\\\/pedal-hotone-mod-sds-2-whip\\\/\"]}]},{\"@type\":\"ImageObject\",\"inLanguage\":\"en-US\",\"@id\":\"https:\\\/\\\/www.mexicanguitarplayers.com\\\/tienda\\\/sin categor\u00eda\\\/pedal-hotone-mod-sds-2-whip\\\/#primaryimage\",\"url\":\"https:\\\/\\\/www.mexicanguitarplayers.com\\\/wp-content\\\/uploads\\\/2025\\\/04\\\/VAHOTSDS2.jpg\",\"contentUrl\":\"https:\\\/\\\/www.mexicanguitarplayers.com\\\/wp-content\\\/uploads\\\/2025\\\/04\\\/VAHOTSDS2.jpg\",\"width\":1200,\"height\":1200},{\"@type\":\"BreadcrumbList\",\"@id\":\"https:\\\/\\\/www.mexicanguitarplayers.com\\\/tienda\\\/sin categor\u00eda\\\/pedal-hotone-mod-sds-2-whip\\\/#breadcrumb\",\"itemListElement\":[{\"@type\":\"ListItem\",\"position\":1,\"name\":\"Portada\",\"item\":\"https:\\\/\\\/www.mexicanguitarplayers.com\\\/\"},{\"@type\":\"ListItem\",\"position\":2,\"name\":\"Tienda\",\"item\":\"https:\\\/\\\/www.mexicanguitarplayers.com\\\/tienda\\\/\"},{\"@type\":\"ListItem\",\"position\":3,\"name\":\"PEDAL HOTONE MOD. SDS-2 WHIP\"}]},{\"@type\":\"WebSite\",\"@id\":\"https:\\\/\\\/www.mexicanguitarplayers.com\\\/#website\",\"url\":\"https:\\\/\\\/www.mexicanguitarplayers.com\\\/\",\"name\":\"Mexican Guitar Players\",\"description\":\"Website\",\"publisher\":{\"@id\":\"https:\\\/\\\/www.mexicanguitarplayers.com\\\/#organization\"},\"potentialAction\":[{\"@type\":\"SearchAction\",\"target\":{\"@type\":\"EntryPoint\",\"urlTemplate\":\"https:\\\/\\\/www.mexicanguitarplayers.com\\\/?s={search_term_string}\"},\"query-input\":{\"@type\":\"PropertyValueSpecification\",\"valueRequired\":true,\"valueName\":\"search_term_string\"}}],\"inLanguage\":\"en-US\"},{\"@type\":\"Organization\",\"@id\":\"https:\\\/\\\/www.mexicanguitarplayers.com\\\/#organization\",\"name\":\"Mexican Guitar Players\",\"url\":\"https:\\\/\\\/www.mexicanguitarplayers.com\\\/\",\"logo\":{\"@type\":\"ImageObject\",\"inLanguage\":\"en-US\",\"@id\":\"https:\\\/\\\/www.mexicanguitarplayers.com\\\/#\\\/schema\\\/logo\\\/image\\\/\",\"url\":\"\",\"contentUrl\":\"\",\"caption\":\"Mexican Guitar Players\"},\"image\":{\"@id\":\"https:\\\/\\\/www.mexicanguitarplayers.com\\\/#\\\/schema\\\/logo\\\/image\\\/\"}}]}<\/script>\n<!-- \/ Yoast SEO plugin. -->","yoast_head_json":{"title":"PEDAL HOTONE  MOD. SDS-2 WHIP - Mexican Guitar Players","description":"Pedal de distorsi\u00f3n Heavy Metal que ofrece un sonido agresivo y pesado, bot\u00f3n EDGE que ofrece un boost adicional a la m\u00e1xima potencia, Footswitch True Bypass, cubierta exterior de aleaci\u00f3n de zinc, perilla superior transparente y 2 perillasnoctilucentes peque\u00f1as, luces LED, consumo de energ\u00eda: 22 mA, dimensiones: 74 x44 x 44 mm, peso: 190 g.","robots":{"index":"index","follow":"follow","max-snippet":"max-snippet:-1","max-image-preview":"max-image-preview:large","max-video-preview":"max-video-preview:-1"},"canonical":"https:\/\/www.mexicanguitarplayers.com\/en\/tienda\/sin categor\u00eda\/pedal-hotone-mod-sds-2-whip\/","og_locale":"en_US","og_type":"article","og_title":"PEDAL HOTONE  MOD. SDS-2 WHIP - Mexican Guitar Players","og_description":"Pedal de distorsi\u00f3n Heavy Metal que ofrece un sonido agresivo y pesado, bot\u00f3n EDGE que ofrece un boost adicional a la m\u00e1xima potencia, Footswitch True Bypass, cubierta exterior de aleaci\u00f3n de zinc, perilla superior transparente y 2 perillasnoctilucentes peque\u00f1as, luces LED, consumo de energ\u00eda: 22 mA, dimensiones: 74 x44 x 44 mm, peso: 190 g.","og_url":"https:\/\/www.mexicanguitarplayers.com\/en\/tienda\/sin categor\u00eda\/pedal-hotone-mod-sds-2-whip\/","og_site_name":"Mexican Guitar Players","article_modified_time":"2026-04-10T10:20:24+00:00","twitter_card":"summary_large_image","twitter_misc":{"Est. reading time":"1 minute"},"schema":{"@context":"https:\/\/schema.org","@graph":[{"@type":["WebPage","ItemPage"],"@id":"https:\/\/www.mexicanguitarplayers.com\/tienda\/sin categor\u00eda\/pedal-hotone-mod-sds-2-whip\/","url":"https:\/\/www.mexicanguitarplayers.com\/tienda\/sin categor\u00eda\/pedal-hotone-mod-sds-2-whip\/","name":"PEDAL HOTONE MOD. SDS-2 WHIP - Mexican Guitar Players","isPartOf":{"@id":"https:\/\/www.mexicanguitarplayers.com\/#website"},"primaryImageOfPage":{"@id":"https:\/\/www.mexicanguitarplayers.com\/tienda\/sin categor\u00eda\/pedal-hotone-mod-sds-2-whip\/#primaryimage"},"image":{"@id":"https:\/\/www.mexicanguitarplayers.com\/tienda\/sin categor\u00eda\/pedal-hotone-mod-sds-2-whip\/#primaryimage"},"thumbnailUrl":"https:\/\/www.mexicanguitarplayers.com\/wp-content\/uploads\/2025\/04\/VAHOTSDS2.jpg","datePublished":"2025-04-09T12:54:30+00:00","dateModified":"2026-04-10T10:20:24+00:00","description":"Pedal de distorsi\u00f3n Heavy Metal que ofrece un sonido agresivo y pesado, bot\u00f3n EDGE que ofrece un boost adicional a la m\u00e1xima potencia, Footswitch True Bypass, cubierta exterior de aleaci\u00f3n de zinc, perilla superior transparente y 2 perillasnoctilucentes peque\u00f1as, luces LED, consumo de energ\u00eda: 22 mA, dimensiones: 74 x44 x 44 mm, peso: 190 g.","breadcrumb":{"@id":"https:\/\/www.mexicanguitarplayers.com\/tienda\/sin categor\u00eda\/pedal-hotone-mod-sds-2-whip\/#breadcrumb"},"inLanguage":"en-US","potentialAction":[{"@type":"ReadAction","target":["https:\/\/www.mexicanguitarplayers.com\/tienda\/sin categor\u00eda\/pedal-hotone-mod-sds-2-whip\/"]}]},{"@type":"ImageObject","inLanguage":"en-US","@id":"https:\/\/www.mexicanguitarplayers.com\/tienda\/sin categor\u00eda\/pedal-hotone-mod-sds-2-whip\/#primaryimage","url":"https:\/\/www.mexicanguitarplayers.com\/wp-content\/uploads\/2025\/04\/VAHOTSDS2.jpg","contentUrl":"https:\/\/www.mexicanguitarplayers.com\/wp-content\/uploads\/2025\/04\/VAHOTSDS2.jpg","width":1200,"height":1200},{"@type":"BreadcrumbList","@id":"https:\/\/www.mexicanguitarplayers.com\/tienda\/sin categor\u00eda\/pedal-hotone-mod-sds-2-whip\/#breadcrumb","itemListElement":[{"@type":"ListItem","position":1,"name":"Portada","item":"https:\/\/www.mexicanguitarplayers.com\/"},{"@type":"ListItem","position":2,"name":"Tienda","item":"https:\/\/www.mexicanguitarplayers.com\/tienda\/"},{"@type":"ListItem","position":3,"name":"PEDAL HOTONE MOD. SDS-2 WHIP"}]},{"@type":"WebSite","@id":"https:\/\/www.mexicanguitarplayers.com\/#website","url":"https:\/\/www.mexicanguitarplayers.com\/","name":"Mexican Guitar Players","description":"Website","publisher":{"@id":"https:\/\/www.mexicanguitarplayers.com\/#organization"},"potentialAction":[{"@type":"SearchAction","target":{"@type":"EntryPoint","urlTemplate":"https:\/\/www.mexicanguitarplayers.com\/?s={search_term_string}"},"query-input":{"@type":"PropertyValueSpecification","valueRequired":true,"valueName":"search_term_string"}}],"inLanguage":"en-US"},{"@type":"Organization","@id":"https:\/\/www.mexicanguitarplayers.com\/#organization","name":"Mexican Guitar Players","url":"https:\/\/www.mexicanguitarplayers.com\/","logo":{"@type":"ImageObject","inLanguage":"en-US","@id":"https:\/\/www.mexicanguitarplayers.com\/#\/schema\/logo\/image\/","url":"","contentUrl":"","caption":"Mexican Guitar Players"},"image":{"@id":"https:\/\/www.mexicanguitarplayers.com\/#\/schema\/logo\/image\/"}}]}},"brands":[{"id":183,"name":"HOTONE","slug":"hotone"}],"_links":{"self":[{"href":"https:\/\/www.mexicanguitarplayers.com\/en\/wp-json\/wp\/v2\/product\/40054","targetHints":{"allow":["GET"]}}],"collection":[{"href":"https:\/\/www.mexicanguitarplayers.com\/en\/wp-json\/wp\/v2\/product"}],"about":[{"href":"https:\/\/www.mexicanguitarplayers.com\/en\/wp-json\/wp\/v2\/types\/product"}],"replies":[{"embeddable":true,"href":"https:\/\/www.mexicanguitarplayers.com\/en\/wp-json\/wp\/v2\/comments?post=40054"}],"wp:featuredmedia":[{"embeddable":true,"href":"https:\/\/www.mexicanguitarplayers.com\/en\/wp-json\/wp\/v2\/media\/40052"}],"wp:attachment":[{"href":"https:\/\/www.mexicanguitarplayers.com\/en\/wp-json\/wp\/v2\/media?parent=40054"}],"wp:term":[{"taxonomy":"pwb-brand","embeddable":true,"href":"https:\/\/www.mexicanguitarplayers.com\/en\/wp-json\/wp\/v2\/pwb-brand?post=40054"},{"taxonomy":"product_brand","embeddable":true,"href":"https:\/\/www.mexicanguitarplayers.com\/en\/wp-json\/wp\/v2\/product_brand?post=40054"},{"taxonomy":"product_cat","embeddable":true,"href":"https:\/\/www.mexicanguitarplayers.com\/en\/wp-json\/wp\/v2\/product_cat?post=40054"},{"taxonomy":"product_tag","embeddable":true,"href":"https:\/\/www.mexicanguitarplayers.com\/en\/wp-json\/wp\/v2\/product_tag?post=40054"}],"curies":[{"name":"wp","href":"https:\/\/api.w.org\/{rel}","templated":true}]}}