{"id":40071,"date":"2025-04-09T06:55:40","date_gmt":"2025-04-09T12:55:40","guid":{"rendered":"https:\/\/www.mexicanguitarplayers.com\/tienda\/sin categor\u00eda\/bajo-smithfire-electrico-pbs-515-pack\/"},"modified":"2026-05-01T07:17:44","modified_gmt":"2026-05-01T13:17:44","slug":"bajo-smithfire-electrico-pbs-515-pack","status":"publish","type":"product","link":"https:\/\/www.mexicanguitarplayers.com\/en\/tienda\/cuerdas\/bajos\/electricos\/electricos-pasivos\/bajo-smithfire-electrico-pbs-515-pack\/","title":{"rendered":"BAJO SMITHFIRE ELECTRICO   PBS-515 PACK"},"content":{"rendered":"<div style=\"text-align: justify\">\n<div>\n<h3>Smithfire Precision Bass Pack: Tu Pasaporte al Mundo del Bajo El\u00e9ctrico<\/h3>\n<\/div>\n<div>El bajo el\u00e9ctrico Smithfire Precision Bass Pack es un instrumento de alta calidad que le permitir\u00e1 expresar su creatividad musical. Con su puente fijo y su ecualizaci\u00f3n pasiva de las pastillas, este bajo le ofrecer\u00e1 una experiencia musical inigualable. El modelo PBS-515 es sin duda una excelente elecci\u00f3n para cualquier bajista. El bajo cuenta con un splitcoil pb, un vol y un tono, lo que le permite personalizar su sonido a su gusto. La maquinaria de precisi\u00f3n cromada garantiza un rendimiento suave y sin problemas. Este paquete incluye un potente combo de amplificador de 15 watts, que le permitir\u00e1 hacerse o\u00edr en cualquier escenario. Tambi\u00e9n se incluyen una funda para proteger su bajo, un tahal\u00ed para facilitar su transporte, plumillas, una llave de ajuste y un afinador digital.<\/div>\n<div>\n<h4>Quick look<\/h4>\n<\/div>\n<ul style=\"margin: 0px 0px 0px 25px\">\n<li style=\"list-style-type: circle;margin: 5px\">Dise\u00f1o<\/li>\n<li style=\"list-style-type: circle;margin: 5px\">Strings<\/li>\n<li style=\"list-style-type: circle;margin: 5px\">Tablets<\/li>\n<li style=\"list-style-type: circle;margin: 5px\">Puente<\/li>\n<li style=\"list-style-type: circle;margin: 5px\">Ecualizaci\u00f3n<\/li>\n<li style=\"list-style-type: circle;margin: 5px\">Maquinaria de precisi\u00f3n cromada.<\/li>\n<li style=\"list-style-type: circle;margin: 5px\">1 vol y 1 tono.<\/li>\n<\/ul>\n<div>\n<div style=\"font-weight: bold\">Dise\u00f1o<\/div>\n<div>\n<p>Ergon\u00f3mico, apto para diestros<\/p>\n<\/div>\n<div style=\"font-weight: bold\">Strings<\/div>\n<div>\n<p>4 cuerdas<\/p>\n<\/div>\n<div style=\"font-weight: bold\">Tablets<\/div>\n<div>\n<p>Splitcoil PB<\/p>\n<\/div>\n<div style=\"font-weight: bold\">Puente<\/div>\n<div>\n<p>Fijo<\/p>\n<\/div>\n<div style=\"font-weight: bold\">Ecualizaci\u00f3n<\/div>\n<div>\n<p>Pasiva de las pastillas<\/p>\n<\/div>\n<div style=\"font-weight: bold\">Maquinaria de precisi\u00f3n cromada.<\/div>\n<div>\n<p>Con nuestra maquinaria de precisi\u00f3n cromada tenemos una afinaci\u00f3n precisa aparte de una resistencia al paso del tiempo y al ajetreo dentro y fuera de los escenarios.<\/p>\n<\/div>\n<div style=\"font-weight: bold\">1 vol y 1 tono.<\/div>\n<div>\n<p>El contar con un solo volumen nos simplifica las cosas, ya que  podemos controlar nuestro nivel de volumen totalmente directo y hacer lo mismo con nuestro tono, obteniendo los agudos brillosos que imaginamos o los graves definidos y con cuerpo.<\/p>\n<\/div>\n<\/div>\n<\/div>","protected":false},"excerpt":{"rendered":"<p>Paquete de bajo el\u00e9ctrico Smithfire Precision Bass, cuerpo de basswood, brazo de maple, diapas\u00f3n de nogal, 1 splitcoil pb, 1 vol, 1 tono, maquinaria de precisi\u00f3n cromada e incluye potente combo de 15 watts, funda, tahal\u00ed, plumillas, llave de ajuste y afinador digital.&hellip; <a class=\"kt-excerpt-readmore more-link\" href=\"https:\/\/www.mexicanguitarplayers.com\/en\/tienda\/cuerdas\/bajos\/electricos\/electricos-pasivos\/bajo-smithfire-electrico-pbs-515-pack\/\">Read more<\/a><\/p>","protected":false},"featured_media":40055,"comment_status":"open","ping_status":"closed","template":"","meta":{"kt_blocks_editor_width":""},"pwb-brand":[373],"product_brand":[],"product_cat":[317,224,318,319],"product_tag":[],"class_list":{"0":"post-40071","1":"product","2":"type-product","3":"status-publish","4":"has-post-thumbnail","6":"pwb-brand-smithfire","7":"product_cat-bajos","8":"product_cat-cuerdas","9":"product_cat-electricos","10":"product_cat-electricos-pasivos","11":"product_shipping_class-5-10-kg","13":"first","14":"instock","15":"taxable","16":"shipping-taxable","17":"purchasable","18":"product-type-simple"},"yoast_head":"<!-- This site is optimized with the Yoast SEO plugin v27.5 - https:\/\/yoast.com\/product\/yoast-seo-wordpress\/ -->\n<title>BAJO SMITHFIRE ELECTRICO  PBS-515 PACK - Mexican Guitar Players<\/title>\n<meta name=\"description\" content=\"Paquete de bajo el\u00e9ctrico Smithfire Precision Bass, cuerpo de basswood, brazo de maple, diapas\u00f3n de nogal, 1 splitcoil pb, 1 vol, 1 tono, maquinaria de precisi\u00f3n cromada e incluye potente combo de 15 watts, funda, tahal\u00ed, plumillas, llave de ajuste y afinador digital.\" \/>\n<meta name=\"robots\" content=\"index, follow, max-snippet:-1, max-image-preview:large, max-video-preview:-1\" \/>\n<link rel=\"canonical\" href=\"https:\/\/www.mexicanguitarplayers.com\/en\/tienda\/sin%20categor\u00eda\/bajo-smithfire-electrico-pbs-515-pack\/\" \/>\n<meta property=\"og:locale\" content=\"en_US\" \/>\n<meta property=\"og:type\" content=\"article\" \/>\n<meta property=\"og:title\" content=\"BAJO SMITHFIRE ELECTRICO  PBS-515 PACK - Mexican Guitar Players\" \/>\n<meta property=\"og:description\" content=\"Paquete de bajo el\u00e9ctrico Smithfire Precision Bass, cuerpo de basswood, brazo de maple, diapas\u00f3n de nogal, 1 splitcoil pb, 1 vol, 1 tono, maquinaria de precisi\u00f3n cromada e incluye potente combo de 15 watts, funda, tahal\u00ed, plumillas, llave de ajuste y afinador digital.\" \/>\n<meta property=\"og:url\" content=\"https:\/\/www.mexicanguitarplayers.com\/en\/tienda\/sin categor\u00eda\/bajo-smithfire-electrico-pbs-515-pack\/\" \/>\n<meta property=\"og:site_name\" content=\"Mexican Guitar Players\" \/>\n<meta property=\"article:modified_time\" content=\"2026-05-01T13:17:44+00:00\" \/>\n<meta name=\"twitter:card\" content=\"summary_large_image\" \/>\n<meta name=\"twitter:label1\" content=\"Est. reading time\" \/>\n\t<meta name=\"twitter:data1\" content=\"1 minute\" \/>\n<script type=\"application\/ld+json\" class=\"yoast-schema-graph\">{\"@context\":\"https:\\\/\\\/schema.org\",\"@graph\":[{\"@type\":[\"WebPage\",\"ItemPage\"],\"@id\":\"https:\\\/\\\/www.mexicanguitarplayers.com\\\/tienda\\\/sin categor\u00eda\\\/bajo-smithfire-electrico-pbs-515-pack\\\/\",\"url\":\"https:\\\/\\\/www.mexicanguitarplayers.com\\\/tienda\\\/sin categor\u00eda\\\/bajo-smithfire-electrico-pbs-515-pack\\\/\",\"name\":\"BAJO SMITHFIRE ELECTRICO PBS-515 PACK - Mexican Guitar Players\",\"isPartOf\":{\"@id\":\"https:\\\/\\\/www.mexicanguitarplayers.com\\\/#website\"},\"primaryImageOfPage\":{\"@id\":\"https:\\\/\\\/www.mexicanguitarplayers.com\\\/tienda\\\/sin categor\u00eda\\\/bajo-smithfire-electrico-pbs-515-pack\\\/#primaryimage\"},\"image\":{\"@id\":\"https:\\\/\\\/www.mexicanguitarplayers.com\\\/tienda\\\/sin categor\u00eda\\\/bajo-smithfire-electrico-pbs-515-pack\\\/#primaryimage\"},\"thumbnailUrl\":\"https:\\\/\\\/www.mexicanguitarplayers.com\\\/wp-content\\\/uploads\\\/2025\\\/04\\\/ISSMIPBS515PAK.png\",\"datePublished\":\"2025-04-09T12:55:40+00:00\",\"dateModified\":\"2026-05-01T13:17:44+00:00\",\"description\":\"Paquete de bajo el\u00e9ctrico Smithfire Precision Bass, cuerpo de basswood, brazo de maple, diapas\u00f3n de nogal, 1 splitcoil pb, 1 vol, 1 tono, maquinaria de precisi\u00f3n cromada e incluye potente combo de 15 watts, funda, tahal\u00ed, plumillas, llave de ajuste y afinador digital.\",\"breadcrumb\":{\"@id\":\"https:\\\/\\\/www.mexicanguitarplayers.com\\\/tienda\\\/sin categor\u00eda\\\/bajo-smithfire-electrico-pbs-515-pack\\\/#breadcrumb\"},\"inLanguage\":\"en-US\",\"potentialAction\":[{\"@type\":\"ReadAction\",\"target\":[\"https:\\\/\\\/www.mexicanguitarplayers.com\\\/tienda\\\/sin categor\u00eda\\\/bajo-smithfire-electrico-pbs-515-pack\\\/\"]}]},{\"@type\":\"ImageObject\",\"inLanguage\":\"en-US\",\"@id\":\"https:\\\/\\\/www.mexicanguitarplayers.com\\\/tienda\\\/sin categor\u00eda\\\/bajo-smithfire-electrico-pbs-515-pack\\\/#primaryimage\",\"url\":\"https:\\\/\\\/www.mexicanguitarplayers.com\\\/wp-content\\\/uploads\\\/2025\\\/04\\\/ISSMIPBS515PAK.png\",\"contentUrl\":\"https:\\\/\\\/www.mexicanguitarplayers.com\\\/wp-content\\\/uploads\\\/2025\\\/04\\\/ISSMIPBS515PAK.png\",\"width\":800,\"height\":1200},{\"@type\":\"BreadcrumbList\",\"@id\":\"https:\\\/\\\/www.mexicanguitarplayers.com\\\/tienda\\\/sin categor\u00eda\\\/bajo-smithfire-electrico-pbs-515-pack\\\/#breadcrumb\",\"itemListElement\":[{\"@type\":\"ListItem\",\"position\":1,\"name\":\"Portada\",\"item\":\"https:\\\/\\\/www.mexicanguitarplayers.com\\\/\"},{\"@type\":\"ListItem\",\"position\":2,\"name\":\"Tienda\",\"item\":\"https:\\\/\\\/www.mexicanguitarplayers.com\\\/tienda\\\/\"},{\"@type\":\"ListItem\",\"position\":3,\"name\":\"BAJO SMITHFIRE ELECTRICO PBS-515 PACK\"}]},{\"@type\":\"WebSite\",\"@id\":\"https:\\\/\\\/www.mexicanguitarplayers.com\\\/#website\",\"url\":\"https:\\\/\\\/www.mexicanguitarplayers.com\\\/\",\"name\":\"Mexican Guitar Players\",\"description\":\"Website\",\"publisher\":{\"@id\":\"https:\\\/\\\/www.mexicanguitarplayers.com\\\/#organization\"},\"potentialAction\":[{\"@type\":\"SearchAction\",\"target\":{\"@type\":\"EntryPoint\",\"urlTemplate\":\"https:\\\/\\\/www.mexicanguitarplayers.com\\\/?s={search_term_string}\"},\"query-input\":{\"@type\":\"PropertyValueSpecification\",\"valueRequired\":true,\"valueName\":\"search_term_string\"}}],\"inLanguage\":\"en-US\"},{\"@type\":\"Organization\",\"@id\":\"https:\\\/\\\/www.mexicanguitarplayers.com\\\/#organization\",\"name\":\"Mexican Guitar Players\",\"url\":\"https:\\\/\\\/www.mexicanguitarplayers.com\\\/\",\"logo\":{\"@type\":\"ImageObject\",\"inLanguage\":\"en-US\",\"@id\":\"https:\\\/\\\/www.mexicanguitarplayers.com\\\/#\\\/schema\\\/logo\\\/image\\\/\",\"url\":\"\",\"contentUrl\":\"\",\"caption\":\"Mexican Guitar Players\"},\"image\":{\"@id\":\"https:\\\/\\\/www.mexicanguitarplayers.com\\\/#\\\/schema\\\/logo\\\/image\\\/\"}}]}<\/script>\n<!-- \/ Yoast SEO plugin. -->","yoast_head_json":{"title":"BAJO SMITHFIRE ELECTRICO  PBS-515 PACK - Mexican Guitar Players","description":"Paquete de bajo el\u00e9ctrico Smithfire Precision Bass, cuerpo de basswood, brazo de maple, diapas\u00f3n de nogal, 1 splitcoil pb, 1 vol, 1 tono, maquinaria de precisi\u00f3n cromada e incluye potente combo de 15 watts, funda, tahal\u00ed, plumillas, llave de ajuste y afinador digital.","robots":{"index":"index","follow":"follow","max-snippet":"max-snippet:-1","max-image-preview":"max-image-preview:large","max-video-preview":"max-video-preview:-1"},"canonical":"https:\/\/www.mexicanguitarplayers.com\/en\/tienda\/sin categor\u00eda\/bajo-smithfire-electrico-pbs-515-pack\/","og_locale":"en_US","og_type":"article","og_title":"BAJO SMITHFIRE ELECTRICO  PBS-515 PACK - Mexican Guitar Players","og_description":"Paquete de bajo el\u00e9ctrico Smithfire Precision Bass, cuerpo de basswood, brazo de maple, diapas\u00f3n de nogal, 1 splitcoil pb, 1 vol, 1 tono, maquinaria de precisi\u00f3n cromada e incluye potente combo de 15 watts, funda, tahal\u00ed, plumillas, llave de ajuste y afinador digital.","og_url":"https:\/\/www.mexicanguitarplayers.com\/en\/tienda\/sin categor\u00eda\/bajo-smithfire-electrico-pbs-515-pack\/","og_site_name":"Mexican Guitar Players","article_modified_time":"2026-05-01T13:17:44+00:00","twitter_card":"summary_large_image","twitter_misc":{"Est. reading time":"1 minute"},"schema":{"@context":"https:\/\/schema.org","@graph":[{"@type":["WebPage","ItemPage"],"@id":"https:\/\/www.mexicanguitarplayers.com\/tienda\/sin categor\u00eda\/bajo-smithfire-electrico-pbs-515-pack\/","url":"https:\/\/www.mexicanguitarplayers.com\/tienda\/sin categor\u00eda\/bajo-smithfire-electrico-pbs-515-pack\/","name":"BAJO SMITHFIRE ELECTRICO PBS-515 PACK - Mexican Guitar Players","isPartOf":{"@id":"https:\/\/www.mexicanguitarplayers.com\/#website"},"primaryImageOfPage":{"@id":"https:\/\/www.mexicanguitarplayers.com\/tienda\/sin categor\u00eda\/bajo-smithfire-electrico-pbs-515-pack\/#primaryimage"},"image":{"@id":"https:\/\/www.mexicanguitarplayers.com\/tienda\/sin categor\u00eda\/bajo-smithfire-electrico-pbs-515-pack\/#primaryimage"},"thumbnailUrl":"https:\/\/www.mexicanguitarplayers.com\/wp-content\/uploads\/2025\/04\/ISSMIPBS515PAK.png","datePublished":"2025-04-09T12:55:40+00:00","dateModified":"2026-05-01T13:17:44+00:00","description":"Paquete de bajo el\u00e9ctrico Smithfire Precision Bass, cuerpo de basswood, brazo de maple, diapas\u00f3n de nogal, 1 splitcoil pb, 1 vol, 1 tono, maquinaria de precisi\u00f3n cromada e incluye potente combo de 15 watts, funda, tahal\u00ed, plumillas, llave de ajuste y afinador digital.","breadcrumb":{"@id":"https:\/\/www.mexicanguitarplayers.com\/tienda\/sin categor\u00eda\/bajo-smithfire-electrico-pbs-515-pack\/#breadcrumb"},"inLanguage":"en-US","potentialAction":[{"@type":"ReadAction","target":["https:\/\/www.mexicanguitarplayers.com\/tienda\/sin categor\u00eda\/bajo-smithfire-electrico-pbs-515-pack\/"]}]},{"@type":"ImageObject","inLanguage":"en-US","@id":"https:\/\/www.mexicanguitarplayers.com\/tienda\/sin categor\u00eda\/bajo-smithfire-electrico-pbs-515-pack\/#primaryimage","url":"https:\/\/www.mexicanguitarplayers.com\/wp-content\/uploads\/2025\/04\/ISSMIPBS515PAK.png","contentUrl":"https:\/\/www.mexicanguitarplayers.com\/wp-content\/uploads\/2025\/04\/ISSMIPBS515PAK.png","width":800,"height":1200},{"@type":"BreadcrumbList","@id":"https:\/\/www.mexicanguitarplayers.com\/tienda\/sin categor\u00eda\/bajo-smithfire-electrico-pbs-515-pack\/#breadcrumb","itemListElement":[{"@type":"ListItem","position":1,"name":"Portada","item":"https:\/\/www.mexicanguitarplayers.com\/"},{"@type":"ListItem","position":2,"name":"Tienda","item":"https:\/\/www.mexicanguitarplayers.com\/tienda\/"},{"@type":"ListItem","position":3,"name":"BAJO SMITHFIRE ELECTRICO PBS-515 PACK"}]},{"@type":"WebSite","@id":"https:\/\/www.mexicanguitarplayers.com\/#website","url":"https:\/\/www.mexicanguitarplayers.com\/","name":"Mexican Guitar Players","description":"Website","publisher":{"@id":"https:\/\/www.mexicanguitarplayers.com\/#organization"},"potentialAction":[{"@type":"SearchAction","target":{"@type":"EntryPoint","urlTemplate":"https:\/\/www.mexicanguitarplayers.com\/?s={search_term_string}"},"query-input":{"@type":"PropertyValueSpecification","valueRequired":true,"valueName":"search_term_string"}}],"inLanguage":"en-US"},{"@type":"Organization","@id":"https:\/\/www.mexicanguitarplayers.com\/#organization","name":"Mexican Guitar Players","url":"https:\/\/www.mexicanguitarplayers.com\/","logo":{"@type":"ImageObject","inLanguage":"en-US","@id":"https:\/\/www.mexicanguitarplayers.com\/#\/schema\/logo\/image\/","url":"","contentUrl":"","caption":"Mexican Guitar Players"},"image":{"@id":"https:\/\/www.mexicanguitarplayers.com\/#\/schema\/logo\/image\/"}}]}},"brands":[{"id":373,"name":"SMITHFIRE","slug":"smithfire"}],"_links":{"self":[{"href":"https:\/\/www.mexicanguitarplayers.com\/en\/wp-json\/wp\/v2\/product\/40071","targetHints":{"allow":["GET"]}}],"collection":[{"href":"https:\/\/www.mexicanguitarplayers.com\/en\/wp-json\/wp\/v2\/product"}],"about":[{"href":"https:\/\/www.mexicanguitarplayers.com\/en\/wp-json\/wp\/v2\/types\/product"}],"replies":[{"embeddable":true,"href":"https:\/\/www.mexicanguitarplayers.com\/en\/wp-json\/wp\/v2\/comments?post=40071"}],"wp:featuredmedia":[{"embeddable":true,"href":"https:\/\/www.mexicanguitarplayers.com\/en\/wp-json\/wp\/v2\/media\/40055"}],"wp:attachment":[{"href":"https:\/\/www.mexicanguitarplayers.com\/en\/wp-json\/wp\/v2\/media?parent=40071"}],"wp:term":[{"taxonomy":"pwb-brand","embeddable":true,"href":"https:\/\/www.mexicanguitarplayers.com\/en\/wp-json\/wp\/v2\/pwb-brand?post=40071"},{"taxonomy":"product_brand","embeddable":true,"href":"https:\/\/www.mexicanguitarplayers.com\/en\/wp-json\/wp\/v2\/product_brand?post=40071"},{"taxonomy":"product_cat","embeddable":true,"href":"https:\/\/www.mexicanguitarplayers.com\/en\/wp-json\/wp\/v2\/product_cat?post=40071"},{"taxonomy":"product_tag","embeddable":true,"href":"https:\/\/www.mexicanguitarplayers.com\/en\/wp-json\/wp\/v2\/product_tag?post=40071"}],"curies":[{"name":"wp","href":"https:\/\/api.w.org\/{rel}","templated":true}]}}