{"id":40110,"date":"2025-04-09T06:56:44","date_gmt":"2025-04-09T12:56:44","guid":{"rendered":"https:\/\/www.mexicanguitarplayers.com\/tienda\/sin categor\u00eda\/guitarra-schecter-elect-pt-special\/"},"modified":"2026-05-01T07:17:43","modified_gmt":"2026-05-01T13:17:43","slug":"guitarra-schecter-elect-pt-special","status":"publish","type":"product","link":"https:\/\/www.mexicanguitarplayers.com\/en\/tienda\/cuerdas\/guitarras-cuerdas\/electricas\/guitarras-electricas-solidas\/guitarra-schecter-elect-pt-special\/","title":{"rendered":"GUITARRA SCHECTER ELECT. PT SPECIAL"},"content":{"rendered":"<div style=\"text-align: justify\">\n<div>\n<h3>Un sonido inimaginable.<\/h3>\n<\/div>\n<div>Schecter trae ahora esta guitarra el\u00e9ctrica solida de 6 cuerdas con cuerpo de fresno de pantano y tapa plana que incluye hardware niquelado y una construcci\u00f3n bolt-on. Viene con un puente Vintage Ashtray y maquinaria Grover vintage. El brazo en forma de C est\u00e1 fabricado con madera de maple y el diapas\u00f3n con palo de rosa. Recorre 22 trastes X-Jumbo con incrustaciones de puntos de madreperla. Cuenta con un volumen y un tono (Push-Pull) adem\u00e1s de un selector de tres posiciones. Para obtener su gran sonido se utiliza una pastilla Schecter Diamond VT-1 en el puente y una pastilla Schecter Diamond V-90 en el brazo.<\/div>\n<div>\n<h4>Quick look<\/h4>\n<\/div>\n<ul style=\"margin: 0px 0px 0px 25px\">\n<li style=\"list-style-type: circle;margin: 5px\">Kind.<\/li>\n<li style=\"list-style-type: circle;margin: 5px\">Cuerpo.<\/li>\n<li style=\"list-style-type: circle;margin: 5px\">Top.<\/li>\n<li style=\"list-style-type: circle;margin: 5px\">Hardware.<\/li>\n<li style=\"list-style-type: circle;margin: 5px\">Construcci\u00f3n.<\/li>\n<li style=\"list-style-type: circle;margin: 5px\">Uni\u00f3n.<\/li>\n<li style=\"list-style-type: circle;margin: 5px\">Bridge.<\/li>\n<li style=\"list-style-type: circle;margin: 5px\">Machinery.<\/li>\n<li style=\"list-style-type: circle;margin: 5px\">Arm.<\/li>\n<li style=\"list-style-type: circle;margin: 5px\">Forma del brazo.<\/li>\n<li style=\"list-style-type: circle;margin: 5px\">Diapason.<\/li>\n<li style=\"list-style-type: circle;margin: 5px\">Radio del diapas\u00f3n.<\/li>\n<li style=\"list-style-type: circle;margin: 5px\">Scale.<\/li>\n<li style=\"list-style-type: circle;margin: 5px\">Scale.<\/li>\n<li style=\"list-style-type: circle;margin: 5px\">Espesor.<\/li>\n<li style=\"list-style-type: circle;margin: 5px\">Frets<\/li>\n<li style=\"list-style-type: circle;margin: 5px\">Nut.<\/li>\n<li style=\"list-style-type: circle;margin: 5px\">Ancho de la cejuela.<\/li>\n<li style=\"list-style-type: circle;margin: 5px\">Soul.<\/li>\n<li style=\"list-style-type: circle;margin: 5px\">Controls<\/li>\n<li style=\"list-style-type: circle;margin: 5px\">Pastillas.<\/li>\n<li style=\"list-style-type: circle;margin: 5px\">Perillas.<\/li>\n<\/ul>\n<div>\n<div style=\"font-weight: bold\">Kind.<\/div>\n<div>\n<p>Solid electric guitar.<\/p>\n<\/div>\n<div style=\"font-weight: bold\">Cuerpo.<\/div>\n<div>\n<p>Fresno de pantano.<\/p>\n<\/div>\n<div style=\"font-weight: bold\">Top.<\/div>\n<div>\n<p>Plana.<\/p>\n<\/div>\n<div style=\"font-weight: bold\">Hardware.<\/div>\n<div>\n<p>Niquelado.<\/p>\n<\/div>\n<div style=\"font-weight: bold\">Construcci\u00f3n.<\/div>\n<div>\n<p>Bolt-on.<\/p>\n<\/div>\n<div style=\"font-weight: bold\">Uni\u00f3n.<\/div>\n<div>\n<p>Crema, 1 capa.<\/p>\n<\/div>\n<div style=\"font-weight: bold\">Bridge.<\/div>\n<div>\n<p>Vintage Ashtray con Staggered Brass Saddles.<\/p>\n<\/div>\n<div style=\"font-weight: bold\">Machinery.<\/div>\n<div>\n<p>Grover vintage.<\/p>\n<\/div>\n<div style=\"font-weight: bold\">Arm.<\/div>\n<div>\n<p>Maple.<\/p>\n<\/div>\n<div style=\"font-weight: bold\">Forma del brazo.<\/div>\n<div>\n<p>C.<\/p>\n<\/div>\n<div style=\"font-weight: bold\">Diapason.<\/div>\n<div>\n<p>Rosewood.<\/p>\n<\/div>\n<div style=\"font-weight: bold\">Radio del diapas\u00f3n.<\/div>\n<div>\n<p>12\u201d (305 mm).<\/p>\n<\/div>\n<div style=\"font-weight: bold\">Scale.<\/div>\n<div>\n<p>Puntos de madreperla.<\/p>\n<\/div>\n<div style=\"font-weight: bold\">Scale.<\/div>\n<div>\n<p>25.5 &quot;(648 mm).<\/p>\n<\/div>\n<div style=\"font-weight: bold\">Espesor.<\/div>\n<div>\n<p>En el primer traste: .826\u201d (21 mm). En el traste 12: .905\u201d (23 mm).<\/p>\n<\/div>\n<div style=\"font-weight: bold\">Frets<\/div>\n<div>\n<p>22 trastes X-Jumbo.<\/p>\n<\/div>\n<div style=\"font-weight: bold\">Nut.<\/div>\n<div>\n<p>Graph Tech XL Ivory Tusq.<\/p>\n<\/div>\n<div style=\"font-weight: bold\">Ancho de la cejuela.<\/div>\n<div>\n<p>1,653 \u201d(42mm).<\/p>\n<\/div>\n<div style=\"font-weight: bold\">Soul.<\/div>\n<div>\n<p>2-way adjustable web with 5\/32 \u201d(4 mm) Allen nut.<\/p>\n<\/div>\n<div style=\"font-weight: bold\">Controls<\/div>\n<div>\n<p>Volumen y tono (Series-Parallel push-pull) y selector de 3 posiciones.<\/p>\n<\/div>\n<div style=\"font-weight: bold\">Pastillas.<\/div>\n<div>\n<p>Pastilla del puente: Schecter Diamond VT-1. Pastilla del brazo: Schecter Diamond V-90.<\/p>\n<\/div>\n<div style=\"font-weight: bold\">Perillas.<\/div>\n<div>\n<p>Perillas de metal moletado con tornillo de fijaci\u00f3n.<\/p>\n<\/div>\n<\/div>\n<\/div>","protected":false},"excerpt":{"rendered":"<p>Guitarra el\u00e9ctrica solida, cuerpo de fresno de pantano, tapa plana, hardware niquelado, construcci\u00f3n bolt-on, uni\u00f3n: crema, una capa, puente: Vintage Ashtray con Staggered Brass Saddles, maquinaria Grover vintage, brazo C de maple, diapas\u00f3n de palo de rosa de 12\u201d pulgadas (305 mm) de radio, 22 trastes X-Jumbo, incrustaciones de puntos de madreperla, escala: 25.5\u201d (648 mm), espesor en el primer traste: .826\u201d (21 mm) y en el traste 12: .905\u201d (23 mm), cejuela de Graph Tech XL Ivory Tusq de 1.653\u201d (42 mm) de ancho, alma ajustable de 2 v\u00edas con tuerca Allen de 5\/32\u201d (4 mm), volumen y tono (Series-Parallel Push-Pull), selector de tres posiciones, pastilla del puente: Schecter Diamond VT-1, pastilla del brazo: Schecter Diamond V-90, perillas de metal moleteado con tornillo de fijaci\u00f3n.&hellip; <a class=\"kt-excerpt-readmore more-link\" href=\"https:\/\/www.mexicanguitarplayers.com\/en\/tienda\/cuerdas\/guitarras-cuerdas\/electricas\/guitarras-electricas-solidas\/guitarra-schecter-elect-pt-special\/\">Read more<\/a><\/p>","protected":false},"featured_media":40083,"comment_status":"open","ping_status":"closed","template":"","meta":{"kt_blocks_editor_width":""},"pwb-brand":[175],"product_brand":[],"product_cat":[224,313,312,314],"product_tag":[],"class_list":{"0":"post-40110","1":"product","2":"type-product","3":"status-publish","4":"has-post-thumbnail","6":"pwb-brand-schecter","7":"product_cat-cuerdas","8":"product_cat-electricas","9":"product_cat-guitarras-cuerdas","10":"product_cat-guitarras-electricas-solidas","11":"product_shipping_class-0-5-kg","13":"first","14":"instock","15":"taxable","16":"shipping-taxable","17":"purchasable","18":"product-type-simple"},"yoast_head":"<!-- This site is optimized with the Yoast SEO plugin v27.5 - https:\/\/yoast.com\/product\/yoast-seo-wordpress\/ -->\n<title>GUITARRA SCHECTER ELECT. PT SPECIAL - Mexican Guitar Players<\/title>\n<meta name=\"description\" content=\"Guitarra el\u00e9ctrica solida, cuerpo de fresno de pantano, tapa plana, hardware niquelado, construcci\u00f3n bolt-on, uni\u00f3n: crema, una capa, puente: Vintage Ashtray con Staggered Brass Saddles, maquinaria Grover vintage, brazo C de maple, diapas\u00f3n de palo de rosa de 12\u201d pulgadas (305 mm) de radio, 22 trastes X-Jumbo, incrustaciones de puntos de madreperla, escala: 25.5\u201d (648 mm), espesor en el primer traste: .826\u201d (21 mm) y en el traste 12: .905\u201d (23 mm), cejuela de Graph Tech XL Ivory Tusq de 1.653\u201d (42 mm) de ancho, alma ajustable de 2 v\u00edas con tuerca Allen de 5\/32\u201d (4 mm), volumen y tono (Series-Parallel Push-Pull), selector de tres posiciones, pastilla del puente: Schecter Diamond VT-1, pastilla del brazo: Schecter Diamond V-90, perillas de metal moleteado con tornillo de fijaci\u00f3n.\" \/>\n<meta name=\"robots\" content=\"index, follow, max-snippet:-1, max-image-preview:large, max-video-preview:-1\" \/>\n<link rel=\"canonical\" href=\"https:\/\/www.mexicanguitarplayers.com\/en\/tienda\/sin%20categor\u00eda\/guitarra-schecter-elect-pt-special\/\" \/>\n<meta property=\"og:locale\" content=\"en_US\" \/>\n<meta property=\"og:type\" content=\"article\" \/>\n<meta property=\"og:title\" content=\"GUITARRA SCHECTER ELECT. PT SPECIAL - Mexican Guitar Players\" \/>\n<meta property=\"og:description\" content=\"Guitarra el\u00e9ctrica solida, cuerpo de fresno de pantano, tapa plana, hardware niquelado, construcci\u00f3n bolt-on, uni\u00f3n: crema, una capa, puente: Vintage Ashtray con Staggered Brass Saddles, maquinaria Grover vintage, brazo C de maple, diapas\u00f3n de palo de rosa de 12\u201d pulgadas (305 mm) de radio, 22 trastes X-Jumbo, incrustaciones de puntos de madreperla, escala: 25.5\u201d (648 mm), espesor en el primer traste: .826\u201d (21 mm) y en el traste 12: .905\u201d (23 mm), cejuela de Graph Tech XL Ivory Tusq de 1.653\u201d (42 mm) de ancho, alma ajustable de 2 v\u00edas con tuerca Allen de 5\/32\u201d (4 mm), volumen y tono (Series-Parallel Push-Pull), selector de tres posiciones, pastilla del puente: Schecter Diamond VT-1, pastilla del brazo: Schecter Diamond V-90, perillas de metal moleteado con tornillo de fijaci\u00f3n.\" \/>\n<meta property=\"og:url\" content=\"https:\/\/www.mexicanguitarplayers.com\/en\/tienda\/sin categor\u00eda\/guitarra-schecter-elect-pt-special\/\" \/>\n<meta property=\"og:site_name\" content=\"Mexican Guitar Players\" \/>\n<meta property=\"article:modified_time\" content=\"2026-05-01T13:17:43+00:00\" \/>\n<meta name=\"twitter:card\" content=\"summary_large_image\" \/>\n<meta name=\"twitter:label1\" content=\"Est. reading time\" \/>\n\t<meta name=\"twitter:data1\" content=\"1 minute\" \/>\n<script type=\"application\/ld+json\" class=\"yoast-schema-graph\">{\"@context\":\"https:\\\/\\\/schema.org\",\"@graph\":[{\"@type\":[\"WebPage\",\"ItemPage\"],\"@id\":\"https:\\\/\\\/www.mexicanguitarplayers.com\\\/tienda\\\/sin categor\u00eda\\\/guitarra-schecter-elect-pt-special\\\/\",\"url\":\"https:\\\/\\\/www.mexicanguitarplayers.com\\\/tienda\\\/sin categor\u00eda\\\/guitarra-schecter-elect-pt-special\\\/\",\"name\":\"GUITARRA SCHECTER ELECT. PT SPECIAL - Mexican Guitar Players\",\"isPartOf\":{\"@id\":\"https:\\\/\\\/www.mexicanguitarplayers.com\\\/#website\"},\"primaryImageOfPage\":{\"@id\":\"https:\\\/\\\/www.mexicanguitarplayers.com\\\/tienda\\\/sin categor\u00eda\\\/guitarra-schecter-elect-pt-special\\\/#primaryimage\"},\"image\":{\"@id\":\"https:\\\/\\\/www.mexicanguitarplayers.com\\\/tienda\\\/sin categor\u00eda\\\/guitarra-schecter-elect-pt-special\\\/#primaryimage\"},\"thumbnailUrl\":\"https:\\\/\\\/www.mexicanguitarplayers.com\\\/wp-content\\\/uploads\\\/2025\\\/04\\\/ISSCCPTSPECIAL.jpg\",\"datePublished\":\"2025-04-09T12:56:44+00:00\",\"dateModified\":\"2026-05-01T13:17:43+00:00\",\"description\":\"Guitarra el\u00e9ctrica solida, cuerpo de fresno de pantano, tapa plana, hardware niquelado, construcci\u00f3n bolt-on, uni\u00f3n: crema, una capa, puente: Vintage Ashtray con Staggered Brass Saddles, maquinaria Grover vintage, brazo C de maple, diapas\u00f3n de palo de rosa de 12\u201d pulgadas (305 mm) de radio, 22 trastes X-Jumbo, incrustaciones de puntos de madreperla, escala: 25.5\u201d (648 mm), espesor en el primer traste: .826\u201d (21 mm) y en el traste 12: .905\u201d (23 mm), cejuela de Graph Tech XL Ivory Tusq de 1.653\u201d (42 mm) de ancho, alma ajustable de 2 v\u00edas con tuerca Allen de 5\\\/32\u201d (4 mm), volumen y tono (Series-Parallel Push-Pull), selector de tres posiciones, pastilla del puente: Schecter Diamond VT-1, pastilla del brazo: Schecter Diamond V-90, perillas de metal moleteado con tornillo de fijaci\u00f3n.\",\"breadcrumb\":{\"@id\":\"https:\\\/\\\/www.mexicanguitarplayers.com\\\/tienda\\\/sin categor\u00eda\\\/guitarra-schecter-elect-pt-special\\\/#breadcrumb\"},\"inLanguage\":\"en-US\",\"potentialAction\":[{\"@type\":\"ReadAction\",\"target\":[\"https:\\\/\\\/www.mexicanguitarplayers.com\\\/tienda\\\/sin categor\u00eda\\\/guitarra-schecter-elect-pt-special\\\/\"]}]},{\"@type\":\"ImageObject\",\"inLanguage\":\"en-US\",\"@id\":\"https:\\\/\\\/www.mexicanguitarplayers.com\\\/tienda\\\/sin categor\u00eda\\\/guitarra-schecter-elect-pt-special\\\/#primaryimage\",\"url\":\"https:\\\/\\\/www.mexicanguitarplayers.com\\\/wp-content\\\/uploads\\\/2025\\\/04\\\/ISSCCPTSPECIAL.jpg\",\"contentUrl\":\"https:\\\/\\\/www.mexicanguitarplayers.com\\\/wp-content\\\/uploads\\\/2025\\\/04\\\/ISSCCPTSPECIAL.jpg\",\"width\":800,\"height\":1600},{\"@type\":\"BreadcrumbList\",\"@id\":\"https:\\\/\\\/www.mexicanguitarplayers.com\\\/tienda\\\/sin categor\u00eda\\\/guitarra-schecter-elect-pt-special\\\/#breadcrumb\",\"itemListElement\":[{\"@type\":\"ListItem\",\"position\":1,\"name\":\"Portada\",\"item\":\"https:\\\/\\\/www.mexicanguitarplayers.com\\\/\"},{\"@type\":\"ListItem\",\"position\":2,\"name\":\"Tienda\",\"item\":\"https:\\\/\\\/www.mexicanguitarplayers.com\\\/tienda\\\/\"},{\"@type\":\"ListItem\",\"position\":3,\"name\":\"GUITARRA SCHECTER ELECT. PT SPECIAL\"}]},{\"@type\":\"WebSite\",\"@id\":\"https:\\\/\\\/www.mexicanguitarplayers.com\\\/#website\",\"url\":\"https:\\\/\\\/www.mexicanguitarplayers.com\\\/\",\"name\":\"Mexican Guitar Players\",\"description\":\"Website\",\"publisher\":{\"@id\":\"https:\\\/\\\/www.mexicanguitarplayers.com\\\/#organization\"},\"potentialAction\":[{\"@type\":\"SearchAction\",\"target\":{\"@type\":\"EntryPoint\",\"urlTemplate\":\"https:\\\/\\\/www.mexicanguitarplayers.com\\\/?s={search_term_string}\"},\"query-input\":{\"@type\":\"PropertyValueSpecification\",\"valueRequired\":true,\"valueName\":\"search_term_string\"}}],\"inLanguage\":\"en-US\"},{\"@type\":\"Organization\",\"@id\":\"https:\\\/\\\/www.mexicanguitarplayers.com\\\/#organization\",\"name\":\"Mexican Guitar Players\",\"url\":\"https:\\\/\\\/www.mexicanguitarplayers.com\\\/\",\"logo\":{\"@type\":\"ImageObject\",\"inLanguage\":\"en-US\",\"@id\":\"https:\\\/\\\/www.mexicanguitarplayers.com\\\/#\\\/schema\\\/logo\\\/image\\\/\",\"url\":\"\",\"contentUrl\":\"\",\"caption\":\"Mexican Guitar Players\"},\"image\":{\"@id\":\"https:\\\/\\\/www.mexicanguitarplayers.com\\\/#\\\/schema\\\/logo\\\/image\\\/\"}}]}<\/script>\n<!-- \/ Yoast SEO plugin. -->","yoast_head_json":{"title":"GUITARRA SCHECTER ELECT. PT SPECIAL - Mexican Guitar Players","description":"Guitarra el\u00e9ctrica solida, cuerpo de fresno de pantano, tapa plana, hardware niquelado, construcci\u00f3n bolt-on, uni\u00f3n: crema, una capa, puente: Vintage Ashtray con Staggered Brass Saddles, maquinaria Grover vintage, brazo C de maple, diapas\u00f3n de palo de rosa de 12\u201d pulgadas (305 mm) de radio, 22 trastes X-Jumbo, incrustaciones de puntos de madreperla, escala: 25.5\u201d (648 mm), espesor en el primer traste: .826\u201d (21 mm) y en el traste 12: .905\u201d (23 mm), cejuela de Graph Tech XL Ivory Tusq de 1.653\u201d (42 mm) de ancho, alma ajustable de 2 v\u00edas con tuerca Allen de 5\/32\u201d (4 mm), volumen y tono (Series-Parallel Push-Pull), selector de tres posiciones, pastilla del puente: Schecter Diamond VT-1, pastilla del brazo: Schecter Diamond V-90, perillas de metal moleteado con tornillo de fijaci\u00f3n.","robots":{"index":"index","follow":"follow","max-snippet":"max-snippet:-1","max-image-preview":"max-image-preview:large","max-video-preview":"max-video-preview:-1"},"canonical":"https:\/\/www.mexicanguitarplayers.com\/en\/tienda\/sin categor\u00eda\/guitarra-schecter-elect-pt-special\/","og_locale":"en_US","og_type":"article","og_title":"GUITARRA SCHECTER ELECT. PT SPECIAL - Mexican Guitar Players","og_description":"Guitarra el\u00e9ctrica solida, cuerpo de fresno de pantano, tapa plana, hardware niquelado, construcci\u00f3n bolt-on, uni\u00f3n: crema, una capa, puente: Vintage Ashtray con Staggered Brass Saddles, maquinaria Grover vintage, brazo C de maple, diapas\u00f3n de palo de rosa de 12\u201d pulgadas (305 mm) de radio, 22 trastes X-Jumbo, incrustaciones de puntos de madreperla, escala: 25.5\u201d (648 mm), espesor en el primer traste: .826\u201d (21 mm) y en el traste 12: .905\u201d (23 mm), cejuela de Graph Tech XL Ivory Tusq de 1.653\u201d (42 mm) de ancho, alma ajustable de 2 v\u00edas con tuerca Allen de 5\/32\u201d (4 mm), volumen y tono (Series-Parallel Push-Pull), selector de tres posiciones, pastilla del puente: Schecter Diamond VT-1, pastilla del brazo: Schecter Diamond V-90, perillas de metal moleteado con tornillo de fijaci\u00f3n.","og_url":"https:\/\/www.mexicanguitarplayers.com\/en\/tienda\/sin categor\u00eda\/guitarra-schecter-elect-pt-special\/","og_site_name":"Mexican Guitar Players","article_modified_time":"2026-05-01T13:17:43+00:00","twitter_card":"summary_large_image","twitter_misc":{"Est. reading time":"1 minute"},"schema":{"@context":"https:\/\/schema.org","@graph":[{"@type":["WebPage","ItemPage"],"@id":"https:\/\/www.mexicanguitarplayers.com\/tienda\/sin categor\u00eda\/guitarra-schecter-elect-pt-special\/","url":"https:\/\/www.mexicanguitarplayers.com\/tienda\/sin categor\u00eda\/guitarra-schecter-elect-pt-special\/","name":"GUITARRA SCHECTER ELECT. PT SPECIAL - Mexican Guitar Players","isPartOf":{"@id":"https:\/\/www.mexicanguitarplayers.com\/#website"},"primaryImageOfPage":{"@id":"https:\/\/www.mexicanguitarplayers.com\/tienda\/sin categor\u00eda\/guitarra-schecter-elect-pt-special\/#primaryimage"},"image":{"@id":"https:\/\/www.mexicanguitarplayers.com\/tienda\/sin categor\u00eda\/guitarra-schecter-elect-pt-special\/#primaryimage"},"thumbnailUrl":"https:\/\/www.mexicanguitarplayers.com\/wp-content\/uploads\/2025\/04\/ISSCCPTSPECIAL.jpg","datePublished":"2025-04-09T12:56:44+00:00","dateModified":"2026-05-01T13:17:43+00:00","description":"Guitarra el\u00e9ctrica solida, cuerpo de fresno de pantano, tapa plana, hardware niquelado, construcci\u00f3n bolt-on, uni\u00f3n: crema, una capa, puente: Vintage Ashtray con Staggered Brass Saddles, maquinaria Grover vintage, brazo C de maple, diapas\u00f3n de palo de rosa de 12\u201d pulgadas (305 mm) de radio, 22 trastes X-Jumbo, incrustaciones de puntos de madreperla, escala: 25.5\u201d (648 mm), espesor en el primer traste: .826\u201d (21 mm) y en el traste 12: .905\u201d (23 mm), cejuela de Graph Tech XL Ivory Tusq de 1.653\u201d (42 mm) de ancho, alma ajustable de 2 v\u00edas con tuerca Allen de 5\/32\u201d (4 mm), volumen y tono (Series-Parallel Push-Pull), selector de tres posiciones, pastilla del puente: Schecter Diamond VT-1, pastilla del brazo: Schecter Diamond V-90, perillas de metal moleteado con tornillo de fijaci\u00f3n.","breadcrumb":{"@id":"https:\/\/www.mexicanguitarplayers.com\/tienda\/sin categor\u00eda\/guitarra-schecter-elect-pt-special\/#breadcrumb"},"inLanguage":"en-US","potentialAction":[{"@type":"ReadAction","target":["https:\/\/www.mexicanguitarplayers.com\/tienda\/sin categor\u00eda\/guitarra-schecter-elect-pt-special\/"]}]},{"@type":"ImageObject","inLanguage":"en-US","@id":"https:\/\/www.mexicanguitarplayers.com\/tienda\/sin categor\u00eda\/guitarra-schecter-elect-pt-special\/#primaryimage","url":"https:\/\/www.mexicanguitarplayers.com\/wp-content\/uploads\/2025\/04\/ISSCCPTSPECIAL.jpg","contentUrl":"https:\/\/www.mexicanguitarplayers.com\/wp-content\/uploads\/2025\/04\/ISSCCPTSPECIAL.jpg","width":800,"height":1600},{"@type":"BreadcrumbList","@id":"https:\/\/www.mexicanguitarplayers.com\/tienda\/sin categor\u00eda\/guitarra-schecter-elect-pt-special\/#breadcrumb","itemListElement":[{"@type":"ListItem","position":1,"name":"Portada","item":"https:\/\/www.mexicanguitarplayers.com\/"},{"@type":"ListItem","position":2,"name":"Tienda","item":"https:\/\/www.mexicanguitarplayers.com\/tienda\/"},{"@type":"ListItem","position":3,"name":"GUITARRA SCHECTER ELECT. PT SPECIAL"}]},{"@type":"WebSite","@id":"https:\/\/www.mexicanguitarplayers.com\/#website","url":"https:\/\/www.mexicanguitarplayers.com\/","name":"Mexican Guitar Players","description":"Website","publisher":{"@id":"https:\/\/www.mexicanguitarplayers.com\/#organization"},"potentialAction":[{"@type":"SearchAction","target":{"@type":"EntryPoint","urlTemplate":"https:\/\/www.mexicanguitarplayers.com\/?s={search_term_string}"},"query-input":{"@type":"PropertyValueSpecification","valueRequired":true,"valueName":"search_term_string"}}],"inLanguage":"en-US"},{"@type":"Organization","@id":"https:\/\/www.mexicanguitarplayers.com\/#organization","name":"Mexican Guitar Players","url":"https:\/\/www.mexicanguitarplayers.com\/","logo":{"@type":"ImageObject","inLanguage":"en-US","@id":"https:\/\/www.mexicanguitarplayers.com\/#\/schema\/logo\/image\/","url":"","contentUrl":"","caption":"Mexican Guitar Players"},"image":{"@id":"https:\/\/www.mexicanguitarplayers.com\/#\/schema\/logo\/image\/"}}]}},"brands":[{"id":175,"name":"SCHECTER","slug":"schecter"}],"_links":{"self":[{"href":"https:\/\/www.mexicanguitarplayers.com\/en\/wp-json\/wp\/v2\/product\/40110","targetHints":{"allow":["GET"]}}],"collection":[{"href":"https:\/\/www.mexicanguitarplayers.com\/en\/wp-json\/wp\/v2\/product"}],"about":[{"href":"https:\/\/www.mexicanguitarplayers.com\/en\/wp-json\/wp\/v2\/types\/product"}],"replies":[{"embeddable":true,"href":"https:\/\/www.mexicanguitarplayers.com\/en\/wp-json\/wp\/v2\/comments?post=40110"}],"wp:featuredmedia":[{"embeddable":true,"href":"https:\/\/www.mexicanguitarplayers.com\/en\/wp-json\/wp\/v2\/media\/40083"}],"wp:attachment":[{"href":"https:\/\/www.mexicanguitarplayers.com\/en\/wp-json\/wp\/v2\/media?parent=40110"}],"wp:term":[{"taxonomy":"pwb-brand","embeddable":true,"href":"https:\/\/www.mexicanguitarplayers.com\/en\/wp-json\/wp\/v2\/pwb-brand?post=40110"},{"taxonomy":"product_brand","embeddable":true,"href":"https:\/\/www.mexicanguitarplayers.com\/en\/wp-json\/wp\/v2\/product_brand?post=40110"},{"taxonomy":"product_cat","embeddable":true,"href":"https:\/\/www.mexicanguitarplayers.com\/en\/wp-json\/wp\/v2\/product_cat?post=40110"},{"taxonomy":"product_tag","embeddable":true,"href":"https:\/\/www.mexicanguitarplayers.com\/en\/wp-json\/wp\/v2\/product_tag?post=40110"}],"curies":[{"name":"wp","href":"https:\/\/api.w.org\/{rel}","templated":true}]}}