{"id":40121,"date":"2025-04-09T06:56:59","date_gmt":"2025-04-09T12:56:59","guid":{"rendered":"https:\/\/www.mexicanguitarplayers.com\/tienda\/sin categor\u00eda\/audifonos-sennheiser-mod-hd200-pro\/"},"modified":"2026-03-10T22:14:59","modified_gmt":"2026-03-11T04:14:59","slug":"audifonos-sennheiser-mod-hd200-pro","status":"publish","type":"product","link":"https:\/\/www.mexicanguitarplayers.com\/en\/tienda\/audio\/audifonos\/audifono-alambrico\/audifono-para-estudio\/audifonos-sennheiser-mod-hd200-pro\/","title":{"rendered":"AUDIFONOS SENNHEISER MOD. HD200 PRO"},"content":{"rendered":"<div style=\"text-align: justify\">\n<div>\n<h3>Conc\u00e9ntrate en tu arte.<\/h3>\n<\/div>\n<div>Trae el sonido de estudio a casa. Como creador, m\u00fasico o responsable del sonido en vivo, necesitas centrarte en tu trabajo. Los HD 200 PRO son mucho m\u00e1s que unos aud\u00edfonos. Est\u00e1n dise\u00f1ados como una herramienta de monitoreo profundo para tu m\u00fasica. Ofrecen un sonido detallado y potente al mismo tiempo que evitan que el ruido ambiental te distraiga, ya sea en casa, estudio o en el escenario. Excelente y potente reproducci\u00f3n de sonido. No olvidar\u00e1s la primera vez que pruebes los HD 200 PRO. Recrean el sonido en una resoluci\u00f3n extremadamente alta, ofrecen cada detalle y cada peso que cambiaste. Si necesitas validar tu trabajo, tu mezcla, tus acordes, esta es tu herramienta. Est\u00e1s consiguiendo nivel profesional, poder de monitoreo por encima del presupuesto con una din\u00e1mica excepcional. Funcionan con tu computadora port\u00e1til, tu mezcladora o tu piano el\u00e9ctrico y mejoran tu espacio de trabajo ac\u00fastico. Y por supuesto, son geniales para obtener algo de inspiraci\u00f3n de tu m\u00fasica favorita. Ajuste y comodidad superiores para sesiones largas. Puedes usarlos por un largo tiempo, durante horas y noches. Los HD 200 PRO no se convertir\u00e1n en una carga porque los dise\u00f1amos con m\u00e1s de 70 a\u00f1os de experiencia. As\u00ed que bajamos la tensi\u00f3n de la banda y elegimos materiales con contacto directo cuidadosamente. El resultado: Las almohadillas se sientes ligeras como una pluma y encierran perfectamente cada oreja, que incluso podr\u00edas olvidar que los est\u00e1s usando. Reducci\u00f3n del ruido ambiental para todas las tareas de monitoreo en el estudio, en vivo o en casa. Hablando de la comodidad y los aud\u00edfonos, como una herramientas de monitoreo, los HD 200 PRO te proteger\u00e1n de cualquier ruido que pueda distraerte. La reducci\u00f3n del ruido ambiental ayuda a crear un espacio limpio para tu m\u00fasica.<\/div>\n<div>\n<h4>Characteristics<\/h4>\n<\/div>\n<div>\n<ul style=\"margin: 0px 0px 0px 25px\">\n<li style=\"list-style-type: circle;margin: 5px\">Aud\u00edfonos de estudio para monitoreo de alta resoluci\u00f3n.<\/li>\n<li style=\"list-style-type: circle;margin: 5px\">Acoplamiento circumaural.<\/li>\n<li style=\"list-style-type: circle;margin: 5px\">Sonido potente y detallado.<\/li>\n<li style=\"list-style-type: circle;margin: 5px\">Reducci\u00f3n de ruido ambiental.<\/li>\n<li style=\"list-style-type: circle;margin: 5px\">Impedancia: 32 ohms.<\/li>\n<li style=\"list-style-type: circle;margin: 5px\">Respuesta de frecuencia: 20 &#8211; 20,000 Hz.<\/li>\n<li style=\"list-style-type: circle;margin: 5px\">SPL m\u00e1ximo: 108 dB.<\/li>\n<li style=\"list-style-type: circle;margin: 5px\">Conector plug macho recto de 3.5 mm.<\/li>\n<li style=\"list-style-type: circle;margin: 5px\">Cable de 2 metros.<\/li>\n<li style=\"list-style-type: circle;margin: 5px\">Capacidad de carga: 500 mW.<\/li>\n<li style=\"list-style-type: circle;margin: 5px\">Principio ac\u00fastico: din\u00e1mico, cerrado.<\/li>\n<li style=\"list-style-type: circle;margin: 5px\">Distorsi\u00f3n arm\u00f3nica: &lt;0.1%.<\/li>\n<li style=\"list-style-type: circle;margin: 5px\">Peso: 797 g.<\/li>\n<li style=\"list-style-type: circle;margin: 5px\">Peso sin cable: 184 g.<\/li>\n<\/ul>\n<\/div>\n<\/div>","protected":false},"excerpt":{"rendered":"<p>Aud\u00edfonos de estudio para monitoreo de alta resoluci\u00f3n, acoplamiento circumaural, sonido potente y detallado, reducci\u00f3n de ruido, impedancia: 32 ohms, respuesta de frecuencia: 20 &#8211; 20,000 Hz, SPL m\u00e1ximo: 108 dB, conector plug macho recto de 3.5 mm, cable de 2 metros, capacidad de carga: 500 mW, principio ac\u00fastico: din\u00e1mico, cerrado, distorsi\u00f3n arm\u00f3nica: &lt;0.1%, peso: 797 g, peso sin cable: 184 g.&hellip; <a class=\"kt-excerpt-readmore more-link\" href=\"https:\/\/www.mexicanguitarplayers.com\/en\/tienda\/audio\/audifonos\/audifono-alambrico\/audifono-para-estudio\/audifonos-sennheiser-mod-hd200-pro\/\">Read more<\/a><\/p>","protected":false},"featured_media":40120,"comment_status":"open","ping_status":"closed","template":"","meta":{"kt_blocks_editor_width":""},"pwb-brand":[176],"product_brand":[],"product_cat":[506,507,505,213],"product_tag":[],"class_list":{"0":"post-40121","1":"product","2":"type-product","3":"status-publish","4":"has-post-thumbnail","6":"pwb-brand-sennheiser","7":"product_cat-audifono-alambrico","8":"product_cat-audifono-para-estudio","9":"product_cat-audifonos","10":"product_cat-audio","11":"product_shipping_class-0-5-kg","13":"first","14":"outofstock","15":"taxable","16":"shipping-taxable","17":"purchasable","18":"product-type-simple"},"yoast_head":"<!-- This site is optimized with the Yoast SEO plugin v27.3 - https:\/\/yoast.com\/product\/yoast-seo-wordpress\/ -->\n<title>AUDIFONOS SENNHEISER MOD. HD200 PRO - Mexican Guitar Players<\/title>\n<meta name=\"description\" content=\"Aud\u00edfonos de estudio para monitoreo de alta resoluci\u00f3n, acoplamiento circumaural, sonido potente y detallado, reducci\u00f3n de ruido, impedancia: 32 ohms, respuesta de frecuencia: 20 - 20,000 Hz, SPL m\u00e1ximo: 108 dB, conector plug macho recto de 3.5 mm, cable de 2 metros, capacidad de carga: 500 mW, principio ac\u00fastico: din\u00e1mico, cerrado, distorsi\u00f3n arm\u00f3nica: &lt;0.1%, peso: 797 g, peso sin cable: 184 g.\" \/>\n<meta name=\"robots\" content=\"index, follow, max-snippet:-1, max-image-preview:large, max-video-preview:-1\" \/>\n<link rel=\"canonical\" href=\"https:\/\/www.mexicanguitarplayers.com\/en\/tienda\/sin%20categor\u00eda\/audifonos-sennheiser-mod-hd200-pro\/\" \/>\n<meta property=\"og:locale\" content=\"en_US\" \/>\n<meta property=\"og:type\" content=\"article\" \/>\n<meta property=\"og:title\" content=\"AUDIFONOS SENNHEISER MOD. HD200 PRO - Mexican Guitar Players\" \/>\n<meta property=\"og:description\" content=\"Aud\u00edfonos de estudio para monitoreo de alta resoluci\u00f3n, acoplamiento circumaural, sonido potente y detallado, reducci\u00f3n de ruido, impedancia: 32 ohms, respuesta de frecuencia: 20 - 20,000 Hz, SPL m\u00e1ximo: 108 dB, conector plug macho recto de 3.5 mm, cable de 2 metros, capacidad de carga: 500 mW, principio ac\u00fastico: din\u00e1mico, cerrado, distorsi\u00f3n arm\u00f3nica: &lt;0.1%, peso: 797 g, peso sin cable: 184 g.\" \/>\n<meta property=\"og:url\" content=\"https:\/\/www.mexicanguitarplayers.com\/en\/tienda\/sin categor\u00eda\/audifonos-sennheiser-mod-hd200-pro\/\" \/>\n<meta property=\"og:site_name\" content=\"Mexican Guitar Players\" \/>\n<meta property=\"article:modified_time\" content=\"2026-03-11T04:14:59+00:00\" \/>\n<meta name=\"twitter:card\" content=\"summary_large_image\" \/>\n<meta name=\"twitter:label1\" content=\"Est. reading time\" \/>\n\t<meta name=\"twitter:data1\" content=\"2 minutes\" \/>\n<script type=\"application\/ld+json\" class=\"yoast-schema-graph\">{\"@context\":\"https:\\\/\\\/schema.org\",\"@graph\":[{\"@type\":[\"WebPage\",\"ItemPage\"],\"@id\":\"https:\\\/\\\/www.mexicanguitarplayers.com\\\/tienda\\\/sin categor\u00eda\\\/audifonos-sennheiser-mod-hd200-pro\\\/\",\"url\":\"https:\\\/\\\/www.mexicanguitarplayers.com\\\/tienda\\\/sin categor\u00eda\\\/audifonos-sennheiser-mod-hd200-pro\\\/\",\"name\":\"AUDIFONOS SENNHEISER MOD. HD200 PRO - Mexican Guitar Players\",\"isPartOf\":{\"@id\":\"https:\\\/\\\/www.mexicanguitarplayers.com\\\/#website\"},\"primaryImageOfPage\":{\"@id\":\"https:\\\/\\\/www.mexicanguitarplayers.com\\\/tienda\\\/sin categor\u00eda\\\/audifonos-sennheiser-mod-hd200-pro\\\/#primaryimage\"},\"image\":{\"@id\":\"https:\\\/\\\/www.mexicanguitarplayers.com\\\/tienda\\\/sin categor\u00eda\\\/audifonos-sennheiser-mod-hd200-pro\\\/#primaryimage\"},\"thumbnailUrl\":\"https:\\\/\\\/www.mexicanguitarplayers.com\\\/wp-content\\\/uploads\\\/2025\\\/04\\\/VASENHD200PRO.jpg\",\"datePublished\":\"2025-04-09T12:56:59+00:00\",\"dateModified\":\"2026-03-11T04:14:59+00:00\",\"description\":\"Aud\u00edfonos de estudio para monitoreo de alta resoluci\u00f3n, acoplamiento circumaural, sonido potente y detallado, reducci\u00f3n de ruido, impedancia: 32 ohms, respuesta de frecuencia: 20 - 20,000 Hz, SPL m\u00e1ximo: 108 dB, conector plug macho recto de 3.5 mm, cable de 2 metros, capacidad de carga: 500 mW, principio ac\u00fastico: din\u00e1mico, cerrado, distorsi\u00f3n arm\u00f3nica: &lt;0.1%, peso: 797 g, peso sin cable: 184 g.\",\"breadcrumb\":{\"@id\":\"https:\\\/\\\/www.mexicanguitarplayers.com\\\/tienda\\\/sin categor\u00eda\\\/audifonos-sennheiser-mod-hd200-pro\\\/#breadcrumb\"},\"inLanguage\":\"en-US\",\"potentialAction\":[{\"@type\":\"ReadAction\",\"target\":[\"https:\\\/\\\/www.mexicanguitarplayers.com\\\/tienda\\\/sin categor\u00eda\\\/audifonos-sennheiser-mod-hd200-pro\\\/\"]}]},{\"@type\":\"ImageObject\",\"inLanguage\":\"en-US\",\"@id\":\"https:\\\/\\\/www.mexicanguitarplayers.com\\\/tienda\\\/sin categor\u00eda\\\/audifonos-sennheiser-mod-hd200-pro\\\/#primaryimage\",\"url\":\"https:\\\/\\\/www.mexicanguitarplayers.com\\\/wp-content\\\/uploads\\\/2025\\\/04\\\/VASENHD200PRO.jpg\",\"contentUrl\":\"https:\\\/\\\/www.mexicanguitarplayers.com\\\/wp-content\\\/uploads\\\/2025\\\/04\\\/VASENHD200PRO.jpg\",\"width\":1200,\"height\":1200},{\"@type\":\"BreadcrumbList\",\"@id\":\"https:\\\/\\\/www.mexicanguitarplayers.com\\\/tienda\\\/sin categor\u00eda\\\/audifonos-sennheiser-mod-hd200-pro\\\/#breadcrumb\",\"itemListElement\":[{\"@type\":\"ListItem\",\"position\":1,\"name\":\"Portada\",\"item\":\"https:\\\/\\\/www.mexicanguitarplayers.com\\\/\"},{\"@type\":\"ListItem\",\"position\":2,\"name\":\"Tienda\",\"item\":\"https:\\\/\\\/www.mexicanguitarplayers.com\\\/tienda\\\/\"},{\"@type\":\"ListItem\",\"position\":3,\"name\":\"AUDIFONOS SENNHEISER MOD. HD200 PRO\"}]},{\"@type\":\"WebSite\",\"@id\":\"https:\\\/\\\/www.mexicanguitarplayers.com\\\/#website\",\"url\":\"https:\\\/\\\/www.mexicanguitarplayers.com\\\/\",\"name\":\"Mexican Guitar Players\",\"description\":\"Website\",\"publisher\":{\"@id\":\"https:\\\/\\\/www.mexicanguitarplayers.com\\\/#organization\"},\"potentialAction\":[{\"@type\":\"SearchAction\",\"target\":{\"@type\":\"EntryPoint\",\"urlTemplate\":\"https:\\\/\\\/www.mexicanguitarplayers.com\\\/?s={search_term_string}\"},\"query-input\":{\"@type\":\"PropertyValueSpecification\",\"valueRequired\":true,\"valueName\":\"search_term_string\"}}],\"inLanguage\":\"en-US\"},{\"@type\":\"Organization\",\"@id\":\"https:\\\/\\\/www.mexicanguitarplayers.com\\\/#organization\",\"name\":\"Mexican Guitar Players\",\"url\":\"https:\\\/\\\/www.mexicanguitarplayers.com\\\/\",\"logo\":{\"@type\":\"ImageObject\",\"inLanguage\":\"en-US\",\"@id\":\"https:\\\/\\\/www.mexicanguitarplayers.com\\\/#\\\/schema\\\/logo\\\/image\\\/\",\"url\":\"\",\"contentUrl\":\"\",\"caption\":\"Mexican Guitar Players\"},\"image\":{\"@id\":\"https:\\\/\\\/www.mexicanguitarplayers.com\\\/#\\\/schema\\\/logo\\\/image\\\/\"}}]}<\/script>\n<!-- \/ Yoast SEO plugin. -->","yoast_head_json":{"title":"AUDIFONOS SENNHEISER MOD. HD200 PRO - Mexican Guitar Players","description":"Aud\u00edfonos de estudio para monitoreo de alta resoluci\u00f3n, acoplamiento circumaural, sonido potente y detallado, reducci\u00f3n de ruido, impedancia: 32 ohms, respuesta de frecuencia: 20 - 20,000 Hz, SPL m\u00e1ximo: 108 dB, conector plug macho recto de 3.5 mm, cable de 2 metros, capacidad de carga: 500 mW, principio ac\u00fastico: din\u00e1mico, cerrado, distorsi\u00f3n arm\u00f3nica: &lt;0.1%, peso: 797 g, peso sin cable: 184 g.","robots":{"index":"index","follow":"follow","max-snippet":"max-snippet:-1","max-image-preview":"max-image-preview:large","max-video-preview":"max-video-preview:-1"},"canonical":"https:\/\/www.mexicanguitarplayers.com\/en\/tienda\/sin categor\u00eda\/audifonos-sennheiser-mod-hd200-pro\/","og_locale":"en_US","og_type":"article","og_title":"AUDIFONOS SENNHEISER MOD. HD200 PRO - Mexican Guitar Players","og_description":"Aud\u00edfonos de estudio para monitoreo de alta resoluci\u00f3n, acoplamiento circumaural, sonido potente y detallado, reducci\u00f3n de ruido, impedancia: 32 ohms, respuesta de frecuencia: 20 - 20,000 Hz, SPL m\u00e1ximo: 108 dB, conector plug macho recto de 3.5 mm, cable de 2 metros, capacidad de carga: 500 mW, principio ac\u00fastico: din\u00e1mico, cerrado, distorsi\u00f3n arm\u00f3nica: &lt;0.1%, peso: 797 g, peso sin cable: 184 g.","og_url":"https:\/\/www.mexicanguitarplayers.com\/en\/tienda\/sin categor\u00eda\/audifonos-sennheiser-mod-hd200-pro\/","og_site_name":"Mexican Guitar Players","article_modified_time":"2026-03-11T04:14:59+00:00","twitter_card":"summary_large_image","twitter_misc":{"Est. reading time":"2 minutes"},"schema":{"@context":"https:\/\/schema.org","@graph":[{"@type":["WebPage","ItemPage"],"@id":"https:\/\/www.mexicanguitarplayers.com\/tienda\/sin categor\u00eda\/audifonos-sennheiser-mod-hd200-pro\/","url":"https:\/\/www.mexicanguitarplayers.com\/tienda\/sin categor\u00eda\/audifonos-sennheiser-mod-hd200-pro\/","name":"AUDIFONOS SENNHEISER MOD. HD200 PRO - Mexican Guitar Players","isPartOf":{"@id":"https:\/\/www.mexicanguitarplayers.com\/#website"},"primaryImageOfPage":{"@id":"https:\/\/www.mexicanguitarplayers.com\/tienda\/sin categor\u00eda\/audifonos-sennheiser-mod-hd200-pro\/#primaryimage"},"image":{"@id":"https:\/\/www.mexicanguitarplayers.com\/tienda\/sin categor\u00eda\/audifonos-sennheiser-mod-hd200-pro\/#primaryimage"},"thumbnailUrl":"https:\/\/www.mexicanguitarplayers.com\/wp-content\/uploads\/2025\/04\/VASENHD200PRO.jpg","datePublished":"2025-04-09T12:56:59+00:00","dateModified":"2026-03-11T04:14:59+00:00","description":"Aud\u00edfonos de estudio para monitoreo de alta resoluci\u00f3n, acoplamiento circumaural, sonido potente y detallado, reducci\u00f3n de ruido, impedancia: 32 ohms, respuesta de frecuencia: 20 - 20,000 Hz, SPL m\u00e1ximo: 108 dB, conector plug macho recto de 3.5 mm, cable de 2 metros, capacidad de carga: 500 mW, principio ac\u00fastico: din\u00e1mico, cerrado, distorsi\u00f3n arm\u00f3nica: &lt;0.1%, peso: 797 g, peso sin cable: 184 g.","breadcrumb":{"@id":"https:\/\/www.mexicanguitarplayers.com\/tienda\/sin categor\u00eda\/audifonos-sennheiser-mod-hd200-pro\/#breadcrumb"},"inLanguage":"en-US","potentialAction":[{"@type":"ReadAction","target":["https:\/\/www.mexicanguitarplayers.com\/tienda\/sin categor\u00eda\/audifonos-sennheiser-mod-hd200-pro\/"]}]},{"@type":"ImageObject","inLanguage":"en-US","@id":"https:\/\/www.mexicanguitarplayers.com\/tienda\/sin categor\u00eda\/audifonos-sennheiser-mod-hd200-pro\/#primaryimage","url":"https:\/\/www.mexicanguitarplayers.com\/wp-content\/uploads\/2025\/04\/VASENHD200PRO.jpg","contentUrl":"https:\/\/www.mexicanguitarplayers.com\/wp-content\/uploads\/2025\/04\/VASENHD200PRO.jpg","width":1200,"height":1200},{"@type":"BreadcrumbList","@id":"https:\/\/www.mexicanguitarplayers.com\/tienda\/sin categor\u00eda\/audifonos-sennheiser-mod-hd200-pro\/#breadcrumb","itemListElement":[{"@type":"ListItem","position":1,"name":"Portada","item":"https:\/\/www.mexicanguitarplayers.com\/"},{"@type":"ListItem","position":2,"name":"Tienda","item":"https:\/\/www.mexicanguitarplayers.com\/tienda\/"},{"@type":"ListItem","position":3,"name":"AUDIFONOS SENNHEISER MOD. HD200 PRO"}]},{"@type":"WebSite","@id":"https:\/\/www.mexicanguitarplayers.com\/#website","url":"https:\/\/www.mexicanguitarplayers.com\/","name":"Mexican Guitar Players","description":"Website","publisher":{"@id":"https:\/\/www.mexicanguitarplayers.com\/#organization"},"potentialAction":[{"@type":"SearchAction","target":{"@type":"EntryPoint","urlTemplate":"https:\/\/www.mexicanguitarplayers.com\/?s={search_term_string}"},"query-input":{"@type":"PropertyValueSpecification","valueRequired":true,"valueName":"search_term_string"}}],"inLanguage":"en-US"},{"@type":"Organization","@id":"https:\/\/www.mexicanguitarplayers.com\/#organization","name":"Mexican Guitar Players","url":"https:\/\/www.mexicanguitarplayers.com\/","logo":{"@type":"ImageObject","inLanguage":"en-US","@id":"https:\/\/www.mexicanguitarplayers.com\/#\/schema\/logo\/image\/","url":"","contentUrl":"","caption":"Mexican Guitar Players"},"image":{"@id":"https:\/\/www.mexicanguitarplayers.com\/#\/schema\/logo\/image\/"}}]}},"brands":[{"id":176,"name":"SENNHEISER","slug":"sennheiser"}],"_links":{"self":[{"href":"https:\/\/www.mexicanguitarplayers.com\/en\/wp-json\/wp\/v2\/product\/40121","targetHints":{"allow":["GET"]}}],"collection":[{"href":"https:\/\/www.mexicanguitarplayers.com\/en\/wp-json\/wp\/v2\/product"}],"about":[{"href":"https:\/\/www.mexicanguitarplayers.com\/en\/wp-json\/wp\/v2\/types\/product"}],"replies":[{"embeddable":true,"href":"https:\/\/www.mexicanguitarplayers.com\/en\/wp-json\/wp\/v2\/comments?post=40121"}],"wp:featuredmedia":[{"embeddable":true,"href":"https:\/\/www.mexicanguitarplayers.com\/en\/wp-json\/wp\/v2\/media\/40120"}],"wp:attachment":[{"href":"https:\/\/www.mexicanguitarplayers.com\/en\/wp-json\/wp\/v2\/media?parent=40121"}],"wp:term":[{"taxonomy":"pwb-brand","embeddable":true,"href":"https:\/\/www.mexicanguitarplayers.com\/en\/wp-json\/wp\/v2\/pwb-brand?post=40121"},{"taxonomy":"product_brand","embeddable":true,"href":"https:\/\/www.mexicanguitarplayers.com\/en\/wp-json\/wp\/v2\/product_brand?post=40121"},{"taxonomy":"product_cat","embeddable":true,"href":"https:\/\/www.mexicanguitarplayers.com\/en\/wp-json\/wp\/v2\/product_cat?post=40121"},{"taxonomy":"product_tag","embeddable":true,"href":"https:\/\/www.mexicanguitarplayers.com\/en\/wp-json\/wp\/v2\/product_tag?post=40121"}],"curies":[{"name":"wp","href":"https:\/\/api.w.org\/{rel}","templated":true}]}}