{"id":40150,"date":"2025-04-09T06:58:17","date_gmt":"2025-04-09T12:58:17","guid":{"rendered":"https:\/\/www.mexicanguitarplayers.com\/tienda\/sin categor\u00eda\/guitarra-schecter-nick-johnston-signature-pt\/"},"modified":"2026-05-01T07:17:42","modified_gmt":"2026-05-01T13:17:42","slug":"guitarra-schecter-nick-johnston-signature-pt","status":"publish","type":"product","link":"https:\/\/www.mexicanguitarplayers.com\/en\/tienda\/cuerdas\/guitarras-cuerdas\/electricas\/guitarras-electricas-solidas\/guitarra-schecter-nick-johnston-signature-pt\/","title":{"rendered":"GUITARRA SCHECTER NICK JOHNSTON SIGNATURE PT"},"content":{"rendered":"<div style=\"text-align: justify\">\n<div>\n<h3>Swagger estilo T hecho a medida para Nick Johnston.<\/h3>\n<\/div>\n<div>Las maderas tonales de alta calidad, la electr\u00f3nica ajustada y un alma decididamente vintage solidifican la guitarra el\u00e9ctrica Nick Johnston Signature PT de Schecter como un caballo de batalla fant\u00e1stico para los rockeros cl\u00e1sicos que exigen una versatilidad que supera la interpretaci\u00f3n virtuosa de su hom\u00f3nimo. Su cuerpo de aliso y brazo de maple se sentir\u00e1n familiares para los m\u00fasicos de estilo T en todas partes, brindando los medios gruesos y los graves prominentes que ayudaron a disparar la popularidad de esta madera tonal a lo largo de los a\u00f1os. Su brazo de maple duro tostado vintage en forma de C est\u00e1 cubierto con \u00e9bano sedoso para tocar sin esfuerzo de la cabeza a los talones. A los m\u00fasicos les encantan especialmente las pastillas PT dise\u00f1adas por Schecter con una bobina simple en el puente para u8n toque agradable y un humbucker en el brazo para tonos gruesos y con cuerpo con total claridad. Los afinadores de bloqueo de 6 cuerdas y el puente Diamond PT-S hacen que los cambios de cuerda sean muy sencillos y mantienen todo perfectamente afinado, un factor crucial cuando se necesita un instrumento confiable cuando se est\u00e1 en la gira.<\/div>\n<div>\n<h4>Quick look<\/h4>\n<\/div>\n<ul style=\"margin: 0px 0px 0px 25px\">\n<li style=\"list-style-type: circle;margin: 5px\">Kind.<\/li>\n<li style=\"list-style-type: circle;margin: 5px\">Cuerpo.<\/li>\n<li style=\"list-style-type: circle;margin: 5px\">Bridge.<\/li>\n<li style=\"list-style-type: circle;margin: 5px\">Construcci\u00f3n.<\/li>\n<li style=\"list-style-type: circle;margin: 5px\">Hardware.<\/li>\n<li style=\"list-style-type: circle;margin: 5px\">Arm.<\/li>\n<li style=\"list-style-type: circle;margin: 5px\">Forma del brazo.<\/li>\n<li style=\"list-style-type: circle;margin: 5px\">Diapason.<\/li>\n<li style=\"list-style-type: circle;margin: 5px\">Radio del diapas\u00f3n.<\/li>\n<li style=\"list-style-type: circle;margin: 5px\">Scale.<\/li>\n<li style=\"list-style-type: circle;margin: 5px\">Scale.<\/li>\n<li style=\"list-style-type: circle;margin: 5px\">Espesor.<\/li>\n<li style=\"list-style-type: circle;margin: 5px\">Frets<\/li>\n<li style=\"list-style-type: circle;margin: 5px\">Nut.<\/li>\n<li style=\"list-style-type: circle;margin: 5px\">Ancho de la cejuela.<\/li>\n<li style=\"list-style-type: circle;margin: 5px\">Soul.<\/li>\n<li style=\"list-style-type: circle;margin: 5px\">Controls<\/li>\n<li style=\"list-style-type: circle;margin: 5px\">Selector.<\/li>\n<li style=\"list-style-type: circle;margin: 5px\">Pastillas.<\/li>\n<li style=\"list-style-type: circle;margin: 5px\">Accesorios.<\/li>\n<\/ul>\n<div>\n<div style=\"font-weight: bold\">Kind.<\/div>\n<div>\n<p>Solid electric guitar.<\/p>\n<\/div>\n<div style=\"font-weight: bold\">Cuerpo.<\/div>\n<div>\n<p>Aliso.<\/p>\n<\/div>\n<div style=\"font-weight: bold\">Bridge.<\/div>\n<div>\n<p>Diamond PT-S.<\/p>\n<\/div>\n<div style=\"font-weight: bold\">Construcci\u00f3n.<\/div>\n<div>\n<p>Bolt-on.<\/p>\n<\/div>\n<div style=\"font-weight: bold\">Hardware.<\/div>\n<div>\n<p>Cromado.<\/p>\n<\/div>\n<div style=\"font-weight: bold\">Arm.<\/div>\n<div>\n<p>M Maple tostado.<\/p>\n<\/div>\n<div style=\"font-weight: bold\">Forma del brazo.<\/div>\n<div>\n<p>C vintage.<\/p>\n<\/div>\n<div style=\"font-weight: bold\">Diapason.<\/div>\n<div>\n<p>Maple tostado.<\/p>\n<\/div>\n<div style=\"font-weight: bold\">Radio del diapas\u00f3n.<\/div>\n<div>\n<p>14 &quot;(355mm).<\/p>\n<\/div>\n<div style=\"font-weight: bold\">Scale.<\/div>\n<div>\n<p>C\u00edrculos de lat\u00f3n.<\/p>\n<\/div>\n<div style=\"font-weight: bold\">Scale.<\/div>\n<div>\n<p>25.5 &quot;(648 mm).<\/p>\n<\/div>\n<div style=\"font-weight: bold\">Espesor.<\/div>\n<div>\n<p>At the 1st fret: .787 \u201d(20mm) and at the 12th fret: .866\u201d (22mm).<\/p>\n<\/div>\n<div style=\"font-weight: bold\">Frets<\/div>\n<div>\n<p>22 trastes jumbo.<\/p>\n<\/div>\n<div style=\"font-weight: bold\">Nut.<\/div>\n<div>\n<p>Graph Tech XL Black Tusq.<\/p>\n<\/div>\n<div style=\"font-weight: bold\">Ancho de la cejuela.<\/div>\n<div>\n<p>1,653 \u201d(42mm).<\/p>\n<\/div>\n<div style=\"font-weight: bold\">Soul.<\/div>\n<div>\n<p>Alma ajustable de 2 v\u00edas con rueda de radios de acceso al tal\u00f3n.<\/p>\n<\/div>\n<div style=\"font-weight: bold\">Controls<\/div>\n<div>\n<p>1 volumen y 1 tono.<\/p>\n<\/div>\n<div style=\"font-weight: bold\">Selector.<\/div>\n<div>\n<p>3 positions.<\/p>\n<\/div>\n<div style=\"font-weight: bold\">Pastillas.<\/div>\n<div>\n<p>Puente: Schecter Diamond Nick Johnston Single Coil. Brazo: Schecter Diamond &#8217;78.<\/p>\n<\/div>\n<div style=\"font-weight: bold\">Accesorios.<\/div>\n<div>\n<p>Knurled metal knobs with set screw.<\/p>\n<\/div>\n<\/div>\n<\/div>","protected":false},"excerpt":{"rendered":"<p>Guitarra el\u00e9ctrica s\u00f3lida, cuerpo de aliso estilo PT, hardware cromado, construcci\u00f3n bolt-on, puente Diamond PT-S, brazo C vintage de maple tostado, diapas\u00f3n de maple tostado de 14\u201d (355 mm) de radio, incrustaciones de c\u00edrculos de lat\u00f3n, escala: 25.5\u201d (648 mm), espesor en el primer traste: .787\u201d (20 mm) y en el traste 12: .866\u201d (22 mm), 22 trastes Jumbo, cejuela de Graph Tech XL Black Tusq de 1.643\u201d (42 mm) de ancho, alma ajustable de 2 v\u00edas con rueda de radios de acceso al tal\u00f3n, controles: volumen y tono, selector de 3 posiciones, pastilla del puente: Schecter Diamond Nick Johnston Single Coil, pastilla del brazo: Schecter Diamond &#8217;78, perillas de metal moleteado con tornillo de fijaci\u00f3n.&hellip; <a class=\"kt-excerpt-readmore more-link\" href=\"https:\/\/www.mexicanguitarplayers.com\/en\/tienda\/cuerdas\/guitarras-cuerdas\/electricas\/guitarras-electricas-solidas\/guitarra-schecter-nick-johnston-signature-pt\/\">Read more<\/a><\/p>","protected":false},"featured_media":40122,"comment_status":"open","ping_status":"closed","template":"","meta":{"kt_blocks_editor_width":""},"pwb-brand":[175],"product_brand":[],"product_cat":[224,313,312,314],"product_tag":[],"class_list":{"0":"post-40150","1":"product","2":"type-product","3":"status-publish","4":"has-post-thumbnail","6":"pwb-brand-schecter","7":"product_cat-cuerdas","8":"product_cat-electricas","9":"product_cat-guitarras-cuerdas","10":"product_cat-guitarras-electricas-solidas","11":"product_shipping_class-0-5-kg","13":"first","14":"instock","15":"taxable","16":"shipping-taxable","17":"purchasable","18":"product-type-simple"},"yoast_head":"<!-- This site is optimized with the Yoast SEO plugin v27.5 - https:\/\/yoast.com\/product\/yoast-seo-wordpress\/ -->\n<title>GUITARRA SCHECTER NICK JOHNSTON SIGNATURE PT - Mexican Guitar Players<\/title>\n<meta name=\"description\" content=\"Guitarra el\u00e9ctrica s\u00f3lida, cuerpo de aliso estilo PT, hardware cromado, construcci\u00f3n bolt-on, puente Diamond PT-S, brazo C vintage de maple tostado, diapas\u00f3n de maple tostado de 14\u201d (355 mm) de radio, incrustaciones de c\u00edrculos de lat\u00f3n, escala: 25.5\u201d (648 mm), espesor en el primer traste: .787\u201d (20 mm) y en el traste 12: .866\u201d (22 mm), 22 trastes Jumbo, cejuela de Graph Tech XL Black Tusq de 1.643\u201d (42 mm) de ancho, alma ajustable de 2 v\u00edas con rueda de radios de acceso al tal\u00f3n, controles: volumen y tono, selector de 3 posiciones, pastilla del puente: Schecter Diamond Nick Johnston Single Coil, pastilla del brazo: Schecter Diamond &#039;78, perillas de metal moleteado con tornillo de fijaci\u00f3n.\" \/>\n<meta name=\"robots\" content=\"index, follow, max-snippet:-1, max-image-preview:large, max-video-preview:-1\" \/>\n<link rel=\"canonical\" href=\"https:\/\/www.mexicanguitarplayers.com\/en\/tienda\/sin%20categor\u00eda\/guitarra-schecter-nick-johnston-signature-pt\/\" \/>\n<meta property=\"og:locale\" content=\"en_US\" \/>\n<meta property=\"og:type\" content=\"article\" \/>\n<meta property=\"og:title\" content=\"GUITARRA SCHECTER NICK JOHNSTON SIGNATURE PT - Mexican Guitar Players\" \/>\n<meta property=\"og:description\" content=\"Guitarra el\u00e9ctrica s\u00f3lida, cuerpo de aliso estilo PT, hardware cromado, construcci\u00f3n bolt-on, puente Diamond PT-S, brazo C vintage de maple tostado, diapas\u00f3n de maple tostado de 14\u201d (355 mm) de radio, incrustaciones de c\u00edrculos de lat\u00f3n, escala: 25.5\u201d (648 mm), espesor en el primer traste: .787\u201d (20 mm) y en el traste 12: .866\u201d (22 mm), 22 trastes Jumbo, cejuela de Graph Tech XL Black Tusq de 1.643\u201d (42 mm) de ancho, alma ajustable de 2 v\u00edas con rueda de radios de acceso al tal\u00f3n, controles: volumen y tono, selector de 3 posiciones, pastilla del puente: Schecter Diamond Nick Johnston Single Coil, pastilla del brazo: Schecter Diamond &#039;78, perillas de metal moleteado con tornillo de fijaci\u00f3n.\" \/>\n<meta property=\"og:url\" content=\"https:\/\/www.mexicanguitarplayers.com\/en\/tienda\/sin categor\u00eda\/guitarra-schecter-nick-johnston-signature-pt\/\" \/>\n<meta property=\"og:site_name\" content=\"Mexican Guitar Players\" \/>\n<meta property=\"article:modified_time\" content=\"2026-05-01T13:17:42+00:00\" \/>\n<meta name=\"twitter:card\" content=\"summary_large_image\" \/>\n<meta name=\"twitter:label1\" content=\"Est. reading time\" \/>\n\t<meta name=\"twitter:data1\" content=\"2 minutes\" \/>\n<script type=\"application\/ld+json\" class=\"yoast-schema-graph\">{\"@context\":\"https:\\\/\\\/schema.org\",\"@graph\":[{\"@type\":[\"WebPage\",\"ItemPage\"],\"@id\":\"https:\\\/\\\/www.mexicanguitarplayers.com\\\/tienda\\\/sin categor\u00eda\\\/guitarra-schecter-nick-johnston-signature-pt\\\/\",\"url\":\"https:\\\/\\\/www.mexicanguitarplayers.com\\\/tienda\\\/sin categor\u00eda\\\/guitarra-schecter-nick-johnston-signature-pt\\\/\",\"name\":\"GUITARRA SCHECTER NICK JOHNSTON SIGNATURE PT - Mexican Guitar Players\",\"isPartOf\":{\"@id\":\"https:\\\/\\\/www.mexicanguitarplayers.com\\\/#website\"},\"primaryImageOfPage\":{\"@id\":\"https:\\\/\\\/www.mexicanguitarplayers.com\\\/tienda\\\/sin categor\u00eda\\\/guitarra-schecter-nick-johnston-signature-pt\\\/#primaryimage\"},\"image\":{\"@id\":\"https:\\\/\\\/www.mexicanguitarplayers.com\\\/tienda\\\/sin categor\u00eda\\\/guitarra-schecter-nick-johnston-signature-pt\\\/#primaryimage\"},\"thumbnailUrl\":\"https:\\\/\\\/www.mexicanguitarplayers.com\\\/wp-content\\\/uploads\\\/2025\\\/04\\\/ISSCCNICKJOSPT.jpg\",\"datePublished\":\"2025-04-09T12:58:17+00:00\",\"dateModified\":\"2026-05-01T13:17:42+00:00\",\"description\":\"Guitarra el\u00e9ctrica s\u00f3lida, cuerpo de aliso estilo PT, hardware cromado, construcci\u00f3n bolt-on, puente Diamond PT-S, brazo C vintage de maple tostado, diapas\u00f3n de maple tostado de 14\u201d (355 mm) de radio, incrustaciones de c\u00edrculos de lat\u00f3n, escala: 25.5\u201d (648 mm), espesor en el primer traste: .787\u201d (20 mm) y en el traste 12: .866\u201d (22 mm), 22 trastes Jumbo, cejuela de Graph Tech XL Black Tusq de 1.643\u201d (42 mm) de ancho, alma ajustable de 2 v\u00edas con rueda de radios de acceso al tal\u00f3n, controles: volumen y tono, selector de 3 posiciones, pastilla del puente: Schecter Diamond Nick Johnston Single Coil, pastilla del brazo: Schecter Diamond '78, perillas de metal moleteado con tornillo de fijaci\u00f3n.\",\"breadcrumb\":{\"@id\":\"https:\\\/\\\/www.mexicanguitarplayers.com\\\/tienda\\\/sin categor\u00eda\\\/guitarra-schecter-nick-johnston-signature-pt\\\/#breadcrumb\"},\"inLanguage\":\"en-US\",\"potentialAction\":[{\"@type\":\"ReadAction\",\"target\":[\"https:\\\/\\\/www.mexicanguitarplayers.com\\\/tienda\\\/sin categor\u00eda\\\/guitarra-schecter-nick-johnston-signature-pt\\\/\"]}]},{\"@type\":\"ImageObject\",\"inLanguage\":\"en-US\",\"@id\":\"https:\\\/\\\/www.mexicanguitarplayers.com\\\/tienda\\\/sin categor\u00eda\\\/guitarra-schecter-nick-johnston-signature-pt\\\/#primaryimage\",\"url\":\"https:\\\/\\\/www.mexicanguitarplayers.com\\\/wp-content\\\/uploads\\\/2025\\\/04\\\/ISSCCNICKJOSPT.jpg\",\"contentUrl\":\"https:\\\/\\\/www.mexicanguitarplayers.com\\\/wp-content\\\/uploads\\\/2025\\\/04\\\/ISSCCNICKJOSPT.jpg\",\"width\":800,\"height\":1600},{\"@type\":\"BreadcrumbList\",\"@id\":\"https:\\\/\\\/www.mexicanguitarplayers.com\\\/tienda\\\/sin categor\u00eda\\\/guitarra-schecter-nick-johnston-signature-pt\\\/#breadcrumb\",\"itemListElement\":[{\"@type\":\"ListItem\",\"position\":1,\"name\":\"Portada\",\"item\":\"https:\\\/\\\/www.mexicanguitarplayers.com\\\/\"},{\"@type\":\"ListItem\",\"position\":2,\"name\":\"Tienda\",\"item\":\"https:\\\/\\\/www.mexicanguitarplayers.com\\\/tienda\\\/\"},{\"@type\":\"ListItem\",\"position\":3,\"name\":\"GUITARRA SCHECTER NICK JOHNSTON SIGNATURE PT\"}]},{\"@type\":\"WebSite\",\"@id\":\"https:\\\/\\\/www.mexicanguitarplayers.com\\\/#website\",\"url\":\"https:\\\/\\\/www.mexicanguitarplayers.com\\\/\",\"name\":\"Mexican Guitar Players\",\"description\":\"Website\",\"publisher\":{\"@id\":\"https:\\\/\\\/www.mexicanguitarplayers.com\\\/#organization\"},\"potentialAction\":[{\"@type\":\"SearchAction\",\"target\":{\"@type\":\"EntryPoint\",\"urlTemplate\":\"https:\\\/\\\/www.mexicanguitarplayers.com\\\/?s={search_term_string}\"},\"query-input\":{\"@type\":\"PropertyValueSpecification\",\"valueRequired\":true,\"valueName\":\"search_term_string\"}}],\"inLanguage\":\"en-US\"},{\"@type\":\"Organization\",\"@id\":\"https:\\\/\\\/www.mexicanguitarplayers.com\\\/#organization\",\"name\":\"Mexican Guitar Players\",\"url\":\"https:\\\/\\\/www.mexicanguitarplayers.com\\\/\",\"logo\":{\"@type\":\"ImageObject\",\"inLanguage\":\"en-US\",\"@id\":\"https:\\\/\\\/www.mexicanguitarplayers.com\\\/#\\\/schema\\\/logo\\\/image\\\/\",\"url\":\"\",\"contentUrl\":\"\",\"caption\":\"Mexican Guitar Players\"},\"image\":{\"@id\":\"https:\\\/\\\/www.mexicanguitarplayers.com\\\/#\\\/schema\\\/logo\\\/image\\\/\"}}]}<\/script>\n<!-- \/ Yoast SEO plugin. -->","yoast_head_json":{"title":"GUITARRA SCHECTER NICK JOHNSTON SIGNATURE PT - Mexican Guitar Players","description":"Guitarra el\u00e9ctrica s\u00f3lida, cuerpo de aliso estilo PT, hardware cromado, construcci\u00f3n bolt-on, puente Diamond PT-S, brazo C vintage de maple tostado, diapas\u00f3n de maple tostado de 14\u201d (355 mm) de radio, incrustaciones de c\u00edrculos de lat\u00f3n, escala: 25.5\u201d (648 mm), espesor en el primer traste: .787\u201d (20 mm) y en el traste 12: .866\u201d (22 mm), 22 trastes Jumbo, cejuela de Graph Tech XL Black Tusq de 1.643\u201d (42 mm) de ancho, alma ajustable de 2 v\u00edas con rueda de radios de acceso al tal\u00f3n, controles: volumen y tono, selector de 3 posiciones, pastilla del puente: Schecter Diamond Nick Johnston Single Coil, pastilla del brazo: Schecter Diamond '78, perillas de metal moleteado con tornillo de fijaci\u00f3n.","robots":{"index":"index","follow":"follow","max-snippet":"max-snippet:-1","max-image-preview":"max-image-preview:large","max-video-preview":"max-video-preview:-1"},"canonical":"https:\/\/www.mexicanguitarplayers.com\/en\/tienda\/sin categor\u00eda\/guitarra-schecter-nick-johnston-signature-pt\/","og_locale":"en_US","og_type":"article","og_title":"GUITARRA SCHECTER NICK JOHNSTON SIGNATURE PT - Mexican Guitar Players","og_description":"Guitarra el\u00e9ctrica s\u00f3lida, cuerpo de aliso estilo PT, hardware cromado, construcci\u00f3n bolt-on, puente Diamond PT-S, brazo C vintage de maple tostado, diapas\u00f3n de maple tostado de 14\u201d (355 mm) de radio, incrustaciones de c\u00edrculos de lat\u00f3n, escala: 25.5\u201d (648 mm), espesor en el primer traste: .787\u201d (20 mm) y en el traste 12: .866\u201d (22 mm), 22 trastes Jumbo, cejuela de Graph Tech XL Black Tusq de 1.643\u201d (42 mm) de ancho, alma ajustable de 2 v\u00edas con rueda de radios de acceso al tal\u00f3n, controles: volumen y tono, selector de 3 posiciones, pastilla del puente: Schecter Diamond Nick Johnston Single Coil, pastilla del brazo: Schecter Diamond '78, perillas de metal moleteado con tornillo de fijaci\u00f3n.","og_url":"https:\/\/www.mexicanguitarplayers.com\/en\/tienda\/sin categor\u00eda\/guitarra-schecter-nick-johnston-signature-pt\/","og_site_name":"Mexican Guitar Players","article_modified_time":"2026-05-01T13:17:42+00:00","twitter_card":"summary_large_image","twitter_misc":{"Est. reading time":"2 minutes"},"schema":{"@context":"https:\/\/schema.org","@graph":[{"@type":["WebPage","ItemPage"],"@id":"https:\/\/www.mexicanguitarplayers.com\/tienda\/sin categor\u00eda\/guitarra-schecter-nick-johnston-signature-pt\/","url":"https:\/\/www.mexicanguitarplayers.com\/tienda\/sin categor\u00eda\/guitarra-schecter-nick-johnston-signature-pt\/","name":"GUITARRA SCHECTER NICK JOHNSTON SIGNATURE PT - Mexican Guitar Players","isPartOf":{"@id":"https:\/\/www.mexicanguitarplayers.com\/#website"},"primaryImageOfPage":{"@id":"https:\/\/www.mexicanguitarplayers.com\/tienda\/sin categor\u00eda\/guitarra-schecter-nick-johnston-signature-pt\/#primaryimage"},"image":{"@id":"https:\/\/www.mexicanguitarplayers.com\/tienda\/sin categor\u00eda\/guitarra-schecter-nick-johnston-signature-pt\/#primaryimage"},"thumbnailUrl":"https:\/\/www.mexicanguitarplayers.com\/wp-content\/uploads\/2025\/04\/ISSCCNICKJOSPT.jpg","datePublished":"2025-04-09T12:58:17+00:00","dateModified":"2026-05-01T13:17:42+00:00","description":"Guitarra el\u00e9ctrica s\u00f3lida, cuerpo de aliso estilo PT, hardware cromado, construcci\u00f3n bolt-on, puente Diamond PT-S, brazo C vintage de maple tostado, diapas\u00f3n de maple tostado de 14\u201d (355 mm) de radio, incrustaciones de c\u00edrculos de lat\u00f3n, escala: 25.5\u201d (648 mm), espesor en el primer traste: .787\u201d (20 mm) y en el traste 12: .866\u201d (22 mm), 22 trastes Jumbo, cejuela de Graph Tech XL Black Tusq de 1.643\u201d (42 mm) de ancho, alma ajustable de 2 v\u00edas con rueda de radios de acceso al tal\u00f3n, controles: volumen y tono, selector de 3 posiciones, pastilla del puente: Schecter Diamond Nick Johnston Single Coil, pastilla del brazo: Schecter Diamond '78, perillas de metal moleteado con tornillo de fijaci\u00f3n.","breadcrumb":{"@id":"https:\/\/www.mexicanguitarplayers.com\/tienda\/sin categor\u00eda\/guitarra-schecter-nick-johnston-signature-pt\/#breadcrumb"},"inLanguage":"en-US","potentialAction":[{"@type":"ReadAction","target":["https:\/\/www.mexicanguitarplayers.com\/tienda\/sin categor\u00eda\/guitarra-schecter-nick-johnston-signature-pt\/"]}]},{"@type":"ImageObject","inLanguage":"en-US","@id":"https:\/\/www.mexicanguitarplayers.com\/tienda\/sin categor\u00eda\/guitarra-schecter-nick-johnston-signature-pt\/#primaryimage","url":"https:\/\/www.mexicanguitarplayers.com\/wp-content\/uploads\/2025\/04\/ISSCCNICKJOSPT.jpg","contentUrl":"https:\/\/www.mexicanguitarplayers.com\/wp-content\/uploads\/2025\/04\/ISSCCNICKJOSPT.jpg","width":800,"height":1600},{"@type":"BreadcrumbList","@id":"https:\/\/www.mexicanguitarplayers.com\/tienda\/sin categor\u00eda\/guitarra-schecter-nick-johnston-signature-pt\/#breadcrumb","itemListElement":[{"@type":"ListItem","position":1,"name":"Portada","item":"https:\/\/www.mexicanguitarplayers.com\/"},{"@type":"ListItem","position":2,"name":"Tienda","item":"https:\/\/www.mexicanguitarplayers.com\/tienda\/"},{"@type":"ListItem","position":3,"name":"GUITARRA SCHECTER NICK JOHNSTON SIGNATURE PT"}]},{"@type":"WebSite","@id":"https:\/\/www.mexicanguitarplayers.com\/#website","url":"https:\/\/www.mexicanguitarplayers.com\/","name":"Mexican Guitar Players","description":"Website","publisher":{"@id":"https:\/\/www.mexicanguitarplayers.com\/#organization"},"potentialAction":[{"@type":"SearchAction","target":{"@type":"EntryPoint","urlTemplate":"https:\/\/www.mexicanguitarplayers.com\/?s={search_term_string}"},"query-input":{"@type":"PropertyValueSpecification","valueRequired":true,"valueName":"search_term_string"}}],"inLanguage":"en-US"},{"@type":"Organization","@id":"https:\/\/www.mexicanguitarplayers.com\/#organization","name":"Mexican Guitar Players","url":"https:\/\/www.mexicanguitarplayers.com\/","logo":{"@type":"ImageObject","inLanguage":"en-US","@id":"https:\/\/www.mexicanguitarplayers.com\/#\/schema\/logo\/image\/","url":"","contentUrl":"","caption":"Mexican Guitar Players"},"image":{"@id":"https:\/\/www.mexicanguitarplayers.com\/#\/schema\/logo\/image\/"}}]}},"brands":[{"id":175,"name":"SCHECTER","slug":"schecter"}],"_links":{"self":[{"href":"https:\/\/www.mexicanguitarplayers.com\/en\/wp-json\/wp\/v2\/product\/40150","targetHints":{"allow":["GET"]}}],"collection":[{"href":"https:\/\/www.mexicanguitarplayers.com\/en\/wp-json\/wp\/v2\/product"}],"about":[{"href":"https:\/\/www.mexicanguitarplayers.com\/en\/wp-json\/wp\/v2\/types\/product"}],"replies":[{"embeddable":true,"href":"https:\/\/www.mexicanguitarplayers.com\/en\/wp-json\/wp\/v2\/comments?post=40150"}],"wp:featuredmedia":[{"embeddable":true,"href":"https:\/\/www.mexicanguitarplayers.com\/en\/wp-json\/wp\/v2\/media\/40122"}],"wp:attachment":[{"href":"https:\/\/www.mexicanguitarplayers.com\/en\/wp-json\/wp\/v2\/media?parent=40150"}],"wp:term":[{"taxonomy":"pwb-brand","embeddable":true,"href":"https:\/\/www.mexicanguitarplayers.com\/en\/wp-json\/wp\/v2\/pwb-brand?post=40150"},{"taxonomy":"product_brand","embeddable":true,"href":"https:\/\/www.mexicanguitarplayers.com\/en\/wp-json\/wp\/v2\/product_brand?post=40150"},{"taxonomy":"product_cat","embeddable":true,"href":"https:\/\/www.mexicanguitarplayers.com\/en\/wp-json\/wp\/v2\/product_cat?post=40150"},{"taxonomy":"product_tag","embeddable":true,"href":"https:\/\/www.mexicanguitarplayers.com\/en\/wp-json\/wp\/v2\/product_tag?post=40150"}],"curies":[{"name":"wp","href":"https:\/\/api.w.org\/{rel}","templated":true}]}}