{"id":40155,"date":"2025-04-09T06:58:24","date_gmt":"2025-04-09T12:58:24","guid":{"rendered":"https:\/\/www.mexicanguitarplayers.com\/tienda\/sin categor\u00eda\/cable-proel-p-instrumento-dhg100lu3\/"},"modified":"2026-04-25T04:15:06","modified_gmt":"2026-04-25T10:15:06","slug":"cable-proel-p-instrumento-dhg100lu3","status":"publish","type":"product","link":"https:\/\/www.mexicanguitarplayers.com\/en\/tienda\/audio\/cables\/cables-armados\/cables-para-instrumento\/cable-proel-p-instrumento-dhg100lu3\/","title":{"rendered":"CABLE PROEL P\/INSTRUMENTO DHG100LU3"},"content":{"rendered":"<div style=\"text-align: justify\">\n<div>\n<h3>Confiabilidad total.<\/h3>\n<\/div>\n<div>La serie Die Hard Gold siempre ha estado en la cima del mercado por sus caracter\u00edsticas t\u00e9cnicas, fiabilidad y durabilidad. El constante control de calidad, la elecci\u00f3n de los materiales y los m\u00e9todos de producci\u00f3n son las caracter\u00edsticas clave que distinguen la serie y que la han llevado a obtener rendimientos muy altos.<\/div>\n<div>\n<h4>Quick look<\/h4>\n<\/div>\n<ul style=\"margin: 0px 0px 0px 25px\">\n<li style=\"list-style-type: circle;margin: 5px\">Campos de aplicaci\u00f3n.<\/li>\n<li style=\"list-style-type: circle;margin: 5px\">Longitud.<\/li>\n<li style=\"list-style-type: circle;margin: 5px\">Connectors.<\/li>\n<li style=\"list-style-type: circle;margin: 5px\">Color.<\/li>\n<li style=\"list-style-type: circle;margin: 5px\">Primer blindaje.<\/li>\n<li style=\"list-style-type: circle;margin: 5px\">Segundo blindaje.<\/li>\n<\/ul>\n<div>\n<div style=\"font-weight: bold\">Campos de aplicaci\u00f3n.<\/div>\n<div>\n<p>Cable de conexi\u00f3n de instrumento.<\/p>\n<\/div>\n<div style=\"font-weight: bold\">Longitud.<\/div>\n<div>\n<p>3 m.<\/p>\n<\/div>\n<div style=\"font-weight: bold\">Connectors.<\/div>\n<div>\n<p>1 jack mono de 1\/4&#8243; por lado.<\/p>\n<\/div>\n<div style=\"font-weight: bold\">Color.<\/div>\n<div>\n<p>Black.<\/p>\n<\/div>\n<div style=\"font-weight: bold\">Primer blindaje.<\/div>\n<div>\n<p>PVC de alta conductividad DH.<\/p>\n<\/div>\n<div style=\"font-weight: bold\">Segundo blindaje.<\/div>\n<div>\n<p>Cable denso de cobre trenzado<\/p>\n<\/div>\n<\/div>\n<\/div>","protected":false},"excerpt":{"rendered":"<p>Cable para instrumento profesional con conectores sobremoldeados de Diehard Gold, longitud: 3 metros, conectores jack mono de 6.3 mm, cubierta de PVC de alta flexibilidad de 6.5 mm, primer blindaje de PVC de alta conductividad DH, segundo blindaje de cable denso de cobre trenzado.&hellip; <a class=\"kt-excerpt-readmore more-link\" href=\"https:\/\/www.mexicanguitarplayers.com\/en\/tienda\/audio\/cables\/cables-armados\/cables-para-instrumento\/cable-proel-p-instrumento-dhg100lu3\/\">Read more<\/a><\/p>","protected":false},"featured_media":40151,"comment_status":"open","ping_status":"closed","template":"","meta":{"kt_blocks_editor_width":""},"pwb-brand":[252],"product_brand":[],"product_cat":[213,358,359,360],"product_tag":[],"class_list":{"0":"post-40155","1":"product","2":"type-product","3":"status-publish","4":"has-post-thumbnail","6":"pwb-brand-proel","7":"product_cat-audio","8":"product_cat-cables","9":"product_cat-cables-armados","10":"product_cat-cables-para-instrumento","11":"product_shipping_class-0-5-kg","13":"first","14":"instock","15":"taxable","16":"shipping-taxable","17":"purchasable","18":"product-type-simple"},"yoast_head":"<!-- This site is optimized with the Yoast SEO plugin v27.5 - https:\/\/yoast.com\/product\/yoast-seo-wordpress\/ -->\n<title>CABLE PROEL P\/INSTRUMENTO DHG100LU3 - Mexican Guitar Players<\/title>\n<meta name=\"description\" content=\"Cable para instrumento profesional con conectores sobremoldeados de Diehard Gold, longitud: 3 metros, conectores jack mono de 6.3 mm, cubierta de PVC de alta flexibilidad de 6.5 mm, primer blindaje de PVC de alta conductividad DH, segundo blindaje de cable denso de cobre trenzado.\" \/>\n<meta name=\"robots\" content=\"index, follow, max-snippet:-1, max-image-preview:large, max-video-preview:-1\" \/>\n<link rel=\"canonical\" href=\"https:\/\/www.mexicanguitarplayers.com\/en\/tienda\/sin%20categor\u00eda\/cable-proel-p-instrumento-dhg100lu3\/\" \/>\n<meta property=\"og:locale\" content=\"en_US\" \/>\n<meta property=\"og:type\" content=\"article\" \/>\n<meta property=\"og:title\" content=\"CABLE PROEL P\/INSTRUMENTO DHG100LU3 - Mexican Guitar Players\" \/>\n<meta property=\"og:description\" content=\"Cable para instrumento profesional con conectores sobremoldeados de Diehard Gold, longitud: 3 metros, conectores jack mono de 6.3 mm, cubierta de PVC de alta flexibilidad de 6.5 mm, primer blindaje de PVC de alta conductividad DH, segundo blindaje de cable denso de cobre trenzado.\" \/>\n<meta property=\"og:url\" content=\"https:\/\/www.mexicanguitarplayers.com\/en\/tienda\/sin categor\u00eda\/cable-proel-p-instrumento-dhg100lu3\/\" \/>\n<meta property=\"og:site_name\" content=\"Mexican Guitar Players\" \/>\n<meta property=\"article:modified_time\" content=\"2026-04-25T10:15:06+00:00\" \/>\n<meta name=\"twitter:card\" content=\"summary_large_image\" \/>\n<meta name=\"twitter:label1\" content=\"Est. reading time\" \/>\n\t<meta name=\"twitter:data1\" content=\"1 minute\" \/>\n<script type=\"application\/ld+json\" class=\"yoast-schema-graph\">{\"@context\":\"https:\\\/\\\/schema.org\",\"@graph\":[{\"@type\":[\"WebPage\",\"ItemPage\"],\"@id\":\"https:\\\/\\\/www.mexicanguitarplayers.com\\\/tienda\\\/sin categor\u00eda\\\/cable-proel-p-instrumento-dhg100lu3\\\/\",\"url\":\"https:\\\/\\\/www.mexicanguitarplayers.com\\\/tienda\\\/sin categor\u00eda\\\/cable-proel-p-instrumento-dhg100lu3\\\/\",\"name\":\"CABLE PROEL P\\\/INSTRUMENTO DHG100LU3 - Mexican Guitar Players\",\"isPartOf\":{\"@id\":\"https:\\\/\\\/www.mexicanguitarplayers.com\\\/#website\"},\"primaryImageOfPage\":{\"@id\":\"https:\\\/\\\/www.mexicanguitarplayers.com\\\/tienda\\\/sin categor\u00eda\\\/cable-proel-p-instrumento-dhg100lu3\\\/#primaryimage\"},\"image\":{\"@id\":\"https:\\\/\\\/www.mexicanguitarplayers.com\\\/tienda\\\/sin categor\u00eda\\\/cable-proel-p-instrumento-dhg100lu3\\\/#primaryimage\"},\"thumbnailUrl\":\"https:\\\/\\\/www.mexicanguitarplayers.com\\\/wp-content\\\/uploads\\\/2025\\\/04\\\/RAPREDHG100L3.jpg\",\"datePublished\":\"2025-04-09T12:58:24+00:00\",\"dateModified\":\"2026-04-25T10:15:06+00:00\",\"description\":\"Cable para instrumento profesional con conectores sobremoldeados de Diehard Gold, longitud: 3 metros, conectores jack mono de 6.3 mm, cubierta de PVC de alta flexibilidad de 6.5 mm, primer blindaje de PVC de alta conductividad DH, segundo blindaje de cable denso de cobre trenzado.\",\"breadcrumb\":{\"@id\":\"https:\\\/\\\/www.mexicanguitarplayers.com\\\/tienda\\\/sin categor\u00eda\\\/cable-proel-p-instrumento-dhg100lu3\\\/#breadcrumb\"},\"inLanguage\":\"en-US\",\"potentialAction\":[{\"@type\":\"ReadAction\",\"target\":[\"https:\\\/\\\/www.mexicanguitarplayers.com\\\/tienda\\\/sin categor\u00eda\\\/cable-proel-p-instrumento-dhg100lu3\\\/\"]}]},{\"@type\":\"ImageObject\",\"inLanguage\":\"en-US\",\"@id\":\"https:\\\/\\\/www.mexicanguitarplayers.com\\\/tienda\\\/sin categor\u00eda\\\/cable-proel-p-instrumento-dhg100lu3\\\/#primaryimage\",\"url\":\"https:\\\/\\\/www.mexicanguitarplayers.com\\\/wp-content\\\/uploads\\\/2025\\\/04\\\/RAPREDHG100L3.jpg\",\"contentUrl\":\"https:\\\/\\\/www.mexicanguitarplayers.com\\\/wp-content\\\/uploads\\\/2025\\\/04\\\/RAPREDHG100L3.jpg\",\"width\":1200,\"height\":1200},{\"@type\":\"BreadcrumbList\",\"@id\":\"https:\\\/\\\/www.mexicanguitarplayers.com\\\/tienda\\\/sin categor\u00eda\\\/cable-proel-p-instrumento-dhg100lu3\\\/#breadcrumb\",\"itemListElement\":[{\"@type\":\"ListItem\",\"position\":1,\"name\":\"Portada\",\"item\":\"https:\\\/\\\/www.mexicanguitarplayers.com\\\/\"},{\"@type\":\"ListItem\",\"position\":2,\"name\":\"Tienda\",\"item\":\"https:\\\/\\\/www.mexicanguitarplayers.com\\\/tienda\\\/\"},{\"@type\":\"ListItem\",\"position\":3,\"name\":\"CABLE PROEL P\\\/INSTRUMENTO DHG100LU3\"}]},{\"@type\":\"WebSite\",\"@id\":\"https:\\\/\\\/www.mexicanguitarplayers.com\\\/#website\",\"url\":\"https:\\\/\\\/www.mexicanguitarplayers.com\\\/\",\"name\":\"Mexican Guitar Players\",\"description\":\"Website\",\"publisher\":{\"@id\":\"https:\\\/\\\/www.mexicanguitarplayers.com\\\/#organization\"},\"potentialAction\":[{\"@type\":\"SearchAction\",\"target\":{\"@type\":\"EntryPoint\",\"urlTemplate\":\"https:\\\/\\\/www.mexicanguitarplayers.com\\\/?s={search_term_string}\"},\"query-input\":{\"@type\":\"PropertyValueSpecification\",\"valueRequired\":true,\"valueName\":\"search_term_string\"}}],\"inLanguage\":\"en-US\"},{\"@type\":\"Organization\",\"@id\":\"https:\\\/\\\/www.mexicanguitarplayers.com\\\/#organization\",\"name\":\"Mexican Guitar Players\",\"url\":\"https:\\\/\\\/www.mexicanguitarplayers.com\\\/\",\"logo\":{\"@type\":\"ImageObject\",\"inLanguage\":\"en-US\",\"@id\":\"https:\\\/\\\/www.mexicanguitarplayers.com\\\/#\\\/schema\\\/logo\\\/image\\\/\",\"url\":\"\",\"contentUrl\":\"\",\"caption\":\"Mexican Guitar Players\"},\"image\":{\"@id\":\"https:\\\/\\\/www.mexicanguitarplayers.com\\\/#\\\/schema\\\/logo\\\/image\\\/\"}}]}<\/script>\n<!-- \/ Yoast SEO plugin. -->","yoast_head_json":{"title":"CABLE PROEL P\/INSTRUMENTO DHG100LU3 - Mexican Guitar Players","description":"Cable para instrumento profesional con conectores sobremoldeados de Diehard Gold, longitud: 3 metros, conectores jack mono de 6.3 mm, cubierta de PVC de alta flexibilidad de 6.5 mm, primer blindaje de PVC de alta conductividad DH, segundo blindaje de cable denso de cobre trenzado.","robots":{"index":"index","follow":"follow","max-snippet":"max-snippet:-1","max-image-preview":"max-image-preview:large","max-video-preview":"max-video-preview:-1"},"canonical":"https:\/\/www.mexicanguitarplayers.com\/en\/tienda\/sin categor\u00eda\/cable-proel-p-instrumento-dhg100lu3\/","og_locale":"en_US","og_type":"article","og_title":"CABLE PROEL P\/INSTRUMENTO DHG100LU3 - Mexican Guitar Players","og_description":"Cable para instrumento profesional con conectores sobremoldeados de Diehard Gold, longitud: 3 metros, conectores jack mono de 6.3 mm, cubierta de PVC de alta flexibilidad de 6.5 mm, primer blindaje de PVC de alta conductividad DH, segundo blindaje de cable denso de cobre trenzado.","og_url":"https:\/\/www.mexicanguitarplayers.com\/en\/tienda\/sin categor\u00eda\/cable-proel-p-instrumento-dhg100lu3\/","og_site_name":"Mexican Guitar Players","article_modified_time":"2026-04-25T10:15:06+00:00","twitter_card":"summary_large_image","twitter_misc":{"Est. reading time":"1 minute"},"schema":{"@context":"https:\/\/schema.org","@graph":[{"@type":["WebPage","ItemPage"],"@id":"https:\/\/www.mexicanguitarplayers.com\/tienda\/sin categor\u00eda\/cable-proel-p-instrumento-dhg100lu3\/","url":"https:\/\/www.mexicanguitarplayers.com\/tienda\/sin categor\u00eda\/cable-proel-p-instrumento-dhg100lu3\/","name":"CABLE PROEL P\/INSTRUMENTO DHG100LU3 - Mexican Guitar Players","isPartOf":{"@id":"https:\/\/www.mexicanguitarplayers.com\/#website"},"primaryImageOfPage":{"@id":"https:\/\/www.mexicanguitarplayers.com\/tienda\/sin categor\u00eda\/cable-proel-p-instrumento-dhg100lu3\/#primaryimage"},"image":{"@id":"https:\/\/www.mexicanguitarplayers.com\/tienda\/sin categor\u00eda\/cable-proel-p-instrumento-dhg100lu3\/#primaryimage"},"thumbnailUrl":"https:\/\/www.mexicanguitarplayers.com\/wp-content\/uploads\/2025\/04\/RAPREDHG100L3.jpg","datePublished":"2025-04-09T12:58:24+00:00","dateModified":"2026-04-25T10:15:06+00:00","description":"Cable para instrumento profesional con conectores sobremoldeados de Diehard Gold, longitud: 3 metros, conectores jack mono de 6.3 mm, cubierta de PVC de alta flexibilidad de 6.5 mm, primer blindaje de PVC de alta conductividad DH, segundo blindaje de cable denso de cobre trenzado.","breadcrumb":{"@id":"https:\/\/www.mexicanguitarplayers.com\/tienda\/sin categor\u00eda\/cable-proel-p-instrumento-dhg100lu3\/#breadcrumb"},"inLanguage":"en-US","potentialAction":[{"@type":"ReadAction","target":["https:\/\/www.mexicanguitarplayers.com\/tienda\/sin categor\u00eda\/cable-proel-p-instrumento-dhg100lu3\/"]}]},{"@type":"ImageObject","inLanguage":"en-US","@id":"https:\/\/www.mexicanguitarplayers.com\/tienda\/sin categor\u00eda\/cable-proel-p-instrumento-dhg100lu3\/#primaryimage","url":"https:\/\/www.mexicanguitarplayers.com\/wp-content\/uploads\/2025\/04\/RAPREDHG100L3.jpg","contentUrl":"https:\/\/www.mexicanguitarplayers.com\/wp-content\/uploads\/2025\/04\/RAPREDHG100L3.jpg","width":1200,"height":1200},{"@type":"BreadcrumbList","@id":"https:\/\/www.mexicanguitarplayers.com\/tienda\/sin categor\u00eda\/cable-proel-p-instrumento-dhg100lu3\/#breadcrumb","itemListElement":[{"@type":"ListItem","position":1,"name":"Portada","item":"https:\/\/www.mexicanguitarplayers.com\/"},{"@type":"ListItem","position":2,"name":"Tienda","item":"https:\/\/www.mexicanguitarplayers.com\/tienda\/"},{"@type":"ListItem","position":3,"name":"CABLE PROEL P\/INSTRUMENTO DHG100LU3"}]},{"@type":"WebSite","@id":"https:\/\/www.mexicanguitarplayers.com\/#website","url":"https:\/\/www.mexicanguitarplayers.com\/","name":"Mexican Guitar Players","description":"Website","publisher":{"@id":"https:\/\/www.mexicanguitarplayers.com\/#organization"},"potentialAction":[{"@type":"SearchAction","target":{"@type":"EntryPoint","urlTemplate":"https:\/\/www.mexicanguitarplayers.com\/?s={search_term_string}"},"query-input":{"@type":"PropertyValueSpecification","valueRequired":true,"valueName":"search_term_string"}}],"inLanguage":"en-US"},{"@type":"Organization","@id":"https:\/\/www.mexicanguitarplayers.com\/#organization","name":"Mexican Guitar Players","url":"https:\/\/www.mexicanguitarplayers.com\/","logo":{"@type":"ImageObject","inLanguage":"en-US","@id":"https:\/\/www.mexicanguitarplayers.com\/#\/schema\/logo\/image\/","url":"","contentUrl":"","caption":"Mexican Guitar Players"},"image":{"@id":"https:\/\/www.mexicanguitarplayers.com\/#\/schema\/logo\/image\/"}}]}},"brands":[{"id":252,"name":"PROEL","slug":"proel"}],"_links":{"self":[{"href":"https:\/\/www.mexicanguitarplayers.com\/en\/wp-json\/wp\/v2\/product\/40155","targetHints":{"allow":["GET"]}}],"collection":[{"href":"https:\/\/www.mexicanguitarplayers.com\/en\/wp-json\/wp\/v2\/product"}],"about":[{"href":"https:\/\/www.mexicanguitarplayers.com\/en\/wp-json\/wp\/v2\/types\/product"}],"replies":[{"embeddable":true,"href":"https:\/\/www.mexicanguitarplayers.com\/en\/wp-json\/wp\/v2\/comments?post=40155"}],"wp:featuredmedia":[{"embeddable":true,"href":"https:\/\/www.mexicanguitarplayers.com\/en\/wp-json\/wp\/v2\/media\/40151"}],"wp:attachment":[{"href":"https:\/\/www.mexicanguitarplayers.com\/en\/wp-json\/wp\/v2\/media?parent=40155"}],"wp:term":[{"taxonomy":"pwb-brand","embeddable":true,"href":"https:\/\/www.mexicanguitarplayers.com\/en\/wp-json\/wp\/v2\/pwb-brand?post=40155"},{"taxonomy":"product_brand","embeddable":true,"href":"https:\/\/www.mexicanguitarplayers.com\/en\/wp-json\/wp\/v2\/product_brand?post=40155"},{"taxonomy":"product_cat","embeddable":true,"href":"https:\/\/www.mexicanguitarplayers.com\/en\/wp-json\/wp\/v2\/product_cat?post=40155"},{"taxonomy":"product_tag","embeddable":true,"href":"https:\/\/www.mexicanguitarplayers.com\/en\/wp-json\/wp\/v2\/product_tag?post=40155"}],"curies":[{"name":"wp","href":"https:\/\/api.w.org\/{rel}","templated":true}]}}