{"id":40169,"date":"2025-04-09T06:58:41","date_gmt":"2025-04-09T12:58:41","guid":{"rendered":"https:\/\/www.mexicanguitarplayers.com\/tienda\/sin categor\u00eda\/bocina-eighteen-sound-12-12nmb1000-8\/"},"modified":"2026-01-14T04:17:12","modified_gmt":"2026-01-14T10:17:12","slug":"bocina-eighteen-sound-12-12nmb1000-8","status":"publish","type":"product","link":"https:\/\/www.mexicanguitarplayers.com\/en\/tienda\/audio\/bafles-y-bocinas\/bocinas-y-componentes\/medios\/bocina-eighteen-sound-12-12nmb1000-8\/","title":{"rendered":"BOCINA EIGHTEEN SOUND 12  12NMB1000\/8"},"content":{"rendered":"<div style=\"text-align: justify\">\n<div>\n<h3>El driver de \u00faltima generaci\u00f3n.<\/h3>\n<\/div>\n<div>12NMB1000 es un driver midbass de \u00faltima generaci\u00f3n de 12&#8243; pulgadas. Nacido del hermano cer\u00e1mico m\u00e1s vendido (12MB1000), ofrece una capacidad extrema con una sensibilidad excepcional sobre el rango de frecuencia midbass en un paquete muy liviano. Se puede usar con aplicaciones de radiaci\u00f3n directa o horn loaded as\u00ed como parte de un sistema de 2 o 3 v\u00edas. Se utiliza idealmente en sistemas de monitor de escenario, auditorio, touring y exteriores. El cono de papel curvil\u00edneo liso tiene una composici\u00f3n especial de pulpa de madera de alta resistencia dise\u00f1ada para lograr la mejor linealidad posible dentro del rango de frecuencia media y para controlar las resonancias de modo de campana alrededor del cono. El cono es transportado por una suspensi\u00f3n M-Roll que proporciona un sorprendente control de amortiguaci\u00f3n y excursi\u00f3n. La bobina m\u00f3vil de \u00faltima generaci\u00f3n emplea nuestra tecnolog\u00eda de bobina m\u00f3vil intercalada (ISV), en la que un formador de fibra de vidrio de alta resistencia transporta bobinados tanto en la superficie exterior como en la interior. Mediante una bobina equilibrada con una distribuci\u00f3n uniforma de la masa y la energ\u00eda motriz, esta tecnolog\u00eda garantiza un ensamblaje de motor extremadamente lineal. El enfriamiento de la bobina m\u00f3vil se ha logrado mediante la incorporaci\u00f3n de v\u00edas a\u00e9reas entre la placa posterior del chasis y la placa superior del im\u00e1n que permiten que el aire calentado de la bobina m\u00f3vil y el espacio se canalicen y se disipen por el chasis de la canasta. Esta tecnolog\u00eda es el resultado de un ejercicio de dise\u00f1o meticuloso utilizando una sofisticada instalaci\u00f3n CDA 3D interna. La estructura magn\u00e9tica tambi\u00e9n se ha optimizado utilizando nuestro recurso FEA CAD para maximizar la densidad de flujo en el espacio de la bobina m\u00f3vil. 18 Sound R&amp;D ha desarrollado un tratamiento de cono especial dedicado espec\u00edficamente a mejorar las propiedades de amortiguaci\u00f3n del conjunto m\u00f3vil, mejorando as\u00ed considerablemente el control de respuesta transitoria. Este tratamiento tambi\u00e9n le da al cono propiedades repelentes al agua, permitiendo que el 12NMB1000 se use en ambientes h\u00famedos sin da\u00f1os.<\/div>\n<div>\n<h4>Quick look<\/h4>\n<\/div>\n<ul style=\"margin: 0px 0px 0px 25px\">\n<li style=\"list-style-type: circle;margin: 5px\">Di\u00e1metro nominal.<\/li>\n<li style=\"list-style-type: circle;margin: 5px\">Nominal impedance.<\/li>\n<li style=\"list-style-type: circle;margin: 5px\">Impedancia m\u00ednima.<\/li>\n<li style=\"list-style-type: circle;margin: 5px\">Power.<\/li>\n<li style=\"list-style-type: circle;margin: 5px\">Sensitivity.<\/li>\n<li style=\"list-style-type: circle;margin: 5px\">Rango de frecuencia.<\/li>\n<li style=\"list-style-type: circle;margin: 5px\">Di\u00e1metro de la bobina m\u00f3vil.<\/li>\n<li style=\"list-style-type: circle;margin: 5px\">Material del bobinado.<\/li>\n<li style=\"list-style-type: circle;margin: 5px\">Frecuencia de resonancia.<\/li>\n<li style=\"list-style-type: circle;margin: 5px\">Resistencia DC.<\/li>\n<li style=\"list-style-type: circle;margin: 5px\">QES (Factor de calidad el\u00e9ctrica).<\/li>\n<li style=\"list-style-type: circle;margin: 5px\">QMS (Factor de calidad mec\u00e1nica).<\/li>\n<li style=\"list-style-type: circle;margin: 5px\">QTS (Factor de calidad total).<\/li>\n<li style=\"list-style-type: circle;margin: 5px\">VAS (Volumen de aire equivalente a CMS).<\/li>\n<li style=\"list-style-type: circle;margin: 5px\">SD (Superficie efectiva).<\/li>\n<li style=\"list-style-type: circle;margin: 5px\">XMAX (Desplazamiento m\u00e1ximo).<\/li>\n<li style=\"list-style-type: circle;margin: 5px\">Excursi\u00f3n m\u00e1xima. <\/li>\n<li style=\"list-style-type: circle;margin: 5px\">MMS (Masa total del cono).<\/li>\n<li style=\"list-style-type: circle;margin: 5px\">Factor BL <\/li>\n<li style=\"list-style-type: circle;margin: 5px\">Inductancia de la bobina m\u00f3vil (Le @ 1kHz).<\/li>\n<li style=\"list-style-type: circle;margin: 5px\">EBP (Eficiencia de ancho de banda de producto).<\/li>\n<li style=\"list-style-type: circle;margin: 5px\">Forma envolvente.<\/li>\n<li style=\"list-style-type: circle;margin: 5px\">Forma del cono.<\/li>\n<li style=\"list-style-type: circle;margin: 5px\">Material magn\u00e9tico.<\/li>\n<li style=\"list-style-type: circle;margin: 5px\">Protecci\u00f3n contra el clima.<\/li>\n<li style=\"list-style-type: circle;margin: 5px\">Gabinete recomendado.<\/li>\n<li style=\"list-style-type: circle;margin: 5px\">Ajuste recomendado.<\/li>\n<li style=\"list-style-type: circle;margin: 5px\">Di\u00e1metro total.<\/li>\n<li style=\"list-style-type: circle;margin: 5px\">Di\u00e1metro del c\u00edrculo del perno.<\/li>\n<li style=\"list-style-type: circle;margin: 5px\">Di\u00e1metro del c\u00edrculo del bafle.<\/li>\n<li style=\"list-style-type: circle;margin: 5px\">Profundidad.<\/li>\n<li style=\"list-style-type: circle;margin: 5px\">Espesor de  brida y junta.<\/li>\n<li style=\"list-style-type: circle;margin: 5px\">Weight.<\/li>\n<\/ul>\n<div>\n<div style=\"font-weight: bold\">Di\u00e1metro nominal.<\/div>\n<div>\n<p>12&#8243; pulgadas (300 mm).<\/p>\n<\/div>\n<div style=\"font-weight: bold\">Nominal impedance.<\/div>\n<div>\n<p>8 ohms.<\/p>\n<\/div>\n<div style=\"font-weight: bold\">Impedancia m\u00ednima.<\/div>\n<div>\n<p>5.7 ohms.<\/p>\n<\/div>\n<div style=\"font-weight: bold\">Power.<\/div>\n<div>\n<p>AES: 600W. Continuo: 1200W.<\/p>\n<\/div>\n<div style=\"font-weight: bold\">Sensitivity.<\/div>\n<div>\n<p>102 dB.<\/p>\n<\/div>\n<div style=\"font-weight: bold\">Rango de frecuencia.<\/div>\n<div>\n<p>60 &#8211; 3000 Hz.<\/p>\n<\/div>\n<div style=\"font-weight: bold\">Di\u00e1metro de la bobina m\u00f3vil.<\/div>\n<div>\n<p>4&#8243; pulgadas (100 mm).<\/p>\n<\/div>\n<div style=\"font-weight: bold\">Material del bobinado.<\/div>\n<div>\n<p>Cobre.<\/p>\n<\/div>\n<div style=\"font-weight: bold\">Frecuencia de resonancia.<\/div>\n<div>\n<p>54 Hz.<\/p>\n<\/div>\n<div style=\"font-weight: bold\">Resistencia DC.<\/div>\n<div>\n<p>5.5 ohms.<\/p>\n<\/div>\n<div style=\"font-weight: bold\">QES (Factor de calidad el\u00e9ctrica).<\/div>\n<div>\n<p>0.19.<\/p>\n<\/div>\n<div style=\"font-weight: bold\">QMS (Factor de calidad mec\u00e1nica).<\/div>\n<div>\n<p>8.4.<\/p>\n<\/div>\n<div style=\"font-weight: bold\">QTS (Factor de calidad total).<\/div>\n<div>\n<p>0.19.<\/p>\n<\/div>\n<div style=\"font-weight: bold\">VAS (Volumen de aire equivalente a CMS).<\/div>\n<div>\n<p>58 dm3 (2.05 ft3).<\/p>\n<\/div>\n<div style=\"font-weight: bold\">SD (Superficie efectiva).<\/div>\n<div>\n<p>531 cm2 (82.31 in2).<\/p>\n<\/div>\n<div style=\"font-weight: bold\">XMAX (Desplazamiento m\u00e1ximo).<\/div>\n<div>\n<p>3.5 mm.<\/p>\n<\/div>\n<div style=\"font-weight: bold\">Excursi\u00f3n m\u00e1xima. <\/div>\n<div>\n<p>5.9 mm.<\/p>\n<\/div>\n<div style=\"font-weight: bold\">MMS (Masa total del cono).<\/div>\n<div>\n<p>61 g.<\/p>\n<\/div>\n<div style=\"font-weight: bold\">Factor BL <\/div>\n<div>\n<p>24.4 Txm.<\/p>\n<\/div>\n<div style=\"font-weight: bold\">Inductancia de la bobina m\u00f3vil (Le @ 1kHz).<\/div>\n<div>\n<p>0.69 mH.<\/p>\n<\/div>\n<div style=\"font-weight: bold\">EBP (Eficiencia de ancho de banda de producto).<\/div>\n<div>\n<p>284 Hz.<\/p>\n<\/div>\n<div style=\"font-weight: bold\">Forma envolvente.<\/div>\n<div>\n<p>M-roll.<\/p>\n<\/div>\n<div style=\"font-weight: bold\">Forma del cono.<\/div>\n<div>\n<p>Curvil\u00ednea.<\/p>\n<\/div>\n<div style=\"font-weight: bold\">Material magn\u00e9tico.<\/div>\n<div>\n<p>Neodimio.<\/p>\n<\/div>\n<div style=\"font-weight: bold\">Protecci\u00f3n contra el clima.<\/div>\n<div>\n<p>Tratamiento de cono de woofer.<\/p>\n<\/div>\n<div style=\"font-weight: bold\">Gabinete recomendado.<\/div>\n<div>\n<p>30 dm3 (1.06 ft3).<\/p>\n<\/div>\n<div style=\"font-weight: bold\">Ajuste recomendado.<\/div>\n<div>\n<p>65 Hz.<\/p>\n<\/div>\n<div style=\"font-weight: bold\">Di\u00e1metro total.<\/div>\n<div>\n<p>315 mm (12.4\u201d pulgadas).<\/p>\n<\/div>\n<div style=\"font-weight: bold\">Di\u00e1metro del c\u00edrculo del perno.<\/div>\n<div>\n<p>298 mm (11.73\u201d pulgadas).<\/p>\n<\/div>\n<div style=\"font-weight: bold\">Di\u00e1metro del c\u00edrculo del bafle.<\/div>\n<div>\n<p>282 mm (11.1\u201d pulgadas).<\/p>\n<\/div>\n<div style=\"font-weight: bold\">Profundidad.<\/div>\n<div>\n<p>116 mm (4.59\u201d pulgadas).<\/p>\n<\/div>\n<div style=\"font-weight: bold\">Espesor de  brida y junta.<\/div>\n<div>\n<p>18 mm (0.71\u201d pulgadas).<\/p>\n<\/div>\n<div style=\"font-weight: bold\">Weight.<\/div>\n<div>\n<p>5.6 kg.<\/p>\n<\/div>\n<\/div>\n<\/div>","protected":false},"excerpt":{"rendered":"<p>Bocina de 12\u201d pulgadas, impedancia: 8 ohms, potencia AES: 600W, pico: 1200W, sensibilidad: 102 dB, rango de frecuencia: 60 &#8211; 3000 Hz, bobina m\u00f3vil: 4\u201d pulgadas (100 mm), bobinado de cobre, material magn\u00e9tico: neodimio, excelente respuesta transitoria, compresi\u00f3n de muy baja potencia, disipaci\u00f3n mejorada de calor a trav\u00e9s del dise\u00f1o \u00fanico de motor, ideal para radiaciones directas o sistemas horn loaded midbass, peso: 5.6 kg.&hellip; <a class=\"kt-excerpt-readmore more-link\" href=\"https:\/\/www.mexicanguitarplayers.com\/en\/tienda\/audio\/bafles-y-bocinas\/bocinas-y-componentes\/medios\/bocina-eighteen-sound-12-12nmb1000-8\/\">Read more<\/a><\/p>","protected":false},"featured_media":40167,"comment_status":"open","ping_status":"closed","template":"","meta":{"kt_blocks_editor_width":""},"pwb-brand":[533],"product_brand":[],"product_cat":[213,221,474,534],"product_tag":[],"class_list":{"0":"post-40169","1":"product","2":"type-product","3":"status-publish","4":"has-post-thumbnail","6":"pwb-brand-eighteen-sound","7":"product_cat-audio","8":"product_cat-bafles-y-bocinas","9":"product_cat-bocinas-y-componentes","10":"product_cat-medios","11":"product_shipping_class-5-10-kg","13":"first","14":"instock","15":"taxable","16":"shipping-taxable","17":"purchasable","18":"product-type-simple"},"yoast_head":"<!-- This site is optimized with the Yoast SEO plugin v27.3 - https:\/\/yoast.com\/product\/yoast-seo-wordpress\/ -->\n<title>BOCINA EIGHTEEN SOUND 12 12NMB1000\/8 - Mexican Guitar Players<\/title>\n<meta name=\"description\" content=\"Bocina de 12\u201d pulgadas, impedancia: 8 ohms, potencia AES: 600W, pico: 1200W, sensibilidad: 102 dB, rango de frecuencia: 60 - 3000 Hz, bobina m\u00f3vil: 4\u201d pulgadas (100 mm), bobinado de cobre, material magn\u00e9tico: neodimio, excelente respuesta transitoria, compresi\u00f3n de muy baja potencia, disipaci\u00f3n mejorada de calor a trav\u00e9s del dise\u00f1o \u00fanico de motor, ideal para radiaciones directas o sistemas horn loaded midbass, peso: 5.6 kg.\" \/>\n<meta name=\"robots\" content=\"index, follow, max-snippet:-1, max-image-preview:large, max-video-preview:-1\" \/>\n<link rel=\"canonical\" href=\"https:\/\/www.mexicanguitarplayers.com\/en\/tienda\/sin%20categor\u00eda\/bocina-eighteen-sound-12-12nmb1000-8\/\" \/>\n<meta property=\"og:locale\" content=\"en_US\" \/>\n<meta property=\"og:type\" content=\"article\" \/>\n<meta property=\"og:title\" content=\"BOCINA EIGHTEEN SOUND 12 12NMB1000\/8 - Mexican Guitar Players\" \/>\n<meta property=\"og:description\" content=\"Bocina de 12\u201d pulgadas, impedancia: 8 ohms, potencia AES: 600W, pico: 1200W, sensibilidad: 102 dB, rango de frecuencia: 60 - 3000 Hz, bobina m\u00f3vil: 4\u201d pulgadas (100 mm), bobinado de cobre, material magn\u00e9tico: neodimio, excelente respuesta transitoria, compresi\u00f3n de muy baja potencia, disipaci\u00f3n mejorada de calor a trav\u00e9s del dise\u00f1o \u00fanico de motor, ideal para radiaciones directas o sistemas horn loaded midbass, peso: 5.6 kg.\" \/>\n<meta property=\"og:url\" content=\"https:\/\/www.mexicanguitarplayers.com\/en\/tienda\/sin categor\u00eda\/bocina-eighteen-sound-12-12nmb1000-8\/\" \/>\n<meta property=\"og:site_name\" content=\"Mexican Guitar Players\" \/>\n<meta property=\"article:modified_time\" content=\"2026-01-14T10:17:12+00:00\" \/>\n<meta name=\"twitter:card\" content=\"summary_large_image\" \/>\n<meta name=\"twitter:label1\" content=\"Est. reading time\" \/>\n\t<meta name=\"twitter:data1\" content=\"3 minutes\" \/>\n<script type=\"application\/ld+json\" class=\"yoast-schema-graph\">{\"@context\":\"https:\\\/\\\/schema.org\",\"@graph\":[{\"@type\":[\"WebPage\",\"ItemPage\"],\"@id\":\"https:\\\/\\\/www.mexicanguitarplayers.com\\\/tienda\\\/sin categor\u00eda\\\/bocina-eighteen-sound-12-12nmb1000-8\\\/\",\"url\":\"https:\\\/\\\/www.mexicanguitarplayers.com\\\/tienda\\\/sin categor\u00eda\\\/bocina-eighteen-sound-12-12nmb1000-8\\\/\",\"name\":\"BOCINA EIGHTEEN SOUND 12 12NMB1000\\\/8 - Mexican Guitar Players\",\"isPartOf\":{\"@id\":\"https:\\\/\\\/www.mexicanguitarplayers.com\\\/#website\"},\"primaryImageOfPage\":{\"@id\":\"https:\\\/\\\/www.mexicanguitarplayers.com\\\/tienda\\\/sin categor\u00eda\\\/bocina-eighteen-sound-12-12nmb1000-8\\\/#primaryimage\"},\"image\":{\"@id\":\"https:\\\/\\\/www.mexicanguitarplayers.com\\\/tienda\\\/sin categor\u00eda\\\/bocina-eighteen-sound-12-12nmb1000-8\\\/#primaryimage\"},\"thumbnailUrl\":\"https:\\\/\\\/www.mexicanguitarplayers.com\\\/wp-content\\\/uploads\\\/2025\\\/04\\\/IAEIG12NMB1000.jpg\",\"datePublished\":\"2025-04-09T12:58:41+00:00\",\"dateModified\":\"2026-01-14T10:17:12+00:00\",\"description\":\"Bocina de 12\u201d pulgadas, impedancia: 8 ohms, potencia AES: 600W, pico: 1200W, sensibilidad: 102 dB, rango de frecuencia: 60 - 3000 Hz, bobina m\u00f3vil: 4\u201d pulgadas (100 mm), bobinado de cobre, material magn\u00e9tico: neodimio, excelente respuesta transitoria, compresi\u00f3n de muy baja potencia, disipaci\u00f3n mejorada de calor a trav\u00e9s del dise\u00f1o \u00fanico de motor, ideal para radiaciones directas o sistemas horn loaded midbass, peso: 5.6 kg.\",\"breadcrumb\":{\"@id\":\"https:\\\/\\\/www.mexicanguitarplayers.com\\\/tienda\\\/sin categor\u00eda\\\/bocina-eighteen-sound-12-12nmb1000-8\\\/#breadcrumb\"},\"inLanguage\":\"en-US\",\"potentialAction\":[{\"@type\":\"ReadAction\",\"target\":[\"https:\\\/\\\/www.mexicanguitarplayers.com\\\/tienda\\\/sin categor\u00eda\\\/bocina-eighteen-sound-12-12nmb1000-8\\\/\"]}]},{\"@type\":\"ImageObject\",\"inLanguage\":\"en-US\",\"@id\":\"https:\\\/\\\/www.mexicanguitarplayers.com\\\/tienda\\\/sin categor\u00eda\\\/bocina-eighteen-sound-12-12nmb1000-8\\\/#primaryimage\",\"url\":\"https:\\\/\\\/www.mexicanguitarplayers.com\\\/wp-content\\\/uploads\\\/2025\\\/04\\\/IAEIG12NMB1000.jpg\",\"contentUrl\":\"https:\\\/\\\/www.mexicanguitarplayers.com\\\/wp-content\\\/uploads\\\/2025\\\/04\\\/IAEIG12NMB1000.jpg\",\"width\":1200,\"height\":1200},{\"@type\":\"BreadcrumbList\",\"@id\":\"https:\\\/\\\/www.mexicanguitarplayers.com\\\/tienda\\\/sin categor\u00eda\\\/bocina-eighteen-sound-12-12nmb1000-8\\\/#breadcrumb\",\"itemListElement\":[{\"@type\":\"ListItem\",\"position\":1,\"name\":\"Portada\",\"item\":\"https:\\\/\\\/www.mexicanguitarplayers.com\\\/\"},{\"@type\":\"ListItem\",\"position\":2,\"name\":\"Tienda\",\"item\":\"https:\\\/\\\/www.mexicanguitarplayers.com\\\/tienda\\\/\"},{\"@type\":\"ListItem\",\"position\":3,\"name\":\"BOCINA EIGHTEEN SOUND 12 12NMB1000\\\/8\"}]},{\"@type\":\"WebSite\",\"@id\":\"https:\\\/\\\/www.mexicanguitarplayers.com\\\/#website\",\"url\":\"https:\\\/\\\/www.mexicanguitarplayers.com\\\/\",\"name\":\"Mexican Guitar Players\",\"description\":\"Website\",\"publisher\":{\"@id\":\"https:\\\/\\\/www.mexicanguitarplayers.com\\\/#organization\"},\"potentialAction\":[{\"@type\":\"SearchAction\",\"target\":{\"@type\":\"EntryPoint\",\"urlTemplate\":\"https:\\\/\\\/www.mexicanguitarplayers.com\\\/?s={search_term_string}\"},\"query-input\":{\"@type\":\"PropertyValueSpecification\",\"valueRequired\":true,\"valueName\":\"search_term_string\"}}],\"inLanguage\":\"en-US\"},{\"@type\":\"Organization\",\"@id\":\"https:\\\/\\\/www.mexicanguitarplayers.com\\\/#organization\",\"name\":\"Mexican Guitar Players\",\"url\":\"https:\\\/\\\/www.mexicanguitarplayers.com\\\/\",\"logo\":{\"@type\":\"ImageObject\",\"inLanguage\":\"en-US\",\"@id\":\"https:\\\/\\\/www.mexicanguitarplayers.com\\\/#\\\/schema\\\/logo\\\/image\\\/\",\"url\":\"\",\"contentUrl\":\"\",\"caption\":\"Mexican Guitar Players\"},\"image\":{\"@id\":\"https:\\\/\\\/www.mexicanguitarplayers.com\\\/#\\\/schema\\\/logo\\\/image\\\/\"}}]}<\/script>\n<!-- \/ Yoast SEO plugin. -->","yoast_head_json":{"title":"BOCINA EIGHTEEN SOUND 12 12NMB1000\/8 - Mexican Guitar Players","description":"Bocina de 12\u201d pulgadas, impedancia: 8 ohms, potencia AES: 600W, pico: 1200W, sensibilidad: 102 dB, rango de frecuencia: 60 - 3000 Hz, bobina m\u00f3vil: 4\u201d pulgadas (100 mm), bobinado de cobre, material magn\u00e9tico: neodimio, excelente respuesta transitoria, compresi\u00f3n de muy baja potencia, disipaci\u00f3n mejorada de calor a trav\u00e9s del dise\u00f1o \u00fanico de motor, ideal para radiaciones directas o sistemas horn loaded midbass, peso: 5.6 kg.","robots":{"index":"index","follow":"follow","max-snippet":"max-snippet:-1","max-image-preview":"max-image-preview:large","max-video-preview":"max-video-preview:-1"},"canonical":"https:\/\/www.mexicanguitarplayers.com\/en\/tienda\/sin categor\u00eda\/bocina-eighteen-sound-12-12nmb1000-8\/","og_locale":"en_US","og_type":"article","og_title":"BOCINA EIGHTEEN SOUND 12 12NMB1000\/8 - Mexican Guitar Players","og_description":"Bocina de 12\u201d pulgadas, impedancia: 8 ohms, potencia AES: 600W, pico: 1200W, sensibilidad: 102 dB, rango de frecuencia: 60 - 3000 Hz, bobina m\u00f3vil: 4\u201d pulgadas (100 mm), bobinado de cobre, material magn\u00e9tico: neodimio, excelente respuesta transitoria, compresi\u00f3n de muy baja potencia, disipaci\u00f3n mejorada de calor a trav\u00e9s del dise\u00f1o \u00fanico de motor, ideal para radiaciones directas o sistemas horn loaded midbass, peso: 5.6 kg.","og_url":"https:\/\/www.mexicanguitarplayers.com\/en\/tienda\/sin categor\u00eda\/bocina-eighteen-sound-12-12nmb1000-8\/","og_site_name":"Mexican Guitar Players","article_modified_time":"2026-01-14T10:17:12+00:00","twitter_card":"summary_large_image","twitter_misc":{"Est. reading time":"3 minutes"},"schema":{"@context":"https:\/\/schema.org","@graph":[{"@type":["WebPage","ItemPage"],"@id":"https:\/\/www.mexicanguitarplayers.com\/tienda\/sin categor\u00eda\/bocina-eighteen-sound-12-12nmb1000-8\/","url":"https:\/\/www.mexicanguitarplayers.com\/tienda\/sin categor\u00eda\/bocina-eighteen-sound-12-12nmb1000-8\/","name":"BOCINA EIGHTEEN SOUND 12 12NMB1000\/8 - Mexican Guitar Players","isPartOf":{"@id":"https:\/\/www.mexicanguitarplayers.com\/#website"},"primaryImageOfPage":{"@id":"https:\/\/www.mexicanguitarplayers.com\/tienda\/sin categor\u00eda\/bocina-eighteen-sound-12-12nmb1000-8\/#primaryimage"},"image":{"@id":"https:\/\/www.mexicanguitarplayers.com\/tienda\/sin categor\u00eda\/bocina-eighteen-sound-12-12nmb1000-8\/#primaryimage"},"thumbnailUrl":"https:\/\/www.mexicanguitarplayers.com\/wp-content\/uploads\/2025\/04\/IAEIG12NMB1000.jpg","datePublished":"2025-04-09T12:58:41+00:00","dateModified":"2026-01-14T10:17:12+00:00","description":"Bocina de 12\u201d pulgadas, impedancia: 8 ohms, potencia AES: 600W, pico: 1200W, sensibilidad: 102 dB, rango de frecuencia: 60 - 3000 Hz, bobina m\u00f3vil: 4\u201d pulgadas (100 mm), bobinado de cobre, material magn\u00e9tico: neodimio, excelente respuesta transitoria, compresi\u00f3n de muy baja potencia, disipaci\u00f3n mejorada de calor a trav\u00e9s del dise\u00f1o \u00fanico de motor, ideal para radiaciones directas o sistemas horn loaded midbass, peso: 5.6 kg.","breadcrumb":{"@id":"https:\/\/www.mexicanguitarplayers.com\/tienda\/sin categor\u00eda\/bocina-eighteen-sound-12-12nmb1000-8\/#breadcrumb"},"inLanguage":"en-US","potentialAction":[{"@type":"ReadAction","target":["https:\/\/www.mexicanguitarplayers.com\/tienda\/sin categor\u00eda\/bocina-eighteen-sound-12-12nmb1000-8\/"]}]},{"@type":"ImageObject","inLanguage":"en-US","@id":"https:\/\/www.mexicanguitarplayers.com\/tienda\/sin categor\u00eda\/bocina-eighteen-sound-12-12nmb1000-8\/#primaryimage","url":"https:\/\/www.mexicanguitarplayers.com\/wp-content\/uploads\/2025\/04\/IAEIG12NMB1000.jpg","contentUrl":"https:\/\/www.mexicanguitarplayers.com\/wp-content\/uploads\/2025\/04\/IAEIG12NMB1000.jpg","width":1200,"height":1200},{"@type":"BreadcrumbList","@id":"https:\/\/www.mexicanguitarplayers.com\/tienda\/sin categor\u00eda\/bocina-eighteen-sound-12-12nmb1000-8\/#breadcrumb","itemListElement":[{"@type":"ListItem","position":1,"name":"Portada","item":"https:\/\/www.mexicanguitarplayers.com\/"},{"@type":"ListItem","position":2,"name":"Tienda","item":"https:\/\/www.mexicanguitarplayers.com\/tienda\/"},{"@type":"ListItem","position":3,"name":"BOCINA EIGHTEEN SOUND 12 12NMB1000\/8"}]},{"@type":"WebSite","@id":"https:\/\/www.mexicanguitarplayers.com\/#website","url":"https:\/\/www.mexicanguitarplayers.com\/","name":"Mexican Guitar Players","description":"Website","publisher":{"@id":"https:\/\/www.mexicanguitarplayers.com\/#organization"},"potentialAction":[{"@type":"SearchAction","target":{"@type":"EntryPoint","urlTemplate":"https:\/\/www.mexicanguitarplayers.com\/?s={search_term_string}"},"query-input":{"@type":"PropertyValueSpecification","valueRequired":true,"valueName":"search_term_string"}}],"inLanguage":"en-US"},{"@type":"Organization","@id":"https:\/\/www.mexicanguitarplayers.com\/#organization","name":"Mexican Guitar Players","url":"https:\/\/www.mexicanguitarplayers.com\/","logo":{"@type":"ImageObject","inLanguage":"en-US","@id":"https:\/\/www.mexicanguitarplayers.com\/#\/schema\/logo\/image\/","url":"","contentUrl":"","caption":"Mexican Guitar Players"},"image":{"@id":"https:\/\/www.mexicanguitarplayers.com\/#\/schema\/logo\/image\/"}}]}},"brands":[{"id":533,"name":"EIGHTEEN SOUND","slug":"eighteen-sound"}],"_links":{"self":[{"href":"https:\/\/www.mexicanguitarplayers.com\/en\/wp-json\/wp\/v2\/product\/40169","targetHints":{"allow":["GET"]}}],"collection":[{"href":"https:\/\/www.mexicanguitarplayers.com\/en\/wp-json\/wp\/v2\/product"}],"about":[{"href":"https:\/\/www.mexicanguitarplayers.com\/en\/wp-json\/wp\/v2\/types\/product"}],"replies":[{"embeddable":true,"href":"https:\/\/www.mexicanguitarplayers.com\/en\/wp-json\/wp\/v2\/comments?post=40169"}],"wp:featuredmedia":[{"embeddable":true,"href":"https:\/\/www.mexicanguitarplayers.com\/en\/wp-json\/wp\/v2\/media\/40167"}],"wp:attachment":[{"href":"https:\/\/www.mexicanguitarplayers.com\/en\/wp-json\/wp\/v2\/media?parent=40169"}],"wp:term":[{"taxonomy":"pwb-brand","embeddable":true,"href":"https:\/\/www.mexicanguitarplayers.com\/en\/wp-json\/wp\/v2\/pwb-brand?post=40169"},{"taxonomy":"product_brand","embeddable":true,"href":"https:\/\/www.mexicanguitarplayers.com\/en\/wp-json\/wp\/v2\/product_brand?post=40169"},{"taxonomy":"product_cat","embeddable":true,"href":"https:\/\/www.mexicanguitarplayers.com\/en\/wp-json\/wp\/v2\/product_cat?post=40169"},{"taxonomy":"product_tag","embeddable":true,"href":"https:\/\/www.mexicanguitarplayers.com\/en\/wp-json\/wp\/v2\/product_tag?post=40169"}],"curies":[{"name":"wp","href":"https:\/\/api.w.org\/{rel}","templated":true}]}}