{"id":40184,"date":"2025-04-09T06:59:00","date_gmt":"2025-04-09T12:59:00","guid":{"rendered":"https:\/\/www.mexicanguitarplayers.com\/tienda\/sin categor\u00eda\/piano-digital-casio-px-s5000bk\/"},"modified":"2026-05-01T07:17:39","modified_gmt":"2026-05-01T13:17:39","slug":"piano-digital-casio-px-s5000bk","status":"publish","type":"product","link":"https:\/\/www.mexicanguitarplayers.com\/en\/tienda\/teclas\/pianos\/pianos-digitales\/piano-digital-casio-px-s5000bk\/","title":{"rendered":"PIANO DIGITAL CASIO PX-S5000BK"},"content":{"rendered":"<div style=\"text-align: justify\">\n<div>\n<h3>Una sensaci\u00f3n aut\u00e9ntica, con un cuerpo elegante.<\/h3>\n<\/div>\n<div>El Privia PX-S5000 incorpora el mismo teclado con acci\u00f3n de martillo h\u00edbrido, inteligente, heredado de los modelos superiores. Tiene un dise\u00f1o delgado y elegante con una percepci\u00f3n de lujo. Ideal para quienes buscan un piano que ofrezca un sonido aut\u00e9ntico y una sensaci\u00f3n de piano de cola, junto con un aspecto moderno y definido. Las teclas blancas est\u00e1n hechas de material compuesto de resina y madera de abeto de alta calidad para brindar una sensaci\u00f3n natural y un acabado de primer nivel. Disfruta de tonos de piano de cola ac\u00fastico sorprendentemente aut\u00e9nticos, cortes\u00eda de la exclusiva fuente de sonido Morphing AiR multidimensional de Casio. La forma m\u00e1s delgada del mundo* con una profundidad desde la parte frontal a la posterior de tan solo 232 mm. Las funciones de capa y divisi\u00f3n te permiten poner en capa dos tonos separados de forma conjunta o dividir el teclado en partes superior e inferior con tonos individuales para cada una. La aplicaci\u00f3n CASIO MUSIC SPACE, exclusiva de los instrumentos musicales electr\u00f3nicos de Casio, ofrece nuevas formas de disfrutar haciendo m\u00fasica. El adaptador inal\u00e1mbrico de audio y MIDI WU-BT10 incluido te permite reproducir m\u00fasica desde tu smartphone o tablet mediante el sistema de altavoces del PX-S5000. La est\u00e9tica de dise\u00f1o simple y minimalista combina bien con cualquier estilo interior.<\/div>\n<div>\n<h4>Vistazo rapido<\/h4>\n<\/div>\n<ul style=\"margin: 0px 0px 0px 25px\">\n<li style=\"list-style-type: circle;margin: 5px\">Teclado.<\/li>\n<li style=\"list-style-type: circle;margin: 5px\">N\u00famero de teclas.<\/li>\n<li style=\"list-style-type: circle;margin: 5px\">Sensibilidad al tacto.<\/li>\n<li style=\"list-style-type: circle;margin: 5px\">Fuente de Sonido.<\/li>\n<li style=\"list-style-type: circle;margin: 5px\">Polifon\u00eda m\u00e1xima.<\/li>\n<li style=\"list-style-type: circle;margin: 5px\">Cantidad de tonos.<\/li>\n<li style=\"list-style-type: circle;margin: 5px\">Funci\u00f3n de lecciones.<\/li>\n<li style=\"list-style-type: circle;margin: 5px\">Canciones incorporadas.<\/li>\n<li style=\"list-style-type: circle;margin: 5px\">Grabador.<\/li>\n<li style=\"list-style-type: circle;margin: 5px\">Pedal.<\/li>\n<li style=\"list-style-type: circle;margin: 5px\">Altavoz.<\/li>\n<li style=\"list-style-type: circle;margin: 5px\">Amplificadores.<\/li>\n<li style=\"list-style-type: circle;margin: 5px\">Fuente de alimentaci\u00f3n.<\/li>\n<li style=\"list-style-type: circle;margin: 5px\">Consumo de energ\u00eda.<\/li>\n<li style=\"list-style-type: circle;margin: 5px\">Dimensiones.<\/li>\n<li style=\"list-style-type: circle;margin: 5px\">Peso.<\/li>\n<li style=\"list-style-type: circle;margin: 5px\">Accesorios incluidos.<\/li>\n<li style=\"list-style-type: circle;margin: 5px\">Simulador ac\u00fastico.<\/li>\n<li style=\"list-style-type: circle;margin: 5px\">Efectos.<\/li>\n<li style=\"list-style-type: circle;margin: 5px\">Estratificador\/divisi\u00f3n.<\/li>\n<li style=\"list-style-type: circle;margin: 5px\">Cambio de cctava.<\/li>\n<li style=\"list-style-type: circle;margin: 5px\">Transposici\u00f3n.<\/li>\n<li style=\"list-style-type: circle;margin: 5px\">Control de afinamiento.<\/li>\n<li style=\"list-style-type: circle;margin: 5px\">Escalas.<\/li>\n<li style=\"list-style-type: circle;margin: 5px\">Metr\u00f3nomo.<\/li>\n<li style=\"list-style-type: circle;margin: 5px\">Reproducci\u00f3n de audio.<\/li>\n<li style=\"list-style-type: circle;margin: 5px\">Modo de aud\u00edfonos.<\/li>\n<li style=\"list-style-type: circle;margin: 5px\">Modo dueto.<\/li>\n<li style=\"list-style-type: circle;margin: 5px\">Otros.<\/li>\n<li style=\"list-style-type: circle;margin: 5px\">Salida de l\u00ednea.<\/li>\n<li style=\"list-style-type: circle;margin: 5px\">Puerto USB.<\/li>\n<li style=\"list-style-type: circle;margin: 5px\">Pedal.<\/li>\n<li style=\"list-style-type: circle;margin: 5px\">Conector para unidad de 3 pedales.<\/li>\n<li style=\"list-style-type: circle;margin: 5px\">Salida de aud\u00edfonos.<\/li>\n<li style=\"list-style-type: circle;margin: 5px\">Conexi\u00f3n con la aplicaci\u00f3n.<\/li>\n<li style=\"list-style-type: circle;margin: 5px\">Funcionalidad inal\u00e1mbrica.<\/li>\n<li style=\"list-style-type: circle;margin: 5px\">MIDI.<\/li>\n<\/ul>\n<div>\n<div style=\"font-weight: bold\">Teclado.<\/div>\n<div>\n<p>Teclado inteligente con acci\u00f3n de martillo h\u00edbrido (material de las teclas:h\u00edbrido de madera y resina).<\/p>\n<\/div>\n<div style=\"font-weight: bold\">N\u00famero de teclas.<\/div>\n<div>\n<p>88.<\/p>\n<\/div>\n<div style=\"font-weight: bold\">Sensibilidad al tacto.<\/div>\n<div>\n<p>5 niveles de sensibilidad, desactivados.<\/p>\n<\/div>\n<div style=\"font-weight: bold\">Fuente de Sonido.<\/div>\n<div>\n<p>Morphing AiR multidimensional.<\/p>\n<\/div>\n<div style=\"font-weight: bold\">Polifon\u00eda m\u00e1xima.<\/div>\n<div>\n<p>192.<\/p>\n<\/div>\n<div style=\"font-weight: bold\">Cantidad de tonos.<\/div>\n<div>\n<p>23.<\/p>\n<\/div>\n<div style=\"font-weight: bold\">Funci\u00f3n de lecciones.<\/div>\n<div>\n<p>Activar\/desactivar parte (seleccionar parte: mano derecha, mano izquierda, ambas manos).<\/p>\n<\/div>\n<div style=\"font-weight: bold\">Canciones incorporadas.<\/div>\n<div>\n<p>60 canciones de demostraci\u00f3n: 1, expansi\u00f3n de canciones (canciones creadas por el usuario): 10 canciones (m\u00e1x.). Hasta aproximadamente 100 KB\/canci\u00f3n.<\/p>\n<\/div>\n<div style=\"font-weight: bold\">Grabador.<\/div>\n<div>\n[Grabador MIDI] 2 pistas, 1 canci\u00f3n, aproximadamente 10 000 notas en total, grabaci\u00f3n en tiempo real, reproducci\u00f3n. [Grabador de audio] en memoria USB: m\u00e1x. 99 canciones, aproximadamente 25 minutos por canci\u00f3n.<\/p>\n<\/div>\n<div style=\"font-weight: bold\">Pedal.<\/div>\n<div>\n<p>Incluido: SP-3 (terminal \u00d7 1), opcional: SP-34 (sordina, suave, sostenuto), funcionamiento del pedal media sordina: S\u00ed (con la unidad opcional de 3 pedales SP-34).<\/p>\n<\/div>\n<div style=\"font-weight: bold\">Altavoz.<\/div>\n<div>\n<p>Tama\u00f1o: 16 x 8 cm, ovalados, sistema de altavoces: 2 canales\/2 altavoces.<\/p>\n<\/div>\n<div style=\"font-weight: bold\">Amplificadores.<\/div>\n<div>\n<p>8W + 8W.<\/p>\n<\/div>\n<div style=\"font-weight: bold\">Fuente de alimentaci\u00f3n.<\/div>\n<div>\n<p>2 v\u00edas (Bater\u00edas) 6 bater\u00edas alcalinas de tama\u00f1o AA, duraci\u00f3n continua de la bater\u00eda: aproximadamente 4 horas [Adaptador de CA] AD-A12150LW (CC de 12 V).<\/p>\n<\/div>\n<div style=\"font-weight: bold\">Consumo de energ\u00eda.<\/div>\n<div>\n<p>10W.<\/p>\n<\/div>\n<div style=\"font-weight: bold\">Dimensiones.<\/div>\n<div>\n<p>1322 x 232 x 102 mm (sin accesorios).<\/p>\n<\/div>\n<div style=\"font-weight: bold\">Peso.<\/div>\n<div>\n<p>11.5 kg (sin accesorios ni bater\u00edas).<\/p>\n<\/div>\n<div style=\"font-weight: bold\">Accesorios incluidos.<\/div>\n<div>\n<p>Adaptador inal\u00e1mbrico de audio y MIDI (WU-BT10), pedal (SP-3), atril, adaptador de CA (AD-A12150LW).<\/p>\n<\/div>\n<div style=\"font-weight: bold\">Simulador ac\u00fastico.<\/div>\n<div>\n<p>Escala digital de 88 teclas, respuesta de martillo (4 niveles, desactivado), respuesta de salida de tecla (3 niveles), resonancia de cuerda (4 niveles, desactivada), resonancia de sordina (4 niveles, desactivada), ruido de acci\u00f3n de tecla (4 niveles, desactivado), ruido de sordina (4 niveles, desactivado), simulador de salida de tecla.<\/p>\n<\/div>\n<div style=\"font-weight: bold\">Efectos.<\/div>\n<div>\n<p>Simulador de sala (4 tipos), reverberaci\u00f3n (8 tipos), sonido envolvente (2 tipos), coro (4 tipos), brillo (7 niveles), DSP (ajuste predefinido para algunos tonos).<\/p>\n<\/div>\n<div style=\"font-weight: bold\">Estratificador\/divisi\u00f3n.<\/div>\n<div>\n<p>S\u00ed.<\/p>\n<\/div>\n<div style=\"font-weight: bold\">Cambio de cctava.<\/div>\n<div>\n<p>-2 octavas ~ 0 ~ +2 octavas.<\/p>\n<\/div>\n<div style=\"font-weight: bold\">Transposici\u00f3n.<\/div>\n<div>\n<p>-12 semitonos ~ 0 ~ +12 semitonos.<\/p>\n<\/div>\n<div style=\"font-weight: bold\">Control de afinamiento.<\/div>\n<div>\n<p>A4 = 415,5 Hz ~ 440,0 Hz ~ 465,9 Hz.<\/p>\n<\/div>\n<div style=\"font-weight: bold\">Escalas.<\/div>\n<div>\n<p>Temperamento igual + 16 variaciones.<\/p>\n<\/div>\n<div style=\"font-weight: bold\">Metr\u00f3nomo.<\/div>\n<div>\n<p>Desactivado, de 1 a 9 compases; intervalo de tempo: de 20 a 255, ajuste de marcado de tempo: 9 tipos.<\/p>\n<\/div>\n<div style=\"font-weight: bold\">Reproducci\u00f3n de audio.<\/div>\n<div>\n<p>S\u00ed.<\/p>\n<\/div>\n<div style=\"font-weight: bold\">Modo de aud\u00edfonos.<\/div>\n<div>\n<p>S\u00ed.<\/p>\n<\/div>\n<div style=\"font-weight: bold\">Modo dueto.<\/div>\n<div>\n<p>S\u00ed.<\/p>\n<\/div>\n<div style=\"font-weight: bold\">Otros.<\/div>\n<div>\n<p>Bot\u00f3n t\u00e1ctil: 6 (bot\u00f3n de piano de cola: 1). Bloqueo de funcionamiento. Apagado autom\u00e1tico.<\/p>\n<\/div>\n<div style=\"font-weight: bold\">Salida de l\u00ednea.<\/div>\n<div>\n<p>2 (izquierda\/mono, derecha): Conector jack phono est\u00e1ndar (tel\u00e9fono TS).<\/p>\n<\/div>\n<div style=\"font-weight: bold\">Puerto USB.<\/div>\n<div>\n<p>S\u00ed (tipo A, tipo B).<\/p>\n<\/div>\n<div style=\"font-weight: bold\">Pedal.<\/div>\n<div>\n<p>S\u00ed (sordina): Conector jack phono est\u00e1ndar (tel\u00e9fono TS).<\/p>\n<\/div>\n<div style=\"font-weight: bold\">Conector para unidad de 3 pedales.<\/div>\n<div>\n<p>S\u00ed (para la unidad opcional de 3 pedales SP-34).<\/p>\n<\/div>\n<div style=\"font-weight: bold\">Salida de aud\u00edfonos.<\/div>\n<div>\n<p>2 mini jacks phono (tel\u00e9fono TRS mini).<\/p>\n<\/div>\n<div style=\"font-weight: bold\">Conexi\u00f3n con la aplicaci\u00f3n.<\/div>\n<div>\n<p>S\u00ed (Casio Music Space).<\/p>\n<\/div>\n<div style=\"font-weight: bold\">Funcionalidad inal\u00e1mbrica.<\/div>\n<div>\n<p>Incluye: Adaptador inal\u00e1mbrico de audio y MIDI (WU-BT10) Bluetooth versi\u00f3n 5.0 Perfil de audio Bluetooth: A2DP, C\u00f3dec: SBC Perfil de MIDI Bluetooth: GATT (MIDI por Bluetooth\u00ae de baja energ\u00eda).<\/p>\n<\/div>\n<div style=\"font-weight: bold\">MIDI.<\/div>\n<div>\n<p>S\u00ed (con el adaptador inal\u00e1mbrico de audio y MIDI o el puerto USB tipo B).<\/p>\n<\/div>\n<\/div>\n<\/div>\n","protected":false},"excerpt":{"rendered":"<p>Piano digital de 88 teclas con acci\u00f3n de martillo (5 niveles de sensibilidad), 23 tonos, fuente de Sonido Morphing AiR multidimensional, polifon\u00eda m\u00e1xima: 192 notas, funci\u00f3n de lecciones, grabador MIDI, grabador de audio en memoria USB, 2 altavoces de 16 x 8 cm, amplificador de 8W + 8W, fuente de alimentaci\u00f3n de 2 v\u00edas o 6 bater\u00edas alcalinas tama\u00f1o AA, consumo de energ\u00eda: 10W, dimensiones: 1322 x 232 x 102 mm, peso: 11.5 kg, incluye adaptador inal\u00e1mbrico de audio y MIDI (WU-BT10), pedal (SP-3), atril y adaptador de CA (AD-A12150LW).&hellip; <a class=\"kt-excerpt-readmore more-link\" href=\"https:\/\/www.mexicanguitarplayers.com\/en\/tienda\/teclas\/pianos\/pianos-digitales\/piano-digital-casio-px-s5000bk\/\">Read more<\/a><\/p>","protected":false},"featured_media":40180,"comment_status":"open","ping_status":"closed","template":"","meta":{"kt_blocks_editor_width":""},"pwb-brand":[274],"product_brand":[],"product_cat":[377,378,376],"product_tag":[],"class_list":{"0":"post-40184","1":"product","2":"type-product","3":"status-publish","4":"has-post-thumbnail","6":"pwb-brand-casio","7":"product_cat-pianos","8":"product_cat-pianos-digitales","9":"product_cat-teclas","10":"product_shipping_class-15-20-kg","12":"first","13":"instock","14":"taxable","15":"shipping-taxable","16":"purchasable","17":"product-type-simple"},"yoast_head":"<!-- This site is optimized with the Yoast SEO plugin v27.6 - https:\/\/yoast.com\/product\/yoast-seo-wordpress\/ -->\n<title>PIANO DIGITAL CASIO PX-S5000BK - Mexican Guitar Players<\/title>\n<meta name=\"description\" content=\"Piano digital de 88 teclas con acci\u00f3n de martillo (5 niveles de sensibilidad), 23 tonos, fuente de Sonido Morphing AiR multidimensional, polifon\u00eda m\u00e1xima: 192 notas, funci\u00f3n de lecciones, grabador MIDI, grabador de audio en memoria USB, 2 altavoces de 16 x 8 cm, amplificador de 8W + 8W, fuente de alimentaci\u00f3n de 2 v\u00edas o 6 bater\u00edas alcalinas tama\u00f1o AA, consumo de energ\u00eda: 10W, dimensiones: 1322 x 232 x 102 mm, peso: 11.5 kg, incluye adaptador inal\u00e1mbrico de audio y MIDI (WU-BT10), pedal (SP-3), atril y adaptador de CA (AD-A12150LW).\" \/>\n<meta name=\"robots\" content=\"index, follow, max-snippet:-1, max-image-preview:large, max-video-preview:-1\" \/>\n<link rel=\"canonical\" href=\"https:\/\/www.mexicanguitarplayers.com\/en\/tienda\/sin%20categor\u00eda\/piano-digital-casio-px-s5000bk\/\" \/>\n<meta property=\"og:locale\" content=\"en_US\" \/>\n<meta property=\"og:type\" content=\"article\" \/>\n<meta property=\"og:title\" content=\"PIANO DIGITAL CASIO PX-S5000BK - Mexican Guitar Players\" \/>\n<meta property=\"og:description\" content=\"Piano digital de 88 teclas con acci\u00f3n de martillo (5 niveles de sensibilidad), 23 tonos, fuente de Sonido Morphing AiR multidimensional, polifon\u00eda m\u00e1xima: 192 notas, funci\u00f3n de lecciones, grabador MIDI, grabador de audio en memoria USB, 2 altavoces de 16 x 8 cm, amplificador de 8W + 8W, fuente de alimentaci\u00f3n de 2 v\u00edas o 6 bater\u00edas alcalinas tama\u00f1o AA, consumo de energ\u00eda: 10W, dimensiones: 1322 x 232 x 102 mm, peso: 11.5 kg, incluye adaptador inal\u00e1mbrico de audio y MIDI (WU-BT10), pedal (SP-3), atril y adaptador de CA (AD-A12150LW).\" \/>\n<meta property=\"og:url\" content=\"https:\/\/www.mexicanguitarplayers.com\/en\/tienda\/sin categor\u00eda\/piano-digital-casio-px-s5000bk\/\" \/>\n<meta property=\"og:site_name\" content=\"Mexican Guitar Players\" \/>\n<meta property=\"article:modified_time\" content=\"2026-05-01T13:17:39+00:00\" \/>\n<meta name=\"twitter:card\" content=\"summary_large_image\" \/>\n<meta name=\"twitter:label1\" content=\"Est. reading time\" \/>\n\t<meta name=\"twitter:data1\" content=\"4 minutes\" \/>\n<script type=\"application\/ld+json\" class=\"yoast-schema-graph\">{\"@context\":\"https:\\\/\\\/schema.org\",\"@graph\":[{\"@type\":[\"WebPage\",\"ItemPage\"],\"@id\":\"https:\\\/\\\/www.mexicanguitarplayers.com\\\/tienda\\\/sin categor\u00eda\\\/piano-digital-casio-px-s5000bk\\\/\",\"url\":\"https:\\\/\\\/www.mexicanguitarplayers.com\\\/tienda\\\/sin categor\u00eda\\\/piano-digital-casio-px-s5000bk\\\/\",\"name\":\"PIANO DIGITAL CASIO PX-S5000BK - Mexican Guitar Players\",\"isPartOf\":{\"@id\":\"https:\\\/\\\/www.mexicanguitarplayers.com\\\/#website\"},\"primaryImageOfPage\":{\"@id\":\"https:\\\/\\\/www.mexicanguitarplayers.com\\\/tienda\\\/sin categor\u00eda\\\/piano-digital-casio-px-s5000bk\\\/#primaryimage\"},\"image\":{\"@id\":\"https:\\\/\\\/www.mexicanguitarplayers.com\\\/tienda\\\/sin categor\u00eda\\\/piano-digital-casio-px-s5000bk\\\/#primaryimage\"},\"thumbnailUrl\":\"https:\\\/\\\/www.mexicanguitarplayers.com\\\/wp-content\\\/uploads\\\/2025\\\/04\\\/ITCASPXS5000BK.jpg\",\"datePublished\":\"2025-04-09T12:59:00+00:00\",\"dateModified\":\"2026-05-01T13:17:39+00:00\",\"description\":\"Piano digital de 88 teclas con acci\u00f3n de martillo (5 niveles de sensibilidad), 23 tonos, fuente de Sonido Morphing AiR multidimensional, polifon\u00eda m\u00e1xima: 192 notas, funci\u00f3n de lecciones, grabador MIDI, grabador de audio en memoria USB, 2 altavoces de 16 x 8 cm, amplificador de 8W + 8W, fuente de alimentaci\u00f3n de 2 v\u00edas o 6 bater\u00edas alcalinas tama\u00f1o AA, consumo de energ\u00eda: 10W, dimensiones: 1322 x 232 x 102 mm, peso: 11.5 kg, incluye adaptador inal\u00e1mbrico de audio y MIDI (WU-BT10), pedal (SP-3), atril y adaptador de CA (AD-A12150LW).\",\"breadcrumb\":{\"@id\":\"https:\\\/\\\/www.mexicanguitarplayers.com\\\/tienda\\\/sin categor\u00eda\\\/piano-digital-casio-px-s5000bk\\\/#breadcrumb\"},\"inLanguage\":\"en-US\",\"potentialAction\":[{\"@type\":\"ReadAction\",\"target\":[\"https:\\\/\\\/www.mexicanguitarplayers.com\\\/tienda\\\/sin categor\u00eda\\\/piano-digital-casio-px-s5000bk\\\/\"]}]},{\"@type\":\"ImageObject\",\"inLanguage\":\"en-US\",\"@id\":\"https:\\\/\\\/www.mexicanguitarplayers.com\\\/tienda\\\/sin categor\u00eda\\\/piano-digital-casio-px-s5000bk\\\/#primaryimage\",\"url\":\"https:\\\/\\\/www.mexicanguitarplayers.com\\\/wp-content\\\/uploads\\\/2025\\\/04\\\/ITCASPXS5000BK.jpg\",\"contentUrl\":\"https:\\\/\\\/www.mexicanguitarplayers.com\\\/wp-content\\\/uploads\\\/2025\\\/04\\\/ITCASPXS5000BK.jpg\",\"width\":1600,\"height\":800},{\"@type\":\"BreadcrumbList\",\"@id\":\"https:\\\/\\\/www.mexicanguitarplayers.com\\\/tienda\\\/sin categor\u00eda\\\/piano-digital-casio-px-s5000bk\\\/#breadcrumb\",\"itemListElement\":[{\"@type\":\"ListItem\",\"position\":1,\"name\":\"Portada\",\"item\":\"https:\\\/\\\/www.mexicanguitarplayers.com\\\/\"},{\"@type\":\"ListItem\",\"position\":2,\"name\":\"Tienda\",\"item\":\"https:\\\/\\\/www.mexicanguitarplayers.com\\\/tienda\\\/\"},{\"@type\":\"ListItem\",\"position\":3,\"name\":\"PIANO DIGITAL CASIO PX-S5000BK\"}]},{\"@type\":\"WebSite\",\"@id\":\"https:\\\/\\\/www.mexicanguitarplayers.com\\\/#website\",\"url\":\"https:\\\/\\\/www.mexicanguitarplayers.com\\\/\",\"name\":\"Mexican Guitar Players\",\"description\":\"Website\",\"publisher\":{\"@id\":\"https:\\\/\\\/www.mexicanguitarplayers.com\\\/#organization\"},\"potentialAction\":[{\"@type\":\"SearchAction\",\"target\":{\"@type\":\"EntryPoint\",\"urlTemplate\":\"https:\\\/\\\/www.mexicanguitarplayers.com\\\/?s={search_term_string}\"},\"query-input\":{\"@type\":\"PropertyValueSpecification\",\"valueRequired\":true,\"valueName\":\"search_term_string\"}}],\"inLanguage\":\"en-US\"},{\"@type\":\"Organization\",\"@id\":\"https:\\\/\\\/www.mexicanguitarplayers.com\\\/#organization\",\"name\":\"Mexican Guitar Players\",\"url\":\"https:\\\/\\\/www.mexicanguitarplayers.com\\\/\",\"logo\":{\"@type\":\"ImageObject\",\"inLanguage\":\"en-US\",\"@id\":\"https:\\\/\\\/www.mexicanguitarplayers.com\\\/#\\\/schema\\\/logo\\\/image\\\/\",\"url\":\"\",\"contentUrl\":\"\",\"caption\":\"Mexican Guitar Players\"},\"image\":{\"@id\":\"https:\\\/\\\/www.mexicanguitarplayers.com\\\/#\\\/schema\\\/logo\\\/image\\\/\"}}]}<\/script>\n<!-- \/ Yoast SEO plugin. -->","yoast_head_json":{"title":"PIANO DIGITAL CASIO PX-S5000BK - Mexican Guitar Players","description":"Piano digital de 88 teclas con acci\u00f3n de martillo (5 niveles de sensibilidad), 23 tonos, fuente de Sonido Morphing AiR multidimensional, polifon\u00eda m\u00e1xima: 192 notas, funci\u00f3n de lecciones, grabador MIDI, grabador de audio en memoria USB, 2 altavoces de 16 x 8 cm, amplificador de 8W + 8W, fuente de alimentaci\u00f3n de 2 v\u00edas o 6 bater\u00edas alcalinas tama\u00f1o AA, consumo de energ\u00eda: 10W, dimensiones: 1322 x 232 x 102 mm, peso: 11.5 kg, incluye adaptador inal\u00e1mbrico de audio y MIDI (WU-BT10), pedal (SP-3), atril y adaptador de CA (AD-A12150LW).","robots":{"index":"index","follow":"follow","max-snippet":"max-snippet:-1","max-image-preview":"max-image-preview:large","max-video-preview":"max-video-preview:-1"},"canonical":"https:\/\/www.mexicanguitarplayers.com\/en\/tienda\/sin categor\u00eda\/piano-digital-casio-px-s5000bk\/","og_locale":"en_US","og_type":"article","og_title":"PIANO DIGITAL CASIO PX-S5000BK - Mexican Guitar Players","og_description":"Piano digital de 88 teclas con acci\u00f3n de martillo (5 niveles de sensibilidad), 23 tonos, fuente de Sonido Morphing AiR multidimensional, polifon\u00eda m\u00e1xima: 192 notas, funci\u00f3n de lecciones, grabador MIDI, grabador de audio en memoria USB, 2 altavoces de 16 x 8 cm, amplificador de 8W + 8W, fuente de alimentaci\u00f3n de 2 v\u00edas o 6 bater\u00edas alcalinas tama\u00f1o AA, consumo de energ\u00eda: 10W, dimensiones: 1322 x 232 x 102 mm, peso: 11.5 kg, incluye adaptador inal\u00e1mbrico de audio y MIDI (WU-BT10), pedal (SP-3), atril y adaptador de CA (AD-A12150LW).","og_url":"https:\/\/www.mexicanguitarplayers.com\/en\/tienda\/sin categor\u00eda\/piano-digital-casio-px-s5000bk\/","og_site_name":"Mexican Guitar Players","article_modified_time":"2026-05-01T13:17:39+00:00","twitter_card":"summary_large_image","twitter_misc":{"Est. reading time":"4 minutes"},"schema":{"@context":"https:\/\/schema.org","@graph":[{"@type":["WebPage","ItemPage"],"@id":"https:\/\/www.mexicanguitarplayers.com\/tienda\/sin categor\u00eda\/piano-digital-casio-px-s5000bk\/","url":"https:\/\/www.mexicanguitarplayers.com\/tienda\/sin categor\u00eda\/piano-digital-casio-px-s5000bk\/","name":"PIANO DIGITAL CASIO PX-S5000BK - Mexican Guitar Players","isPartOf":{"@id":"https:\/\/www.mexicanguitarplayers.com\/#website"},"primaryImageOfPage":{"@id":"https:\/\/www.mexicanguitarplayers.com\/tienda\/sin categor\u00eda\/piano-digital-casio-px-s5000bk\/#primaryimage"},"image":{"@id":"https:\/\/www.mexicanguitarplayers.com\/tienda\/sin categor\u00eda\/piano-digital-casio-px-s5000bk\/#primaryimage"},"thumbnailUrl":"https:\/\/www.mexicanguitarplayers.com\/wp-content\/uploads\/2025\/04\/ITCASPXS5000BK.jpg","datePublished":"2025-04-09T12:59:00+00:00","dateModified":"2026-05-01T13:17:39+00:00","description":"Piano digital de 88 teclas con acci\u00f3n de martillo (5 niveles de sensibilidad), 23 tonos, fuente de Sonido Morphing AiR multidimensional, polifon\u00eda m\u00e1xima: 192 notas, funci\u00f3n de lecciones, grabador MIDI, grabador de audio en memoria USB, 2 altavoces de 16 x 8 cm, amplificador de 8W + 8W, fuente de alimentaci\u00f3n de 2 v\u00edas o 6 bater\u00edas alcalinas tama\u00f1o AA, consumo de energ\u00eda: 10W, dimensiones: 1322 x 232 x 102 mm, peso: 11.5 kg, incluye adaptador inal\u00e1mbrico de audio y MIDI (WU-BT10), pedal (SP-3), atril y adaptador de CA (AD-A12150LW).","breadcrumb":{"@id":"https:\/\/www.mexicanguitarplayers.com\/tienda\/sin categor\u00eda\/piano-digital-casio-px-s5000bk\/#breadcrumb"},"inLanguage":"en-US","potentialAction":[{"@type":"ReadAction","target":["https:\/\/www.mexicanguitarplayers.com\/tienda\/sin categor\u00eda\/piano-digital-casio-px-s5000bk\/"]}]},{"@type":"ImageObject","inLanguage":"en-US","@id":"https:\/\/www.mexicanguitarplayers.com\/tienda\/sin categor\u00eda\/piano-digital-casio-px-s5000bk\/#primaryimage","url":"https:\/\/www.mexicanguitarplayers.com\/wp-content\/uploads\/2025\/04\/ITCASPXS5000BK.jpg","contentUrl":"https:\/\/www.mexicanguitarplayers.com\/wp-content\/uploads\/2025\/04\/ITCASPXS5000BK.jpg","width":1600,"height":800},{"@type":"BreadcrumbList","@id":"https:\/\/www.mexicanguitarplayers.com\/tienda\/sin categor\u00eda\/piano-digital-casio-px-s5000bk\/#breadcrumb","itemListElement":[{"@type":"ListItem","position":1,"name":"Portada","item":"https:\/\/www.mexicanguitarplayers.com\/"},{"@type":"ListItem","position":2,"name":"Tienda","item":"https:\/\/www.mexicanguitarplayers.com\/tienda\/"},{"@type":"ListItem","position":3,"name":"PIANO DIGITAL CASIO PX-S5000BK"}]},{"@type":"WebSite","@id":"https:\/\/www.mexicanguitarplayers.com\/#website","url":"https:\/\/www.mexicanguitarplayers.com\/","name":"Mexican Guitar Players","description":"Website","publisher":{"@id":"https:\/\/www.mexicanguitarplayers.com\/#organization"},"potentialAction":[{"@type":"SearchAction","target":{"@type":"EntryPoint","urlTemplate":"https:\/\/www.mexicanguitarplayers.com\/?s={search_term_string}"},"query-input":{"@type":"PropertyValueSpecification","valueRequired":true,"valueName":"search_term_string"}}],"inLanguage":"en-US"},{"@type":"Organization","@id":"https:\/\/www.mexicanguitarplayers.com\/#organization","name":"Mexican Guitar Players","url":"https:\/\/www.mexicanguitarplayers.com\/","logo":{"@type":"ImageObject","inLanguage":"en-US","@id":"https:\/\/www.mexicanguitarplayers.com\/#\/schema\/logo\/image\/","url":"","contentUrl":"","caption":"Mexican Guitar Players"},"image":{"@id":"https:\/\/www.mexicanguitarplayers.com\/#\/schema\/logo\/image\/"}}]}},"brands":[{"id":274,"name":"CASIO","slug":"casio"}],"_links":{"self":[{"href":"https:\/\/www.mexicanguitarplayers.com\/en\/wp-json\/wp\/v2\/product\/40184","targetHints":{"allow":["GET"]}}],"collection":[{"href":"https:\/\/www.mexicanguitarplayers.com\/en\/wp-json\/wp\/v2\/product"}],"about":[{"href":"https:\/\/www.mexicanguitarplayers.com\/en\/wp-json\/wp\/v2\/types\/product"}],"replies":[{"embeddable":true,"href":"https:\/\/www.mexicanguitarplayers.com\/en\/wp-json\/wp\/v2\/comments?post=40184"}],"wp:featuredmedia":[{"embeddable":true,"href":"https:\/\/www.mexicanguitarplayers.com\/en\/wp-json\/wp\/v2\/media\/40180"}],"wp:attachment":[{"href":"https:\/\/www.mexicanguitarplayers.com\/en\/wp-json\/wp\/v2\/media?parent=40184"}],"wp:term":[{"taxonomy":"pwb-brand","embeddable":true,"href":"https:\/\/www.mexicanguitarplayers.com\/en\/wp-json\/wp\/v2\/pwb-brand?post=40184"},{"taxonomy":"product_brand","embeddable":true,"href":"https:\/\/www.mexicanguitarplayers.com\/en\/wp-json\/wp\/v2\/product_brand?post=40184"},{"taxonomy":"product_cat","embeddable":true,"href":"https:\/\/www.mexicanguitarplayers.com\/en\/wp-json\/wp\/v2\/product_cat?post=40184"},{"taxonomy":"product_tag","embeddable":true,"href":"https:\/\/www.mexicanguitarplayers.com\/en\/wp-json\/wp\/v2\/product_tag?post=40184"}],"curies":[{"name":"wp","href":"https:\/\/api.w.org\/{rel}","templated":true}]}}