{"id":40220,"date":"2025-04-09T07:00:22","date_gmt":"2025-04-09T13:00:22","guid":{"rendered":"https:\/\/www.mexicanguitarplayers.com\/tienda\/sin categor\u00eda\/bafle-behringer-p-pa-mod-vs1220\/"},"modified":"2026-04-10T04:20:15","modified_gmt":"2026-04-10T10:20:15","slug":"bafle-behringer-p-pa-mod-vs1220","status":"publish","type":"product","link":"https:\/\/www.mexicanguitarplayers.com\/en\/tienda\/audio\/bafles-y-bocinas\/bafles\/bafles-pasivos\/bafle-behringer-p-pa-mod-vs1220\/","title":{"rendered":"BAFLE BEHRINGER P\/PA MOD. VS1220"},"content":{"rendered":"<div style=\"text-align: justify\">\n<div>\n<h3>Poder y fidelidad a tu audio con bajo precio.<\/h3>\n<\/div>\n<div>El altavoz EUROLIVE VS1220 es exactamente lo que esperabas de Behringer, un manejo de potencia de 600 watts y muchas m\u00e1s caracter\u00edsticas que lo hacen m\u00e1s asequible. Y gracias a su extremadamente potente woofer de 12&#8243; pulgadas de larga excursi\u00f3n y a su driver electro din\u00e1mico dual de alta frecuencia, el VS1220 llega listo para usarse simplemente sac\u00e1ndolo de su caja. Este bafle est\u00e1 destinado a convertirse en una leyenda por derecho propio, junto con otros modelos de EUROLIVE que han hecho de Behringer el l\u00edder mundial en altavoces. Nuestros transductores LF y HF est\u00e1n dise\u00f1ados espec\u00edficamente para cada aplicaci\u00f3n es lo que nos distingue de la competencia. Cuando compras un altavoz Behringer puedes estar seguro de que los transductores han sido dise\u00f1ados para funcionar perfectamente en conjunto con todos los dem\u00e1s elementos para entregar resultados verdaderamente profesionales. El bafle EUROLIVE VS1220 dispone de grandes cantidades de graves con medios articulados y detallados.<\/div>\n<div>\n<h4>Quick look<\/h4>\n<\/div>\n<ul style=\"margin: 0px 0px 0px 25px\">\n<li style=\"list-style-type: circle;margin: 5px\">Power.<\/li>\n<li style=\"list-style-type: circle;margin: 5px\">Tipo de sistema.<\/li>\n<li style=\"list-style-type: circle;margin: 5px\">Frequency response.<\/li>\n<li style=\"list-style-type: circle;margin: 5px\">Impedance.<\/li>\n<li style=\"list-style-type: circle;margin: 5px\">SPL.<\/li>\n<li style=\"list-style-type: circle;margin: 5px\">Dispersi\u00f3n.<\/li>\n<li style=\"list-style-type: circle;margin: 5px\">Frecuencia de crossover.<\/li>\n<li style=\"list-style-type: circle;margin: 5px\">Anclajes.<\/li>\n<li style=\"list-style-type: circle;margin: 5px\">Componentes.<\/li>\n<li style=\"list-style-type: circle;margin: 5px\">Dimensions.<\/li>\n<li style=\"list-style-type: circle;margin: 5px\">Weight.<\/li>\n<\/ul>\n<div>\n<div style=\"font-weight: bold\">Power.<\/div>\n<div>\n<p>Continua: 150 watts. Pico: 600 watts.<\/p>\n<\/div>\n<div style=\"font-weight: bold\">Tipo de sistema.<\/div>\n<div>\n<p>Altavoz de 2 v\u00edas de rango completo.<\/p>\n<\/div>\n<div style=\"font-weight: bold\">Frequency response.<\/div>\n<div>\n<p>55 Hz &#8211; 20 kHz.<\/p>\n<\/div>\n<div style=\"font-weight: bold\">Impedance.<\/div>\n<div>\n<p>8 ohms.<\/p>\n<\/div>\n<div style=\"font-weight: bold\">SPL.<\/div>\n<div>\n<p>93 dB (espacio completo, 1W@1m).<\/p>\n<\/div>\n<div style=\"font-weight: bold\">Dispersi\u00f3n.<\/div>\n<div>\n<p>80\u00b0 x 40\u00b0.<\/p>\n<\/div>\n<div style=\"font-weight: bold\">Frecuencia de crossover.<\/div>\n<div>\n<p>3.5 kHz.<\/p>\n<\/div>\n<div style=\"font-weight: bold\">Anclajes.<\/div>\n<div>\n<p>Asa ergon\u00f3mica y adaptador de soporte integrado.<\/p>\n<\/div>\n<div style=\"font-weight: bold\">Componentes.<\/div>\n<div>\n<p>Agudos: Driver dual electro din\u00e1mico. Graves: Woofer de 12&#8243; pulgadas (307 mm).<\/p>\n<\/div>\n<div style=\"font-weight: bold\">Dimensions.<\/div>\n<div>\n<p>370 x 600 x 430 mm.<\/p>\n<\/div>\n<div style=\"font-weight: bold\">Weight.<\/div>\n<div>\n<p>17.1 kg.<\/p>\n<\/div>\n<\/div>\n<\/div>","protected":false},"excerpt":{"rendered":"<p>Bafle pasivo de alto rendimiento con woofer de 12\u201d pulgadas y driver electro din\u00e1mico, potencia continua de 150 watts y 600 watts pico, calidad de sonido excepcional, amplia frecuencia de ancho de banda y rango din\u00e1mico, graves incre\u00edblemente profundos y potencia ac\u00fastica, controladores electrodin\u00e1micos dobles propietarios para una reproducci\u00f3n excepcional de alta frecuencia, dise\u00f1o de la gu\u00eda el\u00edptica de ondas para una dispersi\u00f3n de sonido ultra ancho, adaptador para tr\u00edpode y soporte integral, asas ergon\u00f3micas para facilitar el transporte, rejillas resistentes de acero para una \u00f3ptima protecci\u00f3n de los altavoces, 2 conectores profesionales de jack de 1\/4\u201d, dimensiones: 370 x 600 x 430 mm, peso: 17.1 kg.&hellip; <a class=\"kt-excerpt-readmore more-link\" href=\"https:\/\/www.mexicanguitarplayers.com\/en\/tienda\/audio\/bafles-y-bocinas\/bafles\/bafles-pasivos\/bafle-behringer-p-pa-mod-vs1220\/\">Read more<\/a><\/p>","protected":false},"featured_media":40216,"comment_status":"open","ping_status":"closed","template":"","meta":{"kt_blocks_editor_width":""},"pwb-brand":[171],"product_brand":[],"product_cat":[213,222,223,221],"product_tag":[],"class_list":{"0":"post-40220","1":"product","2":"type-product","3":"status-publish","4":"has-post-thumbnail","6":"pwb-brand-behringer","7":"product_cat-audio","8":"product_cat-bafles","9":"product_cat-bafles-pasivos","10":"product_cat-bafles-y-bocinas","11":"product_shipping_class-15-20-kg","13":"first","14":"instock","15":"taxable","16":"shipping-taxable","17":"purchasable","18":"product-type-simple"},"yoast_head":"<!-- This site is optimized with the Yoast SEO plugin v27.5 - https:\/\/yoast.com\/product\/yoast-seo-wordpress\/ -->\n<title>BAFLE BEHRINGER P\/PA MOD. VS1220 - Mexican Guitar Players<\/title>\n<meta name=\"description\" content=\"Bafle pasivo de alto rendimiento con woofer de 12\u201d pulgadas y driver electro din\u00e1mico, potencia continua de 150 watts y 600 watts pico, calidad de sonido excepcional, amplia frecuencia de ancho de banda y rango din\u00e1mico, graves incre\u00edblemente profundos y potencia ac\u00fastica, controladores electrodin\u00e1micos dobles propietarios para una reproducci\u00f3n excepcional de alta frecuencia, dise\u00f1o de la gu\u00eda el\u00edptica de ondas para una dispersi\u00f3n de sonido ultra ancho, adaptador para tr\u00edpode y soporte integral, asas ergon\u00f3micas para facilitar el transporte, rejillas resistentes de acero para una \u00f3ptima protecci\u00f3n de los altavoces, 2 conectores profesionales de jack de 1\/4\u201d, dimensiones: 370 x 600 x 430 mm, peso: 17.1 kg.\" \/>\n<meta name=\"robots\" content=\"index, follow, max-snippet:-1, max-image-preview:large, max-video-preview:-1\" \/>\n<link rel=\"canonical\" href=\"https:\/\/www.mexicanguitarplayers.com\/en\/tienda\/sin%20categor\u00eda\/bafle-behringer-p-pa-mod-vs1220\/\" \/>\n<meta property=\"og:locale\" content=\"en_US\" \/>\n<meta property=\"og:type\" content=\"article\" \/>\n<meta property=\"og:title\" content=\"BAFLE BEHRINGER P\/PA MOD. VS1220 - Mexican Guitar Players\" \/>\n<meta property=\"og:description\" content=\"Bafle pasivo de alto rendimiento con woofer de 12\u201d pulgadas y driver electro din\u00e1mico, potencia continua de 150 watts y 600 watts pico, calidad de sonido excepcional, amplia frecuencia de ancho de banda y rango din\u00e1mico, graves incre\u00edblemente profundos y potencia ac\u00fastica, controladores electrodin\u00e1micos dobles propietarios para una reproducci\u00f3n excepcional de alta frecuencia, dise\u00f1o de la gu\u00eda el\u00edptica de ondas para una dispersi\u00f3n de sonido ultra ancho, adaptador para tr\u00edpode y soporte integral, asas ergon\u00f3micas para facilitar el transporte, rejillas resistentes de acero para una \u00f3ptima protecci\u00f3n de los altavoces, 2 conectores profesionales de jack de 1\/4\u201d, dimensiones: 370 x 600 x 430 mm, peso: 17.1 kg.\" \/>\n<meta property=\"og:url\" content=\"https:\/\/www.mexicanguitarplayers.com\/en\/tienda\/sin categor\u00eda\/bafle-behringer-p-pa-mod-vs1220\/\" \/>\n<meta property=\"og:site_name\" content=\"Mexican Guitar Players\" \/>\n<meta property=\"article:modified_time\" content=\"2026-04-10T10:20:15+00:00\" \/>\n<meta name=\"twitter:card\" content=\"summary_large_image\" \/>\n<meta name=\"twitter:label1\" content=\"Est. reading time\" \/>\n\t<meta name=\"twitter:data1\" content=\"1 minute\" \/>\n<script type=\"application\/ld+json\" class=\"yoast-schema-graph\">{\"@context\":\"https:\\\/\\\/schema.org\",\"@graph\":[{\"@type\":[\"WebPage\",\"ItemPage\"],\"@id\":\"https:\\\/\\\/www.mexicanguitarplayers.com\\\/tienda\\\/sin categor\u00eda\\\/bafle-behringer-p-pa-mod-vs1220\\\/\",\"url\":\"https:\\\/\\\/www.mexicanguitarplayers.com\\\/tienda\\\/sin categor\u00eda\\\/bafle-behringer-p-pa-mod-vs1220\\\/\",\"name\":\"BAFLE BEHRINGER P\\\/PA MOD. VS1220 - Mexican Guitar Players\",\"isPartOf\":{\"@id\":\"https:\\\/\\\/www.mexicanguitarplayers.com\\\/#website\"},\"primaryImageOfPage\":{\"@id\":\"https:\\\/\\\/www.mexicanguitarplayers.com\\\/tienda\\\/sin categor\u00eda\\\/bafle-behringer-p-pa-mod-vs1220\\\/#primaryimage\"},\"image\":{\"@id\":\"https:\\\/\\\/www.mexicanguitarplayers.com\\\/tienda\\\/sin categor\u00eda\\\/bafle-behringer-p-pa-mod-vs1220\\\/#primaryimage\"},\"thumbnailUrl\":\"https:\\\/\\\/www.mexicanguitarplayers.com\\\/wp-content\\\/uploads\\\/2025\\\/04\\\/IABEHVS1220.jpg\",\"datePublished\":\"2025-04-09T13:00:22+00:00\",\"dateModified\":\"2026-04-10T10:20:15+00:00\",\"description\":\"Bafle pasivo de alto rendimiento con woofer de 12\u201d pulgadas y driver electro din\u00e1mico, potencia continua de 150 watts y 600 watts pico, calidad de sonido excepcional, amplia frecuencia de ancho de banda y rango din\u00e1mico, graves incre\u00edblemente profundos y potencia ac\u00fastica, controladores electrodin\u00e1micos dobles propietarios para una reproducci\u00f3n excepcional de alta frecuencia, dise\u00f1o de la gu\u00eda el\u00edptica de ondas para una dispersi\u00f3n de sonido ultra ancho, adaptador para tr\u00edpode y soporte integral, asas ergon\u00f3micas para facilitar el transporte, rejillas resistentes de acero para una \u00f3ptima protecci\u00f3n de los altavoces, 2 conectores profesionales de jack de 1\\\/4\u201d, dimensiones: 370 x 600 x 430 mm, peso: 17.1 kg.\",\"breadcrumb\":{\"@id\":\"https:\\\/\\\/www.mexicanguitarplayers.com\\\/tienda\\\/sin categor\u00eda\\\/bafle-behringer-p-pa-mod-vs1220\\\/#breadcrumb\"},\"inLanguage\":\"en-US\",\"potentialAction\":[{\"@type\":\"ReadAction\",\"target\":[\"https:\\\/\\\/www.mexicanguitarplayers.com\\\/tienda\\\/sin categor\u00eda\\\/bafle-behringer-p-pa-mod-vs1220\\\/\"]}]},{\"@type\":\"ImageObject\",\"inLanguage\":\"en-US\",\"@id\":\"https:\\\/\\\/www.mexicanguitarplayers.com\\\/tienda\\\/sin categor\u00eda\\\/bafle-behringer-p-pa-mod-vs1220\\\/#primaryimage\",\"url\":\"https:\\\/\\\/www.mexicanguitarplayers.com\\\/wp-content\\\/uploads\\\/2025\\\/04\\\/IABEHVS1220.jpg\",\"contentUrl\":\"https:\\\/\\\/www.mexicanguitarplayers.com\\\/wp-content\\\/uploads\\\/2025\\\/04\\\/IABEHVS1220.jpg\",\"width\":1200,\"height\":1200},{\"@type\":\"BreadcrumbList\",\"@id\":\"https:\\\/\\\/www.mexicanguitarplayers.com\\\/tienda\\\/sin categor\u00eda\\\/bafle-behringer-p-pa-mod-vs1220\\\/#breadcrumb\",\"itemListElement\":[{\"@type\":\"ListItem\",\"position\":1,\"name\":\"Portada\",\"item\":\"https:\\\/\\\/www.mexicanguitarplayers.com\\\/\"},{\"@type\":\"ListItem\",\"position\":2,\"name\":\"Tienda\",\"item\":\"https:\\\/\\\/www.mexicanguitarplayers.com\\\/tienda\\\/\"},{\"@type\":\"ListItem\",\"position\":3,\"name\":\"BAFLE BEHRINGER P\\\/PA MOD. VS1220\"}]},{\"@type\":\"WebSite\",\"@id\":\"https:\\\/\\\/www.mexicanguitarplayers.com\\\/#website\",\"url\":\"https:\\\/\\\/www.mexicanguitarplayers.com\\\/\",\"name\":\"Mexican Guitar Players\",\"description\":\"Website\",\"publisher\":{\"@id\":\"https:\\\/\\\/www.mexicanguitarplayers.com\\\/#organization\"},\"potentialAction\":[{\"@type\":\"SearchAction\",\"target\":{\"@type\":\"EntryPoint\",\"urlTemplate\":\"https:\\\/\\\/www.mexicanguitarplayers.com\\\/?s={search_term_string}\"},\"query-input\":{\"@type\":\"PropertyValueSpecification\",\"valueRequired\":true,\"valueName\":\"search_term_string\"}}],\"inLanguage\":\"en-US\"},{\"@type\":\"Organization\",\"@id\":\"https:\\\/\\\/www.mexicanguitarplayers.com\\\/#organization\",\"name\":\"Mexican Guitar Players\",\"url\":\"https:\\\/\\\/www.mexicanguitarplayers.com\\\/\",\"logo\":{\"@type\":\"ImageObject\",\"inLanguage\":\"en-US\",\"@id\":\"https:\\\/\\\/www.mexicanguitarplayers.com\\\/#\\\/schema\\\/logo\\\/image\\\/\",\"url\":\"\",\"contentUrl\":\"\",\"caption\":\"Mexican Guitar Players\"},\"image\":{\"@id\":\"https:\\\/\\\/www.mexicanguitarplayers.com\\\/#\\\/schema\\\/logo\\\/image\\\/\"}}]}<\/script>\n<!-- \/ Yoast SEO plugin. -->","yoast_head_json":{"title":"BAFLE BEHRINGER P\/PA MOD. VS1220 - Mexican Guitar Players","description":"Bafle pasivo de alto rendimiento con woofer de 12\u201d pulgadas y driver electro din\u00e1mico, potencia continua de 150 watts y 600 watts pico, calidad de sonido excepcional, amplia frecuencia de ancho de banda y rango din\u00e1mico, graves incre\u00edblemente profundos y potencia ac\u00fastica, controladores electrodin\u00e1micos dobles propietarios para una reproducci\u00f3n excepcional de alta frecuencia, dise\u00f1o de la gu\u00eda el\u00edptica de ondas para una dispersi\u00f3n de sonido ultra ancho, adaptador para tr\u00edpode y soporte integral, asas ergon\u00f3micas para facilitar el transporte, rejillas resistentes de acero para una \u00f3ptima protecci\u00f3n de los altavoces, 2 conectores profesionales de jack de 1\/4\u201d, dimensiones: 370 x 600 x 430 mm, peso: 17.1 kg.","robots":{"index":"index","follow":"follow","max-snippet":"max-snippet:-1","max-image-preview":"max-image-preview:large","max-video-preview":"max-video-preview:-1"},"canonical":"https:\/\/www.mexicanguitarplayers.com\/en\/tienda\/sin categor\u00eda\/bafle-behringer-p-pa-mod-vs1220\/","og_locale":"en_US","og_type":"article","og_title":"BAFLE BEHRINGER P\/PA MOD. VS1220 - Mexican Guitar Players","og_description":"Bafle pasivo de alto rendimiento con woofer de 12\u201d pulgadas y driver electro din\u00e1mico, potencia continua de 150 watts y 600 watts pico, calidad de sonido excepcional, amplia frecuencia de ancho de banda y rango din\u00e1mico, graves incre\u00edblemente profundos y potencia ac\u00fastica, controladores electrodin\u00e1micos dobles propietarios para una reproducci\u00f3n excepcional de alta frecuencia, dise\u00f1o de la gu\u00eda el\u00edptica de ondas para una dispersi\u00f3n de sonido ultra ancho, adaptador para tr\u00edpode y soporte integral, asas ergon\u00f3micas para facilitar el transporte, rejillas resistentes de acero para una \u00f3ptima protecci\u00f3n de los altavoces, 2 conectores profesionales de jack de 1\/4\u201d, dimensiones: 370 x 600 x 430 mm, peso: 17.1 kg.","og_url":"https:\/\/www.mexicanguitarplayers.com\/en\/tienda\/sin categor\u00eda\/bafle-behringer-p-pa-mod-vs1220\/","og_site_name":"Mexican Guitar Players","article_modified_time":"2026-04-10T10:20:15+00:00","twitter_card":"summary_large_image","twitter_misc":{"Est. reading time":"1 minute"},"schema":{"@context":"https:\/\/schema.org","@graph":[{"@type":["WebPage","ItemPage"],"@id":"https:\/\/www.mexicanguitarplayers.com\/tienda\/sin categor\u00eda\/bafle-behringer-p-pa-mod-vs1220\/","url":"https:\/\/www.mexicanguitarplayers.com\/tienda\/sin categor\u00eda\/bafle-behringer-p-pa-mod-vs1220\/","name":"BAFLE BEHRINGER P\/PA MOD. VS1220 - Mexican Guitar Players","isPartOf":{"@id":"https:\/\/www.mexicanguitarplayers.com\/#website"},"primaryImageOfPage":{"@id":"https:\/\/www.mexicanguitarplayers.com\/tienda\/sin categor\u00eda\/bafle-behringer-p-pa-mod-vs1220\/#primaryimage"},"image":{"@id":"https:\/\/www.mexicanguitarplayers.com\/tienda\/sin categor\u00eda\/bafle-behringer-p-pa-mod-vs1220\/#primaryimage"},"thumbnailUrl":"https:\/\/www.mexicanguitarplayers.com\/wp-content\/uploads\/2025\/04\/IABEHVS1220.jpg","datePublished":"2025-04-09T13:00:22+00:00","dateModified":"2026-04-10T10:20:15+00:00","description":"Bafle pasivo de alto rendimiento con woofer de 12\u201d pulgadas y driver electro din\u00e1mico, potencia continua de 150 watts y 600 watts pico, calidad de sonido excepcional, amplia frecuencia de ancho de banda y rango din\u00e1mico, graves incre\u00edblemente profundos y potencia ac\u00fastica, controladores electrodin\u00e1micos dobles propietarios para una reproducci\u00f3n excepcional de alta frecuencia, dise\u00f1o de la gu\u00eda el\u00edptica de ondas para una dispersi\u00f3n de sonido ultra ancho, adaptador para tr\u00edpode y soporte integral, asas ergon\u00f3micas para facilitar el transporte, rejillas resistentes de acero para una \u00f3ptima protecci\u00f3n de los altavoces, 2 conectores profesionales de jack de 1\/4\u201d, dimensiones: 370 x 600 x 430 mm, peso: 17.1 kg.","breadcrumb":{"@id":"https:\/\/www.mexicanguitarplayers.com\/tienda\/sin categor\u00eda\/bafle-behringer-p-pa-mod-vs1220\/#breadcrumb"},"inLanguage":"en-US","potentialAction":[{"@type":"ReadAction","target":["https:\/\/www.mexicanguitarplayers.com\/tienda\/sin categor\u00eda\/bafle-behringer-p-pa-mod-vs1220\/"]}]},{"@type":"ImageObject","inLanguage":"en-US","@id":"https:\/\/www.mexicanguitarplayers.com\/tienda\/sin categor\u00eda\/bafle-behringer-p-pa-mod-vs1220\/#primaryimage","url":"https:\/\/www.mexicanguitarplayers.com\/wp-content\/uploads\/2025\/04\/IABEHVS1220.jpg","contentUrl":"https:\/\/www.mexicanguitarplayers.com\/wp-content\/uploads\/2025\/04\/IABEHVS1220.jpg","width":1200,"height":1200},{"@type":"BreadcrumbList","@id":"https:\/\/www.mexicanguitarplayers.com\/tienda\/sin categor\u00eda\/bafle-behringer-p-pa-mod-vs1220\/#breadcrumb","itemListElement":[{"@type":"ListItem","position":1,"name":"Portada","item":"https:\/\/www.mexicanguitarplayers.com\/"},{"@type":"ListItem","position":2,"name":"Tienda","item":"https:\/\/www.mexicanguitarplayers.com\/tienda\/"},{"@type":"ListItem","position":3,"name":"BAFLE BEHRINGER P\/PA MOD. VS1220"}]},{"@type":"WebSite","@id":"https:\/\/www.mexicanguitarplayers.com\/#website","url":"https:\/\/www.mexicanguitarplayers.com\/","name":"Mexican Guitar Players","description":"Website","publisher":{"@id":"https:\/\/www.mexicanguitarplayers.com\/#organization"},"potentialAction":[{"@type":"SearchAction","target":{"@type":"EntryPoint","urlTemplate":"https:\/\/www.mexicanguitarplayers.com\/?s={search_term_string}"},"query-input":{"@type":"PropertyValueSpecification","valueRequired":true,"valueName":"search_term_string"}}],"inLanguage":"en-US"},{"@type":"Organization","@id":"https:\/\/www.mexicanguitarplayers.com\/#organization","name":"Mexican Guitar Players","url":"https:\/\/www.mexicanguitarplayers.com\/","logo":{"@type":"ImageObject","inLanguage":"en-US","@id":"https:\/\/www.mexicanguitarplayers.com\/#\/schema\/logo\/image\/","url":"","contentUrl":"","caption":"Mexican Guitar Players"},"image":{"@id":"https:\/\/www.mexicanguitarplayers.com\/#\/schema\/logo\/image\/"}}]}},"brands":[{"id":171,"name":"BEHRINGER","slug":"behringer"}],"_links":{"self":[{"href":"https:\/\/www.mexicanguitarplayers.com\/en\/wp-json\/wp\/v2\/product\/40220","targetHints":{"allow":["GET"]}}],"collection":[{"href":"https:\/\/www.mexicanguitarplayers.com\/en\/wp-json\/wp\/v2\/product"}],"about":[{"href":"https:\/\/www.mexicanguitarplayers.com\/en\/wp-json\/wp\/v2\/types\/product"}],"replies":[{"embeddable":true,"href":"https:\/\/www.mexicanguitarplayers.com\/en\/wp-json\/wp\/v2\/comments?post=40220"}],"wp:featuredmedia":[{"embeddable":true,"href":"https:\/\/www.mexicanguitarplayers.com\/en\/wp-json\/wp\/v2\/media\/40216"}],"wp:attachment":[{"href":"https:\/\/www.mexicanguitarplayers.com\/en\/wp-json\/wp\/v2\/media?parent=40220"}],"wp:term":[{"taxonomy":"pwb-brand","embeddable":true,"href":"https:\/\/www.mexicanguitarplayers.com\/en\/wp-json\/wp\/v2\/pwb-brand?post=40220"},{"taxonomy":"product_brand","embeddable":true,"href":"https:\/\/www.mexicanguitarplayers.com\/en\/wp-json\/wp\/v2\/product_brand?post=40220"},{"taxonomy":"product_cat","embeddable":true,"href":"https:\/\/www.mexicanguitarplayers.com\/en\/wp-json\/wp\/v2\/product_cat?post=40220"},{"taxonomy":"product_tag","embeddable":true,"href":"https:\/\/www.mexicanguitarplayers.com\/en\/wp-json\/wp\/v2\/product_tag?post=40220"}],"curies":[{"name":"wp","href":"https:\/\/api.w.org\/{rel}","templated":true}]}}