{"id":40225,"date":"2025-04-09T07:00:32","date_gmt":"2025-04-09T13:00:32","guid":{"rendered":"https:\/\/www.mexicanguitarplayers.com\/tienda\/sin categor\u00eda\/mezcladora-behringer-mod-djx750\/"},"modified":"2026-05-01T07:17:37","modified_gmt":"2026-05-01T13:17:37","slug":"mezcladora-behringer-mod-djx750","status":"publish","type":"product","link":"https:\/\/www.mexicanguitarplayers.com\/en\/tienda\/audio\/equipo-de-dj\/mezcladoras-para-dj\/mezcladora-behringer-mod-djx750\/","title":{"rendered":"MEZCLADORA BEHRINGER MOD. DJX750"},"content":{"rendered":"<div style=\"text-align: justify\">\n<div>\n<h3>Mezcla tus hits con creatividad y sin l\u00edmites.<\/h3>\n<\/div>\n<div>La mezcladora PRO MIXER DJX750 combina la operaci\u00f3n intuitiva con el procesamiento de efectos digital incorporado para un sonido limpio y transparente que pondr\u00e1 en llamas la pista de baile. Esta mezcladora de 5 canales de ruido ultra bajo incorpora nuestros faders Ultraglide super-smooth y crossover controlado por VCA para un tiempo de vida incre\u00edble; efectos digitales de vanguardia de 24 bits con control avanzado de par\u00e1metros, contadores BPM con Sync Lock y Beat Assist para asegurar que tus pistas se combinen sin problemas cada vez, adem\u00e1s de una serie de puntos verdaderamente profesionales. Larga vida con m\u00e1s medios. Si puede hacer click, hablar o girar, la mezcladora DJX750 puede mezclar. Obtienes dos canales phono\/line est\u00e9reo, un canal phono\/CD y un canal Line\/CD m\u00e1s un canal dedicado de micr\u00f3fono con bot\u00f3n Mic On y control de nivel Talk. Todos los canales cuentan con control de ganancia independiente y un ecualizador de 3 bandas full Kill en los canales 1 a 4, que tambi\u00e9n proporcionan medidor LED. La DJX750 tambi\u00e9n tiene preamplificadores integrados de alta calidad para manejar hasta 3 tornamesas. Caracter\u00edsticas Galore. Porque tu voz es tu instrumento, la DJX750 cuenta con un canal dedicado de micr\u00f3fono que detecta tu voz autom\u00e1ticamente y reduce el volumen de la pista musical (denominado &#8220;ducking&#8221;), por lo que tu voz estar\u00e1 siempre al frente. El ajuste fino vocal es manejado en el ecualizador integrado de 3 bandas, que proporciona hasta 15 dB de boost o cut a centros de frecuencia Grave (80 Hz), Medio (2.5 k) y Agudo (12 kHz) para una paleta tonal extremadamente amplia. Tambi\u00e9n se incluye nuestro efecto propietario XPQ 3D est\u00e9reo surround que te permite crear una imagen est\u00e9reo mucho m\u00e1s amplia y mejorada. Efectos especiales. Cuando comenzamos el dise\u00f1o de la DJX750, sab\u00edamos que ten\u00edamos que hacer algo muy especial. Tomamos nuestra mejor mezcladora an\u00e1loga de DJ y pusimos un procesador de efectos, poniendo el avanzado control de par\u00e1metros justo al alcance de tu mano. Ya no est\u00e1s confinado a r\u00edgidos preajustes que limitan tu creatividad, puedes cambiar los par\u00e1metros de efectos al momento, llevando tu show al siguiente nivel. Al poco tiempo crear\u00e1s sistemas de gran alcance con tus propios sonidos de efectos personalizados que pueden ser controlados en tiempo real. Los par\u00e1metros ajustables incluyendo profundidad Bit Crusher, filtros sweeps manuales, panning (LFO Rate), tiempo delay\/echo y mucho m\u00e1s. Incluso puedes configurar delay y echo timing relativo al contador BPM interno para resultados extremadamente musicales. Buenos efectos musicales agregan el toque final a cualquier show s\u00f3lido y los nuestros son excepcionales. Con 33 efectos sobresalientes para escoger de entre phase shifters, flangers, reverbs, delays y mucho m\u00e1s que tu audiencia no sabr\u00e1 de d\u00f3nde vienen. Incluso hay un filtro autom\u00e1tico y efecto cambiador de voz que llevar\u00e1 tu show al siguiente nivel.<\/div>\n<div>\n<h4>Quick look<\/h4>\n<\/div>\n<ul style=\"margin: 0px 0px 0px 25px\">\n<li style=\"list-style-type: circle;margin: 5px\">Audio inputs.<\/li>\n<li style=\"list-style-type: circle;margin: 5px\">Audio outputs.<\/li>\n<li style=\"list-style-type: circle;margin: 5px\">Equalizer<\/li>\n<li style=\"list-style-type: circle;margin: 5px\">Procesador de efectos digital.<\/li>\n<li style=\"list-style-type: circle;margin: 5px\">Generalidades.<\/li>\n<li style=\"list-style-type: circle;margin: 5px\">Power supply.<\/li>\n<li style=\"list-style-type: circle;margin: 5px\">Tensi\u00f3n de red \/ Fusibles.<\/li>\n<li style=\"list-style-type: circle;margin: 5px\">Dimensions.<\/li>\n<li style=\"list-style-type: circle;margin: 5px\">Weight.<\/li>\n<\/ul>\n<div>\n<div style=\"font-weight: bold\">Audio inputs.<\/div>\n<div>\n<p>Mic: 40 dB ganancia, XLR balanceada electr\u00f3nica. Phono In: 40 dB ganancia, entrada no balanceada. Line in: 0 dB ganancia, entradas no balanceadas. CD in: 0 dB ganancia, entradas no balanceadas. Retorno: 0 dB ganancia, entrada no balanceada.<\/p>\n<\/div>\n<div style=\"font-weight: bold\">Audio outputs.<\/div>\n<div>\n<p>Master: M\u00e1ximo +21 dBu. Booth: M\u00e1ximo +21 dBu. Tape: T\u00edpico 0 dBu. Env\u00edo: T\u00edpico 0 dBu. Phones out: M\u00e1ximo 180 mW @ 75 ohms.<\/p>\n<\/div>\n<div style=\"font-weight: bold\">Equalizer<\/div>\n<div>\n<p>Stereo Low: +12 dB \/ -32 dB @ 50 Hz. Stereo Mid: +12 dB \/ -32 dB @ 1.2 kHz. Stereo High: +12 dB \/ -32 dB @ 10 kHz. Mic Low: +15 dB \/ -15 dB @ 80 Hz. Mic Mid: +15 dB \/ -15 dB @ 2.5 Hz. Mic High: +15 dB \/ -15 dB @ 12 kHz. Kill Low: -54 dB @ 50 Hz. Kill Mid: -44 dB @ 1 kHz. Kill High: -26 dB @ 10 kHz.<\/p>\n<\/div>\n<div style=\"font-weight: bold\">Procesador de efectos digital.<\/div>\n<div>\n<p>DSP: Freescale. Transformador: 24 bit Sigma-Delta 64\/times oversampling. Velocidad de muestreo: 46.875 kHz.<\/p>\n<\/div>\n<div style=\"font-weight: bold\">Generalidades.<\/div>\n<div>\n<p>Relaci\u00f3n se\u00f1al a ruido: &gt;80 dB (Line). Diafon\u00eda: &gt;70 dB (Line) Distorsi\u00f3n arm\u00f3nica total: &lt;0.03%. Respuesta de frecuencia: 10 Hz &#8211; 55 kHz, +0 \/ -3 dB.<\/p>\n<\/div>\n<div style=\"font-weight: bold\">Power supply.<\/div>\n<div>\n<p>Consumo de energ\u00eda: 32 watts. Conexi\u00f3n: Conector IEC est\u00e1ndar<\/p>\n<\/div>\n<div style=\"font-weight: bold\">Tensi\u00f3n de red \/ Fusibles.<\/div>\n<div>\n<p>100 &#8211; 120V~, 50\/60 Hz. T 1 A H.<\/p>\n<\/div>\n<div style=\"font-weight: bold\">Dimensions.<\/div>\n<div>\n<p>104.3 x 320 x 370.8 mm.<\/p>\n<\/div>\n<div style=\"font-weight: bold\">Weight.<\/div>\n<div>\n<p>3.9 kg.<\/p>\n<\/div>\n<\/div>\n<\/div>","protected":false},"excerpt":{"rendered":"<p>Mezcladora profesional para DJ, dise\u00f1o negro elegante, 5 canales de ruido ultrabajo, efectos digitales de \u00faltima generaci\u00f3n con control avanzado de par\u00e1metros, contador dual autom\u00e1tico inteligente de BPM con display de sincronizaci\u00f3n de tiempo y beat, faders ultra ultraglide super suaves con hasta 500,000 ciclos de vida, impresionante efecto de sonido envolvente est\u00e9reo XPQ ajustable, crossfader controlado por VCA para una m\u00e1xima fiabilidad y un suave rendimiento de audio, curva de crossfader ajustable para todos los estilos de mezcla, ecualizador 3-band kill (-32 dB) y precisos medidores de nivel con funci\u00f3n de peak hold por canal, interruptores de conmutaci\u00f3n adicionales 3-way kill con separaci\u00f3n de frecuencia extremadamente abrupta, funci\u00f3n de monitoreo con control de balance master\/cue y opci\u00f3n split, funci\u00f3n de talkover autom\u00e1tico con control de profundidad independiente, dimensiones: 104.3 x 320 x 370.8 mm, peso: 3.9 kg.&hellip; <a class=\"kt-excerpt-readmore more-link\" href=\"https:\/\/www.mexicanguitarplayers.com\/en\/tienda\/audio\/equipo-de-dj\/mezcladoras-para-dj\/mezcladora-behringer-mod-djx750\/\">Read more<\/a><\/p>","protected":false},"featured_media":40221,"comment_status":"open","ping_status":"closed","template":"","meta":{"kt_blocks_editor_width":""},"pwb-brand":[171],"product_brand":[],"product_cat":[213,483,488],"product_tag":[],"class_list":{"0":"post-40225","1":"product","2":"type-product","3":"status-publish","4":"has-post-thumbnail","6":"pwb-brand-behringer","7":"product_cat-audio","8":"product_cat-equipo-de-dj","9":"product_cat-mezcladoras-para-dj","10":"product_shipping_class-5-10-kg","12":"first","13":"instock","14":"taxable","15":"shipping-taxable","16":"purchasable","17":"product-type-simple"},"yoast_head":"<!-- This site is optimized with the Yoast SEO plugin v27.6 - https:\/\/yoast.com\/product\/yoast-seo-wordpress\/ -->\n<title>MEZCLADORA BEHRINGER MOD. DJX750 - Mexican Guitar Players<\/title>\n<meta name=\"description\" content=\"Mezcladora profesional para DJ, dise\u00f1o negro elegante, 5 canales de ruido ultrabajo, efectos digitales de \u00faltima generaci\u00f3n con control avanzado de par\u00e1metros, contador dual autom\u00e1tico inteligente de BPM con display de sincronizaci\u00f3n de tiempo y beat, faders ultra ultraglide super suaves con hasta 500,000 ciclos de vida, impresionante efecto de sonido envolvente est\u00e9reo XPQ ajustable, crossfader controlado por VCA para una m\u00e1xima fiabilidad y un suave rendimiento de audio, curva de crossfader ajustable para todos los estilos de mezcla, ecualizador 3-band kill (-32 dB) y precisos medidores de nivel con funci\u00f3n de peak hold por canal, interruptores de conmutaci\u00f3n adicionales 3-way kill con separaci\u00f3n de frecuencia extremadamente abrupta, funci\u00f3n de monitoreo con control de balance master\/cue y opci\u00f3n split, funci\u00f3n de talkover autom\u00e1tico con control de profundidad independiente, dimensiones: 104.3 x 320 x 370.8 mm, peso: 3.9 kg.\" \/>\n<meta name=\"robots\" content=\"index, follow, max-snippet:-1, max-image-preview:large, max-video-preview:-1\" \/>\n<link rel=\"canonical\" href=\"https:\/\/www.mexicanguitarplayers.com\/en\/tienda\/sin%20categor\u00eda\/mezcladora-behringer-mod-djx750\/\" \/>\n<meta property=\"og:locale\" content=\"en_US\" \/>\n<meta property=\"og:type\" content=\"article\" \/>\n<meta property=\"og:title\" content=\"MEZCLADORA BEHRINGER MOD. DJX750 - Mexican Guitar Players\" \/>\n<meta property=\"og:description\" content=\"Mezcladora profesional para DJ, dise\u00f1o negro elegante, 5 canales de ruido ultrabajo, efectos digitales de \u00faltima generaci\u00f3n con control avanzado de par\u00e1metros, contador dual autom\u00e1tico inteligente de BPM con display de sincronizaci\u00f3n de tiempo y beat, faders ultra ultraglide super suaves con hasta 500,000 ciclos de vida, impresionante efecto de sonido envolvente est\u00e9reo XPQ ajustable, crossfader controlado por VCA para una m\u00e1xima fiabilidad y un suave rendimiento de audio, curva de crossfader ajustable para todos los estilos de mezcla, ecualizador 3-band kill (-32 dB) y precisos medidores de nivel con funci\u00f3n de peak hold por canal, interruptores de conmutaci\u00f3n adicionales 3-way kill con separaci\u00f3n de frecuencia extremadamente abrupta, funci\u00f3n de monitoreo con control de balance master\/cue y opci\u00f3n split, funci\u00f3n de talkover autom\u00e1tico con control de profundidad independiente, dimensiones: 104.3 x 320 x 370.8 mm, peso: 3.9 kg.\" \/>\n<meta property=\"og:url\" content=\"https:\/\/www.mexicanguitarplayers.com\/en\/tienda\/sin categor\u00eda\/mezcladora-behringer-mod-djx750\/\" \/>\n<meta property=\"og:site_name\" content=\"Mexican Guitar Players\" \/>\n<meta property=\"article:modified_time\" content=\"2026-05-01T13:17:37+00:00\" \/>\n<meta name=\"twitter:card\" content=\"summary_large_image\" \/>\n<meta name=\"twitter:label1\" content=\"Est. reading time\" \/>\n\t<meta name=\"twitter:data1\" content=\"4 minutes\" \/>\n<script type=\"application\/ld+json\" class=\"yoast-schema-graph\">{\"@context\":\"https:\\\/\\\/schema.org\",\"@graph\":[{\"@type\":[\"WebPage\",\"ItemPage\"],\"@id\":\"https:\\\/\\\/www.mexicanguitarplayers.com\\\/tienda\\\/sin categor\u00eda\\\/mezcladora-behringer-mod-djx750\\\/\",\"url\":\"https:\\\/\\\/www.mexicanguitarplayers.com\\\/tienda\\\/sin categor\u00eda\\\/mezcladora-behringer-mod-djx750\\\/\",\"name\":\"MEZCLADORA BEHRINGER MOD. DJX750 - Mexican Guitar Players\",\"isPartOf\":{\"@id\":\"https:\\\/\\\/www.mexicanguitarplayers.com\\\/#website\"},\"primaryImageOfPage\":{\"@id\":\"https:\\\/\\\/www.mexicanguitarplayers.com\\\/tienda\\\/sin categor\u00eda\\\/mezcladora-behringer-mod-djx750\\\/#primaryimage\"},\"image\":{\"@id\":\"https:\\\/\\\/www.mexicanguitarplayers.com\\\/tienda\\\/sin categor\u00eda\\\/mezcladora-behringer-mod-djx750\\\/#primaryimage\"},\"thumbnailUrl\":\"https:\\\/\\\/www.mexicanguitarplayers.com\\\/wp-content\\\/uploads\\\/2025\\\/04\\\/IABEHDJX750.jpg\",\"datePublished\":\"2025-04-09T13:00:32+00:00\",\"dateModified\":\"2026-05-01T13:17:37+00:00\",\"description\":\"Mezcladora profesional para DJ, dise\u00f1o negro elegante, 5 canales de ruido ultrabajo, efectos digitales de \u00faltima generaci\u00f3n con control avanzado de par\u00e1metros, contador dual autom\u00e1tico inteligente de BPM con display de sincronizaci\u00f3n de tiempo y beat, faders ultra ultraglide super suaves con hasta 500,000 ciclos de vida, impresionante efecto de sonido envolvente est\u00e9reo XPQ ajustable, crossfader controlado por VCA para una m\u00e1xima fiabilidad y un suave rendimiento de audio, curva de crossfader ajustable para todos los estilos de mezcla, ecualizador 3-band kill (-32 dB) y precisos medidores de nivel con funci\u00f3n de peak hold por canal, interruptores de conmutaci\u00f3n adicionales 3-way kill con separaci\u00f3n de frecuencia extremadamente abrupta, funci\u00f3n de monitoreo con control de balance master\\\/cue y opci\u00f3n split, funci\u00f3n de talkover autom\u00e1tico con control de profundidad independiente, dimensiones: 104.3 x 320 x 370.8 mm, peso: 3.9 kg.\",\"breadcrumb\":{\"@id\":\"https:\\\/\\\/www.mexicanguitarplayers.com\\\/tienda\\\/sin categor\u00eda\\\/mezcladora-behringer-mod-djx750\\\/#breadcrumb\"},\"inLanguage\":\"en-US\",\"potentialAction\":[{\"@type\":\"ReadAction\",\"target\":[\"https:\\\/\\\/www.mexicanguitarplayers.com\\\/tienda\\\/sin categor\u00eda\\\/mezcladora-behringer-mod-djx750\\\/\"]}]},{\"@type\":\"ImageObject\",\"inLanguage\":\"en-US\",\"@id\":\"https:\\\/\\\/www.mexicanguitarplayers.com\\\/tienda\\\/sin categor\u00eda\\\/mezcladora-behringer-mod-djx750\\\/#primaryimage\",\"url\":\"https:\\\/\\\/www.mexicanguitarplayers.com\\\/wp-content\\\/uploads\\\/2025\\\/04\\\/IABEHDJX750.jpg\",\"contentUrl\":\"https:\\\/\\\/www.mexicanguitarplayers.com\\\/wp-content\\\/uploads\\\/2025\\\/04\\\/IABEHDJX750.jpg\",\"width\":1200,\"height\":1200},{\"@type\":\"BreadcrumbList\",\"@id\":\"https:\\\/\\\/www.mexicanguitarplayers.com\\\/tienda\\\/sin categor\u00eda\\\/mezcladora-behringer-mod-djx750\\\/#breadcrumb\",\"itemListElement\":[{\"@type\":\"ListItem\",\"position\":1,\"name\":\"Portada\",\"item\":\"https:\\\/\\\/www.mexicanguitarplayers.com\\\/\"},{\"@type\":\"ListItem\",\"position\":2,\"name\":\"Tienda\",\"item\":\"https:\\\/\\\/www.mexicanguitarplayers.com\\\/tienda\\\/\"},{\"@type\":\"ListItem\",\"position\":3,\"name\":\"MEZCLADORA BEHRINGER MOD. DJX750\"}]},{\"@type\":\"WebSite\",\"@id\":\"https:\\\/\\\/www.mexicanguitarplayers.com\\\/#website\",\"url\":\"https:\\\/\\\/www.mexicanguitarplayers.com\\\/\",\"name\":\"Mexican Guitar Players\",\"description\":\"Website\",\"publisher\":{\"@id\":\"https:\\\/\\\/www.mexicanguitarplayers.com\\\/#organization\"},\"potentialAction\":[{\"@type\":\"SearchAction\",\"target\":{\"@type\":\"EntryPoint\",\"urlTemplate\":\"https:\\\/\\\/www.mexicanguitarplayers.com\\\/?s={search_term_string}\"},\"query-input\":{\"@type\":\"PropertyValueSpecification\",\"valueRequired\":true,\"valueName\":\"search_term_string\"}}],\"inLanguage\":\"en-US\"},{\"@type\":\"Organization\",\"@id\":\"https:\\\/\\\/www.mexicanguitarplayers.com\\\/#organization\",\"name\":\"Mexican Guitar Players\",\"url\":\"https:\\\/\\\/www.mexicanguitarplayers.com\\\/\",\"logo\":{\"@type\":\"ImageObject\",\"inLanguage\":\"en-US\",\"@id\":\"https:\\\/\\\/www.mexicanguitarplayers.com\\\/#\\\/schema\\\/logo\\\/image\\\/\",\"url\":\"\",\"contentUrl\":\"\",\"caption\":\"Mexican Guitar Players\"},\"image\":{\"@id\":\"https:\\\/\\\/www.mexicanguitarplayers.com\\\/#\\\/schema\\\/logo\\\/image\\\/\"}}]}<\/script>\n<!-- \/ Yoast SEO plugin. -->","yoast_head_json":{"title":"MEZCLADORA BEHRINGER MOD. DJX750 - Mexican Guitar Players","description":"Mezcladora profesional para DJ, dise\u00f1o negro elegante, 5 canales de ruido ultrabajo, efectos digitales de \u00faltima generaci\u00f3n con control avanzado de par\u00e1metros, contador dual autom\u00e1tico inteligente de BPM con display de sincronizaci\u00f3n de tiempo y beat, faders ultra ultraglide super suaves con hasta 500,000 ciclos de vida, impresionante efecto de sonido envolvente est\u00e9reo XPQ ajustable, crossfader controlado por VCA para una m\u00e1xima fiabilidad y un suave rendimiento de audio, curva de crossfader ajustable para todos los estilos de mezcla, ecualizador 3-band kill (-32 dB) y precisos medidores de nivel con funci\u00f3n de peak hold por canal, interruptores de conmutaci\u00f3n adicionales 3-way kill con separaci\u00f3n de frecuencia extremadamente abrupta, funci\u00f3n de monitoreo con control de balance master\/cue y opci\u00f3n split, funci\u00f3n de talkover autom\u00e1tico con control de profundidad independiente, dimensiones: 104.3 x 320 x 370.8 mm, peso: 3.9 kg.","robots":{"index":"index","follow":"follow","max-snippet":"max-snippet:-1","max-image-preview":"max-image-preview:large","max-video-preview":"max-video-preview:-1"},"canonical":"https:\/\/www.mexicanguitarplayers.com\/en\/tienda\/sin categor\u00eda\/mezcladora-behringer-mod-djx750\/","og_locale":"en_US","og_type":"article","og_title":"MEZCLADORA BEHRINGER MOD. DJX750 - Mexican Guitar Players","og_description":"Mezcladora profesional para DJ, dise\u00f1o negro elegante, 5 canales de ruido ultrabajo, efectos digitales de \u00faltima generaci\u00f3n con control avanzado de par\u00e1metros, contador dual autom\u00e1tico inteligente de BPM con display de sincronizaci\u00f3n de tiempo y beat, faders ultra ultraglide super suaves con hasta 500,000 ciclos de vida, impresionante efecto de sonido envolvente est\u00e9reo XPQ ajustable, crossfader controlado por VCA para una m\u00e1xima fiabilidad y un suave rendimiento de audio, curva de crossfader ajustable para todos los estilos de mezcla, ecualizador 3-band kill (-32 dB) y precisos medidores de nivel con funci\u00f3n de peak hold por canal, interruptores de conmutaci\u00f3n adicionales 3-way kill con separaci\u00f3n de frecuencia extremadamente abrupta, funci\u00f3n de monitoreo con control de balance master\/cue y opci\u00f3n split, funci\u00f3n de talkover autom\u00e1tico con control de profundidad independiente, dimensiones: 104.3 x 320 x 370.8 mm, peso: 3.9 kg.","og_url":"https:\/\/www.mexicanguitarplayers.com\/en\/tienda\/sin categor\u00eda\/mezcladora-behringer-mod-djx750\/","og_site_name":"Mexican Guitar Players","article_modified_time":"2026-05-01T13:17:37+00:00","twitter_card":"summary_large_image","twitter_misc":{"Est. reading time":"4 minutes"},"schema":{"@context":"https:\/\/schema.org","@graph":[{"@type":["WebPage","ItemPage"],"@id":"https:\/\/www.mexicanguitarplayers.com\/tienda\/sin categor\u00eda\/mezcladora-behringer-mod-djx750\/","url":"https:\/\/www.mexicanguitarplayers.com\/tienda\/sin categor\u00eda\/mezcladora-behringer-mod-djx750\/","name":"MEZCLADORA BEHRINGER MOD. DJX750 - Mexican Guitar Players","isPartOf":{"@id":"https:\/\/www.mexicanguitarplayers.com\/#website"},"primaryImageOfPage":{"@id":"https:\/\/www.mexicanguitarplayers.com\/tienda\/sin categor\u00eda\/mezcladora-behringer-mod-djx750\/#primaryimage"},"image":{"@id":"https:\/\/www.mexicanguitarplayers.com\/tienda\/sin categor\u00eda\/mezcladora-behringer-mod-djx750\/#primaryimage"},"thumbnailUrl":"https:\/\/www.mexicanguitarplayers.com\/wp-content\/uploads\/2025\/04\/IABEHDJX750.jpg","datePublished":"2025-04-09T13:00:32+00:00","dateModified":"2026-05-01T13:17:37+00:00","description":"Mezcladora profesional para DJ, dise\u00f1o negro elegante, 5 canales de ruido ultrabajo, efectos digitales de \u00faltima generaci\u00f3n con control avanzado de par\u00e1metros, contador dual autom\u00e1tico inteligente de BPM con display de sincronizaci\u00f3n de tiempo y beat, faders ultra ultraglide super suaves con hasta 500,000 ciclos de vida, impresionante efecto de sonido envolvente est\u00e9reo XPQ ajustable, crossfader controlado por VCA para una m\u00e1xima fiabilidad y un suave rendimiento de audio, curva de crossfader ajustable para todos los estilos de mezcla, ecualizador 3-band kill (-32 dB) y precisos medidores de nivel con funci\u00f3n de peak hold por canal, interruptores de conmutaci\u00f3n adicionales 3-way kill con separaci\u00f3n de frecuencia extremadamente abrupta, funci\u00f3n de monitoreo con control de balance master\/cue y opci\u00f3n split, funci\u00f3n de talkover autom\u00e1tico con control de profundidad independiente, dimensiones: 104.3 x 320 x 370.8 mm, peso: 3.9 kg.","breadcrumb":{"@id":"https:\/\/www.mexicanguitarplayers.com\/tienda\/sin categor\u00eda\/mezcladora-behringer-mod-djx750\/#breadcrumb"},"inLanguage":"en-US","potentialAction":[{"@type":"ReadAction","target":["https:\/\/www.mexicanguitarplayers.com\/tienda\/sin categor\u00eda\/mezcladora-behringer-mod-djx750\/"]}]},{"@type":"ImageObject","inLanguage":"en-US","@id":"https:\/\/www.mexicanguitarplayers.com\/tienda\/sin categor\u00eda\/mezcladora-behringer-mod-djx750\/#primaryimage","url":"https:\/\/www.mexicanguitarplayers.com\/wp-content\/uploads\/2025\/04\/IABEHDJX750.jpg","contentUrl":"https:\/\/www.mexicanguitarplayers.com\/wp-content\/uploads\/2025\/04\/IABEHDJX750.jpg","width":1200,"height":1200},{"@type":"BreadcrumbList","@id":"https:\/\/www.mexicanguitarplayers.com\/tienda\/sin categor\u00eda\/mezcladora-behringer-mod-djx750\/#breadcrumb","itemListElement":[{"@type":"ListItem","position":1,"name":"Portada","item":"https:\/\/www.mexicanguitarplayers.com\/"},{"@type":"ListItem","position":2,"name":"Tienda","item":"https:\/\/www.mexicanguitarplayers.com\/tienda\/"},{"@type":"ListItem","position":3,"name":"MEZCLADORA BEHRINGER MOD. DJX750"}]},{"@type":"WebSite","@id":"https:\/\/www.mexicanguitarplayers.com\/#website","url":"https:\/\/www.mexicanguitarplayers.com\/","name":"Mexican Guitar Players","description":"Website","publisher":{"@id":"https:\/\/www.mexicanguitarplayers.com\/#organization"},"potentialAction":[{"@type":"SearchAction","target":{"@type":"EntryPoint","urlTemplate":"https:\/\/www.mexicanguitarplayers.com\/?s={search_term_string}"},"query-input":{"@type":"PropertyValueSpecification","valueRequired":true,"valueName":"search_term_string"}}],"inLanguage":"en-US"},{"@type":"Organization","@id":"https:\/\/www.mexicanguitarplayers.com\/#organization","name":"Mexican Guitar Players","url":"https:\/\/www.mexicanguitarplayers.com\/","logo":{"@type":"ImageObject","inLanguage":"en-US","@id":"https:\/\/www.mexicanguitarplayers.com\/#\/schema\/logo\/image\/","url":"","contentUrl":"","caption":"Mexican Guitar Players"},"image":{"@id":"https:\/\/www.mexicanguitarplayers.com\/#\/schema\/logo\/image\/"}}]}},"brands":[{"id":171,"name":"BEHRINGER","slug":"behringer"}],"_links":{"self":[{"href":"https:\/\/www.mexicanguitarplayers.com\/en\/wp-json\/wp\/v2\/product\/40225","targetHints":{"allow":["GET"]}}],"collection":[{"href":"https:\/\/www.mexicanguitarplayers.com\/en\/wp-json\/wp\/v2\/product"}],"about":[{"href":"https:\/\/www.mexicanguitarplayers.com\/en\/wp-json\/wp\/v2\/types\/product"}],"replies":[{"embeddable":true,"href":"https:\/\/www.mexicanguitarplayers.com\/en\/wp-json\/wp\/v2\/comments?post=40225"}],"wp:featuredmedia":[{"embeddable":true,"href":"https:\/\/www.mexicanguitarplayers.com\/en\/wp-json\/wp\/v2\/media\/40221"}],"wp:attachment":[{"href":"https:\/\/www.mexicanguitarplayers.com\/en\/wp-json\/wp\/v2\/media?parent=40225"}],"wp:term":[{"taxonomy":"pwb-brand","embeddable":true,"href":"https:\/\/www.mexicanguitarplayers.com\/en\/wp-json\/wp\/v2\/pwb-brand?post=40225"},{"taxonomy":"product_brand","embeddable":true,"href":"https:\/\/www.mexicanguitarplayers.com\/en\/wp-json\/wp\/v2\/product_brand?post=40225"},{"taxonomy":"product_cat","embeddable":true,"href":"https:\/\/www.mexicanguitarplayers.com\/en\/wp-json\/wp\/v2\/product_cat?post=40225"},{"taxonomy":"product_tag","embeddable":true,"href":"https:\/\/www.mexicanguitarplayers.com\/en\/wp-json\/wp\/v2\/product_tag?post=40225"}],"curies":[{"name":"wp","href":"https:\/\/api.w.org\/{rel}","templated":true}]}}