{"id":40264,"date":"2025-04-09T07:01:31","date_gmt":"2025-04-09T13:01:31","guid":{"rendered":"https:\/\/www.mexicanguitarplayers.com\/tienda\/sin categor\u00eda\/combo-blackstar-p-guit-ht-5r\/"},"modified":"2026-04-10T04:20:10","modified_gmt":"2026-04-10T10:20:10","slug":"combo-blackstar-p-guit-ht-5r","status":"publish","type":"product","link":"https:\/\/www.mexicanguitarplayers.com\/en\/tienda\/cuerdas\/combos\/combos-para-guitarra\/combo-blackstar-p-guit-ht-5r\/","title":{"rendered":"COMBO BLACKSTAR P\/GUIT.HT-5R"},"content":{"rendered":"<div style=\"text-align: justify\">\n<div>\n<h3>\u00a1El sonido que imaginaste, ahora a tu alcance!<\/h3>\n<\/div>\n<div>El HT-5R toma el tono y las caracter\u00edsticas del HT-5C y agrega el mismo reverb est\u00e9reo que se utiliza en la tan aclamada serie HT Venue. Este combo cuenta con controles dedicados de tono en el canal limpio, un altavoz de dise\u00f1o personalizado de 12\u201d pulgadas y reverb est\u00e9reo, haci\u00e9ndolo el amplificador de guitarra perfecto para estudio o para uso en casa.<\/div>\n<div>\n<h4>Quick look<\/h4>\n<\/div>\n<ul style=\"margin: 0px 0px 0px 25px\">\n<li style=\"list-style-type: circle;margin: 5px\">Kind.<\/li>\n<li style=\"list-style-type: circle;margin: 5px\">Bulbs<\/li>\n<li style=\"list-style-type: circle;margin: 5px\">Characteristics.<\/li>\n<li style=\"list-style-type: circle;margin: 5px\">Speaker.<\/li>\n<li style=\"list-style-type: circle;margin: 5px\">Tickets.<\/li>\n<li style=\"list-style-type: circle;margin: 5px\">Controls<\/li>\n<li style=\"list-style-type: circle;margin: 5px\">2 channels.<\/li>\n<li style=\"list-style-type: circle;margin: 5px\">Push-pull design at 5 watts.<\/li>\n<li style=\"list-style-type: circle;margin: 5px\">Digital reverb.<\/li>\n<li style=\"list-style-type: circle;margin: 5px\">ISF control.<\/li>\n<li style=\"list-style-type: circle;margin: 5px\">Speaker emulation output.<\/li>\n<li style=\"list-style-type: circle;margin: 5px\">Dimensions. <\/li>\n<li style=\"list-style-type: circle;margin: 5px\">Weight.<\/li>\n<\/ul>\n<div>\n<div style=\"font-weight: bold\">Kind.<\/div>\n<div>\n<p>5 watt bulb guitar combo.<\/p>\n<\/div>\n<div style=\"font-weight: bold\">Bulbs<\/div>\n<div>\n<p>1xECC83 and 1x12BH7.<\/p>\n<\/div>\n<div style=\"font-weight: bold\">Characteristics.<\/div>\n<div>\n<p>Dise\u00f1o \u00fanico de amplificador push-pull. Incluye pedal footswitch HT. 2 canales seleccionables por medio de footswitch. Controles de tono mejorados. Loop de efectos con switch de nivel. Estilo vintage.<\/p>\n<\/div>\n<div style=\"font-weight: bold\">Speaker.<\/div>\n<div>\n<p>A custom designed 12 &quot;inch Blackstar speaker at 50 watts.<\/p>\n<\/div>\n<div style=\"font-weight: bold\">Tickets.<\/div>\n<div>\n<p>Instrument input and MP3 \/ Line input.<\/p>\n<\/div>\n<div style=\"font-weight: bold\">Controls<\/div>\n<div>\n<p>Clean Volume, Clean Tone, Overdrive Select, Overdrive Gain, Overdrive Volume, Bass, Middle, Treble, ISF, Reverb.<\/p>\n<\/div>\n<div style=\"font-weight: bold\">2 channels.<\/div>\n<div>\n<p>The guitar amp has 2 channels available for selection, a Clean channel and an Overdrive channel. Using the Gain control while on the Clean channel will allow you to deliver everything from a clean sound to a crunch tone. Alternatively, you can select the Overdrive channel and again use the Gain control, switching from a clean sound to a distorted lead sound.<\/p>\n<\/div>\n<div style=\"font-weight: bold\">Push-pull design at 5 watts.<\/div>\n<div>\n<p>Low power push-pull amplifier that produces the crunch and break-up of a traditional 100-watt amplifier, but at a much lower volume. This is achieved through the use of a 12BH7 dual triode in push-pull configuration that produces 5 watts of output, rich in bulb and compression harmonics, with a full and tonal sound, even at low volume levels.<\/p>\n<\/div>\n<div style=\"font-weight: bold\">Digital reverb.<\/div>\n<div>\n<p>The reverb control adjusts the level of the reverb effect. With the control fully to the left you will not have reverb, but turning the control clockwise will increase the amount of reverb.<\/p>\n<\/div>\n<div style=\"font-weight: bold\">ISF control.<\/div>\n<div>\n<p>The ISF control works in conjunction with the tone controls. This control allows you to find the sound you are really looking for. Fully CCW gives you a tight and aggressive American sound, while fully CW gives you a characteristic British sound, more woody and less aggressive.<\/p>\n<\/div>\n<div style=\"font-weight: bold\">Speaker emulation output.<\/div>\n<div>\n<p>El dise\u00f1o de salida de emulaci\u00f3n de altavoz es un nuevo punto de referencia para la grabaci\u00f3n pro en directo. Este dise\u00f1o sin compromisos hace que sea sencillo obtener tu tono en discos o cintas. Puedes tambi\u00e9n usarlo para correr una l\u00ednea de salida a PA. Cuenta con voicing de 1&#215;12 o 4&#215;12.<\/p>\n<\/div>\n<div style=\"font-weight: bold\">Dimensions. <\/div>\n<div>\n<p>444 x 237 x 400 mm.<\/p>\n<\/div>\n<div style=\"font-weight: bold\">Weight.<\/div>\n<div>\n<p>12.3 kg.<\/p>\n<\/div>\n<\/div>\n<\/div>","protected":false},"excerpt":{"rendered":"<p>Combo de guitarra de bulbos de 5 watts, dise\u00f1o \u00fanico de amplificador push-pull, bulbos: 1xECC83 y 1x12BH7, 2 canales seleccionables (Clean y Overdrive) por medio de footswitch, controles de tono mejorados, loop de efectos con switch de nivel, un altavoz Blackstar de dise\u00f1o personalizado de 12\u201d pulgadas a 50 watts, reverb digital, control ISF patentado (Infinite Shape Featured), incluye pedal footswitch HT, dimensiones: 444 x 237 x 400 mm, peso: 12.3 kg.&hellip; <a class=\"kt-excerpt-readmore more-link\" href=\"https:\/\/www.mexicanguitarplayers.com\/en\/tienda\/cuerdas\/combos\/combos-para-guitarra\/combo-blackstar-p-guit-ht-5r\/\">Read more<\/a><\/p>","protected":false},"featured_media":40261,"comment_status":"open","ping_status":"closed","template":"","meta":{"kt_blocks_editor_width":""},"pwb-brand":[172],"product_brand":[],"product_cat":[236,237,224],"product_tag":[],"class_list":{"0":"post-40264","1":"product","2":"type-product","3":"status-publish","4":"has-post-thumbnail","6":"pwb-brand-blackstar","7":"product_cat-combos","8":"product_cat-combos-para-guitarra","9":"product_cat-cuerdas","10":"product_shipping_class-15-20-kg","12":"first","13":"outofstock","14":"taxable","15":"shipping-taxable","16":"purchasable","17":"product-type-simple"},"yoast_head":"<!-- This site is optimized with the Yoast SEO plugin v27.6 - https:\/\/yoast.com\/product\/yoast-seo-wordpress\/ -->\n<title>COMBO BLACKSTAR P\/GUIT.HT-5R - Mexican Guitar Players<\/title>\n<meta name=\"description\" content=\"Combo de guitarra de bulbos de 5 watts, dise\u00f1o \u00fanico de amplificador push-pull, bulbos: 1xECC83 y 1x12BH7, 2 canales seleccionables (Clean y Overdrive) por medio de footswitch, controles de tono mejorados, loop de efectos con switch de nivel, un altavoz Blackstar de dise\u00f1o personalizado de 12\u201d pulgadas a 50 watts, reverb digital, control ISF patentado (Infinite Shape Featured), incluye pedal footswitch HT, dimensiones: 444 x 237 x 400 mm, peso: 12.3 kg.\" \/>\n<meta name=\"robots\" content=\"index, follow, max-snippet:-1, max-image-preview:large, max-video-preview:-1\" \/>\n<link rel=\"canonical\" href=\"https:\/\/www.mexicanguitarplayers.com\/en\/tienda\/sin%20categor\u00eda\/combo-blackstar-p-guit-ht-5r\/\" \/>\n<meta property=\"og:locale\" content=\"en_US\" \/>\n<meta property=\"og:type\" content=\"article\" \/>\n<meta property=\"og:title\" content=\"COMBO BLACKSTAR P\/GUIT.HT-5R - Mexican Guitar Players\" \/>\n<meta property=\"og:description\" content=\"Combo de guitarra de bulbos de 5 watts, dise\u00f1o \u00fanico de amplificador push-pull, bulbos: 1xECC83 y 1x12BH7, 2 canales seleccionables (Clean y Overdrive) por medio de footswitch, controles de tono mejorados, loop de efectos con switch de nivel, un altavoz Blackstar de dise\u00f1o personalizado de 12\u201d pulgadas a 50 watts, reverb digital, control ISF patentado (Infinite Shape Featured), incluye pedal footswitch HT, dimensiones: 444 x 237 x 400 mm, peso: 12.3 kg.\" \/>\n<meta property=\"og:url\" content=\"https:\/\/www.mexicanguitarplayers.com\/en\/tienda\/sin categor\u00eda\/combo-blackstar-p-guit-ht-5r\/\" \/>\n<meta property=\"og:site_name\" content=\"Mexican Guitar Players\" \/>\n<meta property=\"article:modified_time\" content=\"2026-04-10T10:20:10+00:00\" \/>\n<meta name=\"twitter:card\" content=\"summary_large_image\" \/>\n<meta name=\"twitter:label1\" content=\"Est. reading time\" \/>\n\t<meta name=\"twitter:data1\" content=\"2 minutes\" \/>\n<script type=\"application\/ld+json\" class=\"yoast-schema-graph\">{\"@context\":\"https:\\\/\\\/schema.org\",\"@graph\":[{\"@type\":[\"WebPage\",\"ItemPage\"],\"@id\":\"https:\\\/\\\/www.mexicanguitarplayers.com\\\/tienda\\\/sin categor\u00eda\\\/combo-blackstar-p-guit-ht-5r\\\/\",\"url\":\"https:\\\/\\\/www.mexicanguitarplayers.com\\\/tienda\\\/sin categor\u00eda\\\/combo-blackstar-p-guit-ht-5r\\\/\",\"name\":\"COMBO BLACKSTAR P\\\/GUIT.HT-5R - Mexican Guitar Players\",\"isPartOf\":{\"@id\":\"https:\\\/\\\/www.mexicanguitarplayers.com\\\/#website\"},\"primaryImageOfPage\":{\"@id\":\"https:\\\/\\\/www.mexicanguitarplayers.com\\\/tienda\\\/sin categor\u00eda\\\/combo-blackstar-p-guit-ht-5r\\\/#primaryimage\"},\"image\":{\"@id\":\"https:\\\/\\\/www.mexicanguitarplayers.com\\\/tienda\\\/sin categor\u00eda\\\/combo-blackstar-p-guit-ht-5r\\\/#primaryimage\"},\"thumbnailUrl\":\"https:\\\/\\\/www.mexicanguitarplayers.com\\\/wp-content\\\/uploads\\\/2025\\\/04\\\/ICBLSHT5R.jpg\",\"datePublished\":\"2025-04-09T13:01:31+00:00\",\"dateModified\":\"2026-04-10T10:20:10+00:00\",\"description\":\"Combo de guitarra de bulbos de 5 watts, dise\u00f1o \u00fanico de amplificador push-pull, bulbos: 1xECC83 y 1x12BH7, 2 canales seleccionables (Clean y Overdrive) por medio de footswitch, controles de tono mejorados, loop de efectos con switch de nivel, un altavoz Blackstar de dise\u00f1o personalizado de 12\u201d pulgadas a 50 watts, reverb digital, control ISF patentado (Infinite Shape Featured), incluye pedal footswitch HT, dimensiones: 444 x 237 x 400 mm, peso: 12.3 kg.\",\"breadcrumb\":{\"@id\":\"https:\\\/\\\/www.mexicanguitarplayers.com\\\/tienda\\\/sin categor\u00eda\\\/combo-blackstar-p-guit-ht-5r\\\/#breadcrumb\"},\"inLanguage\":\"en-US\",\"potentialAction\":[{\"@type\":\"ReadAction\",\"target\":[\"https:\\\/\\\/www.mexicanguitarplayers.com\\\/tienda\\\/sin categor\u00eda\\\/combo-blackstar-p-guit-ht-5r\\\/\"]}]},{\"@type\":\"ImageObject\",\"inLanguage\":\"en-US\",\"@id\":\"https:\\\/\\\/www.mexicanguitarplayers.com\\\/tienda\\\/sin categor\u00eda\\\/combo-blackstar-p-guit-ht-5r\\\/#primaryimage\",\"url\":\"https:\\\/\\\/www.mexicanguitarplayers.com\\\/wp-content\\\/uploads\\\/2025\\\/04\\\/ICBLSHT5R.jpg\",\"contentUrl\":\"https:\\\/\\\/www.mexicanguitarplayers.com\\\/wp-content\\\/uploads\\\/2025\\\/04\\\/ICBLSHT5R.jpg\",\"width\":1200,\"height\":1200},{\"@type\":\"BreadcrumbList\",\"@id\":\"https:\\\/\\\/www.mexicanguitarplayers.com\\\/tienda\\\/sin categor\u00eda\\\/combo-blackstar-p-guit-ht-5r\\\/#breadcrumb\",\"itemListElement\":[{\"@type\":\"ListItem\",\"position\":1,\"name\":\"Portada\",\"item\":\"https:\\\/\\\/www.mexicanguitarplayers.com\\\/\"},{\"@type\":\"ListItem\",\"position\":2,\"name\":\"Tienda\",\"item\":\"https:\\\/\\\/www.mexicanguitarplayers.com\\\/tienda\\\/\"},{\"@type\":\"ListItem\",\"position\":3,\"name\":\"COMBO BLACKSTAR P\\\/GUIT.HT-5R\"}]},{\"@type\":\"WebSite\",\"@id\":\"https:\\\/\\\/www.mexicanguitarplayers.com\\\/#website\",\"url\":\"https:\\\/\\\/www.mexicanguitarplayers.com\\\/\",\"name\":\"Mexican Guitar Players\",\"description\":\"Website\",\"publisher\":{\"@id\":\"https:\\\/\\\/www.mexicanguitarplayers.com\\\/#organization\"},\"potentialAction\":[{\"@type\":\"SearchAction\",\"target\":{\"@type\":\"EntryPoint\",\"urlTemplate\":\"https:\\\/\\\/www.mexicanguitarplayers.com\\\/?s={search_term_string}\"},\"query-input\":{\"@type\":\"PropertyValueSpecification\",\"valueRequired\":true,\"valueName\":\"search_term_string\"}}],\"inLanguage\":\"en-US\"},{\"@type\":\"Organization\",\"@id\":\"https:\\\/\\\/www.mexicanguitarplayers.com\\\/#organization\",\"name\":\"Mexican Guitar Players\",\"url\":\"https:\\\/\\\/www.mexicanguitarplayers.com\\\/\",\"logo\":{\"@type\":\"ImageObject\",\"inLanguage\":\"en-US\",\"@id\":\"https:\\\/\\\/www.mexicanguitarplayers.com\\\/#\\\/schema\\\/logo\\\/image\\\/\",\"url\":\"\",\"contentUrl\":\"\",\"caption\":\"Mexican Guitar Players\"},\"image\":{\"@id\":\"https:\\\/\\\/www.mexicanguitarplayers.com\\\/#\\\/schema\\\/logo\\\/image\\\/\"}}]}<\/script>\n<!-- \/ Yoast SEO plugin. -->","yoast_head_json":{"title":"COMBO BLACKSTAR P\/GUIT.HT-5R - Mexican Guitar Players","description":"Guitar combo with 5 watt bulbs, unique push-pull amp design, bulbs: 1xECC83 and 1x12BH7, 2 selectable channels (Clean and Overdrive) via footswitch, improved tone controls, effects loop with level switch, a Blackstar custom designed 12 \u201dinch speaker at 50 watts, digital reverb, patented ISF (Infinite Shape Featured) control, includes HT footswitch, dimensions: 444 x 237 x 400 mm, weight: 12.3 kg.","robots":{"index":"index","follow":"follow","max-snippet":"max-snippet:-1","max-image-preview":"max-image-preview:large","max-video-preview":"max-video-preview:-1"},"canonical":"https:\/\/www.mexicanguitarplayers.com\/en\/tienda\/sin categor\u00eda\/combo-blackstar-p-guit-ht-5r\/","og_locale":"en_US","og_type":"article","og_title":"COMBO BLACKSTAR P\/GUIT.HT-5R - Mexican Guitar Players","og_description":"Combo de guitarra de bulbos de 5 watts, dise\u00f1o \u00fanico de amplificador push-pull, bulbos: 1xECC83 y 1x12BH7, 2 canales seleccionables (Clean y Overdrive) por medio de footswitch, controles de tono mejorados, loop de efectos con switch de nivel, un altavoz Blackstar de dise\u00f1o personalizado de 12\u201d pulgadas a 50 watts, reverb digital, control ISF patentado (Infinite Shape Featured), incluye pedal footswitch HT, dimensiones: 444 x 237 x 400 mm, peso: 12.3 kg.","og_url":"https:\/\/www.mexicanguitarplayers.com\/en\/tienda\/sin categor\u00eda\/combo-blackstar-p-guit-ht-5r\/","og_site_name":"Mexican Guitar Players","article_modified_time":"2026-04-10T10:20:10+00:00","twitter_card":"summary_large_image","twitter_misc":{"Est. reading time":"2 minutes"},"schema":{"@context":"https:\/\/schema.org","@graph":[{"@type":["WebPage","ItemPage"],"@id":"https:\/\/www.mexicanguitarplayers.com\/tienda\/sin categor\u00eda\/combo-blackstar-p-guit-ht-5r\/","url":"https:\/\/www.mexicanguitarplayers.com\/tienda\/sin categor\u00eda\/combo-blackstar-p-guit-ht-5r\/","name":"COMBO BLACKSTAR P\/GUIT.HT-5R - Mexican Guitar Players","isPartOf":{"@id":"https:\/\/www.mexicanguitarplayers.com\/#website"},"primaryImageOfPage":{"@id":"https:\/\/www.mexicanguitarplayers.com\/tienda\/sin categor\u00eda\/combo-blackstar-p-guit-ht-5r\/#primaryimage"},"image":{"@id":"https:\/\/www.mexicanguitarplayers.com\/tienda\/sin categor\u00eda\/combo-blackstar-p-guit-ht-5r\/#primaryimage"},"thumbnailUrl":"https:\/\/www.mexicanguitarplayers.com\/wp-content\/uploads\/2025\/04\/ICBLSHT5R.jpg","datePublished":"2025-04-09T13:01:31+00:00","dateModified":"2026-04-10T10:20:10+00:00","description":"Guitar combo with 5 watt bulbs, unique push-pull amp design, bulbs: 1xECC83 and 1x12BH7, 2 selectable channels (Clean and Overdrive) via footswitch, improved tone controls, effects loop with level switch, a Blackstar custom designed 12 \u201dinch speaker at 50 watts, digital reverb, patented ISF (Infinite Shape Featured) control, includes HT footswitch, dimensions: 444 x 237 x 400 mm, weight: 12.3 kg.","breadcrumb":{"@id":"https:\/\/www.mexicanguitarplayers.com\/tienda\/sin categor\u00eda\/combo-blackstar-p-guit-ht-5r\/#breadcrumb"},"inLanguage":"en-US","potentialAction":[{"@type":"ReadAction","target":["https:\/\/www.mexicanguitarplayers.com\/tienda\/sin categor\u00eda\/combo-blackstar-p-guit-ht-5r\/"]}]},{"@type":"ImageObject","inLanguage":"en-US","@id":"https:\/\/www.mexicanguitarplayers.com\/tienda\/sin categor\u00eda\/combo-blackstar-p-guit-ht-5r\/#primaryimage","url":"https:\/\/www.mexicanguitarplayers.com\/wp-content\/uploads\/2025\/04\/ICBLSHT5R.jpg","contentUrl":"https:\/\/www.mexicanguitarplayers.com\/wp-content\/uploads\/2025\/04\/ICBLSHT5R.jpg","width":1200,"height":1200},{"@type":"BreadcrumbList","@id":"https:\/\/www.mexicanguitarplayers.com\/tienda\/sin categor\u00eda\/combo-blackstar-p-guit-ht-5r\/#breadcrumb","itemListElement":[{"@type":"ListItem","position":1,"name":"Portada","item":"https:\/\/www.mexicanguitarplayers.com\/"},{"@type":"ListItem","position":2,"name":"Tienda","item":"https:\/\/www.mexicanguitarplayers.com\/tienda\/"},{"@type":"ListItem","position":3,"name":"COMBO BLACKSTAR P\/GUIT.HT-5R"}]},{"@type":"WebSite","@id":"https:\/\/www.mexicanguitarplayers.com\/#website","url":"https:\/\/www.mexicanguitarplayers.com\/","name":"Mexican Guitar Players","description":"Website","publisher":{"@id":"https:\/\/www.mexicanguitarplayers.com\/#organization"},"potentialAction":[{"@type":"SearchAction","target":{"@type":"EntryPoint","urlTemplate":"https:\/\/www.mexicanguitarplayers.com\/?s={search_term_string}"},"query-input":{"@type":"PropertyValueSpecification","valueRequired":true,"valueName":"search_term_string"}}],"inLanguage":"en-US"},{"@type":"Organization","@id":"https:\/\/www.mexicanguitarplayers.com\/#organization","name":"Mexican Guitar Players","url":"https:\/\/www.mexicanguitarplayers.com\/","logo":{"@type":"ImageObject","inLanguage":"en-US","@id":"https:\/\/www.mexicanguitarplayers.com\/#\/schema\/logo\/image\/","url":"","contentUrl":"","caption":"Mexican Guitar Players"},"image":{"@id":"https:\/\/www.mexicanguitarplayers.com\/#\/schema\/logo\/image\/"}}]}},"brands":[{"id":172,"name":"BLACKSTAR","slug":"blackstar"}],"_links":{"self":[{"href":"https:\/\/www.mexicanguitarplayers.com\/en\/wp-json\/wp\/v2\/product\/40264","targetHints":{"allow":["GET"]}}],"collection":[{"href":"https:\/\/www.mexicanguitarplayers.com\/en\/wp-json\/wp\/v2\/product"}],"about":[{"href":"https:\/\/www.mexicanguitarplayers.com\/en\/wp-json\/wp\/v2\/types\/product"}],"replies":[{"embeddable":true,"href":"https:\/\/www.mexicanguitarplayers.com\/en\/wp-json\/wp\/v2\/comments?post=40264"}],"wp:featuredmedia":[{"embeddable":true,"href":"https:\/\/www.mexicanguitarplayers.com\/en\/wp-json\/wp\/v2\/media\/40261"}],"wp:attachment":[{"href":"https:\/\/www.mexicanguitarplayers.com\/en\/wp-json\/wp\/v2\/media?parent=40264"}],"wp:term":[{"taxonomy":"pwb-brand","embeddable":true,"href":"https:\/\/www.mexicanguitarplayers.com\/en\/wp-json\/wp\/v2\/pwb-brand?post=40264"},{"taxonomy":"product_brand","embeddable":true,"href":"https:\/\/www.mexicanguitarplayers.com\/en\/wp-json\/wp\/v2\/product_brand?post=40264"},{"taxonomy":"product_cat","embeddable":true,"href":"https:\/\/www.mexicanguitarplayers.com\/en\/wp-json\/wp\/v2\/product_cat?post=40264"},{"taxonomy":"product_tag","embeddable":true,"href":"https:\/\/www.mexicanguitarplayers.com\/en\/wp-json\/wp\/v2\/product_tag?post=40264"}],"curies":[{"name":"wp","href":"https:\/\/api.w.org\/{rel}","templated":true}]}}