{"id":40269,"date":"2025-04-09T07:01:38","date_gmt":"2025-04-09T13:01:38","guid":{"rendered":"https:\/\/www.mexicanguitarplayers.com\/tienda\/sin categor\u00eda\/rack-proel-6-espacios-mod-cr126blkm\/"},"modified":"2026-04-10T04:20:09","modified_gmt":"2026-04-10T10:20:09","slug":"rack-proel-6-espacios-mod-cr126blkm","status":"publish","type":"product","link":"https:\/\/www.mexicanguitarplayers.com\/en\/tienda\/accesorios\/estuches-y-fundas\/cases\/rack-proel-6-espacios-mod-cr126blkm\/","title":{"rendered":"RACK PROEL 6 ESPACIOS MOD. CR126BLKM"},"content":{"rendered":"<div style=\"text-align: justify\">\n<div>\n<h3>Estuche del rack de 19&#8242; 6U, 25 cm de profundidad de rack. CR126BLKM<\/h3>\n<\/div>\n<div>Estuche est\u00e1ndar de 19&#8242; para rack hecho de 5 capas de madera contrachapada marina de liga fen\u00f3lica con 8 mm de grosor. Cubierta laminada negra resistente al agua y antiara\u00f1azos. Interior pintado en negro. Provisto de peque\u00f1os cierres retorcidos con superficie de acero tipo \u00abmariposa\u00bb, asas en la superficie (con muelles), esquina de bola de acero, perfil de aluminio profesional y pies de goma de grado industrial. Se incluyen barras est\u00e1ndares para el rack en el frente con juego de tornillos para las barras, arandelas y tuercas enjauladas &#8211; 25 cm. de profundidad de rack.<\/div>\n<div>\n<h4>Characteristics<\/h4>\n<\/div>\n<div>\n<ul style=\"margin: 0px 0px 0px 25px\">\n<li style=\"list-style-type: circle;margin: 5px\">Model<\/li>\n<li style=\"list-style-type: circle;margin: 5px\">Weight<\/li>\n<li style=\"list-style-type: circle;margin: 5px\">Materiales de fabricaci\u00f3n<\/li>\n<li style=\"list-style-type: circle;margin: 5px\">Profundidad interna utilizable<\/li>\n<li style=\"list-style-type: circle;margin: 5px\">Altura interna utilizable arriba\/abajo<\/li>\n<li style=\"list-style-type: circle;margin: 5px\">Acabado interno<\/li>\n<li style=\"list-style-type: circle;margin: 5px\">Unidades de rack<\/li>\n<li style=\"list-style-type: circle;margin: 5px\">Cierre<\/li>\n<li style=\"list-style-type: circle;margin: 5px\">Asas<\/li>\n<li style=\"list-style-type: circle;margin: 5px\">Colores disponibles<\/li>\n<li style=\"list-style-type: circle;margin: 5px\">Paquete maestro<\/li>\n<\/ul>\n<\/div>\n<\/div>","protected":false},"excerpt":{"rendered":"<p>Rack PROEL de contrachapado marino fen\u00f3lico de 5 mm de grosor, cubierta laminada negra antiara\u00f1azos, esquina y refuerzos de acero y perfil de aluminio. Con profundidad interna utilizable de 250 mm y altura interna utilizable arriba\/abajo de 70 mm con acabado interno y  pintado de negro. Unidades de rack 2U, cierre de 4 peque\u00f1os galvanizados de tipo mariposa. 2 Asas de acero galvanizado con muelleen color Negro. Incluye: Riel frontal para rack. Juego completo de tornillos, arandelas y tuercas. Pies de goma negra&hellip; <a class=\"kt-excerpt-readmore more-link\" href=\"https:\/\/www.mexicanguitarplayers.com\/en\/tienda\/accesorios\/estuches-y-fundas\/cases\/rack-proel-6-espacios-mod-cr126blkm\/\">Read more<\/a><\/p>","protected":false},"featured_media":40265,"comment_status":"open","ping_status":"closed","template":"","meta":{"kt_blocks_editor_width":""},"pwb-brand":[252],"product_brand":[],"product_cat":[85,564,517],"product_tag":[],"class_list":{"0":"post-40269","1":"product","2":"type-product","3":"status-publish","4":"has-post-thumbnail","6":"pwb-brand-proel","7":"product_cat-accesorios","8":"product_cat-cases","9":"product_cat-estuches-y-fundas","10":"product_shipping_class-5-10-kg","12":"first","13":"outofstock","14":"taxable","15":"shipping-taxable","16":"purchasable","17":"product-type-simple"},"yoast_head":"<!-- This site is optimized with the Yoast SEO plugin v27.5 - https:\/\/yoast.com\/product\/yoast-seo-wordpress\/ -->\n<title>RACK PROEL 6 ESPACIOS MOD. CR126BLKM - Mexican Guitar Players<\/title>\n<meta name=\"description\" content=\"Rack PROEL de contrachapado marino fen\u00f3lico de 5 mm de grosor, cubierta laminada negra antiara\u00f1azos, esquina y refuerzos de acero y perfil de aluminio. Con profundidad interna utilizable de 250 mm y altura interna utilizable arriba\/abajo de 70 mm con acabado interno y pintado de negro. Unidades de rack 2U, cierre de 4 peque\u00f1os galvanizados de tipo mariposa. 2 Asas de acero galvanizado con muelleen color Negro. Incluye: Riel frontal para rack. Juego completo de tornillos, arandelas y tuercas. Pies de goma negra\" \/>\n<meta name=\"robots\" content=\"index, follow, max-snippet:-1, max-image-preview:large, max-video-preview:-1\" \/>\n<link rel=\"canonical\" href=\"https:\/\/www.mexicanguitarplayers.com\/en\/tienda\/sin%20categor\u00eda\/rack-proel-6-espacios-mod-cr126blkm\/\" \/>\n<meta property=\"og:locale\" content=\"en_US\" \/>\n<meta property=\"og:type\" content=\"article\" \/>\n<meta property=\"og:title\" content=\"RACK PROEL 6 ESPACIOS MOD. CR126BLKM - Mexican Guitar Players\" \/>\n<meta property=\"og:description\" content=\"Rack PROEL de contrachapado marino fen\u00f3lico de 5 mm de grosor, cubierta laminada negra antiara\u00f1azos, esquina y refuerzos de acero y perfil de aluminio. Con profundidad interna utilizable de 250 mm y altura interna utilizable arriba\/abajo de 70 mm con acabado interno y pintado de negro. Unidades de rack 2U, cierre de 4 peque\u00f1os galvanizados de tipo mariposa. 2 Asas de acero galvanizado con muelleen color Negro. Incluye: Riel frontal para rack. Juego completo de tornillos, arandelas y tuercas. Pies de goma negra\" \/>\n<meta property=\"og:url\" content=\"https:\/\/www.mexicanguitarplayers.com\/en\/tienda\/sin categor\u00eda\/rack-proel-6-espacios-mod-cr126blkm\/\" \/>\n<meta property=\"og:site_name\" content=\"Mexican Guitar Players\" \/>\n<meta property=\"article:modified_time\" content=\"2026-04-10T10:20:09+00:00\" \/>\n<meta name=\"twitter:card\" content=\"summary_large_image\" \/>\n<meta name=\"twitter:label1\" content=\"Est. reading time\" \/>\n\t<meta name=\"twitter:data1\" content=\"1 minute\" \/>\n<script type=\"application\/ld+json\" class=\"yoast-schema-graph\">{\"@context\":\"https:\\\/\\\/schema.org\",\"@graph\":[{\"@type\":[\"WebPage\",\"ItemPage\"],\"@id\":\"https:\\\/\\\/www.mexicanguitarplayers.com\\\/tienda\\\/sin categor\u00eda\\\/rack-proel-6-espacios-mod-cr126blkm\\\/\",\"url\":\"https:\\\/\\\/www.mexicanguitarplayers.com\\\/tienda\\\/sin categor\u00eda\\\/rack-proel-6-espacios-mod-cr126blkm\\\/\",\"name\":\"RACK PROEL 6 ESPACIOS MOD. CR126BLKM - Mexican Guitar Players\",\"isPartOf\":{\"@id\":\"https:\\\/\\\/www.mexicanguitarplayers.com\\\/#website\"},\"primaryImageOfPage\":{\"@id\":\"https:\\\/\\\/www.mexicanguitarplayers.com\\\/tienda\\\/sin categor\u00eda\\\/rack-proel-6-espacios-mod-cr126blkm\\\/#primaryimage\"},\"image\":{\"@id\":\"https:\\\/\\\/www.mexicanguitarplayers.com\\\/tienda\\\/sin categor\u00eda\\\/rack-proel-6-espacios-mod-cr126blkm\\\/#primaryimage\"},\"thumbnailUrl\":\"https:\\\/\\\/www.mexicanguitarplayers.com\\\/wp-content\\\/uploads\\\/2025\\\/04\\\/VAPRECR126BLKM.jpg\",\"datePublished\":\"2025-04-09T13:01:38+00:00\",\"dateModified\":\"2026-04-10T10:20:09+00:00\",\"description\":\"Rack PROEL de contrachapado marino fen\u00f3lico de 5 mm de grosor, cubierta laminada negra antiara\u00f1azos, esquina y refuerzos de acero y perfil de aluminio. Con profundidad interna utilizable de 250 mm y altura interna utilizable arriba\\\/abajo de 70 mm con acabado interno y pintado de negro. Unidades de rack 2U, cierre de 4 peque\u00f1os galvanizados de tipo mariposa. 2 Asas de acero galvanizado con muelleen color Negro. Incluye: Riel frontal para rack. Juego completo de tornillos, arandelas y tuercas. Pies de goma negra\",\"breadcrumb\":{\"@id\":\"https:\\\/\\\/www.mexicanguitarplayers.com\\\/tienda\\\/sin categor\u00eda\\\/rack-proel-6-espacios-mod-cr126blkm\\\/#breadcrumb\"},\"inLanguage\":\"en-US\",\"potentialAction\":[{\"@type\":\"ReadAction\",\"target\":[\"https:\\\/\\\/www.mexicanguitarplayers.com\\\/tienda\\\/sin categor\u00eda\\\/rack-proel-6-espacios-mod-cr126blkm\\\/\"]}]},{\"@type\":\"ImageObject\",\"inLanguage\":\"en-US\",\"@id\":\"https:\\\/\\\/www.mexicanguitarplayers.com\\\/tienda\\\/sin categor\u00eda\\\/rack-proel-6-espacios-mod-cr126blkm\\\/#primaryimage\",\"url\":\"https:\\\/\\\/www.mexicanguitarplayers.com\\\/wp-content\\\/uploads\\\/2025\\\/04\\\/VAPRECR126BLKM.jpg\",\"contentUrl\":\"https:\\\/\\\/www.mexicanguitarplayers.com\\\/wp-content\\\/uploads\\\/2025\\\/04\\\/VAPRECR126BLKM.jpg\",\"width\":1200,\"height\":1200},{\"@type\":\"BreadcrumbList\",\"@id\":\"https:\\\/\\\/www.mexicanguitarplayers.com\\\/tienda\\\/sin categor\u00eda\\\/rack-proel-6-espacios-mod-cr126blkm\\\/#breadcrumb\",\"itemListElement\":[{\"@type\":\"ListItem\",\"position\":1,\"name\":\"Portada\",\"item\":\"https:\\\/\\\/www.mexicanguitarplayers.com\\\/\"},{\"@type\":\"ListItem\",\"position\":2,\"name\":\"Tienda\",\"item\":\"https:\\\/\\\/www.mexicanguitarplayers.com\\\/tienda\\\/\"},{\"@type\":\"ListItem\",\"position\":3,\"name\":\"RACK PROEL 6 ESPACIOS MOD. CR126BLKM\"}]},{\"@type\":\"WebSite\",\"@id\":\"https:\\\/\\\/www.mexicanguitarplayers.com\\\/#website\",\"url\":\"https:\\\/\\\/www.mexicanguitarplayers.com\\\/\",\"name\":\"Mexican Guitar Players\",\"description\":\"Website\",\"publisher\":{\"@id\":\"https:\\\/\\\/www.mexicanguitarplayers.com\\\/#organization\"},\"potentialAction\":[{\"@type\":\"SearchAction\",\"target\":{\"@type\":\"EntryPoint\",\"urlTemplate\":\"https:\\\/\\\/www.mexicanguitarplayers.com\\\/?s={search_term_string}\"},\"query-input\":{\"@type\":\"PropertyValueSpecification\",\"valueRequired\":true,\"valueName\":\"search_term_string\"}}],\"inLanguage\":\"en-US\"},{\"@type\":\"Organization\",\"@id\":\"https:\\\/\\\/www.mexicanguitarplayers.com\\\/#organization\",\"name\":\"Mexican Guitar Players\",\"url\":\"https:\\\/\\\/www.mexicanguitarplayers.com\\\/\",\"logo\":{\"@type\":\"ImageObject\",\"inLanguage\":\"en-US\",\"@id\":\"https:\\\/\\\/www.mexicanguitarplayers.com\\\/#\\\/schema\\\/logo\\\/image\\\/\",\"url\":\"\",\"contentUrl\":\"\",\"caption\":\"Mexican Guitar Players\"},\"image\":{\"@id\":\"https:\\\/\\\/www.mexicanguitarplayers.com\\\/#\\\/schema\\\/logo\\\/image\\\/\"}}]}<\/script>\n<!-- \/ Yoast SEO plugin. -->","yoast_head_json":{"title":"RACK PROEL 6 ESPACIOS MOD. CR126BLKM - Mexican Guitar Players","description":"Rack PROEL de contrachapado marino fen\u00f3lico de 5 mm de grosor, cubierta laminada negra antiara\u00f1azos, esquina y refuerzos de acero y perfil de aluminio. Con profundidad interna utilizable de 250 mm y altura interna utilizable arriba\/abajo de 70 mm con acabado interno y pintado de negro. Unidades de rack 2U, cierre de 4 peque\u00f1os galvanizados de tipo mariposa. 2 Asas de acero galvanizado con muelleen color Negro. Incluye: Riel frontal para rack. Juego completo de tornillos, arandelas y tuercas. Pies de goma negra","robots":{"index":"index","follow":"follow","max-snippet":"max-snippet:-1","max-image-preview":"max-image-preview:large","max-video-preview":"max-video-preview:-1"},"canonical":"https:\/\/www.mexicanguitarplayers.com\/en\/tienda\/sin categor\u00eda\/rack-proel-6-espacios-mod-cr126blkm\/","og_locale":"en_US","og_type":"article","og_title":"RACK PROEL 6 ESPACIOS MOD. CR126BLKM - Mexican Guitar Players","og_description":"Rack PROEL de contrachapado marino fen\u00f3lico de 5 mm de grosor, cubierta laminada negra antiara\u00f1azos, esquina y refuerzos de acero y perfil de aluminio. Con profundidad interna utilizable de 250 mm y altura interna utilizable arriba\/abajo de 70 mm con acabado interno y pintado de negro. Unidades de rack 2U, cierre de 4 peque\u00f1os galvanizados de tipo mariposa. 2 Asas de acero galvanizado con muelleen color Negro. Incluye: Riel frontal para rack. Juego completo de tornillos, arandelas y tuercas. Pies de goma negra","og_url":"https:\/\/www.mexicanguitarplayers.com\/en\/tienda\/sin categor\u00eda\/rack-proel-6-espacios-mod-cr126blkm\/","og_site_name":"Mexican Guitar Players","article_modified_time":"2026-04-10T10:20:09+00:00","twitter_card":"summary_large_image","twitter_misc":{"Est. reading time":"1 minute"},"schema":{"@context":"https:\/\/schema.org","@graph":[{"@type":["WebPage","ItemPage"],"@id":"https:\/\/www.mexicanguitarplayers.com\/tienda\/sin categor\u00eda\/rack-proel-6-espacios-mod-cr126blkm\/","url":"https:\/\/www.mexicanguitarplayers.com\/tienda\/sin categor\u00eda\/rack-proel-6-espacios-mod-cr126blkm\/","name":"RACK PROEL 6 ESPACIOS MOD. CR126BLKM - Mexican Guitar Players","isPartOf":{"@id":"https:\/\/www.mexicanguitarplayers.com\/#website"},"primaryImageOfPage":{"@id":"https:\/\/www.mexicanguitarplayers.com\/tienda\/sin categor\u00eda\/rack-proel-6-espacios-mod-cr126blkm\/#primaryimage"},"image":{"@id":"https:\/\/www.mexicanguitarplayers.com\/tienda\/sin categor\u00eda\/rack-proel-6-espacios-mod-cr126blkm\/#primaryimage"},"thumbnailUrl":"https:\/\/www.mexicanguitarplayers.com\/wp-content\/uploads\/2025\/04\/VAPRECR126BLKM.jpg","datePublished":"2025-04-09T13:01:38+00:00","dateModified":"2026-04-10T10:20:09+00:00","description":"Rack PROEL de contrachapado marino fen\u00f3lico de 5 mm de grosor, cubierta laminada negra antiara\u00f1azos, esquina y refuerzos de acero y perfil de aluminio. Con profundidad interna utilizable de 250 mm y altura interna utilizable arriba\/abajo de 70 mm con acabado interno y pintado de negro. Unidades de rack 2U, cierre de 4 peque\u00f1os galvanizados de tipo mariposa. 2 Asas de acero galvanizado con muelleen color Negro. Incluye: Riel frontal para rack. Juego completo de tornillos, arandelas y tuercas. Pies de goma negra","breadcrumb":{"@id":"https:\/\/www.mexicanguitarplayers.com\/tienda\/sin categor\u00eda\/rack-proel-6-espacios-mod-cr126blkm\/#breadcrumb"},"inLanguage":"en-US","potentialAction":[{"@type":"ReadAction","target":["https:\/\/www.mexicanguitarplayers.com\/tienda\/sin categor\u00eda\/rack-proel-6-espacios-mod-cr126blkm\/"]}]},{"@type":"ImageObject","inLanguage":"en-US","@id":"https:\/\/www.mexicanguitarplayers.com\/tienda\/sin categor\u00eda\/rack-proel-6-espacios-mod-cr126blkm\/#primaryimage","url":"https:\/\/www.mexicanguitarplayers.com\/wp-content\/uploads\/2025\/04\/VAPRECR126BLKM.jpg","contentUrl":"https:\/\/www.mexicanguitarplayers.com\/wp-content\/uploads\/2025\/04\/VAPRECR126BLKM.jpg","width":1200,"height":1200},{"@type":"BreadcrumbList","@id":"https:\/\/www.mexicanguitarplayers.com\/tienda\/sin categor\u00eda\/rack-proel-6-espacios-mod-cr126blkm\/#breadcrumb","itemListElement":[{"@type":"ListItem","position":1,"name":"Portada","item":"https:\/\/www.mexicanguitarplayers.com\/"},{"@type":"ListItem","position":2,"name":"Tienda","item":"https:\/\/www.mexicanguitarplayers.com\/tienda\/"},{"@type":"ListItem","position":3,"name":"RACK PROEL 6 ESPACIOS MOD. CR126BLKM"}]},{"@type":"WebSite","@id":"https:\/\/www.mexicanguitarplayers.com\/#website","url":"https:\/\/www.mexicanguitarplayers.com\/","name":"Mexican Guitar Players","description":"Website","publisher":{"@id":"https:\/\/www.mexicanguitarplayers.com\/#organization"},"potentialAction":[{"@type":"SearchAction","target":{"@type":"EntryPoint","urlTemplate":"https:\/\/www.mexicanguitarplayers.com\/?s={search_term_string}"},"query-input":{"@type":"PropertyValueSpecification","valueRequired":true,"valueName":"search_term_string"}}],"inLanguage":"en-US"},{"@type":"Organization","@id":"https:\/\/www.mexicanguitarplayers.com\/#organization","name":"Mexican Guitar Players","url":"https:\/\/www.mexicanguitarplayers.com\/","logo":{"@type":"ImageObject","inLanguage":"en-US","@id":"https:\/\/www.mexicanguitarplayers.com\/#\/schema\/logo\/image\/","url":"","contentUrl":"","caption":"Mexican Guitar Players"},"image":{"@id":"https:\/\/www.mexicanguitarplayers.com\/#\/schema\/logo\/image\/"}}]}},"brands":[{"id":252,"name":"PROEL","slug":"proel"}],"_links":{"self":[{"href":"https:\/\/www.mexicanguitarplayers.com\/en\/wp-json\/wp\/v2\/product\/40269","targetHints":{"allow":["GET"]}}],"collection":[{"href":"https:\/\/www.mexicanguitarplayers.com\/en\/wp-json\/wp\/v2\/product"}],"about":[{"href":"https:\/\/www.mexicanguitarplayers.com\/en\/wp-json\/wp\/v2\/types\/product"}],"replies":[{"embeddable":true,"href":"https:\/\/www.mexicanguitarplayers.com\/en\/wp-json\/wp\/v2\/comments?post=40269"}],"wp:featuredmedia":[{"embeddable":true,"href":"https:\/\/www.mexicanguitarplayers.com\/en\/wp-json\/wp\/v2\/media\/40265"}],"wp:attachment":[{"href":"https:\/\/www.mexicanguitarplayers.com\/en\/wp-json\/wp\/v2\/media?parent=40269"}],"wp:term":[{"taxonomy":"pwb-brand","embeddable":true,"href":"https:\/\/www.mexicanguitarplayers.com\/en\/wp-json\/wp\/v2\/pwb-brand?post=40269"},{"taxonomy":"product_brand","embeddable":true,"href":"https:\/\/www.mexicanguitarplayers.com\/en\/wp-json\/wp\/v2\/product_brand?post=40269"},{"taxonomy":"product_cat","embeddable":true,"href":"https:\/\/www.mexicanguitarplayers.com\/en\/wp-json\/wp\/v2\/product_cat?post=40269"},{"taxonomy":"product_tag","embeddable":true,"href":"https:\/\/www.mexicanguitarplayers.com\/en\/wp-json\/wp\/v2\/product_tag?post=40269"}],"curies":[{"name":"wp","href":"https:\/\/api.w.org\/{rel}","templated":true}]}}