{"id":40274,"date":"2025-04-09T07:01:44","date_gmt":"2025-04-09T13:01:44","guid":{"rendered":"https:\/\/www.mexicanguitarplayers.com\/tienda\/sin categor\u00eda\/saxofon-maxima-tenor-mod-sxc-51t-l\/"},"modified":"2025-04-09T07:01:44","modified_gmt":"2025-04-09T13:01:44","slug":"saxofon-maxima-tenor-mod-sxc-51t-l","status":"publish","type":"product","link":"https:\/\/www.mexicanguitarplayers.com\/en\/tienda\/alientos\/alientos-madera\/saxofon-maxima-tenor-mod-sxc-51t-l\/","title":{"rendered":"SAXOFON MAXIMA TENOR MOD. SXC-51T\/L"},"content":{"rendered":"<div style=\"text-align: justify\">\n<div>\n<h3>Aprendiendo con facilidad y comodidad.<\/h3>\n<\/div>\n<div>Los instrumentos de aliento M\u00e1xima est\u00e1n especialmente dise\u00f1ados para el m\u00fasico principiante, teniendo en cuenta la comodidad, facilidad y un precio muy asequible. Son ideales para aprender c\u00f3mo sostener adecuadamente las notas y para practicar la entonaci\u00f3n, estos instrumentos te devuelven una gran respuesta y un vibrante sonido. Cuentan con diversos acabados para darle una mejor vista. Ya sean metales o maderas, los alientos M\u00e1xima marcar\u00e1n la pauta para un gran aprendizaje productivo y divertido.<\/div>\n<div>\n<h4>Quick look<\/h4>\n<\/div>\n<ul style=\"margin: 0px 0px 0px 25px\">\n<li style=\"list-style-type: circle;margin: 5px\">Kind.<\/li>\n<li style=\"list-style-type: circle;margin: 5px\">Tono.<\/li>\n<li style=\"list-style-type: circle;margin: 5px\">Campana.<\/li>\n<li style=\"list-style-type: circle;margin: 5px\">Di\u00e1metro de la campana.<\/li>\n<li style=\"list-style-type: circle;margin: 5px\">Cuerpo.<\/li>\n<li style=\"list-style-type: circle;margin: 5px\">Terminado.<\/li>\n<\/ul>\n<div>\n<div style=\"font-weight: bold\">Kind.<\/div>\n<div>\n<p>Saxof\u00f3n tenor.<\/p>\n<\/div>\n<div style=\"font-weight: bold\">Tono.<\/div>\n<div>\n<p>Bb \/ Grave: Bb &#8211; Agudo: F#.<\/p>\n<\/div>\n<div style=\"font-weight: bold\">Campana.<\/div>\n<div>\n<p>Grabada a mano.Desmontable.<\/p>\n<\/div>\n<div style=\"font-weight: bold\">Di\u00e1metro de la campana.<\/div>\n<div>\n<p>153 mm.<\/p>\n<\/div>\n<div style=\"font-weight: bold\">Cuerpo.<\/div>\n<div>\n<p>Lat\u00f3n.<\/p>\n<\/div>\n<div style=\"font-weight: bold\">Terminado.<\/div>\n<div>\n<p>Laqueado.<\/p>\n<\/div>\n<\/div>\n<div>\n<h4>Characteristics<\/h4>\n<\/div>\n<div>\n<ul style=\"margin: 0px 0px 0px 25px\">\n<li style=\"list-style-type: circle;margin: 5px\">Incluye estuche.<\/li>\n<\/ul>\n<\/div>\n<\/div>","protected":false},"excerpt":{"rendered":"<p>Saxof\u00f3n tenor Maxima, fabricada con lat\u00f3n, terminado laqueado, tono Bb, grave: Bb &#8211; Agudo: F#, campana desmontable grabada a mano, con di\u00e1metro de 153 mm, incluye estuche.&hellip; <a class=\"kt-excerpt-readmore more-link\" href=\"https:\/\/www.mexicanguitarplayers.com\/en\/tienda\/alientos\/alientos-madera\/saxofon-maxima-tenor-mod-sxc-51t-l\/\">Read more<\/a><\/p>","protected":false},"featured_media":40272,"comment_status":"open","ping_status":"closed","template":"","meta":{"kt_blocks_editor_width":""},"pwb-brand":[288],"product_brand":[],"product_cat":[388,404],"product_tag":[],"class_list":{"0":"post-40274","1":"product","2":"type-product","3":"status-publish","4":"has-post-thumbnail","6":"pwb-brand-maxima","7":"product_cat-alientos","8":"product_cat-alientos-madera","9":"product_shipping_class-5-10-kg","11":"first","12":"outofstock","13":"taxable","14":"shipping-taxable","15":"purchasable","16":"product-type-simple"},"yoast_head":"<!-- This site is optimized with the Yoast SEO plugin v27.3 - https:\/\/yoast.com\/product\/yoast-seo-wordpress\/ -->\n<title>SAXOFON MAXIMA TENOR MOD. SXC-51T\/L - Mexican Guitar Players<\/title>\n<meta name=\"description\" content=\"Saxof\u00f3n tenor Maxima, fabricada con lat\u00f3n, terminado laqueado, tono Bb, grave: Bb - Agudo: F#, campana desmontable grabada a mano, con di\u00e1metro de 153 mm, incluye estuche.\" \/>\n<meta name=\"robots\" content=\"index, follow, max-snippet:-1, max-image-preview:large, max-video-preview:-1\" \/>\n<link rel=\"canonical\" href=\"https:\/\/www.mexicanguitarplayers.com\/en\/tienda\/sin%20categor\u00eda\/saxofon-maxima-tenor-mod-sxc-51t-l\/\" \/>\n<meta property=\"og:locale\" content=\"en_US\" \/>\n<meta property=\"og:type\" content=\"article\" \/>\n<meta property=\"og:title\" content=\"SAXOFON MAXIMA TENOR MOD. SXC-51T\/L - Mexican Guitar Players\" \/>\n<meta property=\"og:description\" content=\"Saxof\u00f3n tenor Maxima, fabricada con lat\u00f3n, terminado laqueado, tono Bb, grave: Bb - Agudo: F#, campana desmontable grabada a mano, con di\u00e1metro de 153 mm, incluye estuche.\" \/>\n<meta property=\"og:url\" content=\"https:\/\/www.mexicanguitarplayers.com\/en\/tienda\/sin categor\u00eda\/saxofon-maxima-tenor-mod-sxc-51t-l\/\" \/>\n<meta property=\"og:site_name\" content=\"Mexican Guitar Players\" \/>\n<meta name=\"twitter:card\" content=\"summary_large_image\" \/>\n<meta name=\"twitter:label1\" content=\"Est. reading time\" \/>\n\t<meta name=\"twitter:data1\" content=\"1 minute\" \/>\n<script type=\"application\/ld+json\" class=\"yoast-schema-graph\">{\"@context\":\"https:\\\/\\\/schema.org\",\"@graph\":[{\"@type\":[\"WebPage\",\"ItemPage\"],\"@id\":\"https:\\\/\\\/www.mexicanguitarplayers.com\\\/tienda\\\/sin categor\u00eda\\\/saxofon-maxima-tenor-mod-sxc-51t-l\\\/\",\"url\":\"https:\\\/\\\/www.mexicanguitarplayers.com\\\/tienda\\\/sin categor\u00eda\\\/saxofon-maxima-tenor-mod-sxc-51t-l\\\/\",\"name\":\"SAXOFON MAXIMA TENOR MOD. SXC-51T\\\/L - Mexican Guitar Players\",\"isPartOf\":{\"@id\":\"https:\\\/\\\/www.mexicanguitarplayers.com\\\/#website\"},\"primaryImageOfPage\":{\"@id\":\"https:\\\/\\\/www.mexicanguitarplayers.com\\\/tienda\\\/sin categor\u00eda\\\/saxofon-maxima-tenor-mod-sxc-51t-l\\\/#primaryimage\"},\"image\":{\"@id\":\"https:\\\/\\\/www.mexicanguitarplayers.com\\\/tienda\\\/sin categor\u00eda\\\/saxofon-maxima-tenor-mod-sxc-51t-l\\\/#primaryimage\"},\"thumbnailUrl\":\"https:\\\/\\\/www.mexicanguitarplayers.com\\\/wp-content\\\/uploads\\\/2025\\\/04\\\/IVMAXSXC51TL.jpg\",\"datePublished\":\"2025-04-09T13:01:44+00:00\",\"description\":\"Saxof\u00f3n tenor Maxima, fabricada con lat\u00f3n, terminado laqueado, tono Bb, grave: Bb - Agudo: F#, campana desmontable grabada a mano, con di\u00e1metro de 153 mm, incluye estuche.\",\"breadcrumb\":{\"@id\":\"https:\\\/\\\/www.mexicanguitarplayers.com\\\/tienda\\\/sin categor\u00eda\\\/saxofon-maxima-tenor-mod-sxc-51t-l\\\/#breadcrumb\"},\"inLanguage\":\"en-US\",\"potentialAction\":[{\"@type\":\"ReadAction\",\"target\":[\"https:\\\/\\\/www.mexicanguitarplayers.com\\\/tienda\\\/sin categor\u00eda\\\/saxofon-maxima-tenor-mod-sxc-51t-l\\\/\"]}]},{\"@type\":\"ImageObject\",\"inLanguage\":\"en-US\",\"@id\":\"https:\\\/\\\/www.mexicanguitarplayers.com\\\/tienda\\\/sin categor\u00eda\\\/saxofon-maxima-tenor-mod-sxc-51t-l\\\/#primaryimage\",\"url\":\"https:\\\/\\\/www.mexicanguitarplayers.com\\\/wp-content\\\/uploads\\\/2025\\\/04\\\/IVMAXSXC51TL.jpg\",\"contentUrl\":\"https:\\\/\\\/www.mexicanguitarplayers.com\\\/wp-content\\\/uploads\\\/2025\\\/04\\\/IVMAXSXC51TL.jpg\",\"width\":800,\"height\":1600},{\"@type\":\"BreadcrumbList\",\"@id\":\"https:\\\/\\\/www.mexicanguitarplayers.com\\\/tienda\\\/sin categor\u00eda\\\/saxofon-maxima-tenor-mod-sxc-51t-l\\\/#breadcrumb\",\"itemListElement\":[{\"@type\":\"ListItem\",\"position\":1,\"name\":\"Portada\",\"item\":\"https:\\\/\\\/www.mexicanguitarplayers.com\\\/\"},{\"@type\":\"ListItem\",\"position\":2,\"name\":\"Tienda\",\"item\":\"https:\\\/\\\/www.mexicanguitarplayers.com\\\/tienda\\\/\"},{\"@type\":\"ListItem\",\"position\":3,\"name\":\"SAXOFON MAXIMA TENOR MOD. SXC-51T\\\/L\"}]},{\"@type\":\"WebSite\",\"@id\":\"https:\\\/\\\/www.mexicanguitarplayers.com\\\/#website\",\"url\":\"https:\\\/\\\/www.mexicanguitarplayers.com\\\/\",\"name\":\"Mexican Guitar Players\",\"description\":\"Website\",\"publisher\":{\"@id\":\"https:\\\/\\\/www.mexicanguitarplayers.com\\\/#organization\"},\"potentialAction\":[{\"@type\":\"SearchAction\",\"target\":{\"@type\":\"EntryPoint\",\"urlTemplate\":\"https:\\\/\\\/www.mexicanguitarplayers.com\\\/?s={search_term_string}\"},\"query-input\":{\"@type\":\"PropertyValueSpecification\",\"valueRequired\":true,\"valueName\":\"search_term_string\"}}],\"inLanguage\":\"en-US\"},{\"@type\":\"Organization\",\"@id\":\"https:\\\/\\\/www.mexicanguitarplayers.com\\\/#organization\",\"name\":\"Mexican Guitar Players\",\"url\":\"https:\\\/\\\/www.mexicanguitarplayers.com\\\/\",\"logo\":{\"@type\":\"ImageObject\",\"inLanguage\":\"en-US\",\"@id\":\"https:\\\/\\\/www.mexicanguitarplayers.com\\\/#\\\/schema\\\/logo\\\/image\\\/\",\"url\":\"\",\"contentUrl\":\"\",\"caption\":\"Mexican Guitar Players\"},\"image\":{\"@id\":\"https:\\\/\\\/www.mexicanguitarplayers.com\\\/#\\\/schema\\\/logo\\\/image\\\/\"}}]}<\/script>\n<!-- \/ Yoast SEO plugin. -->","yoast_head_json":{"title":"SAXOFON MAXIMA TENOR MOD. SXC-51T\/L - Mexican Guitar Players","description":"Saxof\u00f3n tenor Maxima, fabricada con lat\u00f3n, terminado laqueado, tono Bb, grave: Bb - Agudo: F#, campana desmontable grabada a mano, con di\u00e1metro de 153 mm, incluye estuche.","robots":{"index":"index","follow":"follow","max-snippet":"max-snippet:-1","max-image-preview":"max-image-preview:large","max-video-preview":"max-video-preview:-1"},"canonical":"https:\/\/www.mexicanguitarplayers.com\/en\/tienda\/sin categor\u00eda\/saxofon-maxima-tenor-mod-sxc-51t-l\/","og_locale":"en_US","og_type":"article","og_title":"SAXOFON MAXIMA TENOR MOD. SXC-51T\/L - Mexican Guitar Players","og_description":"Saxof\u00f3n tenor Maxima, fabricada con lat\u00f3n, terminado laqueado, tono Bb, grave: Bb - Agudo: F#, campana desmontable grabada a mano, con di\u00e1metro de 153 mm, incluye estuche.","og_url":"https:\/\/www.mexicanguitarplayers.com\/en\/tienda\/sin categor\u00eda\/saxofon-maxima-tenor-mod-sxc-51t-l\/","og_site_name":"Mexican Guitar Players","twitter_card":"summary_large_image","twitter_misc":{"Est. reading time":"1 minute"},"schema":{"@context":"https:\/\/schema.org","@graph":[{"@type":["WebPage","ItemPage"],"@id":"https:\/\/www.mexicanguitarplayers.com\/tienda\/sin categor\u00eda\/saxofon-maxima-tenor-mod-sxc-51t-l\/","url":"https:\/\/www.mexicanguitarplayers.com\/tienda\/sin categor\u00eda\/saxofon-maxima-tenor-mod-sxc-51t-l\/","name":"SAXOFON MAXIMA TENOR MOD. SXC-51T\/L - Mexican Guitar Players","isPartOf":{"@id":"https:\/\/www.mexicanguitarplayers.com\/#website"},"primaryImageOfPage":{"@id":"https:\/\/www.mexicanguitarplayers.com\/tienda\/sin categor\u00eda\/saxofon-maxima-tenor-mod-sxc-51t-l\/#primaryimage"},"image":{"@id":"https:\/\/www.mexicanguitarplayers.com\/tienda\/sin categor\u00eda\/saxofon-maxima-tenor-mod-sxc-51t-l\/#primaryimage"},"thumbnailUrl":"https:\/\/www.mexicanguitarplayers.com\/wp-content\/uploads\/2025\/04\/IVMAXSXC51TL.jpg","datePublished":"2025-04-09T13:01:44+00:00","description":"Saxof\u00f3n tenor Maxima, fabricada con lat\u00f3n, terminado laqueado, tono Bb, grave: Bb - Agudo: F#, campana desmontable grabada a mano, con di\u00e1metro de 153 mm, incluye estuche.","breadcrumb":{"@id":"https:\/\/www.mexicanguitarplayers.com\/tienda\/sin categor\u00eda\/saxofon-maxima-tenor-mod-sxc-51t-l\/#breadcrumb"},"inLanguage":"en-US","potentialAction":[{"@type":"ReadAction","target":["https:\/\/www.mexicanguitarplayers.com\/tienda\/sin categor\u00eda\/saxofon-maxima-tenor-mod-sxc-51t-l\/"]}]},{"@type":"ImageObject","inLanguage":"en-US","@id":"https:\/\/www.mexicanguitarplayers.com\/tienda\/sin categor\u00eda\/saxofon-maxima-tenor-mod-sxc-51t-l\/#primaryimage","url":"https:\/\/www.mexicanguitarplayers.com\/wp-content\/uploads\/2025\/04\/IVMAXSXC51TL.jpg","contentUrl":"https:\/\/www.mexicanguitarplayers.com\/wp-content\/uploads\/2025\/04\/IVMAXSXC51TL.jpg","width":800,"height":1600},{"@type":"BreadcrumbList","@id":"https:\/\/www.mexicanguitarplayers.com\/tienda\/sin categor\u00eda\/saxofon-maxima-tenor-mod-sxc-51t-l\/#breadcrumb","itemListElement":[{"@type":"ListItem","position":1,"name":"Portada","item":"https:\/\/www.mexicanguitarplayers.com\/"},{"@type":"ListItem","position":2,"name":"Tienda","item":"https:\/\/www.mexicanguitarplayers.com\/tienda\/"},{"@type":"ListItem","position":3,"name":"SAXOFON MAXIMA TENOR MOD. SXC-51T\/L"}]},{"@type":"WebSite","@id":"https:\/\/www.mexicanguitarplayers.com\/#website","url":"https:\/\/www.mexicanguitarplayers.com\/","name":"Mexican Guitar Players","description":"Website","publisher":{"@id":"https:\/\/www.mexicanguitarplayers.com\/#organization"},"potentialAction":[{"@type":"SearchAction","target":{"@type":"EntryPoint","urlTemplate":"https:\/\/www.mexicanguitarplayers.com\/?s={search_term_string}"},"query-input":{"@type":"PropertyValueSpecification","valueRequired":true,"valueName":"search_term_string"}}],"inLanguage":"en-US"},{"@type":"Organization","@id":"https:\/\/www.mexicanguitarplayers.com\/#organization","name":"Mexican Guitar Players","url":"https:\/\/www.mexicanguitarplayers.com\/","logo":{"@type":"ImageObject","inLanguage":"en-US","@id":"https:\/\/www.mexicanguitarplayers.com\/#\/schema\/logo\/image\/","url":"","contentUrl":"","caption":"Mexican Guitar Players"},"image":{"@id":"https:\/\/www.mexicanguitarplayers.com\/#\/schema\/logo\/image\/"}}]}},"brands":[{"id":288,"name":"MAXIMUM","slug":"maxima"}],"_links":{"self":[{"href":"https:\/\/www.mexicanguitarplayers.com\/en\/wp-json\/wp\/v2\/product\/40274","targetHints":{"allow":["GET"]}}],"collection":[{"href":"https:\/\/www.mexicanguitarplayers.com\/en\/wp-json\/wp\/v2\/product"}],"about":[{"href":"https:\/\/www.mexicanguitarplayers.com\/en\/wp-json\/wp\/v2\/types\/product"}],"replies":[{"embeddable":true,"href":"https:\/\/www.mexicanguitarplayers.com\/en\/wp-json\/wp\/v2\/comments?post=40274"}],"wp:featuredmedia":[{"embeddable":true,"href":"https:\/\/www.mexicanguitarplayers.com\/en\/wp-json\/wp\/v2\/media\/40272"}],"wp:attachment":[{"href":"https:\/\/www.mexicanguitarplayers.com\/en\/wp-json\/wp\/v2\/media?parent=40274"}],"wp:term":[{"taxonomy":"pwb-brand","embeddable":true,"href":"https:\/\/www.mexicanguitarplayers.com\/en\/wp-json\/wp\/v2\/pwb-brand?post=40274"},{"taxonomy":"product_brand","embeddable":true,"href":"https:\/\/www.mexicanguitarplayers.com\/en\/wp-json\/wp\/v2\/product_brand?post=40274"},{"taxonomy":"product_cat","embeddable":true,"href":"https:\/\/www.mexicanguitarplayers.com\/en\/wp-json\/wp\/v2\/product_cat?post=40274"},{"taxonomy":"product_tag","embeddable":true,"href":"https:\/\/www.mexicanguitarplayers.com\/en\/wp-json\/wp\/v2\/product_tag?post=40274"}],"curies":[{"name":"wp","href":"https:\/\/api.w.org\/{rel}","templated":true}]}}