{"id":40286,"date":"2025-04-09T07:02:04","date_gmt":"2025-04-09T13:02:04","guid":{"rendered":"https:\/\/www.mexicanguitarplayers.com\/tienda\/sin categor\u00eda\/estuche-gator-p-guitarra-gc-dread-12\/"},"modified":"2026-04-15T04:16:16","modified_gmt":"2026-04-15T10:16:16","slug":"estuche-gator-p-guitarra-gc-dread-12","status":"publish","type":"product","link":"https:\/\/www.mexicanguitarplayers.com\/en\/tienda\/accesorios\/estuches-y-fundas\/para-guitarra\/para-guitarra-acustica\/estuche-gator-p-guitarra-gc-dread-12\/","title":{"rendered":"ESTUCHE GATOR P\/GUITARRA GC-DREAD-12"},"content":{"rendered":"<div style=\"text-align: justify\">\n<div>\n<h3>Protege tu instrumento e inversi\u00f3n.<\/h3>\n<\/div>\n<div>El estuche GC-DREAD 12 para guitarra dreadnought de 12 cuerdas proporciona un sistema de defensa de m\u00faltiples capas y est\u00e1 dise\u00f1ado para mantener tu instrumento (e inversi\u00f3n) seguro, sin importar a d\u00f3nde vayas. Esta protecci\u00f3n comienza con un exterior r\u00edgido hecho de pl\u00e1stico ABS resistente a los impactos y equipado con manijas reforzadas, cierres cromados con cerradura, as\u00ed como cenefas de aluminio de alta resistencia para proporcionar un agarre firma y un ajuste seguro. En el interior, un n\u00facleo de espuma EPS ofrece soporte de pies a cabeza y el forro de felpa mantiene a raya el polvo y los molestos rasgu\u00f1os. En t\u00e9rminos de durabilidad y protecci\u00f3n, este estuche seguramente alcanzar\u00eda todas las notas correctas.<\/div>\n<div>\n<h4>Quick look<\/h4>\n<\/div>\n<ul style=\"margin: 0px 0px 0px 25px\">\n<li style=\"list-style-type: circle;margin: 5px\">Dimensiones interiores.<\/li>\n<li style=\"list-style-type: circle;margin: 5px\">Dimensiones exteriores.<\/li>\n<li style=\"list-style-type: circle;margin: 5px\">Weight.<\/li>\n<\/ul>\n<div>\n<div style=\"font-weight: bold\">Dimensiones interiores.<\/div>\n<div>\n<p>Altura interior: 4.9&#8243; (124.46 mm). Longitud del cuerpo: 22.2&#8243; (563.88 mm). Ancho de la parte inferior: 16&#8243; (406.4 mm). Ancho de la parte del medio: 12&#8243; (304.8 mm). Ancho de la parte superior: 12.4&#8243; (314.96 mm). Longitud total: 43.1&#8243; (1094.74 mm).<\/p>\n<\/div>\n<div style=\"font-weight: bold\">Dimensiones exteriores.<\/div>\n<div>\n<p>Longitud exterior: 45.4&#8243; (1153.16 mm). Ancho exterior: 18.7&#8243; (474.98 mm). Altura exterior: 7.1&#8243; (180.34 mm).<\/p>\n<\/div>\n<div style=\"font-weight: bold\">Weight.<\/div>\n<div>\n<p>4 kg.<\/p>\n<\/div>\n<\/div>\n<div>\n<h4>Characteristics<\/h4>\n<\/div>\n<div>\n<ul style=\"margin: 0px 0px 0px 25px\">\n<li style=\"list-style-type: circle;margin: 5px\">Estuche para guitarra dreadnought de 12 cuerdas.<\/li>\n<li style=\"list-style-type: circle;margin: 5px\">Carcasa exterior moldeada de pl\u00e1stico ABS.<\/li>\n<li style=\"list-style-type: circle;margin: 5px\">Espuma EPS y forro de felpa.<\/li>\n<li style=\"list-style-type: circle;margin: 5px\">Compartimento interior para almacenamiento.<\/li>\n<li style=\"list-style-type: circle;margin: 5px\">Mangos reforzados extra fuertes.<\/li>\n<li style=\"list-style-type: circle;margin: 5px\">Cenefas de aluminio de uso rudo.<\/li>\n<li style=\"list-style-type: circle;margin: 5px\">Pestillos con cerradura cromados.<\/li>\n<li style=\"list-style-type: circle;margin: 5px\">Asa resistente.<\/li>\n<li style=\"list-style-type: circle;margin: 5px\">Epiphone<\/li>\n<li style=\"list-style-type: circle;margin: 5px\">Orangewood Guitars<\/li>\n<li style=\"list-style-type: circle;margin: 5px\">Taylor<\/li>\n<li style=\"list-style-type: circle;margin: 5px\">Yamaha<\/li>\n<\/ul>\n<\/div>\n<\/div>","protected":false},"excerpt":{"rendered":"<p>Estuche para guitarra dreadnought de 12 cuerdas, moldeado de lujo, carcasa exterior moldeada de pl\u00e1stico ABS resistente a los impactos para un exterior ultra duradero, espuma EPS y forro de felpa que brindan una protecci\u00f3n interior segura contra rayones y rasgu\u00f1os, espacioso compartimento interior para almacenamiento que ofrece escondites seguros para capos, cuerdas, p\u00faas y accesorios, mangos reforzados extra fuertes que ofrecen un agarre firme, cenefas de aluminio de uso rudo que mantienen el cerrojo alineado, protegen los bordes exteriores y refuerzan la resistencia general de la carcasa, pestillos con cerradura cromados que mantienen tu instrumento en su lugar de forma segura en todo momento, asa resistente y cuna acolchada.&hellip; <a class=\"kt-excerpt-readmore more-link\" href=\"https:\/\/www.mexicanguitarplayers.com\/en\/tienda\/accesorios\/estuches-y-fundas\/para-guitarra\/para-guitarra-acustica\/estuche-gator-p-guitarra-gc-dread-12\/\">Read more<\/a><\/p>","protected":false},"featured_media":40275,"comment_status":"open","ping_status":"closed","template":"","meta":{"kt_blocks_editor_width":""},"pwb-brand":[572],"product_brand":[],"product_cat":[85,517,566,569],"product_tag":[],"class_list":{"0":"post-40286","1":"product","2":"type-product","3":"status-publish","4":"has-post-thumbnail","6":"pwb-brand-gator","7":"product_cat-accesorios","8":"product_cat-estuches-y-fundas","9":"product_cat-para-guitarra","10":"product_cat-para-guitarra-acustica","11":"product_shipping_class-5-10-kg","13":"first","14":"outofstock","15":"taxable","16":"shipping-taxable","17":"purchasable","18":"product-type-simple"},"yoast_head":"<!-- This site is optimized with the Yoast SEO plugin v27.5 - https:\/\/yoast.com\/product\/yoast-seo-wordpress\/ -->\n<title>ESTUCHE GATOR P\/GUITARRA GC-DREAD-12 - Mexican Guitar Players<\/title>\n<meta name=\"description\" content=\"Estuche para guitarra dreadnought de 12 cuerdas, moldeado de lujo, carcasa exterior moldeada de pl\u00e1stico ABS resistente a los impactos para un exterior ultra duradero, espuma EPS y forro de felpa que brindan una protecci\u00f3n interior segura contra rayones y rasgu\u00f1os, espacioso compartimento interior para almacenamiento que ofrece escondites seguros para capos, cuerdas, p\u00faas y accesorios, mangos reforzados extra fuertes que ofrecen un agarre firme, cenefas de aluminio de uso rudo que mantienen el cerrojo alineado, protegen los bordes exteriores y refuerzan la resistencia general de la carcasa, pestillos con cerradura cromados que mantienen tu instrumento en su lugar de forma segura en todo momento, asa resistente y cuna acolchada.\" \/>\n<meta name=\"robots\" content=\"index, follow, max-snippet:-1, max-image-preview:large, max-video-preview:-1\" \/>\n<link rel=\"canonical\" href=\"https:\/\/www.mexicanguitarplayers.com\/en\/tienda\/sin%20categor\u00eda\/estuche-gator-p-guitarra-gc-dread-12\/\" \/>\n<meta property=\"og:locale\" content=\"en_US\" \/>\n<meta property=\"og:type\" content=\"article\" \/>\n<meta property=\"og:title\" content=\"ESTUCHE GATOR P\/GUITARRA GC-DREAD-12 - Mexican Guitar Players\" \/>\n<meta property=\"og:description\" content=\"Estuche para guitarra dreadnought de 12 cuerdas, moldeado de lujo, carcasa exterior moldeada de pl\u00e1stico ABS resistente a los impactos para un exterior ultra duradero, espuma EPS y forro de felpa que brindan una protecci\u00f3n interior segura contra rayones y rasgu\u00f1os, espacioso compartimento interior para almacenamiento que ofrece escondites seguros para capos, cuerdas, p\u00faas y accesorios, mangos reforzados extra fuertes que ofrecen un agarre firme, cenefas de aluminio de uso rudo que mantienen el cerrojo alineado, protegen los bordes exteriores y refuerzan la resistencia general de la carcasa, pestillos con cerradura cromados que mantienen tu instrumento en su lugar de forma segura en todo momento, asa resistente y cuna acolchada.\" \/>\n<meta property=\"og:url\" content=\"https:\/\/www.mexicanguitarplayers.com\/en\/tienda\/sin categor\u00eda\/estuche-gator-p-guitarra-gc-dread-12\/\" \/>\n<meta property=\"og:site_name\" content=\"Mexican Guitar Players\" \/>\n<meta property=\"article:modified_time\" content=\"2026-04-15T10:16:16+00:00\" \/>\n<meta name=\"twitter:card\" content=\"summary_large_image\" \/>\n<meta name=\"twitter:label1\" content=\"Est. reading time\" \/>\n\t<meta name=\"twitter:data1\" content=\"1 minute\" \/>\n<script type=\"application\/ld+json\" class=\"yoast-schema-graph\">{\"@context\":\"https:\\\/\\\/schema.org\",\"@graph\":[{\"@type\":[\"WebPage\",\"ItemPage\"],\"@id\":\"https:\\\/\\\/www.mexicanguitarplayers.com\\\/tienda\\\/sin categor\u00eda\\\/estuche-gator-p-guitarra-gc-dread-12\\\/\",\"url\":\"https:\\\/\\\/www.mexicanguitarplayers.com\\\/tienda\\\/sin categor\u00eda\\\/estuche-gator-p-guitarra-gc-dread-12\\\/\",\"name\":\"ESTUCHE GATOR P\\\/GUITARRA GC-DREAD-12 - Mexican Guitar Players\",\"isPartOf\":{\"@id\":\"https:\\\/\\\/www.mexicanguitarplayers.com\\\/#website\"},\"primaryImageOfPage\":{\"@id\":\"https:\\\/\\\/www.mexicanguitarplayers.com\\\/tienda\\\/sin categor\u00eda\\\/estuche-gator-p-guitarra-gc-dread-12\\\/#primaryimage\"},\"image\":{\"@id\":\"https:\\\/\\\/www.mexicanguitarplayers.com\\\/tienda\\\/sin categor\u00eda\\\/estuche-gator-p-guitarra-gc-dread-12\\\/#primaryimage\"},\"thumbnailUrl\":\"https:\\\/\\\/www.mexicanguitarplayers.com\\\/wp-content\\\/uploads\\\/2025\\\/04\\\/VAGATGCDRE124P.jpg\",\"datePublished\":\"2025-04-09T13:02:04+00:00\",\"dateModified\":\"2026-04-15T10:16:16+00:00\",\"description\":\"Estuche para guitarra dreadnought de 12 cuerdas, moldeado de lujo, carcasa exterior moldeada de pl\u00e1stico ABS resistente a los impactos para un exterior ultra duradero, espuma EPS y forro de felpa que brindan una protecci\u00f3n interior segura contra rayones y rasgu\u00f1os, espacioso compartimento interior para almacenamiento que ofrece escondites seguros para capos, cuerdas, p\u00faas y accesorios, mangos reforzados extra fuertes que ofrecen un agarre firme, cenefas de aluminio de uso rudo que mantienen el cerrojo alineado, protegen los bordes exteriores y refuerzan la resistencia general de la carcasa, pestillos con cerradura cromados que mantienen tu instrumento en su lugar de forma segura en todo momento, asa resistente y cuna acolchada.\",\"breadcrumb\":{\"@id\":\"https:\\\/\\\/www.mexicanguitarplayers.com\\\/tienda\\\/sin categor\u00eda\\\/estuche-gator-p-guitarra-gc-dread-12\\\/#breadcrumb\"},\"inLanguage\":\"en-US\",\"potentialAction\":[{\"@type\":\"ReadAction\",\"target\":[\"https:\\\/\\\/www.mexicanguitarplayers.com\\\/tienda\\\/sin categor\u00eda\\\/estuche-gator-p-guitarra-gc-dread-12\\\/\"]}]},{\"@type\":\"ImageObject\",\"inLanguage\":\"en-US\",\"@id\":\"https:\\\/\\\/www.mexicanguitarplayers.com\\\/tienda\\\/sin categor\u00eda\\\/estuche-gator-p-guitarra-gc-dread-12\\\/#primaryimage\",\"url\":\"https:\\\/\\\/www.mexicanguitarplayers.com\\\/wp-content\\\/uploads\\\/2025\\\/04\\\/VAGATGCDRE124P.jpg\",\"contentUrl\":\"https:\\\/\\\/www.mexicanguitarplayers.com\\\/wp-content\\\/uploads\\\/2025\\\/04\\\/VAGATGCDRE124P.jpg\",\"width\":1600,\"height\":800},{\"@type\":\"BreadcrumbList\",\"@id\":\"https:\\\/\\\/www.mexicanguitarplayers.com\\\/tienda\\\/sin categor\u00eda\\\/estuche-gator-p-guitarra-gc-dread-12\\\/#breadcrumb\",\"itemListElement\":[{\"@type\":\"ListItem\",\"position\":1,\"name\":\"Portada\",\"item\":\"https:\\\/\\\/www.mexicanguitarplayers.com\\\/\"},{\"@type\":\"ListItem\",\"position\":2,\"name\":\"Tienda\",\"item\":\"https:\\\/\\\/www.mexicanguitarplayers.com\\\/tienda\\\/\"},{\"@type\":\"ListItem\",\"position\":3,\"name\":\"ESTUCHE GATOR P\\\/GUITARRA GC-DREAD-12\"}]},{\"@type\":\"WebSite\",\"@id\":\"https:\\\/\\\/www.mexicanguitarplayers.com\\\/#website\",\"url\":\"https:\\\/\\\/www.mexicanguitarplayers.com\\\/\",\"name\":\"Mexican Guitar Players\",\"description\":\"Website\",\"publisher\":{\"@id\":\"https:\\\/\\\/www.mexicanguitarplayers.com\\\/#organization\"},\"potentialAction\":[{\"@type\":\"SearchAction\",\"target\":{\"@type\":\"EntryPoint\",\"urlTemplate\":\"https:\\\/\\\/www.mexicanguitarplayers.com\\\/?s={search_term_string}\"},\"query-input\":{\"@type\":\"PropertyValueSpecification\",\"valueRequired\":true,\"valueName\":\"search_term_string\"}}],\"inLanguage\":\"en-US\"},{\"@type\":\"Organization\",\"@id\":\"https:\\\/\\\/www.mexicanguitarplayers.com\\\/#organization\",\"name\":\"Mexican Guitar Players\",\"url\":\"https:\\\/\\\/www.mexicanguitarplayers.com\\\/\",\"logo\":{\"@type\":\"ImageObject\",\"inLanguage\":\"en-US\",\"@id\":\"https:\\\/\\\/www.mexicanguitarplayers.com\\\/#\\\/schema\\\/logo\\\/image\\\/\",\"url\":\"\",\"contentUrl\":\"\",\"caption\":\"Mexican Guitar Players\"},\"image\":{\"@id\":\"https:\\\/\\\/www.mexicanguitarplayers.com\\\/#\\\/schema\\\/logo\\\/image\\\/\"}}]}<\/script>\n<!-- \/ Yoast SEO plugin. -->","yoast_head_json":{"title":"ESTUCHE GATOR P\/GUITARRA GC-DREAD-12 - Mexican Guitar Players","description":"Estuche para guitarra dreadnought de 12 cuerdas, moldeado de lujo, carcasa exterior moldeada de pl\u00e1stico ABS resistente a los impactos para un exterior ultra duradero, espuma EPS y forro de felpa que brindan una protecci\u00f3n interior segura contra rayones y rasgu\u00f1os, espacioso compartimento interior para almacenamiento que ofrece escondites seguros para capos, cuerdas, p\u00faas y accesorios, mangos reforzados extra fuertes que ofrecen un agarre firme, cenefas de aluminio de uso rudo que mantienen el cerrojo alineado, protegen los bordes exteriores y refuerzan la resistencia general de la carcasa, pestillos con cerradura cromados que mantienen tu instrumento en su lugar de forma segura en todo momento, asa resistente y cuna acolchada.","robots":{"index":"index","follow":"follow","max-snippet":"max-snippet:-1","max-image-preview":"max-image-preview:large","max-video-preview":"max-video-preview:-1"},"canonical":"https:\/\/www.mexicanguitarplayers.com\/en\/tienda\/sin categor\u00eda\/estuche-gator-p-guitarra-gc-dread-12\/","og_locale":"en_US","og_type":"article","og_title":"ESTUCHE GATOR P\/GUITARRA GC-DREAD-12 - Mexican Guitar Players","og_description":"Estuche para guitarra dreadnought de 12 cuerdas, moldeado de lujo, carcasa exterior moldeada de pl\u00e1stico ABS resistente a los impactos para un exterior ultra duradero, espuma EPS y forro de felpa que brindan una protecci\u00f3n interior segura contra rayones y rasgu\u00f1os, espacioso compartimento interior para almacenamiento que ofrece escondites seguros para capos, cuerdas, p\u00faas y accesorios, mangos reforzados extra fuertes que ofrecen un agarre firme, cenefas de aluminio de uso rudo que mantienen el cerrojo alineado, protegen los bordes exteriores y refuerzan la resistencia general de la carcasa, pestillos con cerradura cromados que mantienen tu instrumento en su lugar de forma segura en todo momento, asa resistente y cuna acolchada.","og_url":"https:\/\/www.mexicanguitarplayers.com\/en\/tienda\/sin categor\u00eda\/estuche-gator-p-guitarra-gc-dread-12\/","og_site_name":"Mexican Guitar Players","article_modified_time":"2026-04-15T10:16:16+00:00","twitter_card":"summary_large_image","twitter_misc":{"Est. reading time":"1 minute"},"schema":{"@context":"https:\/\/schema.org","@graph":[{"@type":["WebPage","ItemPage"],"@id":"https:\/\/www.mexicanguitarplayers.com\/tienda\/sin categor\u00eda\/estuche-gator-p-guitarra-gc-dread-12\/","url":"https:\/\/www.mexicanguitarplayers.com\/tienda\/sin categor\u00eda\/estuche-gator-p-guitarra-gc-dread-12\/","name":"ESTUCHE GATOR P\/GUITARRA GC-DREAD-12 - Mexican Guitar Players","isPartOf":{"@id":"https:\/\/www.mexicanguitarplayers.com\/#website"},"primaryImageOfPage":{"@id":"https:\/\/www.mexicanguitarplayers.com\/tienda\/sin categor\u00eda\/estuche-gator-p-guitarra-gc-dread-12\/#primaryimage"},"image":{"@id":"https:\/\/www.mexicanguitarplayers.com\/tienda\/sin categor\u00eda\/estuche-gator-p-guitarra-gc-dread-12\/#primaryimage"},"thumbnailUrl":"https:\/\/www.mexicanguitarplayers.com\/wp-content\/uploads\/2025\/04\/VAGATGCDRE124P.jpg","datePublished":"2025-04-09T13:02:04+00:00","dateModified":"2026-04-15T10:16:16+00:00","description":"Estuche para guitarra dreadnought de 12 cuerdas, moldeado de lujo, carcasa exterior moldeada de pl\u00e1stico ABS resistente a los impactos para un exterior ultra duradero, espuma EPS y forro de felpa que brindan una protecci\u00f3n interior segura contra rayones y rasgu\u00f1os, espacioso compartimento interior para almacenamiento que ofrece escondites seguros para capos, cuerdas, p\u00faas y accesorios, mangos reforzados extra fuertes que ofrecen un agarre firme, cenefas de aluminio de uso rudo que mantienen el cerrojo alineado, protegen los bordes exteriores y refuerzan la resistencia general de la carcasa, pestillos con cerradura cromados que mantienen tu instrumento en su lugar de forma segura en todo momento, asa resistente y cuna acolchada.","breadcrumb":{"@id":"https:\/\/www.mexicanguitarplayers.com\/tienda\/sin categor\u00eda\/estuche-gator-p-guitarra-gc-dread-12\/#breadcrumb"},"inLanguage":"en-US","potentialAction":[{"@type":"ReadAction","target":["https:\/\/www.mexicanguitarplayers.com\/tienda\/sin categor\u00eda\/estuche-gator-p-guitarra-gc-dread-12\/"]}]},{"@type":"ImageObject","inLanguage":"en-US","@id":"https:\/\/www.mexicanguitarplayers.com\/tienda\/sin categor\u00eda\/estuche-gator-p-guitarra-gc-dread-12\/#primaryimage","url":"https:\/\/www.mexicanguitarplayers.com\/wp-content\/uploads\/2025\/04\/VAGATGCDRE124P.jpg","contentUrl":"https:\/\/www.mexicanguitarplayers.com\/wp-content\/uploads\/2025\/04\/VAGATGCDRE124P.jpg","width":1600,"height":800},{"@type":"BreadcrumbList","@id":"https:\/\/www.mexicanguitarplayers.com\/tienda\/sin categor\u00eda\/estuche-gator-p-guitarra-gc-dread-12\/#breadcrumb","itemListElement":[{"@type":"ListItem","position":1,"name":"Portada","item":"https:\/\/www.mexicanguitarplayers.com\/"},{"@type":"ListItem","position":2,"name":"Tienda","item":"https:\/\/www.mexicanguitarplayers.com\/tienda\/"},{"@type":"ListItem","position":3,"name":"ESTUCHE GATOR P\/GUITARRA GC-DREAD-12"}]},{"@type":"WebSite","@id":"https:\/\/www.mexicanguitarplayers.com\/#website","url":"https:\/\/www.mexicanguitarplayers.com\/","name":"Mexican Guitar Players","description":"Website","publisher":{"@id":"https:\/\/www.mexicanguitarplayers.com\/#organization"},"potentialAction":[{"@type":"SearchAction","target":{"@type":"EntryPoint","urlTemplate":"https:\/\/www.mexicanguitarplayers.com\/?s={search_term_string}"},"query-input":{"@type":"PropertyValueSpecification","valueRequired":true,"valueName":"search_term_string"}}],"inLanguage":"en-US"},{"@type":"Organization","@id":"https:\/\/www.mexicanguitarplayers.com\/#organization","name":"Mexican Guitar Players","url":"https:\/\/www.mexicanguitarplayers.com\/","logo":{"@type":"ImageObject","inLanguage":"en-US","@id":"https:\/\/www.mexicanguitarplayers.com\/#\/schema\/logo\/image\/","url":"","contentUrl":"","caption":"Mexican Guitar Players"},"image":{"@id":"https:\/\/www.mexicanguitarplayers.com\/#\/schema\/logo\/image\/"}}]}},"brands":[{"id":572,"name":"GATOR","slug":"gator"}],"_links":{"self":[{"href":"https:\/\/www.mexicanguitarplayers.com\/en\/wp-json\/wp\/v2\/product\/40286","targetHints":{"allow":["GET"]}}],"collection":[{"href":"https:\/\/www.mexicanguitarplayers.com\/en\/wp-json\/wp\/v2\/product"}],"about":[{"href":"https:\/\/www.mexicanguitarplayers.com\/en\/wp-json\/wp\/v2\/types\/product"}],"replies":[{"embeddable":true,"href":"https:\/\/www.mexicanguitarplayers.com\/en\/wp-json\/wp\/v2\/comments?post=40286"}],"wp:featuredmedia":[{"embeddable":true,"href":"https:\/\/www.mexicanguitarplayers.com\/en\/wp-json\/wp\/v2\/media\/40275"}],"wp:attachment":[{"href":"https:\/\/www.mexicanguitarplayers.com\/en\/wp-json\/wp\/v2\/media?parent=40286"}],"wp:term":[{"taxonomy":"pwb-brand","embeddable":true,"href":"https:\/\/www.mexicanguitarplayers.com\/en\/wp-json\/wp\/v2\/pwb-brand?post=40286"},{"taxonomy":"product_brand","embeddable":true,"href":"https:\/\/www.mexicanguitarplayers.com\/en\/wp-json\/wp\/v2\/product_brand?post=40286"},{"taxonomy":"product_cat","embeddable":true,"href":"https:\/\/www.mexicanguitarplayers.com\/en\/wp-json\/wp\/v2\/product_cat?post=40286"},{"taxonomy":"product_tag","embeddable":true,"href":"https:\/\/www.mexicanguitarplayers.com\/en\/wp-json\/wp\/v2\/product_tag?post=40286"}],"curies":[{"name":"wp","href":"https:\/\/api.w.org\/{rel}","templated":true}]}}