{"id":40288,"date":"2025-04-09T07:02:07","date_gmt":"2025-04-09T13:02:07","guid":{"rendered":"https:\/\/www.mexicanguitarplayers.com\/tienda\/sin categor\u00eda\/bocina-beyma-6-mod-6mcf200nd\/"},"modified":"2025-07-01T04:18:25","modified_gmt":"2025-07-01T10:18:25","slug":"bocina-beyma-6-mod-6mcf200nd","status":"publish","type":"product","link":"https:\/\/www.mexicanguitarplayers.com\/en\/tienda\/audio\/bafles-y-bocinas\/bocinas-y-componentes\/agudos\/bocina-beyma-6-mod-6mcf200nd\/","title":{"rendered":"BOCINA BEYMA  6     MOD. 6MCF200ND"},"content":{"rendered":"<div style=\"text-align: justify\">\n<div>\n<h3>Ideal para arreglos lineales de frecuencia media.<\/h3>\n<\/div>\n<div>Controlador de gama media de muy alta eficiencia, cono de fibra de carbono que ofrece un comportamiento de carga \u00f3ptimo y muy baja distorsi\u00f3n, respuesta de frecuencia extremadamente lineal, bobina de aluminio de 2&#8243; pulgadas y potencia de 400 watts, tapa de cortocircuito para una respuesta extendida, alta eficiencia y sensibilidad, estructura de motor de neodimio FEA optimizada, marco de aluminio fundido sellado, dise\u00f1ado para arreglo l\u00edneas de frecuencias medias de alto rendimiento.<\/div>\n<div>\n<h4>Quick look<\/h4>\n<\/div>\n<ul style=\"margin: 0px 0px 0px 25px\">\n<li style=\"list-style-type: circle;margin: 5px\">Di\u00e1metro nominal.<\/li>\n<li style=\"list-style-type: circle;margin: 5px\">Nominal impedance.<\/li>\n<li style=\"list-style-type: circle;margin: 5px\">Impedancia m\u00ednima.<\/li>\n<li style=\"list-style-type: circle;margin: 5px\">Power.<\/li>\n<li style=\"list-style-type: circle;margin: 5px\">Sensitivity.<\/li>\n<li style=\"list-style-type: circle;margin: 5px\">Rango de frecuencias.<\/li>\n<li style=\"list-style-type: circle;margin: 5px\">Di\u00e1metro de la bobina m\u00f3vil.<\/li>\n<li style=\"list-style-type: circle;margin: 5px\">Factor BL.<\/li>\n<li style=\"list-style-type: circle;margin: 5px\">Masa m\u00f3vil.<\/li>\n<li style=\"list-style-type: circle;margin: 5px\">Altura del bobinado.<\/li>\n<li style=\"list-style-type: circle;margin: 5px\">Altura del entrehierro.<\/li>\n<li style=\"list-style-type: circle;margin: 5px\">FS (Frecuencia de resonancia).<\/li>\n<li style=\"list-style-type: circle;margin: 5px\">Resistencia DC.<\/li>\n<li style=\"list-style-type: circle;margin: 5px\">QMS (Factor de calidad mec\u00e1nica).<\/li>\n<li style=\"list-style-type: circle;margin: 5px\">QES (Factor de calidad el\u00e9ctrica).<\/li>\n<li style=\"list-style-type: circle;margin: 5px\">QTS (Factor de calidad total).<\/li>\n<li style=\"list-style-type: circle;margin: 5px\">VAS (Volumen de aire equivalente a CMS).<\/li>\n<li style=\"list-style-type: circle;margin: 5px\">CMS (Cumplimiento mec\u00e1nico).<\/li>\n<li style=\"list-style-type: circle;margin: 5px\">RMS (Resistencia mec\u00e1nica).<\/li>\n<li style=\"list-style-type: circle;margin: 5px\">Porcentaje de eficiencia.<\/li>\n<li style=\"list-style-type: circle;margin: 5px\">SD (Superficie efectiva).<\/li>\n<li style=\"list-style-type: circle;margin: 5px\">XMAX (Desplazamiento m\u00e1ximo).<\/li>\n<li style=\"list-style-type: circle;margin: 5px\">VD (Volumen de desplazamiento).<\/li>\n<li style=\"list-style-type: circle;margin: 5px\">Inductancia de la bobina m\u00f3vil (Le @ 1kHz).<\/li>\n<li style=\"list-style-type: circle;margin: 5px\">Profundidad.<\/li>\n<li style=\"list-style-type: circle;margin: 5px\">Peso total.<\/li>\n<li style=\"list-style-type: circle;margin: 5px\">Im\u00e1n.<\/li>\n<\/ul>\n<div>\n<div style=\"font-weight: bold\">Di\u00e1metro nominal.<\/div>\n<div>\n<p>6.5\u201d pulgadas (165 mm).<\/p>\n<\/div>\n<div style=\"font-weight: bold\">Nominal impedance.<\/div>\n<div>\n<p>8 ohms.<\/p>\n<\/div>\n<div style=\"font-weight: bold\">Impedancia m\u00ednima.<\/div>\n<div>\n<p>8 ohms.<\/p>\n<\/div>\n<div style=\"font-weight: bold\">Power.<\/div>\n<div>\n<p>AES: 200 watts. Programa: 400 watts.<\/p>\n<\/div>\n<div style=\"font-weight: bold\">Sensitivity.<\/div>\n<div>\n<p>97 dB.<\/p>\n<\/div>\n<div style=\"font-weight: bold\">Rango de frecuencias.<\/div>\n<div>\n<p>400 &#8211; 12,000 Hz.<\/p>\n<\/div>\n<div style=\"font-weight: bold\">Di\u00e1metro de la bobina m\u00f3vil.<\/div>\n<div>\n<p>2\u201d pulgadas (51.7 mm).<\/p>\n<\/div>\n<div style=\"font-weight: bold\">Factor BL.<\/div>\n<div>\n<p>19.2 N\/A.<\/p>\n<\/div>\n<div style=\"font-weight: bold\">Masa m\u00f3vil.<\/div>\n<div>\n<p>0.016 kg.<\/p>\n<\/div>\n<div style=\"font-weight: bold\">Altura del bobinado.<\/div>\n<div>\n<p>9.2 mm.<\/p>\n<\/div>\n<div style=\"font-weight: bold\">Altura del entrehierro.<\/div>\n<div>\n<p>9 mm.<\/p>\n<\/div>\n<div style=\"font-weight: bold\">FS (Frecuencia de resonancia).<\/div>\n<div>\n<p>410 Hz.<\/p>\n<\/div>\n<div style=\"font-weight: bold\">Resistencia DC.<\/div>\n<div>\n<p>6.3 ohm.<\/p>\n<\/div>\n<div style=\"font-weight: bold\">QMS (Factor de calidad mec\u00e1nica).<\/div>\n<div>\n<p>5.9.<\/p>\n<\/div>\n<div style=\"font-weight: bold\">QES (Factor de calidad el\u00e9ctrica).<\/div>\n<div>\n<p>0.72.<\/p>\n<\/div>\n<div style=\"font-weight: bold\">QTS (Factor de calidad total).<\/div>\n<div>\n<p>0.64.<\/p>\n<\/div>\n<div style=\"font-weight: bold\">VAS (Volumen de aire equivalente a CMS).<\/div>\n<div>\n<p>0.25 l.<\/p>\n<\/div>\n<div style=\"font-weight: bold\">CMS (Cumplimiento mec\u00e1nico).<\/div>\n<div>\n<p>9 \u00b5m \/ N.<\/p>\n<\/div>\n<div style=\"font-weight: bold\">RMS (Resistencia mec\u00e1nica).<\/div>\n<div>\n<p>7.1 kg\/s.<\/p>\n<\/div>\n<div style=\"font-weight: bold\">Porcentaje de eficiencia.<\/div>\n<div>\n<p>2.4%.<\/p>\n<\/div>\n<div style=\"font-weight: bold\">SD (Superficie efectiva).<\/div>\n<div>\n<p>0.014 m\u00b2.<\/p>\n<\/div>\n<div style=\"font-weight: bold\">XMAX (Desplazamiento m\u00e1ximo).<\/div>\n<div>\n<p>2.5 mm.<\/p>\n<\/div>\n<div style=\"font-weight: bold\">VD (Volumen de desplazamiento).<\/div>\n<div>\n<p>35 cm\u00b3.<\/p>\n<\/div>\n<div style=\"font-weight: bold\">Inductancia de la bobina m\u00f3vil (Le @ 1kHz).<\/div>\n<div>\n<p>0.25 mH.<\/p>\n<\/div>\n<div style=\"font-weight: bold\">Profundidad.<\/div>\n<div>\n<p>2.95\u201d pulgadas (75 mm).<\/p>\n<\/div>\n<div style=\"font-weight: bold\">Peso total.<\/div>\n<div>\n<p>2.7 kg.<\/p>\n<\/div>\n<div style=\"font-weight: bold\">Im\u00e1n.<\/div>\n<div>\n<p>Neodimio.<\/p>\n<\/div>\n<\/div>\n<\/div>","protected":false},"excerpt":{"rendered":"<p>Controlador de 6.5\u201d pulgadas de gama media, cono de fibra de carbono para un comportamiento de carga \u00f3ptimo y baja distorsi\u00f3n, im\u00e1n de neodimio, respuesta de frecuencia extremadamente lineal, impedancia: 8 ohms, potencia: 200 watts, sensibilidad: 97 dB, rango de frecuencias: 400 &#8211; 12,000 Hz, bobina m\u00f3vil de 2\u201d pulgadas, alta eficiencia y sensibilidad, tapa de corto circuito para una respuesta extendida, estructura optimizada de motor de neodimio FEA, marco de aluminio fundido sellado, dise\u00f1ado para arreglos lineales de frecuencia media de alto rendimiento, peso total: 2.7 kg.&hellip; <a class=\"kt-excerpt-readmore more-link\" href=\"https:\/\/www.mexicanguitarplayers.com\/en\/tienda\/audio\/bafles-y-bocinas\/bocinas-y-componentes\/agudos\/bocina-beyma-6-mod-6mcf200nd\/\">Read more<\/a><\/p>","protected":false},"featured_media":40287,"comment_status":"open","ping_status":"closed","template":"","meta":{"kt_blocks_editor_width":""},"pwb-brand":[477],"product_brand":[],"product_cat":[530,213,221,474],"product_tag":[],"class_list":{"0":"post-40288","1":"product","2":"type-product","3":"status-publish","4":"has-post-thumbnail","6":"pwb-brand-beyma","7":"product_cat-agudos","8":"product_cat-audio","9":"product_cat-bafles-y-bocinas","10":"product_cat-bocinas-y-componentes","11":"product_shipping_class-0-5-kg","13":"first","14":"outofstock","15":"taxable","16":"shipping-taxable","17":"purchasable","18":"product-type-simple"},"yoast_head":"<!-- This site is optimized with the Yoast SEO plugin v27.3 - https:\/\/yoast.com\/product\/yoast-seo-wordpress\/ -->\n<title>BOCINA BEYMA 6   MOD. 6MCF200ND - Mexican Guitar Players<\/title>\n<meta name=\"description\" content=\"Controlador de 6.5\u201d pulgadas de gama media, cono de fibra de carbono para un comportamiento de carga \u00f3ptimo y baja distorsi\u00f3n, im\u00e1n de neodimio, respuesta de frecuencia extremadamente lineal, impedancia: 8 ohms, potencia: 200 watts, sensibilidad: 97 dB, rango de frecuencias: 400 - 12,000 Hz, bobina m\u00f3vil de 2\u201d pulgadas, alta eficiencia y sensibilidad, tapa de corto circuito para una respuesta extendida, estructura optimizada de motor de neodimio FEA, marco de aluminio fundido sellado, dise\u00f1ado para arreglos lineales de frecuencia media de alto rendimiento, peso total: 2.7 kg.\" \/>\n<meta name=\"robots\" content=\"index, follow, max-snippet:-1, max-image-preview:large, max-video-preview:-1\" \/>\n<link rel=\"canonical\" href=\"https:\/\/www.mexicanguitarplayers.com\/en\/tienda\/sin%20categor\u00eda\/bocina-beyma-6-mod-6mcf200nd\/\" \/>\n<meta property=\"og:locale\" content=\"en_US\" \/>\n<meta property=\"og:type\" content=\"article\" \/>\n<meta property=\"og:title\" content=\"BOCINA BEYMA 6   MOD. 6MCF200ND - Mexican Guitar Players\" \/>\n<meta property=\"og:description\" content=\"Controlador de 6.5\u201d pulgadas de gama media, cono de fibra de carbono para un comportamiento de carga \u00f3ptimo y baja distorsi\u00f3n, im\u00e1n de neodimio, respuesta de frecuencia extremadamente lineal, impedancia: 8 ohms, potencia: 200 watts, sensibilidad: 97 dB, rango de frecuencias: 400 - 12,000 Hz, bobina m\u00f3vil de 2\u201d pulgadas, alta eficiencia y sensibilidad, tapa de corto circuito para una respuesta extendida, estructura optimizada de motor de neodimio FEA, marco de aluminio fundido sellado, dise\u00f1ado para arreglos lineales de frecuencia media de alto rendimiento, peso total: 2.7 kg.\" \/>\n<meta property=\"og:url\" content=\"https:\/\/www.mexicanguitarplayers.com\/en\/tienda\/sin categor\u00eda\/bocina-beyma-6-mod-6mcf200nd\/\" \/>\n<meta property=\"og:site_name\" content=\"Mexican Guitar Players\" \/>\n<meta property=\"article:modified_time\" content=\"2025-07-01T10:18:25+00:00\" \/>\n<meta name=\"twitter:card\" content=\"summary_large_image\" \/>\n<meta name=\"twitter:label1\" content=\"Est. reading time\" \/>\n\t<meta name=\"twitter:data1\" content=\"2 minutes\" \/>\n<script type=\"application\/ld+json\" class=\"yoast-schema-graph\">{\"@context\":\"https:\\\/\\\/schema.org\",\"@graph\":[{\"@type\":[\"WebPage\",\"ItemPage\"],\"@id\":\"https:\\\/\\\/www.mexicanguitarplayers.com\\\/tienda\\\/sin categor\u00eda\\\/bocina-beyma-6-mod-6mcf200nd\\\/\",\"url\":\"https:\\\/\\\/www.mexicanguitarplayers.com\\\/tienda\\\/sin categor\u00eda\\\/bocina-beyma-6-mod-6mcf200nd\\\/\",\"name\":\"BOCINA BEYMA 6 MOD. 6MCF200ND - Mexican Guitar Players\",\"isPartOf\":{\"@id\":\"https:\\\/\\\/www.mexicanguitarplayers.com\\\/#website\"},\"primaryImageOfPage\":{\"@id\":\"https:\\\/\\\/www.mexicanguitarplayers.com\\\/tienda\\\/sin categor\u00eda\\\/bocina-beyma-6-mod-6mcf200nd\\\/#primaryimage\"},\"image\":{\"@id\":\"https:\\\/\\\/www.mexicanguitarplayers.com\\\/tienda\\\/sin categor\u00eda\\\/bocina-beyma-6-mod-6mcf200nd\\\/#primaryimage\"},\"thumbnailUrl\":\"https:\\\/\\\/www.mexicanguitarplayers.com\\\/wp-content\\\/uploads\\\/2025\\\/04\\\/IABEY6MCF200ND.jpg\",\"datePublished\":\"2025-04-09T13:02:07+00:00\",\"dateModified\":\"2025-07-01T10:18:25+00:00\",\"description\":\"Controlador de 6.5\u201d pulgadas de gama media, cono de fibra de carbono para un comportamiento de carga \u00f3ptimo y baja distorsi\u00f3n, im\u00e1n de neodimio, respuesta de frecuencia extremadamente lineal, impedancia: 8 ohms, potencia: 200 watts, sensibilidad: 97 dB, rango de frecuencias: 400 - 12,000 Hz, bobina m\u00f3vil de 2\u201d pulgadas, alta eficiencia y sensibilidad, tapa de corto circuito para una respuesta extendida, estructura optimizada de motor de neodimio FEA, marco de aluminio fundido sellado, dise\u00f1ado para arreglos lineales de frecuencia media de alto rendimiento, peso total: 2.7 kg.\",\"breadcrumb\":{\"@id\":\"https:\\\/\\\/www.mexicanguitarplayers.com\\\/tienda\\\/sin categor\u00eda\\\/bocina-beyma-6-mod-6mcf200nd\\\/#breadcrumb\"},\"inLanguage\":\"en-US\",\"potentialAction\":[{\"@type\":\"ReadAction\",\"target\":[\"https:\\\/\\\/www.mexicanguitarplayers.com\\\/tienda\\\/sin categor\u00eda\\\/bocina-beyma-6-mod-6mcf200nd\\\/\"]}]},{\"@type\":\"ImageObject\",\"inLanguage\":\"en-US\",\"@id\":\"https:\\\/\\\/www.mexicanguitarplayers.com\\\/tienda\\\/sin categor\u00eda\\\/bocina-beyma-6-mod-6mcf200nd\\\/#primaryimage\",\"url\":\"https:\\\/\\\/www.mexicanguitarplayers.com\\\/wp-content\\\/uploads\\\/2025\\\/04\\\/IABEY6MCF200ND.jpg\",\"contentUrl\":\"https:\\\/\\\/www.mexicanguitarplayers.com\\\/wp-content\\\/uploads\\\/2025\\\/04\\\/IABEY6MCF200ND.jpg\",\"width\":1200,\"height\":1200},{\"@type\":\"BreadcrumbList\",\"@id\":\"https:\\\/\\\/www.mexicanguitarplayers.com\\\/tienda\\\/sin categor\u00eda\\\/bocina-beyma-6-mod-6mcf200nd\\\/#breadcrumb\",\"itemListElement\":[{\"@type\":\"ListItem\",\"position\":1,\"name\":\"Portada\",\"item\":\"https:\\\/\\\/www.mexicanguitarplayers.com\\\/\"},{\"@type\":\"ListItem\",\"position\":2,\"name\":\"Tienda\",\"item\":\"https:\\\/\\\/www.mexicanguitarplayers.com\\\/tienda\\\/\"},{\"@type\":\"ListItem\",\"position\":3,\"name\":\"BOCINA BEYMA 6 MOD. 6MCF200ND\"}]},{\"@type\":\"WebSite\",\"@id\":\"https:\\\/\\\/www.mexicanguitarplayers.com\\\/#website\",\"url\":\"https:\\\/\\\/www.mexicanguitarplayers.com\\\/\",\"name\":\"Mexican Guitar Players\",\"description\":\"Website\",\"publisher\":{\"@id\":\"https:\\\/\\\/www.mexicanguitarplayers.com\\\/#organization\"},\"potentialAction\":[{\"@type\":\"SearchAction\",\"target\":{\"@type\":\"EntryPoint\",\"urlTemplate\":\"https:\\\/\\\/www.mexicanguitarplayers.com\\\/?s={search_term_string}\"},\"query-input\":{\"@type\":\"PropertyValueSpecification\",\"valueRequired\":true,\"valueName\":\"search_term_string\"}}],\"inLanguage\":\"en-US\"},{\"@type\":\"Organization\",\"@id\":\"https:\\\/\\\/www.mexicanguitarplayers.com\\\/#organization\",\"name\":\"Mexican Guitar Players\",\"url\":\"https:\\\/\\\/www.mexicanguitarplayers.com\\\/\",\"logo\":{\"@type\":\"ImageObject\",\"inLanguage\":\"en-US\",\"@id\":\"https:\\\/\\\/www.mexicanguitarplayers.com\\\/#\\\/schema\\\/logo\\\/image\\\/\",\"url\":\"\",\"contentUrl\":\"\",\"caption\":\"Mexican Guitar Players\"},\"image\":{\"@id\":\"https:\\\/\\\/www.mexicanguitarplayers.com\\\/#\\\/schema\\\/logo\\\/image\\\/\"}}]}<\/script>\n<!-- \/ Yoast SEO plugin. -->","yoast_head_json":{"title":"BOCINA BEYMA 6   MOD. 6MCF200ND - Mexican Guitar Players","description":"Controlador de 6.5\u201d pulgadas de gama media, cono de fibra de carbono para un comportamiento de carga \u00f3ptimo y baja distorsi\u00f3n, im\u00e1n de neodimio, respuesta de frecuencia extremadamente lineal, impedancia: 8 ohms, potencia: 200 watts, sensibilidad: 97 dB, rango de frecuencias: 400 - 12,000 Hz, bobina m\u00f3vil de 2\u201d pulgadas, alta eficiencia y sensibilidad, tapa de corto circuito para una respuesta extendida, estructura optimizada de motor de neodimio FEA, marco de aluminio fundido sellado, dise\u00f1ado para arreglos lineales de frecuencia media de alto rendimiento, peso total: 2.7 kg.","robots":{"index":"index","follow":"follow","max-snippet":"max-snippet:-1","max-image-preview":"max-image-preview:large","max-video-preview":"max-video-preview:-1"},"canonical":"https:\/\/www.mexicanguitarplayers.com\/en\/tienda\/sin categor\u00eda\/bocina-beyma-6-mod-6mcf200nd\/","og_locale":"en_US","og_type":"article","og_title":"BOCINA BEYMA 6   MOD. 6MCF200ND - Mexican Guitar Players","og_description":"Controlador de 6.5\u201d pulgadas de gama media, cono de fibra de carbono para un comportamiento de carga \u00f3ptimo y baja distorsi\u00f3n, im\u00e1n de neodimio, respuesta de frecuencia extremadamente lineal, impedancia: 8 ohms, potencia: 200 watts, sensibilidad: 97 dB, rango de frecuencias: 400 - 12,000 Hz, bobina m\u00f3vil de 2\u201d pulgadas, alta eficiencia y sensibilidad, tapa de corto circuito para una respuesta extendida, estructura optimizada de motor de neodimio FEA, marco de aluminio fundido sellado, dise\u00f1ado para arreglos lineales de frecuencia media de alto rendimiento, peso total: 2.7 kg.","og_url":"https:\/\/www.mexicanguitarplayers.com\/en\/tienda\/sin categor\u00eda\/bocina-beyma-6-mod-6mcf200nd\/","og_site_name":"Mexican Guitar Players","article_modified_time":"2025-07-01T10:18:25+00:00","twitter_card":"summary_large_image","twitter_misc":{"Est. reading time":"2 minutes"},"schema":{"@context":"https:\/\/schema.org","@graph":[{"@type":["WebPage","ItemPage"],"@id":"https:\/\/www.mexicanguitarplayers.com\/tienda\/sin categor\u00eda\/bocina-beyma-6-mod-6mcf200nd\/","url":"https:\/\/www.mexicanguitarplayers.com\/tienda\/sin categor\u00eda\/bocina-beyma-6-mod-6mcf200nd\/","name":"BOCINA BEYMA 6 MOD. 6MCF200ND - Mexican Guitar Players","isPartOf":{"@id":"https:\/\/www.mexicanguitarplayers.com\/#website"},"primaryImageOfPage":{"@id":"https:\/\/www.mexicanguitarplayers.com\/tienda\/sin categor\u00eda\/bocina-beyma-6-mod-6mcf200nd\/#primaryimage"},"image":{"@id":"https:\/\/www.mexicanguitarplayers.com\/tienda\/sin categor\u00eda\/bocina-beyma-6-mod-6mcf200nd\/#primaryimage"},"thumbnailUrl":"https:\/\/www.mexicanguitarplayers.com\/wp-content\/uploads\/2025\/04\/IABEY6MCF200ND.jpg","datePublished":"2025-04-09T13:02:07+00:00","dateModified":"2025-07-01T10:18:25+00:00","description":"Controlador de 6.5\u201d pulgadas de gama media, cono de fibra de carbono para un comportamiento de carga \u00f3ptimo y baja distorsi\u00f3n, im\u00e1n de neodimio, respuesta de frecuencia extremadamente lineal, impedancia: 8 ohms, potencia: 200 watts, sensibilidad: 97 dB, rango de frecuencias: 400 - 12,000 Hz, bobina m\u00f3vil de 2\u201d pulgadas, alta eficiencia y sensibilidad, tapa de corto circuito para una respuesta extendida, estructura optimizada de motor de neodimio FEA, marco de aluminio fundido sellado, dise\u00f1ado para arreglos lineales de frecuencia media de alto rendimiento, peso total: 2.7 kg.","breadcrumb":{"@id":"https:\/\/www.mexicanguitarplayers.com\/tienda\/sin categor\u00eda\/bocina-beyma-6-mod-6mcf200nd\/#breadcrumb"},"inLanguage":"en-US","potentialAction":[{"@type":"ReadAction","target":["https:\/\/www.mexicanguitarplayers.com\/tienda\/sin categor\u00eda\/bocina-beyma-6-mod-6mcf200nd\/"]}]},{"@type":"ImageObject","inLanguage":"en-US","@id":"https:\/\/www.mexicanguitarplayers.com\/tienda\/sin categor\u00eda\/bocina-beyma-6-mod-6mcf200nd\/#primaryimage","url":"https:\/\/www.mexicanguitarplayers.com\/wp-content\/uploads\/2025\/04\/IABEY6MCF200ND.jpg","contentUrl":"https:\/\/www.mexicanguitarplayers.com\/wp-content\/uploads\/2025\/04\/IABEY6MCF200ND.jpg","width":1200,"height":1200},{"@type":"BreadcrumbList","@id":"https:\/\/www.mexicanguitarplayers.com\/tienda\/sin categor\u00eda\/bocina-beyma-6-mod-6mcf200nd\/#breadcrumb","itemListElement":[{"@type":"ListItem","position":1,"name":"Portada","item":"https:\/\/www.mexicanguitarplayers.com\/"},{"@type":"ListItem","position":2,"name":"Tienda","item":"https:\/\/www.mexicanguitarplayers.com\/tienda\/"},{"@type":"ListItem","position":3,"name":"BOCINA BEYMA 6 MOD. 6MCF200ND"}]},{"@type":"WebSite","@id":"https:\/\/www.mexicanguitarplayers.com\/#website","url":"https:\/\/www.mexicanguitarplayers.com\/","name":"Mexican Guitar Players","description":"Website","publisher":{"@id":"https:\/\/www.mexicanguitarplayers.com\/#organization"},"potentialAction":[{"@type":"SearchAction","target":{"@type":"EntryPoint","urlTemplate":"https:\/\/www.mexicanguitarplayers.com\/?s={search_term_string}"},"query-input":{"@type":"PropertyValueSpecification","valueRequired":true,"valueName":"search_term_string"}}],"inLanguage":"en-US"},{"@type":"Organization","@id":"https:\/\/www.mexicanguitarplayers.com\/#organization","name":"Mexican Guitar Players","url":"https:\/\/www.mexicanguitarplayers.com\/","logo":{"@type":"ImageObject","inLanguage":"en-US","@id":"https:\/\/www.mexicanguitarplayers.com\/#\/schema\/logo\/image\/","url":"","contentUrl":"","caption":"Mexican Guitar Players"},"image":{"@id":"https:\/\/www.mexicanguitarplayers.com\/#\/schema\/logo\/image\/"}}]}},"brands":[{"id":477,"name":"BEYMA","slug":"beyma"}],"_links":{"self":[{"href":"https:\/\/www.mexicanguitarplayers.com\/en\/wp-json\/wp\/v2\/product\/40288","targetHints":{"allow":["GET"]}}],"collection":[{"href":"https:\/\/www.mexicanguitarplayers.com\/en\/wp-json\/wp\/v2\/product"}],"about":[{"href":"https:\/\/www.mexicanguitarplayers.com\/en\/wp-json\/wp\/v2\/types\/product"}],"replies":[{"embeddable":true,"href":"https:\/\/www.mexicanguitarplayers.com\/en\/wp-json\/wp\/v2\/comments?post=40288"}],"wp:featuredmedia":[{"embeddable":true,"href":"https:\/\/www.mexicanguitarplayers.com\/en\/wp-json\/wp\/v2\/media\/40287"}],"wp:attachment":[{"href":"https:\/\/www.mexicanguitarplayers.com\/en\/wp-json\/wp\/v2\/media?parent=40288"}],"wp:term":[{"taxonomy":"pwb-brand","embeddable":true,"href":"https:\/\/www.mexicanguitarplayers.com\/en\/wp-json\/wp\/v2\/pwb-brand?post=40288"},{"taxonomy":"product_brand","embeddable":true,"href":"https:\/\/www.mexicanguitarplayers.com\/en\/wp-json\/wp\/v2\/product_brand?post=40288"},{"taxonomy":"product_cat","embeddable":true,"href":"https:\/\/www.mexicanguitarplayers.com\/en\/wp-json\/wp\/v2\/product_cat?post=40288"},{"taxonomy":"product_tag","embeddable":true,"href":"https:\/\/www.mexicanguitarplayers.com\/en\/wp-json\/wp\/v2\/product_tag?post=40288"}],"curies":[{"name":"wp","href":"https:\/\/api.w.org\/{rel}","templated":true}]}}