{"id":40293,"date":"2025-04-09T07:02:14","date_gmt":"2025-04-09T13:02:14","guid":{"rendered":"https:\/\/www.mexicanguitarplayers.com\/tienda\/sin categor\u00eda\/controlador-behringer-mod-x-touch-exten\/"},"modified":"2025-05-08T04:18:45","modified_gmt":"2025-05-08T10:18:45","slug":"controlador-behringer-mod-x-touch-exten","status":"publish","type":"product","link":"https:\/\/www.mexicanguitarplayers.com\/en\/tienda\/teclas\/sintetizador-y-controlador\/controlador-midi\/controlador-behringer-mod-x-touch-exten\/","title":{"rendered":"CONTROLADOR BEHRINGER MOD. X-TOUCH EXTEN"},"content":{"rendered":"<div style=\"text-align: justify\">\n<div>\n<h3>Espacio para crecer.<\/h3>\n<\/div>\n<div>\u00bfTe encanta la superficie de control universal pero quieres un mayor control sobre tu producci\u00f3n musical? El incre\u00edble X-TOUCH EXTENDER es la forma econ\u00f3mica e ideal de hacer crecer tu configuraci\u00f3n actual e incluso se puede usar como un controlador independiente para grabaci\u00f3n remota en tu laptop. Desde los 8 faders motorizados sensibles al tacto y las 8 tiras din\u00e1micas de LCD, hasta los 8 codificadores giratorios, los 32 botones iluminados y los medidores LED de 8 segmentos por canal, X-TOUCH EXTENDER transforma lo que est\u00e1 en la pantalla de tu DAW en una superficie ultra compatible con funciones completas para control de precisi\u00f3n y una vista panor\u00e1mica de los par\u00e1metros de mezcla cr\u00edticos. La conectividad es simple usando conexiones USB tradicionales, adem\u00e1s tiene una interfaz Ethernet para usar con DAWs que soportan el control remoto MIDI RTP (Real-Time Protocol). A medida que crecen tus necesidades de producci\u00f3n, puedes combinar varias unidades X-TOUCH y EXTENDER para emular una superficie de control a gran escala, todo lo que necesitas son unos cu\u00e1ntos cables USB est\u00e1ndar.<\/div>\n<div>\n<h4>Quick look<\/h4>\n<\/div>\n<ul style=\"margin: 0px 0px 0px 25px\">\n<li style=\"list-style-type: circle;margin: 5px\">Controls<\/li>\n<li style=\"list-style-type: circle;margin: 5px\">Display.<\/li>\n<li style=\"list-style-type: circle;margin: 5px\">Conexi\u00f3n a computadora.<\/li>\n<li style=\"list-style-type: circle;margin: 5px\">USB Hub.<\/li>\n<li style=\"list-style-type: circle;margin: 5px\">Power supply.<\/li>\n<li style=\"list-style-type: circle;margin: 5px\">Rango de temperatura de operaci\u00f3n.<\/li>\n<li style=\"list-style-type: circle;margin: 5px\">Dimensions.<\/li>\n<li style=\"list-style-type: circle;margin: 5px\">Weight.<\/li>\n<\/ul>\n<div>\n<div style=\"font-weight: bold\">Controls<\/div>\n<div>\n<p>Giratorio\/Push con collar LED: 8. Botones con LED retro iluminado: 32. Faders: 8 faders motorizados de 100 mm sensibles al tacto. Encendido: Switch On\/Off.<\/p>\n<\/div>\n<div style=\"font-weight: bold\">Display.<\/div>\n<div>\n<p>Posici\u00f3n del control giratorio: 8 LEDs de 13 segmentos. Nivel de canal: LED de 8 segmentos con SIG y CLIP. Display de canal: 8 LCD Scribble strip a color.<\/p>\n<\/div>\n<div style=\"font-weight: bold\">Conexi\u00f3n a computadora.<\/div>\n<div>\n<p>USB: USB 2.0, tipo B. Ethernet: RJ45.<\/p>\n<\/div>\n<div style=\"font-weight: bold\">USB Hub.<\/div>\n<div>\n<p>Tipo: Multi TT USB 2.0 Conectores: 2 conectores USB 2.0, tipo A. Voltaje (Potencia USB a dispositivos externos): 5V.<\/p>\n<\/div>\n<div style=\"font-weight: bold\">Power supply.<\/div>\n<div>\n<p>Tipo: Fuente de alimentaci\u00f3n conmutada interna. Voltaje: 100-240 VAC50\/60 Hz. Consumo de energ\u00eda: 30 W. Conexi\u00f3n a energ\u00eda: Recept\u00e1culo IEC est\u00e1ndar.<\/p>\n<\/div>\n<div style=\"font-weight: bold\">Rango de temperatura de operaci\u00f3n.<\/div>\n<div>\n<p>5\u00b0C &#8211; 40\u00b0C.<\/p>\n<\/div>\n<div style=\"font-weight: bold\">Dimensions.<\/div>\n<div>\n<p>97 x 290 x 303 mm.<\/p>\n<\/div>\n<div style=\"font-weight: bold\">Weight.<\/div>\n<div>\n<p>3.1 kg.<\/p>\n<\/div>\n<\/div>\n<\/div>","protected":false},"excerpt":{"rendered":"<p>Controlador con 8 faders motorizados totalmente automatizados y sensibles al tacto de 100 mm, 8 LCD Scribble Strips din\u00e1micos para una visi\u00f3n general instant\u00e1nea de nombres y par\u00e1metros de los tracks, 8 controles giratorios con collares LED para ajustes sobre la marcha de tus par\u00e1metros favoritos, USB Hub e interfaces Ethernet\/USB, ideal para aplicaciones de estudio y en vivo, 2 puertos USB Multi-TT para conectar controladores adicionales, soporta Mackie Control, HUI y protocolo de control MIDI est\u00e1ndar para una perfecta integraci\u00f3n con cada software de producci\u00f3n musical compatible, m\u00faltiples unidades X-TOUCH y EXTENDER pueden combinarse para emular una superficie de control a gran escala, interface Ethernet para RTP (Real Time Protocol) control remoto MIDI, fuente de alimentaci\u00f3n conmutada para m\u00e1xima flexibilidad (100-240V~) y bajo consumo de energ\u00eda, dimensiones: 97 x 290 x 303 mm, peso: 3.1 kg.&hellip; <a class=\"kt-excerpt-readmore more-link\" href=\"https:\/\/www.mexicanguitarplayers.com\/en\/tienda\/teclas\/sintetizador-y-controlador\/controlador-midi\/controlador-behringer-mod-x-touch-exten\/\">Read more<\/a><\/p>","protected":false},"featured_media":40289,"comment_status":"open","ping_status":"closed","template":"","meta":{"kt_blocks_editor_width":""},"pwb-brand":[171],"product_brand":[],"product_cat":[387,386,376],"product_tag":[],"class_list":{"0":"post-40293","1":"product","2":"type-product","3":"status-publish","4":"has-post-thumbnail","6":"pwb-brand-behringer","7":"product_cat-controlador-midi","8":"product_cat-sintetizador-y-controlador","9":"product_cat-teclas","10":"product_shipping_class-0-5-kg","12":"first","13":"outofstock","14":"taxable","15":"shipping-taxable","16":"purchasable","17":"product-type-simple"},"yoast_head":"<!-- This site is optimized with the Yoast SEO plugin v27.3 - https:\/\/yoast.com\/product\/yoast-seo-wordpress\/ -->\n<title>CONTROLADOR BEHRINGER MOD. X-TOUCH EXTEN - Mexican Guitar Players<\/title>\n<meta name=\"description\" content=\"Controlador con 8 faders motorizados totalmente automatizados y sensibles al tacto de 100 mm, 8 LCD Scribble Strips din\u00e1micos para una visi\u00f3n general instant\u00e1nea de nombres y par\u00e1metros de los tracks, 8 controles giratorios con collares LED para ajustes sobre la marcha de tus par\u00e1metros favoritos, USB Hub e interfaces Ethernet\/USB, ideal para aplicaciones de estudio y en vivo, 2 puertos USB Multi-TT para conectar controladores adicionales, soporta Mackie Control, HUI y protocolo de control MIDI est\u00e1ndar para una perfecta integraci\u00f3n con cada software de producci\u00f3n musical compatible, m\u00faltiples unidades X-TOUCH y EXTENDER pueden combinarse para emular una superficie de control a gran escala, interface Ethernet para RTP (Real Time Protocol) control remoto MIDI, fuente de alimentaci\u00f3n conmutada para m\u00e1xima flexibilidad (100-240V~) y bajo consumo de energ\u00eda, dimensiones: 97 x 290 x 303 mm, peso: 3.1 kg.\" \/>\n<meta name=\"robots\" content=\"index, follow, max-snippet:-1, max-image-preview:large, max-video-preview:-1\" \/>\n<link rel=\"canonical\" href=\"https:\/\/www.mexicanguitarplayers.com\/en\/tienda\/sin%20categor\u00eda\/controlador-behringer-mod-x-touch-exten\/\" \/>\n<meta property=\"og:locale\" content=\"en_US\" \/>\n<meta property=\"og:type\" content=\"article\" \/>\n<meta property=\"og:title\" content=\"CONTROLADOR BEHRINGER MOD. X-TOUCH EXTEN - Mexican Guitar Players\" \/>\n<meta property=\"og:description\" content=\"Controlador con 8 faders motorizados totalmente automatizados y sensibles al tacto de 100 mm, 8 LCD Scribble Strips din\u00e1micos para una visi\u00f3n general instant\u00e1nea de nombres y par\u00e1metros de los tracks, 8 controles giratorios con collares LED para ajustes sobre la marcha de tus par\u00e1metros favoritos, USB Hub e interfaces Ethernet\/USB, ideal para aplicaciones de estudio y en vivo, 2 puertos USB Multi-TT para conectar controladores adicionales, soporta Mackie Control, HUI y protocolo de control MIDI est\u00e1ndar para una perfecta integraci\u00f3n con cada software de producci\u00f3n musical compatible, m\u00faltiples unidades X-TOUCH y EXTENDER pueden combinarse para emular una superficie de control a gran escala, interface Ethernet para RTP (Real Time Protocol) control remoto MIDI, fuente de alimentaci\u00f3n conmutada para m\u00e1xima flexibilidad (100-240V~) y bajo consumo de energ\u00eda, dimensiones: 97 x 290 x 303 mm, peso: 3.1 kg.\" \/>\n<meta property=\"og:url\" content=\"https:\/\/www.mexicanguitarplayers.com\/en\/tienda\/sin categor\u00eda\/controlador-behringer-mod-x-touch-exten\/\" \/>\n<meta property=\"og:site_name\" content=\"Mexican Guitar Players\" \/>\n<meta property=\"article:modified_time\" content=\"2025-05-08T10:18:45+00:00\" \/>\n<meta name=\"twitter:card\" content=\"summary_large_image\" \/>\n<meta name=\"twitter:label1\" content=\"Est. reading time\" \/>\n\t<meta name=\"twitter:data1\" content=\"2 minutes\" \/>\n<script type=\"application\/ld+json\" class=\"yoast-schema-graph\">{\"@context\":\"https:\\\/\\\/schema.org\",\"@graph\":[{\"@type\":[\"WebPage\",\"ItemPage\"],\"@id\":\"https:\\\/\\\/www.mexicanguitarplayers.com\\\/tienda\\\/sin categor\u00eda\\\/controlador-behringer-mod-x-touch-exten\\\/\",\"url\":\"https:\\\/\\\/www.mexicanguitarplayers.com\\\/tienda\\\/sin categor\u00eda\\\/controlador-behringer-mod-x-touch-exten\\\/\",\"name\":\"CONTROLADOR BEHRINGER MOD. X-TOUCH EXTEN - Mexican Guitar Players\",\"isPartOf\":{\"@id\":\"https:\\\/\\\/www.mexicanguitarplayers.com\\\/#website\"},\"primaryImageOfPage\":{\"@id\":\"https:\\\/\\\/www.mexicanguitarplayers.com\\\/tienda\\\/sin categor\u00eda\\\/controlador-behringer-mod-x-touch-exten\\\/#primaryimage\"},\"image\":{\"@id\":\"https:\\\/\\\/www.mexicanguitarplayers.com\\\/tienda\\\/sin categor\u00eda\\\/controlador-behringer-mod-x-touch-exten\\\/#primaryimage\"},\"thumbnailUrl\":\"https:\\\/\\\/www.mexicanguitarplayers.com\\\/wp-content\\\/uploads\\\/2025\\\/04\\\/IABEHXTOUCHEXT.jpg\",\"datePublished\":\"2025-04-09T13:02:14+00:00\",\"dateModified\":\"2025-05-08T10:18:45+00:00\",\"description\":\"Controlador con 8 faders motorizados totalmente automatizados y sensibles al tacto de 100 mm, 8 LCD Scribble Strips din\u00e1micos para una visi\u00f3n general instant\u00e1nea de nombres y par\u00e1metros de los tracks, 8 controles giratorios con collares LED para ajustes sobre la marcha de tus par\u00e1metros favoritos, USB Hub e interfaces Ethernet\\\/USB, ideal para aplicaciones de estudio y en vivo, 2 puertos USB Multi-TT para conectar controladores adicionales, soporta Mackie Control, HUI y protocolo de control MIDI est\u00e1ndar para una perfecta integraci\u00f3n con cada software de producci\u00f3n musical compatible, m\u00faltiples unidades X-TOUCH y EXTENDER pueden combinarse para emular una superficie de control a gran escala, interface Ethernet para RTP (Real Time Protocol) control remoto MIDI, fuente de alimentaci\u00f3n conmutada para m\u00e1xima flexibilidad (100-240V~) y bajo consumo de energ\u00eda, dimensiones: 97 x 290 x 303 mm, peso: 3.1 kg.\",\"breadcrumb\":{\"@id\":\"https:\\\/\\\/www.mexicanguitarplayers.com\\\/tienda\\\/sin categor\u00eda\\\/controlador-behringer-mod-x-touch-exten\\\/#breadcrumb\"},\"inLanguage\":\"en-US\",\"potentialAction\":[{\"@type\":\"ReadAction\",\"target\":[\"https:\\\/\\\/www.mexicanguitarplayers.com\\\/tienda\\\/sin categor\u00eda\\\/controlador-behringer-mod-x-touch-exten\\\/\"]}]},{\"@type\":\"ImageObject\",\"inLanguage\":\"en-US\",\"@id\":\"https:\\\/\\\/www.mexicanguitarplayers.com\\\/tienda\\\/sin categor\u00eda\\\/controlador-behringer-mod-x-touch-exten\\\/#primaryimage\",\"url\":\"https:\\\/\\\/www.mexicanguitarplayers.com\\\/wp-content\\\/uploads\\\/2025\\\/04\\\/IABEHXTOUCHEXT.jpg\",\"contentUrl\":\"https:\\\/\\\/www.mexicanguitarplayers.com\\\/wp-content\\\/uploads\\\/2025\\\/04\\\/IABEHXTOUCHEXT.jpg\",\"width\":1200,\"height\":1200},{\"@type\":\"BreadcrumbList\",\"@id\":\"https:\\\/\\\/www.mexicanguitarplayers.com\\\/tienda\\\/sin categor\u00eda\\\/controlador-behringer-mod-x-touch-exten\\\/#breadcrumb\",\"itemListElement\":[{\"@type\":\"ListItem\",\"position\":1,\"name\":\"Portada\",\"item\":\"https:\\\/\\\/www.mexicanguitarplayers.com\\\/\"},{\"@type\":\"ListItem\",\"position\":2,\"name\":\"Tienda\",\"item\":\"https:\\\/\\\/www.mexicanguitarplayers.com\\\/tienda\\\/\"},{\"@type\":\"ListItem\",\"position\":3,\"name\":\"CONTROLADOR BEHRINGER MOD. X-TOUCH EXTEN\"}]},{\"@type\":\"WebSite\",\"@id\":\"https:\\\/\\\/www.mexicanguitarplayers.com\\\/#website\",\"url\":\"https:\\\/\\\/www.mexicanguitarplayers.com\\\/\",\"name\":\"Mexican Guitar Players\",\"description\":\"Website\",\"publisher\":{\"@id\":\"https:\\\/\\\/www.mexicanguitarplayers.com\\\/#organization\"},\"potentialAction\":[{\"@type\":\"SearchAction\",\"target\":{\"@type\":\"EntryPoint\",\"urlTemplate\":\"https:\\\/\\\/www.mexicanguitarplayers.com\\\/?s={search_term_string}\"},\"query-input\":{\"@type\":\"PropertyValueSpecification\",\"valueRequired\":true,\"valueName\":\"search_term_string\"}}],\"inLanguage\":\"en-US\"},{\"@type\":\"Organization\",\"@id\":\"https:\\\/\\\/www.mexicanguitarplayers.com\\\/#organization\",\"name\":\"Mexican Guitar Players\",\"url\":\"https:\\\/\\\/www.mexicanguitarplayers.com\\\/\",\"logo\":{\"@type\":\"ImageObject\",\"inLanguage\":\"en-US\",\"@id\":\"https:\\\/\\\/www.mexicanguitarplayers.com\\\/#\\\/schema\\\/logo\\\/image\\\/\",\"url\":\"\",\"contentUrl\":\"\",\"caption\":\"Mexican Guitar Players\"},\"image\":{\"@id\":\"https:\\\/\\\/www.mexicanguitarplayers.com\\\/#\\\/schema\\\/logo\\\/image\\\/\"}}]}<\/script>\n<!-- \/ Yoast SEO plugin. -->","yoast_head_json":{"title":"CONTROLADOR BEHRINGER MOD. X-TOUCH EXTEN - Mexican Guitar Players","description":"Controlador con 8 faders motorizados totalmente automatizados y sensibles al tacto de 100 mm, 8 LCD Scribble Strips din\u00e1micos para una visi\u00f3n general instant\u00e1nea de nombres y par\u00e1metros de los tracks, 8 controles giratorios con collares LED para ajustes sobre la marcha de tus par\u00e1metros favoritos, USB Hub e interfaces Ethernet\/USB, ideal para aplicaciones de estudio y en vivo, 2 puertos USB Multi-TT para conectar controladores adicionales, soporta Mackie Control, HUI y protocolo de control MIDI est\u00e1ndar para una perfecta integraci\u00f3n con cada software de producci\u00f3n musical compatible, m\u00faltiples unidades X-TOUCH y EXTENDER pueden combinarse para emular una superficie de control a gran escala, interface Ethernet para RTP (Real Time Protocol) control remoto MIDI, fuente de alimentaci\u00f3n conmutada para m\u00e1xima flexibilidad (100-240V~) y bajo consumo de energ\u00eda, dimensiones: 97 x 290 x 303 mm, peso: 3.1 kg.","robots":{"index":"index","follow":"follow","max-snippet":"max-snippet:-1","max-image-preview":"max-image-preview:large","max-video-preview":"max-video-preview:-1"},"canonical":"https:\/\/www.mexicanguitarplayers.com\/en\/tienda\/sin categor\u00eda\/controlador-behringer-mod-x-touch-exten\/","og_locale":"en_US","og_type":"article","og_title":"CONTROLADOR BEHRINGER MOD. X-TOUCH EXTEN - Mexican Guitar Players","og_description":"Controlador con 8 faders motorizados totalmente automatizados y sensibles al tacto de 100 mm, 8 LCD Scribble Strips din\u00e1micos para una visi\u00f3n general instant\u00e1nea de nombres y par\u00e1metros de los tracks, 8 controles giratorios con collares LED para ajustes sobre la marcha de tus par\u00e1metros favoritos, USB Hub e interfaces Ethernet\/USB, ideal para aplicaciones de estudio y en vivo, 2 puertos USB Multi-TT para conectar controladores adicionales, soporta Mackie Control, HUI y protocolo de control MIDI est\u00e1ndar para una perfecta integraci\u00f3n con cada software de producci\u00f3n musical compatible, m\u00faltiples unidades X-TOUCH y EXTENDER pueden combinarse para emular una superficie de control a gran escala, interface Ethernet para RTP (Real Time Protocol) control remoto MIDI, fuente de alimentaci\u00f3n conmutada para m\u00e1xima flexibilidad (100-240V~) y bajo consumo de energ\u00eda, dimensiones: 97 x 290 x 303 mm, peso: 3.1 kg.","og_url":"https:\/\/www.mexicanguitarplayers.com\/en\/tienda\/sin categor\u00eda\/controlador-behringer-mod-x-touch-exten\/","og_site_name":"Mexican Guitar Players","article_modified_time":"2025-05-08T10:18:45+00:00","twitter_card":"summary_large_image","twitter_misc":{"Est. reading time":"2 minutes"},"schema":{"@context":"https:\/\/schema.org","@graph":[{"@type":["WebPage","ItemPage"],"@id":"https:\/\/www.mexicanguitarplayers.com\/tienda\/sin categor\u00eda\/controlador-behringer-mod-x-touch-exten\/","url":"https:\/\/www.mexicanguitarplayers.com\/tienda\/sin categor\u00eda\/controlador-behringer-mod-x-touch-exten\/","name":"CONTROLADOR BEHRINGER MOD. X-TOUCH EXTEN - Mexican Guitar Players","isPartOf":{"@id":"https:\/\/www.mexicanguitarplayers.com\/#website"},"primaryImageOfPage":{"@id":"https:\/\/www.mexicanguitarplayers.com\/tienda\/sin categor\u00eda\/controlador-behringer-mod-x-touch-exten\/#primaryimage"},"image":{"@id":"https:\/\/www.mexicanguitarplayers.com\/tienda\/sin categor\u00eda\/controlador-behringer-mod-x-touch-exten\/#primaryimage"},"thumbnailUrl":"https:\/\/www.mexicanguitarplayers.com\/wp-content\/uploads\/2025\/04\/IABEHXTOUCHEXT.jpg","datePublished":"2025-04-09T13:02:14+00:00","dateModified":"2025-05-08T10:18:45+00:00","description":"Controlador con 8 faders motorizados totalmente automatizados y sensibles al tacto de 100 mm, 8 LCD Scribble Strips din\u00e1micos para una visi\u00f3n general instant\u00e1nea de nombres y par\u00e1metros de los tracks, 8 controles giratorios con collares LED para ajustes sobre la marcha de tus par\u00e1metros favoritos, USB Hub e interfaces Ethernet\/USB, ideal para aplicaciones de estudio y en vivo, 2 puertos USB Multi-TT para conectar controladores adicionales, soporta Mackie Control, HUI y protocolo de control MIDI est\u00e1ndar para una perfecta integraci\u00f3n con cada software de producci\u00f3n musical compatible, m\u00faltiples unidades X-TOUCH y EXTENDER pueden combinarse para emular una superficie de control a gran escala, interface Ethernet para RTP (Real Time Protocol) control remoto MIDI, fuente de alimentaci\u00f3n conmutada para m\u00e1xima flexibilidad (100-240V~) y bajo consumo de energ\u00eda, dimensiones: 97 x 290 x 303 mm, peso: 3.1 kg.","breadcrumb":{"@id":"https:\/\/www.mexicanguitarplayers.com\/tienda\/sin categor\u00eda\/controlador-behringer-mod-x-touch-exten\/#breadcrumb"},"inLanguage":"en-US","potentialAction":[{"@type":"ReadAction","target":["https:\/\/www.mexicanguitarplayers.com\/tienda\/sin categor\u00eda\/controlador-behringer-mod-x-touch-exten\/"]}]},{"@type":"ImageObject","inLanguage":"en-US","@id":"https:\/\/www.mexicanguitarplayers.com\/tienda\/sin categor\u00eda\/controlador-behringer-mod-x-touch-exten\/#primaryimage","url":"https:\/\/www.mexicanguitarplayers.com\/wp-content\/uploads\/2025\/04\/IABEHXTOUCHEXT.jpg","contentUrl":"https:\/\/www.mexicanguitarplayers.com\/wp-content\/uploads\/2025\/04\/IABEHXTOUCHEXT.jpg","width":1200,"height":1200},{"@type":"BreadcrumbList","@id":"https:\/\/www.mexicanguitarplayers.com\/tienda\/sin categor\u00eda\/controlador-behringer-mod-x-touch-exten\/#breadcrumb","itemListElement":[{"@type":"ListItem","position":1,"name":"Portada","item":"https:\/\/www.mexicanguitarplayers.com\/"},{"@type":"ListItem","position":2,"name":"Tienda","item":"https:\/\/www.mexicanguitarplayers.com\/tienda\/"},{"@type":"ListItem","position":3,"name":"CONTROLADOR BEHRINGER MOD. X-TOUCH EXTEN"}]},{"@type":"WebSite","@id":"https:\/\/www.mexicanguitarplayers.com\/#website","url":"https:\/\/www.mexicanguitarplayers.com\/","name":"Mexican Guitar Players","description":"Website","publisher":{"@id":"https:\/\/www.mexicanguitarplayers.com\/#organization"},"potentialAction":[{"@type":"SearchAction","target":{"@type":"EntryPoint","urlTemplate":"https:\/\/www.mexicanguitarplayers.com\/?s={search_term_string}"},"query-input":{"@type":"PropertyValueSpecification","valueRequired":true,"valueName":"search_term_string"}}],"inLanguage":"en-US"},{"@type":"Organization","@id":"https:\/\/www.mexicanguitarplayers.com\/#organization","name":"Mexican Guitar Players","url":"https:\/\/www.mexicanguitarplayers.com\/","logo":{"@type":"ImageObject","inLanguage":"en-US","@id":"https:\/\/www.mexicanguitarplayers.com\/#\/schema\/logo\/image\/","url":"","contentUrl":"","caption":"Mexican Guitar Players"},"image":{"@id":"https:\/\/www.mexicanguitarplayers.com\/#\/schema\/logo\/image\/"}}]}},"brands":[{"id":171,"name":"BEHRINGER","slug":"behringer"}],"_links":{"self":[{"href":"https:\/\/www.mexicanguitarplayers.com\/en\/wp-json\/wp\/v2\/product\/40293","targetHints":{"allow":["GET"]}}],"collection":[{"href":"https:\/\/www.mexicanguitarplayers.com\/en\/wp-json\/wp\/v2\/product"}],"about":[{"href":"https:\/\/www.mexicanguitarplayers.com\/en\/wp-json\/wp\/v2\/types\/product"}],"replies":[{"embeddable":true,"href":"https:\/\/www.mexicanguitarplayers.com\/en\/wp-json\/wp\/v2\/comments?post=40293"}],"wp:featuredmedia":[{"embeddable":true,"href":"https:\/\/www.mexicanguitarplayers.com\/en\/wp-json\/wp\/v2\/media\/40289"}],"wp:attachment":[{"href":"https:\/\/www.mexicanguitarplayers.com\/en\/wp-json\/wp\/v2\/media?parent=40293"}],"wp:term":[{"taxonomy":"pwb-brand","embeddable":true,"href":"https:\/\/www.mexicanguitarplayers.com\/en\/wp-json\/wp\/v2\/pwb-brand?post=40293"},{"taxonomy":"product_brand","embeddable":true,"href":"https:\/\/www.mexicanguitarplayers.com\/en\/wp-json\/wp\/v2\/product_brand?post=40293"},{"taxonomy":"product_cat","embeddable":true,"href":"https:\/\/www.mexicanguitarplayers.com\/en\/wp-json\/wp\/v2\/product_cat?post=40293"},{"taxonomy":"product_tag","embeddable":true,"href":"https:\/\/www.mexicanguitarplayers.com\/en\/wp-json\/wp\/v2\/product_tag?post=40293"}],"curies":[{"name":"wp","href":"https:\/\/api.w.org\/{rel}","templated":true}]}}