{"id":40321,"date":"2025-04-09T07:02:52","date_gmt":"2025-04-09T13:02:52","guid":{"rendered":"https:\/\/www.mexicanguitarplayers.com\/tienda\/sin categor\u00eda\/cable-behringer-mod-gmx-500\/"},"modified":"2026-05-01T07:17:35","modified_gmt":"2026-05-01T13:17:35","slug":"cable-behringer-mod-gmx-500","status":"publish","type":"product","link":"https:\/\/www.mexicanguitarplayers.com\/en\/tienda\/audio\/conectores\/multiconectores\/medusas\/cable-behringer-mod-gmx-500\/","title":{"rendered":"CABLE BEHRINGER MOD. GMX-500"},"content":{"rendered":"<div style=\"text-align: justify\">\n<div>\n<h3>Respuesta extendida y din\u00e1mica.<\/h3>\n<\/div>\n<div>El cable GMX-500 conecta tus micr\u00f3fonos o equipos de escenario directamente a cualquier fuente de audio XLR y est\u00e1 optimizado para aplicaciones tanto de escenario como de estudio. Los cables multi n\u00facleo de la serie GMX est\u00e1n disponibles en dos longitudes diferentes para todo tipo de configuraciones: 3 metros y 5 metros. El GMX-500 cuenta con un cable balanceado de 8 x 2 x 0.22 mm\u00b2 con un denso blindaje en espiral para una transmisi\u00f3n de se\u00f1al sin ruido y un di\u00e1metro total de 14 mm con una funda aislante para la m\u00e1xima durabilidad. Conectores XLR con puntos de contacto superiores y carcasa de metal para una durabilidad excepcional. Anillo de codificaci\u00f3n de color y casquillo de goma para la gesti\u00f3n visual de cables.<\/div>\n<div>\n<h4>Characteristics<\/h4>\n<\/div>\n<div>\n<ul style=\"margin: 0px 0px 0px 25px\">\n<li style=\"list-style-type: circle;margin: 5px\">Cable multi n\u00facleo de 8 v\u00edas Gold Performace de 5 metros.<\/li>\n<li style=\"list-style-type: circle;margin: 5px\">Libre de ox\u00edgeno para mayor respuesta y din\u00e1mica.<\/li>\n<li style=\"list-style-type: circle;margin: 5px\">Perfecto para aplicaciones de escenario y estudio.<\/li>\n<li style=\"list-style-type: circle;margin: 5px\">Baja capacitancia.<\/li>\n<li style=\"list-style-type: circle;margin: 5px\">N\u00facleo de cobre para transmisi\u00f3n de se\u00f1al pura.<\/li>\n<li style=\"list-style-type: circle;margin: 5px\">Cable balanceado de 8 x 2 x 0.22 mm\u00b2.<\/li>\n<li style=\"list-style-type: circle;margin: 5px\">Blindaje en espiral para una transmisi\u00f3n de se\u00f1al sin ruido.<\/li>\n<li style=\"list-style-type: circle;margin: 5px\">Conectores XLR con puntos de contacto superiores.<\/li>\n<li style=\"list-style-type: circle;margin: 5px\">Carcasa de metal para una durabilidad excepcional.<\/li>\n<li style=\"list-style-type: circle;margin: 5px\">Anillo de codificaci\u00f3n de n\u00fameros y buje de goma para la gesti\u00f3n visual de cables.<\/li>\n<li style=\"list-style-type: circle;margin: 5px\">Incluye brida de gancho y loop con bracket de metal.<\/li>\n<\/ul>\n<\/div>\n<\/div>","protected":false},"excerpt":{"rendered":"<p>Cable multi n\u00facleo de 8 v\u00edas Gold Performace de 5 metros con conectores XLR, libre de ox\u00edgeno para mayor respuesta y din\u00e1mica, perfecto para aplicaciones de escenario y estudio, baja capacitancia con n\u00facleo de cobre para transmisi\u00f3n de se\u00f1al pura, cable balanceado de 8 x 2 x 0.22 mm\u00b2 con blindaje en espiral para una transmisi\u00f3n de se\u00f1al sin ruido, conectores XLR con puntos de contacto superiores y carcasa de metal para una durabilidad excepcional, anillo de codificaci\u00f3n de n\u00fameros y buje de goma para la gesti\u00f3n visual de cables, incluye brida de gancho y loop con bracket de metal.&hellip; <a class=\"kt-excerpt-readmore more-link\" href=\"https:\/\/www.mexicanguitarplayers.com\/en\/tienda\/audio\/conectores\/multiconectores\/medusas\/cable-behringer-mod-gmx-500\/\">Read more<\/a><\/p>","protected":false},"featured_media":40318,"comment_status":"open","ping_status":"closed","template":"","meta":{"kt_blocks_editor_width":""},"pwb-brand":[171],"product_brand":[],"product_cat":[213,418,595,513],"product_tag":[],"class_list":{"0":"post-40321","1":"product","2":"type-product","3":"status-publish","4":"has-post-thumbnail","6":"pwb-brand-behringer","7":"product_cat-audio","8":"product_cat-conectores","9":"product_cat-medusas","10":"product_cat-multiconectores","11":"product_shipping_class-0-5-kg","13":"first","14":"instock","15":"taxable","16":"shipping-taxable","17":"purchasable","18":"product-type-simple"},"yoast_head":"<!-- This site is optimized with the Yoast SEO plugin v27.6 - https:\/\/yoast.com\/product\/yoast-seo-wordpress\/ -->\n<title>CABLE BEHRINGER MOD. GMX-500 - Mexican Guitar Players<\/title>\n<meta name=\"description\" content=\"Cable multi n\u00facleo de 8 v\u00edas Gold Performace de 5 metros con conectores XLR, libre de ox\u00edgeno para mayor respuesta y din\u00e1mica, perfecto para aplicaciones de escenario y estudio, baja capacitancia con n\u00facleo de cobre para transmisi\u00f3n de se\u00f1al pura, cable balanceado de 8 x 2 x 0.22 mm\u00b2 con blindaje en espiral para una transmisi\u00f3n de se\u00f1al sin ruido, conectores XLR con puntos de contacto superiores y carcasa de metal para una durabilidad excepcional, anillo de codificaci\u00f3n de n\u00fameros y buje de goma para la gesti\u00f3n visual de cables, incluye brida de gancho y loop con bracket de metal.\" \/>\n<meta name=\"robots\" content=\"index, follow, max-snippet:-1, max-image-preview:large, max-video-preview:-1\" \/>\n<link rel=\"canonical\" href=\"https:\/\/www.mexicanguitarplayers.com\/en\/tienda\/sin%20categor\u00eda\/cable-behringer-mod-gmx-500\/\" \/>\n<meta property=\"og:locale\" content=\"en_US\" \/>\n<meta property=\"og:type\" content=\"article\" \/>\n<meta property=\"og:title\" content=\"CABLE BEHRINGER MOD. GMX-500 - Mexican Guitar Players\" \/>\n<meta property=\"og:description\" content=\"Cable multi n\u00facleo de 8 v\u00edas Gold Performace de 5 metros con conectores XLR, libre de ox\u00edgeno para mayor respuesta y din\u00e1mica, perfecto para aplicaciones de escenario y estudio, baja capacitancia con n\u00facleo de cobre para transmisi\u00f3n de se\u00f1al pura, cable balanceado de 8 x 2 x 0.22 mm\u00b2 con blindaje en espiral para una transmisi\u00f3n de se\u00f1al sin ruido, conectores XLR con puntos de contacto superiores y carcasa de metal para una durabilidad excepcional, anillo de codificaci\u00f3n de n\u00fameros y buje de goma para la gesti\u00f3n visual de cables, incluye brida de gancho y loop con bracket de metal.\" \/>\n<meta property=\"og:url\" content=\"https:\/\/www.mexicanguitarplayers.com\/en\/tienda\/sin categor\u00eda\/cable-behringer-mod-gmx-500\/\" \/>\n<meta property=\"og:site_name\" content=\"Mexican Guitar Players\" \/>\n<meta property=\"article:modified_time\" content=\"2026-05-01T13:17:35+00:00\" \/>\n<meta name=\"twitter:card\" content=\"summary_large_image\" \/>\n<meta name=\"twitter:label1\" content=\"Est. reading time\" \/>\n\t<meta name=\"twitter:data1\" content=\"1 minute\" \/>\n<script type=\"application\/ld+json\" class=\"yoast-schema-graph\">{\"@context\":\"https:\\\/\\\/schema.org\",\"@graph\":[{\"@type\":[\"WebPage\",\"ItemPage\"],\"@id\":\"https:\\\/\\\/www.mexicanguitarplayers.com\\\/tienda\\\/sin categor\u00eda\\\/cable-behringer-mod-gmx-500\\\/\",\"url\":\"https:\\\/\\\/www.mexicanguitarplayers.com\\\/tienda\\\/sin categor\u00eda\\\/cable-behringer-mod-gmx-500\\\/\",\"name\":\"CABLE BEHRINGER MOD. GMX-500 - Mexican Guitar Players\",\"isPartOf\":{\"@id\":\"https:\\\/\\\/www.mexicanguitarplayers.com\\\/#website\"},\"primaryImageOfPage\":{\"@id\":\"https:\\\/\\\/www.mexicanguitarplayers.com\\\/tienda\\\/sin categor\u00eda\\\/cable-behringer-mod-gmx-500\\\/#primaryimage\"},\"image\":{\"@id\":\"https:\\\/\\\/www.mexicanguitarplayers.com\\\/tienda\\\/sin categor\u00eda\\\/cable-behringer-mod-gmx-500\\\/#primaryimage\"},\"thumbnailUrl\":\"https:\\\/\\\/www.mexicanguitarplayers.com\\\/wp-content\\\/uploads\\\/2025\\\/04\\\/RABEHGMX500.jpg\",\"datePublished\":\"2025-04-09T13:02:52+00:00\",\"dateModified\":\"2026-05-01T13:17:35+00:00\",\"description\":\"Cable multi n\u00facleo de 8 v\u00edas Gold Performace de 5 metros con conectores XLR, libre de ox\u00edgeno para mayor respuesta y din\u00e1mica, perfecto para aplicaciones de escenario y estudio, baja capacitancia con n\u00facleo de cobre para transmisi\u00f3n de se\u00f1al pura, cable balanceado de 8 x 2 x 0.22 mm\u00b2 con blindaje en espiral para una transmisi\u00f3n de se\u00f1al sin ruido, conectores XLR con puntos de contacto superiores y carcasa de metal para una durabilidad excepcional, anillo de codificaci\u00f3n de n\u00fameros y buje de goma para la gesti\u00f3n visual de cables, incluye brida de gancho y loop con bracket de metal.\",\"breadcrumb\":{\"@id\":\"https:\\\/\\\/www.mexicanguitarplayers.com\\\/tienda\\\/sin categor\u00eda\\\/cable-behringer-mod-gmx-500\\\/#breadcrumb\"},\"inLanguage\":\"en-US\",\"potentialAction\":[{\"@type\":\"ReadAction\",\"target\":[\"https:\\\/\\\/www.mexicanguitarplayers.com\\\/tienda\\\/sin categor\u00eda\\\/cable-behringer-mod-gmx-500\\\/\"]}]},{\"@type\":\"ImageObject\",\"inLanguage\":\"en-US\",\"@id\":\"https:\\\/\\\/www.mexicanguitarplayers.com\\\/tienda\\\/sin categor\u00eda\\\/cable-behringer-mod-gmx-500\\\/#primaryimage\",\"url\":\"https:\\\/\\\/www.mexicanguitarplayers.com\\\/wp-content\\\/uploads\\\/2025\\\/04\\\/RABEHGMX500.jpg\",\"contentUrl\":\"https:\\\/\\\/www.mexicanguitarplayers.com\\\/wp-content\\\/uploads\\\/2025\\\/04\\\/RABEHGMX500.jpg\",\"width\":1200,\"height\":1200},{\"@type\":\"BreadcrumbList\",\"@id\":\"https:\\\/\\\/www.mexicanguitarplayers.com\\\/tienda\\\/sin categor\u00eda\\\/cable-behringer-mod-gmx-500\\\/#breadcrumb\",\"itemListElement\":[{\"@type\":\"ListItem\",\"position\":1,\"name\":\"Portada\",\"item\":\"https:\\\/\\\/www.mexicanguitarplayers.com\\\/\"},{\"@type\":\"ListItem\",\"position\":2,\"name\":\"Tienda\",\"item\":\"https:\\\/\\\/www.mexicanguitarplayers.com\\\/tienda\\\/\"},{\"@type\":\"ListItem\",\"position\":3,\"name\":\"CABLE BEHRINGER MOD. GMX-500\"}]},{\"@type\":\"WebSite\",\"@id\":\"https:\\\/\\\/www.mexicanguitarplayers.com\\\/#website\",\"url\":\"https:\\\/\\\/www.mexicanguitarplayers.com\\\/\",\"name\":\"Mexican Guitar Players\",\"description\":\"Website\",\"publisher\":{\"@id\":\"https:\\\/\\\/www.mexicanguitarplayers.com\\\/#organization\"},\"potentialAction\":[{\"@type\":\"SearchAction\",\"target\":{\"@type\":\"EntryPoint\",\"urlTemplate\":\"https:\\\/\\\/www.mexicanguitarplayers.com\\\/?s={search_term_string}\"},\"query-input\":{\"@type\":\"PropertyValueSpecification\",\"valueRequired\":true,\"valueName\":\"search_term_string\"}}],\"inLanguage\":\"en-US\"},{\"@type\":\"Organization\",\"@id\":\"https:\\\/\\\/www.mexicanguitarplayers.com\\\/#organization\",\"name\":\"Mexican Guitar Players\",\"url\":\"https:\\\/\\\/www.mexicanguitarplayers.com\\\/\",\"logo\":{\"@type\":\"ImageObject\",\"inLanguage\":\"en-US\",\"@id\":\"https:\\\/\\\/www.mexicanguitarplayers.com\\\/#\\\/schema\\\/logo\\\/image\\\/\",\"url\":\"\",\"contentUrl\":\"\",\"caption\":\"Mexican Guitar Players\"},\"image\":{\"@id\":\"https:\\\/\\\/www.mexicanguitarplayers.com\\\/#\\\/schema\\\/logo\\\/image\\\/\"}}]}<\/script>\n<!-- \/ Yoast SEO plugin. -->","yoast_head_json":{"title":"CABLE BEHRINGER MOD. GMX-500 - Mexican Guitar Players","description":"Cable multi n\u00facleo de 8 v\u00edas Gold Performace de 5 metros con conectores XLR, libre de ox\u00edgeno para mayor respuesta y din\u00e1mica, perfecto para aplicaciones de escenario y estudio, baja capacitancia con n\u00facleo de cobre para transmisi\u00f3n de se\u00f1al pura, cable balanceado de 8 x 2 x 0.22 mm\u00b2 con blindaje en espiral para una transmisi\u00f3n de se\u00f1al sin ruido, conectores XLR con puntos de contacto superiores y carcasa de metal para una durabilidad excepcional, anillo de codificaci\u00f3n de n\u00fameros y buje de goma para la gesti\u00f3n visual de cables, incluye brida de gancho y loop con bracket de metal.","robots":{"index":"index","follow":"follow","max-snippet":"max-snippet:-1","max-image-preview":"max-image-preview:large","max-video-preview":"max-video-preview:-1"},"canonical":"https:\/\/www.mexicanguitarplayers.com\/en\/tienda\/sin categor\u00eda\/cable-behringer-mod-gmx-500\/","og_locale":"en_US","og_type":"article","og_title":"CABLE BEHRINGER MOD. GMX-500 - Mexican Guitar Players","og_description":"Cable multi n\u00facleo de 8 v\u00edas Gold Performace de 5 metros con conectores XLR, libre de ox\u00edgeno para mayor respuesta y din\u00e1mica, perfecto para aplicaciones de escenario y estudio, baja capacitancia con n\u00facleo de cobre para transmisi\u00f3n de se\u00f1al pura, cable balanceado de 8 x 2 x 0.22 mm\u00b2 con blindaje en espiral para una transmisi\u00f3n de se\u00f1al sin ruido, conectores XLR con puntos de contacto superiores y carcasa de metal para una durabilidad excepcional, anillo de codificaci\u00f3n de n\u00fameros y buje de goma para la gesti\u00f3n visual de cables, incluye brida de gancho y loop con bracket de metal.","og_url":"https:\/\/www.mexicanguitarplayers.com\/en\/tienda\/sin categor\u00eda\/cable-behringer-mod-gmx-500\/","og_site_name":"Mexican Guitar Players","article_modified_time":"2026-05-01T13:17:35+00:00","twitter_card":"summary_large_image","twitter_misc":{"Est. reading time":"1 minute"},"schema":{"@context":"https:\/\/schema.org","@graph":[{"@type":["WebPage","ItemPage"],"@id":"https:\/\/www.mexicanguitarplayers.com\/tienda\/sin categor\u00eda\/cable-behringer-mod-gmx-500\/","url":"https:\/\/www.mexicanguitarplayers.com\/tienda\/sin categor\u00eda\/cable-behringer-mod-gmx-500\/","name":"CABLE BEHRINGER MOD. GMX-500 - Mexican Guitar Players","isPartOf":{"@id":"https:\/\/www.mexicanguitarplayers.com\/#website"},"primaryImageOfPage":{"@id":"https:\/\/www.mexicanguitarplayers.com\/tienda\/sin categor\u00eda\/cable-behringer-mod-gmx-500\/#primaryimage"},"image":{"@id":"https:\/\/www.mexicanguitarplayers.com\/tienda\/sin categor\u00eda\/cable-behringer-mod-gmx-500\/#primaryimage"},"thumbnailUrl":"https:\/\/www.mexicanguitarplayers.com\/wp-content\/uploads\/2025\/04\/RABEHGMX500.jpg","datePublished":"2025-04-09T13:02:52+00:00","dateModified":"2026-05-01T13:17:35+00:00","description":"Cable multi n\u00facleo de 8 v\u00edas Gold Performace de 5 metros con conectores XLR, libre de ox\u00edgeno para mayor respuesta y din\u00e1mica, perfecto para aplicaciones de escenario y estudio, baja capacitancia con n\u00facleo de cobre para transmisi\u00f3n de se\u00f1al pura, cable balanceado de 8 x 2 x 0.22 mm\u00b2 con blindaje en espiral para una transmisi\u00f3n de se\u00f1al sin ruido, conectores XLR con puntos de contacto superiores y carcasa de metal para una durabilidad excepcional, anillo de codificaci\u00f3n de n\u00fameros y buje de goma para la gesti\u00f3n visual de cables, incluye brida de gancho y loop con bracket de metal.","breadcrumb":{"@id":"https:\/\/www.mexicanguitarplayers.com\/tienda\/sin categor\u00eda\/cable-behringer-mod-gmx-500\/#breadcrumb"},"inLanguage":"en-US","potentialAction":[{"@type":"ReadAction","target":["https:\/\/www.mexicanguitarplayers.com\/tienda\/sin categor\u00eda\/cable-behringer-mod-gmx-500\/"]}]},{"@type":"ImageObject","inLanguage":"en-US","@id":"https:\/\/www.mexicanguitarplayers.com\/tienda\/sin categor\u00eda\/cable-behringer-mod-gmx-500\/#primaryimage","url":"https:\/\/www.mexicanguitarplayers.com\/wp-content\/uploads\/2025\/04\/RABEHGMX500.jpg","contentUrl":"https:\/\/www.mexicanguitarplayers.com\/wp-content\/uploads\/2025\/04\/RABEHGMX500.jpg","width":1200,"height":1200},{"@type":"BreadcrumbList","@id":"https:\/\/www.mexicanguitarplayers.com\/tienda\/sin categor\u00eda\/cable-behringer-mod-gmx-500\/#breadcrumb","itemListElement":[{"@type":"ListItem","position":1,"name":"Portada","item":"https:\/\/www.mexicanguitarplayers.com\/"},{"@type":"ListItem","position":2,"name":"Tienda","item":"https:\/\/www.mexicanguitarplayers.com\/tienda\/"},{"@type":"ListItem","position":3,"name":"CABLE BEHRINGER MOD. GMX-500"}]},{"@type":"WebSite","@id":"https:\/\/www.mexicanguitarplayers.com\/#website","url":"https:\/\/www.mexicanguitarplayers.com\/","name":"Mexican Guitar Players","description":"Website","publisher":{"@id":"https:\/\/www.mexicanguitarplayers.com\/#organization"},"potentialAction":[{"@type":"SearchAction","target":{"@type":"EntryPoint","urlTemplate":"https:\/\/www.mexicanguitarplayers.com\/?s={search_term_string}"},"query-input":{"@type":"PropertyValueSpecification","valueRequired":true,"valueName":"search_term_string"}}],"inLanguage":"en-US"},{"@type":"Organization","@id":"https:\/\/www.mexicanguitarplayers.com\/#organization","name":"Mexican Guitar Players","url":"https:\/\/www.mexicanguitarplayers.com\/","logo":{"@type":"ImageObject","inLanguage":"en-US","@id":"https:\/\/www.mexicanguitarplayers.com\/#\/schema\/logo\/image\/","url":"","contentUrl":"","caption":"Mexican Guitar Players"},"image":{"@id":"https:\/\/www.mexicanguitarplayers.com\/#\/schema\/logo\/image\/"}}]}},"brands":[{"id":171,"name":"BEHRINGER","slug":"behringer"}],"_links":{"self":[{"href":"https:\/\/www.mexicanguitarplayers.com\/en\/wp-json\/wp\/v2\/product\/40321","targetHints":{"allow":["GET"]}}],"collection":[{"href":"https:\/\/www.mexicanguitarplayers.com\/en\/wp-json\/wp\/v2\/product"}],"about":[{"href":"https:\/\/www.mexicanguitarplayers.com\/en\/wp-json\/wp\/v2\/types\/product"}],"replies":[{"embeddable":true,"href":"https:\/\/www.mexicanguitarplayers.com\/en\/wp-json\/wp\/v2\/comments?post=40321"}],"wp:featuredmedia":[{"embeddable":true,"href":"https:\/\/www.mexicanguitarplayers.com\/en\/wp-json\/wp\/v2\/media\/40318"}],"wp:attachment":[{"href":"https:\/\/www.mexicanguitarplayers.com\/en\/wp-json\/wp\/v2\/media?parent=40321"}],"wp:term":[{"taxonomy":"pwb-brand","embeddable":true,"href":"https:\/\/www.mexicanguitarplayers.com\/en\/wp-json\/wp\/v2\/pwb-brand?post=40321"},{"taxonomy":"product_brand","embeddable":true,"href":"https:\/\/www.mexicanguitarplayers.com\/en\/wp-json\/wp\/v2\/product_brand?post=40321"},{"taxonomy":"product_cat","embeddable":true,"href":"https:\/\/www.mexicanguitarplayers.com\/en\/wp-json\/wp\/v2\/product_cat?post=40321"},{"taxonomy":"product_tag","embeddable":true,"href":"https:\/\/www.mexicanguitarplayers.com\/en\/wp-json\/wp\/v2\/product_tag?post=40321"}],"curies":[{"name":"wp","href":"https:\/\/api.w.org\/{rel}","templated":true}]}}