{"id":40365,"date":"2025-04-09T07:03:57","date_gmt":"2025-04-09T13:03:57","guid":{"rendered":"https:\/\/www.mexicanguitarplayers.com\/tienda\/sin categor\u00eda\/microfono-sennheiser-hsp-essential-omni-beige\/"},"modified":"2026-04-15T04:16:13","modified_gmt":"2026-04-15T10:16:13","slug":"microfono-sennheiser-hsp-essential-omni-beige","status":"publish","type":"product","link":"https:\/\/www.mexicanguitarplayers.com\/en\/tienda\/audio\/microfonia\/microfonos-alambricos\/de-escritorio\/microfono-sennheiser-hsp-essential-omni-beige\/","title":{"rendered":"MICROFONO SENNHEISER HSP ESSENTIAL OMNI-BEIGE"},"content":{"rendered":"<div style=\"text-align: justify\">\n<div>\n<h3>No se necesita nada m\u00e1s para convencerte.<\/h3>\n<\/div>\n<div>Con los HSP Essential Omni, el nombre tambi\u00e9n es una filosof\u00eda: reduce a lo esencial los requisitos relacionados con la calidad y funci\u00f3n por un precio sustancialmente menor Combina un alto nivel de comodidad con un armaz\u00f3n resistente, transmisi\u00f3n de sonido brillante libre de distorsiones, una apariencia discreta y un dise\u00f1o ligero. El resultado: unos aud\u00edfonos con micr\u00f3fono que se adaptan a cualquier presupuesto. Gracias a su banda para cuello continuamente ajustable, los HSP Essential Omni se adaptan perfectamente a cualquier tama\u00f1o o forma de cabeza. Una vez ajustados, apenas se sienten, ya que su dise\u00f1o ligero de tan s\u00f3lo 25 gramos se distribuye de manera \u00f3ptima sin hacer presi\u00f3n en la cabeza. Adem\u00e1s, el brazo del micr\u00f3fono puede colocarse en el lado izquierdo o derecho, seg\u00fan la preferencia del usuario. Los HSP Essential Omni cuentan con la c\u00e1psula condensadora KE 4 de alta calidad de Sennheiser. Es omnidireccional y logra un sonido claro, c\u00e1lido y libre de distorsiones, incluso con voces demasiado altas. Su diafragma patentado de sombrilla tambi\u00e9n proporciona una protecci\u00f3n confiable contra la humedad. Todos los componentes de los aud\u00edfonos HSP Essential Omni, como el brazo del micr\u00f3fono particularmente delgado, se mantuvieron con el tama\u00f1o m\u00e1s peque\u00f1o posible para que no se notaran durante su uso. Puedes seleccionar entre negro y beige para mayor ocultaci\u00f3n. Su forma ligera y compacta es a la vez extremadamente resistente y est\u00e1 dise\u00f1ada para durar. En caso de cualquier descompostura, los componentes de los HSP Essential Omni pueden remplazarse f\u00e1cilmente.<\/div>\n<div>\n<h4>Quick look<\/h4>\n<\/div>\n<ul style=\"margin: 0px 0px 0px 25px\">\n<li style=\"list-style-type: circle;margin: 5px\">Connector<\/li>\n<li style=\"list-style-type: circle;margin: 5px\">Frequency response.<\/li>\n<li style=\"list-style-type: circle;margin: 5px\">Maximum SPL.<\/li>\n<li style=\"list-style-type: circle;margin: 5px\">Longitud del cable.<\/li>\n<li style=\"list-style-type: circle;margin: 5px\">Weight.<\/li>\n<li style=\"list-style-type: circle;margin: 5px\">Di\u00e1metro.<\/li>\n<li style=\"list-style-type: circle;margin: 5px\">Pick-up pattern.<\/li>\n<li style=\"list-style-type: circle;margin: 5px\">Sensitivity (open field, no load, at 1 kHz).<\/li>\n<li style=\"list-style-type: circle;margin: 5px\">Nominal impedance.<\/li>\n<li style=\"list-style-type: circle;margin: 5px\">Minimum termination impedance.<\/li>\n<li style=\"list-style-type: circle;margin: 5px\">Equivalent noise level.<\/li>\n<li style=\"list-style-type: circle;margin: 5px\">Equivalent noise level.<\/li>\n<li style=\"list-style-type: circle;margin: 5px\">Accessories included.<\/li>\n<\/ul>\n<div>\n<div style=\"font-weight: bold\">Connector<\/div>\n<div>\n<p>3.5 mm jack o 3-Pin.<\/p>\n<\/div>\n<div style=\"font-weight: bold\">Frequency response.<\/div>\n<div>\n<p>20 &#8211; 20,000 Hz.<\/p>\n<\/div>\n<div style=\"font-weight: bold\">Maximum SPL.<\/div>\n<div>\n<p>148 dB.<\/p>\n<\/div>\n<div style=\"font-weight: bold\">Longitud del cable.<\/div>\n<div>\n<p>1.3 m.<\/p>\n<\/div>\n<div style=\"font-weight: bold\">Weight.<\/div>\n<div>\n<p>25 g.<\/p>\n<\/div>\n<div style=\"font-weight: bold\">Di\u00e1metro.<\/div>\n<div>\n<p>4.8 mm.<\/p>\n<\/div>\n<div style=\"font-weight: bold\">Pick-up pattern.<\/div>\n<div>\n<p>Omnidireccional.<\/p>\n<\/div>\n<div style=\"font-weight: bold\">Sensitivity (open field, no load, at 1 kHz).<\/div>\n<div>\n<p>2.5mV\/Pa +-3.5dB.<\/p>\n<\/div>\n<div style=\"font-weight: bold\">Nominal impedance.<\/div>\n<div>\n<p>1000 ohms.<\/p>\n<\/div>\n<div style=\"font-weight: bold\">Minimum termination impedance.<\/div>\n<div>\n<p>4700 ohms.<\/p>\n<\/div>\n<div style=\"font-weight: bold\">Equivalent noise level.<\/div>\n<div>\n<p>30 dB (A-weighted, DIN IEC 651).<\/p>\n<\/div>\n<div style=\"font-weight: bold\">Equivalent noise level.<\/div>\n<div>\n<p>42 dB.<\/p>\n<\/div>\n<div style=\"font-weight: bold\">Accessories included.<\/div>\n<div>\n<p>1 bolsa de transporte. 1 pantalla de espuma contra el viento. <\/p>\n<\/div>\n<\/div>\n<\/div>","protected":false},"excerpt":{"rendered":"<p>Micr\u00f3fono omnidireccional de solapa para presentaciones y clases, c\u00e1psula KE 4 reci\u00e9n desarrollada que proporciona matices c\u00e1lidos y mejor calidad de audio, capacidad de manejar m\u00e1ximos niveles de presi\u00f3n sonora para brindar una reproducci\u00f3n libre de distorsi\u00f3n en cada uso, dise\u00f1o ergon\u00f3mico y flexible de banda para nuca que se adapta de manera segura a una gran variedad de formas y tama\u00f1os de cabeza, ajuste c\u00f3modo, pero seguro para m\u00e1xima comodidad, construcci\u00f3n resistente y al mismo tiempo delicada y discreta, resistente al sudor gracias a su diafragma de sombrilla patentado y anillo sellado de goma, f\u00e1cil mantenimiento: estructura mec\u00e1nica de alta calidad; todas las partes individuales pueden remplazarse y ordenarse por separado, revestimiento de alta calidad que no causa alergias, respuesta de frecuencia: 20 &#8211; 20,000 Hz, SPL m\u00e1ximo: 148 dB, cable de 1.3 metros, incluye una bolsa de transporte y una pantalla de espuma anti viento.&hellip; <a class=\"kt-excerpt-readmore more-link\" href=\"https:\/\/www.mexicanguitarplayers.com\/en\/tienda\/audio\/microfonia\/microfonos-alambricos\/de-escritorio\/microfono-sennheiser-hsp-essential-omni-beige\/\">Read more<\/a><\/p>","protected":false},"featured_media":40361,"comment_status":"open","ping_status":"closed","template":"","meta":{"kt_blocks_editor_width":""},"pwb-brand":[176],"product_brand":[],"product_cat":[213,217,214,215],"product_tag":[],"class_list":{"0":"post-40365","1":"product","2":"type-product","3":"status-publish","4":"has-post-thumbnail","6":"pwb-brand-sennheiser","7":"product_cat-audio","8":"product_cat-de-escritorio","9":"product_cat-microfonia","10":"product_cat-microfonos-alambricos","11":"product_shipping_class-0-5-kg","13":"first","14":"outofstock","15":"taxable","16":"shipping-taxable","17":"purchasable","18":"product-type-simple"},"yoast_head":"<!-- This site is optimized with the Yoast SEO plugin v27.6 - https:\/\/yoast.com\/product\/yoast-seo-wordpress\/ -->\n<title>MICROFONO SENNHEISER HSP ESSENTIAL OMNI-BEIGE - Mexican Guitar Players<\/title>\n<meta name=\"description\" content=\"Micr\u00f3fono omnidireccional de solapa para presentaciones y clases, c\u00e1psula KE 4 reci\u00e9n desarrollada que proporciona matices c\u00e1lidos y mejor calidad de audio, capacidad de manejar m\u00e1ximos niveles de presi\u00f3n sonora para brindar una reproducci\u00f3n libre de distorsi\u00f3n en cada uso, dise\u00f1o ergon\u00f3mico y flexible de banda para nuca que se adapta de manera segura a una gran variedad de formas y tama\u00f1os de cabeza, ajuste c\u00f3modo, pero seguro para m\u00e1xima comodidad, construcci\u00f3n resistente y al mismo tiempo delicada y discreta, resistente al sudor gracias a su diafragma de sombrilla patentado y anillo sellado de goma, f\u00e1cil mantenimiento: estructura mec\u00e1nica de alta calidad; todas las partes individuales pueden remplazarse y ordenarse por separado, revestimiento de alta calidad que no causa alergias, respuesta de frecuencia: 20 - 20,000 Hz, SPL m\u00e1ximo: 148 dB, cable de 1.3 metros, incluye una bolsa de transporte y una pantalla de espuma anti viento.\" \/>\n<meta name=\"robots\" content=\"index, follow, max-snippet:-1, max-image-preview:large, max-video-preview:-1\" \/>\n<link rel=\"canonical\" href=\"https:\/\/www.mexicanguitarplayers.com\/en\/tienda\/sin%20categor\u00eda\/microfono-sennheiser-hsp-essential-omni-beige\/\" \/>\n<meta property=\"og:locale\" content=\"en_US\" \/>\n<meta property=\"og:type\" content=\"article\" \/>\n<meta property=\"og:title\" content=\"MICROFONO SENNHEISER HSP ESSENTIAL OMNI-BEIGE - Mexican Guitar Players\" \/>\n<meta property=\"og:description\" content=\"Micr\u00f3fono omnidireccional de solapa para presentaciones y clases, c\u00e1psula KE 4 reci\u00e9n desarrollada que proporciona matices c\u00e1lidos y mejor calidad de audio, capacidad de manejar m\u00e1ximos niveles de presi\u00f3n sonora para brindar una reproducci\u00f3n libre de distorsi\u00f3n en cada uso, dise\u00f1o ergon\u00f3mico y flexible de banda para nuca que se adapta de manera segura a una gran variedad de formas y tama\u00f1os de cabeza, ajuste c\u00f3modo, pero seguro para m\u00e1xima comodidad, construcci\u00f3n resistente y al mismo tiempo delicada y discreta, resistente al sudor gracias a su diafragma de sombrilla patentado y anillo sellado de goma, f\u00e1cil mantenimiento: estructura mec\u00e1nica de alta calidad; todas las partes individuales pueden remplazarse y ordenarse por separado, revestimiento de alta calidad que no causa alergias, respuesta de frecuencia: 20 - 20,000 Hz, SPL m\u00e1ximo: 148 dB, cable de 1.3 metros, incluye una bolsa de transporte y una pantalla de espuma anti viento.\" \/>\n<meta property=\"og:url\" content=\"https:\/\/www.mexicanguitarplayers.com\/en\/tienda\/sin categor\u00eda\/microfono-sennheiser-hsp-essential-omni-beige\/\" \/>\n<meta property=\"og:site_name\" content=\"Mexican Guitar Players\" \/>\n<meta property=\"article:modified_time\" content=\"2026-04-15T10:16:13+00:00\" \/>\n<meta name=\"twitter:card\" content=\"summary_large_image\" \/>\n<meta name=\"twitter:label1\" content=\"Est. reading time\" \/>\n\t<meta name=\"twitter:data1\" content=\"2 minutes\" \/>\n<script type=\"application\/ld+json\" class=\"yoast-schema-graph\">{\"@context\":\"https:\\\/\\\/schema.org\",\"@graph\":[{\"@type\":[\"WebPage\",\"ItemPage\"],\"@id\":\"https:\\\/\\\/www.mexicanguitarplayers.com\\\/tienda\\\/sin categor\u00eda\\\/microfono-sennheiser-hsp-essential-omni-beige\\\/\",\"url\":\"https:\\\/\\\/www.mexicanguitarplayers.com\\\/tienda\\\/sin categor\u00eda\\\/microfono-sennheiser-hsp-essential-omni-beige\\\/\",\"name\":\"MICROFONO SENNHEISER HSP ESSENTIAL OMNI-BEIGE - Mexican Guitar Players\",\"isPartOf\":{\"@id\":\"https:\\\/\\\/www.mexicanguitarplayers.com\\\/#website\"},\"primaryImageOfPage\":{\"@id\":\"https:\\\/\\\/www.mexicanguitarplayers.com\\\/tienda\\\/sin categor\u00eda\\\/microfono-sennheiser-hsp-essential-omni-beige\\\/#primaryimage\"},\"image\":{\"@id\":\"https:\\\/\\\/www.mexicanguitarplayers.com\\\/tienda\\\/sin categor\u00eda\\\/microfono-sennheiser-hsp-essential-omni-beige\\\/#primaryimage\"},\"thumbnailUrl\":\"https:\\\/\\\/www.mexicanguitarplayers.com\\\/wp-content\\\/uploads\\\/2025\\\/04\\\/IASENHSPESSEBE.jpg\",\"datePublished\":\"2025-04-09T13:03:57+00:00\",\"dateModified\":\"2026-04-15T10:16:13+00:00\",\"description\":\"Micr\u00f3fono omnidireccional de solapa para presentaciones y clases, c\u00e1psula KE 4 reci\u00e9n desarrollada que proporciona matices c\u00e1lidos y mejor calidad de audio, capacidad de manejar m\u00e1ximos niveles de presi\u00f3n sonora para brindar una reproducci\u00f3n libre de distorsi\u00f3n en cada uso, dise\u00f1o ergon\u00f3mico y flexible de banda para nuca que se adapta de manera segura a una gran variedad de formas y tama\u00f1os de cabeza, ajuste c\u00f3modo, pero seguro para m\u00e1xima comodidad, construcci\u00f3n resistente y al mismo tiempo delicada y discreta, resistente al sudor gracias a su diafragma de sombrilla patentado y anillo sellado de goma, f\u00e1cil mantenimiento: estructura mec\u00e1nica de alta calidad; todas las partes individuales pueden remplazarse y ordenarse por separado, revestimiento de alta calidad que no causa alergias, respuesta de frecuencia: 20 - 20,000 Hz, SPL m\u00e1ximo: 148 dB, cable de 1.3 metros, incluye una bolsa de transporte y una pantalla de espuma anti viento.\",\"breadcrumb\":{\"@id\":\"https:\\\/\\\/www.mexicanguitarplayers.com\\\/tienda\\\/sin categor\u00eda\\\/microfono-sennheiser-hsp-essential-omni-beige\\\/#breadcrumb\"},\"inLanguage\":\"en-US\",\"potentialAction\":[{\"@type\":\"ReadAction\",\"target\":[\"https:\\\/\\\/www.mexicanguitarplayers.com\\\/tienda\\\/sin categor\u00eda\\\/microfono-sennheiser-hsp-essential-omni-beige\\\/\"]}]},{\"@type\":\"ImageObject\",\"inLanguage\":\"en-US\",\"@id\":\"https:\\\/\\\/www.mexicanguitarplayers.com\\\/tienda\\\/sin categor\u00eda\\\/microfono-sennheiser-hsp-essential-omni-beige\\\/#primaryimage\",\"url\":\"https:\\\/\\\/www.mexicanguitarplayers.com\\\/wp-content\\\/uploads\\\/2025\\\/04\\\/IASENHSPESSEBE.jpg\",\"contentUrl\":\"https:\\\/\\\/www.mexicanguitarplayers.com\\\/wp-content\\\/uploads\\\/2025\\\/04\\\/IASENHSPESSEBE.jpg\",\"width\":1200,\"height\":1200},{\"@type\":\"BreadcrumbList\",\"@id\":\"https:\\\/\\\/www.mexicanguitarplayers.com\\\/tienda\\\/sin categor\u00eda\\\/microfono-sennheiser-hsp-essential-omni-beige\\\/#breadcrumb\",\"itemListElement\":[{\"@type\":\"ListItem\",\"position\":1,\"name\":\"Portada\",\"item\":\"https:\\\/\\\/www.mexicanguitarplayers.com\\\/\"},{\"@type\":\"ListItem\",\"position\":2,\"name\":\"Tienda\",\"item\":\"https:\\\/\\\/www.mexicanguitarplayers.com\\\/tienda\\\/\"},{\"@type\":\"ListItem\",\"position\":3,\"name\":\"MICROFONO SENNHEISER HSP ESSENTIAL OMNI-BEIGE\"}]},{\"@type\":\"WebSite\",\"@id\":\"https:\\\/\\\/www.mexicanguitarplayers.com\\\/#website\",\"url\":\"https:\\\/\\\/www.mexicanguitarplayers.com\\\/\",\"name\":\"Mexican Guitar Players\",\"description\":\"Website\",\"publisher\":{\"@id\":\"https:\\\/\\\/www.mexicanguitarplayers.com\\\/#organization\"},\"potentialAction\":[{\"@type\":\"SearchAction\",\"target\":{\"@type\":\"EntryPoint\",\"urlTemplate\":\"https:\\\/\\\/www.mexicanguitarplayers.com\\\/?s={search_term_string}\"},\"query-input\":{\"@type\":\"PropertyValueSpecification\",\"valueRequired\":true,\"valueName\":\"search_term_string\"}}],\"inLanguage\":\"en-US\"},{\"@type\":\"Organization\",\"@id\":\"https:\\\/\\\/www.mexicanguitarplayers.com\\\/#organization\",\"name\":\"Mexican Guitar Players\",\"url\":\"https:\\\/\\\/www.mexicanguitarplayers.com\\\/\",\"logo\":{\"@type\":\"ImageObject\",\"inLanguage\":\"en-US\",\"@id\":\"https:\\\/\\\/www.mexicanguitarplayers.com\\\/#\\\/schema\\\/logo\\\/image\\\/\",\"url\":\"\",\"contentUrl\":\"\",\"caption\":\"Mexican Guitar Players\"},\"image\":{\"@id\":\"https:\\\/\\\/www.mexicanguitarplayers.com\\\/#\\\/schema\\\/logo\\\/image\\\/\"}}]}<\/script>\n<!-- \/ Yoast SEO plugin. -->","yoast_head_json":{"title":"MICROFONO SENNHEISER HSP ESSENTIAL OMNI-BEIGE - Mexican Guitar Players","description":"Micr\u00f3fono omnidireccional de solapa para presentaciones y clases, c\u00e1psula KE 4 reci\u00e9n desarrollada que proporciona matices c\u00e1lidos y mejor calidad de audio, capacidad de manejar m\u00e1ximos niveles de presi\u00f3n sonora para brindar una reproducci\u00f3n libre de distorsi\u00f3n en cada uso, dise\u00f1o ergon\u00f3mico y flexible de banda para nuca que se adapta de manera segura a una gran variedad de formas y tama\u00f1os de cabeza, ajuste c\u00f3modo, pero seguro para m\u00e1xima comodidad, construcci\u00f3n resistente y al mismo tiempo delicada y discreta, resistente al sudor gracias a su diafragma de sombrilla patentado y anillo sellado de goma, f\u00e1cil mantenimiento: estructura mec\u00e1nica de alta calidad; todas las partes individuales pueden remplazarse y ordenarse por separado, revestimiento de alta calidad que no causa alergias, respuesta de frecuencia: 20 - 20,000 Hz, SPL m\u00e1ximo: 148 dB, cable de 1.3 metros, incluye una bolsa de transporte y una pantalla de espuma anti viento.","robots":{"index":"index","follow":"follow","max-snippet":"max-snippet:-1","max-image-preview":"max-image-preview:large","max-video-preview":"max-video-preview:-1"},"canonical":"https:\/\/www.mexicanguitarplayers.com\/en\/tienda\/sin categor\u00eda\/microfono-sennheiser-hsp-essential-omni-beige\/","og_locale":"en_US","og_type":"article","og_title":"MICROFONO SENNHEISER HSP ESSENTIAL OMNI-BEIGE - Mexican Guitar Players","og_description":"Micr\u00f3fono omnidireccional de solapa para presentaciones y clases, c\u00e1psula KE 4 reci\u00e9n desarrollada que proporciona matices c\u00e1lidos y mejor calidad de audio, capacidad de manejar m\u00e1ximos niveles de presi\u00f3n sonora para brindar una reproducci\u00f3n libre de distorsi\u00f3n en cada uso, dise\u00f1o ergon\u00f3mico y flexible de banda para nuca que se adapta de manera segura a una gran variedad de formas y tama\u00f1os de cabeza, ajuste c\u00f3modo, pero seguro para m\u00e1xima comodidad, construcci\u00f3n resistente y al mismo tiempo delicada y discreta, resistente al sudor gracias a su diafragma de sombrilla patentado y anillo sellado de goma, f\u00e1cil mantenimiento: estructura mec\u00e1nica de alta calidad; todas las partes individuales pueden remplazarse y ordenarse por separado, revestimiento de alta calidad que no causa alergias, respuesta de frecuencia: 20 - 20,000 Hz, SPL m\u00e1ximo: 148 dB, cable de 1.3 metros, incluye una bolsa de transporte y una pantalla de espuma anti viento.","og_url":"https:\/\/www.mexicanguitarplayers.com\/en\/tienda\/sin categor\u00eda\/microfono-sennheiser-hsp-essential-omni-beige\/","og_site_name":"Mexican Guitar Players","article_modified_time":"2026-04-15T10:16:13+00:00","twitter_card":"summary_large_image","twitter_misc":{"Est. reading time":"2 minutes"},"schema":{"@context":"https:\/\/schema.org","@graph":[{"@type":["WebPage","ItemPage"],"@id":"https:\/\/www.mexicanguitarplayers.com\/tienda\/sin categor\u00eda\/microfono-sennheiser-hsp-essential-omni-beige\/","url":"https:\/\/www.mexicanguitarplayers.com\/tienda\/sin categor\u00eda\/microfono-sennheiser-hsp-essential-omni-beige\/","name":"MICROFONO SENNHEISER HSP ESSENTIAL OMNI-BEIGE - Mexican Guitar Players","isPartOf":{"@id":"https:\/\/www.mexicanguitarplayers.com\/#website"},"primaryImageOfPage":{"@id":"https:\/\/www.mexicanguitarplayers.com\/tienda\/sin categor\u00eda\/microfono-sennheiser-hsp-essential-omni-beige\/#primaryimage"},"image":{"@id":"https:\/\/www.mexicanguitarplayers.com\/tienda\/sin categor\u00eda\/microfono-sennheiser-hsp-essential-omni-beige\/#primaryimage"},"thumbnailUrl":"https:\/\/www.mexicanguitarplayers.com\/wp-content\/uploads\/2025\/04\/IASENHSPESSEBE.jpg","datePublished":"2025-04-09T13:03:57+00:00","dateModified":"2026-04-15T10:16:13+00:00","description":"Micr\u00f3fono omnidireccional de solapa para presentaciones y clases, c\u00e1psula KE 4 reci\u00e9n desarrollada que proporciona matices c\u00e1lidos y mejor calidad de audio, capacidad de manejar m\u00e1ximos niveles de presi\u00f3n sonora para brindar una reproducci\u00f3n libre de distorsi\u00f3n en cada uso, dise\u00f1o ergon\u00f3mico y flexible de banda para nuca que se adapta de manera segura a una gran variedad de formas y tama\u00f1os de cabeza, ajuste c\u00f3modo, pero seguro para m\u00e1xima comodidad, construcci\u00f3n resistente y al mismo tiempo delicada y discreta, resistente al sudor gracias a su diafragma de sombrilla patentado y anillo sellado de goma, f\u00e1cil mantenimiento: estructura mec\u00e1nica de alta calidad; todas las partes individuales pueden remplazarse y ordenarse por separado, revestimiento de alta calidad que no causa alergias, respuesta de frecuencia: 20 - 20,000 Hz, SPL m\u00e1ximo: 148 dB, cable de 1.3 metros, incluye una bolsa de transporte y una pantalla de espuma anti viento.","breadcrumb":{"@id":"https:\/\/www.mexicanguitarplayers.com\/tienda\/sin categor\u00eda\/microfono-sennheiser-hsp-essential-omni-beige\/#breadcrumb"},"inLanguage":"en-US","potentialAction":[{"@type":"ReadAction","target":["https:\/\/www.mexicanguitarplayers.com\/tienda\/sin categor\u00eda\/microfono-sennheiser-hsp-essential-omni-beige\/"]}]},{"@type":"ImageObject","inLanguage":"en-US","@id":"https:\/\/www.mexicanguitarplayers.com\/tienda\/sin categor\u00eda\/microfono-sennheiser-hsp-essential-omni-beige\/#primaryimage","url":"https:\/\/www.mexicanguitarplayers.com\/wp-content\/uploads\/2025\/04\/IASENHSPESSEBE.jpg","contentUrl":"https:\/\/www.mexicanguitarplayers.com\/wp-content\/uploads\/2025\/04\/IASENHSPESSEBE.jpg","width":1200,"height":1200},{"@type":"BreadcrumbList","@id":"https:\/\/www.mexicanguitarplayers.com\/tienda\/sin categor\u00eda\/microfono-sennheiser-hsp-essential-omni-beige\/#breadcrumb","itemListElement":[{"@type":"ListItem","position":1,"name":"Portada","item":"https:\/\/www.mexicanguitarplayers.com\/"},{"@type":"ListItem","position":2,"name":"Tienda","item":"https:\/\/www.mexicanguitarplayers.com\/tienda\/"},{"@type":"ListItem","position":3,"name":"MICROFONO SENNHEISER HSP ESSENTIAL OMNI-BEIGE"}]},{"@type":"WebSite","@id":"https:\/\/www.mexicanguitarplayers.com\/#website","url":"https:\/\/www.mexicanguitarplayers.com\/","name":"Mexican Guitar Players","description":"Website","publisher":{"@id":"https:\/\/www.mexicanguitarplayers.com\/#organization"},"potentialAction":[{"@type":"SearchAction","target":{"@type":"EntryPoint","urlTemplate":"https:\/\/www.mexicanguitarplayers.com\/?s={search_term_string}"},"query-input":{"@type":"PropertyValueSpecification","valueRequired":true,"valueName":"search_term_string"}}],"inLanguage":"en-US"},{"@type":"Organization","@id":"https:\/\/www.mexicanguitarplayers.com\/#organization","name":"Mexican Guitar Players","url":"https:\/\/www.mexicanguitarplayers.com\/","logo":{"@type":"ImageObject","inLanguage":"en-US","@id":"https:\/\/www.mexicanguitarplayers.com\/#\/schema\/logo\/image\/","url":"","contentUrl":"","caption":"Mexican Guitar Players"},"image":{"@id":"https:\/\/www.mexicanguitarplayers.com\/#\/schema\/logo\/image\/"}}]}},"brands":[{"id":176,"name":"SENNHEISER","slug":"sennheiser"}],"_links":{"self":[{"href":"https:\/\/www.mexicanguitarplayers.com\/en\/wp-json\/wp\/v2\/product\/40365","targetHints":{"allow":["GET"]}}],"collection":[{"href":"https:\/\/www.mexicanguitarplayers.com\/en\/wp-json\/wp\/v2\/product"}],"about":[{"href":"https:\/\/www.mexicanguitarplayers.com\/en\/wp-json\/wp\/v2\/types\/product"}],"replies":[{"embeddable":true,"href":"https:\/\/www.mexicanguitarplayers.com\/en\/wp-json\/wp\/v2\/comments?post=40365"}],"wp:featuredmedia":[{"embeddable":true,"href":"https:\/\/www.mexicanguitarplayers.com\/en\/wp-json\/wp\/v2\/media\/40361"}],"wp:attachment":[{"href":"https:\/\/www.mexicanguitarplayers.com\/en\/wp-json\/wp\/v2\/media?parent=40365"}],"wp:term":[{"taxonomy":"pwb-brand","embeddable":true,"href":"https:\/\/www.mexicanguitarplayers.com\/en\/wp-json\/wp\/v2\/pwb-brand?post=40365"},{"taxonomy":"product_brand","embeddable":true,"href":"https:\/\/www.mexicanguitarplayers.com\/en\/wp-json\/wp\/v2\/product_brand?post=40365"},{"taxonomy":"product_cat","embeddable":true,"href":"https:\/\/www.mexicanguitarplayers.com\/en\/wp-json\/wp\/v2\/product_cat?post=40365"},{"taxonomy":"product_tag","embeddable":true,"href":"https:\/\/www.mexicanguitarplayers.com\/en\/wp-json\/wp\/v2\/product_tag?post=40365"}],"curies":[{"name":"wp","href":"https:\/\/api.w.org\/{rel}","templated":true}]}}