{"id":40387,"date":"2025-04-09T07:04:27","date_gmt":"2025-04-09T13:04:27","guid":{"rendered":"https:\/\/www.mexicanguitarplayers.com\/tienda\/sin categor\u00eda\/bafle-behringer-c-poder-mod-pk110a\/"},"modified":"2026-05-01T07:17:32","modified_gmt":"2026-05-01T13:17:32","slug":"bafle-behringer-c-poder-mod-pk110a","status":"publish","type":"product","link":"https:\/\/www.mexicanguitarplayers.com\/en\/tienda\/audio\/bafles-y-bocinas\/bafles\/bafles-activos\/bafle-behringer-c-poder-mod-pk110a\/","title":{"rendered":"BAFLE BEHRINGER C\/PODER MOD. PK110A"},"content":{"rendered":"<div style=\"text-align: justify\">\n<div>\n<h3>El refuerzo de sonido nunca fue tan f\u00e1cil.<\/h3>\n<\/div>\n<div>El PK110A es un altavoz de refuerzo de sonido de 320W de 2 v\u00edas s\u00faper compacto con reproductor multimedia integrado y bluetooth, es ideal para aplicaciones de sonido en vivo, PA port\u00e1til, karaoke, monitor de cu\u00f1a, casas de culto y mucho m\u00e1s. Esta soluci\u00f3n de PA incre\u00edblemente aut\u00f3noma que combina la tecnolog\u00eda de amplificador de potencia Clase AB de 320W con una mezcladora integrada de 2 canales y un canal de micr\u00f3fono independiente, bluetooth incorporado, un reproductor mp3 de alto rendimiento con ranuras para SD \/ USB \/ MMC y una portabilidad excepcional. Una conveniente salida Power Line te permite conectar varios altavoces pasivos PK110 mientras que la conectividad Bluetooth de enlace r\u00e1pido permite una reproducci\u00f3n est\u00e9reo real con otros PK108A y PK110A. Sabemos que tu m\u00fasica vive en tu tel\u00e9fono, computadora o tablet, por lo que facilitamos el acceso y la reproducci\u00f3n a trav\u00e9s del PK110A. Con un simple deslizamiento de tu dedo puedes transmitir instant\u00e1neamente toda tu m\u00fasica favorita desde cualquier dispositivo equipado con bluetooth, como tu computadora, smartphone o tablet. La transmisi\u00f3n de m\u00fasica a trav\u00e9s de la tecnolog\u00eda bluetooth abre una enorme cantidad de contenido disponible, como una variedad pr\u00e1cticamente ilimitada de canales de radio en l\u00ednea, proveedores de multimedia y mucho m\u00e1s. Simplemente presionando el bot\u00f3n de vinculaci\u00f3n del PK110A, se vincular\u00e1 r\u00e1pidamente con otro PK108A o PK110A con verdadero est\u00e9reo inal\u00e1mbrico. Imagina que tienes todo el sistema PA a tu alcance, controla la fiesta desde la pista de baile o la m\u00fasica de fondo c\u00f3modamente desde tu silla. Simple, f\u00e1cil y sorprendente. El asombroso PK110A cuenta con mezcladoras de 2 canales incorporadas con los mismos preamplificadores de micr\u00f3fono de ruido ultra bajo y alto margen que han hecho que nuestras mezcladoras sean legendarias. Tambi\u00e9n se incluye un ecualizador de 2 bandas, adem\u00e1s de bluetooth para transmitir audio directamente desde tu dispositivo y las entradas individuales de micr\u00f3fono y l\u00ednea aceptan pr\u00e1cticamente cualquier nivel de se\u00f1al con la que probablemente se encuentre. Los controles de ganancia de entrada variable (con LED de clip) te permitir\u00e1n marcar el nivel perfecto en todo momento. La interfaz de usuario simple e intuitiva consta de un control de nivel dedicado por canal, un volumen master y controles separados de agudos y graves. Una de las caracter\u00edsticas m\u00e1s interesantes del sistema PK110A es su reproductor mp3 integrado. Simplemente conecta tu lista de reproducci\u00f3n favorita (por medio de una memoria (USB, SD, MMC) y usa el teclado de 6 botones con Mode, Play\/Pause, Random, Rewind, Forward y v\u00ednculo r\u00e1pido de Bluetooth. Desde m\u00fasica de fondo y de descanso hasta pistas de karaoke de alta resoluci\u00f3n, este reproductor de mp3 puede manejarlo todo. Todos los reproductores mp3 de la serie PK vienen con control remoto incluido con hasta 10 metros de libertad inal\u00e1mbrica. Nuestros transductores LF y HF est\u00e1n dise\u00f1ados espec\u00edficamente para cada aplicaci\u00f3n, es lo que nos diferencia de la competencia. Cuando compras un altavoz Behringer, puedes estar seguro de que los transductores del interior han sido dise\u00f1ados para funcionar sin problemas junto con cualquier otro elemento para obtener resultado verdaderamente profesionales. El PK110A produce graves incre\u00edblemente profundos y potencia ac\u00fastica con medios articulados y detallados y agudos excepcionales. El PK110A cuenta con un potente driver de baja frecuencia de excursi\u00f3n larga de 10&#8243; pulgadas para graves potentes, un driver de compresi\u00f3n de 1&#8243; pulgada montado en una bocina exponencial de gran formato de dispersi\u00f3n ultra amplia para una reproducci\u00f3n excepcional de alta frecuencia. Estos componentes de altavoz fueron dise\u00f1ados espec\u00edficamente para un excelente rendimiento y un sonido incre\u00edble en todo momento. El altavoz PX110A se destaca por encima del resto del grupo y ofrece un rendimiento excepcional, incluido cuando se lleva al l\u00edmite. Ligero y potente con transductores de dise\u00f1o personalizado, manejo de potencia masiva y portabilidad extrema, el altavoz PK110A es ideal para cualquier aplicaci\u00f3n de m\u00fasica a un precio sin precedentes en esta clase.<\/div>\n<div>\n<h4>Quick look<\/h4>\n<\/div>\n<ul style=\"margin: 0px 0px 0px 25px\">\n<li style=\"list-style-type: circle;margin: 5px\">Kind.<\/li>\n<li style=\"list-style-type: circle;margin: 5px\">Amplifier.<\/li>\n<li style=\"list-style-type: circle;margin: 5px\">Speaker.<\/li>\n<li style=\"list-style-type: circle;margin: 5px\">Conexiones.<\/li>\n<li style=\"list-style-type: circle;margin: 5px\">Bluetooth.<\/li>\n<li style=\"list-style-type: circle;margin: 5px\">Equalizer<\/li>\n<li style=\"list-style-type: circle;margin: 5px\">Power supply.<\/li>\n<li style=\"list-style-type: circle;margin: 5px\">Dimensions.<\/li>\n<li style=\"list-style-type: circle;margin: 5px\">Weight.<\/li>\n<\/ul>\n<div>\n<div style=\"font-weight: bold\">Kind.<\/div>\n<div>\n<p>Bafle activo de 320W con sistema de reproducci\u00f3n incluido, bluetooth, receptos y mezcladora integrada.<\/p>\n<\/div>\n<div style=\"font-weight: bold\">Amplifier.<\/div>\n<div>\n<p>Potencia: 320W, clase AB.<\/p>\n<\/div>\n<div style=\"font-weight: bold\">Speaker.<\/div>\n<div>\n<p>Transductor de 10\u201d pulgadas y driver de compresi\u00f3n de 1\u201d pulgada. Respuesta de frecuencia: 20 Hz a 20 kHz (-10 dB). SPL m\u00e1ximo: 90 dB.<\/p>\n<\/div>\n<div style=\"font-weight: bold\">Conexiones.<\/div>\n<div>\n<p>Reproducci\u00f3n mp3: USB \/ SD \/ TF. Sistema de archivos: FAT16 \/ FAT32. Formatos: MP3 \/ WMA \/ WAV \/ FLAC \/ APE. Tasas de bits: 32 &#8211; 800 kbps. Frecuencia de muestreo: 44.1 kHz. Entrada: Un conector XLR\/1\/4&#8243; TRS combo jack. Impedancia de entrada: 20 kilo-ohms, balanceado. Entrada de l\u00ednea: 1 conector 1\/8&#8243; (3.5 mm) TRS, est\u00e9reo. Impedancia de entrada: 15 kilo-ohms. Entrada auxiliar: 2 conectores RCA. Impedancia de entrada: 15 kilo-ohms, desbalanceado. Salida auxiliar: 2 conectores RCA. Impedancia de salida: 100 kilo-ohms, desbalanceado. Ranura para tarjeta SD: Soporta tarjetas de hasta 32 Gb.<\/p>\n<\/div>\n<div style=\"font-weight: bold\">Bluetooth.<\/div>\n<div>\n<p>Rango de frecuencia: 2402 MHz &#8211; 2480 MHz. N\u00famero de canal: 79. Versi\u00f3n: Compatible con 5.0. Compatibilidad: Admite perfil A2DP 1.2. Rango m\u00e1ximo de comunicaci\u00f3n: 10 metros (sin interferencia). Nivel m\u00e1ximo de salida: 10 dBm.<\/p>\n<\/div>\n<div style=\"font-weight: bold\">Equalizer<\/div>\n<div>\n<p>High \u00b112 dB @ 10 kHz, shelving. Low \u00b112 dB @ 100 Hz, shelving.<\/p>\n<\/div>\n<div style=\"font-weight: bold\">Power supply.<\/div>\n<div>\n<p>120 V~, 60 Hz (F 2 A L 250 V). Consumo de energ\u00eda: 90 W. Conexi\u00f3n energ\u00eda: Recept\u00e1culo IEC est\u00e1ndar.<\/p>\n<\/div>\n<div style=\"font-weight: bold\">Dimensions.<\/div>\n<div>\n<p>545 x 355 x 295 mm.<\/p>\n<\/div>\n<div style=\"font-weight: bold\">Weight.<\/div>\n<div>\n<p>8.9 kg.<\/p>\n<\/div>\n<\/div>\n<\/div>","protected":false},"excerpt":{"rendered":"<p>Bafle activo de 320W para aplicaciones de refuerzo sonoro, altavoz de 10\u201d pulgadas y driver de compresi\u00f3n de 1\u201d pulgada, amplificador Clase AB, reproductor multimedia integrado, bluetooth, mezcladora de 2 canales, entrada USB y entrada para tarjeta SD de hasta 32 GB, entrada XLR para micr\u00f3fono, ecualizador de 2 bandas, respuesta de frecuencia (-10 dB): 20 Hz a 20 kHz, SPL m\u00e1ximo: 90 dB, dimensiones: 545 x 355 x 295 mm, peso: 8.9 kg.&hellip; <a class=\"kt-excerpt-readmore more-link\" href=\"https:\/\/www.mexicanguitarplayers.com\/en\/tienda\/audio\/bafles-y-bocinas\/bafles\/bafles-activos\/bafle-behringer-c-poder-mod-pk110a\/\">Read more<\/a><\/p>","protected":false},"featured_media":40380,"comment_status":"open","ping_status":"closed","template":"","meta":{"kt_blocks_editor_width":""},"pwb-brand":[171],"product_brand":[],"product_cat":[213,222,472,221],"product_tag":[],"class_list":{"0":"post-40387","1":"product","2":"type-product","3":"status-publish","4":"has-post-thumbnail","6":"pwb-brand-behringer","7":"product_cat-audio","8":"product_cat-bafles","9":"product_cat-bafles-activos","10":"product_cat-bafles-y-bocinas","11":"product_shipping_class-10-15-kg","13":"first","14":"instock","15":"taxable","16":"shipping-taxable","17":"purchasable","18":"product-type-simple"},"yoast_head":"<!-- This site is optimized with the Yoast SEO plugin v27.5 - https:\/\/yoast.com\/product\/yoast-seo-wordpress\/ -->\n<title>BAFLE BEHRINGER C\/PODER MOD. PK110A - Mexican Guitar Players<\/title>\n<meta name=\"description\" content=\"Bafle activo de 320W para aplicaciones de refuerzo sonoro, altavoz de 10\u201d pulgadas y driver de compresi\u00f3n de 1\u201d pulgada, amplificador Clase AB, reproductor multimedia integrado, bluetooth, mezcladora de 2 canales, entrada USB y entrada para tarjeta SD de hasta 32 GB, entrada XLR para micr\u00f3fono, ecualizador de 2 bandas, respuesta de frecuencia (-10 dB): 20 Hz a 20 kHz, SPL m\u00e1ximo: 90 dB, dimensiones: 545 x 355 x 295 mm, peso: 8.9 kg.\" \/>\n<meta name=\"robots\" content=\"index, follow, max-snippet:-1, max-image-preview:large, max-video-preview:-1\" \/>\n<link rel=\"canonical\" href=\"https:\/\/www.mexicanguitarplayers.com\/en\/tienda\/sin%20categor\u00eda\/bafle-behringer-c-poder-mod-pk110a\/\" \/>\n<meta property=\"og:locale\" content=\"en_US\" \/>\n<meta property=\"og:type\" content=\"article\" \/>\n<meta property=\"og:title\" content=\"BAFLE BEHRINGER C\/PODER MOD. PK110A - Mexican Guitar Players\" \/>\n<meta property=\"og:description\" content=\"Bafle activo de 320W para aplicaciones de refuerzo sonoro, altavoz de 10\u201d pulgadas y driver de compresi\u00f3n de 1\u201d pulgada, amplificador Clase AB, reproductor multimedia integrado, bluetooth, mezcladora de 2 canales, entrada USB y entrada para tarjeta SD de hasta 32 GB, entrada XLR para micr\u00f3fono, ecualizador de 2 bandas, respuesta de frecuencia (-10 dB): 20 Hz a 20 kHz, SPL m\u00e1ximo: 90 dB, dimensiones: 545 x 355 x 295 mm, peso: 8.9 kg.\" \/>\n<meta property=\"og:url\" content=\"https:\/\/www.mexicanguitarplayers.com\/en\/tienda\/sin categor\u00eda\/bafle-behringer-c-poder-mod-pk110a\/\" \/>\n<meta property=\"og:site_name\" content=\"Mexican Guitar Players\" \/>\n<meta property=\"article:modified_time\" content=\"2026-05-01T13:17:32+00:00\" \/>\n<meta name=\"twitter:card\" content=\"summary_large_image\" \/>\n<meta name=\"twitter:label1\" content=\"Est. reading time\" \/>\n\t<meta name=\"twitter:data1\" content=\"5 minutes\" \/>\n<script type=\"application\/ld+json\" class=\"yoast-schema-graph\">{\"@context\":\"https:\\\/\\\/schema.org\",\"@graph\":[{\"@type\":[\"WebPage\",\"ItemPage\"],\"@id\":\"https:\\\/\\\/www.mexicanguitarplayers.com\\\/tienda\\\/sin categor\u00eda\\\/bafle-behringer-c-poder-mod-pk110a\\\/\",\"url\":\"https:\\\/\\\/www.mexicanguitarplayers.com\\\/tienda\\\/sin categor\u00eda\\\/bafle-behringer-c-poder-mod-pk110a\\\/\",\"name\":\"BAFLE BEHRINGER C\\\/PODER MOD. PK110A - Mexican Guitar Players\",\"isPartOf\":{\"@id\":\"https:\\\/\\\/www.mexicanguitarplayers.com\\\/#website\"},\"primaryImageOfPage\":{\"@id\":\"https:\\\/\\\/www.mexicanguitarplayers.com\\\/tienda\\\/sin categor\u00eda\\\/bafle-behringer-c-poder-mod-pk110a\\\/#primaryimage\"},\"image\":{\"@id\":\"https:\\\/\\\/www.mexicanguitarplayers.com\\\/tienda\\\/sin categor\u00eda\\\/bafle-behringer-c-poder-mod-pk110a\\\/#primaryimage\"},\"thumbnailUrl\":\"https:\\\/\\\/www.mexicanguitarplayers.com\\\/wp-content\\\/uploads\\\/2025\\\/04\\\/IABEHPK110A.jpg\",\"datePublished\":\"2025-04-09T13:04:27+00:00\",\"dateModified\":\"2026-05-01T13:17:32+00:00\",\"description\":\"Bafle activo de 320W para aplicaciones de refuerzo sonoro, altavoz de 10\u201d pulgadas y driver de compresi\u00f3n de 1\u201d pulgada, amplificador Clase AB, reproductor multimedia integrado, bluetooth, mezcladora de 2 canales, entrada USB y entrada para tarjeta SD de hasta 32 GB, entrada XLR para micr\u00f3fono, ecualizador de 2 bandas, respuesta de frecuencia (-10 dB): 20 Hz a 20 kHz, SPL m\u00e1ximo: 90 dB, dimensiones: 545 x 355 x 295 mm, peso: 8.9 kg.\",\"breadcrumb\":{\"@id\":\"https:\\\/\\\/www.mexicanguitarplayers.com\\\/tienda\\\/sin categor\u00eda\\\/bafle-behringer-c-poder-mod-pk110a\\\/#breadcrumb\"},\"inLanguage\":\"en-US\",\"potentialAction\":[{\"@type\":\"ReadAction\",\"target\":[\"https:\\\/\\\/www.mexicanguitarplayers.com\\\/tienda\\\/sin categor\u00eda\\\/bafle-behringer-c-poder-mod-pk110a\\\/\"]}]},{\"@type\":\"ImageObject\",\"inLanguage\":\"en-US\",\"@id\":\"https:\\\/\\\/www.mexicanguitarplayers.com\\\/tienda\\\/sin categor\u00eda\\\/bafle-behringer-c-poder-mod-pk110a\\\/#primaryimage\",\"url\":\"https:\\\/\\\/www.mexicanguitarplayers.com\\\/wp-content\\\/uploads\\\/2025\\\/04\\\/IABEHPK110A.jpg\",\"contentUrl\":\"https:\\\/\\\/www.mexicanguitarplayers.com\\\/wp-content\\\/uploads\\\/2025\\\/04\\\/IABEHPK110A.jpg\",\"width\":1200,\"height\":1200},{\"@type\":\"BreadcrumbList\",\"@id\":\"https:\\\/\\\/www.mexicanguitarplayers.com\\\/tienda\\\/sin categor\u00eda\\\/bafle-behringer-c-poder-mod-pk110a\\\/#breadcrumb\",\"itemListElement\":[{\"@type\":\"ListItem\",\"position\":1,\"name\":\"Portada\",\"item\":\"https:\\\/\\\/www.mexicanguitarplayers.com\\\/\"},{\"@type\":\"ListItem\",\"position\":2,\"name\":\"Tienda\",\"item\":\"https:\\\/\\\/www.mexicanguitarplayers.com\\\/tienda\\\/\"},{\"@type\":\"ListItem\",\"position\":3,\"name\":\"BAFLE BEHRINGER C\\\/PODER MOD. PK110A\"}]},{\"@type\":\"WebSite\",\"@id\":\"https:\\\/\\\/www.mexicanguitarplayers.com\\\/#website\",\"url\":\"https:\\\/\\\/www.mexicanguitarplayers.com\\\/\",\"name\":\"Mexican Guitar Players\",\"description\":\"Website\",\"publisher\":{\"@id\":\"https:\\\/\\\/www.mexicanguitarplayers.com\\\/#organization\"},\"potentialAction\":[{\"@type\":\"SearchAction\",\"target\":{\"@type\":\"EntryPoint\",\"urlTemplate\":\"https:\\\/\\\/www.mexicanguitarplayers.com\\\/?s={search_term_string}\"},\"query-input\":{\"@type\":\"PropertyValueSpecification\",\"valueRequired\":true,\"valueName\":\"search_term_string\"}}],\"inLanguage\":\"en-US\"},{\"@type\":\"Organization\",\"@id\":\"https:\\\/\\\/www.mexicanguitarplayers.com\\\/#organization\",\"name\":\"Mexican Guitar Players\",\"url\":\"https:\\\/\\\/www.mexicanguitarplayers.com\\\/\",\"logo\":{\"@type\":\"ImageObject\",\"inLanguage\":\"en-US\",\"@id\":\"https:\\\/\\\/www.mexicanguitarplayers.com\\\/#\\\/schema\\\/logo\\\/image\\\/\",\"url\":\"\",\"contentUrl\":\"\",\"caption\":\"Mexican Guitar Players\"},\"image\":{\"@id\":\"https:\\\/\\\/www.mexicanguitarplayers.com\\\/#\\\/schema\\\/logo\\\/image\\\/\"}}]}<\/script>\n<!-- \/ Yoast SEO plugin. -->","yoast_head_json":{"title":"BAFLE BEHRINGER C\/PODER MOD. PK110A - Mexican Guitar Players","description":"Bafle activo de 320W para aplicaciones de refuerzo sonoro, altavoz de 10\u201d pulgadas y driver de compresi\u00f3n de 1\u201d pulgada, amplificador Clase AB, reproductor multimedia integrado, bluetooth, mezcladora de 2 canales, entrada USB y entrada para tarjeta SD de hasta 32 GB, entrada XLR para micr\u00f3fono, ecualizador de 2 bandas, respuesta de frecuencia (-10 dB): 20 Hz a 20 kHz, SPL m\u00e1ximo: 90 dB, dimensiones: 545 x 355 x 295 mm, peso: 8.9 kg.","robots":{"index":"index","follow":"follow","max-snippet":"max-snippet:-1","max-image-preview":"max-image-preview:large","max-video-preview":"max-video-preview:-1"},"canonical":"https:\/\/www.mexicanguitarplayers.com\/en\/tienda\/sin categor\u00eda\/bafle-behringer-c-poder-mod-pk110a\/","og_locale":"en_US","og_type":"article","og_title":"BAFLE BEHRINGER C\/PODER MOD. PK110A - Mexican Guitar Players","og_description":"Bafle activo de 320W para aplicaciones de refuerzo sonoro, altavoz de 10\u201d pulgadas y driver de compresi\u00f3n de 1\u201d pulgada, amplificador Clase AB, reproductor multimedia integrado, bluetooth, mezcladora de 2 canales, entrada USB y entrada para tarjeta SD de hasta 32 GB, entrada XLR para micr\u00f3fono, ecualizador de 2 bandas, respuesta de frecuencia (-10 dB): 20 Hz a 20 kHz, SPL m\u00e1ximo: 90 dB, dimensiones: 545 x 355 x 295 mm, peso: 8.9 kg.","og_url":"https:\/\/www.mexicanguitarplayers.com\/en\/tienda\/sin categor\u00eda\/bafle-behringer-c-poder-mod-pk110a\/","og_site_name":"Mexican Guitar Players","article_modified_time":"2026-05-01T13:17:32+00:00","twitter_card":"summary_large_image","twitter_misc":{"Est. reading time":"5 minutes"},"schema":{"@context":"https:\/\/schema.org","@graph":[{"@type":["WebPage","ItemPage"],"@id":"https:\/\/www.mexicanguitarplayers.com\/tienda\/sin categor\u00eda\/bafle-behringer-c-poder-mod-pk110a\/","url":"https:\/\/www.mexicanguitarplayers.com\/tienda\/sin categor\u00eda\/bafle-behringer-c-poder-mod-pk110a\/","name":"BAFLE BEHRINGER C\/PODER MOD. PK110A - Mexican Guitar Players","isPartOf":{"@id":"https:\/\/www.mexicanguitarplayers.com\/#website"},"primaryImageOfPage":{"@id":"https:\/\/www.mexicanguitarplayers.com\/tienda\/sin categor\u00eda\/bafle-behringer-c-poder-mod-pk110a\/#primaryimage"},"image":{"@id":"https:\/\/www.mexicanguitarplayers.com\/tienda\/sin categor\u00eda\/bafle-behringer-c-poder-mod-pk110a\/#primaryimage"},"thumbnailUrl":"https:\/\/www.mexicanguitarplayers.com\/wp-content\/uploads\/2025\/04\/IABEHPK110A.jpg","datePublished":"2025-04-09T13:04:27+00:00","dateModified":"2026-05-01T13:17:32+00:00","description":"Bafle activo de 320W para aplicaciones de refuerzo sonoro, altavoz de 10\u201d pulgadas y driver de compresi\u00f3n de 1\u201d pulgada, amplificador Clase AB, reproductor multimedia integrado, bluetooth, mezcladora de 2 canales, entrada USB y entrada para tarjeta SD de hasta 32 GB, entrada XLR para micr\u00f3fono, ecualizador de 2 bandas, respuesta de frecuencia (-10 dB): 20 Hz a 20 kHz, SPL m\u00e1ximo: 90 dB, dimensiones: 545 x 355 x 295 mm, peso: 8.9 kg.","breadcrumb":{"@id":"https:\/\/www.mexicanguitarplayers.com\/tienda\/sin categor\u00eda\/bafle-behringer-c-poder-mod-pk110a\/#breadcrumb"},"inLanguage":"en-US","potentialAction":[{"@type":"ReadAction","target":["https:\/\/www.mexicanguitarplayers.com\/tienda\/sin categor\u00eda\/bafle-behringer-c-poder-mod-pk110a\/"]}]},{"@type":"ImageObject","inLanguage":"en-US","@id":"https:\/\/www.mexicanguitarplayers.com\/tienda\/sin categor\u00eda\/bafle-behringer-c-poder-mod-pk110a\/#primaryimage","url":"https:\/\/www.mexicanguitarplayers.com\/wp-content\/uploads\/2025\/04\/IABEHPK110A.jpg","contentUrl":"https:\/\/www.mexicanguitarplayers.com\/wp-content\/uploads\/2025\/04\/IABEHPK110A.jpg","width":1200,"height":1200},{"@type":"BreadcrumbList","@id":"https:\/\/www.mexicanguitarplayers.com\/tienda\/sin categor\u00eda\/bafle-behringer-c-poder-mod-pk110a\/#breadcrumb","itemListElement":[{"@type":"ListItem","position":1,"name":"Portada","item":"https:\/\/www.mexicanguitarplayers.com\/"},{"@type":"ListItem","position":2,"name":"Tienda","item":"https:\/\/www.mexicanguitarplayers.com\/tienda\/"},{"@type":"ListItem","position":3,"name":"BAFLE BEHRINGER C\/PODER MOD. PK110A"}]},{"@type":"WebSite","@id":"https:\/\/www.mexicanguitarplayers.com\/#website","url":"https:\/\/www.mexicanguitarplayers.com\/","name":"Mexican Guitar Players","description":"Website","publisher":{"@id":"https:\/\/www.mexicanguitarplayers.com\/#organization"},"potentialAction":[{"@type":"SearchAction","target":{"@type":"EntryPoint","urlTemplate":"https:\/\/www.mexicanguitarplayers.com\/?s={search_term_string}"},"query-input":{"@type":"PropertyValueSpecification","valueRequired":true,"valueName":"search_term_string"}}],"inLanguage":"en-US"},{"@type":"Organization","@id":"https:\/\/www.mexicanguitarplayers.com\/#organization","name":"Mexican Guitar Players","url":"https:\/\/www.mexicanguitarplayers.com\/","logo":{"@type":"ImageObject","inLanguage":"en-US","@id":"https:\/\/www.mexicanguitarplayers.com\/#\/schema\/logo\/image\/","url":"","contentUrl":"","caption":"Mexican Guitar Players"},"image":{"@id":"https:\/\/www.mexicanguitarplayers.com\/#\/schema\/logo\/image\/"}}]}},"brands":[{"id":171,"name":"BEHRINGER","slug":"behringer"}],"_links":{"self":[{"href":"https:\/\/www.mexicanguitarplayers.com\/en\/wp-json\/wp\/v2\/product\/40387","targetHints":{"allow":["GET"]}}],"collection":[{"href":"https:\/\/www.mexicanguitarplayers.com\/en\/wp-json\/wp\/v2\/product"}],"about":[{"href":"https:\/\/www.mexicanguitarplayers.com\/en\/wp-json\/wp\/v2\/types\/product"}],"replies":[{"embeddable":true,"href":"https:\/\/www.mexicanguitarplayers.com\/en\/wp-json\/wp\/v2\/comments?post=40387"}],"wp:featuredmedia":[{"embeddable":true,"href":"https:\/\/www.mexicanguitarplayers.com\/en\/wp-json\/wp\/v2\/media\/40380"}],"wp:attachment":[{"href":"https:\/\/www.mexicanguitarplayers.com\/en\/wp-json\/wp\/v2\/media?parent=40387"}],"wp:term":[{"taxonomy":"pwb-brand","embeddable":true,"href":"https:\/\/www.mexicanguitarplayers.com\/en\/wp-json\/wp\/v2\/pwb-brand?post=40387"},{"taxonomy":"product_brand","embeddable":true,"href":"https:\/\/www.mexicanguitarplayers.com\/en\/wp-json\/wp\/v2\/product_brand?post=40387"},{"taxonomy":"product_cat","embeddable":true,"href":"https:\/\/www.mexicanguitarplayers.com\/en\/wp-json\/wp\/v2\/product_cat?post=40387"},{"taxonomy":"product_tag","embeddable":true,"href":"https:\/\/www.mexicanguitarplayers.com\/en\/wp-json\/wp\/v2\/product_tag?post=40387"}],"curies":[{"name":"wp","href":"https:\/\/api.w.org\/{rel}","templated":true}]}}