{"id":40401,"date":"2025-04-09T07:04:47","date_gmt":"2025-04-09T13:04:47","guid":{"rendered":"https:\/\/www.mexicanguitarplayers.com\/tienda\/sin categor\u00eda\/soporte-music-nomad-p-brazos-cradle-cube\/"},"modified":"2026-03-23T13:15:04","modified_gmt":"2026-03-23T19:15:04","slug":"soporte-music-nomad-p-brazos-cradle-cube","status":"publish","type":"product","link":"https:\/\/www.mexicanguitarplayers.com\/en\/tienda\/accesorios\/para-bateria\/cuidado-y-proteccion\/soporte-music-nomad-p-brazos-cradle-cube\/","title":{"rendered":"SOPORTE MUSIC NOMAD P\/BRAZOS CRADLE CUBE"},"content":{"rendered":"<div style=\"text-align: justify\">\n<div>\n<h3>Cubo en forma de cuna para soporte de brazos de instrumentos.<\/h3>\n<\/div>\n<div>Olv\u00eddate de usar una almohada o tu regazo para apoyar tu instrumento de cuerda mientras trabajas. Music Nomad ha desarrollado una mejor manera de trabajar en tu instrumento de cuerda. Este soporte 5-en-1 para brazo  est\u00e1 fabricado con un innovador material de gel suave para soportar c\u00f3moda y completamente cualquier lado del brazo. Con 5 alturas y \u00e1ngulos variables, funciona muy bien para el cuidado de todos los instrumentos de cuerda, guitarras ac\u00fasticas, el\u00e9ctricas, ukeleles, violines, bajos, mandolinas y mucho m\u00e1s. Es seguro en todos los terminados de instrumentos y te ayuda tambi\u00e9n a cambiar cuerdas r\u00e1pidamente y hacer reparaciones y mantenimiento de una forma robusta y segura.<\/div>\n<div>\n<h4>Characteristics<\/h4>\n<\/div>\n<div>\n<ul style=\"margin: 0px 0px 0px 25px\">\n<li style=\"list-style-type: circle;margin: 5px\">Innovador y funcional dise\u00f1o patentado.<\/li>\n<li style=\"list-style-type: circle;margin: 5px\">5 \u00e1ngulos y alturas para un ajuste personalizado.<\/li>\n<li style=\"list-style-type: circle;margin: 5px\">Soporte de gel suave.<\/li>\n<li style=\"list-style-type: circle;margin: 5px\">Seguro con todos los acabados.<\/li>\n<li style=\"list-style-type: circle;margin: 5px\">Cambia las cuerdas m\u00e1s r\u00e1pido.<\/li>\n<li style=\"list-style-type: circle;margin: 5px\">Soporte completo para ambos lados del brazo.<\/li>\n<\/ul>\n<\/div>\n<\/div>","protected":false},"excerpt":{"rendered":"<p>Cubo en forma de cuna para soporte de brazos de instrumentos, soporte de 5 ajustes de \u00e1ngulos y altura, fabricado con un innovador material de gel suave para soportar c\u00f3moda y completamente cualquier lado del brazo, ideal para instrumentos de cuerda, guitarras ac\u00fasticas, el\u00e9ctricas, ukeleles, violines, bajos, mandolinas y mucho m\u00e1s, no raya el acabado de tu instrumento, ayuda tambi\u00e9n a cambiar cuerdas r\u00e1pidamente y hacer reparaciones y mantenimiento de una forma robusta y segura.&hellip; <a class=\"kt-excerpt-readmore more-link\" href=\"https:\/\/www.mexicanguitarplayers.com\/en\/tienda\/accesorios\/para-bateria\/cuidado-y-proteccion\/soporte-music-nomad-p-brazos-cradle-cube\/\">Read more<\/a><\/p>","protected":false},"featured_media":40397,"comment_status":"open","ping_status":"closed","template":"","meta":{"kt_blocks_editor_width":""},"pwb-brand":[622],"product_brand":[],"product_cat":[85,421,336],"product_tag":[],"class_list":{"0":"post-40401","1":"product","2":"type-product","3":"status-publish","4":"has-post-thumbnail","6":"pwb-brand-music-nomad","7":"product_cat-accesorios","8":"product_cat-cuidado-y-proteccion","9":"product_cat-para-guitarras","10":"product_shipping_class-0-5-kg","12":"first","13":"outofstock","14":"taxable","15":"shipping-taxable","16":"purchasable","17":"product-type-simple"},"yoast_head":"<!-- This site is optimized with the Yoast SEO plugin v27.3 - https:\/\/yoast.com\/product\/yoast-seo-wordpress\/ -->\n<title>SOPORTE MUSIC NOMAD P\/BRAZOS CRADLE CUBE - Mexican Guitar Players<\/title>\n<meta name=\"description\" content=\"Cubo en forma de cuna para soporte de brazos de instrumentos, soporte de 5 ajustes de \u00e1ngulos y altura, fabricado con un innovador material de gel suave para soportar c\u00f3moda y completamente cualquier lado del brazo, ideal para instrumentos de cuerda, guitarras ac\u00fasticas, el\u00e9ctricas, ukeleles, violines, bajos, mandolinas y mucho m\u00e1s, no raya el acabado de tu instrumento, ayuda tambi\u00e9n a cambiar cuerdas r\u00e1pidamente y hacer reparaciones y mantenimiento de una forma robusta y segura.\" \/>\n<meta name=\"robots\" content=\"index, follow, max-snippet:-1, max-image-preview:large, max-video-preview:-1\" \/>\n<link rel=\"canonical\" href=\"https:\/\/www.mexicanguitarplayers.com\/en\/tienda\/sin%20categor\u00eda\/soporte-music-nomad-p-brazos-cradle-cube\/\" \/>\n<meta property=\"og:locale\" content=\"en_US\" \/>\n<meta property=\"og:type\" content=\"article\" \/>\n<meta property=\"og:title\" content=\"SOPORTE MUSIC NOMAD P\/BRAZOS CRADLE CUBE - Mexican Guitar Players\" \/>\n<meta property=\"og:description\" content=\"Cubo en forma de cuna para soporte de brazos de instrumentos, soporte de 5 ajustes de \u00e1ngulos y altura, fabricado con un innovador material de gel suave para soportar c\u00f3moda y completamente cualquier lado del brazo, ideal para instrumentos de cuerda, guitarras ac\u00fasticas, el\u00e9ctricas, ukeleles, violines, bajos, mandolinas y mucho m\u00e1s, no raya el acabado de tu instrumento, ayuda tambi\u00e9n a cambiar cuerdas r\u00e1pidamente y hacer reparaciones y mantenimiento de una forma robusta y segura.\" \/>\n<meta property=\"og:url\" content=\"https:\/\/www.mexicanguitarplayers.com\/en\/tienda\/sin categor\u00eda\/soporte-music-nomad-p-brazos-cradle-cube\/\" \/>\n<meta property=\"og:site_name\" content=\"Mexican Guitar Players\" \/>\n<meta property=\"article:modified_time\" content=\"2026-03-23T19:15:04+00:00\" \/>\n<meta name=\"twitter:card\" content=\"summary_large_image\" \/>\n<meta name=\"twitter:label1\" content=\"Est. reading time\" \/>\n\t<meta name=\"twitter:data1\" content=\"1 minute\" \/>\n<script type=\"application\/ld+json\" class=\"yoast-schema-graph\">{\"@context\":\"https:\\\/\\\/schema.org\",\"@graph\":[{\"@type\":[\"WebPage\",\"ItemPage\"],\"@id\":\"https:\\\/\\\/www.mexicanguitarplayers.com\\\/tienda\\\/sin categor\u00eda\\\/soporte-music-nomad-p-brazos-cradle-cube\\\/\",\"url\":\"https:\\\/\\\/www.mexicanguitarplayers.com\\\/tienda\\\/sin categor\u00eda\\\/soporte-music-nomad-p-brazos-cradle-cube\\\/\",\"name\":\"SOPORTE MUSIC NOMAD P\\\/BRAZOS CRADLE CUBE - Mexican Guitar Players\",\"isPartOf\":{\"@id\":\"https:\\\/\\\/www.mexicanguitarplayers.com\\\/#website\"},\"primaryImageOfPage\":{\"@id\":\"https:\\\/\\\/www.mexicanguitarplayers.com\\\/tienda\\\/sin categor\u00eda\\\/soporte-music-nomad-p-brazos-cradle-cube\\\/#primaryimage\"},\"image\":{\"@id\":\"https:\\\/\\\/www.mexicanguitarplayers.com\\\/tienda\\\/sin categor\u00eda\\\/soporte-music-nomad-p-brazos-cradle-cube\\\/#primaryimage\"},\"thumbnailUrl\":\"https:\\\/\\\/www.mexicanguitarplayers.com\\\/wp-content\\\/uploads\\\/2025\\\/04\\\/RAMNDMN206.jpg\",\"datePublished\":\"2025-04-09T13:04:47+00:00\",\"dateModified\":\"2026-03-23T19:15:04+00:00\",\"description\":\"Cubo en forma de cuna para soporte de brazos de instrumentos, soporte de 5 ajustes de \u00e1ngulos y altura, fabricado con un innovador material de gel suave para soportar c\u00f3moda y completamente cualquier lado del brazo, ideal para instrumentos de cuerda, guitarras ac\u00fasticas, el\u00e9ctricas, ukeleles, violines, bajos, mandolinas y mucho m\u00e1s, no raya el acabado de tu instrumento, ayuda tambi\u00e9n a cambiar cuerdas r\u00e1pidamente y hacer reparaciones y mantenimiento de una forma robusta y segura.\",\"breadcrumb\":{\"@id\":\"https:\\\/\\\/www.mexicanguitarplayers.com\\\/tienda\\\/sin categor\u00eda\\\/soporte-music-nomad-p-brazos-cradle-cube\\\/#breadcrumb\"},\"inLanguage\":\"en-US\",\"potentialAction\":[{\"@type\":\"ReadAction\",\"target\":[\"https:\\\/\\\/www.mexicanguitarplayers.com\\\/tienda\\\/sin categor\u00eda\\\/soporte-music-nomad-p-brazos-cradle-cube\\\/\"]}]},{\"@type\":\"ImageObject\",\"inLanguage\":\"en-US\",\"@id\":\"https:\\\/\\\/www.mexicanguitarplayers.com\\\/tienda\\\/sin categor\u00eda\\\/soporte-music-nomad-p-brazos-cradle-cube\\\/#primaryimage\",\"url\":\"https:\\\/\\\/www.mexicanguitarplayers.com\\\/wp-content\\\/uploads\\\/2025\\\/04\\\/RAMNDMN206.jpg\",\"contentUrl\":\"https:\\\/\\\/www.mexicanguitarplayers.com\\\/wp-content\\\/uploads\\\/2025\\\/04\\\/RAMNDMN206.jpg\",\"width\":1200,\"height\":1200},{\"@type\":\"BreadcrumbList\",\"@id\":\"https:\\\/\\\/www.mexicanguitarplayers.com\\\/tienda\\\/sin categor\u00eda\\\/soporte-music-nomad-p-brazos-cradle-cube\\\/#breadcrumb\",\"itemListElement\":[{\"@type\":\"ListItem\",\"position\":1,\"name\":\"Portada\",\"item\":\"https:\\\/\\\/www.mexicanguitarplayers.com\\\/\"},{\"@type\":\"ListItem\",\"position\":2,\"name\":\"Tienda\",\"item\":\"https:\\\/\\\/www.mexicanguitarplayers.com\\\/tienda\\\/\"},{\"@type\":\"ListItem\",\"position\":3,\"name\":\"SOPORTE MUSIC NOMAD P\\\/BRAZOS CRADLE CUBE\"}]},{\"@type\":\"WebSite\",\"@id\":\"https:\\\/\\\/www.mexicanguitarplayers.com\\\/#website\",\"url\":\"https:\\\/\\\/www.mexicanguitarplayers.com\\\/\",\"name\":\"Mexican Guitar Players\",\"description\":\"Website\",\"publisher\":{\"@id\":\"https:\\\/\\\/www.mexicanguitarplayers.com\\\/#organization\"},\"potentialAction\":[{\"@type\":\"SearchAction\",\"target\":{\"@type\":\"EntryPoint\",\"urlTemplate\":\"https:\\\/\\\/www.mexicanguitarplayers.com\\\/?s={search_term_string}\"},\"query-input\":{\"@type\":\"PropertyValueSpecification\",\"valueRequired\":true,\"valueName\":\"search_term_string\"}}],\"inLanguage\":\"en-US\"},{\"@type\":\"Organization\",\"@id\":\"https:\\\/\\\/www.mexicanguitarplayers.com\\\/#organization\",\"name\":\"Mexican Guitar Players\",\"url\":\"https:\\\/\\\/www.mexicanguitarplayers.com\\\/\",\"logo\":{\"@type\":\"ImageObject\",\"inLanguage\":\"en-US\",\"@id\":\"https:\\\/\\\/www.mexicanguitarplayers.com\\\/#\\\/schema\\\/logo\\\/image\\\/\",\"url\":\"\",\"contentUrl\":\"\",\"caption\":\"Mexican Guitar Players\"},\"image\":{\"@id\":\"https:\\\/\\\/www.mexicanguitarplayers.com\\\/#\\\/schema\\\/logo\\\/image\\\/\"}}]}<\/script>\n<!-- \/ Yoast SEO plugin. -->","yoast_head_json":{"title":"SOPORTE MUSIC NOMAD P\/BRAZOS CRADLE CUBE - Mexican Guitar Players","description":"Cubo en forma de cuna para soporte de brazos de instrumentos, soporte de 5 ajustes de \u00e1ngulos y altura, fabricado con un innovador material de gel suave para soportar c\u00f3moda y completamente cualquier lado del brazo, ideal para instrumentos de cuerda, guitarras ac\u00fasticas, el\u00e9ctricas, ukeleles, violines, bajos, mandolinas y mucho m\u00e1s, no raya el acabado de tu instrumento, ayuda tambi\u00e9n a cambiar cuerdas r\u00e1pidamente y hacer reparaciones y mantenimiento de una forma robusta y segura.","robots":{"index":"index","follow":"follow","max-snippet":"max-snippet:-1","max-image-preview":"max-image-preview:large","max-video-preview":"max-video-preview:-1"},"canonical":"https:\/\/www.mexicanguitarplayers.com\/en\/tienda\/sin categor\u00eda\/soporte-music-nomad-p-brazos-cradle-cube\/","og_locale":"en_US","og_type":"article","og_title":"SOPORTE MUSIC NOMAD P\/BRAZOS CRADLE CUBE - Mexican Guitar Players","og_description":"Cubo en forma de cuna para soporte de brazos de instrumentos, soporte de 5 ajustes de \u00e1ngulos y altura, fabricado con un innovador material de gel suave para soportar c\u00f3moda y completamente cualquier lado del brazo, ideal para instrumentos de cuerda, guitarras ac\u00fasticas, el\u00e9ctricas, ukeleles, violines, bajos, mandolinas y mucho m\u00e1s, no raya el acabado de tu instrumento, ayuda tambi\u00e9n a cambiar cuerdas r\u00e1pidamente y hacer reparaciones y mantenimiento de una forma robusta y segura.","og_url":"https:\/\/www.mexicanguitarplayers.com\/en\/tienda\/sin categor\u00eda\/soporte-music-nomad-p-brazos-cradle-cube\/","og_site_name":"Mexican Guitar Players","article_modified_time":"2026-03-23T19:15:04+00:00","twitter_card":"summary_large_image","twitter_misc":{"Est. reading time":"1 minute"},"schema":{"@context":"https:\/\/schema.org","@graph":[{"@type":["WebPage","ItemPage"],"@id":"https:\/\/www.mexicanguitarplayers.com\/tienda\/sin categor\u00eda\/soporte-music-nomad-p-brazos-cradle-cube\/","url":"https:\/\/www.mexicanguitarplayers.com\/tienda\/sin categor\u00eda\/soporte-music-nomad-p-brazos-cradle-cube\/","name":"SOPORTE MUSIC NOMAD P\/BRAZOS CRADLE CUBE - Mexican Guitar Players","isPartOf":{"@id":"https:\/\/www.mexicanguitarplayers.com\/#website"},"primaryImageOfPage":{"@id":"https:\/\/www.mexicanguitarplayers.com\/tienda\/sin categor\u00eda\/soporte-music-nomad-p-brazos-cradle-cube\/#primaryimage"},"image":{"@id":"https:\/\/www.mexicanguitarplayers.com\/tienda\/sin categor\u00eda\/soporte-music-nomad-p-brazos-cradle-cube\/#primaryimage"},"thumbnailUrl":"https:\/\/www.mexicanguitarplayers.com\/wp-content\/uploads\/2025\/04\/RAMNDMN206.jpg","datePublished":"2025-04-09T13:04:47+00:00","dateModified":"2026-03-23T19:15:04+00:00","description":"Cubo en forma de cuna para soporte de brazos de instrumentos, soporte de 5 ajustes de \u00e1ngulos y altura, fabricado con un innovador material de gel suave para soportar c\u00f3moda y completamente cualquier lado del brazo, ideal para instrumentos de cuerda, guitarras ac\u00fasticas, el\u00e9ctricas, ukeleles, violines, bajos, mandolinas y mucho m\u00e1s, no raya el acabado de tu instrumento, ayuda tambi\u00e9n a cambiar cuerdas r\u00e1pidamente y hacer reparaciones y mantenimiento de una forma robusta y segura.","breadcrumb":{"@id":"https:\/\/www.mexicanguitarplayers.com\/tienda\/sin categor\u00eda\/soporte-music-nomad-p-brazos-cradle-cube\/#breadcrumb"},"inLanguage":"en-US","potentialAction":[{"@type":"ReadAction","target":["https:\/\/www.mexicanguitarplayers.com\/tienda\/sin categor\u00eda\/soporte-music-nomad-p-brazos-cradle-cube\/"]}]},{"@type":"ImageObject","inLanguage":"en-US","@id":"https:\/\/www.mexicanguitarplayers.com\/tienda\/sin categor\u00eda\/soporte-music-nomad-p-brazos-cradle-cube\/#primaryimage","url":"https:\/\/www.mexicanguitarplayers.com\/wp-content\/uploads\/2025\/04\/RAMNDMN206.jpg","contentUrl":"https:\/\/www.mexicanguitarplayers.com\/wp-content\/uploads\/2025\/04\/RAMNDMN206.jpg","width":1200,"height":1200},{"@type":"BreadcrumbList","@id":"https:\/\/www.mexicanguitarplayers.com\/tienda\/sin categor\u00eda\/soporte-music-nomad-p-brazos-cradle-cube\/#breadcrumb","itemListElement":[{"@type":"ListItem","position":1,"name":"Portada","item":"https:\/\/www.mexicanguitarplayers.com\/"},{"@type":"ListItem","position":2,"name":"Tienda","item":"https:\/\/www.mexicanguitarplayers.com\/tienda\/"},{"@type":"ListItem","position":3,"name":"SOPORTE MUSIC NOMAD P\/BRAZOS CRADLE CUBE"}]},{"@type":"WebSite","@id":"https:\/\/www.mexicanguitarplayers.com\/#website","url":"https:\/\/www.mexicanguitarplayers.com\/","name":"Mexican Guitar Players","description":"Website","publisher":{"@id":"https:\/\/www.mexicanguitarplayers.com\/#organization"},"potentialAction":[{"@type":"SearchAction","target":{"@type":"EntryPoint","urlTemplate":"https:\/\/www.mexicanguitarplayers.com\/?s={search_term_string}"},"query-input":{"@type":"PropertyValueSpecification","valueRequired":true,"valueName":"search_term_string"}}],"inLanguage":"en-US"},{"@type":"Organization","@id":"https:\/\/www.mexicanguitarplayers.com\/#organization","name":"Mexican Guitar Players","url":"https:\/\/www.mexicanguitarplayers.com\/","logo":{"@type":"ImageObject","inLanguage":"en-US","@id":"https:\/\/www.mexicanguitarplayers.com\/#\/schema\/logo\/image\/","url":"","contentUrl":"","caption":"Mexican Guitar Players"},"image":{"@id":"https:\/\/www.mexicanguitarplayers.com\/#\/schema\/logo\/image\/"}}]}},"brands":[{"id":622,"name":"MUSIC NOMAD","slug":"music-nomad"}],"_links":{"self":[{"href":"https:\/\/www.mexicanguitarplayers.com\/en\/wp-json\/wp\/v2\/product\/40401","targetHints":{"allow":["GET"]}}],"collection":[{"href":"https:\/\/www.mexicanguitarplayers.com\/en\/wp-json\/wp\/v2\/product"}],"about":[{"href":"https:\/\/www.mexicanguitarplayers.com\/en\/wp-json\/wp\/v2\/types\/product"}],"replies":[{"embeddable":true,"href":"https:\/\/www.mexicanguitarplayers.com\/en\/wp-json\/wp\/v2\/comments?post=40401"}],"wp:featuredmedia":[{"embeddable":true,"href":"https:\/\/www.mexicanguitarplayers.com\/en\/wp-json\/wp\/v2\/media\/40397"}],"wp:attachment":[{"href":"https:\/\/www.mexicanguitarplayers.com\/en\/wp-json\/wp\/v2\/media?parent=40401"}],"wp:term":[{"taxonomy":"pwb-brand","embeddable":true,"href":"https:\/\/www.mexicanguitarplayers.com\/en\/wp-json\/wp\/v2\/pwb-brand?post=40401"},{"taxonomy":"product_brand","embeddable":true,"href":"https:\/\/www.mexicanguitarplayers.com\/en\/wp-json\/wp\/v2\/product_brand?post=40401"},{"taxonomy":"product_cat","embeddable":true,"href":"https:\/\/www.mexicanguitarplayers.com\/en\/wp-json\/wp\/v2\/product_cat?post=40401"},{"taxonomy":"product_tag","embeddable":true,"href":"https:\/\/www.mexicanguitarplayers.com\/en\/wp-json\/wp\/v2\/product_tag?post=40401"}],"curies":[{"name":"wp","href":"https:\/\/api.w.org\/{rel}","templated":true}]}}