{"id":40508,"date":"2025-04-09T07:08:51","date_gmt":"2025-04-09T13:08:51","guid":{"rendered":"https:\/\/www.mexicanguitarplayers.com\/tienda\/sin categor\u00eda\/guitarra-schecter-machine-gun-kelly\/"},"modified":"2026-04-10T04:19:50","modified_gmt":"2026-04-10T10:19:50","slug":"guitarra-schecter-machine-gun-kelly","status":"publish","type":"product","link":"https:\/\/www.mexicanguitarplayers.com\/en\/tienda\/cuerdas\/guitarras-cuerdas\/electricas\/guitarras-electricas-solidas\/guitarra-schecter-machine-gun-kelly\/","title":{"rendered":"GUITARRA SCHECTER MACHINE GUN KELLY"},"content":{"rendered":"<div style=\"text-align: justify\">\n<div>\n<h3>Machine Gun Kelly Acoustic Satin Black<\/h3>\n<\/div>\n<div>Presentamos la Machine Gun Schecter Kelly Acoustic Electric 3739SHC. Esta guitarra tiene un gran impacto con su calidad de construcci\u00f3n certificada por Schecter, su dise\u00f1o elegante y su sonido inconfundible. Listo para ser desatado en el estudio o en el escenario, \u00a1haz que tu m\u00fasica se escuche con esta potencia ac\u00fastica!<\/div>\n<div>\n<h4>Characteristics<\/h4>\n<\/div>\n<div>\n<ul style=\"margin: 0px 0px 0px 25px\">\n<li style=\"list-style-type: circle;margin: 5px\">GENERAL<\/li>\n<li style=\"list-style-type: circle;margin: 5px\">NECK<\/li>\n<li style=\"list-style-type: circle;margin: 5px\">BODY<\/li>\n<li style=\"list-style-type: circle;margin: 5px\">ELECTRONICS<\/li>\n<li style=\"list-style-type: circle;margin: 5px\">ACCESSORIES<\/li>\n<\/ul>\n<\/div>\n<\/div>","protected":false},"excerpt":{"rendered":"<p>Guitarra electroac\u00fastica Machine Gun Kelly dise\u00f1ada con material de diapas\u00f3n de palisandro, y arce de roca dura en el m\u00e1stil con incrustraciones Hot Pink Double XX y marcadores de puntos laterales de puntos rosas. Escala de 25.5 \u201d y forma de m\u00e1stil \u201dc\u201d delgada. 20 trastes est\u00e1ndar y nut Graph Tech XL Black Tusq. Color negro satinado con hardware en color negro con material de caoba laminada. Pasilla del puente Fishman Sonicore. Cuerdas Ernie ball Everlast Coated Acoustic (.012-.054)&hellip; <a class=\"kt-excerpt-readmore more-link\" href=\"https:\/\/www.mexicanguitarplayers.com\/en\/tienda\/cuerdas\/guitarras-cuerdas\/electricas\/guitarras-electricas-solidas\/guitarra-schecter-machine-gun-kelly\/\">Read more<\/a><\/p>","protected":false},"featured_media":40498,"comment_status":"open","ping_status":"closed","template":"","meta":{"kt_blocks_editor_width":""},"pwb-brand":[175],"product_brand":[],"product_cat":[224,313,312,314],"product_tag":[],"class_list":{"0":"post-40508","1":"product","2":"type-product","3":"status-publish","4":"has-post-thumbnail","6":"pwb-brand-schecter","7":"product_cat-cuerdas","8":"product_cat-electricas","9":"product_cat-guitarras-cuerdas","10":"product_cat-guitarras-electricas-solidas","11":"product_shipping_class-5-10-kg","13":"first","14":"outofstock","15":"taxable","16":"shipping-taxable","17":"purchasable","18":"product-type-simple"},"yoast_head":"<!-- This site is optimized with the Yoast SEO plugin v27.5 - https:\/\/yoast.com\/product\/yoast-seo-wordpress\/ -->\n<title>GUITARRA SCHECTER MACHINE GUN KELLY - Mexican Guitar Players<\/title>\n<meta name=\"description\" content=\"Guitarra electroac\u00fastica Machine Gun Kelly dise\u00f1ada con material de diapas\u00f3n de palisandro, y arce de roca dura en el m\u00e1stil con incrustraciones Hot Pink Double XX y marcadores de puntos laterales de puntos rosas. Escala de 25.5 \u201d y forma de m\u00e1stil \u201dc\u201d delgada. 20 trastes est\u00e1ndar y nut Graph Tech XL Black Tusq. Color negro satinado con hardware en color negro con material de caoba laminada. Pasilla del puente Fishman Sonicore. Cuerdas Ernie ball Everlast Coated Acoustic (.012-.054)\" \/>\n<meta name=\"robots\" content=\"index, follow, max-snippet:-1, max-image-preview:large, max-video-preview:-1\" \/>\n<link rel=\"canonical\" href=\"https:\/\/www.mexicanguitarplayers.com\/en\/tienda\/sin%20categor\u00eda\/guitarra-schecter-machine-gun-kelly\/\" \/>\n<meta property=\"og:locale\" content=\"en_US\" \/>\n<meta property=\"og:type\" content=\"article\" \/>\n<meta property=\"og:title\" content=\"GUITARRA SCHECTER MACHINE GUN KELLY - Mexican Guitar Players\" \/>\n<meta property=\"og:description\" content=\"Guitarra electroac\u00fastica Machine Gun Kelly dise\u00f1ada con material de diapas\u00f3n de palisandro, y arce de roca dura en el m\u00e1stil con incrustraciones Hot Pink Double XX y marcadores de puntos laterales de puntos rosas. Escala de 25.5 \u201d y forma de m\u00e1stil \u201dc\u201d delgada. 20 trastes est\u00e1ndar y nut Graph Tech XL Black Tusq. Color negro satinado con hardware en color negro con material de caoba laminada. Pasilla del puente Fishman Sonicore. Cuerdas Ernie ball Everlast Coated Acoustic (.012-.054)\" \/>\n<meta property=\"og:url\" content=\"https:\/\/www.mexicanguitarplayers.com\/en\/tienda\/sin categor\u00eda\/guitarra-schecter-machine-gun-kelly\/\" \/>\n<meta property=\"og:site_name\" content=\"Mexican Guitar Players\" \/>\n<meta property=\"article:modified_time\" content=\"2026-04-10T10:19:50+00:00\" \/>\n<meta name=\"twitter:card\" content=\"summary_large_image\" \/>\n<script type=\"application\/ld+json\" class=\"yoast-schema-graph\">{\"@context\":\"https:\\\/\\\/schema.org\",\"@graph\":[{\"@type\":[\"WebPage\",\"ItemPage\"],\"@id\":\"https:\\\/\\\/www.mexicanguitarplayers.com\\\/tienda\\\/sin categor\u00eda\\\/guitarra-schecter-machine-gun-kelly\\\/\",\"url\":\"https:\\\/\\\/www.mexicanguitarplayers.com\\\/tienda\\\/sin categor\u00eda\\\/guitarra-schecter-machine-gun-kelly\\\/\",\"name\":\"GUITARRA SCHECTER MACHINE GUN KELLY - Mexican Guitar Players\",\"isPartOf\":{\"@id\":\"https:\\\/\\\/www.mexicanguitarplayers.com\\\/#website\"},\"primaryImageOfPage\":{\"@id\":\"https:\\\/\\\/www.mexicanguitarplayers.com\\\/tienda\\\/sin categor\u00eda\\\/guitarra-schecter-machine-gun-kelly\\\/#primaryimage\"},\"image\":{\"@id\":\"https:\\\/\\\/www.mexicanguitarplayers.com\\\/tienda\\\/sin categor\u00eda\\\/guitarra-schecter-machine-gun-kelly\\\/#primaryimage\"},\"thumbnailUrl\":\"https:\\\/\\\/www.mexicanguitarplayers.com\\\/wp-content\\\/uploads\\\/2025\\\/04\\\/ISSCCGUNKELLYA.jpg\",\"datePublished\":\"2025-04-09T13:08:51+00:00\",\"dateModified\":\"2026-04-10T10:19:50+00:00\",\"description\":\"Guitarra electroac\u00fastica Machine Gun Kelly dise\u00f1ada con material de diapas\u00f3n de palisandro, y arce de roca dura en el m\u00e1stil con incrustraciones Hot Pink Double XX y marcadores de puntos laterales de puntos rosas. Escala de 25.5 \u201d y forma de m\u00e1stil \u201dc\u201d delgada. 20 trastes est\u00e1ndar y nut Graph Tech XL Black Tusq. Color negro satinado con hardware en color negro con material de caoba laminada. Pasilla del puente Fishman Sonicore. Cuerdas Ernie ball Everlast Coated Acoustic (.012-.054)\",\"breadcrumb\":{\"@id\":\"https:\\\/\\\/www.mexicanguitarplayers.com\\\/tienda\\\/sin categor\u00eda\\\/guitarra-schecter-machine-gun-kelly\\\/#breadcrumb\"},\"inLanguage\":\"en-US\",\"potentialAction\":[{\"@type\":\"ReadAction\",\"target\":[\"https:\\\/\\\/www.mexicanguitarplayers.com\\\/tienda\\\/sin categor\u00eda\\\/guitarra-schecter-machine-gun-kelly\\\/\"]}]},{\"@type\":\"ImageObject\",\"inLanguage\":\"en-US\",\"@id\":\"https:\\\/\\\/www.mexicanguitarplayers.com\\\/tienda\\\/sin categor\u00eda\\\/guitarra-schecter-machine-gun-kelly\\\/#primaryimage\",\"url\":\"https:\\\/\\\/www.mexicanguitarplayers.com\\\/wp-content\\\/uploads\\\/2025\\\/04\\\/ISSCCGUNKELLYA.jpg\",\"contentUrl\":\"https:\\\/\\\/www.mexicanguitarplayers.com\\\/wp-content\\\/uploads\\\/2025\\\/04\\\/ISSCCGUNKELLYA.jpg\",\"width\":800,\"height\":1600},{\"@type\":\"BreadcrumbList\",\"@id\":\"https:\\\/\\\/www.mexicanguitarplayers.com\\\/tienda\\\/sin categor\u00eda\\\/guitarra-schecter-machine-gun-kelly\\\/#breadcrumb\",\"itemListElement\":[{\"@type\":\"ListItem\",\"position\":1,\"name\":\"Portada\",\"item\":\"https:\\\/\\\/www.mexicanguitarplayers.com\\\/\"},{\"@type\":\"ListItem\",\"position\":2,\"name\":\"Tienda\",\"item\":\"https:\\\/\\\/www.mexicanguitarplayers.com\\\/tienda\\\/\"},{\"@type\":\"ListItem\",\"position\":3,\"name\":\"GUITARRA SCHECTER MACHINE GUN KELLY\"}]},{\"@type\":\"WebSite\",\"@id\":\"https:\\\/\\\/www.mexicanguitarplayers.com\\\/#website\",\"url\":\"https:\\\/\\\/www.mexicanguitarplayers.com\\\/\",\"name\":\"Mexican Guitar Players\",\"description\":\"Website\",\"publisher\":{\"@id\":\"https:\\\/\\\/www.mexicanguitarplayers.com\\\/#organization\"},\"potentialAction\":[{\"@type\":\"SearchAction\",\"target\":{\"@type\":\"EntryPoint\",\"urlTemplate\":\"https:\\\/\\\/www.mexicanguitarplayers.com\\\/?s={search_term_string}\"},\"query-input\":{\"@type\":\"PropertyValueSpecification\",\"valueRequired\":true,\"valueName\":\"search_term_string\"}}],\"inLanguage\":\"en-US\"},{\"@type\":\"Organization\",\"@id\":\"https:\\\/\\\/www.mexicanguitarplayers.com\\\/#organization\",\"name\":\"Mexican Guitar Players\",\"url\":\"https:\\\/\\\/www.mexicanguitarplayers.com\\\/\",\"logo\":{\"@type\":\"ImageObject\",\"inLanguage\":\"en-US\",\"@id\":\"https:\\\/\\\/www.mexicanguitarplayers.com\\\/#\\\/schema\\\/logo\\\/image\\\/\",\"url\":\"\",\"contentUrl\":\"\",\"caption\":\"Mexican Guitar Players\"},\"image\":{\"@id\":\"https:\\\/\\\/www.mexicanguitarplayers.com\\\/#\\\/schema\\\/logo\\\/image\\\/\"}}]}<\/script>\n<!-- \/ Yoast SEO plugin. -->","yoast_head_json":{"title":"GUITARRA SCHECTER MACHINE GUN KELLY - Mexican Guitar Players","description":"Guitarra electroac\u00fastica Machine Gun Kelly dise\u00f1ada con material de diapas\u00f3n de palisandro, y arce de roca dura en el m\u00e1stil con incrustraciones Hot Pink Double XX y marcadores de puntos laterales de puntos rosas. Escala de 25.5 \u201d y forma de m\u00e1stil \u201dc\u201d delgada. 20 trastes est\u00e1ndar y nut Graph Tech XL Black Tusq. Color negro satinado con hardware en color negro con material de caoba laminada. Pasilla del puente Fishman Sonicore. Cuerdas Ernie ball Everlast Coated Acoustic (.012-.054)","robots":{"index":"index","follow":"follow","max-snippet":"max-snippet:-1","max-image-preview":"max-image-preview:large","max-video-preview":"max-video-preview:-1"},"canonical":"https:\/\/www.mexicanguitarplayers.com\/en\/tienda\/sin categor\u00eda\/guitarra-schecter-machine-gun-kelly\/","og_locale":"en_US","og_type":"article","og_title":"GUITARRA SCHECTER MACHINE GUN KELLY - Mexican Guitar Players","og_description":"Guitarra electroac\u00fastica Machine Gun Kelly dise\u00f1ada con material de diapas\u00f3n de palisandro, y arce de roca dura en el m\u00e1stil con incrustraciones Hot Pink Double XX y marcadores de puntos laterales de puntos rosas. Escala de 25.5 \u201d y forma de m\u00e1stil \u201dc\u201d delgada. 20 trastes est\u00e1ndar y nut Graph Tech XL Black Tusq. Color negro satinado con hardware en color negro con material de caoba laminada. Pasilla del puente Fishman Sonicore. Cuerdas Ernie ball Everlast Coated Acoustic (.012-.054)","og_url":"https:\/\/www.mexicanguitarplayers.com\/en\/tienda\/sin categor\u00eda\/guitarra-schecter-machine-gun-kelly\/","og_site_name":"Mexican Guitar Players","article_modified_time":"2026-04-10T10:19:50+00:00","twitter_card":"summary_large_image","schema":{"@context":"https:\/\/schema.org","@graph":[{"@type":["WebPage","ItemPage"],"@id":"https:\/\/www.mexicanguitarplayers.com\/tienda\/sin categor\u00eda\/guitarra-schecter-machine-gun-kelly\/","url":"https:\/\/www.mexicanguitarplayers.com\/tienda\/sin categor\u00eda\/guitarra-schecter-machine-gun-kelly\/","name":"GUITARRA SCHECTER MACHINE GUN KELLY - Mexican Guitar Players","isPartOf":{"@id":"https:\/\/www.mexicanguitarplayers.com\/#website"},"primaryImageOfPage":{"@id":"https:\/\/www.mexicanguitarplayers.com\/tienda\/sin categor\u00eda\/guitarra-schecter-machine-gun-kelly\/#primaryimage"},"image":{"@id":"https:\/\/www.mexicanguitarplayers.com\/tienda\/sin categor\u00eda\/guitarra-schecter-machine-gun-kelly\/#primaryimage"},"thumbnailUrl":"https:\/\/www.mexicanguitarplayers.com\/wp-content\/uploads\/2025\/04\/ISSCCGUNKELLYA.jpg","datePublished":"2025-04-09T13:08:51+00:00","dateModified":"2026-04-10T10:19:50+00:00","description":"Guitarra electroac\u00fastica Machine Gun Kelly dise\u00f1ada con material de diapas\u00f3n de palisandro, y arce de roca dura en el m\u00e1stil con incrustraciones Hot Pink Double XX y marcadores de puntos laterales de puntos rosas. Escala de 25.5 \u201d y forma de m\u00e1stil \u201dc\u201d delgada. 20 trastes est\u00e1ndar y nut Graph Tech XL Black Tusq. Color negro satinado con hardware en color negro con material de caoba laminada. Pasilla del puente Fishman Sonicore. Cuerdas Ernie ball Everlast Coated Acoustic (.012-.054)","breadcrumb":{"@id":"https:\/\/www.mexicanguitarplayers.com\/tienda\/sin categor\u00eda\/guitarra-schecter-machine-gun-kelly\/#breadcrumb"},"inLanguage":"en-US","potentialAction":[{"@type":"ReadAction","target":["https:\/\/www.mexicanguitarplayers.com\/tienda\/sin categor\u00eda\/guitarra-schecter-machine-gun-kelly\/"]}]},{"@type":"ImageObject","inLanguage":"en-US","@id":"https:\/\/www.mexicanguitarplayers.com\/tienda\/sin categor\u00eda\/guitarra-schecter-machine-gun-kelly\/#primaryimage","url":"https:\/\/www.mexicanguitarplayers.com\/wp-content\/uploads\/2025\/04\/ISSCCGUNKELLYA.jpg","contentUrl":"https:\/\/www.mexicanguitarplayers.com\/wp-content\/uploads\/2025\/04\/ISSCCGUNKELLYA.jpg","width":800,"height":1600},{"@type":"BreadcrumbList","@id":"https:\/\/www.mexicanguitarplayers.com\/tienda\/sin categor\u00eda\/guitarra-schecter-machine-gun-kelly\/#breadcrumb","itemListElement":[{"@type":"ListItem","position":1,"name":"Portada","item":"https:\/\/www.mexicanguitarplayers.com\/"},{"@type":"ListItem","position":2,"name":"Tienda","item":"https:\/\/www.mexicanguitarplayers.com\/tienda\/"},{"@type":"ListItem","position":3,"name":"GUITARRA SCHECTER MACHINE GUN KELLY"}]},{"@type":"WebSite","@id":"https:\/\/www.mexicanguitarplayers.com\/#website","url":"https:\/\/www.mexicanguitarplayers.com\/","name":"Mexican Guitar Players","description":"Website","publisher":{"@id":"https:\/\/www.mexicanguitarplayers.com\/#organization"},"potentialAction":[{"@type":"SearchAction","target":{"@type":"EntryPoint","urlTemplate":"https:\/\/www.mexicanguitarplayers.com\/?s={search_term_string}"},"query-input":{"@type":"PropertyValueSpecification","valueRequired":true,"valueName":"search_term_string"}}],"inLanguage":"en-US"},{"@type":"Organization","@id":"https:\/\/www.mexicanguitarplayers.com\/#organization","name":"Mexican Guitar Players","url":"https:\/\/www.mexicanguitarplayers.com\/","logo":{"@type":"ImageObject","inLanguage":"en-US","@id":"https:\/\/www.mexicanguitarplayers.com\/#\/schema\/logo\/image\/","url":"","contentUrl":"","caption":"Mexican Guitar Players"},"image":{"@id":"https:\/\/www.mexicanguitarplayers.com\/#\/schema\/logo\/image\/"}}]}},"brands":[{"id":175,"name":"SCHECTER","slug":"schecter"}],"_links":{"self":[{"href":"https:\/\/www.mexicanguitarplayers.com\/en\/wp-json\/wp\/v2\/product\/40508","targetHints":{"allow":["GET"]}}],"collection":[{"href":"https:\/\/www.mexicanguitarplayers.com\/en\/wp-json\/wp\/v2\/product"}],"about":[{"href":"https:\/\/www.mexicanguitarplayers.com\/en\/wp-json\/wp\/v2\/types\/product"}],"replies":[{"embeddable":true,"href":"https:\/\/www.mexicanguitarplayers.com\/en\/wp-json\/wp\/v2\/comments?post=40508"}],"wp:featuredmedia":[{"embeddable":true,"href":"https:\/\/www.mexicanguitarplayers.com\/en\/wp-json\/wp\/v2\/media\/40498"}],"wp:attachment":[{"href":"https:\/\/www.mexicanguitarplayers.com\/en\/wp-json\/wp\/v2\/media?parent=40508"}],"wp:term":[{"taxonomy":"pwb-brand","embeddable":true,"href":"https:\/\/www.mexicanguitarplayers.com\/en\/wp-json\/wp\/v2\/pwb-brand?post=40508"},{"taxonomy":"product_brand","embeddable":true,"href":"https:\/\/www.mexicanguitarplayers.com\/en\/wp-json\/wp\/v2\/product_brand?post=40508"},{"taxonomy":"product_cat","embeddable":true,"href":"https:\/\/www.mexicanguitarplayers.com\/en\/wp-json\/wp\/v2\/product_cat?post=40508"},{"taxonomy":"product_tag","embeddable":true,"href":"https:\/\/www.mexicanguitarplayers.com\/en\/wp-json\/wp\/v2\/product_tag?post=40508"}],"curies":[{"name":"wp","href":"https:\/\/api.w.org\/{rel}","templated":true}]}}