{"id":40520,"date":"2025-04-09T07:09:09","date_gmt":"2025-04-09T13:09:09","guid":{"rendered":"https:\/\/www.mexicanguitarplayers.com\/tienda\/sin categor\u00eda\/combo-nux-p-guitarra-mighty-20bt\/"},"modified":"2026-04-10T04:19:48","modified_gmt":"2026-04-10T10:19:48","slug":"combo-nux-p-guitarra-mighty-20bt","status":"publish","type":"product","link":"https:\/\/www.mexicanguitarplayers.com\/en\/tienda\/cuerdas\/combos\/combos-para-guitarra\/combo-nux-p-guitarra-mighty-20bt\/","title":{"rendered":"COMBO NUX P\/GUITARRA    MIGHTY 20BT"},"content":{"rendered":"<div style=\"text-align: justify\">\n<div>\n<h3>El amplificador perfecto para el hogar.<\/h3>\n<\/div>\n<div>Mighty 20 BT es un amplificador perfecto para el hogar. Emula el sonido de otros amplificadores en un solo paquete y tambi\u00e9n tiene muchos efectos \u00fatiles incorporados. Es lo suficientemente fuerte como para rockear en tu fiesta o puedes usarlo para practicar en silencio. Cuenta con una potencia de 20 watts. Tiene 4 canales y cada canal tiene 2 preajustes de sonido y cada preajuste ofrece uno de los sonidos caracter\u00edsticos de los amplificadores conocidos, en resumen, tendr\u00e1s 8 amplificadores. Puedes obtener el verdadero sabor de diferentes sonidos musicales y estilos de toque. Se pueden combinar 3 efectos simult\u00e1neamente. Puedes activar un efecto de modulaci\u00f3n, delay y rever al mismo tiempo. Hay 3 efectos de modulaci\u00f3n, 3 reverbs y delays. Puedes tambi\u00e9n ajustar la velocidad con el bot\u00f3n TAP.<\/div>\n<div>\n<h4>Quick look<\/h4>\n<\/div>\n<ul style=\"margin: 0px 0px 0px 25px\">\n<li style=\"list-style-type: circle;margin: 5px\">Potencia m\u00e1xima de salida.<\/li>\n<li style=\"list-style-type: circle;margin: 5px\">Nivel nominal de entrada.<\/li>\n<li style=\"list-style-type: circle;margin: 5px\">Speaker.<\/li>\n<li style=\"list-style-type: circle;margin: 5px\">Power supply.<\/li>\n<li style=\"list-style-type: circle;margin: 5px\">Corriente.<\/li>\n<li style=\"list-style-type: circle;margin: 5px\">Dimensions.<\/li>\n<li style=\"list-style-type: circle;margin: 5px\">Weight.<\/li>\n<li style=\"list-style-type: circle;margin: 5px\">Accessories included.<\/li>\n<\/ul>\n<div>\n<div style=\"font-weight: bold\">Potencia m\u00e1xima de salida.<\/div>\n<div>\n<p>20 watts RMS a 4 ohms.<\/p>\n<\/div>\n<div style=\"font-weight: bold\">Nivel nominal de entrada.<\/div>\n<div>\n<p>Entrada: -10 dBu @ 1 mili-ohm. Auxiliar: -10 dBu.<\/p>\n<\/div>\n<div style=\"font-weight: bold\">Speaker.<\/div>\n<div>\n<p>8&#8243; pulgadas.<\/p>\n<\/div>\n<div style=\"font-weight: bold\">Power supply.<\/div>\n<div>\n<p>Adaptador AC (DC 15V).<\/p>\n<\/div>\n<div style=\"font-weight: bold\">Corriente.<\/div>\n<div>\n<p>1.85A.<\/p>\n<\/div>\n<div style=\"font-weight: bold\">Dimensions.<\/div>\n<div>\n<p>380 x 186 x 325 mm.<\/p>\n<\/div>\n<div style=\"font-weight: bold\">Weight.<\/div>\n<div>\n<p>6.6 kg.<\/p>\n<\/div>\n<div style=\"font-weight: bold\">Accessories included.<\/div>\n<div>\n<p>Manual de usuario y adaptador AC.<\/p>\n<\/div>\n<\/div>\n<\/div>","protected":false},"excerpt":{"rendered":"<p>Combo para guitarra el\u00e9ctrica, potencia de 20 watts a 4 ohms, un altavoz de 8\u201d pulgadas, 4 canales (clean, overdrive, metal y lead), cada canal tiene 2 presets, controles de nivel y ganancia, ecualizador de 3 bandas (grave, medio, agudo) y volumen master, variedad de 18 efectos (chorus, phaser, tremolo, vibe, delay y reverb), 3 tipos de reverb y 3 tipos de delay, se pueden activar 3 efectos al mismo tiempo (mod, delay, reverb), tap tempo, entrada auxiliar de 3.5 mm, salida de aud\u00edfonos, puedes conectar tu smartphone a trav\u00e9s de bluetooth y tocar junto con tu m\u00fasica favorita, tambi\u00e9n puedes controlar el amplificador por medio de tu tel\u00e9fono, dimensiones: 380 x 186 x 325 mm, peso: 6.6 kg.&hellip; <a class=\"kt-excerpt-readmore more-link\" href=\"https:\/\/www.mexicanguitarplayers.com\/en\/tienda\/cuerdas\/combos\/combos-para-guitarra\/combo-nux-p-guitarra-mighty-20bt\/\">Read more<\/a><\/p>","protected":false},"featured_media":40516,"comment_status":"open","ping_status":"closed","template":"","meta":{"kt_blocks_editor_width":""},"pwb-brand":[177],"product_brand":[],"product_cat":[236,237,224],"product_tag":[],"class_list":{"0":"post-40520","1":"product","2":"type-product","3":"status-publish","4":"has-post-thumbnail","6":"pwb-brand-nux","7":"product_cat-combos","8":"product_cat-combos-para-guitarra","9":"product_cat-cuerdas","10":"product_shipping_class-5-10-kg","12":"first","13":"outofstock","14":"taxable","15":"shipping-taxable","16":"purchasable","17":"product-type-simple"},"yoast_head":"<!-- This site is optimized with the Yoast SEO plugin v27.5 - https:\/\/yoast.com\/product\/yoast-seo-wordpress\/ -->\n<title>COMBO NUX P\/GUITARRA  MIGHTY 20BT - Mexican Guitar Players<\/title>\n<meta name=\"description\" content=\"Combo para guitarra el\u00e9ctrica, potencia de 20 watts a 4 ohms, un altavoz de 8\u201d pulgadas, 4 canales (clean, overdrive, metal y lead), cada canal tiene 2 presets, controles de nivel y ganancia, ecualizador de 3 bandas (grave, medio, agudo) y volumen master, variedad de 18 efectos (chorus, phaser, tremolo, vibe, delay y reverb), 3 tipos de reverb y 3 tipos de delay, se pueden activar 3 efectos al mismo tiempo (mod, delay, reverb), tap tempo, entrada auxiliar de 3.5 mm, salida de aud\u00edfonos, puedes conectar tu smartphone a trav\u00e9s de bluetooth y tocar junto con tu m\u00fasica favorita, tambi\u00e9n puedes controlar el amplificador por medio de tu tel\u00e9fono, dimensiones: 380 x 186 x 325 mm, peso: 6.6 kg.\" \/>\n<meta name=\"robots\" content=\"index, follow, max-snippet:-1, max-image-preview:large, max-video-preview:-1\" \/>\n<link rel=\"canonical\" href=\"https:\/\/www.mexicanguitarplayers.com\/en\/tienda\/sin%20categor\u00eda\/combo-nux-p-guitarra-mighty-20bt\/\" \/>\n<meta property=\"og:locale\" content=\"en_US\" \/>\n<meta property=\"og:type\" content=\"article\" \/>\n<meta property=\"og:title\" content=\"COMBO NUX P\/GUITARRA  MIGHTY 20BT - Mexican Guitar Players\" \/>\n<meta property=\"og:description\" content=\"Combo para guitarra el\u00e9ctrica, potencia de 20 watts a 4 ohms, un altavoz de 8\u201d pulgadas, 4 canales (clean, overdrive, metal y lead), cada canal tiene 2 presets, controles de nivel y ganancia, ecualizador de 3 bandas (grave, medio, agudo) y volumen master, variedad de 18 efectos (chorus, phaser, tremolo, vibe, delay y reverb), 3 tipos de reverb y 3 tipos de delay, se pueden activar 3 efectos al mismo tiempo (mod, delay, reverb), tap tempo, entrada auxiliar de 3.5 mm, salida de aud\u00edfonos, puedes conectar tu smartphone a trav\u00e9s de bluetooth y tocar junto con tu m\u00fasica favorita, tambi\u00e9n puedes controlar el amplificador por medio de tu tel\u00e9fono, dimensiones: 380 x 186 x 325 mm, peso: 6.6 kg.\" \/>\n<meta property=\"og:url\" content=\"https:\/\/www.mexicanguitarplayers.com\/en\/tienda\/sin categor\u00eda\/combo-nux-p-guitarra-mighty-20bt\/\" \/>\n<meta property=\"og:site_name\" content=\"Mexican Guitar Players\" \/>\n<meta property=\"article:modified_time\" content=\"2026-04-10T10:19:48+00:00\" \/>\n<meta name=\"twitter:card\" content=\"summary_large_image\" \/>\n<meta name=\"twitter:label1\" content=\"Est. reading time\" \/>\n\t<meta name=\"twitter:data1\" content=\"1 minute\" \/>\n<script type=\"application\/ld+json\" class=\"yoast-schema-graph\">{\"@context\":\"https:\\\/\\\/schema.org\",\"@graph\":[{\"@type\":[\"WebPage\",\"ItemPage\"],\"@id\":\"https:\\\/\\\/www.mexicanguitarplayers.com\\\/tienda\\\/sin categor\u00eda\\\/combo-nux-p-guitarra-mighty-20bt\\\/\",\"url\":\"https:\\\/\\\/www.mexicanguitarplayers.com\\\/tienda\\\/sin categor\u00eda\\\/combo-nux-p-guitarra-mighty-20bt\\\/\",\"name\":\"COMBO NUX P\\\/GUITARRA MIGHTY 20BT - Mexican Guitar Players\",\"isPartOf\":{\"@id\":\"https:\\\/\\\/www.mexicanguitarplayers.com\\\/#website\"},\"primaryImageOfPage\":{\"@id\":\"https:\\\/\\\/www.mexicanguitarplayers.com\\\/tienda\\\/sin categor\u00eda\\\/combo-nux-p-guitarra-mighty-20bt\\\/#primaryimage\"},\"image\":{\"@id\":\"https:\\\/\\\/www.mexicanguitarplayers.com\\\/tienda\\\/sin categor\u00eda\\\/combo-nux-p-guitarra-mighty-20bt\\\/#primaryimage\"},\"thumbnailUrl\":\"https:\\\/\\\/www.mexicanguitarplayers.com\\\/wp-content\\\/uploads\\\/2025\\\/04\\\/ICNUXMIGHTY20B.jpg\",\"datePublished\":\"2025-04-09T13:09:09+00:00\",\"dateModified\":\"2026-04-10T10:19:48+00:00\",\"description\":\"Combo para guitarra el\u00e9ctrica, potencia de 20 watts a 4 ohms, un altavoz de 8\u201d pulgadas, 4 canales (clean, overdrive, metal y lead), cada canal tiene 2 presets, controles de nivel y ganancia, ecualizador de 3 bandas (grave, medio, agudo) y volumen master, variedad de 18 efectos (chorus, phaser, tremolo, vibe, delay y reverb), 3 tipos de reverb y 3 tipos de delay, se pueden activar 3 efectos al mismo tiempo (mod, delay, reverb), tap tempo, entrada auxiliar de 3.5 mm, salida de aud\u00edfonos, puedes conectar tu smartphone a trav\u00e9s de bluetooth y tocar junto con tu m\u00fasica favorita, tambi\u00e9n puedes controlar el amplificador por medio de tu tel\u00e9fono, dimensiones: 380 x 186 x 325 mm, peso: 6.6 kg.\",\"breadcrumb\":{\"@id\":\"https:\\\/\\\/www.mexicanguitarplayers.com\\\/tienda\\\/sin categor\u00eda\\\/combo-nux-p-guitarra-mighty-20bt\\\/#breadcrumb\"},\"inLanguage\":\"en-US\",\"potentialAction\":[{\"@type\":\"ReadAction\",\"target\":[\"https:\\\/\\\/www.mexicanguitarplayers.com\\\/tienda\\\/sin categor\u00eda\\\/combo-nux-p-guitarra-mighty-20bt\\\/\"]}]},{\"@type\":\"ImageObject\",\"inLanguage\":\"en-US\",\"@id\":\"https:\\\/\\\/www.mexicanguitarplayers.com\\\/tienda\\\/sin categor\u00eda\\\/combo-nux-p-guitarra-mighty-20bt\\\/#primaryimage\",\"url\":\"https:\\\/\\\/www.mexicanguitarplayers.com\\\/wp-content\\\/uploads\\\/2025\\\/04\\\/ICNUXMIGHTY20B.jpg\",\"contentUrl\":\"https:\\\/\\\/www.mexicanguitarplayers.com\\\/wp-content\\\/uploads\\\/2025\\\/04\\\/ICNUXMIGHTY20B.jpg\",\"width\":1200,\"height\":1200},{\"@type\":\"BreadcrumbList\",\"@id\":\"https:\\\/\\\/www.mexicanguitarplayers.com\\\/tienda\\\/sin categor\u00eda\\\/combo-nux-p-guitarra-mighty-20bt\\\/#breadcrumb\",\"itemListElement\":[{\"@type\":\"ListItem\",\"position\":1,\"name\":\"Portada\",\"item\":\"https:\\\/\\\/www.mexicanguitarplayers.com\\\/\"},{\"@type\":\"ListItem\",\"position\":2,\"name\":\"Tienda\",\"item\":\"https:\\\/\\\/www.mexicanguitarplayers.com\\\/tienda\\\/\"},{\"@type\":\"ListItem\",\"position\":3,\"name\":\"COMBO NUX P\\\/GUITARRA MIGHTY 20BT\"}]},{\"@type\":\"WebSite\",\"@id\":\"https:\\\/\\\/www.mexicanguitarplayers.com\\\/#website\",\"url\":\"https:\\\/\\\/www.mexicanguitarplayers.com\\\/\",\"name\":\"Mexican Guitar Players\",\"description\":\"Website\",\"publisher\":{\"@id\":\"https:\\\/\\\/www.mexicanguitarplayers.com\\\/#organization\"},\"potentialAction\":[{\"@type\":\"SearchAction\",\"target\":{\"@type\":\"EntryPoint\",\"urlTemplate\":\"https:\\\/\\\/www.mexicanguitarplayers.com\\\/?s={search_term_string}\"},\"query-input\":{\"@type\":\"PropertyValueSpecification\",\"valueRequired\":true,\"valueName\":\"search_term_string\"}}],\"inLanguage\":\"en-US\"},{\"@type\":\"Organization\",\"@id\":\"https:\\\/\\\/www.mexicanguitarplayers.com\\\/#organization\",\"name\":\"Mexican Guitar Players\",\"url\":\"https:\\\/\\\/www.mexicanguitarplayers.com\\\/\",\"logo\":{\"@type\":\"ImageObject\",\"inLanguage\":\"en-US\",\"@id\":\"https:\\\/\\\/www.mexicanguitarplayers.com\\\/#\\\/schema\\\/logo\\\/image\\\/\",\"url\":\"\",\"contentUrl\":\"\",\"caption\":\"Mexican Guitar Players\"},\"image\":{\"@id\":\"https:\\\/\\\/www.mexicanguitarplayers.com\\\/#\\\/schema\\\/logo\\\/image\\\/\"}}]}<\/script>\n<!-- \/ Yoast SEO plugin. -->","yoast_head_json":{"title":"COMBO NUX P\/GUITARRA  MIGHTY 20BT - Mexican Guitar Players","description":"Combo para guitarra el\u00e9ctrica, potencia de 20 watts a 4 ohms, un altavoz de 8\u201d pulgadas, 4 canales (clean, overdrive, metal y lead), cada canal tiene 2 presets, controles de nivel y ganancia, ecualizador de 3 bandas (grave, medio, agudo) y volumen master, variedad de 18 efectos (chorus, phaser, tremolo, vibe, delay y reverb), 3 tipos de reverb y 3 tipos de delay, se pueden activar 3 efectos al mismo tiempo (mod, delay, reverb), tap tempo, entrada auxiliar de 3.5 mm, salida de aud\u00edfonos, puedes conectar tu smartphone a trav\u00e9s de bluetooth y tocar junto con tu m\u00fasica favorita, tambi\u00e9n puedes controlar el amplificador por medio de tu tel\u00e9fono, dimensiones: 380 x 186 x 325 mm, peso: 6.6 kg.","robots":{"index":"index","follow":"follow","max-snippet":"max-snippet:-1","max-image-preview":"max-image-preview:large","max-video-preview":"max-video-preview:-1"},"canonical":"https:\/\/www.mexicanguitarplayers.com\/en\/tienda\/sin categor\u00eda\/combo-nux-p-guitarra-mighty-20bt\/","og_locale":"en_US","og_type":"article","og_title":"COMBO NUX P\/GUITARRA  MIGHTY 20BT - Mexican Guitar Players","og_description":"Combo para guitarra el\u00e9ctrica, potencia de 20 watts a 4 ohms, un altavoz de 8\u201d pulgadas, 4 canales (clean, overdrive, metal y lead), cada canal tiene 2 presets, controles de nivel y ganancia, ecualizador de 3 bandas (grave, medio, agudo) y volumen master, variedad de 18 efectos (chorus, phaser, tremolo, vibe, delay y reverb), 3 tipos de reverb y 3 tipos de delay, se pueden activar 3 efectos al mismo tiempo (mod, delay, reverb), tap tempo, entrada auxiliar de 3.5 mm, salida de aud\u00edfonos, puedes conectar tu smartphone a trav\u00e9s de bluetooth y tocar junto con tu m\u00fasica favorita, tambi\u00e9n puedes controlar el amplificador por medio de tu tel\u00e9fono, dimensiones: 380 x 186 x 325 mm, peso: 6.6 kg.","og_url":"https:\/\/www.mexicanguitarplayers.com\/en\/tienda\/sin categor\u00eda\/combo-nux-p-guitarra-mighty-20bt\/","og_site_name":"Mexican Guitar Players","article_modified_time":"2026-04-10T10:19:48+00:00","twitter_card":"summary_large_image","twitter_misc":{"Est. reading time":"1 minute"},"schema":{"@context":"https:\/\/schema.org","@graph":[{"@type":["WebPage","ItemPage"],"@id":"https:\/\/www.mexicanguitarplayers.com\/tienda\/sin categor\u00eda\/combo-nux-p-guitarra-mighty-20bt\/","url":"https:\/\/www.mexicanguitarplayers.com\/tienda\/sin categor\u00eda\/combo-nux-p-guitarra-mighty-20bt\/","name":"COMBO NUX P\/GUITARRA MIGHTY 20BT - Mexican Guitar Players","isPartOf":{"@id":"https:\/\/www.mexicanguitarplayers.com\/#website"},"primaryImageOfPage":{"@id":"https:\/\/www.mexicanguitarplayers.com\/tienda\/sin categor\u00eda\/combo-nux-p-guitarra-mighty-20bt\/#primaryimage"},"image":{"@id":"https:\/\/www.mexicanguitarplayers.com\/tienda\/sin categor\u00eda\/combo-nux-p-guitarra-mighty-20bt\/#primaryimage"},"thumbnailUrl":"https:\/\/www.mexicanguitarplayers.com\/wp-content\/uploads\/2025\/04\/ICNUXMIGHTY20B.jpg","datePublished":"2025-04-09T13:09:09+00:00","dateModified":"2026-04-10T10:19:48+00:00","description":"Combo para guitarra el\u00e9ctrica, potencia de 20 watts a 4 ohms, un altavoz de 8\u201d pulgadas, 4 canales (clean, overdrive, metal y lead), cada canal tiene 2 presets, controles de nivel y ganancia, ecualizador de 3 bandas (grave, medio, agudo) y volumen master, variedad de 18 efectos (chorus, phaser, tremolo, vibe, delay y reverb), 3 tipos de reverb y 3 tipos de delay, se pueden activar 3 efectos al mismo tiempo (mod, delay, reverb), tap tempo, entrada auxiliar de 3.5 mm, salida de aud\u00edfonos, puedes conectar tu smartphone a trav\u00e9s de bluetooth y tocar junto con tu m\u00fasica favorita, tambi\u00e9n puedes controlar el amplificador por medio de tu tel\u00e9fono, dimensiones: 380 x 186 x 325 mm, peso: 6.6 kg.","breadcrumb":{"@id":"https:\/\/www.mexicanguitarplayers.com\/tienda\/sin categor\u00eda\/combo-nux-p-guitarra-mighty-20bt\/#breadcrumb"},"inLanguage":"en-US","potentialAction":[{"@type":"ReadAction","target":["https:\/\/www.mexicanguitarplayers.com\/tienda\/sin categor\u00eda\/combo-nux-p-guitarra-mighty-20bt\/"]}]},{"@type":"ImageObject","inLanguage":"en-US","@id":"https:\/\/www.mexicanguitarplayers.com\/tienda\/sin categor\u00eda\/combo-nux-p-guitarra-mighty-20bt\/#primaryimage","url":"https:\/\/www.mexicanguitarplayers.com\/wp-content\/uploads\/2025\/04\/ICNUXMIGHTY20B.jpg","contentUrl":"https:\/\/www.mexicanguitarplayers.com\/wp-content\/uploads\/2025\/04\/ICNUXMIGHTY20B.jpg","width":1200,"height":1200},{"@type":"BreadcrumbList","@id":"https:\/\/www.mexicanguitarplayers.com\/tienda\/sin categor\u00eda\/combo-nux-p-guitarra-mighty-20bt\/#breadcrumb","itemListElement":[{"@type":"ListItem","position":1,"name":"Portada","item":"https:\/\/www.mexicanguitarplayers.com\/"},{"@type":"ListItem","position":2,"name":"Tienda","item":"https:\/\/www.mexicanguitarplayers.com\/tienda\/"},{"@type":"ListItem","position":3,"name":"COMBO NUX P\/GUITARRA MIGHTY 20BT"}]},{"@type":"WebSite","@id":"https:\/\/www.mexicanguitarplayers.com\/#website","url":"https:\/\/www.mexicanguitarplayers.com\/","name":"Mexican Guitar Players","description":"Website","publisher":{"@id":"https:\/\/www.mexicanguitarplayers.com\/#organization"},"potentialAction":[{"@type":"SearchAction","target":{"@type":"EntryPoint","urlTemplate":"https:\/\/www.mexicanguitarplayers.com\/?s={search_term_string}"},"query-input":{"@type":"PropertyValueSpecification","valueRequired":true,"valueName":"search_term_string"}}],"inLanguage":"en-US"},{"@type":"Organization","@id":"https:\/\/www.mexicanguitarplayers.com\/#organization","name":"Mexican Guitar Players","url":"https:\/\/www.mexicanguitarplayers.com\/","logo":{"@type":"ImageObject","inLanguage":"en-US","@id":"https:\/\/www.mexicanguitarplayers.com\/#\/schema\/logo\/image\/","url":"","contentUrl":"","caption":"Mexican Guitar Players"},"image":{"@id":"https:\/\/www.mexicanguitarplayers.com\/#\/schema\/logo\/image\/"}}]}},"brands":[{"id":177,"name":"NUX","slug":"nux"}],"_links":{"self":[{"href":"https:\/\/www.mexicanguitarplayers.com\/en\/wp-json\/wp\/v2\/product\/40520","targetHints":{"allow":["GET"]}}],"collection":[{"href":"https:\/\/www.mexicanguitarplayers.com\/en\/wp-json\/wp\/v2\/product"}],"about":[{"href":"https:\/\/www.mexicanguitarplayers.com\/en\/wp-json\/wp\/v2\/types\/product"}],"replies":[{"embeddable":true,"href":"https:\/\/www.mexicanguitarplayers.com\/en\/wp-json\/wp\/v2\/comments?post=40520"}],"wp:featuredmedia":[{"embeddable":true,"href":"https:\/\/www.mexicanguitarplayers.com\/en\/wp-json\/wp\/v2\/media\/40516"}],"wp:attachment":[{"href":"https:\/\/www.mexicanguitarplayers.com\/en\/wp-json\/wp\/v2\/media?parent=40520"}],"wp:term":[{"taxonomy":"pwb-brand","embeddable":true,"href":"https:\/\/www.mexicanguitarplayers.com\/en\/wp-json\/wp\/v2\/pwb-brand?post=40520"},{"taxonomy":"product_brand","embeddable":true,"href":"https:\/\/www.mexicanguitarplayers.com\/en\/wp-json\/wp\/v2\/product_brand?post=40520"},{"taxonomy":"product_cat","embeddable":true,"href":"https:\/\/www.mexicanguitarplayers.com\/en\/wp-json\/wp\/v2\/product_cat?post=40520"},{"taxonomy":"product_tag","embeddable":true,"href":"https:\/\/www.mexicanguitarplayers.com\/en\/wp-json\/wp\/v2\/product_tag?post=40520"}],"curies":[{"name":"wp","href":"https:\/\/api.w.org\/{rel}","templated":true}]}}