{"id":40584,"date":"2025-04-09T07:10:35","date_gmt":"2025-04-09T13:10:35","guid":{"rendered":"https:\/\/www.mexicanguitarplayers.com\/tienda\/sin categor\u00eda\/guitarra-schecter-elect-mod-avenger-fr-s\/"},"modified":"2025-04-09T07:10:35","modified_gmt":"2025-04-09T13:10:35","slug":"guitarra-schecter-elect-mod-avenger-fr-s","status":"publish","type":"product","link":"https:\/\/www.mexicanguitarplayers.com\/en\/tienda\/cuerdas\/guitarras-cuerdas\/electricas\/guitarras-electricas-solidas\/guitarra-schecter-elect-mod-avenger-fr-s\/","title":{"rendered":"GUITARRA SCHECTER ELECT. MOD. AVENGER FR-S"},"content":{"rendered":"<div style=\"text-align: justify\">\n<div>\n<h3>Avenger FR S Apocalypse<\/h3>\n<\/div>\n<div>El Schecter Avenger FR S Apocalypse exuda una actitud de alto rendimiento: es el hacha de metal moderna consumada. Su cuerpo de fresno de pantano resonante brinda la calidez y la mordida media-alta que necesita, mientras que su m\u00e1stil de fibra de carbono de varias capas y el diapas\u00f3n de radio compuesto ofrecen la comodidad y la velocidad de ejecuci\u00f3n que necesita. Apreciar\u00e1s la construcci\u00f3n de m\u00e1stil fijo y el tal\u00f3n de m\u00e1stil ultraacceso de esta guitarra el\u00e9ctrica de cuerpo s\u00f3lido: claramente fue construida para guitarristas de alto nivel. Un humbucker de puente Apocalypse-VI agresivo y Sustainiac en la posici\u00f3n del m\u00e1stil entregan los productos cuando se conecta a su amplificador favorito, y un sistema de tr\u00e9molo de doble bloqueo Floyd Rose 1500 exclusivo de Schecter no solo facilita, sino que pide abuso de golpe. Llamativo hardware negro satinado, incrustaciones de n\u00fameros romanos en el diapas\u00f3n<\/div>\n<div>\n<h4>Characteristics<\/h4>\n<\/div>\n<div>\n<ul style=\"margin: 0px 0px 0px 25px\">\n<li style=\"list-style-type: circle;margin: 5px\">GENERAL<\/li>\n<li style=\"list-style-type: circle;margin: 5px\">CUELLO<\/li>\n<li style=\"list-style-type: circle;margin: 5px\">CUERPO<\/li>\n<li style=\"list-style-type: circle;margin: 5px\">ELECTRONICS<\/li>\n<li style=\"list-style-type: circle;margin: 5px\">ACCESORIOS<\/li>\n<\/ul>\n<\/div>\n<\/div>","protected":false},"excerpt":{"rendered":"<p>Guitarra el\u00e9ctrica SCHECTER AVENGER FR-S APOCALYPSE es una guitarra de cuerpo el\u00e9ctrico de fresno de pantano resonante hecho para estilos de juego modernos. Construida con m\u00e1stil multicapa reforzado con fibra de carbono que cuenta con una c\u00f3moda forma de C fina y diapas\u00f3n de \u00e9bano de radio compuesto facilita el riff de fuego r\u00e1pido y los cables abrasadores.El dise\u00f1o de cuello fijo agrega un sostenido impresionante a su tono y el tal\u00f3n del m\u00e1stil de acceso ultra garantiza la m\u00e1xima accesibilidad al diapas\u00f3n. El puente humbucker Apocalypse-VI te brinda un tono equilibrado y agresivo. La pastilla Sustainiac en la posici\u00f3n del m\u00e1stil brinda un sostenido casi infinito y una retroalimentaci\u00f3n densa. El Sistema de tr\u00e9molo de doble bloqueo Floyd Rose 1500 exclusivo de Schecter y su llamativo hardware negro satinado con incrustaciones de n\u00fameros romanos en el diapas\u00f3n y marcadores de puntos laterales Luminlay que brillan en la oscuridad.&hellip; <a class=\"kt-excerpt-readmore more-link\" href=\"https:\/\/www.mexicanguitarplayers.com\/en\/tienda\/cuerdas\/guitarras-cuerdas\/electricas\/guitarras-electricas-solidas\/guitarra-schecter-elect-mod-avenger-fr-s\/\">Read more<\/a><\/p>","protected":false},"featured_media":40573,"comment_status":"open","ping_status":"closed","template":"","meta":{"kt_blocks_editor_width":""},"pwb-brand":[175],"product_brand":[],"product_cat":[224,313,312,314],"product_tag":[],"class_list":{"0":"post-40584","1":"product","2":"type-product","3":"status-publish","4":"has-post-thumbnail","6":"pwb-brand-schecter","7":"product_cat-cuerdas","8":"product_cat-electricas","9":"product_cat-guitarras-cuerdas","10":"product_cat-guitarras-electricas-solidas","11":"product_shipping_class-5-10-kg","13":"first","14":"outofstock","15":"taxable","16":"shipping-taxable","17":"purchasable","18":"product-type-simple"},"yoast_head":"<!-- This site is optimized with the Yoast SEO plugin v27.5 - https:\/\/yoast.com\/product\/yoast-seo-wordpress\/ -->\n<title>GUITARRA SCHECTER ELECT. MOD. AVENGER FR-S - Mexican Guitar Players<\/title>\n<meta name=\"description\" content=\"Guitarra el\u00e9ctrica SCHECTER AVENGER FR-S APOCALYPSE es una guitarra de cuerpo el\u00e9ctrico de fresno de pantano resonante hecho para estilos de juego modernos. Construida con m\u00e1stil multicapa reforzado con fibra de carbono que cuenta con una c\u00f3moda forma de C fina y diapas\u00f3n de \u00e9bano de radio compuesto facilita el riff de fuego r\u00e1pido y los cables abrasadores.El dise\u00f1o de cuello fijo agrega un sostenido impresionante a su tono y el tal\u00f3n del m\u00e1stil de acceso ultra garantiza la m\u00e1xima accesibilidad al diapas\u00f3n. El puente humbucker Apocalypse-VI te brinda un tono equilibrado y agresivo. La pastilla Sustainiac en la posici\u00f3n del m\u00e1stil brinda un sostenido casi infinito y una retroalimentaci\u00f3n densa. El Sistema de tr\u00e9molo de doble bloqueo Floyd Rose 1500 exclusivo de Schecter y su llamativo hardware negro satinado con incrustaciones de n\u00fameros romanos en el diapas\u00f3n y marcadores de puntos laterales Luminlay que brillan en la oscuridad.\" \/>\n<meta name=\"robots\" content=\"index, follow, max-snippet:-1, max-image-preview:large, max-video-preview:-1\" \/>\n<link rel=\"canonical\" href=\"https:\/\/www.mexicanguitarplayers.com\/en\/tienda\/sin%20categor\u00eda\/guitarra-schecter-elect-mod-avenger-fr-s\/\" \/>\n<meta property=\"og:locale\" content=\"en_US\" \/>\n<meta property=\"og:type\" content=\"article\" \/>\n<meta property=\"og:title\" content=\"GUITARRA SCHECTER ELECT. MOD. AVENGER FR-S - Mexican Guitar Players\" \/>\n<meta property=\"og:description\" content=\"Guitarra el\u00e9ctrica SCHECTER AVENGER FR-S APOCALYPSE es una guitarra de cuerpo el\u00e9ctrico de fresno de pantano resonante hecho para estilos de juego modernos. Construida con m\u00e1stil multicapa reforzado con fibra de carbono que cuenta con una c\u00f3moda forma de C fina y diapas\u00f3n de \u00e9bano de radio compuesto facilita el riff de fuego r\u00e1pido y los cables abrasadores.El dise\u00f1o de cuello fijo agrega un sostenido impresionante a su tono y el tal\u00f3n del m\u00e1stil de acceso ultra garantiza la m\u00e1xima accesibilidad al diapas\u00f3n. El puente humbucker Apocalypse-VI te brinda un tono equilibrado y agresivo. La pastilla Sustainiac en la posici\u00f3n del m\u00e1stil brinda un sostenido casi infinito y una retroalimentaci\u00f3n densa. El Sistema de tr\u00e9molo de doble bloqueo Floyd Rose 1500 exclusivo de Schecter y su llamativo hardware negro satinado con incrustaciones de n\u00fameros romanos en el diapas\u00f3n y marcadores de puntos laterales Luminlay que brillan en la oscuridad.\" \/>\n<meta property=\"og:url\" content=\"https:\/\/www.mexicanguitarplayers.com\/en\/tienda\/sin categor\u00eda\/guitarra-schecter-elect-mod-avenger-fr-s\/\" \/>\n<meta property=\"og:site_name\" content=\"Mexican Guitar Players\" \/>\n<meta name=\"twitter:card\" content=\"summary_large_image\" \/>\n<meta name=\"twitter:label1\" content=\"Est. reading time\" \/>\n\t<meta name=\"twitter:data1\" content=\"1 minute\" \/>\n<script type=\"application\/ld+json\" class=\"yoast-schema-graph\">{\"@context\":\"https:\\\/\\\/schema.org\",\"@graph\":[{\"@type\":[\"WebPage\",\"ItemPage\"],\"@id\":\"https:\\\/\\\/www.mexicanguitarplayers.com\\\/tienda\\\/sin categor\u00eda\\\/guitarra-schecter-elect-mod-avenger-fr-s\\\/\",\"url\":\"https:\\\/\\\/www.mexicanguitarplayers.com\\\/tienda\\\/sin categor\u00eda\\\/guitarra-schecter-elect-mod-avenger-fr-s\\\/\",\"name\":\"GUITARRA SCHECTER ELECT. MOD. AVENGER FR-S - Mexican Guitar Players\",\"isPartOf\":{\"@id\":\"https:\\\/\\\/www.mexicanguitarplayers.com\\\/#website\"},\"primaryImageOfPage\":{\"@id\":\"https:\\\/\\\/www.mexicanguitarplayers.com\\\/tienda\\\/sin categor\u00eda\\\/guitarra-schecter-elect-mod-avenger-fr-s\\\/#primaryimage\"},\"image\":{\"@id\":\"https:\\\/\\\/www.mexicanguitarplayers.com\\\/tienda\\\/sin categor\u00eda\\\/guitarra-schecter-elect-mod-avenger-fr-s\\\/#primaryimage\"},\"thumbnailUrl\":\"https:\\\/\\\/www.mexicanguitarplayers.com\\\/wp-content\\\/uploads\\\/2025\\\/04\\\/ISSCCAVENGERFS.jpg\",\"datePublished\":\"2025-04-09T13:10:35+00:00\",\"description\":\"Guitarra el\u00e9ctrica SCHECTER AVENGER FR-S APOCALYPSE es una guitarra de cuerpo el\u00e9ctrico de fresno de pantano resonante hecho para estilos de juego modernos. Construida con m\u00e1stil multicapa reforzado con fibra de carbono que cuenta con una c\u00f3moda forma de C fina y diapas\u00f3n de \u00e9bano de radio compuesto facilita el riff de fuego r\u00e1pido y los cables abrasadores.El dise\u00f1o de cuello fijo agrega un sostenido impresionante a su tono y el tal\u00f3n del m\u00e1stil de acceso ultra garantiza la m\u00e1xima accesibilidad al diapas\u00f3n. El puente humbucker Apocalypse-VI te brinda un tono equilibrado y agresivo. La pastilla Sustainiac en la posici\u00f3n del m\u00e1stil brinda un sostenido casi infinito y una retroalimentaci\u00f3n densa. El Sistema de tr\u00e9molo de doble bloqueo Floyd Rose 1500 exclusivo de Schecter y su llamativo hardware negro satinado con incrustaciones de n\u00fameros romanos en el diapas\u00f3n y marcadores de puntos laterales Luminlay que brillan en la oscuridad.\",\"breadcrumb\":{\"@id\":\"https:\\\/\\\/www.mexicanguitarplayers.com\\\/tienda\\\/sin categor\u00eda\\\/guitarra-schecter-elect-mod-avenger-fr-s\\\/#breadcrumb\"},\"inLanguage\":\"en-US\",\"potentialAction\":[{\"@type\":\"ReadAction\",\"target\":[\"https:\\\/\\\/www.mexicanguitarplayers.com\\\/tienda\\\/sin categor\u00eda\\\/guitarra-schecter-elect-mod-avenger-fr-s\\\/\"]}]},{\"@type\":\"ImageObject\",\"inLanguage\":\"en-US\",\"@id\":\"https:\\\/\\\/www.mexicanguitarplayers.com\\\/tienda\\\/sin categor\u00eda\\\/guitarra-schecter-elect-mod-avenger-fr-s\\\/#primaryimage\",\"url\":\"https:\\\/\\\/www.mexicanguitarplayers.com\\\/wp-content\\\/uploads\\\/2025\\\/04\\\/ISSCCAVENGERFS.jpg\",\"contentUrl\":\"https:\\\/\\\/www.mexicanguitarplayers.com\\\/wp-content\\\/uploads\\\/2025\\\/04\\\/ISSCCAVENGERFS.jpg\",\"width\":800,\"height\":1600},{\"@type\":\"BreadcrumbList\",\"@id\":\"https:\\\/\\\/www.mexicanguitarplayers.com\\\/tienda\\\/sin categor\u00eda\\\/guitarra-schecter-elect-mod-avenger-fr-s\\\/#breadcrumb\",\"itemListElement\":[{\"@type\":\"ListItem\",\"position\":1,\"name\":\"Portada\",\"item\":\"https:\\\/\\\/www.mexicanguitarplayers.com\\\/\"},{\"@type\":\"ListItem\",\"position\":2,\"name\":\"Tienda\",\"item\":\"https:\\\/\\\/www.mexicanguitarplayers.com\\\/tienda\\\/\"},{\"@type\":\"ListItem\",\"position\":3,\"name\":\"GUITARRA SCHECTER ELECT. MOD. AVENGER FR-S\"}]},{\"@type\":\"WebSite\",\"@id\":\"https:\\\/\\\/www.mexicanguitarplayers.com\\\/#website\",\"url\":\"https:\\\/\\\/www.mexicanguitarplayers.com\\\/\",\"name\":\"Mexican Guitar Players\",\"description\":\"Website\",\"publisher\":{\"@id\":\"https:\\\/\\\/www.mexicanguitarplayers.com\\\/#organization\"},\"potentialAction\":[{\"@type\":\"SearchAction\",\"target\":{\"@type\":\"EntryPoint\",\"urlTemplate\":\"https:\\\/\\\/www.mexicanguitarplayers.com\\\/?s={search_term_string}\"},\"query-input\":{\"@type\":\"PropertyValueSpecification\",\"valueRequired\":true,\"valueName\":\"search_term_string\"}}],\"inLanguage\":\"en-US\"},{\"@type\":\"Organization\",\"@id\":\"https:\\\/\\\/www.mexicanguitarplayers.com\\\/#organization\",\"name\":\"Mexican Guitar Players\",\"url\":\"https:\\\/\\\/www.mexicanguitarplayers.com\\\/\",\"logo\":{\"@type\":\"ImageObject\",\"inLanguage\":\"en-US\",\"@id\":\"https:\\\/\\\/www.mexicanguitarplayers.com\\\/#\\\/schema\\\/logo\\\/image\\\/\",\"url\":\"\",\"contentUrl\":\"\",\"caption\":\"Mexican Guitar Players\"},\"image\":{\"@id\":\"https:\\\/\\\/www.mexicanguitarplayers.com\\\/#\\\/schema\\\/logo\\\/image\\\/\"}}]}<\/script>\n<!-- \/ Yoast SEO plugin. -->","yoast_head_json":{"title":"GUITARRA SCHECTER ELECT. MOD. AVENGER FR-S - Mexican Guitar Players","description":"Guitarra el\u00e9ctrica SCHECTER AVENGER FR-S APOCALYPSE es una guitarra de cuerpo el\u00e9ctrico de fresno de pantano resonante hecho para estilos de juego modernos. Construida con m\u00e1stil multicapa reforzado con fibra de carbono que cuenta con una c\u00f3moda forma de C fina y diapas\u00f3n de \u00e9bano de radio compuesto facilita el riff de fuego r\u00e1pido y los cables abrasadores.El dise\u00f1o de cuello fijo agrega un sostenido impresionante a su tono y el tal\u00f3n del m\u00e1stil de acceso ultra garantiza la m\u00e1xima accesibilidad al diapas\u00f3n. El puente humbucker Apocalypse-VI te brinda un tono equilibrado y agresivo. La pastilla Sustainiac en la posici\u00f3n del m\u00e1stil brinda un sostenido casi infinito y una retroalimentaci\u00f3n densa. El Sistema de tr\u00e9molo de doble bloqueo Floyd Rose 1500 exclusivo de Schecter y su llamativo hardware negro satinado con incrustaciones de n\u00fameros romanos en el diapas\u00f3n y marcadores de puntos laterales Luminlay que brillan en la oscuridad.","robots":{"index":"index","follow":"follow","max-snippet":"max-snippet:-1","max-image-preview":"max-image-preview:large","max-video-preview":"max-video-preview:-1"},"canonical":"https:\/\/www.mexicanguitarplayers.com\/en\/tienda\/sin categor\u00eda\/guitarra-schecter-elect-mod-avenger-fr-s\/","og_locale":"en_US","og_type":"article","og_title":"GUITARRA SCHECTER ELECT. MOD. AVENGER FR-S - Mexican Guitar Players","og_description":"Guitarra el\u00e9ctrica SCHECTER AVENGER FR-S APOCALYPSE es una guitarra de cuerpo el\u00e9ctrico de fresno de pantano resonante hecho para estilos de juego modernos. Construida con m\u00e1stil multicapa reforzado con fibra de carbono que cuenta con una c\u00f3moda forma de C fina y diapas\u00f3n de \u00e9bano de radio compuesto facilita el riff de fuego r\u00e1pido y los cables abrasadores.El dise\u00f1o de cuello fijo agrega un sostenido impresionante a su tono y el tal\u00f3n del m\u00e1stil de acceso ultra garantiza la m\u00e1xima accesibilidad al diapas\u00f3n. El puente humbucker Apocalypse-VI te brinda un tono equilibrado y agresivo. La pastilla Sustainiac en la posici\u00f3n del m\u00e1stil brinda un sostenido casi infinito y una retroalimentaci\u00f3n densa. El Sistema de tr\u00e9molo de doble bloqueo Floyd Rose 1500 exclusivo de Schecter y su llamativo hardware negro satinado con incrustaciones de n\u00fameros romanos en el diapas\u00f3n y marcadores de puntos laterales Luminlay que brillan en la oscuridad.","og_url":"https:\/\/www.mexicanguitarplayers.com\/en\/tienda\/sin categor\u00eda\/guitarra-schecter-elect-mod-avenger-fr-s\/","og_site_name":"Mexican Guitar Players","twitter_card":"summary_large_image","twitter_misc":{"Est. reading time":"1 minute"},"schema":{"@context":"https:\/\/schema.org","@graph":[{"@type":["WebPage","ItemPage"],"@id":"https:\/\/www.mexicanguitarplayers.com\/tienda\/sin categor\u00eda\/guitarra-schecter-elect-mod-avenger-fr-s\/","url":"https:\/\/www.mexicanguitarplayers.com\/tienda\/sin categor\u00eda\/guitarra-schecter-elect-mod-avenger-fr-s\/","name":"GUITARRA SCHECTER ELECT. MOD. AVENGER FR-S - Mexican Guitar Players","isPartOf":{"@id":"https:\/\/www.mexicanguitarplayers.com\/#website"},"primaryImageOfPage":{"@id":"https:\/\/www.mexicanguitarplayers.com\/tienda\/sin categor\u00eda\/guitarra-schecter-elect-mod-avenger-fr-s\/#primaryimage"},"image":{"@id":"https:\/\/www.mexicanguitarplayers.com\/tienda\/sin categor\u00eda\/guitarra-schecter-elect-mod-avenger-fr-s\/#primaryimage"},"thumbnailUrl":"https:\/\/www.mexicanguitarplayers.com\/wp-content\/uploads\/2025\/04\/ISSCCAVENGERFS.jpg","datePublished":"2025-04-09T13:10:35+00:00","description":"Guitarra el\u00e9ctrica SCHECTER AVENGER FR-S APOCALYPSE es una guitarra de cuerpo el\u00e9ctrico de fresno de pantano resonante hecho para estilos de juego modernos. Construida con m\u00e1stil multicapa reforzado con fibra de carbono que cuenta con una c\u00f3moda forma de C fina y diapas\u00f3n de \u00e9bano de radio compuesto facilita el riff de fuego r\u00e1pido y los cables abrasadores.El dise\u00f1o de cuello fijo agrega un sostenido impresionante a su tono y el tal\u00f3n del m\u00e1stil de acceso ultra garantiza la m\u00e1xima accesibilidad al diapas\u00f3n. El puente humbucker Apocalypse-VI te brinda un tono equilibrado y agresivo. La pastilla Sustainiac en la posici\u00f3n del m\u00e1stil brinda un sostenido casi infinito y una retroalimentaci\u00f3n densa. El Sistema de tr\u00e9molo de doble bloqueo Floyd Rose 1500 exclusivo de Schecter y su llamativo hardware negro satinado con incrustaciones de n\u00fameros romanos en el diapas\u00f3n y marcadores de puntos laterales Luminlay que brillan en la oscuridad.","breadcrumb":{"@id":"https:\/\/www.mexicanguitarplayers.com\/tienda\/sin categor\u00eda\/guitarra-schecter-elect-mod-avenger-fr-s\/#breadcrumb"},"inLanguage":"en-US","potentialAction":[{"@type":"ReadAction","target":["https:\/\/www.mexicanguitarplayers.com\/tienda\/sin categor\u00eda\/guitarra-schecter-elect-mod-avenger-fr-s\/"]}]},{"@type":"ImageObject","inLanguage":"en-US","@id":"https:\/\/www.mexicanguitarplayers.com\/tienda\/sin categor\u00eda\/guitarra-schecter-elect-mod-avenger-fr-s\/#primaryimage","url":"https:\/\/www.mexicanguitarplayers.com\/wp-content\/uploads\/2025\/04\/ISSCCAVENGERFS.jpg","contentUrl":"https:\/\/www.mexicanguitarplayers.com\/wp-content\/uploads\/2025\/04\/ISSCCAVENGERFS.jpg","width":800,"height":1600},{"@type":"BreadcrumbList","@id":"https:\/\/www.mexicanguitarplayers.com\/tienda\/sin categor\u00eda\/guitarra-schecter-elect-mod-avenger-fr-s\/#breadcrumb","itemListElement":[{"@type":"ListItem","position":1,"name":"Portada","item":"https:\/\/www.mexicanguitarplayers.com\/"},{"@type":"ListItem","position":2,"name":"Tienda","item":"https:\/\/www.mexicanguitarplayers.com\/tienda\/"},{"@type":"ListItem","position":3,"name":"GUITARRA SCHECTER ELECT. MOD. AVENGER FR-S"}]},{"@type":"WebSite","@id":"https:\/\/www.mexicanguitarplayers.com\/#website","url":"https:\/\/www.mexicanguitarplayers.com\/","name":"Mexican Guitar Players","description":"Website","publisher":{"@id":"https:\/\/www.mexicanguitarplayers.com\/#organization"},"potentialAction":[{"@type":"SearchAction","target":{"@type":"EntryPoint","urlTemplate":"https:\/\/www.mexicanguitarplayers.com\/?s={search_term_string}"},"query-input":{"@type":"PropertyValueSpecification","valueRequired":true,"valueName":"search_term_string"}}],"inLanguage":"en-US"},{"@type":"Organization","@id":"https:\/\/www.mexicanguitarplayers.com\/#organization","name":"Mexican Guitar Players","url":"https:\/\/www.mexicanguitarplayers.com\/","logo":{"@type":"ImageObject","inLanguage":"en-US","@id":"https:\/\/www.mexicanguitarplayers.com\/#\/schema\/logo\/image\/","url":"","contentUrl":"","caption":"Mexican Guitar Players"},"image":{"@id":"https:\/\/www.mexicanguitarplayers.com\/#\/schema\/logo\/image\/"}}]}},"brands":[{"id":175,"name":"SCHECTER","slug":"schecter"}],"_links":{"self":[{"href":"https:\/\/www.mexicanguitarplayers.com\/en\/wp-json\/wp\/v2\/product\/40584","targetHints":{"allow":["GET"]}}],"collection":[{"href":"https:\/\/www.mexicanguitarplayers.com\/en\/wp-json\/wp\/v2\/product"}],"about":[{"href":"https:\/\/www.mexicanguitarplayers.com\/en\/wp-json\/wp\/v2\/types\/product"}],"replies":[{"embeddable":true,"href":"https:\/\/www.mexicanguitarplayers.com\/en\/wp-json\/wp\/v2\/comments?post=40584"}],"wp:featuredmedia":[{"embeddable":true,"href":"https:\/\/www.mexicanguitarplayers.com\/en\/wp-json\/wp\/v2\/media\/40573"}],"wp:attachment":[{"href":"https:\/\/www.mexicanguitarplayers.com\/en\/wp-json\/wp\/v2\/media?parent=40584"}],"wp:term":[{"taxonomy":"pwb-brand","embeddable":true,"href":"https:\/\/www.mexicanguitarplayers.com\/en\/wp-json\/wp\/v2\/pwb-brand?post=40584"},{"taxonomy":"product_brand","embeddable":true,"href":"https:\/\/www.mexicanguitarplayers.com\/en\/wp-json\/wp\/v2\/product_brand?post=40584"},{"taxonomy":"product_cat","embeddable":true,"href":"https:\/\/www.mexicanguitarplayers.com\/en\/wp-json\/wp\/v2\/product_cat?post=40584"},{"taxonomy":"product_tag","embeddable":true,"href":"https:\/\/www.mexicanguitarplayers.com\/en\/wp-json\/wp\/v2\/product_tag?post=40584"}],"curies":[{"name":"wp","href":"https:\/\/api.w.org\/{rel}","templated":true}]}}