{"id":40591,"date":"2025-04-09T07:10:43","date_gmt":"2025-04-09T13:10:43","guid":{"rendered":"https:\/\/www.mexicanguitarplayers.com\/tienda\/sin categor\u00eda\/bajo-washburn-electrico-xb125\/"},"modified":"2026-04-10T04:19:39","modified_gmt":"2026-04-10T10:19:39","slug":"bajo-washburn-electrico-xb125","status":"publish","type":"product","link":"https:\/\/www.mexicanguitarplayers.com\/en\/tienda\/cuerdas\/bajos\/electricos\/electricos-activos\/bajo-washburn-electrico-xb125\/","title":{"rendered":"BAJO WASHBURN ELECTRICO XB125"},"content":{"rendered":"<div style=\"text-align: justify\">\n<div>\n<h3>Ergonom\u00eda y versatilidad&#8230;<\/h3>\n<\/div>\n<div>Washburn fabrica guitarras el\u00e9ctricas, guitarras ac\u00fasticas, bajos el\u00e9ctricos, bajos ac\u00fasticos, banjos, mandolinas, guitarras de viaje, y amplificadores. Washburn ha ido ganando mucho reconocimiento en los \u00faltimos a\u00f1os, especialmente en el metal extremo, el hardcore punk y las escenas post-rock.ha fabricado y dise\u00f1ado guitarras el\u00e9ctricas, ac\u00fasticas y bajos y ha sido la marca favorita de guitarristas como Dimebag Darrell, Scott Ian, Jennifer Batten, Nuno Bettencourt, Stu Hamm, Paul Stanley y muchos m\u00e1s\u2026 Serie de bajos XB, bajos s\u00faper c\u00f3modos por su dise\u00f1o con descanso para el antebrazo (desvanecido en el XB100). Gran versatilidad por su configuraci\u00f3n electr\u00f3nica lo que lo hace ideal para todo tipo de m\u00fasica, desde el Pop, rock, jazz, funk y m\u00fasica vers\u00e1til. Un bajo para toda a vida\u2026<\/div>\n<div>\n<h4>Quick look<\/h4>\n<\/div>\n<ul style=\"margin: 0px 0px 0px 25px\">\n<li style=\"list-style-type: circle;margin: 5px\">Descanso para el antebrazo<\/li>\n<li style=\"list-style-type: circle;margin: 5px\">Cuerpo de Alder<\/li>\n<li style=\"list-style-type: circle;margin: 5px\">Maquinarias Diecast Grover<\/li>\n<\/ul>\n<div>\n<div style=\"font-weight: bold\">Descanso para el antebrazo<\/div>\n<div>\n<p>Bajo s\u00faper c\u00f3modo, ideal para esos shows largos<\/p>\n<\/div>\n<div style=\"font-weight: bold\">Cuerpo de Alder<\/div>\n<div>\n<p>El Alder es un tipo de madera con grandes ventajas ac\u00fasticas<\/p>\n<\/div>\n<div style=\"font-weight: bold\">Maquinarias Diecast Grover<\/div>\n<div>\n<p>Al ser de acero forjado, estas maquinarias son practicamente indestructibles. Grover fabrica maquinarias finas para los mejores instrumentos de cuerda.<\/p>\n<\/div>\n<\/div>\n<div>\n<h4>Characteristics<\/h4>\n<\/div>\n<div>\n<ul style=\"margin: 0px 0px 0px 25px\">\n<li style=\"list-style-type: circle;margin: 5px\">20 trastes<\/li>\n<li style=\"list-style-type: circle;margin: 5px\">Soapbars activos Washburn<\/li>\n<li style=\"list-style-type: circle;margin: 5px\">Puente Stop-tail<\/li>\n<\/ul>\n<\/div>\n<\/div>","protected":false},"excerpt":{"rendered":"<p>Bajo Washburn AXB125, cuerpo de Alder, escala de 864 mm,20 trastes, bolt on, brazo de maple, radio400 mm, diapas\u00f3n de palo de rosa, activo, 2 pickups soapbar, volumen, tono, switch de 3 posiciones, puente hardail.&hellip; <a class=\"kt-excerpt-readmore more-link\" href=\"https:\/\/www.mexicanguitarplayers.com\/en\/tienda\/cuerdas\/bajos\/electricos\/electricos-activos\/bajo-washburn-electrico-xb125\/\">Read more<\/a><\/p>","protected":false},"featured_media":40590,"comment_status":"open","ping_status":"closed","template":"","meta":{"kt_blocks_editor_width":""},"pwb-brand":[178],"product_brand":[],"product_cat":[317,224,318,326],"product_tag":[],"class_list":{"0":"post-40591","1":"product","2":"type-product","3":"status-publish","4":"has-post-thumbnail","6":"pwb-brand-washburn","7":"product_cat-bajos","8":"product_cat-cuerdas","9":"product_cat-electricos","10":"product_cat-electricos-activos","11":"product_shipping_class-0-5-kg","13":"first","14":"outofstock","15":"taxable","16":"shipping-taxable","17":"purchasable","18":"product-type-simple"},"yoast_head":"<!-- This site is optimized with the Yoast SEO plugin v27.6 - https:\/\/yoast.com\/product\/yoast-seo-wordpress\/ -->\n<title>BAJO WASHBURN ELECTRICO XB125 - Mexican Guitar Players<\/title>\n<meta name=\"description\" content=\"Bajo Washburn AXB125, cuerpo de Alder, escala de 864 mm,20 trastes, bolt on, brazo de maple, radio400 mm, diapas\u00f3n de palo de rosa, activo, 2 pickups soapbar, volumen, tono, switch de 3 posiciones, puente hardail.\" \/>\n<meta name=\"robots\" content=\"index, follow, max-snippet:-1, max-image-preview:large, max-video-preview:-1\" \/>\n<link rel=\"canonical\" href=\"https:\/\/www.mexicanguitarplayers.com\/en\/tienda\/sin%20categor\u00eda\/bajo-washburn-electrico-xb125\/\" \/>\n<meta property=\"og:locale\" content=\"en_US\" \/>\n<meta property=\"og:type\" content=\"article\" \/>\n<meta property=\"og:title\" content=\"BAJO WASHBURN ELECTRICO XB125 - Mexican Guitar Players\" \/>\n<meta property=\"og:description\" content=\"Bajo Washburn AXB125, cuerpo de Alder, escala de 864 mm,20 trastes, bolt on, brazo de maple, radio400 mm, diapas\u00f3n de palo de rosa, activo, 2 pickups soapbar, volumen, tono, switch de 3 posiciones, puente hardail.\" \/>\n<meta property=\"og:url\" content=\"https:\/\/www.mexicanguitarplayers.com\/en\/tienda\/sin categor\u00eda\/bajo-washburn-electrico-xb125\/\" \/>\n<meta property=\"og:site_name\" content=\"Mexican Guitar Players\" \/>\n<meta property=\"article:modified_time\" content=\"2026-04-10T10:19:39+00:00\" \/>\n<meta name=\"twitter:card\" content=\"summary_large_image\" \/>\n<meta name=\"twitter:label1\" content=\"Est. reading time\" \/>\n\t<meta name=\"twitter:data1\" content=\"1 minute\" \/>\n<script type=\"application\/ld+json\" class=\"yoast-schema-graph\">{\"@context\":\"https:\\\/\\\/schema.org\",\"@graph\":[{\"@type\":[\"WebPage\",\"ItemPage\"],\"@id\":\"https:\\\/\\\/www.mexicanguitarplayers.com\\\/tienda\\\/sin categor\u00eda\\\/bajo-washburn-electrico-xb125\\\/\",\"url\":\"https:\\\/\\\/www.mexicanguitarplayers.com\\\/tienda\\\/sin categor\u00eda\\\/bajo-washburn-electrico-xb125\\\/\",\"name\":\"BAJO WASHBURN ELECTRICO XB125 - Mexican Guitar Players\",\"isPartOf\":{\"@id\":\"https:\\\/\\\/www.mexicanguitarplayers.com\\\/#website\"},\"primaryImageOfPage\":{\"@id\":\"https:\\\/\\\/www.mexicanguitarplayers.com\\\/tienda\\\/sin categor\u00eda\\\/bajo-washburn-electrico-xb125\\\/#primaryimage\"},\"image\":{\"@id\":\"https:\\\/\\\/www.mexicanguitarplayers.com\\\/tienda\\\/sin categor\u00eda\\\/bajo-washburn-electrico-xb125\\\/#primaryimage\"},\"thumbnailUrl\":\"https:\\\/\\\/www.mexicanguitarplayers.com\\\/wp-content\\\/uploads\\\/2025\\\/04\\\/ISWASXB125.jpg\",\"datePublished\":\"2025-04-09T13:10:43+00:00\",\"dateModified\":\"2026-04-10T10:19:39+00:00\",\"description\":\"Bajo Washburn AXB125, cuerpo de Alder, escala de 864 mm,20 trastes, bolt on, brazo de maple, radio400 mm, diapas\u00f3n de palo de rosa, activo, 2 pickups soapbar, volumen, tono, switch de 3 posiciones, puente hardail.\",\"breadcrumb\":{\"@id\":\"https:\\\/\\\/www.mexicanguitarplayers.com\\\/tienda\\\/sin categor\u00eda\\\/bajo-washburn-electrico-xb125\\\/#breadcrumb\"},\"inLanguage\":\"en-US\",\"potentialAction\":[{\"@type\":\"ReadAction\",\"target\":[\"https:\\\/\\\/www.mexicanguitarplayers.com\\\/tienda\\\/sin categor\u00eda\\\/bajo-washburn-electrico-xb125\\\/\"]}]},{\"@type\":\"ImageObject\",\"inLanguage\":\"en-US\",\"@id\":\"https:\\\/\\\/www.mexicanguitarplayers.com\\\/tienda\\\/sin categor\u00eda\\\/bajo-washburn-electrico-xb125\\\/#primaryimage\",\"url\":\"https:\\\/\\\/www.mexicanguitarplayers.com\\\/wp-content\\\/uploads\\\/2025\\\/04\\\/ISWASXB125.jpg\",\"contentUrl\":\"https:\\\/\\\/www.mexicanguitarplayers.com\\\/wp-content\\\/uploads\\\/2025\\\/04\\\/ISWASXB125.jpg\",\"width\":300,\"height\":300},{\"@type\":\"BreadcrumbList\",\"@id\":\"https:\\\/\\\/www.mexicanguitarplayers.com\\\/tienda\\\/sin categor\u00eda\\\/bajo-washburn-electrico-xb125\\\/#breadcrumb\",\"itemListElement\":[{\"@type\":\"ListItem\",\"position\":1,\"name\":\"Portada\",\"item\":\"https:\\\/\\\/www.mexicanguitarplayers.com\\\/\"},{\"@type\":\"ListItem\",\"position\":2,\"name\":\"Tienda\",\"item\":\"https:\\\/\\\/www.mexicanguitarplayers.com\\\/tienda\\\/\"},{\"@type\":\"ListItem\",\"position\":3,\"name\":\"BAJO WASHBURN ELECTRICO XB125\"}]},{\"@type\":\"WebSite\",\"@id\":\"https:\\\/\\\/www.mexicanguitarplayers.com\\\/#website\",\"url\":\"https:\\\/\\\/www.mexicanguitarplayers.com\\\/\",\"name\":\"Mexican Guitar Players\",\"description\":\"Website\",\"publisher\":{\"@id\":\"https:\\\/\\\/www.mexicanguitarplayers.com\\\/#organization\"},\"potentialAction\":[{\"@type\":\"SearchAction\",\"target\":{\"@type\":\"EntryPoint\",\"urlTemplate\":\"https:\\\/\\\/www.mexicanguitarplayers.com\\\/?s={search_term_string}\"},\"query-input\":{\"@type\":\"PropertyValueSpecification\",\"valueRequired\":true,\"valueName\":\"search_term_string\"}}],\"inLanguage\":\"en-US\"},{\"@type\":\"Organization\",\"@id\":\"https:\\\/\\\/www.mexicanguitarplayers.com\\\/#organization\",\"name\":\"Mexican Guitar Players\",\"url\":\"https:\\\/\\\/www.mexicanguitarplayers.com\\\/\",\"logo\":{\"@type\":\"ImageObject\",\"inLanguage\":\"en-US\",\"@id\":\"https:\\\/\\\/www.mexicanguitarplayers.com\\\/#\\\/schema\\\/logo\\\/image\\\/\",\"url\":\"\",\"contentUrl\":\"\",\"caption\":\"Mexican Guitar Players\"},\"image\":{\"@id\":\"https:\\\/\\\/www.mexicanguitarplayers.com\\\/#\\\/schema\\\/logo\\\/image\\\/\"}}]}<\/script>\n<!-- \/ Yoast SEO plugin. -->","yoast_head_json":{"title":"BAJO WASHBURN ELECTRICO XB125 - Mexican Guitar Players","description":"Bajo Washburn AXB125, cuerpo de Alder, escala de 864 mm,20 trastes, bolt on, brazo de maple, radio400 mm, diapas\u00f3n de palo de rosa, activo, 2 pickups soapbar, volumen, tono, switch de 3 posiciones, puente hardail.","robots":{"index":"index","follow":"follow","max-snippet":"max-snippet:-1","max-image-preview":"max-image-preview:large","max-video-preview":"max-video-preview:-1"},"canonical":"https:\/\/www.mexicanguitarplayers.com\/en\/tienda\/sin categor\u00eda\/bajo-washburn-electrico-xb125\/","og_locale":"en_US","og_type":"article","og_title":"BAJO WASHBURN ELECTRICO XB125 - Mexican Guitar Players","og_description":"Bajo Washburn AXB125, cuerpo de Alder, escala de 864 mm,20 trastes, bolt on, brazo de maple, radio400 mm, diapas\u00f3n de palo de rosa, activo, 2 pickups soapbar, volumen, tono, switch de 3 posiciones, puente hardail.","og_url":"https:\/\/www.mexicanguitarplayers.com\/en\/tienda\/sin categor\u00eda\/bajo-washburn-electrico-xb125\/","og_site_name":"Mexican Guitar Players","article_modified_time":"2026-04-10T10:19:39+00:00","twitter_card":"summary_large_image","twitter_misc":{"Est. reading time":"1 minute"},"schema":{"@context":"https:\/\/schema.org","@graph":[{"@type":["WebPage","ItemPage"],"@id":"https:\/\/www.mexicanguitarplayers.com\/tienda\/sin categor\u00eda\/bajo-washburn-electrico-xb125\/","url":"https:\/\/www.mexicanguitarplayers.com\/tienda\/sin categor\u00eda\/bajo-washburn-electrico-xb125\/","name":"BAJO WASHBURN ELECTRICO XB125 - Mexican Guitar Players","isPartOf":{"@id":"https:\/\/www.mexicanguitarplayers.com\/#website"},"primaryImageOfPage":{"@id":"https:\/\/www.mexicanguitarplayers.com\/tienda\/sin categor\u00eda\/bajo-washburn-electrico-xb125\/#primaryimage"},"image":{"@id":"https:\/\/www.mexicanguitarplayers.com\/tienda\/sin categor\u00eda\/bajo-washburn-electrico-xb125\/#primaryimage"},"thumbnailUrl":"https:\/\/www.mexicanguitarplayers.com\/wp-content\/uploads\/2025\/04\/ISWASXB125.jpg","datePublished":"2025-04-09T13:10:43+00:00","dateModified":"2026-04-10T10:19:39+00:00","description":"Bajo Washburn AXB125, cuerpo de Alder, escala de 864 mm,20 trastes, bolt on, brazo de maple, radio400 mm, diapas\u00f3n de palo de rosa, activo, 2 pickups soapbar, volumen, tono, switch de 3 posiciones, puente hardail.","breadcrumb":{"@id":"https:\/\/www.mexicanguitarplayers.com\/tienda\/sin categor\u00eda\/bajo-washburn-electrico-xb125\/#breadcrumb"},"inLanguage":"en-US","potentialAction":[{"@type":"ReadAction","target":["https:\/\/www.mexicanguitarplayers.com\/tienda\/sin categor\u00eda\/bajo-washburn-electrico-xb125\/"]}]},{"@type":"ImageObject","inLanguage":"en-US","@id":"https:\/\/www.mexicanguitarplayers.com\/tienda\/sin categor\u00eda\/bajo-washburn-electrico-xb125\/#primaryimage","url":"https:\/\/www.mexicanguitarplayers.com\/wp-content\/uploads\/2025\/04\/ISWASXB125.jpg","contentUrl":"https:\/\/www.mexicanguitarplayers.com\/wp-content\/uploads\/2025\/04\/ISWASXB125.jpg","width":300,"height":300},{"@type":"BreadcrumbList","@id":"https:\/\/www.mexicanguitarplayers.com\/tienda\/sin categor\u00eda\/bajo-washburn-electrico-xb125\/#breadcrumb","itemListElement":[{"@type":"ListItem","position":1,"name":"Portada","item":"https:\/\/www.mexicanguitarplayers.com\/"},{"@type":"ListItem","position":2,"name":"Tienda","item":"https:\/\/www.mexicanguitarplayers.com\/tienda\/"},{"@type":"ListItem","position":3,"name":"BAJO WASHBURN ELECTRICO XB125"}]},{"@type":"WebSite","@id":"https:\/\/www.mexicanguitarplayers.com\/#website","url":"https:\/\/www.mexicanguitarplayers.com\/","name":"Mexican Guitar Players","description":"Website","publisher":{"@id":"https:\/\/www.mexicanguitarplayers.com\/#organization"},"potentialAction":[{"@type":"SearchAction","target":{"@type":"EntryPoint","urlTemplate":"https:\/\/www.mexicanguitarplayers.com\/?s={search_term_string}"},"query-input":{"@type":"PropertyValueSpecification","valueRequired":true,"valueName":"search_term_string"}}],"inLanguage":"en-US"},{"@type":"Organization","@id":"https:\/\/www.mexicanguitarplayers.com\/#organization","name":"Mexican Guitar Players","url":"https:\/\/www.mexicanguitarplayers.com\/","logo":{"@type":"ImageObject","inLanguage":"en-US","@id":"https:\/\/www.mexicanguitarplayers.com\/#\/schema\/logo\/image\/","url":"","contentUrl":"","caption":"Mexican Guitar Players"},"image":{"@id":"https:\/\/www.mexicanguitarplayers.com\/#\/schema\/logo\/image\/"}}]}},"brands":[{"id":178,"name":"WASHBURN","slug":"washburn"}],"_links":{"self":[{"href":"https:\/\/www.mexicanguitarplayers.com\/en\/wp-json\/wp\/v2\/product\/40591","targetHints":{"allow":["GET"]}}],"collection":[{"href":"https:\/\/www.mexicanguitarplayers.com\/en\/wp-json\/wp\/v2\/product"}],"about":[{"href":"https:\/\/www.mexicanguitarplayers.com\/en\/wp-json\/wp\/v2\/types\/product"}],"replies":[{"embeddable":true,"href":"https:\/\/www.mexicanguitarplayers.com\/en\/wp-json\/wp\/v2\/comments?post=40591"}],"wp:featuredmedia":[{"embeddable":true,"href":"https:\/\/www.mexicanguitarplayers.com\/en\/wp-json\/wp\/v2\/media\/40590"}],"wp:attachment":[{"href":"https:\/\/www.mexicanguitarplayers.com\/en\/wp-json\/wp\/v2\/media?parent=40591"}],"wp:term":[{"taxonomy":"pwb-brand","embeddable":true,"href":"https:\/\/www.mexicanguitarplayers.com\/en\/wp-json\/wp\/v2\/pwb-brand?post=40591"},{"taxonomy":"product_brand","embeddable":true,"href":"https:\/\/www.mexicanguitarplayers.com\/en\/wp-json\/wp\/v2\/product_brand?post=40591"},{"taxonomy":"product_cat","embeddable":true,"href":"https:\/\/www.mexicanguitarplayers.com\/en\/wp-json\/wp\/v2\/product_cat?post=40591"},{"taxonomy":"product_tag","embeddable":true,"href":"https:\/\/www.mexicanguitarplayers.com\/en\/wp-json\/wp\/v2\/product_tag?post=40591"}],"curies":[{"name":"wp","href":"https:\/\/api.w.org\/{rel}","templated":true}]}}