{"id":40599,"date":"2025-04-09T07:10:55","date_gmt":"2025-04-09T13:10:55","guid":{"rendered":"https:\/\/www.mexicanguitarplayers.com\/tienda\/sin categor\u00eda\/bafle-ashdown-p-bajo-mod-rm-115t-evo\/"},"modified":"2026-04-10T04:19:39","modified_gmt":"2026-04-10T10:19:39","slug":"bafle-ashdown-p-bajo-mod-rm-115t-evo","status":"publish","type":"product","link":"https:\/\/www.mexicanguitarplayers.com\/en\/tienda\/cuerdas\/bafles-cuerdas\/bafles-para-bajo\/bafle-ashdown-p-bajo-mod-rm-115t-evo\/","title":{"rendered":"BAFLE ASHDOWN P\/BAJO MOD. RM-115T-EVO"},"content":{"rendered":"<div style=\"text-align: justify\">\n<div>\n<h3>Gran sonido con poco peso.<\/h3>\n<\/div>\n<div>El bafle Rootmaster EVO 115T de Ashdown lanza 300 watts de potencia a 8 ohms de profundos graves a trav\u00e9s de su altavoz Ashdown \u00fanico de 15&#8243; pulgadas, llevando el bajo a la parte delantera de la mezcla con comodidad y destac\u00e1ndose de la multitud con su distintivo acabado de alta calidad junto con una dram\u00e1tica reducci\u00f3n del peso. Los gabinetes Rootmaster EVO de Ashdown est\u00e1n ahora cargados con nuevos altavoces Ashdown White Line para un excepcional ataque, claridad y gran rendimiento de graves. En tonalidad, el dise\u00f1o compacto mantiene la respuesta de graves con un rango medio m\u00e1s din\u00e1mico. La adici\u00f3n del tweeter proporciona extremidad aguda que se puede ajustar ya sea a alta, baja o apagado con el interruptor de tweeter de 3 v\u00edas, dependiendo de la preferencia del bajista. Los nuevos gabinetes Rootmaster EVO est\u00e1n hechos con una capa ligera para reducir el peso sin riesgo a modificar el sonido de la firma Ashdown. Una s\u00f3lida l\u00ednea delgada de construcci\u00f3n junto con un atento dise\u00f1o que cuenta con manijas en la barra para facilitar el transporte y ofrecer un apilamiento sencillo. Los gabinetes est\u00e1n terminados en tolex de b\u00fafalo con una rejilla de tela negra para darle un acabado de calidad que realmente destaca entre la multitud.<\/div>\n<div>\n<h4>Characteristics<\/h4>\n<\/div>\n<div>\n<ul style=\"margin: 0px 0px 0px 25px\">\n<li style=\"list-style-type: circle;margin: 5px\">Bafle para bajo.<\/li>\n<li style=\"list-style-type: circle;margin: 5px\">Potencia de salida: 300 watts.<\/li>\n<li style=\"list-style-type: circle;margin: 5px\">Impedancia: 8 ohms.<\/li>\n<li style=\"list-style-type: circle;margin: 5px\">Un altavoz de 15&#8243; pulgadas.<\/li>\n<li style=\"list-style-type: circle;margin: 5px\">Unidad HF.<\/li>\n<li style=\"list-style-type: circle;margin: 5px\">Salida de altavoz Jack o Speakon.<\/li>\n<li style=\"list-style-type: circle;margin: 5px\">Dimensiones: 490 x 470 x 335 mm.<\/li>\n<li style=\"list-style-type: circle;margin: 5px\">Peso: 14.8 kg.<\/li>\n<\/ul>\n<\/div>\n<\/div>","protected":false},"excerpt":{"rendered":"<p>Bafle para bajo, potencia de salida de 300 watts a 8 ohms, un altavoz de 15\u201d pulgadas y unidad HF, salida de altavoz Jack o Speakon, dimensiones: 490 x 470 x 335 mm, peso: 14.8 kg.&hellip; <a class=\"kt-excerpt-readmore more-link\" href=\"https:\/\/www.mexicanguitarplayers.com\/en\/tienda\/cuerdas\/bafles-cuerdas\/bafles-para-bajo\/bafle-ashdown-p-bajo-mod-rm-115t-evo\/\">Read more<\/a><\/p>","protected":false},"featured_media":40592,"comment_status":"open","ping_status":"closed","template":"","meta":{"kt_blocks_editor_width":""},"pwb-brand":[257],"product_brand":[],"product_cat":[222,251,224],"product_tag":[],"class_list":{"0":"post-40599","1":"product","2":"type-product","3":"status-publish","4":"has-post-thumbnail","6":"pwb-brand-ashdown","7":"product_cat-bafles","8":"product_cat-bafles-para-bajo","9":"product_cat-cuerdas","10":"product_shipping_class-15-20-kg","12":"first","13":"outofstock","14":"taxable","15":"shipping-taxable","16":"purchasable","17":"product-type-simple"},"yoast_head":"<!-- This site is optimized with the Yoast SEO plugin v27.5 - https:\/\/yoast.com\/product\/yoast-seo-wordpress\/ -->\n<title>BAFLE ASHDOWN P\/BAJO MOD. RM-115T-EVO - Mexican Guitar Players<\/title>\n<meta name=\"description\" content=\"Bafle para bajo, potencia de salida de 300 watts a 8 ohms, un altavoz de 15\u201d pulgadas y unidad HF, salida de altavoz Jack o Speakon, dimensiones: 490 x 470 x 335 mm, peso: 14.8 kg.\" \/>\n<meta name=\"robots\" content=\"index, follow, max-snippet:-1, max-image-preview:large, max-video-preview:-1\" \/>\n<link rel=\"canonical\" href=\"https:\/\/www.mexicanguitarplayers.com\/en\/tienda\/sin%20categor\u00eda\/bafle-ashdown-p-bajo-mod-rm-115t-evo\/\" \/>\n<meta property=\"og:locale\" content=\"en_US\" \/>\n<meta property=\"og:type\" content=\"article\" \/>\n<meta property=\"og:title\" content=\"BAFLE ASHDOWN P\/BAJO MOD. RM-115T-EVO - Mexican Guitar Players\" \/>\n<meta property=\"og:description\" content=\"Bafle para bajo, potencia de salida de 300 watts a 8 ohms, un altavoz de 15\u201d pulgadas y unidad HF, salida de altavoz Jack o Speakon, dimensiones: 490 x 470 x 335 mm, peso: 14.8 kg.\" \/>\n<meta property=\"og:url\" content=\"https:\/\/www.mexicanguitarplayers.com\/en\/tienda\/sin categor\u00eda\/bafle-ashdown-p-bajo-mod-rm-115t-evo\/\" \/>\n<meta property=\"og:site_name\" content=\"Mexican Guitar Players\" \/>\n<meta property=\"article:modified_time\" content=\"2026-04-10T10:19:39+00:00\" \/>\n<meta name=\"twitter:card\" content=\"summary_large_image\" \/>\n<meta name=\"twitter:label1\" content=\"Est. reading time\" \/>\n\t<meta name=\"twitter:data1\" content=\"1 minute\" \/>\n<script type=\"application\/ld+json\" class=\"yoast-schema-graph\">{\"@context\":\"https:\\\/\\\/schema.org\",\"@graph\":[{\"@type\":[\"WebPage\",\"ItemPage\"],\"@id\":\"https:\\\/\\\/www.mexicanguitarplayers.com\\\/tienda\\\/sin categor\u00eda\\\/bafle-ashdown-p-bajo-mod-rm-115t-evo\\\/\",\"url\":\"https:\\\/\\\/www.mexicanguitarplayers.com\\\/tienda\\\/sin categor\u00eda\\\/bafle-ashdown-p-bajo-mod-rm-115t-evo\\\/\",\"name\":\"BAFLE ASHDOWN P\\\/BAJO MOD. RM-115T-EVO - Mexican Guitar Players\",\"isPartOf\":{\"@id\":\"https:\\\/\\\/www.mexicanguitarplayers.com\\\/#website\"},\"primaryImageOfPage\":{\"@id\":\"https:\\\/\\\/www.mexicanguitarplayers.com\\\/tienda\\\/sin categor\u00eda\\\/bafle-ashdown-p-bajo-mod-rm-115t-evo\\\/#primaryimage\"},\"image\":{\"@id\":\"https:\\\/\\\/www.mexicanguitarplayers.com\\\/tienda\\\/sin categor\u00eda\\\/bafle-ashdown-p-bajo-mod-rm-115t-evo\\\/#primaryimage\"},\"thumbnailUrl\":\"https:\\\/\\\/www.mexicanguitarplayers.com\\\/wp-content\\\/uploads\\\/2025\\\/04\\\/ICASORM115TEVO.jpg\",\"datePublished\":\"2025-04-09T13:10:55+00:00\",\"dateModified\":\"2026-04-10T10:19:39+00:00\",\"description\":\"Bafle para bajo, potencia de salida de 300 watts a 8 ohms, un altavoz de 15\u201d pulgadas y unidad HF, salida de altavoz Jack o Speakon, dimensiones: 490 x 470 x 335 mm, peso: 14.8 kg.\",\"breadcrumb\":{\"@id\":\"https:\\\/\\\/www.mexicanguitarplayers.com\\\/tienda\\\/sin categor\u00eda\\\/bafle-ashdown-p-bajo-mod-rm-115t-evo\\\/#breadcrumb\"},\"inLanguage\":\"en-US\",\"potentialAction\":[{\"@type\":\"ReadAction\",\"target\":[\"https:\\\/\\\/www.mexicanguitarplayers.com\\\/tienda\\\/sin categor\u00eda\\\/bafle-ashdown-p-bajo-mod-rm-115t-evo\\\/\"]}]},{\"@type\":\"ImageObject\",\"inLanguage\":\"en-US\",\"@id\":\"https:\\\/\\\/www.mexicanguitarplayers.com\\\/tienda\\\/sin categor\u00eda\\\/bafle-ashdown-p-bajo-mod-rm-115t-evo\\\/#primaryimage\",\"url\":\"https:\\\/\\\/www.mexicanguitarplayers.com\\\/wp-content\\\/uploads\\\/2025\\\/04\\\/ICASORM115TEVO.jpg\",\"contentUrl\":\"https:\\\/\\\/www.mexicanguitarplayers.com\\\/wp-content\\\/uploads\\\/2025\\\/04\\\/ICASORM115TEVO.jpg\",\"width\":1200,\"height\":1200},{\"@type\":\"BreadcrumbList\",\"@id\":\"https:\\\/\\\/www.mexicanguitarplayers.com\\\/tienda\\\/sin categor\u00eda\\\/bafle-ashdown-p-bajo-mod-rm-115t-evo\\\/#breadcrumb\",\"itemListElement\":[{\"@type\":\"ListItem\",\"position\":1,\"name\":\"Portada\",\"item\":\"https:\\\/\\\/www.mexicanguitarplayers.com\\\/\"},{\"@type\":\"ListItem\",\"position\":2,\"name\":\"Tienda\",\"item\":\"https:\\\/\\\/www.mexicanguitarplayers.com\\\/tienda\\\/\"},{\"@type\":\"ListItem\",\"position\":3,\"name\":\"BAFLE ASHDOWN P\\\/BAJO MOD. RM-115T-EVO\"}]},{\"@type\":\"WebSite\",\"@id\":\"https:\\\/\\\/www.mexicanguitarplayers.com\\\/#website\",\"url\":\"https:\\\/\\\/www.mexicanguitarplayers.com\\\/\",\"name\":\"Mexican Guitar Players\",\"description\":\"Website\",\"publisher\":{\"@id\":\"https:\\\/\\\/www.mexicanguitarplayers.com\\\/#organization\"},\"potentialAction\":[{\"@type\":\"SearchAction\",\"target\":{\"@type\":\"EntryPoint\",\"urlTemplate\":\"https:\\\/\\\/www.mexicanguitarplayers.com\\\/?s={search_term_string}\"},\"query-input\":{\"@type\":\"PropertyValueSpecification\",\"valueRequired\":true,\"valueName\":\"search_term_string\"}}],\"inLanguage\":\"en-US\"},{\"@type\":\"Organization\",\"@id\":\"https:\\\/\\\/www.mexicanguitarplayers.com\\\/#organization\",\"name\":\"Mexican Guitar Players\",\"url\":\"https:\\\/\\\/www.mexicanguitarplayers.com\\\/\",\"logo\":{\"@type\":\"ImageObject\",\"inLanguage\":\"en-US\",\"@id\":\"https:\\\/\\\/www.mexicanguitarplayers.com\\\/#\\\/schema\\\/logo\\\/image\\\/\",\"url\":\"\",\"contentUrl\":\"\",\"caption\":\"Mexican Guitar Players\"},\"image\":{\"@id\":\"https:\\\/\\\/www.mexicanguitarplayers.com\\\/#\\\/schema\\\/logo\\\/image\\\/\"}}]}<\/script>\n<!-- \/ Yoast SEO plugin. -->","yoast_head_json":{"title":"BAFLE ASHDOWN P\/BAJO MOD. RM-115T-EVO - Mexican Guitar Players","description":"Bafle para bajo, potencia de salida de 300 watts a 8 ohms, un altavoz de 15\u201d pulgadas y unidad HF, salida de altavoz Jack o Speakon, dimensiones: 490 x 470 x 335 mm, peso: 14.8 kg.","robots":{"index":"index","follow":"follow","max-snippet":"max-snippet:-1","max-image-preview":"max-image-preview:large","max-video-preview":"max-video-preview:-1"},"canonical":"https:\/\/www.mexicanguitarplayers.com\/en\/tienda\/sin categor\u00eda\/bafle-ashdown-p-bajo-mod-rm-115t-evo\/","og_locale":"en_US","og_type":"article","og_title":"BAFLE ASHDOWN P\/BAJO MOD. RM-115T-EVO - Mexican Guitar Players","og_description":"Bafle para bajo, potencia de salida de 300 watts a 8 ohms, un altavoz de 15\u201d pulgadas y unidad HF, salida de altavoz Jack o Speakon, dimensiones: 490 x 470 x 335 mm, peso: 14.8 kg.","og_url":"https:\/\/www.mexicanguitarplayers.com\/en\/tienda\/sin categor\u00eda\/bafle-ashdown-p-bajo-mod-rm-115t-evo\/","og_site_name":"Mexican Guitar Players","article_modified_time":"2026-04-10T10:19:39+00:00","twitter_card":"summary_large_image","twitter_misc":{"Est. reading time":"1 minute"},"schema":{"@context":"https:\/\/schema.org","@graph":[{"@type":["WebPage","ItemPage"],"@id":"https:\/\/www.mexicanguitarplayers.com\/tienda\/sin categor\u00eda\/bafle-ashdown-p-bajo-mod-rm-115t-evo\/","url":"https:\/\/www.mexicanguitarplayers.com\/tienda\/sin categor\u00eda\/bafle-ashdown-p-bajo-mod-rm-115t-evo\/","name":"BAFLE ASHDOWN P\/BAJO MOD. RM-115T-EVO - Mexican Guitar Players","isPartOf":{"@id":"https:\/\/www.mexicanguitarplayers.com\/#website"},"primaryImageOfPage":{"@id":"https:\/\/www.mexicanguitarplayers.com\/tienda\/sin categor\u00eda\/bafle-ashdown-p-bajo-mod-rm-115t-evo\/#primaryimage"},"image":{"@id":"https:\/\/www.mexicanguitarplayers.com\/tienda\/sin categor\u00eda\/bafle-ashdown-p-bajo-mod-rm-115t-evo\/#primaryimage"},"thumbnailUrl":"https:\/\/www.mexicanguitarplayers.com\/wp-content\/uploads\/2025\/04\/ICASORM115TEVO.jpg","datePublished":"2025-04-09T13:10:55+00:00","dateModified":"2026-04-10T10:19:39+00:00","description":"Bafle para bajo, potencia de salida de 300 watts a 8 ohms, un altavoz de 15\u201d pulgadas y unidad HF, salida de altavoz Jack o Speakon, dimensiones: 490 x 470 x 335 mm, peso: 14.8 kg.","breadcrumb":{"@id":"https:\/\/www.mexicanguitarplayers.com\/tienda\/sin categor\u00eda\/bafle-ashdown-p-bajo-mod-rm-115t-evo\/#breadcrumb"},"inLanguage":"en-US","potentialAction":[{"@type":"ReadAction","target":["https:\/\/www.mexicanguitarplayers.com\/tienda\/sin categor\u00eda\/bafle-ashdown-p-bajo-mod-rm-115t-evo\/"]}]},{"@type":"ImageObject","inLanguage":"en-US","@id":"https:\/\/www.mexicanguitarplayers.com\/tienda\/sin categor\u00eda\/bafle-ashdown-p-bajo-mod-rm-115t-evo\/#primaryimage","url":"https:\/\/www.mexicanguitarplayers.com\/wp-content\/uploads\/2025\/04\/ICASORM115TEVO.jpg","contentUrl":"https:\/\/www.mexicanguitarplayers.com\/wp-content\/uploads\/2025\/04\/ICASORM115TEVO.jpg","width":1200,"height":1200},{"@type":"BreadcrumbList","@id":"https:\/\/www.mexicanguitarplayers.com\/tienda\/sin categor\u00eda\/bafle-ashdown-p-bajo-mod-rm-115t-evo\/#breadcrumb","itemListElement":[{"@type":"ListItem","position":1,"name":"Portada","item":"https:\/\/www.mexicanguitarplayers.com\/"},{"@type":"ListItem","position":2,"name":"Tienda","item":"https:\/\/www.mexicanguitarplayers.com\/tienda\/"},{"@type":"ListItem","position":3,"name":"BAFLE ASHDOWN P\/BAJO MOD. RM-115T-EVO"}]},{"@type":"WebSite","@id":"https:\/\/www.mexicanguitarplayers.com\/#website","url":"https:\/\/www.mexicanguitarplayers.com\/","name":"Mexican Guitar Players","description":"Website","publisher":{"@id":"https:\/\/www.mexicanguitarplayers.com\/#organization"},"potentialAction":[{"@type":"SearchAction","target":{"@type":"EntryPoint","urlTemplate":"https:\/\/www.mexicanguitarplayers.com\/?s={search_term_string}"},"query-input":{"@type":"PropertyValueSpecification","valueRequired":true,"valueName":"search_term_string"}}],"inLanguage":"en-US"},{"@type":"Organization","@id":"https:\/\/www.mexicanguitarplayers.com\/#organization","name":"Mexican Guitar Players","url":"https:\/\/www.mexicanguitarplayers.com\/","logo":{"@type":"ImageObject","inLanguage":"en-US","@id":"https:\/\/www.mexicanguitarplayers.com\/#\/schema\/logo\/image\/","url":"","contentUrl":"","caption":"Mexican Guitar Players"},"image":{"@id":"https:\/\/www.mexicanguitarplayers.com\/#\/schema\/logo\/image\/"}}]}},"brands":[{"id":257,"name":"ASHDOWN","slug":"ashdown"}],"_links":{"self":[{"href":"https:\/\/www.mexicanguitarplayers.com\/en\/wp-json\/wp\/v2\/product\/40599","targetHints":{"allow":["GET"]}}],"collection":[{"href":"https:\/\/www.mexicanguitarplayers.com\/en\/wp-json\/wp\/v2\/product"}],"about":[{"href":"https:\/\/www.mexicanguitarplayers.com\/en\/wp-json\/wp\/v2\/types\/product"}],"replies":[{"embeddable":true,"href":"https:\/\/www.mexicanguitarplayers.com\/en\/wp-json\/wp\/v2\/comments?post=40599"}],"wp:featuredmedia":[{"embeddable":true,"href":"https:\/\/www.mexicanguitarplayers.com\/en\/wp-json\/wp\/v2\/media\/40592"}],"wp:attachment":[{"href":"https:\/\/www.mexicanguitarplayers.com\/en\/wp-json\/wp\/v2\/media?parent=40599"}],"wp:term":[{"taxonomy":"pwb-brand","embeddable":true,"href":"https:\/\/www.mexicanguitarplayers.com\/en\/wp-json\/wp\/v2\/pwb-brand?post=40599"},{"taxonomy":"product_brand","embeddable":true,"href":"https:\/\/www.mexicanguitarplayers.com\/en\/wp-json\/wp\/v2\/product_brand?post=40599"},{"taxonomy":"product_cat","embeddable":true,"href":"https:\/\/www.mexicanguitarplayers.com\/en\/wp-json\/wp\/v2\/product_cat?post=40599"},{"taxonomy":"product_tag","embeddable":true,"href":"https:\/\/www.mexicanguitarplayers.com\/en\/wp-json\/wp\/v2\/product_tag?post=40599"}],"curies":[{"name":"wp","href":"https:\/\/api.w.org\/{rel}","templated":true}]}}