{"id":40631,"date":"2025-04-09T07:11:40","date_gmt":"2025-04-09T13:11:40","guid":{"rendered":"https:\/\/www.mexicanguitarplayers.com\/tienda\/sin categor\u00eda\/procesador-nux-p-guitarra-mod-mg-400\/"},"modified":"2026-05-01T07:17:24","modified_gmt":"2026-05-01T13:17:24","slug":"procesador-nux-p-guitarra-mod-mg-400","status":"publish","type":"product","link":"https:\/\/www.mexicanguitarplayers.com\/en\/tienda\/cuerdas\/efectos\/multiefectos\/procesador-nux-p-guitarra-mod-mg-400\/","title":{"rendered":"PROCESADOR NUX P\/GUITARRA MOD. MG-400"},"content":{"rendered":"<div style=\"text-align: justify\">\n<div>\n<h3>El mejor modelador de Nux.<\/h3>\n<\/div>\n<div>El NUX MG-400 es un modelador lleno de valor similar a su hermano peque\u00f1o el MG-300. MG-400 alberga 2 potentes chips DSP para el algoritmo de modelado de amplificador White-Box de alta definici\u00f3n (TS\/AC-HD) y efector posteriores Core-Image. Desde el lanzamiento del MG-300, la gente ha quedado impresionada con el sonido y la sensaci\u00f3n de toque, sin mencionar la facilidad de uso del ajuste de tono y la interfaz intuitiva. Y ahora, el MG-400 se basa en los bloques de se\u00f1al m\u00f3viles del conjunto de caracter\u00edsticas del MG-300, 12 ranuras de Colecci\u00f3n de IR, bloque P.L. flexible con configuraci\u00f3n de par\u00e1metros MIN y MAX, abundante Men\u00fa de Sistema y perilla de volumen Master f\u00edsica, MG-400 es ahora el mejor modelador de valor por el dinero. El mismo algoritmo de modelado de amplificadores que el MG-300 para ajustar f\u00e1cilmente el tono: El algoritmo White-Box Amp Modeling &amp; Pre-EFX ofrece una sensaci\u00f3n de toque realista y una respuesta de caos anal\u00f3gico. El concepto de &#8220;Caos makes the muse&#8221; se aplica perfectamente al circuito anal\u00f3gico. Cuando ajustas la perilla, se afecta a s\u00ed mismo y a otros par\u00e1metros. Para un sistema digital lineal, el par\u00e1metro es independiente. El algoritmo de caja blanca ofrece retroalimentaci\u00f3n en tiempo real, incremento por incremento. NUX TS\/AC-HD replica la misma capacidad de ejecuci\u00f3n que la mayor\u00eda de los guitarristas anhelan en un amplificador de bulbos real. 512 muestras de resoluci\u00f3n IR y ranura de Usuario con cada parche (12 ranuras de Colecci\u00f3n IR adicionales). El MG-400 incluye una respuesta de impulso m\u00faltiple de 512 muestras cada una. Puedes cargar archivos IR de terceros utilizando nuestro software de edici\u00f3n NUX QuickTone (admite una frecuencia de muestreo de hasta 48 kHz). Los 25 IR de gabinete de guitarra incluidos, combinan 4 micr\u00f3fonos cl\u00e1sicos con 3 posiciones de micr\u00f3fono para permitir a los principiantes una manera r\u00e1pida y f\u00e1cil de saltar a la experiencia de m\u00faltiples efectos. Tambi\u00e9n se incluyen 8 IR de gabinete de bajo y 3 IR de guitarra ac\u00fastica, lo que te permite tocar el bajo en el MG-400 o usar una guitarra el\u00e9ctrica para simular el sonido de una guitarra ac\u00fastica con el IR de guitarra ac\u00fastica. 10 bloques flexibles de se\u00f1ales m\u00f3viles independientes: NG, CMP, EFX, AMP, IR, EQ, MOD, DLY, RVB, P.L. Puedes mover bloques de se\u00f1al libremente en el software de edici\u00f3n MG-400 y\/o QuickTone. Establece el bloque Patch Level adelante de AMP para aumentar el volumen. Coloca el bloque Delay frente a la etapa de ganancia para crear riffs con ritmo. Hay muchas creaciones de tonos con el enrutamiento de bloque flexible. LCD a color de 2.8&#8243; (320&#215;240) con interfaz de usuario intuitiva que te permite deshacerte de las lecturas de manuales. Hazlo simple.<\/div>\n<div>\n<h4>Quick look<\/h4>\n<\/div>\n<ul style=\"margin: 0px 0px 0px 25px\">\n<li style=\"list-style-type: circle;margin: 5px\">Input impedance.<\/li>\n<li style=\"list-style-type: circle;margin: 5px\">Impedancia de entrada AUX.<\/li>\n<li style=\"list-style-type: circle;margin: 5px\">Output impedance.<\/li>\n<li style=\"list-style-type: circle;margin: 5px\">Impedancia phone.<\/li>\n<li style=\"list-style-type: circle;margin: 5px\">Rango din\u00e1mico.<\/li>\n<li style=\"list-style-type: circle;margin: 5px\">Tasa de muestreo.<\/li>\n<li style=\"list-style-type: circle;margin: 5px\">Latencia del sistema.<\/li>\n<li style=\"list-style-type: circle;margin: 5px\">Energy.<\/li>\n<li style=\"list-style-type: circle;margin: 5px\">Consumo de corriente.<\/li>\n<li style=\"list-style-type: circle;margin: 5px\">Dimensions.<\/li>\n<li style=\"list-style-type: circle;margin: 5px\">Weight.<\/li>\n<\/ul>\n<div>\n<div style=\"font-weight: bold\">Input impedance.<\/div>\n<div>\n<p>470 kilo-ohms.<\/p>\n<\/div>\n<div style=\"font-weight: bold\">Impedancia de entrada AUX.<\/div>\n<div>\n<p>10 kilo-ohms.<\/p>\n<\/div>\n<div style=\"font-weight: bold\">Output impedance.<\/div>\n<div>\n<p>1 kilo-ohm.<\/p>\n<\/div>\n<div style=\"font-weight: bold\">Impedancia phone.<\/div>\n<div>\n<p>47 ohms.<\/p>\n<\/div>\n<div style=\"font-weight: bold\">Rango din\u00e1mico.<\/div>\n<div>\n<p>108 dB.<\/p>\n<\/div>\n<div style=\"font-weight: bold\">Tasa de muestreo.<\/div>\n<div>\n<p>48 kHz \/ 32 bit.<\/p>\n<\/div>\n<div style=\"font-weight: bold\">Latencia del sistema.<\/div>\n<div>\n<p>1.1 ms.<\/p>\n<\/div>\n<div style=\"font-weight: bold\">Energy.<\/div>\n<div>\n<p>9V DC (centro negativo, adaptador de corriente adicional ACD-006A).<\/p>\n<\/div>\n<div style=\"font-weight: bold\">Consumo de corriente.<\/div>\n<div>\n<p>&lt;280 mA.<\/p>\n<\/div>\n<div style=\"font-weight: bold\">Dimensions.<\/div>\n<div>\n<p>289 x 160 x 71 mm.<\/p>\n<\/div>\n<div style=\"font-weight: bold\">Weight.<\/div>\n<div>\n<p>920 g.<\/p>\n<\/div>\n<\/div>\n<\/div>","protected":false},"excerpt":{"rendered":"<p>Procesador de efectos y modelado de amplificador, algoritmo White-Box Amp Modeling &amp; Pre-EFX que ofrece una sensaci\u00f3n realista de toque y una respuesta de caos anal\u00f3gico, 512 muestras de resoluci\u00f3n IR y ranura de Usuario con cada parche (12 ranuras de Colecci\u00f3n IR adicionales), modelos de amplificadores de guitarra el\u00e9ctrica, modelos de amplificadores de bajo e IR de simulaci\u00f3n ac\u00fastica con modelos de amplificadores ac\u00fasticos relacionados, ajuste de entrada en el men\u00fa de sistema, 5 modos de salida con ecualizador global de 3 bandas para un ajuste r\u00e1pido del tono (adem\u00e1s de Studio Direct, otros desactivar\u00e1 la se\u00f1al IR de manera predeterminada), funci\u00f3n Follow que puede rastrear tus h\u00e1bitos de ajuste de efectos, interfaz de grabaci\u00f3n USB, actualizaci\u00f3n de firmware, software de edici\u00f3n QuickTone, NG, CMP, EFX, AMP, IR, EQ, MOD, DLY, RVB, P.L | 10 bloques de se\u00f1ales m\u00f3viles independientes, LCD a todo color de 2.8 (320 x 240) con interfaz de usuario intuitiva.&hellip; <a class=\"kt-excerpt-readmore more-link\" href=\"https:\/\/www.mexicanguitarplayers.com\/en\/tienda\/cuerdas\/efectos\/multiefectos\/procesador-nux-p-guitarra-mod-mg-400\/\">Read more<\/a><\/p>","protected":false},"featured_media":40623,"comment_status":"open","ping_status":"closed","template":"","meta":{"kt_blocks_editor_width":""},"pwb-brand":[177],"product_brand":[],"product_cat":[224,241,242],"product_tag":[],"class_list":{"0":"post-40631","1":"product","2":"type-product","3":"status-publish","4":"has-post-thumbnail","6":"pwb-brand-nux","7":"product_cat-cuerdas","8":"product_cat-efectos","9":"product_cat-multiefectos","10":"product_shipping_class-0-5-kg","12":"first","13":"instock","14":"taxable","15":"shipping-taxable","16":"purchasable","17":"product-type-simple"},"yoast_head":"<!-- This site is optimized with the Yoast SEO plugin v27.5 - https:\/\/yoast.com\/product\/yoast-seo-wordpress\/ -->\n<title>PROCESADOR NUX P\/GUITARRA MOD. MG-400 - Mexican Guitar Players<\/title>\n<meta name=\"description\" content=\"Procesador de efectos y modelado de amplificador, algoritmo White-Box Amp Modeling &amp; Pre-EFX que ofrece una sensaci\u00f3n realista de toque y una respuesta de caos anal\u00f3gico, 512 muestras de resoluci\u00f3n IR y ranura de Usuario con cada parche (12 ranuras de Colecci\u00f3n IR adicionales), modelos de amplificadores de guitarra el\u00e9ctrica, modelos de amplificadores de bajo e IR de simulaci\u00f3n ac\u00fastica con modelos de amplificadores ac\u00fasticos relacionados, ajuste de entrada en el men\u00fa de sistema, 5 modos de salida con ecualizador global de 3 bandas para un ajuste r\u00e1pido del tono (adem\u00e1s de Studio Direct, otros desactivar\u00e1 la se\u00f1al IR de manera predeterminada), funci\u00f3n Follow que puede rastrear tus h\u00e1bitos de ajuste de efectos, interfaz de grabaci\u00f3n USB, actualizaci\u00f3n de firmware, software de edici\u00f3n QuickTone, NG, CMP, EFX, AMP, IR, EQ, MOD, DLY, RVB, P.L | 10 bloques de se\u00f1ales m\u00f3viles independientes, LCD a todo color de 2.8 (320 x 240) con interfaz de usuario intuitiva.\" \/>\n<meta name=\"robots\" content=\"index, follow, max-snippet:-1, max-image-preview:large, max-video-preview:-1\" \/>\n<link rel=\"canonical\" href=\"https:\/\/www.mexicanguitarplayers.com\/en\/tienda\/sin%20categor\u00eda\/procesador-nux-p-guitarra-mod-mg-400\/\" \/>\n<meta property=\"og:locale\" content=\"en_US\" \/>\n<meta property=\"og:type\" content=\"article\" \/>\n<meta property=\"og:title\" content=\"PROCESADOR NUX P\/GUITARRA MOD. MG-400 - Mexican Guitar Players\" \/>\n<meta property=\"og:description\" content=\"Procesador de efectos y modelado de amplificador, algoritmo White-Box Amp Modeling &amp; Pre-EFX que ofrece una sensaci\u00f3n realista de toque y una respuesta de caos anal\u00f3gico, 512 muestras de resoluci\u00f3n IR y ranura de Usuario con cada parche (12 ranuras de Colecci\u00f3n IR adicionales), modelos de amplificadores de guitarra el\u00e9ctrica, modelos de amplificadores de bajo e IR de simulaci\u00f3n ac\u00fastica con modelos de amplificadores ac\u00fasticos relacionados, ajuste de entrada en el men\u00fa de sistema, 5 modos de salida con ecualizador global de 3 bandas para un ajuste r\u00e1pido del tono (adem\u00e1s de Studio Direct, otros desactivar\u00e1 la se\u00f1al IR de manera predeterminada), funci\u00f3n Follow que puede rastrear tus h\u00e1bitos de ajuste de efectos, interfaz de grabaci\u00f3n USB, actualizaci\u00f3n de firmware, software de edici\u00f3n QuickTone, NG, CMP, EFX, AMP, IR, EQ, MOD, DLY, RVB, P.L | 10 bloques de se\u00f1ales m\u00f3viles independientes, LCD a todo color de 2.8 (320 x 240) con interfaz de usuario intuitiva.\" \/>\n<meta property=\"og:url\" content=\"https:\/\/www.mexicanguitarplayers.com\/en\/tienda\/sin categor\u00eda\/procesador-nux-p-guitarra-mod-mg-400\/\" \/>\n<meta property=\"og:site_name\" content=\"Mexican Guitar Players\" \/>\n<meta property=\"article:modified_time\" content=\"2026-05-01T13:17:24+00:00\" \/>\n<meta name=\"twitter:card\" content=\"summary_large_image\" \/>\n<meta name=\"twitter:label1\" content=\"Est. reading time\" \/>\n\t<meta name=\"twitter:data1\" content=\"3 minutes\" \/>\n<script type=\"application\/ld+json\" class=\"yoast-schema-graph\">{\"@context\":\"https:\\\/\\\/schema.org\",\"@graph\":[{\"@type\":[\"WebPage\",\"ItemPage\"],\"@id\":\"https:\\\/\\\/www.mexicanguitarplayers.com\\\/tienda\\\/sin categor\u00eda\\\/procesador-nux-p-guitarra-mod-mg-400\\\/\",\"url\":\"https:\\\/\\\/www.mexicanguitarplayers.com\\\/tienda\\\/sin categor\u00eda\\\/procesador-nux-p-guitarra-mod-mg-400\\\/\",\"name\":\"PROCESADOR NUX P\\\/GUITARRA MOD. MG-400 - Mexican Guitar Players\",\"isPartOf\":{\"@id\":\"https:\\\/\\\/www.mexicanguitarplayers.com\\\/#website\"},\"primaryImageOfPage\":{\"@id\":\"https:\\\/\\\/www.mexicanguitarplayers.com\\\/tienda\\\/sin categor\u00eda\\\/procesador-nux-p-guitarra-mod-mg-400\\\/#primaryimage\"},\"image\":{\"@id\":\"https:\\\/\\\/www.mexicanguitarplayers.com\\\/tienda\\\/sin categor\u00eda\\\/procesador-nux-p-guitarra-mod-mg-400\\\/#primaryimage\"},\"thumbnailUrl\":\"https:\\\/\\\/www.mexicanguitarplayers.com\\\/wp-content\\\/uploads\\\/2025\\\/04\\\/IANUXMG400.jpg\",\"datePublished\":\"2025-04-09T13:11:40+00:00\",\"dateModified\":\"2026-05-01T13:17:24+00:00\",\"description\":\"Procesador de efectos y modelado de amplificador, algoritmo White-Box Amp Modeling &amp; Pre-EFX que ofrece una sensaci\u00f3n realista de toque y una respuesta de caos anal\u00f3gico, 512 muestras de resoluci\u00f3n IR y ranura de Usuario con cada parche (12 ranuras de Colecci\u00f3n IR adicionales), modelos de amplificadores de guitarra el\u00e9ctrica, modelos de amplificadores de bajo e IR de simulaci\u00f3n ac\u00fastica con modelos de amplificadores ac\u00fasticos relacionados, ajuste de entrada en el men\u00fa de sistema, 5 modos de salida con ecualizador global de 3 bandas para un ajuste r\u00e1pido del tono (adem\u00e1s de Studio Direct, otros desactivar\u00e1 la se\u00f1al IR de manera predeterminada), funci\u00f3n Follow que puede rastrear tus h\u00e1bitos de ajuste de efectos, interfaz de grabaci\u00f3n USB, actualizaci\u00f3n de firmware, software de edici\u00f3n QuickTone, NG, CMP, EFX, AMP, IR, EQ, MOD, DLY, RVB, P.L | 10 bloques de se\u00f1ales m\u00f3viles independientes, LCD a todo color de 2.8 (320 x 240) con interfaz de usuario intuitiva.\",\"breadcrumb\":{\"@id\":\"https:\\\/\\\/www.mexicanguitarplayers.com\\\/tienda\\\/sin categor\u00eda\\\/procesador-nux-p-guitarra-mod-mg-400\\\/#breadcrumb\"},\"inLanguage\":\"en-US\",\"potentialAction\":[{\"@type\":\"ReadAction\",\"target\":[\"https:\\\/\\\/www.mexicanguitarplayers.com\\\/tienda\\\/sin categor\u00eda\\\/procesador-nux-p-guitarra-mod-mg-400\\\/\"]}]},{\"@type\":\"ImageObject\",\"inLanguage\":\"en-US\",\"@id\":\"https:\\\/\\\/www.mexicanguitarplayers.com\\\/tienda\\\/sin categor\u00eda\\\/procesador-nux-p-guitarra-mod-mg-400\\\/#primaryimage\",\"url\":\"https:\\\/\\\/www.mexicanguitarplayers.com\\\/wp-content\\\/uploads\\\/2025\\\/04\\\/IANUXMG400.jpg\",\"contentUrl\":\"https:\\\/\\\/www.mexicanguitarplayers.com\\\/wp-content\\\/uploads\\\/2025\\\/04\\\/IANUXMG400.jpg\",\"width\":1200,\"height\":1200},{\"@type\":\"BreadcrumbList\",\"@id\":\"https:\\\/\\\/www.mexicanguitarplayers.com\\\/tienda\\\/sin categor\u00eda\\\/procesador-nux-p-guitarra-mod-mg-400\\\/#breadcrumb\",\"itemListElement\":[{\"@type\":\"ListItem\",\"position\":1,\"name\":\"Portada\",\"item\":\"https:\\\/\\\/www.mexicanguitarplayers.com\\\/\"},{\"@type\":\"ListItem\",\"position\":2,\"name\":\"Tienda\",\"item\":\"https:\\\/\\\/www.mexicanguitarplayers.com\\\/tienda\\\/\"},{\"@type\":\"ListItem\",\"position\":3,\"name\":\"PROCESADOR NUX P\\\/GUITARRA MOD. MG-400\"}]},{\"@type\":\"WebSite\",\"@id\":\"https:\\\/\\\/www.mexicanguitarplayers.com\\\/#website\",\"url\":\"https:\\\/\\\/www.mexicanguitarplayers.com\\\/\",\"name\":\"Mexican Guitar Players\",\"description\":\"Website\",\"publisher\":{\"@id\":\"https:\\\/\\\/www.mexicanguitarplayers.com\\\/#organization\"},\"potentialAction\":[{\"@type\":\"SearchAction\",\"target\":{\"@type\":\"EntryPoint\",\"urlTemplate\":\"https:\\\/\\\/www.mexicanguitarplayers.com\\\/?s={search_term_string}\"},\"query-input\":{\"@type\":\"PropertyValueSpecification\",\"valueRequired\":true,\"valueName\":\"search_term_string\"}}],\"inLanguage\":\"en-US\"},{\"@type\":\"Organization\",\"@id\":\"https:\\\/\\\/www.mexicanguitarplayers.com\\\/#organization\",\"name\":\"Mexican Guitar Players\",\"url\":\"https:\\\/\\\/www.mexicanguitarplayers.com\\\/\",\"logo\":{\"@type\":\"ImageObject\",\"inLanguage\":\"en-US\",\"@id\":\"https:\\\/\\\/www.mexicanguitarplayers.com\\\/#\\\/schema\\\/logo\\\/image\\\/\",\"url\":\"\",\"contentUrl\":\"\",\"caption\":\"Mexican Guitar Players\"},\"image\":{\"@id\":\"https:\\\/\\\/www.mexicanguitarplayers.com\\\/#\\\/schema\\\/logo\\\/image\\\/\"}}]}<\/script>\n<!-- \/ Yoast SEO plugin. -->","yoast_head_json":{"title":"PROCESADOR NUX P\/GUITARRA MOD. MG-400 - Mexican Guitar Players","description":"Procesador de efectos y modelado de amplificador, algoritmo White-Box Amp Modeling &amp; Pre-EFX que ofrece una sensaci\u00f3n realista de toque y una respuesta de caos anal\u00f3gico, 512 muestras de resoluci\u00f3n IR y ranura de Usuario con cada parche (12 ranuras de Colecci\u00f3n IR adicionales), modelos de amplificadores de guitarra el\u00e9ctrica, modelos de amplificadores de bajo e IR de simulaci\u00f3n ac\u00fastica con modelos de amplificadores ac\u00fasticos relacionados, ajuste de entrada en el men\u00fa de sistema, 5 modos de salida con ecualizador global de 3 bandas para un ajuste r\u00e1pido del tono (adem\u00e1s de Studio Direct, otros desactivar\u00e1 la se\u00f1al IR de manera predeterminada), funci\u00f3n Follow que puede rastrear tus h\u00e1bitos de ajuste de efectos, interfaz de grabaci\u00f3n USB, actualizaci\u00f3n de firmware, software de edici\u00f3n QuickTone, NG, CMP, EFX, AMP, IR, EQ, MOD, DLY, RVB, P.L | 10 bloques de se\u00f1ales m\u00f3viles independientes, LCD a todo color de 2.8 (320 x 240) con interfaz de usuario intuitiva.","robots":{"index":"index","follow":"follow","max-snippet":"max-snippet:-1","max-image-preview":"max-image-preview:large","max-video-preview":"max-video-preview:-1"},"canonical":"https:\/\/www.mexicanguitarplayers.com\/en\/tienda\/sin categor\u00eda\/procesador-nux-p-guitarra-mod-mg-400\/","og_locale":"en_US","og_type":"article","og_title":"PROCESADOR NUX P\/GUITARRA MOD. MG-400 - Mexican Guitar Players","og_description":"Procesador de efectos y modelado de amplificador, algoritmo White-Box Amp Modeling &amp; Pre-EFX que ofrece una sensaci\u00f3n realista de toque y una respuesta de caos anal\u00f3gico, 512 muestras de resoluci\u00f3n IR y ranura de Usuario con cada parche (12 ranuras de Colecci\u00f3n IR adicionales), modelos de amplificadores de guitarra el\u00e9ctrica, modelos de amplificadores de bajo e IR de simulaci\u00f3n ac\u00fastica con modelos de amplificadores ac\u00fasticos relacionados, ajuste de entrada en el men\u00fa de sistema, 5 modos de salida con ecualizador global de 3 bandas para un ajuste r\u00e1pido del tono (adem\u00e1s de Studio Direct, otros desactivar\u00e1 la se\u00f1al IR de manera predeterminada), funci\u00f3n Follow que puede rastrear tus h\u00e1bitos de ajuste de efectos, interfaz de grabaci\u00f3n USB, actualizaci\u00f3n de firmware, software de edici\u00f3n QuickTone, NG, CMP, EFX, AMP, IR, EQ, MOD, DLY, RVB, P.L | 10 bloques de se\u00f1ales m\u00f3viles independientes, LCD a todo color de 2.8 (320 x 240) con interfaz de usuario intuitiva.","og_url":"https:\/\/www.mexicanguitarplayers.com\/en\/tienda\/sin categor\u00eda\/procesador-nux-p-guitarra-mod-mg-400\/","og_site_name":"Mexican Guitar Players","article_modified_time":"2026-05-01T13:17:24+00:00","twitter_card":"summary_large_image","twitter_misc":{"Est. reading time":"3 minutes"},"schema":{"@context":"https:\/\/schema.org","@graph":[{"@type":["WebPage","ItemPage"],"@id":"https:\/\/www.mexicanguitarplayers.com\/tienda\/sin categor\u00eda\/procesador-nux-p-guitarra-mod-mg-400\/","url":"https:\/\/www.mexicanguitarplayers.com\/tienda\/sin categor\u00eda\/procesador-nux-p-guitarra-mod-mg-400\/","name":"PROCESADOR NUX P\/GUITARRA MOD. MG-400 - Mexican Guitar Players","isPartOf":{"@id":"https:\/\/www.mexicanguitarplayers.com\/#website"},"primaryImageOfPage":{"@id":"https:\/\/www.mexicanguitarplayers.com\/tienda\/sin categor\u00eda\/procesador-nux-p-guitarra-mod-mg-400\/#primaryimage"},"image":{"@id":"https:\/\/www.mexicanguitarplayers.com\/tienda\/sin categor\u00eda\/procesador-nux-p-guitarra-mod-mg-400\/#primaryimage"},"thumbnailUrl":"https:\/\/www.mexicanguitarplayers.com\/wp-content\/uploads\/2025\/04\/IANUXMG400.jpg","datePublished":"2025-04-09T13:11:40+00:00","dateModified":"2026-05-01T13:17:24+00:00","description":"Procesador de efectos y modelado de amplificador, algoritmo White-Box Amp Modeling &amp; Pre-EFX que ofrece una sensaci\u00f3n realista de toque y una respuesta de caos anal\u00f3gico, 512 muestras de resoluci\u00f3n IR y ranura de Usuario con cada parche (12 ranuras de Colecci\u00f3n IR adicionales), modelos de amplificadores de guitarra el\u00e9ctrica, modelos de amplificadores de bajo e IR de simulaci\u00f3n ac\u00fastica con modelos de amplificadores ac\u00fasticos relacionados, ajuste de entrada en el men\u00fa de sistema, 5 modos de salida con ecualizador global de 3 bandas para un ajuste r\u00e1pido del tono (adem\u00e1s de Studio Direct, otros desactivar\u00e1 la se\u00f1al IR de manera predeterminada), funci\u00f3n Follow que puede rastrear tus h\u00e1bitos de ajuste de efectos, interfaz de grabaci\u00f3n USB, actualizaci\u00f3n de firmware, software de edici\u00f3n QuickTone, NG, CMP, EFX, AMP, IR, EQ, MOD, DLY, RVB, P.L | 10 bloques de se\u00f1ales m\u00f3viles independientes, LCD a todo color de 2.8 (320 x 240) con interfaz de usuario intuitiva.","breadcrumb":{"@id":"https:\/\/www.mexicanguitarplayers.com\/tienda\/sin categor\u00eda\/procesador-nux-p-guitarra-mod-mg-400\/#breadcrumb"},"inLanguage":"en-US","potentialAction":[{"@type":"ReadAction","target":["https:\/\/www.mexicanguitarplayers.com\/tienda\/sin categor\u00eda\/procesador-nux-p-guitarra-mod-mg-400\/"]}]},{"@type":"ImageObject","inLanguage":"en-US","@id":"https:\/\/www.mexicanguitarplayers.com\/tienda\/sin categor\u00eda\/procesador-nux-p-guitarra-mod-mg-400\/#primaryimage","url":"https:\/\/www.mexicanguitarplayers.com\/wp-content\/uploads\/2025\/04\/IANUXMG400.jpg","contentUrl":"https:\/\/www.mexicanguitarplayers.com\/wp-content\/uploads\/2025\/04\/IANUXMG400.jpg","width":1200,"height":1200},{"@type":"BreadcrumbList","@id":"https:\/\/www.mexicanguitarplayers.com\/tienda\/sin categor\u00eda\/procesador-nux-p-guitarra-mod-mg-400\/#breadcrumb","itemListElement":[{"@type":"ListItem","position":1,"name":"Portada","item":"https:\/\/www.mexicanguitarplayers.com\/"},{"@type":"ListItem","position":2,"name":"Tienda","item":"https:\/\/www.mexicanguitarplayers.com\/tienda\/"},{"@type":"ListItem","position":3,"name":"PROCESADOR NUX P\/GUITARRA MOD. MG-400"}]},{"@type":"WebSite","@id":"https:\/\/www.mexicanguitarplayers.com\/#website","url":"https:\/\/www.mexicanguitarplayers.com\/","name":"Mexican Guitar Players","description":"Website","publisher":{"@id":"https:\/\/www.mexicanguitarplayers.com\/#organization"},"potentialAction":[{"@type":"SearchAction","target":{"@type":"EntryPoint","urlTemplate":"https:\/\/www.mexicanguitarplayers.com\/?s={search_term_string}"},"query-input":{"@type":"PropertyValueSpecification","valueRequired":true,"valueName":"search_term_string"}}],"inLanguage":"en-US"},{"@type":"Organization","@id":"https:\/\/www.mexicanguitarplayers.com\/#organization","name":"Mexican Guitar Players","url":"https:\/\/www.mexicanguitarplayers.com\/","logo":{"@type":"ImageObject","inLanguage":"en-US","@id":"https:\/\/www.mexicanguitarplayers.com\/#\/schema\/logo\/image\/","url":"","contentUrl":"","caption":"Mexican Guitar Players"},"image":{"@id":"https:\/\/www.mexicanguitarplayers.com\/#\/schema\/logo\/image\/"}}]}},"brands":[{"id":177,"name":"NUX","slug":"nux"}],"_links":{"self":[{"href":"https:\/\/www.mexicanguitarplayers.com\/en\/wp-json\/wp\/v2\/product\/40631","targetHints":{"allow":["GET"]}}],"collection":[{"href":"https:\/\/www.mexicanguitarplayers.com\/en\/wp-json\/wp\/v2\/product"}],"about":[{"href":"https:\/\/www.mexicanguitarplayers.com\/en\/wp-json\/wp\/v2\/types\/product"}],"replies":[{"embeddable":true,"href":"https:\/\/www.mexicanguitarplayers.com\/en\/wp-json\/wp\/v2\/comments?post=40631"}],"wp:featuredmedia":[{"embeddable":true,"href":"https:\/\/www.mexicanguitarplayers.com\/en\/wp-json\/wp\/v2\/media\/40623"}],"wp:attachment":[{"href":"https:\/\/www.mexicanguitarplayers.com\/en\/wp-json\/wp\/v2\/media?parent=40631"}],"wp:term":[{"taxonomy":"pwb-brand","embeddable":true,"href":"https:\/\/www.mexicanguitarplayers.com\/en\/wp-json\/wp\/v2\/pwb-brand?post=40631"},{"taxonomy":"product_brand","embeddable":true,"href":"https:\/\/www.mexicanguitarplayers.com\/en\/wp-json\/wp\/v2\/product_brand?post=40631"},{"taxonomy":"product_cat","embeddable":true,"href":"https:\/\/www.mexicanguitarplayers.com\/en\/wp-json\/wp\/v2\/product_cat?post=40631"},{"taxonomy":"product_tag","embeddable":true,"href":"https:\/\/www.mexicanguitarplayers.com\/en\/wp-json\/wp\/v2\/product_tag?post=40631"}],"curies":[{"name":"wp","href":"https:\/\/api.w.org\/{rel}","templated":true}]}}