{"id":40645,"date":"2025-04-09T07:11:59","date_gmt":"2025-04-09T13:11:59","guid":{"rendered":"https:\/\/www.mexicanguitarplayers.com\/tienda\/sin categor\u00eda\/bafle-behringer-c-poder-mod-b212d\/"},"modified":"2026-04-10T04:19:36","modified_gmt":"2026-04-10T10:19:36","slug":"bafle-behringer-c-poder-mod-b212d","status":"publish","type":"product","link":"https:\/\/www.mexicanguitarplayers.com\/en\/tienda\/audio\/bafles-y-bocinas\/bafles\/bafles-activos\/bafle-behringer-c-poder-mod-b212d\/","title":{"rendered":"BAFLE BEHRINGER C\/PODER MOD. B212D"},"content":{"rendered":"<div style=\"text-align: justify\">\n<div>\n<h3>Poder y fidelidad a bajo precio.<\/h3>\n<\/div>\n<div>El bafle activo EUROLIVE B212D es exactamente lo que esperas de Behringer, m\u00e1s potencia y funciones y totalmente m\u00e1s accesible. Nuestros ingenieros se han superado a s\u00ed mismos, creando una soluci\u00f3n aut\u00f3noma de PA que fusiona la tecnolog\u00eda de amplificador de potencia Clase D de 550 watts, una secci\u00f3n de entrada Mic\/Line de ruido ultra bajo con control de volumen, DSP integrado y una portabilidad excepcional. Entonces cargamos el B212D con un woofer de 12&#8243; pulgadas de larga excursi\u00f3n para obtener graves incre\u00edblemente profundos y un driver de compresi\u00f3n de diafragma de aluminio de \u00faltima generaci\u00f3n para una reproducci\u00f3n excepcional de alta frecuencia. El altavoz activo profesional B212D est\u00e1 destinado a convertirse en una leyenda por derecho propio, junto con otros modelos EUROLIVE que han hecho de Behringer el l\u00edder mundial en altavoces. Clase D: Potencia masiva y sonido perfecto. Gracias a nuestro revolucionario amplificador con tecnolog\u00eda Clase D, podemos ofrecerte una enorme potencia y un incre\u00edble rendimiento sonoro en un paquete f\u00e1cil de usar, ultra port\u00e1til y ligero. La amplificaci\u00f3n Clase D hace toda la diferencia, ofreciendo lo \u00faltimo en eficiencia energ\u00e9tica y eliminando la necesidad de pesadas fuentes de alimentaci\u00f3n y disipadores masivos de calor. Esta incre\u00edble tecnolog\u00eda hace posible dise\u00f1ar y construir productos extremadamente potentes, significativamente m\u00e1s ligeros en peso que sus contrapartes tradicionales, mientras que usa menos energ\u00eda protegiendo as\u00ed al ambiente.<\/div>\n<div>\n<h4>Quick look<\/h4>\n<\/div>\n<ul style=\"margin: 0px 0px 0px 25px\">\n<li style=\"list-style-type: circle;margin: 5px\">Potencia de salida del amplificador.<\/li>\n<li style=\"list-style-type: circle;margin: 5px\">Speaker.<\/li>\n<li style=\"list-style-type: circle;margin: 5px\">Audio inputs.<\/li>\n<li style=\"list-style-type: circle;margin: 5px\">Datos del sistema.<\/li>\n<li style=\"list-style-type: circle;margin: 5px\">Equalizer<\/li>\n<li style=\"list-style-type: circle;margin: 5px\">Power supply.<\/li>\n<li style=\"list-style-type: circle;margin: 5px\">Dimensions.<\/li>\n<li style=\"list-style-type: circle;margin: 5px\">Weight.<\/li>\n<\/ul>\n<div>\n<div style=\"font-weight: bold\">Potencia de salida del amplificador.<\/div>\n<div>\n<p>Rango de baja frecuencia.RMS: 280 watts a 8 ohms.Pico: 450 watts a 8 ohms.Rango de alta frecuencia.RMS: 65 watts a 8 ohms.Pico: 100 watts a 8 ohms.<\/p>\n<\/div>\n<div style=\"font-weight: bold\">Speaker.<\/div>\n<div>\n<p>Dimensiones: 12&#8243; pulgadas.<\/p>\n<\/div>\n<div style=\"font-weight: bold\">Audio inputs.<\/div>\n<div>\n<p>XLR (Servo balanceado).Sensibilidad: -40 dBu a +4 dBu.Impedancia de entrada: 20 kohms.TRS 1\/4&#8243; (servo-balanceado).Sensibilidad: -40 dBu a +4 dBu.Impedancia de entrada: 20 kohms.Control de nivel.Entrada trim: Infinito a +30 dB.Nivel m\u00e1ximo de salida: +22 dBu.Link.Conector: XLR.<\/p>\n<\/div>\n<div style=\"font-weight: bold\">Datos del sistema.<\/div>\n<div>\n<p>Respuesta de frecuencia: 65 Hz &#8211; 20 kHz.Frecuencia de crossover: 2.4 kHz.Nivel m\u00e1ximo de presi\u00f3n sonora: 125 dB.Limitador: \u00d3ptico.Ecualizador din\u00e1mico: Controlado por procesador.<\/p>\n<\/div>\n<div style=\"font-weight: bold\">Equalizer<\/div>\n<div>\n<p>HIGH: 12 kHz \/ \u00b115 dB.LOW: 80 Hz \/ \u00b115 dB.<\/p>\n<\/div>\n<div style=\"font-weight: bold\">Power supply.<\/div>\n<div>\n<p>120V~, 60 Hz.Consumo de energ\u00eda: 300 watts m\u00e1ximo.Conexi\u00f3n de red: Recept\u00e1culo IEC est\u00e1ndar.<\/p>\n<\/div>\n<div style=\"font-weight: bold\">Dimensions.<\/div>\n<div>\n<p>550 x 345 x 270 mm.<\/p>\n<\/div>\n<div style=\"font-weight: bold\">Weight.<\/div>\n<div>\n<p>14.5 kg.<\/p>\n<\/div>\n<\/div>\n<\/div>","protected":false},"excerpt":{"rendered":"<p>Bafle activo de 2 v\u00edas de la serie Eurolive, potencia de 550 watts, woofer de 12\u201d pulgadas, ideal para refuerzo sonoro, aplicaciones en vivo y reproducci\u00f3n, sistema ultra compacto y ligero, excelente sonido incluso a niveles extremos de presi\u00f3n ac\u00fastica, tecnolog\u00eda de amplificador Clase D que ofrece gran potencia, funcionamiento s\u00f3nico incre\u00edble y peso s\u00faper ligero, fuente de alimentaci\u00f3n conmutada interna para audio sin ruidos, respuesta transitoria superior y muy bajo consumo de energ\u00eda, procesador de sonido integrado para el control definitivo del sistema y la protecci\u00f3n del altavoz, graves incre\u00edblemente profundos, driver de compresi\u00f3n de diafragma de aluminio de 1.35\u201d pulgadas de \u00faltima generaci\u00f3n que ofrece una reproducci\u00f3n excepcional de alta frecuencia, dispersi\u00f3n ultra amplia, trompeta exponencial\/c\u00f3nica de gran formato, entrada Mic\/Line de ruido ultra bajo con control de volumen y LED de clip, ecualizador dedicado de 2 bandas para un perfecto ajuste del sonido, salida de l\u00ednea adicional que permite la conexi\u00f3n de sistemas de altavoces adicionales, dise\u00f1o de gabinete trapezoidal que permite diferentes posiciones: montaje en soporte con polo de 35 mm o inclinado en el costado para ser usado como monitor de piso, mango ergon\u00f3mico para un f\u00e1cil transporte y configuraci\u00f3n dimensiones: 550 x 345 x 270 mm, peso: 14.5 kg.&hellip; <a class=\"kt-excerpt-readmore more-link\" href=\"https:\/\/www.mexicanguitarplayers.com\/en\/tienda\/audio\/bafles-y-bocinas\/bafles\/bafles-activos\/bafle-behringer-c-poder-mod-b212d\/\">Read more<\/a><\/p>","protected":false},"featured_media":40641,"comment_status":"open","ping_status":"closed","template":"","meta":{"kt_blocks_editor_width":""},"pwb-brand":[171],"product_brand":[],"product_cat":[213,222,472,221],"product_tag":[],"class_list":{"0":"post-40645","1":"product","2":"type-product","3":"status-publish","4":"has-post-thumbnail","6":"pwb-brand-behringer","7":"product_cat-audio","8":"product_cat-bafles","9":"product_cat-bafles-activos","10":"product_cat-bafles-y-bocinas","11":"product_shipping_class-15-20-kg","13":"first","14":"outofstock","15":"taxable","16":"shipping-taxable","17":"purchasable","18":"product-type-simple"},"yoast_head":"<!-- This site is optimized with the Yoast SEO plugin v27.5 - https:\/\/yoast.com\/product\/yoast-seo-wordpress\/ -->\n<title>BAFLE BEHRINGER C\/PODER MOD. B212D - Mexican Guitar Players<\/title>\n<meta name=\"description\" content=\"Bafle activo de 2 v\u00edas de la serie Eurolive, potencia de 550 watts, woofer de 12\u201d pulgadas, ideal para refuerzo sonoro, aplicaciones en vivo y reproducci\u00f3n, sistema ultra compacto y ligero, excelente sonido incluso a niveles extremos de presi\u00f3n ac\u00fastica, tecnolog\u00eda de amplificador Clase D que ofrece gran potencia, funcionamiento s\u00f3nico incre\u00edble y peso s\u00faper ligero, fuente de alimentaci\u00f3n conmutada interna para audio sin ruidos, respuesta transitoria superior y muy bajo consumo de energ\u00eda, procesador de sonido integrado para el control definitivo del sistema y la protecci\u00f3n del altavoz, graves incre\u00edblemente profundos, driver de compresi\u00f3n de diafragma de aluminio de 1.35\u201d pulgadas de \u00faltima generaci\u00f3n que ofrece una reproducci\u00f3n excepcional de alta frecuencia, dispersi\u00f3n ultra amplia, trompeta exponencial\/c\u00f3nica de gran formato, entrada Mic\/Line de ruido ultra bajo con control de volumen y LED de clip, ecualizador dedicado de 2 bandas para un perfecto ajuste del sonido, salida de l\u00ednea adicional que permite la conexi\u00f3n de sistemas de altavoces adicionales, dise\u00f1o de gabinete trapezoidal que permite diferentes posiciones: montaje en soporte con polo de 35 mm o inclinado en el costado para ser usado como monitor de piso, mango ergon\u00f3mico para un f\u00e1cil transporte y configuraci\u00f3n dimensiones: 550 x 345 x 270 mm, peso: 14.5 kg.\" \/>\n<meta name=\"robots\" content=\"index, follow, max-snippet:-1, max-image-preview:large, max-video-preview:-1\" \/>\n<link rel=\"canonical\" href=\"https:\/\/www.mexicanguitarplayers.com\/en\/tienda\/sin%20categor\u00eda\/bafle-behringer-c-poder-mod-b212d\/\" \/>\n<meta property=\"og:locale\" content=\"en_US\" \/>\n<meta property=\"og:type\" content=\"article\" \/>\n<meta property=\"og:title\" content=\"BAFLE BEHRINGER C\/PODER MOD. B212D - Mexican Guitar Players\" \/>\n<meta property=\"og:description\" content=\"Bafle activo de 2 v\u00edas de la serie Eurolive, potencia de 550 watts, woofer de 12\u201d pulgadas, ideal para refuerzo sonoro, aplicaciones en vivo y reproducci\u00f3n, sistema ultra compacto y ligero, excelente sonido incluso a niveles extremos de presi\u00f3n ac\u00fastica, tecnolog\u00eda de amplificador Clase D que ofrece gran potencia, funcionamiento s\u00f3nico incre\u00edble y peso s\u00faper ligero, fuente de alimentaci\u00f3n conmutada interna para audio sin ruidos, respuesta transitoria superior y muy bajo consumo de energ\u00eda, procesador de sonido integrado para el control definitivo del sistema y la protecci\u00f3n del altavoz, graves incre\u00edblemente profundos, driver de compresi\u00f3n de diafragma de aluminio de 1.35\u201d pulgadas de \u00faltima generaci\u00f3n que ofrece una reproducci\u00f3n excepcional de alta frecuencia, dispersi\u00f3n ultra amplia, trompeta exponencial\/c\u00f3nica de gran formato, entrada Mic\/Line de ruido ultra bajo con control de volumen y LED de clip, ecualizador dedicado de 2 bandas para un perfecto ajuste del sonido, salida de l\u00ednea adicional que permite la conexi\u00f3n de sistemas de altavoces adicionales, dise\u00f1o de gabinete trapezoidal que permite diferentes posiciones: montaje en soporte con polo de 35 mm o inclinado en el costado para ser usado como monitor de piso, mango ergon\u00f3mico para un f\u00e1cil transporte y configuraci\u00f3n dimensiones: 550 x 345 x 270 mm, peso: 14.5 kg.\" \/>\n<meta property=\"og:url\" content=\"https:\/\/www.mexicanguitarplayers.com\/en\/tienda\/sin categor\u00eda\/bafle-behringer-c-poder-mod-b212d\/\" \/>\n<meta property=\"og:site_name\" content=\"Mexican Guitar Players\" \/>\n<meta property=\"article:modified_time\" content=\"2026-04-10T10:19:36+00:00\" \/>\n<meta name=\"twitter:card\" content=\"summary_large_image\" \/>\n<meta name=\"twitter:label1\" content=\"Est. reading time\" \/>\n\t<meta name=\"twitter:data1\" content=\"2 minutes\" \/>\n<script type=\"application\/ld+json\" class=\"yoast-schema-graph\">{\"@context\":\"https:\\\/\\\/schema.org\",\"@graph\":[{\"@type\":[\"WebPage\",\"ItemPage\"],\"@id\":\"https:\\\/\\\/www.mexicanguitarplayers.com\\\/tienda\\\/sin categor\u00eda\\\/bafle-behringer-c-poder-mod-b212d\\\/\",\"url\":\"https:\\\/\\\/www.mexicanguitarplayers.com\\\/tienda\\\/sin categor\u00eda\\\/bafle-behringer-c-poder-mod-b212d\\\/\",\"name\":\"BAFLE BEHRINGER C\\\/PODER MOD. B212D - Mexican Guitar Players\",\"isPartOf\":{\"@id\":\"https:\\\/\\\/www.mexicanguitarplayers.com\\\/#website\"},\"primaryImageOfPage\":{\"@id\":\"https:\\\/\\\/www.mexicanguitarplayers.com\\\/tienda\\\/sin categor\u00eda\\\/bafle-behringer-c-poder-mod-b212d\\\/#primaryimage\"},\"image\":{\"@id\":\"https:\\\/\\\/www.mexicanguitarplayers.com\\\/tienda\\\/sin categor\u00eda\\\/bafle-behringer-c-poder-mod-b212d\\\/#primaryimage\"},\"thumbnailUrl\":\"https:\\\/\\\/www.mexicanguitarplayers.com\\\/wp-content\\\/uploads\\\/2025\\\/04\\\/IABEHB212D.jpg\",\"datePublished\":\"2025-04-09T13:11:59+00:00\",\"dateModified\":\"2026-04-10T10:19:36+00:00\",\"description\":\"Bafle activo de 2 v\u00edas de la serie Eurolive, potencia de 550 watts, woofer de 12\u201d pulgadas, ideal para refuerzo sonoro, aplicaciones en vivo y reproducci\u00f3n, sistema ultra compacto y ligero, excelente sonido incluso a niveles extremos de presi\u00f3n ac\u00fastica, tecnolog\u00eda de amplificador Clase D que ofrece gran potencia, funcionamiento s\u00f3nico incre\u00edble y peso s\u00faper ligero, fuente de alimentaci\u00f3n conmutada interna para audio sin ruidos, respuesta transitoria superior y muy bajo consumo de energ\u00eda, procesador de sonido integrado para el control definitivo del sistema y la protecci\u00f3n del altavoz, graves incre\u00edblemente profundos, driver de compresi\u00f3n de diafragma de aluminio de 1.35\u201d pulgadas de \u00faltima generaci\u00f3n que ofrece una reproducci\u00f3n excepcional de alta frecuencia, dispersi\u00f3n ultra amplia, trompeta exponencial\\\/c\u00f3nica de gran formato, entrada Mic\\\/Line de ruido ultra bajo con control de volumen y LED de clip, ecualizador dedicado de 2 bandas para un perfecto ajuste del sonido, salida de l\u00ednea adicional que permite la conexi\u00f3n de sistemas de altavoces adicionales, dise\u00f1o de gabinete trapezoidal que permite diferentes posiciones: montaje en soporte con polo de 35 mm o inclinado en el costado para ser usado como monitor de piso, mango ergon\u00f3mico para un f\u00e1cil transporte y configuraci\u00f3n dimensiones: 550 x 345 x 270 mm, peso: 14.5 kg.\",\"breadcrumb\":{\"@id\":\"https:\\\/\\\/www.mexicanguitarplayers.com\\\/tienda\\\/sin categor\u00eda\\\/bafle-behringer-c-poder-mod-b212d\\\/#breadcrumb\"},\"inLanguage\":\"en-US\",\"potentialAction\":[{\"@type\":\"ReadAction\",\"target\":[\"https:\\\/\\\/www.mexicanguitarplayers.com\\\/tienda\\\/sin categor\u00eda\\\/bafle-behringer-c-poder-mod-b212d\\\/\"]}]},{\"@type\":\"ImageObject\",\"inLanguage\":\"en-US\",\"@id\":\"https:\\\/\\\/www.mexicanguitarplayers.com\\\/tienda\\\/sin categor\u00eda\\\/bafle-behringer-c-poder-mod-b212d\\\/#primaryimage\",\"url\":\"https:\\\/\\\/www.mexicanguitarplayers.com\\\/wp-content\\\/uploads\\\/2025\\\/04\\\/IABEHB212D.jpg\",\"contentUrl\":\"https:\\\/\\\/www.mexicanguitarplayers.com\\\/wp-content\\\/uploads\\\/2025\\\/04\\\/IABEHB212D.jpg\",\"width\":1200,\"height\":1200},{\"@type\":\"BreadcrumbList\",\"@id\":\"https:\\\/\\\/www.mexicanguitarplayers.com\\\/tienda\\\/sin categor\u00eda\\\/bafle-behringer-c-poder-mod-b212d\\\/#breadcrumb\",\"itemListElement\":[{\"@type\":\"ListItem\",\"position\":1,\"name\":\"Portada\",\"item\":\"https:\\\/\\\/www.mexicanguitarplayers.com\\\/\"},{\"@type\":\"ListItem\",\"position\":2,\"name\":\"Tienda\",\"item\":\"https:\\\/\\\/www.mexicanguitarplayers.com\\\/tienda\\\/\"},{\"@type\":\"ListItem\",\"position\":3,\"name\":\"BAFLE BEHRINGER C\\\/PODER MOD. B212D\"}]},{\"@type\":\"WebSite\",\"@id\":\"https:\\\/\\\/www.mexicanguitarplayers.com\\\/#website\",\"url\":\"https:\\\/\\\/www.mexicanguitarplayers.com\\\/\",\"name\":\"Mexican Guitar Players\",\"description\":\"Website\",\"publisher\":{\"@id\":\"https:\\\/\\\/www.mexicanguitarplayers.com\\\/#organization\"},\"potentialAction\":[{\"@type\":\"SearchAction\",\"target\":{\"@type\":\"EntryPoint\",\"urlTemplate\":\"https:\\\/\\\/www.mexicanguitarplayers.com\\\/?s={search_term_string}\"},\"query-input\":{\"@type\":\"PropertyValueSpecification\",\"valueRequired\":true,\"valueName\":\"search_term_string\"}}],\"inLanguage\":\"en-US\"},{\"@type\":\"Organization\",\"@id\":\"https:\\\/\\\/www.mexicanguitarplayers.com\\\/#organization\",\"name\":\"Mexican Guitar Players\",\"url\":\"https:\\\/\\\/www.mexicanguitarplayers.com\\\/\",\"logo\":{\"@type\":\"ImageObject\",\"inLanguage\":\"en-US\",\"@id\":\"https:\\\/\\\/www.mexicanguitarplayers.com\\\/#\\\/schema\\\/logo\\\/image\\\/\",\"url\":\"\",\"contentUrl\":\"\",\"caption\":\"Mexican Guitar Players\"},\"image\":{\"@id\":\"https:\\\/\\\/www.mexicanguitarplayers.com\\\/#\\\/schema\\\/logo\\\/image\\\/\"}}]}<\/script>\n<!-- \/ Yoast SEO plugin. -->","yoast_head_json":{"title":"BAFLE BEHRINGER C\/PODER MOD. B212D - Mexican Guitar Players","description":"Bafle activo de 2 v\u00edas de la serie Eurolive, potencia de 550 watts, woofer de 12\u201d pulgadas, ideal para refuerzo sonoro, aplicaciones en vivo y reproducci\u00f3n, sistema ultra compacto y ligero, excelente sonido incluso a niveles extremos de presi\u00f3n ac\u00fastica, tecnolog\u00eda de amplificador Clase D que ofrece gran potencia, funcionamiento s\u00f3nico incre\u00edble y peso s\u00faper ligero, fuente de alimentaci\u00f3n conmutada interna para audio sin ruidos, respuesta transitoria superior y muy bajo consumo de energ\u00eda, procesador de sonido integrado para el control definitivo del sistema y la protecci\u00f3n del altavoz, graves incre\u00edblemente profundos, driver de compresi\u00f3n de diafragma de aluminio de 1.35\u201d pulgadas de \u00faltima generaci\u00f3n que ofrece una reproducci\u00f3n excepcional de alta frecuencia, dispersi\u00f3n ultra amplia, trompeta exponencial\/c\u00f3nica de gran formato, entrada Mic\/Line de ruido ultra bajo con control de volumen y LED de clip, ecualizador dedicado de 2 bandas para un perfecto ajuste del sonido, salida de l\u00ednea adicional que permite la conexi\u00f3n de sistemas de altavoces adicionales, dise\u00f1o de gabinete trapezoidal que permite diferentes posiciones: montaje en soporte con polo de 35 mm o inclinado en el costado para ser usado como monitor de piso, mango ergon\u00f3mico para un f\u00e1cil transporte y configuraci\u00f3n dimensiones: 550 x 345 x 270 mm, peso: 14.5 kg.","robots":{"index":"index","follow":"follow","max-snippet":"max-snippet:-1","max-image-preview":"max-image-preview:large","max-video-preview":"max-video-preview:-1"},"canonical":"https:\/\/www.mexicanguitarplayers.com\/en\/tienda\/sin categor\u00eda\/bafle-behringer-c-poder-mod-b212d\/","og_locale":"en_US","og_type":"article","og_title":"BAFLE BEHRINGER C\/PODER MOD. B212D - Mexican Guitar Players","og_description":"Bafle activo de 2 v\u00edas de la serie Eurolive, potencia de 550 watts, woofer de 12\u201d pulgadas, ideal para refuerzo sonoro, aplicaciones en vivo y reproducci\u00f3n, sistema ultra compacto y ligero, excelente sonido incluso a niveles extremos de presi\u00f3n ac\u00fastica, tecnolog\u00eda de amplificador Clase D que ofrece gran potencia, funcionamiento s\u00f3nico incre\u00edble y peso s\u00faper ligero, fuente de alimentaci\u00f3n conmutada interna para audio sin ruidos, respuesta transitoria superior y muy bajo consumo de energ\u00eda, procesador de sonido integrado para el control definitivo del sistema y la protecci\u00f3n del altavoz, graves incre\u00edblemente profundos, driver de compresi\u00f3n de diafragma de aluminio de 1.35\u201d pulgadas de \u00faltima generaci\u00f3n que ofrece una reproducci\u00f3n excepcional de alta frecuencia, dispersi\u00f3n ultra amplia, trompeta exponencial\/c\u00f3nica de gran formato, entrada Mic\/Line de ruido ultra bajo con control de volumen y LED de clip, ecualizador dedicado de 2 bandas para un perfecto ajuste del sonido, salida de l\u00ednea adicional que permite la conexi\u00f3n de sistemas de altavoces adicionales, dise\u00f1o de gabinete trapezoidal que permite diferentes posiciones: montaje en soporte con polo de 35 mm o inclinado en el costado para ser usado como monitor de piso, mango ergon\u00f3mico para un f\u00e1cil transporte y configuraci\u00f3n dimensiones: 550 x 345 x 270 mm, peso: 14.5 kg.","og_url":"https:\/\/www.mexicanguitarplayers.com\/en\/tienda\/sin categor\u00eda\/bafle-behringer-c-poder-mod-b212d\/","og_site_name":"Mexican Guitar Players","article_modified_time":"2026-04-10T10:19:36+00:00","twitter_card":"summary_large_image","twitter_misc":{"Est. reading time":"2 minutes"},"schema":{"@context":"https:\/\/schema.org","@graph":[{"@type":["WebPage","ItemPage"],"@id":"https:\/\/www.mexicanguitarplayers.com\/tienda\/sin categor\u00eda\/bafle-behringer-c-poder-mod-b212d\/","url":"https:\/\/www.mexicanguitarplayers.com\/tienda\/sin categor\u00eda\/bafle-behringer-c-poder-mod-b212d\/","name":"BAFLE BEHRINGER C\/PODER MOD. B212D - Mexican Guitar Players","isPartOf":{"@id":"https:\/\/www.mexicanguitarplayers.com\/#website"},"primaryImageOfPage":{"@id":"https:\/\/www.mexicanguitarplayers.com\/tienda\/sin categor\u00eda\/bafle-behringer-c-poder-mod-b212d\/#primaryimage"},"image":{"@id":"https:\/\/www.mexicanguitarplayers.com\/tienda\/sin categor\u00eda\/bafle-behringer-c-poder-mod-b212d\/#primaryimage"},"thumbnailUrl":"https:\/\/www.mexicanguitarplayers.com\/wp-content\/uploads\/2025\/04\/IABEHB212D.jpg","datePublished":"2025-04-09T13:11:59+00:00","dateModified":"2026-04-10T10:19:36+00:00","description":"Bafle activo de 2 v\u00edas de la serie Eurolive, potencia de 550 watts, woofer de 12\u201d pulgadas, ideal para refuerzo sonoro, aplicaciones en vivo y reproducci\u00f3n, sistema ultra compacto y ligero, excelente sonido incluso a niveles extremos de presi\u00f3n ac\u00fastica, tecnolog\u00eda de amplificador Clase D que ofrece gran potencia, funcionamiento s\u00f3nico incre\u00edble y peso s\u00faper ligero, fuente de alimentaci\u00f3n conmutada interna para audio sin ruidos, respuesta transitoria superior y muy bajo consumo de energ\u00eda, procesador de sonido integrado para el control definitivo del sistema y la protecci\u00f3n del altavoz, graves incre\u00edblemente profundos, driver de compresi\u00f3n de diafragma de aluminio de 1.35\u201d pulgadas de \u00faltima generaci\u00f3n que ofrece una reproducci\u00f3n excepcional de alta frecuencia, dispersi\u00f3n ultra amplia, trompeta exponencial\/c\u00f3nica de gran formato, entrada Mic\/Line de ruido ultra bajo con control de volumen y LED de clip, ecualizador dedicado de 2 bandas para un perfecto ajuste del sonido, salida de l\u00ednea adicional que permite la conexi\u00f3n de sistemas de altavoces adicionales, dise\u00f1o de gabinete trapezoidal que permite diferentes posiciones: montaje en soporte con polo de 35 mm o inclinado en el costado para ser usado como monitor de piso, mango ergon\u00f3mico para un f\u00e1cil transporte y configuraci\u00f3n dimensiones: 550 x 345 x 270 mm, peso: 14.5 kg.","breadcrumb":{"@id":"https:\/\/www.mexicanguitarplayers.com\/tienda\/sin categor\u00eda\/bafle-behringer-c-poder-mod-b212d\/#breadcrumb"},"inLanguage":"en-US","potentialAction":[{"@type":"ReadAction","target":["https:\/\/www.mexicanguitarplayers.com\/tienda\/sin categor\u00eda\/bafle-behringer-c-poder-mod-b212d\/"]}]},{"@type":"ImageObject","inLanguage":"en-US","@id":"https:\/\/www.mexicanguitarplayers.com\/tienda\/sin categor\u00eda\/bafle-behringer-c-poder-mod-b212d\/#primaryimage","url":"https:\/\/www.mexicanguitarplayers.com\/wp-content\/uploads\/2025\/04\/IABEHB212D.jpg","contentUrl":"https:\/\/www.mexicanguitarplayers.com\/wp-content\/uploads\/2025\/04\/IABEHB212D.jpg","width":1200,"height":1200},{"@type":"BreadcrumbList","@id":"https:\/\/www.mexicanguitarplayers.com\/tienda\/sin categor\u00eda\/bafle-behringer-c-poder-mod-b212d\/#breadcrumb","itemListElement":[{"@type":"ListItem","position":1,"name":"Portada","item":"https:\/\/www.mexicanguitarplayers.com\/"},{"@type":"ListItem","position":2,"name":"Tienda","item":"https:\/\/www.mexicanguitarplayers.com\/tienda\/"},{"@type":"ListItem","position":3,"name":"BAFLE BEHRINGER C\/PODER MOD. B212D"}]},{"@type":"WebSite","@id":"https:\/\/www.mexicanguitarplayers.com\/#website","url":"https:\/\/www.mexicanguitarplayers.com\/","name":"Mexican Guitar Players","description":"Website","publisher":{"@id":"https:\/\/www.mexicanguitarplayers.com\/#organization"},"potentialAction":[{"@type":"SearchAction","target":{"@type":"EntryPoint","urlTemplate":"https:\/\/www.mexicanguitarplayers.com\/?s={search_term_string}"},"query-input":{"@type":"PropertyValueSpecification","valueRequired":true,"valueName":"search_term_string"}}],"inLanguage":"en-US"},{"@type":"Organization","@id":"https:\/\/www.mexicanguitarplayers.com\/#organization","name":"Mexican Guitar Players","url":"https:\/\/www.mexicanguitarplayers.com\/","logo":{"@type":"ImageObject","inLanguage":"en-US","@id":"https:\/\/www.mexicanguitarplayers.com\/#\/schema\/logo\/image\/","url":"","contentUrl":"","caption":"Mexican Guitar Players"},"image":{"@id":"https:\/\/www.mexicanguitarplayers.com\/#\/schema\/logo\/image\/"}}]}},"brands":[{"id":171,"name":"BEHRINGER","slug":"behringer"}],"_links":{"self":[{"href":"https:\/\/www.mexicanguitarplayers.com\/en\/wp-json\/wp\/v2\/product\/40645","targetHints":{"allow":["GET"]}}],"collection":[{"href":"https:\/\/www.mexicanguitarplayers.com\/en\/wp-json\/wp\/v2\/product"}],"about":[{"href":"https:\/\/www.mexicanguitarplayers.com\/en\/wp-json\/wp\/v2\/types\/product"}],"replies":[{"embeddable":true,"href":"https:\/\/www.mexicanguitarplayers.com\/en\/wp-json\/wp\/v2\/comments?post=40645"}],"wp:featuredmedia":[{"embeddable":true,"href":"https:\/\/www.mexicanguitarplayers.com\/en\/wp-json\/wp\/v2\/media\/40641"}],"wp:attachment":[{"href":"https:\/\/www.mexicanguitarplayers.com\/en\/wp-json\/wp\/v2\/media?parent=40645"}],"wp:term":[{"taxonomy":"pwb-brand","embeddable":true,"href":"https:\/\/www.mexicanguitarplayers.com\/en\/wp-json\/wp\/v2\/pwb-brand?post=40645"},{"taxonomy":"product_brand","embeddable":true,"href":"https:\/\/www.mexicanguitarplayers.com\/en\/wp-json\/wp\/v2\/product_brand?post=40645"},{"taxonomy":"product_cat","embeddable":true,"href":"https:\/\/www.mexicanguitarplayers.com\/en\/wp-json\/wp\/v2\/product_cat?post=40645"},{"taxonomy":"product_tag","embeddable":true,"href":"https:\/\/www.mexicanguitarplayers.com\/en\/wp-json\/wp\/v2\/product_tag?post=40645"}],"curies":[{"name":"wp","href":"https:\/\/api.w.org\/{rel}","templated":true}]}}